{"id":2456,"date":"2017-01-24T14:18:54","date_gmt":"2017-01-24T13:18:54","guid":{"rendered":"http:\/\/localhost:8888\/zen\/?page_id=2456"},"modified":"2024-05-03T15:25:31","modified_gmt":"2024-05-03T13:25:31","slug":"nos-partenaires","status":"publish","type":"page","link":"http:\/\/www.respirelavie.fr\/poitiers\/presse\/nos-partenaires\/","title":{"rendered":"Nos partenaires"},"content":{"rendered":"<h2><a href=\"http:\/\/www.respirelavie.fr\/poitiers\/presse\/nos-partenaires\/ab\/\" target=\"_blank\" rel=\"noopener\">AB<\/a><\/h2>\n<p style=\"text-align: justify;\">L&rsquo;Agence Bio est une plateforme nationale d&rsquo;information et d&rsquo;actions pour le d\u00e9veloppement de l&rsquo;agriculture biologique en France.<\/p>\n<h2 style=\"text-align: justify;\"><a href=\"http:\/\/www.respirelavie.fr\/poitiers\/presse\/nos-partenaires\/alterrenat-presse\/\" target=\"_blank\" rel=\"noopener\">ALTERRENAT PRESSE<\/a><\/h2>\n<p style=\"text-align: justify;\">Cr\u00e9\u00e9e en 1999 par des professionnels de la presse ind\u00e9pendante et alternative, Alterrenat Presse assure la diffusion, la r\u00e9gie publicitaire et la communication de nombreux supports\u2026<\/p>\n<h2 style=\"text-align: justify;\"><a href=\"http:\/\/www.respirelavie.fr\/poitiers\/presse\/nos-partenaires\/annuaire-vert\/\" target=\"_blank\" rel=\"noopener\">ANNUAIRE VERT<\/a><\/h2>\n<p style=\"text-align: justify;\">Annuaire destin\u00e9 aux professionnels et au grand public cr\u00e9\u00e9e pour vous informer et mettre en avant tous les acteurs du secteur et leurs produits.<\/p><div id=\"respi-2229463570\" class=\"respi-contenu respi-entity-placement\"><script async src=\"\/\/pagead2.googlesyndication.com\/pagead\/js\/adsbygoogle.js?client=ca-pub-7511070832818284\" crossorigin=\"anonymous\"><\/script><ins class=\"adsbygoogle\" style=\"display:block;\" data-ad-client=\"ca-pub-7511070832818284\" \ndata-ad-slot=\"4196289901\" \ndata-ad-format=\"auto\"><\/ins>\n<script> \n(adsbygoogle = window.adsbygoogle || []).push({}); \n<\/script>\n<\/div>\n<h2><a href=\"https:\/\/www.respirelavie.fr\/poitiers\/biocontact\/\" target=\"_blank\" rel=\"noopener\">BIOCONTACT<\/a><\/h2>\n<p>Mensuel gratuit distribu\u00e9 dans les magasins de produits biologiques.<\/p>\n<h2><a href=\"https:\/\/www.respirelavie.fr\/poitiers\/centre-presse\/\" target=\"_blank\" rel=\"noopener\">CENTRE PRESSE<\/a><\/h2>\n<p style=\"text-align: justify;\">Journal d&rsquo;informations locales de la Vienne<\/p>\n<h2><a href=\"https:\/\/www.respirelavie.fr\/poitiers\/cherie\/\" target=\"_blank\" rel=\"noopener noreferrer\">CH\u00c9RIE FM<\/a><\/h2>\n<p>Ch\u00e9rie FM, radio musicale priv\u00e9e fran\u00e7aise appartenant au groupe NRJ et destin\u00e9e au public adulte f\u00e9minin.<\/p>\n<h2><a href=\"https:\/\/www.respirelavie.fr\/poitiers\/nouvelle-republique\/\" target=\"_blank\" rel=\"noopener noreferrer\">LA NOUVELLE R\u00c9PUBLIQUE<\/a><\/h2>\n<p>L&rsquo;actualit\u00e9 en direct en r\u00e9gion Centre-Ouest.<\/p>\n<h2><a href=\"https:\/\/www.respirelavie.fr\/poitiers\/presse\/nos-partenaires\/le-blog-bio\/\" target=\"_blank\" rel=\"noopener noreferrer\">LE BLOG BIO<\/a><\/h2>\n<p>LeBlogBio.fr partage des astuces, des id\u00e9es, des trouvailles pour adopter (ou d\u00e9couvrir) une vie bio, saine, z\u00e9ro d\u00e9chet.<\/p>\n<h2><a href=\"https:\/\/www.respirelavie.fr\/poitiers\/?p=8714\" target=\"_blank\" rel=\"noopener\">MEDOUCINE<\/a><\/h2>\n<p>Medoucine souhaite permettre \u00e0 chacun d\u2019\u00eatre au meilleur de sa sant\u00e9 au naturel ! R\u00e9seau national de th\u00e9rapeutes de m\u00e9decines douces aux comp\u00e9tences et r\u00e9f\u00e9rences v\u00e9rifi\u00e9es.<\/p>\n<p>&nbsp;<\/p>\n","protected":false},"excerpt":{"rendered":"<p>AB L&rsquo;Agence Bio est une plateforme nationale d&rsquo;information et d&rsquo;actions pour le d\u00e9veloppement de l&rsquo;agriculture biologique en France. ALTERRENAT PRESSE Cr\u00e9\u00e9e en 1999 par des professionnels de la presse ind\u00e9pendante et alternative, Alterrenat Presse assure la diffusion, la r\u00e9gie publicitaire et la communication de nombreux supports\u2026 ANNUAIRE VERT Annuaire destin\u00e9 aux professionnels et au grand&hellip; <\/p>\n","protected":false},"author":1,"featured_media":0,"parent":2091,"menu_order":2,"comment_status":"closed","ping_status":"closed","template":"","meta":{"_monsterinsights_skip_tracking":false,"_monsterinsights_sitenote_active":false,"_monsterinsights_sitenote_note":"","_monsterinsights_sitenote_category":0,"footnotes":""},"class_list":["post-2456","page","type-page","status-publish","hentry"],"yoast_head":"<!-- This site is optimized with the Yoast SEO plugin v27.3 - https:\/\/yoast.com\/product\/yoast-seo-wordpress\/ -->\n<title>Nos partenaires - Salon RESPIRE LA VIE Poitiers<\/title>\n<meta name=\"robots\" content=\"index, follow, max-snippet:-1, max-image-preview:large, max-video-preview:-1\" \/>\n<link rel=\"canonical\" href=\"https:\/\/www.respirelavie.fr\/poitiers\/presse\/nos-partenaires\/\" \/>\n<meta property=\"og:locale\" content=\"fr_FR\" \/>\n<meta property=\"og:type\" content=\"article\" \/>\n<meta property=\"og:title\" content=\"Nos partenaires - Salon RESPIRE LA VIE Poitiers\" \/>\n<meta property=\"og:description\" content=\"AB L&rsquo;Agence Bio est une plateforme nationale d&rsquo;information et d&rsquo;actions pour le d\u00e9veloppement de l&rsquo;agriculture biologique en France. ALTERRENAT PRESSE Cr\u00e9\u00e9e en 1999 par des professionnels de la presse ind\u00e9pendante et alternative, Alterrenat Presse assure la diffusion, la r\u00e9gie publicitaire et la communication de nombreux supports\u2026 ANNUAIRE VERT Annuaire destin\u00e9 aux professionnels et au grand&hellip;\" \/>\n<meta property=\"og:url\" content=\"https:\/\/www.respirelavie.fr\/poitiers\/presse\/nos-partenaires\/\" \/>\n<meta property=\"og:site_name\" content=\"Salon RESPIRE LA VIE Poitiers\" \/>\n<meta property=\"article:modified_time\" content=\"2024-05-03T13:25:31+00:00\" \/>\n<meta name=\"twitter:card\" content=\"summary_large_image\" \/>\n<meta name=\"twitter:label1\" content=\"Dur\u00e9e de lecture estim\u00e9e\" \/>\n\t<meta name=\"twitter:data1\" content=\"1 minute\" \/>\n<script type=\"application\/ld+json\" class=\"yoast-schema-graph\">{\"@context\":\"https:\\\/\\\/schema.org\",\"@graph\":[{\"@type\":\"WebPage\",\"@id\":\"https:\\\/\\\/www.respirelavie.fr\\\/poitiers\\\/presse\\\/nos-partenaires\\\/\",\"url\":\"https:\\\/\\\/www.respirelavie.fr\\\/poitiers\\\/presse\\\/nos-partenaires\\\/\",\"name\":\"Nos partenaires - Salon RESPIRE LA VIE Poitiers\",\"isPartOf\":{\"@id\":\"http:\\\/\\\/www.respirelavie.fr\\\/poitiers\\\/#website\"},\"datePublished\":\"2017-01-24T13:18:54+00:00\",\"dateModified\":\"2024-05-03T13:25:31+00:00\",\"breadcrumb\":{\"@id\":\"https:\\\/\\\/www.respirelavie.fr\\\/poitiers\\\/presse\\\/nos-partenaires\\\/#breadcrumb\"},\"inLanguage\":\"fr-FR\",\"potentialAction\":[{\"@type\":\"ReadAction\",\"target\":[\"https:\\\/\\\/www.respirelavie.fr\\\/poitiers\\\/presse\\\/nos-partenaires\\\/\"]}]},{\"@type\":\"BreadcrumbList\",\"@id\":\"https:\\\/\\\/www.respirelavie.fr\\\/poitiers\\\/presse\\\/nos-partenaires\\\/#breadcrumb\",\"itemListElement\":[{\"@type\":\"ListItem\",\"position\":1,\"name\":\"Accueil\",\"item\":\"http:\\\/\\\/www.respirelavie.fr\\\/poitiers\\\/\"},{\"@type\":\"ListItem\",\"position\":2,\"name\":\"Presse \\\/ partenaires\",\"item\":\"https:\\\/\\\/www.respirelavie.fr\\\/poitiers\\\/presse\\\/\"},{\"@type\":\"ListItem\",\"position\":3,\"name\":\"Nos partenaires\"}]},{\"@type\":\"WebSite\",\"@id\":\"http:\\\/\\\/www.respirelavie.fr\\\/poitiers\\\/#website\",\"url\":\"http:\\\/\\\/www.respirelavie.fr\\\/poitiers\\\/\",\"name\":\"Salon RESPIRE LA VIE Poitiers\",\"description\":\"RESPIRE : votre salon bio, bien-\u00eatre et habitat sain \u00e0 Poitiers\",\"publisher\":{\"@id\":\"http:\\\/\\\/www.respirelavie.fr\\\/poitiers\\\/#organization\"},\"potentialAction\":[{\"@type\":\"SearchAction\",\"target\":{\"@type\":\"EntryPoint\",\"urlTemplate\":\"http:\\\/\\\/www.respirelavie.fr\\\/poitiers\\\/?s={search_term_string}\"},\"query-input\":{\"@type\":\"PropertyValueSpecification\",\"valueRequired\":true,\"valueName\":\"search_term_string\"}}],\"inLanguage\":\"fr-FR\"},{\"@type\":\"Organization\",\"@id\":\"http:\\\/\\\/www.respirelavie.fr\\\/poitiers\\\/#organization\",\"name\":\"Salon RESPIRE LA VIE Poitiers\",\"url\":\"http:\\\/\\\/www.respirelavie.fr\\\/poitiers\\\/\",\"logo\":{\"@type\":\"ImageObject\",\"inLanguage\":\"fr-FR\",\"@id\":\"http:\\\/\\\/www.respirelavie.fr\\\/poitiers\\\/#\\\/schema\\\/logo\\\/image\\\/\",\"url\":\"http:\\\/\\\/www.respirelavie.fr\\\/poitiers\\\/wp-content\\\/uploads\\\/sites\\\/3\\\/2024\\\/03\\\/Logo-RESPIRE-LA-VIE-poitiers.jpg\",\"contentUrl\":\"http:\\\/\\\/www.respirelavie.fr\\\/poitiers\\\/wp-content\\\/uploads\\\/sites\\\/3\\\/2024\\\/03\\\/Logo-RESPIRE-LA-VIE-poitiers.jpg\",\"width\":470,\"height\":262,\"caption\":\"Salon RESPIRE LA VIE Poitiers\"},\"image\":{\"@id\":\"http:\\\/\\\/www.respirelavie.fr\\\/poitiers\\\/#\\\/schema\\\/logo\\\/image\\\/\"}}]}<\/script>\n<!-- \/ Yoast SEO plugin. -->","yoast_head_json":{"title":"Nos partenaires - Salon RESPIRE LA VIE Poitiers","robots":{"index":"index","follow":"follow","max-snippet":"max-snippet:-1","max-image-preview":"max-image-preview:large","max-video-preview":"max-video-preview:-1"},"canonical":"https:\/\/www.respirelavie.fr\/poitiers\/presse\/nos-partenaires\/","og_locale":"fr_FR","og_type":"article","og_title":"Nos partenaires - Salon RESPIRE LA VIE Poitiers","og_description":"AB L&rsquo;Agence Bio est une plateforme nationale d&rsquo;information et d&rsquo;actions pour le d\u00e9veloppement de l&rsquo;agriculture biologique en France. ALTERRENAT PRESSE Cr\u00e9\u00e9e en 1999 par des professionnels de la presse ind\u00e9pendante et alternative, Alterrenat Presse assure la diffusion, la r\u00e9gie publicitaire et la communication de nombreux supports\u2026 ANNUAIRE VERT Annuaire destin\u00e9 aux professionnels et au grand&hellip;","og_url":"https:\/\/www.respirelavie.fr\/poitiers\/presse\/nos-partenaires\/","og_site_name":"Salon RESPIRE LA VIE Poitiers","article_modified_time":"2024-05-03T13:25:31+00:00","twitter_card":"summary_large_image","twitter_misc":{"Dur\u00e9e de lecture estim\u00e9e":"1 minute"},"schema":{"@context":"https:\/\/schema.org","@graph":[{"@type":"WebPage","@id":"https:\/\/www.respirelavie.fr\/poitiers\/presse\/nos-partenaires\/","url":"https:\/\/www.respirelavie.fr\/poitiers\/presse\/nos-partenaires\/","name":"Nos partenaires - Salon RESPIRE LA VIE Poitiers","isPartOf":{"@id":"http:\/\/www.respirelavie.fr\/poitiers\/#website"},"datePublished":"2017-01-24T13:18:54+00:00","dateModified":"2024-05-03T13:25:31+00:00","breadcrumb":{"@id":"https:\/\/www.respirelavie.fr\/poitiers\/presse\/nos-partenaires\/#breadcrumb"},"inLanguage":"fr-FR","potentialAction":[{"@type":"ReadAction","target":["https:\/\/www.respirelavie.fr\/poitiers\/presse\/nos-partenaires\/"]}]},{"@type":"BreadcrumbList","@id":"https:\/\/www.respirelavie.fr\/poitiers\/presse\/nos-partenaires\/#breadcrumb","itemListElement":[{"@type":"ListItem","position":1,"name":"Accueil","item":"http:\/\/www.respirelavie.fr\/poitiers\/"},{"@type":"ListItem","position":2,"name":"Presse \/ partenaires","item":"https:\/\/www.respirelavie.fr\/poitiers\/presse\/"},{"@type":"ListItem","position":3,"name":"Nos partenaires"}]},{"@type":"WebSite","@id":"http:\/\/www.respirelavie.fr\/poitiers\/#website","url":"http:\/\/www.respirelavie.fr\/poitiers\/","name":"Salon RESPIRE LA VIE Poitiers","description":"RESPIRE : votre salon bio, bien-\u00eatre et habitat sain \u00e0 Poitiers","publisher":{"@id":"http:\/\/www.respirelavie.fr\/poitiers\/#organization"},"potentialAction":[{"@type":"SearchAction","target":{"@type":"EntryPoint","urlTemplate":"http:\/\/www.respirelavie.fr\/poitiers\/?s={search_term_string}"},"query-input":{"@type":"PropertyValueSpecification","valueRequired":true,"valueName":"search_term_string"}}],"inLanguage":"fr-FR"},{"@type":"Organization","@id":"http:\/\/www.respirelavie.fr\/poitiers\/#organization","name":"Salon RESPIRE LA VIE Poitiers","url":"http:\/\/www.respirelavie.fr\/poitiers\/","logo":{"@type":"ImageObject","inLanguage":"fr-FR","@id":"http:\/\/www.respirelavie.fr\/poitiers\/#\/schema\/logo\/image\/","url":"http:\/\/www.respirelavie.fr\/poitiers\/wp-content\/uploads\/sites\/3\/2024\/03\/Logo-RESPIRE-LA-VIE-poitiers.jpg","contentUrl":"http:\/\/www.respirelavie.fr\/poitiers\/wp-content\/uploads\/sites\/3\/2024\/03\/Logo-RESPIRE-LA-VIE-poitiers.jpg","width":470,"height":262,"caption":"Salon RESPIRE LA VIE Poitiers"},"image":{"@id":"http:\/\/www.respirelavie.fr\/poitiers\/#\/schema\/logo\/image\/"}}]}},"_links":{"self":[{"href":"http:\/\/www.respirelavie.fr\/poitiers\/wp-json\/wp\/v2\/pages\/2456","targetHints":{"allow":["GET"]}}],"collection":[{"href":"http:\/\/www.respirelavie.fr\/poitiers\/wp-json\/wp\/v2\/pages"}],"about":[{"href":"http:\/\/www.respirelavie.fr\/poitiers\/wp-json\/wp\/v2\/types\/page"}],"author":[{"embeddable":true,"href":"http:\/\/www.respirelavie.fr\/poitiers\/wp-json\/wp\/v2\/users\/1"}],"replies":[{"embeddable":true,"href":"http:\/\/www.respirelavie.fr\/poitiers\/wp-json\/wp\/v2\/comments?post=2456"}],"version-history":[{"count":5,"href":"http:\/\/www.respirelavie.fr\/poitiers\/wp-json\/wp\/v2\/pages\/2456\/revisions"}],"predecessor-version":[{"id":10386,"href":"http:\/\/www.respirelavie.fr\/poitiers\/wp-json\/wp\/v2\/pages\/2456\/revisions\/10386"}],"up":[{"embeddable":true,"href":"http:\/\/www.respirelavie.fr\/poitiers\/wp-json\/wp\/v2\/pages\/2091"}],"wp:attachment":[{"href":"http:\/\/www.respirelavie.fr\/poitiers\/wp-json\/wp\/v2\/media?parent=2456"}],"curies":[{"name":"wp","href":"https:\/\/api.w.org\/{rel}","templated":true}]}}