{"id":2460,"date":"2017-01-24T14:19:59","date_gmt":"2017-01-24T13:19:59","guid":{"rendered":"http:\/\/localhost:8888\/zen\/?page_id=2460"},"modified":"2024-03-15T12:01:50","modified_gmt":"2024-03-15T11:01:50","slug":"comment-venir","status":"publish","type":"page","link":"http:\/\/www.respirelavie.fr\/poitiers\/infos-pratiques\/comment-venir\/","title":{"rendered":"Comment venir"},"content":{"rendered":"<h2><strong>Acc\u00e8s au salon\u00a0<\/strong><\/h2>\n<p><iframe style=\"border: 0;\" src=\"https:\/\/www.google.com\/maps\/embed?pb=!1m18!1m12!1m3!1d2742.2272033108566!2d0.3715529512049937!3d46.582745666028885!2m3!1f0!2f0!3f0!3m2!1i1024!2i768!4f13.1!3m3!1m2!1s0x47fdbe97064a38c7%3A0xcf51cacab6eb14ac!2sParc+des+Expositions+de+Grand+Poitiers!5e0!3m2!1sfr!2sfr!4v1495015511870\" width=\"600\" height=\"450\" frameborder=\"0\" allowfullscreen=\"allowfullscreen\"><\/iframe><\/p>\n<p><span style=\"font-size: 14pt;\"><strong>PRIVIL\u00c9GIEZ LES TRANSPORTS EN COMMUN<\/strong><\/span><br \/>\n<a href=\"http:\/\/www.vitalis-poitiers.fr\/\" target=\"_blank\" rel=\"noopener noreferrer\"><em>Calculez votre itin\u00e9raire via\u00a0Vitalis<\/em><br \/>\n<\/a><strong>En bus<\/strong> : Lignes 2A, 2B et 16 du lundi au samedi, et ligne AB le dimanche<\/p>\n<p><span style=\"font-size: 14pt;\"><strong>EN VOITURE<\/strong><\/span><br \/>\n<em><a href=\"https:\/\/www.coordonnees-gps.fr\/itineraire\" target=\"_blank\" rel=\"noopener noreferrer\">Calculez votre itin\u00e9raire ici<\/a><\/em><br \/>\nDepuis la rocade, suivre Poitiers centre &#8211; Parc des Expositions<br \/>\nParking : gratuit \u00e0 moins de 5 minutes \u00e0 pied<\/p>\n<p>&nbsp;<\/p>\n","protected":false},"excerpt":{"rendered":"<p>Acc\u00e8s au salon\u00a0 PRIVIL\u00c9GIEZ LES TRANSPORTS EN COMMUN Calculez votre itin\u00e9raire via\u00a0Vitalis En bus : Lignes 2A, 2B et 16 du lundi au samedi, et ligne AB le dimanche EN VOITURE Calculez votre itin\u00e9raire ici Depuis la rocade, suivre Poitiers centre &#8211; Parc des Expositions Parking : gratuit \u00e0 moins de 5 minutes \u00e0 pied&hellip; <\/p>\n","protected":false},"author":1,"featured_media":0,"parent":2094,"menu_order":0,"comment_status":"closed","ping_status":"closed","template":"","meta":{"_monsterinsights_skip_tracking":false,"_monsterinsights_sitenote_active":false,"_monsterinsights_sitenote_note":"","_monsterinsights_sitenote_category":0,"footnotes":""},"class_list":["post-2460","page","type-page","status-publish","hentry"],"yoast_head":"<!-- This site is optimized with the Yoast SEO plugin v27.5 - https:\/\/yoast.com\/product\/yoast-seo-wordpress\/ -->\n<title>Comment venir - Salon RESPIRE LA VIE Poitiers<\/title>\n<meta name=\"robots\" content=\"index, follow, max-snippet:-1, max-image-preview:large, max-video-preview:-1\" \/>\n<link rel=\"canonical\" href=\"https:\/\/www.respirelavie.fr\/poitiers\/infos-pratiques\/comment-venir\/\" \/>\n<meta property=\"og:locale\" content=\"fr_FR\" \/>\n<meta property=\"og:type\" content=\"article\" \/>\n<meta property=\"og:title\" content=\"Comment venir - Salon RESPIRE LA VIE Poitiers\" \/>\n<meta property=\"og:description\" content=\"Acc\u00e8s au salon\u00a0 PRIVIL\u00c9GIEZ LES TRANSPORTS EN COMMUN Calculez votre itin\u00e9raire via\u00a0Vitalis En bus : Lignes 2A, 2B et 16 du lundi au samedi, et ligne AB le dimanche EN VOITURE Calculez votre itin\u00e9raire ici Depuis la rocade, suivre Poitiers centre &#8211; Parc des Expositions Parking : gratuit \u00e0 moins de 5 minutes \u00e0 pied&hellip;\" \/>\n<meta property=\"og:url\" content=\"https:\/\/www.respirelavie.fr\/poitiers\/infos-pratiques\/comment-venir\/\" \/>\n<meta property=\"og:site_name\" content=\"Salon RESPIRE LA VIE Poitiers\" \/>\n<meta property=\"article:modified_time\" content=\"2024-03-15T11:01:50+00:00\" \/>\n<meta name=\"twitter:card\" content=\"summary_large_image\" \/>\n<meta name=\"twitter:label1\" content=\"Dur\u00e9e de lecture estim\u00e9e\" \/>\n\t<meta name=\"twitter:data1\" content=\"1 minute\" \/>\n<script type=\"application\/ld+json\" class=\"yoast-schema-graph\">{\"@context\":\"https:\\\/\\\/schema.org\",\"@graph\":[{\"@type\":\"WebPage\",\"@id\":\"https:\\\/\\\/www.respirelavie.fr\\\/poitiers\\\/infos-pratiques\\\/comment-venir\\\/\",\"url\":\"https:\\\/\\\/www.respirelavie.fr\\\/poitiers\\\/infos-pratiques\\\/comment-venir\\\/\",\"name\":\"Comment venir - Salon RESPIRE LA VIE Poitiers\",\"isPartOf\":{\"@id\":\"https:\\\/\\\/www.respirelavie.fr\\\/poitiers\\\/#website\"},\"datePublished\":\"2017-01-24T13:19:59+00:00\",\"dateModified\":\"2024-03-15T11:01:50+00:00\",\"breadcrumb\":{\"@id\":\"https:\\\/\\\/www.respirelavie.fr\\\/poitiers\\\/infos-pratiques\\\/comment-venir\\\/#breadcrumb\"},\"inLanguage\":\"fr-FR\",\"potentialAction\":[{\"@type\":\"ReadAction\",\"target\":[\"https:\\\/\\\/www.respirelavie.fr\\\/poitiers\\\/infos-pratiques\\\/comment-venir\\\/\"]}]},{\"@type\":\"BreadcrumbList\",\"@id\":\"https:\\\/\\\/www.respirelavie.fr\\\/poitiers\\\/infos-pratiques\\\/comment-venir\\\/#breadcrumb\",\"itemListElement\":[{\"@type\":\"ListItem\",\"position\":1,\"name\":\"Accueil\",\"item\":\"https:\\\/\\\/www.respirelavie.fr\\\/poitiers\\\/\"},{\"@type\":\"ListItem\",\"position\":2,\"name\":\"Infos pratiques\",\"item\":\"https:\\\/\\\/www.respirelavie.fr\\\/poitiers\\\/infos-pratiques\\\/\"},{\"@type\":\"ListItem\",\"position\":3,\"name\":\"Comment venir\"}]},{\"@type\":\"WebSite\",\"@id\":\"https:\\\/\\\/www.respirelavie.fr\\\/poitiers\\\/#website\",\"url\":\"https:\\\/\\\/www.respirelavie.fr\\\/poitiers\\\/\",\"name\":\"Salon RESPIRE LA VIE Poitiers\",\"description\":\"RESPIRE : votre salon bio, bien-\u00eatre et habitat sain \u00e0 Poitiers\",\"publisher\":{\"@id\":\"https:\\\/\\\/www.respirelavie.fr\\\/poitiers\\\/#organization\"},\"potentialAction\":[{\"@type\":\"SearchAction\",\"target\":{\"@type\":\"EntryPoint\",\"urlTemplate\":\"https:\\\/\\\/www.respirelavie.fr\\\/poitiers\\\/?s={search_term_string}\"},\"query-input\":{\"@type\":\"PropertyValueSpecification\",\"valueRequired\":true,\"valueName\":\"search_term_string\"}}],\"inLanguage\":\"fr-FR\"},{\"@type\":\"Organization\",\"@id\":\"https:\\\/\\\/www.respirelavie.fr\\\/poitiers\\\/#organization\",\"name\":\"Salon RESPIRE LA VIE Poitiers\",\"url\":\"https:\\\/\\\/www.respirelavie.fr\\\/poitiers\\\/\",\"logo\":{\"@type\":\"ImageObject\",\"inLanguage\":\"fr-FR\",\"@id\":\"https:\\\/\\\/www.respirelavie.fr\\\/poitiers\\\/#\\\/schema\\\/logo\\\/image\\\/\",\"url\":\"http:\\\/\\\/www.respirelavie.fr\\\/poitiers\\\/wp-content\\\/uploads\\\/sites\\\/3\\\/2024\\\/03\\\/Logo-RESPIRE-LA-VIE-poitiers.jpg\",\"contentUrl\":\"http:\\\/\\\/www.respirelavie.fr\\\/poitiers\\\/wp-content\\\/uploads\\\/sites\\\/3\\\/2024\\\/03\\\/Logo-RESPIRE-LA-VIE-poitiers.jpg\",\"width\":470,\"height\":262,\"caption\":\"Salon RESPIRE LA VIE Poitiers\"},\"image\":{\"@id\":\"https:\\\/\\\/www.respirelavie.fr\\\/poitiers\\\/#\\\/schema\\\/logo\\\/image\\\/\"}}]}<\/script>\n<!-- \/ Yoast SEO plugin. -->","yoast_head_json":{"title":"Comment venir - Salon RESPIRE LA VIE Poitiers","robots":{"index":"index","follow":"follow","max-snippet":"max-snippet:-1","max-image-preview":"max-image-preview:large","max-video-preview":"max-video-preview:-1"},"canonical":"https:\/\/www.respirelavie.fr\/poitiers\/infos-pratiques\/comment-venir\/","og_locale":"fr_FR","og_type":"article","og_title":"Comment venir - Salon RESPIRE LA VIE Poitiers","og_description":"Acc\u00e8s au salon\u00a0 PRIVIL\u00c9GIEZ LES TRANSPORTS EN COMMUN Calculez votre itin\u00e9raire via\u00a0Vitalis En bus : Lignes 2A, 2B et 16 du lundi au samedi, et ligne AB le dimanche EN VOITURE Calculez votre itin\u00e9raire ici Depuis la rocade, suivre Poitiers centre &#8211; Parc des Expositions Parking : gratuit \u00e0 moins de 5 minutes \u00e0 pied&hellip;","og_url":"https:\/\/www.respirelavie.fr\/poitiers\/infos-pratiques\/comment-venir\/","og_site_name":"Salon RESPIRE LA VIE Poitiers","article_modified_time":"2024-03-15T11:01:50+00:00","twitter_card":"summary_large_image","twitter_misc":{"Dur\u00e9e de lecture estim\u00e9e":"1 minute"},"schema":{"@context":"https:\/\/schema.org","@graph":[{"@type":"WebPage","@id":"https:\/\/www.respirelavie.fr\/poitiers\/infos-pratiques\/comment-venir\/","url":"https:\/\/www.respirelavie.fr\/poitiers\/infos-pratiques\/comment-venir\/","name":"Comment venir - Salon RESPIRE LA VIE Poitiers","isPartOf":{"@id":"https:\/\/www.respirelavie.fr\/poitiers\/#website"},"datePublished":"2017-01-24T13:19:59+00:00","dateModified":"2024-03-15T11:01:50+00:00","breadcrumb":{"@id":"https:\/\/www.respirelavie.fr\/poitiers\/infos-pratiques\/comment-venir\/#breadcrumb"},"inLanguage":"fr-FR","potentialAction":[{"@type":"ReadAction","target":["https:\/\/www.respirelavie.fr\/poitiers\/infos-pratiques\/comment-venir\/"]}]},{"@type":"BreadcrumbList","@id":"https:\/\/www.respirelavie.fr\/poitiers\/infos-pratiques\/comment-venir\/#breadcrumb","itemListElement":[{"@type":"ListItem","position":1,"name":"Accueil","item":"https:\/\/www.respirelavie.fr\/poitiers\/"},{"@type":"ListItem","position":2,"name":"Infos pratiques","item":"https:\/\/www.respirelavie.fr\/poitiers\/infos-pratiques\/"},{"@type":"ListItem","position":3,"name":"Comment venir"}]},{"@type":"WebSite","@id":"https:\/\/www.respirelavie.fr\/poitiers\/#website","url":"https:\/\/www.respirelavie.fr\/poitiers\/","name":"Salon RESPIRE LA VIE Poitiers","description":"RESPIRE : votre salon bio, bien-\u00eatre et habitat sain \u00e0 Poitiers","publisher":{"@id":"https:\/\/www.respirelavie.fr\/poitiers\/#organization"},"potentialAction":[{"@type":"SearchAction","target":{"@type":"EntryPoint","urlTemplate":"https:\/\/www.respirelavie.fr\/poitiers\/?s={search_term_string}"},"query-input":{"@type":"PropertyValueSpecification","valueRequired":true,"valueName":"search_term_string"}}],"inLanguage":"fr-FR"},{"@type":"Organization","@id":"https:\/\/www.respirelavie.fr\/poitiers\/#organization","name":"Salon RESPIRE LA VIE Poitiers","url":"https:\/\/www.respirelavie.fr\/poitiers\/","logo":{"@type":"ImageObject","inLanguage":"fr-FR","@id":"https:\/\/www.respirelavie.fr\/poitiers\/#\/schema\/logo\/image\/","url":"http:\/\/www.respirelavie.fr\/poitiers\/wp-content\/uploads\/sites\/3\/2024\/03\/Logo-RESPIRE-LA-VIE-poitiers.jpg","contentUrl":"http:\/\/www.respirelavie.fr\/poitiers\/wp-content\/uploads\/sites\/3\/2024\/03\/Logo-RESPIRE-LA-VIE-poitiers.jpg","width":470,"height":262,"caption":"Salon RESPIRE LA VIE Poitiers"},"image":{"@id":"https:\/\/www.respirelavie.fr\/poitiers\/#\/schema\/logo\/image\/"}}]}},"_links":{"self":[{"href":"http:\/\/www.respirelavie.fr\/poitiers\/wp-json\/wp\/v2\/pages\/2460","targetHints":{"allow":["GET"]}}],"collection":[{"href":"http:\/\/www.respirelavie.fr\/poitiers\/wp-json\/wp\/v2\/pages"}],"about":[{"href":"http:\/\/www.respirelavie.fr\/poitiers\/wp-json\/wp\/v2\/types\/page"}],"author":[{"embeddable":true,"href":"http:\/\/www.respirelavie.fr\/poitiers\/wp-json\/wp\/v2\/users\/1"}],"replies":[{"embeddable":true,"href":"http:\/\/www.respirelavie.fr\/poitiers\/wp-json\/wp\/v2\/comments?post=2460"}],"version-history":[{"count":1,"href":"http:\/\/www.respirelavie.fr\/poitiers\/wp-json\/wp\/v2\/pages\/2460\/revisions"}],"predecessor-version":[{"id":10339,"href":"http:\/\/www.respirelavie.fr\/poitiers\/wp-json\/wp\/v2\/pages\/2460\/revisions\/10339"}],"up":[{"embeddable":true,"href":"http:\/\/www.respirelavie.fr\/poitiers\/wp-json\/wp\/v2\/pages\/2094"}],"wp:attachment":[{"href":"http:\/\/www.respirelavie.fr\/poitiers\/wp-json\/wp\/v2\/media?parent=2460"}],"curies":[{"name":"wp","href":"https:\/\/api.w.org\/{rel}","templated":true}]}}