{"id":2462,"date":"2017-01-24T14:20:35","date_gmt":"2017-01-24T13:20:35","guid":{"rendered":"http:\/\/localhost:8888\/zen\/?page_id=2462"},"modified":"2024-05-13T16:45:02","modified_gmt":"2024-05-13T14:45:02","slug":"informations-pratiques","status":"publish","type":"page","link":"http:\/\/www.respirelavie.fr\/poitiers\/infos-pratiques\/informations-pratiques\/","title":{"rendered":"Informations pratiques"},"content":{"rendered":"<h2>Dates \u2013 Horaires \u2013 Lieu<\/h2>\n<ul>\n<li>Respire la Vie Poitiers revient en 2025 !<\/li>\n<li>De 10h \u00e0 19h, le dimanche \u00e0 18h &#8211; Derni\u00e8re entr\u00e9e 1\/2 heure avant la fermeture<\/li>\n<li>Parc des Expositions de Poitiers &#8211; rue Salvador Allende &#8211; 86000 Poitiers &#8211; Hall B<\/li>\n<\/ul>\n<h2>Services visiteurs<\/h2>\n<p><strong>ACHAT ENCOMBRANT<\/strong> : Possibilit\u00e9 d&rsquo;approcher les v\u00e9hicule aux abords du hall pour chargement<br \/>\n<strong>VESTIAIRE <\/strong>: 2\u20ac<br \/>\n<strong>CONSIGNE <\/strong>: Gratuite pour les achats du salon<strong><br \/>\n<\/strong><strong>ACCUEIL VISITEURS<\/strong> : Programmes, plans, renseignements \u00e0 l\u2019entr\u00e9e du salon<br \/>\n<strong>RESTAURATION BIO SUR PLACE<\/strong><\/p>\n<h2 style=\"text-align: justify;\">Vos achats sur le salon<\/h2>\n<p style=\"text-align: justify;\">Munissez vous d&rsquo;esp\u00e8ces, tous les exposants n&rsquo;acceptent pas le paiement par ch\u00e8que et\/ou ne sont pas \u00e9quip\u00e9s d&rsquo;un terminal de carte bancaire.<br \/>\nPour la plan\u00e8te, pensez \u00e0 prendre vos paniers et sacs.<em><br \/>\n<\/em>Nous vous rappelons que lors des salons, les exposants n&rsquo;ont pas l&rsquo;obligation de proposer un droit de r\u00e9tractation pour les achats effectu\u00e9s.<\/p>\n","protected":false},"excerpt":{"rendered":"<p>Dates \u2013 Horaires \u2013 Lieu Respire la Vie Poitiers revient en 2025 ! De 10h \u00e0 19h, le dimanche \u00e0 18h &#8211; Derni\u00e8re entr\u00e9e 1\/2 heure avant la fermeture Parc des Expositions de Poitiers &#8211; rue Salvador Allende &#8211; 86000 Poitiers &#8211; Hall B Services visiteurs ACHAT ENCOMBRANT : Possibilit\u00e9 d&rsquo;approcher les v\u00e9hicule aux abords&hellip; <\/p>\n","protected":false},"author":1,"featured_media":0,"parent":2094,"menu_order":0,"comment_status":"closed","ping_status":"closed","template":"","meta":{"_monsterinsights_skip_tracking":false,"_monsterinsights_sitenote_active":false,"_monsterinsights_sitenote_note":"","_monsterinsights_sitenote_category":0,"footnotes":""},"class_list":["post-2462","page","type-page","status-publish","hentry"],"yoast_head":"<!-- This site is optimized with the Yoast SEO plugin v27.5 - https:\/\/yoast.com\/product\/yoast-seo-wordpress\/ -->\n<title>Informations pratiques - Salon RESPIRE LA VIE Poitiers<\/title>\n<meta name=\"robots\" content=\"index, follow, max-snippet:-1, max-image-preview:large, max-video-preview:-1\" \/>\n<link rel=\"canonical\" href=\"https:\/\/www.respirelavie.fr\/poitiers\/infos-pratiques\/informations-pratiques\/\" \/>\n<meta property=\"og:locale\" content=\"fr_FR\" \/>\n<meta property=\"og:type\" content=\"article\" \/>\n<meta property=\"og:title\" content=\"Informations pratiques - Salon RESPIRE LA VIE Poitiers\" \/>\n<meta property=\"og:description\" content=\"Dates \u2013 Horaires \u2013 Lieu Respire la Vie Poitiers revient en 2025 ! De 10h \u00e0 19h, le dimanche \u00e0 18h &#8211; Derni\u00e8re entr\u00e9e 1\/2 heure avant la fermeture Parc des Expositions de Poitiers &#8211; rue Salvador Allende &#8211; 86000 Poitiers &#8211; Hall B Services visiteurs ACHAT ENCOMBRANT : Possibilit\u00e9 d&rsquo;approcher les v\u00e9hicule aux abords&hellip;\" \/>\n<meta property=\"og:url\" content=\"https:\/\/www.respirelavie.fr\/poitiers\/infos-pratiques\/informations-pratiques\/\" \/>\n<meta property=\"og:site_name\" content=\"Salon RESPIRE LA VIE Poitiers\" \/>\n<meta property=\"article:modified_time\" content=\"2024-05-13T14:45:02+00:00\" \/>\n<meta name=\"twitter:card\" content=\"summary_large_image\" \/>\n<meta name=\"twitter:label1\" content=\"Dur\u00e9e de lecture estim\u00e9e\" \/>\n\t<meta name=\"twitter:data1\" content=\"1 minute\" \/>\n<script type=\"application\/ld+json\" class=\"yoast-schema-graph\">{\"@context\":\"https:\\\/\\\/schema.org\",\"@graph\":[{\"@type\":\"WebPage\",\"@id\":\"https:\\\/\\\/www.respirelavie.fr\\\/poitiers\\\/infos-pratiques\\\/informations-pratiques\\\/\",\"url\":\"https:\\\/\\\/www.respirelavie.fr\\\/poitiers\\\/infos-pratiques\\\/informations-pratiques\\\/\",\"name\":\"Informations pratiques - Salon RESPIRE LA VIE Poitiers\",\"isPartOf\":{\"@id\":\"https:\\\/\\\/www.respirelavie.fr\\\/poitiers\\\/#website\"},\"datePublished\":\"2017-01-24T13:20:35+00:00\",\"dateModified\":\"2024-05-13T14:45:02+00:00\",\"breadcrumb\":{\"@id\":\"https:\\\/\\\/www.respirelavie.fr\\\/poitiers\\\/infos-pratiques\\\/informations-pratiques\\\/#breadcrumb\"},\"inLanguage\":\"fr-FR\",\"potentialAction\":[{\"@type\":\"ReadAction\",\"target\":[\"https:\\\/\\\/www.respirelavie.fr\\\/poitiers\\\/infos-pratiques\\\/informations-pratiques\\\/\"]}]},{\"@type\":\"BreadcrumbList\",\"@id\":\"https:\\\/\\\/www.respirelavie.fr\\\/poitiers\\\/infos-pratiques\\\/informations-pratiques\\\/#breadcrumb\",\"itemListElement\":[{\"@type\":\"ListItem\",\"position\":1,\"name\":\"Accueil\",\"item\":\"https:\\\/\\\/www.respirelavie.fr\\\/poitiers\\\/\"},{\"@type\":\"ListItem\",\"position\":2,\"name\":\"Infos pratiques\",\"item\":\"https:\\\/\\\/www.respirelavie.fr\\\/poitiers\\\/infos-pratiques\\\/\"},{\"@type\":\"ListItem\",\"position\":3,\"name\":\"Informations pratiques\"}]},{\"@type\":\"WebSite\",\"@id\":\"https:\\\/\\\/www.respirelavie.fr\\\/poitiers\\\/#website\",\"url\":\"https:\\\/\\\/www.respirelavie.fr\\\/poitiers\\\/\",\"name\":\"Salon RESPIRE LA VIE Poitiers\",\"description\":\"RESPIRE : votre salon bio, bien-\u00eatre et habitat sain \u00e0 Poitiers\",\"publisher\":{\"@id\":\"https:\\\/\\\/www.respirelavie.fr\\\/poitiers\\\/#organization\"},\"potentialAction\":[{\"@type\":\"SearchAction\",\"target\":{\"@type\":\"EntryPoint\",\"urlTemplate\":\"https:\\\/\\\/www.respirelavie.fr\\\/poitiers\\\/?s={search_term_string}\"},\"query-input\":{\"@type\":\"PropertyValueSpecification\",\"valueRequired\":true,\"valueName\":\"search_term_string\"}}],\"inLanguage\":\"fr-FR\"},{\"@type\":\"Organization\",\"@id\":\"https:\\\/\\\/www.respirelavie.fr\\\/poitiers\\\/#organization\",\"name\":\"Salon RESPIRE LA VIE Poitiers\",\"url\":\"https:\\\/\\\/www.respirelavie.fr\\\/poitiers\\\/\",\"logo\":{\"@type\":\"ImageObject\",\"inLanguage\":\"fr-FR\",\"@id\":\"https:\\\/\\\/www.respirelavie.fr\\\/poitiers\\\/#\\\/schema\\\/logo\\\/image\\\/\",\"url\":\"http:\\\/\\\/www.respirelavie.fr\\\/poitiers\\\/wp-content\\\/uploads\\\/sites\\\/3\\\/2024\\\/03\\\/Logo-RESPIRE-LA-VIE-poitiers.jpg\",\"contentUrl\":\"http:\\\/\\\/www.respirelavie.fr\\\/poitiers\\\/wp-content\\\/uploads\\\/sites\\\/3\\\/2024\\\/03\\\/Logo-RESPIRE-LA-VIE-poitiers.jpg\",\"width\":470,\"height\":262,\"caption\":\"Salon RESPIRE LA VIE Poitiers\"},\"image\":{\"@id\":\"https:\\\/\\\/www.respirelavie.fr\\\/poitiers\\\/#\\\/schema\\\/logo\\\/image\\\/\"}}]}<\/script>\n<!-- \/ Yoast SEO plugin. -->","yoast_head_json":{"title":"Informations pratiques - Salon RESPIRE LA VIE Poitiers","robots":{"index":"index","follow":"follow","max-snippet":"max-snippet:-1","max-image-preview":"max-image-preview:large","max-video-preview":"max-video-preview:-1"},"canonical":"https:\/\/www.respirelavie.fr\/poitiers\/infos-pratiques\/informations-pratiques\/","og_locale":"fr_FR","og_type":"article","og_title":"Informations pratiques - Salon RESPIRE LA VIE Poitiers","og_description":"Dates \u2013 Horaires \u2013 Lieu Respire la Vie Poitiers revient en 2025 ! De 10h \u00e0 19h, le dimanche \u00e0 18h &#8211; Derni\u00e8re entr\u00e9e 1\/2 heure avant la fermeture Parc des Expositions de Poitiers &#8211; rue Salvador Allende &#8211; 86000 Poitiers &#8211; Hall B Services visiteurs ACHAT ENCOMBRANT : Possibilit\u00e9 d&rsquo;approcher les v\u00e9hicule aux abords&hellip;","og_url":"https:\/\/www.respirelavie.fr\/poitiers\/infos-pratiques\/informations-pratiques\/","og_site_name":"Salon RESPIRE LA VIE Poitiers","article_modified_time":"2024-05-13T14:45:02+00:00","twitter_card":"summary_large_image","twitter_misc":{"Dur\u00e9e de lecture estim\u00e9e":"1 minute"},"schema":{"@context":"https:\/\/schema.org","@graph":[{"@type":"WebPage","@id":"https:\/\/www.respirelavie.fr\/poitiers\/infos-pratiques\/informations-pratiques\/","url":"https:\/\/www.respirelavie.fr\/poitiers\/infos-pratiques\/informations-pratiques\/","name":"Informations pratiques - Salon RESPIRE LA VIE Poitiers","isPartOf":{"@id":"https:\/\/www.respirelavie.fr\/poitiers\/#website"},"datePublished":"2017-01-24T13:20:35+00:00","dateModified":"2024-05-13T14:45:02+00:00","breadcrumb":{"@id":"https:\/\/www.respirelavie.fr\/poitiers\/infos-pratiques\/informations-pratiques\/#breadcrumb"},"inLanguage":"fr-FR","potentialAction":[{"@type":"ReadAction","target":["https:\/\/www.respirelavie.fr\/poitiers\/infos-pratiques\/informations-pratiques\/"]}]},{"@type":"BreadcrumbList","@id":"https:\/\/www.respirelavie.fr\/poitiers\/infos-pratiques\/informations-pratiques\/#breadcrumb","itemListElement":[{"@type":"ListItem","position":1,"name":"Accueil","item":"https:\/\/www.respirelavie.fr\/poitiers\/"},{"@type":"ListItem","position":2,"name":"Infos pratiques","item":"https:\/\/www.respirelavie.fr\/poitiers\/infos-pratiques\/"},{"@type":"ListItem","position":3,"name":"Informations pratiques"}]},{"@type":"WebSite","@id":"https:\/\/www.respirelavie.fr\/poitiers\/#website","url":"https:\/\/www.respirelavie.fr\/poitiers\/","name":"Salon RESPIRE LA VIE Poitiers","description":"RESPIRE : votre salon bio, bien-\u00eatre et habitat sain \u00e0 Poitiers","publisher":{"@id":"https:\/\/www.respirelavie.fr\/poitiers\/#organization"},"potentialAction":[{"@type":"SearchAction","target":{"@type":"EntryPoint","urlTemplate":"https:\/\/www.respirelavie.fr\/poitiers\/?s={search_term_string}"},"query-input":{"@type":"PropertyValueSpecification","valueRequired":true,"valueName":"search_term_string"}}],"inLanguage":"fr-FR"},{"@type":"Organization","@id":"https:\/\/www.respirelavie.fr\/poitiers\/#organization","name":"Salon RESPIRE LA VIE Poitiers","url":"https:\/\/www.respirelavie.fr\/poitiers\/","logo":{"@type":"ImageObject","inLanguage":"fr-FR","@id":"https:\/\/www.respirelavie.fr\/poitiers\/#\/schema\/logo\/image\/","url":"http:\/\/www.respirelavie.fr\/poitiers\/wp-content\/uploads\/sites\/3\/2024\/03\/Logo-RESPIRE-LA-VIE-poitiers.jpg","contentUrl":"http:\/\/www.respirelavie.fr\/poitiers\/wp-content\/uploads\/sites\/3\/2024\/03\/Logo-RESPIRE-LA-VIE-poitiers.jpg","width":470,"height":262,"caption":"Salon RESPIRE LA VIE Poitiers"},"image":{"@id":"https:\/\/www.respirelavie.fr\/poitiers\/#\/schema\/logo\/image\/"}}]}},"_links":{"self":[{"href":"http:\/\/www.respirelavie.fr\/poitiers\/wp-json\/wp\/v2\/pages\/2462","targetHints":{"allow":["GET"]}}],"collection":[{"href":"http:\/\/www.respirelavie.fr\/poitiers\/wp-json\/wp\/v2\/pages"}],"about":[{"href":"http:\/\/www.respirelavie.fr\/poitiers\/wp-json\/wp\/v2\/types\/page"}],"author":[{"embeddable":true,"href":"http:\/\/www.respirelavie.fr\/poitiers\/wp-json\/wp\/v2\/users\/1"}],"replies":[{"embeddable":true,"href":"http:\/\/www.respirelavie.fr\/poitiers\/wp-json\/wp\/v2\/comments?post=2462"}],"version-history":[{"count":5,"href":"http:\/\/www.respirelavie.fr\/poitiers\/wp-json\/wp\/v2\/pages\/2462\/revisions"}],"predecessor-version":[{"id":10388,"href":"http:\/\/www.respirelavie.fr\/poitiers\/wp-json\/wp\/v2\/pages\/2462\/revisions\/10388"}],"up":[{"embeddable":true,"href":"http:\/\/www.respirelavie.fr\/poitiers\/wp-json\/wp\/v2\/pages\/2094"}],"wp:attachment":[{"href":"http:\/\/www.respirelavie.fr\/poitiers\/wp-json\/wp\/v2\/media?parent=2462"}],"curies":[{"name":"wp","href":"https:\/\/api.w.org\/{rel}","templated":true}]}}