{"id":3845,"date":"2017-04-14T11:13:03","date_gmt":"2017-04-14T09:13:03","guid":{"rendered":"http:\/\/localhost:8888\/artemisia\/?page_id=3845"},"modified":"2024-03-18T15:02:49","modified_gmt":"2024-03-18T14:02:49","slug":"la-presentation-du-salon","status":"publish","type":"page","link":"http:\/\/www.respirelavie.fr\/poitiers\/visiter\/la-presentation-du-salon\/","title":{"rendered":"Pr\u00e9sentation du salon"},"content":{"rendered":"<p style=\"text-align: justify;\"><strong>La 23\u00e8me \u00e9dition de Respire La Vie Poitiers est report\u00e9 en 2025.<br \/>\n<\/strong><strong>Chaque visiteur y trouvera de pr\u00e9cieux conseil pour lui permettre de se sentir bien dans son esprit, dans son corps et dans son environnement.<\/strong><\/p>\n<p style=\"text-align: justify;\">Chaque ann\u00e9e le salon vous propose de rencontrer des professionnels de la bio, du bien-\u00eatre, mais \u00e9galement d&rsquo;en savoir plus sur l&rsquo;environnement, l&rsquo;habitat sain, le commerce \u00e9quitable, le tourisme vert et solidaire, ou encore de d\u00e9couvrir et rencontrer des producteurs bio locaux !<\/p>\n<p style=\"text-align: justify;\"><span style=\"color: #59a832;\"><strong>115 exposants<\/strong><\/span> sont attendus lors de cette nouvelle \u00e9dition. Ils prodigueront leurs conseils pour un mode de vie plus sain, plus bio, et plus zen ! Proximit\u00e9 est le ma\u00eetre-mot de ce salon o\u00f9 vous pourrez \u00e9changer avec ceux \u0153uvrent pour le respect de l&rsquo;humain comme de l&rsquo;environnement.<\/p><div id=\"respi-4160419048\" class=\"respi-contenu respi-entity-placement\"><script async src=\"\/\/pagead2.googlesyndication.com\/pagead\/js\/adsbygoogle.js?client=ca-pub-7511070832818284\" crossorigin=\"anonymous\"><\/script><ins class=\"adsbygoogle\" style=\"display:block;\" data-ad-client=\"ca-pub-7511070832818284\" \ndata-ad-slot=\"4196289901\" \ndata-ad-format=\"auto\"><\/ins>\n<script> \n(adsbygoogle = window.adsbygoogle || []).push({}); \n<\/script>\n<\/div>\n<p style=\"text-align: justify;\">Il se passe toujours quelque chose sur les salons du R\u00e9seau Zen &amp; Bio !<\/p>\n<p>Le salon Respire La Vie \u00e0 Poitiers propose un programme d\u2019animations complet et interactif, pour pousser la r\u00e9flexion plus loin. Assister \u00e0 des conf\u00e9rences anim\u00e9es par des experts de la bio et du bien-\u00eatre, d\u00e9couvrir de nouvelles pratiques en participant aux ateliers, ou encore mettre la main \u00e0 la p\u00e2te pour faire soi-m\u00eame\u2026<\/p>\n<ul>\n<li style=\"text-align: justify;\"><span style=\"color: #59a832;\"><strong>Des conf\u00e9rences<\/strong><\/span> propos\u00e9es gratuitement sur des th\u00e8mes vari\u00e9s comme l\u2019alimentation, la lib\u00e9ration \u00e9motionnelle, le d\u00e9veloppement durable<\/li>\n<li style=\"text-align: justify;\"><span style=\"color: #59a832;\"><strong>Des ateliers bien-\u00eatre<\/strong> <span style=\"color: #333333;\">et de pratiques corporelles <\/span><\/span>pour s\u2019initier (m\u00e9ditation, sophrologie, massage, hypnose, yoga, ta\u00ef chi, qi gong\u2026)<\/li>\n<li style=\"text-align: justify;\"><span style=\"color: #59a832;\"><strong>Des animations cr\u00e9atives<\/strong><\/span> avec des d\u00e9monstration ou de la mise en pratique : cuisine saine, z\u00e9ro d\u00e9chet, cosm\u00e9tiques naturelles, produits d&rsquo;entretien \u00e9cologiques, trucs et astuces \u00e9colo, ateliers recyclage, jardinage au naturel&#8230;<\/li>\n<li style=\"text-align: justify;\"><span style=\"color: #59a832;\"><strong>Le march\u00e9 des producteurs locaux bio du d\u00e9partement et de la r\u00e9gion<\/strong><\/span> organis\u00e9 par <strong>VIENNE AGROBIO<\/strong> (association oeuvrant pour le d\u00e9veloppement\u00a0 et la promotion de l&rsquo;<img decoding=\"async\" class=\"alignleft wp-image-4150 \" src=\"https:\/\/www.respirelavie.fr\/poitiers\/wp-content\/uploads\/sites\/3\/2017\/09\/LOGO_QUADRI-VAB-86-light.jpg\" alt=\"\" width=\"99\" height=\"72\" srcset=\"http:\/\/www.respirelavie.fr\/poitiers\/wp-content\/uploads\/sites\/3\/2017\/09\/LOGO_QUADRI-VAB-86-light.jpg 448w, http:\/\/www.respirelavie.fr\/poitiers\/wp-content\/uploads\/sites\/3\/2017\/09\/LOGO_QUADRI-VAB-86-light-300x218.jpg 300w, http:\/\/www.respirelavie.fr\/poitiers\/wp-content\/uploads\/sites\/3\/2017\/09\/LOGO_QUADRI-VAB-86-light-150x109.jpg 150w\" sizes=\"(max-width: 99px) 100vw, 99px\" \/>agriculture biologique sur le d\u00e9partement de la Vienne). D\u00e9couvrez des produits locaux et faites votre march\u00e9 en pr\u00e9vision de l&rsquo;automne.<\/li>\n<\/ul>\n<p>&nbsp;<\/p>\n<p style=\"text-align: justify;\">De quoi vous faire penser bio et vivre zen au quotidien\u00a0!<br \/>\nNous vous attendons nombreux\u00a0!<\/p>\n<p style=\"text-align: justify;\"><strong><em>L\u2019\u00e9quipe du salon Respire La Vie Poitiers<\/em><\/strong><\/p>\n","protected":false},"excerpt":{"rendered":"<p>La 23\u00e8me \u00e9dition de Respire La Vie Poitiers est report\u00e9 en 2025. Chaque visiteur y trouvera de pr\u00e9cieux conseil pour lui permettre de se sentir bien dans son esprit, dans son corps et dans son environnement. Chaque ann\u00e9e le salon vous propose de rencontrer des professionnels de la bio, du bien-\u00eatre, mais \u00e9galement d&rsquo;en savoir&hellip; <\/p>\n","protected":false},"author":1,"featured_media":0,"parent":3843,"menu_order":1,"comment_status":"closed","ping_status":"closed","template":"","meta":{"_monsterinsights_skip_tracking":false,"_monsterinsights_sitenote_active":false,"_monsterinsights_sitenote_note":"","_monsterinsights_sitenote_category":0,"footnotes":""},"class_list":["post-3845","page","type-page","status-publish","hentry"],"yoast_head":"<!-- This site is optimized with the Yoast SEO plugin v27.3 - https:\/\/yoast.com\/product\/yoast-seo-wordpress\/ -->\n<title>Pr\u00e9sentation du salon - Salon RESPIRE LA VIE Poitiers<\/title>\n<meta name=\"robots\" content=\"index, follow, max-snippet:-1, max-image-preview:large, max-video-preview:-1\" \/>\n<link rel=\"canonical\" href=\"https:\/\/www.respirelavie.fr\/poitiers\/visiter\/la-presentation-du-salon\/\" \/>\n<meta property=\"og:locale\" content=\"fr_FR\" \/>\n<meta property=\"og:type\" content=\"article\" \/>\n<meta property=\"og:title\" content=\"Pr\u00e9sentation du salon - Salon RESPIRE LA VIE Poitiers\" \/>\n<meta property=\"og:description\" content=\"La 23\u00e8me \u00e9dition de Respire La Vie Poitiers est report\u00e9 en 2025. Chaque visiteur y trouvera de pr\u00e9cieux conseil pour lui permettre de se sentir bien dans son esprit, dans son corps et dans son environnement. Chaque ann\u00e9e le salon vous propose de rencontrer des professionnels de la bio, du bien-\u00eatre, mais \u00e9galement d&rsquo;en savoir&hellip;\" \/>\n<meta property=\"og:url\" content=\"https:\/\/www.respirelavie.fr\/poitiers\/visiter\/la-presentation-du-salon\/\" \/>\n<meta property=\"og:site_name\" content=\"Salon RESPIRE LA VIE Poitiers\" \/>\n<meta property=\"article:modified_time\" content=\"2024-03-18T14:02:49+00:00\" \/>\n<meta property=\"og:image\" content=\"https:\/\/www.respirelavie.fr\/poitiers\/wp-content\/uploads\/sites\/3\/2017\/09\/LOGO_QUADRI-VAB-86-light.jpg\" \/>\n<meta name=\"twitter:card\" content=\"summary_large_image\" \/>\n<meta name=\"twitter:label1\" content=\"Dur\u00e9e de lecture estim\u00e9e\" \/>\n\t<meta name=\"twitter:data1\" content=\"2 minutes\" \/>\n<script type=\"application\/ld+json\" class=\"yoast-schema-graph\">{\"@context\":\"https:\\\/\\\/schema.org\",\"@graph\":[{\"@type\":\"WebPage\",\"@id\":\"https:\\\/\\\/www.respirelavie.fr\\\/poitiers\\\/visiter\\\/la-presentation-du-salon\\\/\",\"url\":\"https:\\\/\\\/www.respirelavie.fr\\\/poitiers\\\/visiter\\\/la-presentation-du-salon\\\/\",\"name\":\"Pr\u00e9sentation du salon - Salon RESPIRE LA VIE Poitiers\",\"isPartOf\":{\"@id\":\"http:\\\/\\\/www.respirelavie.fr\\\/poitiers\\\/#website\"},\"primaryImageOfPage\":{\"@id\":\"https:\\\/\\\/www.respirelavie.fr\\\/poitiers\\\/visiter\\\/la-presentation-du-salon\\\/#primaryimage\"},\"image\":{\"@id\":\"https:\\\/\\\/www.respirelavie.fr\\\/poitiers\\\/visiter\\\/la-presentation-du-salon\\\/#primaryimage\"},\"thumbnailUrl\":\"https:\\\/\\\/www.respirelavie.fr\\\/poitiers\\\/wp-content\\\/uploads\\\/sites\\\/3\\\/2017\\\/09\\\/LOGO_QUADRI-VAB-86-light.jpg\",\"datePublished\":\"2017-04-14T09:13:03+00:00\",\"dateModified\":\"2024-03-18T14:02:49+00:00\",\"breadcrumb\":{\"@id\":\"https:\\\/\\\/www.respirelavie.fr\\\/poitiers\\\/visiter\\\/la-presentation-du-salon\\\/#breadcrumb\"},\"inLanguage\":\"fr-FR\",\"potentialAction\":[{\"@type\":\"ReadAction\",\"target\":[\"https:\\\/\\\/www.respirelavie.fr\\\/poitiers\\\/visiter\\\/la-presentation-du-salon\\\/\"]}]},{\"@type\":\"ImageObject\",\"inLanguage\":\"fr-FR\",\"@id\":\"https:\\\/\\\/www.respirelavie.fr\\\/poitiers\\\/visiter\\\/la-presentation-du-salon\\\/#primaryimage\",\"url\":\"http:\\\/\\\/www.respirelavie.fr\\\/poitiers\\\/wp-content\\\/uploads\\\/sites\\\/3\\\/2017\\\/09\\\/LOGO_QUADRI-VAB-86-light.jpg\",\"contentUrl\":\"http:\\\/\\\/www.respirelavie.fr\\\/poitiers\\\/wp-content\\\/uploads\\\/sites\\\/3\\\/2017\\\/09\\\/LOGO_QUADRI-VAB-86-light.jpg\",\"width\":448,\"height\":325},{\"@type\":\"BreadcrumbList\",\"@id\":\"https:\\\/\\\/www.respirelavie.fr\\\/poitiers\\\/visiter\\\/la-presentation-du-salon\\\/#breadcrumb\",\"itemListElement\":[{\"@type\":\"ListItem\",\"position\":1,\"name\":\"Accueil\",\"item\":\"http:\\\/\\\/www.respirelavie.fr\\\/poitiers\\\/\"},{\"@type\":\"ListItem\",\"position\":2,\"name\":\"Visiter le salon Respire \u00e0 Poitiers\",\"item\":\"https:\\\/\\\/www.respirelavie.fr\\\/poitiers\\\/visiter\\\/\"},{\"@type\":\"ListItem\",\"position\":3,\"name\":\"Pr\u00e9sentation du salon\"}]},{\"@type\":\"WebSite\",\"@id\":\"http:\\\/\\\/www.respirelavie.fr\\\/poitiers\\\/#website\",\"url\":\"http:\\\/\\\/www.respirelavie.fr\\\/poitiers\\\/\",\"name\":\"Salon RESPIRE LA VIE Poitiers\",\"description\":\"RESPIRE : votre salon bio, bien-\u00eatre et habitat sain \u00e0 Poitiers\",\"publisher\":{\"@id\":\"http:\\\/\\\/www.respirelavie.fr\\\/poitiers\\\/#organization\"},\"potentialAction\":[{\"@type\":\"SearchAction\",\"target\":{\"@type\":\"EntryPoint\",\"urlTemplate\":\"http:\\\/\\\/www.respirelavie.fr\\\/poitiers\\\/?s={search_term_string}\"},\"query-input\":{\"@type\":\"PropertyValueSpecification\",\"valueRequired\":true,\"valueName\":\"search_term_string\"}}],\"inLanguage\":\"fr-FR\"},{\"@type\":\"Organization\",\"@id\":\"http:\\\/\\\/www.respirelavie.fr\\\/poitiers\\\/#organization\",\"name\":\"Salon RESPIRE LA VIE Poitiers\",\"url\":\"http:\\\/\\\/www.respirelavie.fr\\\/poitiers\\\/\",\"logo\":{\"@type\":\"ImageObject\",\"inLanguage\":\"fr-FR\",\"@id\":\"http:\\\/\\\/www.respirelavie.fr\\\/poitiers\\\/#\\\/schema\\\/logo\\\/image\\\/\",\"url\":\"http:\\\/\\\/www.respirelavie.fr\\\/poitiers\\\/wp-content\\\/uploads\\\/sites\\\/3\\\/2024\\\/03\\\/Logo-RESPIRE-LA-VIE-poitiers.jpg\",\"contentUrl\":\"http:\\\/\\\/www.respirelavie.fr\\\/poitiers\\\/wp-content\\\/uploads\\\/sites\\\/3\\\/2024\\\/03\\\/Logo-RESPIRE-LA-VIE-poitiers.jpg\",\"width\":470,\"height\":262,\"caption\":\"Salon RESPIRE LA VIE Poitiers\"},\"image\":{\"@id\":\"http:\\\/\\\/www.respirelavie.fr\\\/poitiers\\\/#\\\/schema\\\/logo\\\/image\\\/\"}}]}<\/script>\n<!-- \/ Yoast SEO plugin. -->","yoast_head_json":{"title":"Pr\u00e9sentation du salon - Salon RESPIRE LA VIE Poitiers","robots":{"index":"index","follow":"follow","max-snippet":"max-snippet:-1","max-image-preview":"max-image-preview:large","max-video-preview":"max-video-preview:-1"},"canonical":"https:\/\/www.respirelavie.fr\/poitiers\/visiter\/la-presentation-du-salon\/","og_locale":"fr_FR","og_type":"article","og_title":"Pr\u00e9sentation du salon - Salon RESPIRE LA VIE Poitiers","og_description":"La 23\u00e8me \u00e9dition de Respire La Vie Poitiers est report\u00e9 en 2025. Chaque visiteur y trouvera de pr\u00e9cieux conseil pour lui permettre de se sentir bien dans son esprit, dans son corps et dans son environnement. Chaque ann\u00e9e le salon vous propose de rencontrer des professionnels de la bio, du bien-\u00eatre, mais \u00e9galement d&rsquo;en savoir&hellip;","og_url":"https:\/\/www.respirelavie.fr\/poitiers\/visiter\/la-presentation-du-salon\/","og_site_name":"Salon RESPIRE LA VIE Poitiers","article_modified_time":"2024-03-18T14:02:49+00:00","og_image":[{"url":"https:\/\/www.respirelavie.fr\/poitiers\/wp-content\/uploads\/sites\/3\/2017\/09\/LOGO_QUADRI-VAB-86-light.jpg","type":"","width":"","height":""}],"twitter_card":"summary_large_image","twitter_misc":{"Dur\u00e9e de lecture estim\u00e9e":"2 minutes"},"schema":{"@context":"https:\/\/schema.org","@graph":[{"@type":"WebPage","@id":"https:\/\/www.respirelavie.fr\/poitiers\/visiter\/la-presentation-du-salon\/","url":"https:\/\/www.respirelavie.fr\/poitiers\/visiter\/la-presentation-du-salon\/","name":"Pr\u00e9sentation du salon - Salon RESPIRE LA VIE Poitiers","isPartOf":{"@id":"http:\/\/www.respirelavie.fr\/poitiers\/#website"},"primaryImageOfPage":{"@id":"https:\/\/www.respirelavie.fr\/poitiers\/visiter\/la-presentation-du-salon\/#primaryimage"},"image":{"@id":"https:\/\/www.respirelavie.fr\/poitiers\/visiter\/la-presentation-du-salon\/#primaryimage"},"thumbnailUrl":"https:\/\/www.respirelavie.fr\/poitiers\/wp-content\/uploads\/sites\/3\/2017\/09\/LOGO_QUADRI-VAB-86-light.jpg","datePublished":"2017-04-14T09:13:03+00:00","dateModified":"2024-03-18T14:02:49+00:00","breadcrumb":{"@id":"https:\/\/www.respirelavie.fr\/poitiers\/visiter\/la-presentation-du-salon\/#breadcrumb"},"inLanguage":"fr-FR","potentialAction":[{"@type":"ReadAction","target":["https:\/\/www.respirelavie.fr\/poitiers\/visiter\/la-presentation-du-salon\/"]}]},{"@type":"ImageObject","inLanguage":"fr-FR","@id":"https:\/\/www.respirelavie.fr\/poitiers\/visiter\/la-presentation-du-salon\/#primaryimage","url":"http:\/\/www.respirelavie.fr\/poitiers\/wp-content\/uploads\/sites\/3\/2017\/09\/LOGO_QUADRI-VAB-86-light.jpg","contentUrl":"http:\/\/www.respirelavie.fr\/poitiers\/wp-content\/uploads\/sites\/3\/2017\/09\/LOGO_QUADRI-VAB-86-light.jpg","width":448,"height":325},{"@type":"BreadcrumbList","@id":"https:\/\/www.respirelavie.fr\/poitiers\/visiter\/la-presentation-du-salon\/#breadcrumb","itemListElement":[{"@type":"ListItem","position":1,"name":"Accueil","item":"http:\/\/www.respirelavie.fr\/poitiers\/"},{"@type":"ListItem","position":2,"name":"Visiter le salon Respire \u00e0 Poitiers","item":"https:\/\/www.respirelavie.fr\/poitiers\/visiter\/"},{"@type":"ListItem","position":3,"name":"Pr\u00e9sentation du salon"}]},{"@type":"WebSite","@id":"http:\/\/www.respirelavie.fr\/poitiers\/#website","url":"http:\/\/www.respirelavie.fr\/poitiers\/","name":"Salon RESPIRE LA VIE Poitiers","description":"RESPIRE : votre salon bio, bien-\u00eatre et habitat sain \u00e0 Poitiers","publisher":{"@id":"http:\/\/www.respirelavie.fr\/poitiers\/#organization"},"potentialAction":[{"@type":"SearchAction","target":{"@type":"EntryPoint","urlTemplate":"http:\/\/www.respirelavie.fr\/poitiers\/?s={search_term_string}"},"query-input":{"@type":"PropertyValueSpecification","valueRequired":true,"valueName":"search_term_string"}}],"inLanguage":"fr-FR"},{"@type":"Organization","@id":"http:\/\/www.respirelavie.fr\/poitiers\/#organization","name":"Salon RESPIRE LA VIE Poitiers","url":"http:\/\/www.respirelavie.fr\/poitiers\/","logo":{"@type":"ImageObject","inLanguage":"fr-FR","@id":"http:\/\/www.respirelavie.fr\/poitiers\/#\/schema\/logo\/image\/","url":"http:\/\/www.respirelavie.fr\/poitiers\/wp-content\/uploads\/sites\/3\/2024\/03\/Logo-RESPIRE-LA-VIE-poitiers.jpg","contentUrl":"http:\/\/www.respirelavie.fr\/poitiers\/wp-content\/uploads\/sites\/3\/2024\/03\/Logo-RESPIRE-LA-VIE-poitiers.jpg","width":470,"height":262,"caption":"Salon RESPIRE LA VIE Poitiers"},"image":{"@id":"http:\/\/www.respirelavie.fr\/poitiers\/#\/schema\/logo\/image\/"}}]}},"_links":{"self":[{"href":"http:\/\/www.respirelavie.fr\/poitiers\/wp-json\/wp\/v2\/pages\/3845","targetHints":{"allow":["GET"]}}],"collection":[{"href":"http:\/\/www.respirelavie.fr\/poitiers\/wp-json\/wp\/v2\/pages"}],"about":[{"href":"http:\/\/www.respirelavie.fr\/poitiers\/wp-json\/wp\/v2\/types\/page"}],"author":[{"embeddable":true,"href":"http:\/\/www.respirelavie.fr\/poitiers\/wp-json\/wp\/v2\/users\/1"}],"replies":[{"embeddable":true,"href":"http:\/\/www.respirelavie.fr\/poitiers\/wp-json\/wp\/v2\/comments?post=3845"}],"version-history":[{"count":4,"href":"http:\/\/www.respirelavie.fr\/poitiers\/wp-json\/wp\/v2\/pages\/3845\/revisions"}],"predecessor-version":[{"id":10369,"href":"http:\/\/www.respirelavie.fr\/poitiers\/wp-json\/wp\/v2\/pages\/3845\/revisions\/10369"}],"up":[{"embeddable":true,"href":"http:\/\/www.respirelavie.fr\/poitiers\/wp-json\/wp\/v2\/pages\/3843"}],"wp:attachment":[{"href":"http:\/\/www.respirelavie.fr\/poitiers\/wp-json\/wp\/v2\/media?parent=3845"}],"curies":[{"name":"wp","href":"https:\/\/api.w.org\/{rel}","templated":true}]}}