{"id":3857,"date":"2017-04-14T11:17:18","date_gmt":"2017-04-14T09:17:18","guid":{"rendered":"http:\/\/localhost:8888\/artemisia\/?page_id=3857"},"modified":"2024-03-14T12:48:46","modified_gmt":"2024-03-14T11:48:46","slug":"conferences-2","status":"publish","type":"page","link":"http:\/\/www.respirelavie.fr\/poitiers\/programme-du-salon\/conferences-2\/","title":{"rendered":"Conf\u00e9rences"},"content":{"rendered":"<p><img fetchpriority=\"high\" decoding=\"async\" class=\"size-full wp-image-7430\" src=\"https:\/\/www.respirelavie.fr\/poitiers\/wp-content\/uploads\/sites\/3\/2020\/03\/Fotolia_123517887_Subscription_Monthly_M-copie.jpg\" alt=\"\" width=\"1681\" height=\"619\" srcset=\"http:\/\/www.respirelavie.fr\/poitiers\/wp-content\/uploads\/sites\/3\/2020\/03\/Fotolia_123517887_Subscription_Monthly_M-copie.jpg 1681w, http:\/\/www.respirelavie.fr\/poitiers\/wp-content\/uploads\/sites\/3\/2020\/03\/Fotolia_123517887_Subscription_Monthly_M-copie-300x110.jpg 300w, http:\/\/www.respirelavie.fr\/poitiers\/wp-content\/uploads\/sites\/3\/2020\/03\/Fotolia_123517887_Subscription_Monthly_M-copie-1024x377.jpg 1024w, http:\/\/www.respirelavie.fr\/poitiers\/wp-content\/uploads\/sites\/3\/2020\/03\/Fotolia_123517887_Subscription_Monthly_M-copie-768x283.jpg 768w, http:\/\/www.respirelavie.fr\/poitiers\/wp-content\/uploads\/sites\/3\/2020\/03\/Fotolia_123517887_Subscription_Monthly_M-copie-1536x566.jpg 1536w, http:\/\/www.respirelavie.fr\/poitiers\/wp-content\/uploads\/sites\/3\/2020\/03\/Fotolia_123517887_Subscription_Monthly_M-copie-150x55.jpg 150w, http:\/\/www.respirelavie.fr\/poitiers\/wp-content\/uploads\/sites\/3\/2020\/03\/Fotolia_123517887_Subscription_Monthly_M-copie-500x184.jpg 500w\" sizes=\"(max-width: 1681px) 100vw, 1681px\" \/><\/p>\n<p>Des conf\u00e9rences sont organis\u00e9es pour permettre au public de d\u00e9couvrir et mieux comprendre les m\u00e9thodes et les produits pr\u00e9sent\u00e9s sur le salon.<\/p>\n<p><strong><span style=\"color: #65bb5d;\"> Salle VIENNE<\/span><\/strong><br \/>\n<strong><span style=\"color: #2f6eba;\">Salle POITOU<\/span><\/strong><br \/>\n<span style=\"color: #f0a922;\"><strong>Salle GARGANTUA<\/strong><\/span><\/p>\n<p>&nbsp;<\/p><div id=\"respi-3472454449\" class=\"respi-contenu respi-entity-placement\"><script async src=\"\/\/pagead2.googlesyndication.com\/pagead\/js\/adsbygoogle.js?client=ca-pub-7511070832818284\" crossorigin=\"anonymous\"><\/script><ins class=\"adsbygoogle\" style=\"display:block;\" data-ad-client=\"ca-pub-7511070832818284\" \ndata-ad-slot=\"4196289901\" \ndata-ad-format=\"auto\"><\/ins>\n<script> \n(adsbygoogle = window.adsbygoogle || []).push({}); \n<\/script>\n<\/div>\n<hr \/>\n<p><a href=\"https:\/\/www.respirelavie.fr\/poitiers\/conferences-2023\/\" target=\"_blank\" rel=\"noopener\"><em><span style=\"font-size: 10pt;\">Consultez le programme des conf\u00e9rences 2023<\/span><\/em><\/a><br \/>\n<a href=\"https:\/\/www.respirelavie.fr\/poitiers\/conferences-2022\/\" target=\"_blank\" rel=\"noopener\"><em><span style=\"font-size: 10pt;\">Consultez le programme des conf\u00e9rences 2022<\/span><\/em><\/a><br \/>\n<a href=\"https:\/\/www.respirelavie.fr\/poitiers\/conferences-2020\/\"><em><span style=\"font-size: 10pt;\">Consultez le programme des conf\u00e9rences 2020<\/span><\/em><\/a><br \/>\n<span style=\"font-size: 10pt;\"><a href=\"https:\/\/www.respirelavie.fr\/poitiers\/conferences-2019\/\" target=\"_blank\" rel=\"noopener noreferrer\"><em>Consultez le programme des conf\u00e9rences 2019<\/em><\/a><\/span><br \/>\n<span style=\"font-size: 10pt;\"><em><a href=\"https:\/\/www.respirelavie.fr\/poitiers\/conferences-2018\/\" target=\"_blank\" rel=\"noopener noreferrer\">Consultez le programme des conf\u00e9rences 2018<\/a><\/em><\/span><br \/>\n<span style=\"font-size: 10pt;\"><em><a href=\"http:\/\/www.respirelavie.fr\/poitiers\/ateliers-conferences-2017\/\" target=\"_blank\" rel=\"noopener noreferrer\">Consultez le programme des conf\u00e9rences 2017<\/a><\/em><\/span><\/p>\n<p>&nbsp;<\/p>\n","protected":false},"excerpt":{"rendered":"<p>Des conf\u00e9rences sont organis\u00e9es pour permettre au public de d\u00e9couvrir et mieux comprendre les m\u00e9thodes et les produits pr\u00e9sent\u00e9s sur le salon. Salle VIENNE Salle POITOU Salle GARGANTUA &nbsp; Consultez le programme des conf\u00e9rences 2023 Consultez le programme des conf\u00e9rences 2022 Consultez le programme des conf\u00e9rences 2020 Consultez le programme des conf\u00e9rences 2019 Consultez le&hellip; <\/p>\n","protected":false},"author":1,"featured_media":0,"parent":3853,"menu_order":5,"comment_status":"closed","ping_status":"closed","template":"","meta":{"_monsterinsights_skip_tracking":false,"_monsterinsights_sitenote_active":false,"_monsterinsights_sitenote_note":"","_monsterinsights_sitenote_category":0,"footnotes":""},"class_list":["post-3857","page","type-page","status-publish","hentry"],"yoast_head":"<!-- This site is optimized with the Yoast SEO plugin v27.3 - https:\/\/yoast.com\/product\/yoast-seo-wordpress\/ -->\n<title>Conf\u00e9rences - Salon RESPIRE LA VIE Poitiers<\/title>\n<meta name=\"robots\" content=\"index, follow, max-snippet:-1, max-image-preview:large, max-video-preview:-1\" \/>\n<link rel=\"canonical\" href=\"https:\/\/www.respirelavie.fr\/poitiers\/programme-du-salon\/conferences-2\/\" \/>\n<meta property=\"og:locale\" content=\"fr_FR\" \/>\n<meta property=\"og:type\" content=\"article\" \/>\n<meta property=\"og:title\" content=\"Conf\u00e9rences - Salon RESPIRE LA VIE Poitiers\" \/>\n<meta property=\"og:description\" content=\"Des conf\u00e9rences sont organis\u00e9es pour permettre au public de d\u00e9couvrir et mieux comprendre les m\u00e9thodes et les produits pr\u00e9sent\u00e9s sur le salon. Salle VIENNE Salle POITOU Salle GARGANTUA &nbsp; Consultez le programme des conf\u00e9rences 2023 Consultez le programme des conf\u00e9rences 2022 Consultez le programme des conf\u00e9rences 2020 Consultez le programme des conf\u00e9rences 2019 Consultez le&hellip;\" \/>\n<meta property=\"og:url\" content=\"https:\/\/www.respirelavie.fr\/poitiers\/programme-du-salon\/conferences-2\/\" \/>\n<meta property=\"og:site_name\" content=\"Salon RESPIRE LA VIE Poitiers\" \/>\n<meta property=\"article:modified_time\" content=\"2024-03-14T11:48:46+00:00\" \/>\n<meta property=\"og:image\" content=\"https:\/\/www.respirelavie.fr\/poitiers\/wp-content\/uploads\/sites\/3\/2020\/03\/Fotolia_123517887_Subscription_Monthly_M-copie.jpg\" \/>\n<meta name=\"twitter:card\" content=\"summary_large_image\" \/>\n<meta name=\"twitter:label1\" content=\"Dur\u00e9e de lecture estim\u00e9e\" \/>\n\t<meta name=\"twitter:data1\" content=\"1 minute\" \/>\n<script type=\"application\/ld+json\" class=\"yoast-schema-graph\">{\"@context\":\"https:\\\/\\\/schema.org\",\"@graph\":[{\"@type\":\"WebPage\",\"@id\":\"https:\\\/\\\/www.respirelavie.fr\\\/poitiers\\\/programme-du-salon\\\/conferences-2\\\/\",\"url\":\"https:\\\/\\\/www.respirelavie.fr\\\/poitiers\\\/programme-du-salon\\\/conferences-2\\\/\",\"name\":\"Conf\u00e9rences - Salon RESPIRE LA VIE Poitiers\",\"isPartOf\":{\"@id\":\"http:\\\/\\\/www.respirelavie.fr\\\/poitiers\\\/#website\"},\"primaryImageOfPage\":{\"@id\":\"https:\\\/\\\/www.respirelavie.fr\\\/poitiers\\\/programme-du-salon\\\/conferences-2\\\/#primaryimage\"},\"image\":{\"@id\":\"https:\\\/\\\/www.respirelavie.fr\\\/poitiers\\\/programme-du-salon\\\/conferences-2\\\/#primaryimage\"},\"thumbnailUrl\":\"https:\\\/\\\/www.respirelavie.fr\\\/poitiers\\\/wp-content\\\/uploads\\\/sites\\\/3\\\/2020\\\/03\\\/Fotolia_123517887_Subscription_Monthly_M-copie.jpg\",\"datePublished\":\"2017-04-14T09:17:18+00:00\",\"dateModified\":\"2024-03-14T11:48:46+00:00\",\"breadcrumb\":{\"@id\":\"https:\\\/\\\/www.respirelavie.fr\\\/poitiers\\\/programme-du-salon\\\/conferences-2\\\/#breadcrumb\"},\"inLanguage\":\"fr-FR\",\"potentialAction\":[{\"@type\":\"ReadAction\",\"target\":[\"https:\\\/\\\/www.respirelavie.fr\\\/poitiers\\\/programme-du-salon\\\/conferences-2\\\/\"]}]},{\"@type\":\"ImageObject\",\"inLanguage\":\"fr-FR\",\"@id\":\"https:\\\/\\\/www.respirelavie.fr\\\/poitiers\\\/programme-du-salon\\\/conferences-2\\\/#primaryimage\",\"url\":\"http:\\\/\\\/www.respirelavie.fr\\\/poitiers\\\/wp-content\\\/uploads\\\/sites\\\/3\\\/2020\\\/03\\\/Fotolia_123517887_Subscription_Monthly_M-copie.jpg\",\"contentUrl\":\"http:\\\/\\\/www.respirelavie.fr\\\/poitiers\\\/wp-content\\\/uploads\\\/sites\\\/3\\\/2020\\\/03\\\/Fotolia_123517887_Subscription_Monthly_M-copie.jpg\",\"width\":1681,\"height\":619,\"caption\":\"Speaker Giving a Talk at Business Meeting. Audience in the conference hall. Business and Entrepreneurship.\"},{\"@type\":\"BreadcrumbList\",\"@id\":\"https:\\\/\\\/www.respirelavie.fr\\\/poitiers\\\/programme-du-salon\\\/conferences-2\\\/#breadcrumb\",\"itemListElement\":[{\"@type\":\"ListItem\",\"position\":1,\"name\":\"Accueil\",\"item\":\"http:\\\/\\\/www.respirelavie.fr\\\/poitiers\\\/\"},{\"@type\":\"ListItem\",\"position\":2,\"name\":\"Programme du salon\",\"item\":\"https:\\\/\\\/www.respirelavie.fr\\\/poitiers\\\/programme-du-salon\\\/\"},{\"@type\":\"ListItem\",\"position\":3,\"name\":\"Conf\u00e9rences\"}]},{\"@type\":\"WebSite\",\"@id\":\"http:\\\/\\\/www.respirelavie.fr\\\/poitiers\\\/#website\",\"url\":\"http:\\\/\\\/www.respirelavie.fr\\\/poitiers\\\/\",\"name\":\"Salon RESPIRE LA VIE Poitiers\",\"description\":\"RESPIRE : votre salon bio, bien-\u00eatre et habitat sain \u00e0 Poitiers\",\"publisher\":{\"@id\":\"http:\\\/\\\/www.respirelavie.fr\\\/poitiers\\\/#organization\"},\"potentialAction\":[{\"@type\":\"SearchAction\",\"target\":{\"@type\":\"EntryPoint\",\"urlTemplate\":\"http:\\\/\\\/www.respirelavie.fr\\\/poitiers\\\/?s={search_term_string}\"},\"query-input\":{\"@type\":\"PropertyValueSpecification\",\"valueRequired\":true,\"valueName\":\"search_term_string\"}}],\"inLanguage\":\"fr-FR\"},{\"@type\":\"Organization\",\"@id\":\"http:\\\/\\\/www.respirelavie.fr\\\/poitiers\\\/#organization\",\"name\":\"Salon RESPIRE LA VIE Poitiers\",\"url\":\"http:\\\/\\\/www.respirelavie.fr\\\/poitiers\\\/\",\"logo\":{\"@type\":\"ImageObject\",\"inLanguage\":\"fr-FR\",\"@id\":\"http:\\\/\\\/www.respirelavie.fr\\\/poitiers\\\/#\\\/schema\\\/logo\\\/image\\\/\",\"url\":\"http:\\\/\\\/www.respirelavie.fr\\\/poitiers\\\/wp-content\\\/uploads\\\/sites\\\/3\\\/2024\\\/03\\\/Logo-RESPIRE-LA-VIE-poitiers.jpg\",\"contentUrl\":\"http:\\\/\\\/www.respirelavie.fr\\\/poitiers\\\/wp-content\\\/uploads\\\/sites\\\/3\\\/2024\\\/03\\\/Logo-RESPIRE-LA-VIE-poitiers.jpg\",\"width\":470,\"height\":262,\"caption\":\"Salon RESPIRE LA VIE Poitiers\"},\"image\":{\"@id\":\"http:\\\/\\\/www.respirelavie.fr\\\/poitiers\\\/#\\\/schema\\\/logo\\\/image\\\/\"}}]}<\/script>\n<!-- \/ Yoast SEO plugin. -->","yoast_head_json":{"title":"Conf\u00e9rences - Salon RESPIRE LA VIE Poitiers","robots":{"index":"index","follow":"follow","max-snippet":"max-snippet:-1","max-image-preview":"max-image-preview:large","max-video-preview":"max-video-preview:-1"},"canonical":"https:\/\/www.respirelavie.fr\/poitiers\/programme-du-salon\/conferences-2\/","og_locale":"fr_FR","og_type":"article","og_title":"Conf\u00e9rences - Salon RESPIRE LA VIE Poitiers","og_description":"Des conf\u00e9rences sont organis\u00e9es pour permettre au public de d\u00e9couvrir et mieux comprendre les m\u00e9thodes et les produits pr\u00e9sent\u00e9s sur le salon. Salle VIENNE Salle POITOU Salle GARGANTUA &nbsp; Consultez le programme des conf\u00e9rences 2023 Consultez le programme des conf\u00e9rences 2022 Consultez le programme des conf\u00e9rences 2020 Consultez le programme des conf\u00e9rences 2019 Consultez le&hellip;","og_url":"https:\/\/www.respirelavie.fr\/poitiers\/programme-du-salon\/conferences-2\/","og_site_name":"Salon RESPIRE LA VIE Poitiers","article_modified_time":"2024-03-14T11:48:46+00:00","og_image":[{"url":"https:\/\/www.respirelavie.fr\/poitiers\/wp-content\/uploads\/sites\/3\/2020\/03\/Fotolia_123517887_Subscription_Monthly_M-copie.jpg","type":"","width":"","height":""}],"twitter_card":"summary_large_image","twitter_misc":{"Dur\u00e9e de lecture estim\u00e9e":"1 minute"},"schema":{"@context":"https:\/\/schema.org","@graph":[{"@type":"WebPage","@id":"https:\/\/www.respirelavie.fr\/poitiers\/programme-du-salon\/conferences-2\/","url":"https:\/\/www.respirelavie.fr\/poitiers\/programme-du-salon\/conferences-2\/","name":"Conf\u00e9rences - Salon RESPIRE LA VIE Poitiers","isPartOf":{"@id":"http:\/\/www.respirelavie.fr\/poitiers\/#website"},"primaryImageOfPage":{"@id":"https:\/\/www.respirelavie.fr\/poitiers\/programme-du-salon\/conferences-2\/#primaryimage"},"image":{"@id":"https:\/\/www.respirelavie.fr\/poitiers\/programme-du-salon\/conferences-2\/#primaryimage"},"thumbnailUrl":"https:\/\/www.respirelavie.fr\/poitiers\/wp-content\/uploads\/sites\/3\/2020\/03\/Fotolia_123517887_Subscription_Monthly_M-copie.jpg","datePublished":"2017-04-14T09:17:18+00:00","dateModified":"2024-03-14T11:48:46+00:00","breadcrumb":{"@id":"https:\/\/www.respirelavie.fr\/poitiers\/programme-du-salon\/conferences-2\/#breadcrumb"},"inLanguage":"fr-FR","potentialAction":[{"@type":"ReadAction","target":["https:\/\/www.respirelavie.fr\/poitiers\/programme-du-salon\/conferences-2\/"]}]},{"@type":"ImageObject","inLanguage":"fr-FR","@id":"https:\/\/www.respirelavie.fr\/poitiers\/programme-du-salon\/conferences-2\/#primaryimage","url":"http:\/\/www.respirelavie.fr\/poitiers\/wp-content\/uploads\/sites\/3\/2020\/03\/Fotolia_123517887_Subscription_Monthly_M-copie.jpg","contentUrl":"http:\/\/www.respirelavie.fr\/poitiers\/wp-content\/uploads\/sites\/3\/2020\/03\/Fotolia_123517887_Subscription_Monthly_M-copie.jpg","width":1681,"height":619,"caption":"Speaker Giving a Talk at Business Meeting. Audience in the conference hall. Business and Entrepreneurship."},{"@type":"BreadcrumbList","@id":"https:\/\/www.respirelavie.fr\/poitiers\/programme-du-salon\/conferences-2\/#breadcrumb","itemListElement":[{"@type":"ListItem","position":1,"name":"Accueil","item":"http:\/\/www.respirelavie.fr\/poitiers\/"},{"@type":"ListItem","position":2,"name":"Programme du salon","item":"https:\/\/www.respirelavie.fr\/poitiers\/programme-du-salon\/"},{"@type":"ListItem","position":3,"name":"Conf\u00e9rences"}]},{"@type":"WebSite","@id":"http:\/\/www.respirelavie.fr\/poitiers\/#website","url":"http:\/\/www.respirelavie.fr\/poitiers\/","name":"Salon RESPIRE LA VIE Poitiers","description":"RESPIRE : votre salon bio, bien-\u00eatre et habitat sain \u00e0 Poitiers","publisher":{"@id":"http:\/\/www.respirelavie.fr\/poitiers\/#organization"},"potentialAction":[{"@type":"SearchAction","target":{"@type":"EntryPoint","urlTemplate":"http:\/\/www.respirelavie.fr\/poitiers\/?s={search_term_string}"},"query-input":{"@type":"PropertyValueSpecification","valueRequired":true,"valueName":"search_term_string"}}],"inLanguage":"fr-FR"},{"@type":"Organization","@id":"http:\/\/www.respirelavie.fr\/poitiers\/#organization","name":"Salon RESPIRE LA VIE Poitiers","url":"http:\/\/www.respirelavie.fr\/poitiers\/","logo":{"@type":"ImageObject","inLanguage":"fr-FR","@id":"http:\/\/www.respirelavie.fr\/poitiers\/#\/schema\/logo\/image\/","url":"http:\/\/www.respirelavie.fr\/poitiers\/wp-content\/uploads\/sites\/3\/2024\/03\/Logo-RESPIRE-LA-VIE-poitiers.jpg","contentUrl":"http:\/\/www.respirelavie.fr\/poitiers\/wp-content\/uploads\/sites\/3\/2024\/03\/Logo-RESPIRE-LA-VIE-poitiers.jpg","width":470,"height":262,"caption":"Salon RESPIRE LA VIE Poitiers"},"image":{"@id":"http:\/\/www.respirelavie.fr\/poitiers\/#\/schema\/logo\/image\/"}}]}},"_links":{"self":[{"href":"http:\/\/www.respirelavie.fr\/poitiers\/wp-json\/wp\/v2\/pages\/3857","targetHints":{"allow":["GET"]}}],"collection":[{"href":"http:\/\/www.respirelavie.fr\/poitiers\/wp-json\/wp\/v2\/pages"}],"about":[{"href":"http:\/\/www.respirelavie.fr\/poitiers\/wp-json\/wp\/v2\/types\/page"}],"author":[{"embeddable":true,"href":"http:\/\/www.respirelavie.fr\/poitiers\/wp-json\/wp\/v2\/users\/1"}],"replies":[{"embeddable":true,"href":"http:\/\/www.respirelavie.fr\/poitiers\/wp-json\/wp\/v2\/comments?post=3857"}],"version-history":[{"count":3,"href":"http:\/\/www.respirelavie.fr\/poitiers\/wp-json\/wp\/v2\/pages\/3857\/revisions"}],"predecessor-version":[{"id":10245,"href":"http:\/\/www.respirelavie.fr\/poitiers\/wp-json\/wp\/v2\/pages\/3857\/revisions\/10245"}],"up":[{"embeddable":true,"href":"http:\/\/www.respirelavie.fr\/poitiers\/wp-json\/wp\/v2\/pages\/3853"}],"wp:attachment":[{"href":"http:\/\/www.respirelavie.fr\/poitiers\/wp-json\/wp\/v2\/media?parent=3857"}],"curies":[{"name":"wp","href":"https:\/\/api.w.org\/{rel}","templated":true}]}}