{"id":4010,"date":"2017-05-17T17:40:47","date_gmt":"2017-05-17T15:40:47","guid":{"rendered":"http:\/\/www.respirelavie.fr\/poitiers\/?page_id=4010"},"modified":"2024-03-15T11:49:35","modified_gmt":"2024-03-15T10:49:35","slug":"annuaire-vert","status":"publish","type":"page","link":"http:\/\/www.respirelavie.fr\/poitiers\/presse\/nos-partenaires\/annuaire-vert\/","title":{"rendered":"Annuaire Vert"},"content":{"rendered":"<p><img decoding=\"async\" class=\"size-full wp-image-10302 aligncenter\" src=\"https:\/\/www.respirelavie.fr\/poitiers\/wp-content\/uploads\/sites\/3\/2017\/05\/telechargement.png\" alt=\"\" width=\"284\" height=\"108\" srcset=\"http:\/\/www.respirelavie.fr\/poitiers\/wp-content\/uploads\/sites\/3\/2017\/05\/telechargement.png 284w, http:\/\/www.respirelavie.fr\/poitiers\/wp-content\/uploads\/sites\/3\/2017\/05\/telechargement-150x57.png 150w\" sizes=\"(max-width: 284px) 100vw, 284px\" \/><\/p>\n<p style=\"text-align: justify;\">Annuaire d\u00e9di\u00e9 aux professionnels et au grand public visant \u00e0 mettre en avant les acteurs du secteur et leurs produits. Il constitue un portail incontournable pour trouver une soci\u00e9t\u00e9, une marque ou un produit.<\/p>\n<p><a href=\"https:\/\/www.annuairevert.com\/\" target=\"_blank\" rel=\"noopener\"><em>Visitez le site internet<\/em><\/a><\/p>\n","protected":false},"excerpt":{"rendered":"<p>Annuaire d\u00e9di\u00e9 aux professionnels et au grand public visant \u00e0 mettre en avant les acteurs du secteur et leurs produits. Il constitue un portail incontournable pour trouver une soci\u00e9t\u00e9, une marque ou un produit. Visitez le site internet<\/p>\n","protected":false},"author":1,"featured_media":0,"parent":2456,"menu_order":0,"comment_status":"closed","ping_status":"closed","template":"","meta":{"_monsterinsights_skip_tracking":false,"_monsterinsights_sitenote_active":false,"_monsterinsights_sitenote_note":"","_monsterinsights_sitenote_category":0,"footnotes":""},"class_list":["post-4010","page","type-page","status-publish","hentry"],"yoast_head":"<!-- This site is optimized with the Yoast SEO plugin v27.3 - https:\/\/yoast.com\/product\/yoast-seo-wordpress\/ -->\n<title>Annuaire Vert - Salon RESPIRE LA VIE Poitiers<\/title>\n<meta name=\"robots\" content=\"index, follow, max-snippet:-1, max-image-preview:large, max-video-preview:-1\" \/>\n<link rel=\"canonical\" href=\"https:\/\/www.respirelavie.fr\/poitiers\/presse\/nos-partenaires\/annuaire-vert\/\" \/>\n<meta property=\"og:locale\" content=\"fr_FR\" \/>\n<meta property=\"og:type\" content=\"article\" \/>\n<meta property=\"og:title\" content=\"Annuaire Vert - Salon RESPIRE LA VIE Poitiers\" \/>\n<meta property=\"og:description\" content=\"Annuaire d\u00e9di\u00e9 aux professionnels et au grand public visant \u00e0 mettre en avant les acteurs du secteur et leurs produits. Il constitue un portail incontournable pour trouver une soci\u00e9t\u00e9, une marque ou un produit. Visitez le site internet\" \/>\n<meta property=\"og:url\" content=\"https:\/\/www.respirelavie.fr\/poitiers\/presse\/nos-partenaires\/annuaire-vert\/\" \/>\n<meta property=\"og:site_name\" content=\"Salon RESPIRE LA VIE Poitiers\" \/>\n<meta property=\"article:modified_time\" content=\"2024-03-15T10:49:35+00:00\" \/>\n<meta property=\"og:image\" content=\"https:\/\/www.respirelavie.fr\/poitiers\/wp-content\/uploads\/sites\/3\/2017\/05\/telechargement.png\" \/>\n<meta name=\"twitter:card\" content=\"summary_large_image\" \/>\n<meta name=\"twitter:label1\" content=\"Dur\u00e9e de lecture estim\u00e9e\" \/>\n\t<meta name=\"twitter:data1\" content=\"1 minute\" \/>\n<script type=\"application\/ld+json\" class=\"yoast-schema-graph\">{\"@context\":\"https:\\\/\\\/schema.org\",\"@graph\":[{\"@type\":\"WebPage\",\"@id\":\"https:\\\/\\\/www.respirelavie.fr\\\/poitiers\\\/presse\\\/nos-partenaires\\\/annuaire-vert\\\/\",\"url\":\"https:\\\/\\\/www.respirelavie.fr\\\/poitiers\\\/presse\\\/nos-partenaires\\\/annuaire-vert\\\/\",\"name\":\"Annuaire Vert - Salon RESPIRE LA VIE Poitiers\",\"isPartOf\":{\"@id\":\"https:\\\/\\\/www.respirelavie.fr\\\/poitiers\\\/#website\"},\"primaryImageOfPage\":{\"@id\":\"https:\\\/\\\/www.respirelavie.fr\\\/poitiers\\\/presse\\\/nos-partenaires\\\/annuaire-vert\\\/#primaryimage\"},\"image\":{\"@id\":\"https:\\\/\\\/www.respirelavie.fr\\\/poitiers\\\/presse\\\/nos-partenaires\\\/annuaire-vert\\\/#primaryimage\"},\"thumbnailUrl\":\"https:\\\/\\\/www.respirelavie.fr\\\/poitiers\\\/wp-content\\\/uploads\\\/sites\\\/3\\\/2017\\\/05\\\/telechargement.png\",\"datePublished\":\"2017-05-17T15:40:47+00:00\",\"dateModified\":\"2024-03-15T10:49:35+00:00\",\"breadcrumb\":{\"@id\":\"https:\\\/\\\/www.respirelavie.fr\\\/poitiers\\\/presse\\\/nos-partenaires\\\/annuaire-vert\\\/#breadcrumb\"},\"inLanguage\":\"fr-FR\",\"potentialAction\":[{\"@type\":\"ReadAction\",\"target\":[\"https:\\\/\\\/www.respirelavie.fr\\\/poitiers\\\/presse\\\/nos-partenaires\\\/annuaire-vert\\\/\"]}]},{\"@type\":\"ImageObject\",\"inLanguage\":\"fr-FR\",\"@id\":\"https:\\\/\\\/www.respirelavie.fr\\\/poitiers\\\/presse\\\/nos-partenaires\\\/annuaire-vert\\\/#primaryimage\",\"url\":\"http:\\\/\\\/www.respirelavie.fr\\\/poitiers\\\/wp-content\\\/uploads\\\/sites\\\/3\\\/2017\\\/05\\\/telechargement.png\",\"contentUrl\":\"http:\\\/\\\/www.respirelavie.fr\\\/poitiers\\\/wp-content\\\/uploads\\\/sites\\\/3\\\/2017\\\/05\\\/telechargement.png\",\"width\":284,\"height\":108},{\"@type\":\"BreadcrumbList\",\"@id\":\"https:\\\/\\\/www.respirelavie.fr\\\/poitiers\\\/presse\\\/nos-partenaires\\\/annuaire-vert\\\/#breadcrumb\",\"itemListElement\":[{\"@type\":\"ListItem\",\"position\":1,\"name\":\"Accueil\",\"item\":\"https:\\\/\\\/www.respirelavie.fr\\\/poitiers\\\/\"},{\"@type\":\"ListItem\",\"position\":2,\"name\":\"Presse \\\/ partenaires\",\"item\":\"https:\\\/\\\/www.respirelavie.fr\\\/poitiers\\\/presse\\\/\"},{\"@type\":\"ListItem\",\"position\":3,\"name\":\"Nos partenaires\",\"item\":\"https:\\\/\\\/www.respirelavie.fr\\\/poitiers\\\/presse\\\/nos-partenaires\\\/\"},{\"@type\":\"ListItem\",\"position\":4,\"name\":\"Annuaire Vert\"}]},{\"@type\":\"WebSite\",\"@id\":\"https:\\\/\\\/www.respirelavie.fr\\\/poitiers\\\/#website\",\"url\":\"https:\\\/\\\/www.respirelavie.fr\\\/poitiers\\\/\",\"name\":\"Salon RESPIRE LA VIE Poitiers\",\"description\":\"RESPIRE : votre salon bio, bien-\u00eatre et habitat sain \u00e0 Poitiers\",\"publisher\":{\"@id\":\"https:\\\/\\\/www.respirelavie.fr\\\/poitiers\\\/#organization\"},\"potentialAction\":[{\"@type\":\"SearchAction\",\"target\":{\"@type\":\"EntryPoint\",\"urlTemplate\":\"https:\\\/\\\/www.respirelavie.fr\\\/poitiers\\\/?s={search_term_string}\"},\"query-input\":{\"@type\":\"PropertyValueSpecification\",\"valueRequired\":true,\"valueName\":\"search_term_string\"}}],\"inLanguage\":\"fr-FR\"},{\"@type\":\"Organization\",\"@id\":\"https:\\\/\\\/www.respirelavie.fr\\\/poitiers\\\/#organization\",\"name\":\"Salon RESPIRE LA VIE Poitiers\",\"url\":\"https:\\\/\\\/www.respirelavie.fr\\\/poitiers\\\/\",\"logo\":{\"@type\":\"ImageObject\",\"inLanguage\":\"fr-FR\",\"@id\":\"https:\\\/\\\/www.respirelavie.fr\\\/poitiers\\\/#\\\/schema\\\/logo\\\/image\\\/\",\"url\":\"http:\\\/\\\/www.respirelavie.fr\\\/poitiers\\\/wp-content\\\/uploads\\\/sites\\\/3\\\/2024\\\/03\\\/Logo-RESPIRE-LA-VIE-poitiers.jpg\",\"contentUrl\":\"http:\\\/\\\/www.respirelavie.fr\\\/poitiers\\\/wp-content\\\/uploads\\\/sites\\\/3\\\/2024\\\/03\\\/Logo-RESPIRE-LA-VIE-poitiers.jpg\",\"width\":470,\"height\":262,\"caption\":\"Salon RESPIRE LA VIE Poitiers\"},\"image\":{\"@id\":\"https:\\\/\\\/www.respirelavie.fr\\\/poitiers\\\/#\\\/schema\\\/logo\\\/image\\\/\"}}]}<\/script>\n<!-- \/ Yoast SEO plugin. -->","yoast_head_json":{"title":"Annuaire Vert - Salon RESPIRE LA VIE Poitiers","robots":{"index":"index","follow":"follow","max-snippet":"max-snippet:-1","max-image-preview":"max-image-preview:large","max-video-preview":"max-video-preview:-1"},"canonical":"https:\/\/www.respirelavie.fr\/poitiers\/presse\/nos-partenaires\/annuaire-vert\/","og_locale":"fr_FR","og_type":"article","og_title":"Annuaire Vert - Salon RESPIRE LA VIE Poitiers","og_description":"Annuaire d\u00e9di\u00e9 aux professionnels et au grand public visant \u00e0 mettre en avant les acteurs du secteur et leurs produits. Il constitue un portail incontournable pour trouver une soci\u00e9t\u00e9, une marque ou un produit. Visitez le site internet","og_url":"https:\/\/www.respirelavie.fr\/poitiers\/presse\/nos-partenaires\/annuaire-vert\/","og_site_name":"Salon RESPIRE LA VIE Poitiers","article_modified_time":"2024-03-15T10:49:35+00:00","og_image":[{"url":"https:\/\/www.respirelavie.fr\/poitiers\/wp-content\/uploads\/sites\/3\/2017\/05\/telechargement.png","type":"","width":"","height":""}],"twitter_card":"summary_large_image","twitter_misc":{"Dur\u00e9e de lecture estim\u00e9e":"1 minute"},"schema":{"@context":"https:\/\/schema.org","@graph":[{"@type":"WebPage","@id":"https:\/\/www.respirelavie.fr\/poitiers\/presse\/nos-partenaires\/annuaire-vert\/","url":"https:\/\/www.respirelavie.fr\/poitiers\/presse\/nos-partenaires\/annuaire-vert\/","name":"Annuaire Vert - Salon RESPIRE LA VIE Poitiers","isPartOf":{"@id":"https:\/\/www.respirelavie.fr\/poitiers\/#website"},"primaryImageOfPage":{"@id":"https:\/\/www.respirelavie.fr\/poitiers\/presse\/nos-partenaires\/annuaire-vert\/#primaryimage"},"image":{"@id":"https:\/\/www.respirelavie.fr\/poitiers\/presse\/nos-partenaires\/annuaire-vert\/#primaryimage"},"thumbnailUrl":"https:\/\/www.respirelavie.fr\/poitiers\/wp-content\/uploads\/sites\/3\/2017\/05\/telechargement.png","datePublished":"2017-05-17T15:40:47+00:00","dateModified":"2024-03-15T10:49:35+00:00","breadcrumb":{"@id":"https:\/\/www.respirelavie.fr\/poitiers\/presse\/nos-partenaires\/annuaire-vert\/#breadcrumb"},"inLanguage":"fr-FR","potentialAction":[{"@type":"ReadAction","target":["https:\/\/www.respirelavie.fr\/poitiers\/presse\/nos-partenaires\/annuaire-vert\/"]}]},{"@type":"ImageObject","inLanguage":"fr-FR","@id":"https:\/\/www.respirelavie.fr\/poitiers\/presse\/nos-partenaires\/annuaire-vert\/#primaryimage","url":"http:\/\/www.respirelavie.fr\/poitiers\/wp-content\/uploads\/sites\/3\/2017\/05\/telechargement.png","contentUrl":"http:\/\/www.respirelavie.fr\/poitiers\/wp-content\/uploads\/sites\/3\/2017\/05\/telechargement.png","width":284,"height":108},{"@type":"BreadcrumbList","@id":"https:\/\/www.respirelavie.fr\/poitiers\/presse\/nos-partenaires\/annuaire-vert\/#breadcrumb","itemListElement":[{"@type":"ListItem","position":1,"name":"Accueil","item":"https:\/\/www.respirelavie.fr\/poitiers\/"},{"@type":"ListItem","position":2,"name":"Presse \/ partenaires","item":"https:\/\/www.respirelavie.fr\/poitiers\/presse\/"},{"@type":"ListItem","position":3,"name":"Nos partenaires","item":"https:\/\/www.respirelavie.fr\/poitiers\/presse\/nos-partenaires\/"},{"@type":"ListItem","position":4,"name":"Annuaire Vert"}]},{"@type":"WebSite","@id":"https:\/\/www.respirelavie.fr\/poitiers\/#website","url":"https:\/\/www.respirelavie.fr\/poitiers\/","name":"Salon RESPIRE LA VIE Poitiers","description":"RESPIRE : votre salon bio, bien-\u00eatre et habitat sain \u00e0 Poitiers","publisher":{"@id":"https:\/\/www.respirelavie.fr\/poitiers\/#organization"},"potentialAction":[{"@type":"SearchAction","target":{"@type":"EntryPoint","urlTemplate":"https:\/\/www.respirelavie.fr\/poitiers\/?s={search_term_string}"},"query-input":{"@type":"PropertyValueSpecification","valueRequired":true,"valueName":"search_term_string"}}],"inLanguage":"fr-FR"},{"@type":"Organization","@id":"https:\/\/www.respirelavie.fr\/poitiers\/#organization","name":"Salon RESPIRE LA VIE Poitiers","url":"https:\/\/www.respirelavie.fr\/poitiers\/","logo":{"@type":"ImageObject","inLanguage":"fr-FR","@id":"https:\/\/www.respirelavie.fr\/poitiers\/#\/schema\/logo\/image\/","url":"http:\/\/www.respirelavie.fr\/poitiers\/wp-content\/uploads\/sites\/3\/2024\/03\/Logo-RESPIRE-LA-VIE-poitiers.jpg","contentUrl":"http:\/\/www.respirelavie.fr\/poitiers\/wp-content\/uploads\/sites\/3\/2024\/03\/Logo-RESPIRE-LA-VIE-poitiers.jpg","width":470,"height":262,"caption":"Salon RESPIRE LA VIE Poitiers"},"image":{"@id":"https:\/\/www.respirelavie.fr\/poitiers\/#\/schema\/logo\/image\/"}}]}},"_links":{"self":[{"href":"http:\/\/www.respirelavie.fr\/poitiers\/wp-json\/wp\/v2\/pages\/4010","targetHints":{"allow":["GET"]}}],"collection":[{"href":"http:\/\/www.respirelavie.fr\/poitiers\/wp-json\/wp\/v2\/pages"}],"about":[{"href":"http:\/\/www.respirelavie.fr\/poitiers\/wp-json\/wp\/v2\/types\/page"}],"author":[{"embeddable":true,"href":"http:\/\/www.respirelavie.fr\/poitiers\/wp-json\/wp\/v2\/users\/1"}],"replies":[{"embeddable":true,"href":"http:\/\/www.respirelavie.fr\/poitiers\/wp-json\/wp\/v2\/comments?post=4010"}],"version-history":[{"count":2,"href":"http:\/\/www.respirelavie.fr\/poitiers\/wp-json\/wp\/v2\/pages\/4010\/revisions"}],"predecessor-version":[{"id":10324,"href":"http:\/\/www.respirelavie.fr\/poitiers\/wp-json\/wp\/v2\/pages\/4010\/revisions\/10324"}],"up":[{"embeddable":true,"href":"http:\/\/www.respirelavie.fr\/poitiers\/wp-json\/wp\/v2\/pages\/2456"}],"wp:attachment":[{"href":"http:\/\/www.respirelavie.fr\/poitiers\/wp-json\/wp\/v2\/media?parent=4010"}],"curies":[{"name":"wp","href":"https:\/\/api.w.org\/{rel}","templated":true}]}}