{"id":4180,"date":"2017-10-11T17:30:15","date_gmt":"2017-10-11T15:30:15","guid":{"rendered":"http:\/\/www.respirelavie.fr\/poitiers\/?page_id=4180"},"modified":"2024-03-14T12:53:56","modified_gmt":"2024-03-14T11:53:56","slug":"bougez-zen","status":"publish","type":"page","link":"http:\/\/www.respirelavie.fr\/poitiers\/programme-du-salon\/bougez-zen\/","title":{"rendered":"Workshop bougez zen"},"content":{"rendered":"<p><img fetchpriority=\"high\" decoding=\"async\" class=\"size-full wp-image-7428\" src=\"https:\/\/www.respirelavie.fr\/poitiers\/wp-content\/uploads\/sites\/3\/2020\/03\/Fotolia_181160447_Subscription_Monthly_M-copie.jpg\" alt=\"\" width=\"1682\" height=\"465\" srcset=\"http:\/\/www.respirelavie.fr\/poitiers\/wp-content\/uploads\/sites\/3\/2020\/03\/Fotolia_181160447_Subscription_Monthly_M-copie.jpg 1682w, http:\/\/www.respirelavie.fr\/poitiers\/wp-content\/uploads\/sites\/3\/2020\/03\/Fotolia_181160447_Subscription_Monthly_M-copie-300x83.jpg 300w, http:\/\/www.respirelavie.fr\/poitiers\/wp-content\/uploads\/sites\/3\/2020\/03\/Fotolia_181160447_Subscription_Monthly_M-copie-1024x283.jpg 1024w, http:\/\/www.respirelavie.fr\/poitiers\/wp-content\/uploads\/sites\/3\/2020\/03\/Fotolia_181160447_Subscription_Monthly_M-copie-768x212.jpg 768w, http:\/\/www.respirelavie.fr\/poitiers\/wp-content\/uploads\/sites\/3\/2020\/03\/Fotolia_181160447_Subscription_Monthly_M-copie-1536x425.jpg 1536w, http:\/\/www.respirelavie.fr\/poitiers\/wp-content\/uploads\/sites\/3\/2020\/03\/Fotolia_181160447_Subscription_Monthly_M-copie-150x41.jpg 150w, http:\/\/www.respirelavie.fr\/poitiers\/wp-content\/uploads\/sites\/3\/2020\/03\/Fotolia_181160447_Subscription_Monthly_M-copie-500x138.jpg 500w\" sizes=\"(max-width: 1682px) 100vw, 1682px\" \/><\/p>\n<p style=\"text-align: justify;\">Afin que vous puissiez d\u00e9couvrir une technique ou l\u2019approfondir, seront propos\u00e9s durant 3 jours : des cours de yoga de l\u2019\u00e9nergie, kundalini yoga, pilate, yoga tib\u00e9tain, yangshen, qi gong ou encore ta\u00ef chi chuan, d\u2019une dur\u00e9e de 1h \u00e0 1h30 toute la journ\u00e9e. (Soit une quinzaine de cours pendant toute la dur\u00e9e du salon).<\/p>\n<p style=\"text-align: justify;\">Les cours seront anim\u00e9s par des associations locales et se tiendront sur un espace ouvert au coeur du salon. Ils pourront accueillir environ 70 personnes.<\/p>\n<p style=\"text-align: justify;\">Adapt\u00e9s \u00e0 chacun selon son niveau, ils s\u2019adresseront aux d\u00e9butants comme aux pratiquants confirm\u00e9s.<\/p><div id=\"respi-1152856260\" class=\"respi-contenu respi-entity-placement\"><script async src=\"\/\/pagead2.googlesyndication.com\/pagead\/js\/adsbygoogle.js?client=ca-pub-7511070832818284\" crossorigin=\"anonymous\"><\/script><ins class=\"adsbygoogle\" style=\"display:block;\" data-ad-client=\"ca-pub-7511070832818284\" \ndata-ad-slot=\"4196289901\" \ndata-ad-format=\"auto\"><\/ins>\n<script> \n(adsbygoogle = window.adsbygoogle || []).push({}); \n<\/script>\n<\/div>\n<p><span style=\"color: #945e28;\"><strong>Espace DES CHALONS<\/strong><\/span><\/p>\n<p>&nbsp;<\/p>\n<hr \/>\n<p><a href=\"https:\/\/www.respirelavie.fr\/poitiers\/workshop-bougez-zen-2023\/\" target=\"_blank\" rel=\"noopener\"><span style=\"font-size: 10pt;\"><em>Consultez le programme du Workshop bougez zen 2023<\/em><\/span><\/a><br \/>\n<a href=\"https:\/\/www.respirelavie.fr\/poitiers\/workshop-bougez-zen-2022\/\" target=\"_blank\" rel=\"noopener\"><span style=\"font-size: 10pt;\"><em>Consultez le programme du Workshop bougez zen 2022<\/em><\/span><\/a><br \/>\n<a href=\"https:\/\/www.respirelavie.fr\/poitiers\/workshop-bougez-zen-2020\/\"><span style=\"font-size: 10pt;\"><em>Consultez le programme du Workshop bougez zen 2020<\/em><\/span><\/a><br \/>\n<span style=\"font-size: 10pt;\"><a href=\"https:\/\/www.respirelavie.fr\/poitiers\/bougez-zen-2019\/\" target=\"_blank\" rel=\"noopener noreferrer\"><em>Consultez le programme du Workshop bougez zen 2019<\/em><\/a><\/span><br \/>\n<span style=\"font-size: 10pt;\"><em><a href=\"https:\/\/www.respirelavie.fr\/poitiers\/bougez-zen-2018\/\" target=\"_blank\" rel=\"noopener noreferrer\">Consultez le programme du Workshop bougez zen 2018<\/a><\/em><\/span><br \/>\n<span style=\"font-size: 10pt;\"><em><a href=\"https:\/\/www.respirelavie.fr\/poitiers\/bougez-zen-2017\/\" target=\"_blank\" rel=\"noopener noreferrer\">Consultez le programme du Workshop bougez zen 2017<\/a><\/em><\/span><\/p>\n","protected":false},"excerpt":{"rendered":"<p>Afin que vous puissiez d\u00e9couvrir une technique ou l\u2019approfondir, seront propos\u00e9s durant 3 jours : des cours de yoga de l\u2019\u00e9nergie, kundalini yoga, pilate, yoga tib\u00e9tain, yangshen, qi gong ou encore ta\u00ef chi chuan, d\u2019une dur\u00e9e de 1h \u00e0 1h30 toute la journ\u00e9e. (Soit une quinzaine de cours pendant toute la dur\u00e9e du salon). Les&hellip; <\/p>\n","protected":false},"author":1,"featured_media":0,"parent":3853,"menu_order":2,"comment_status":"closed","ping_status":"closed","template":"","meta":{"_monsterinsights_skip_tracking":false,"_monsterinsights_sitenote_active":false,"_monsterinsights_sitenote_note":"","_monsterinsights_sitenote_category":0,"footnotes":""},"class_list":["post-4180","page","type-page","status-publish","hentry"],"yoast_head":"<!-- This site is optimized with the Yoast SEO plugin v27.3 - https:\/\/yoast.com\/product\/yoast-seo-wordpress\/ -->\n<title>Workshop bougez zen - Salon RESPIRE LA VIE Poitiers<\/title>\n<meta name=\"robots\" content=\"index, follow, max-snippet:-1, max-image-preview:large, max-video-preview:-1\" \/>\n<link rel=\"canonical\" href=\"https:\/\/www.respirelavie.fr\/poitiers\/programme-du-salon\/bougez-zen\/\" \/>\n<meta property=\"og:locale\" content=\"fr_FR\" \/>\n<meta property=\"og:type\" content=\"article\" \/>\n<meta property=\"og:title\" content=\"Workshop bougez zen - Salon RESPIRE LA VIE Poitiers\" \/>\n<meta property=\"og:description\" content=\"Afin que vous puissiez d\u00e9couvrir une technique ou l\u2019approfondir, seront propos\u00e9s durant 3 jours : des cours de yoga de l\u2019\u00e9nergie, kundalini yoga, pilate, yoga tib\u00e9tain, yangshen, qi gong ou encore ta\u00ef chi chuan, d\u2019une dur\u00e9e de 1h \u00e0 1h30 toute la journ\u00e9e. (Soit une quinzaine de cours pendant toute la dur\u00e9e du salon). Les&hellip;\" \/>\n<meta property=\"og:url\" content=\"https:\/\/www.respirelavie.fr\/poitiers\/programme-du-salon\/bougez-zen\/\" \/>\n<meta property=\"og:site_name\" content=\"Salon RESPIRE LA VIE Poitiers\" \/>\n<meta property=\"article:modified_time\" content=\"2024-03-14T11:53:56+00:00\" \/>\n<meta property=\"og:image\" content=\"https:\/\/www.respirelavie.fr\/poitiers\/wp-content\/uploads\/sites\/3\/2020\/03\/Fotolia_181160447_Subscription_Monthly_M-copie.jpg\" \/>\n<meta name=\"twitter:card\" content=\"summary_large_image\" \/>\n<meta name=\"twitter:label1\" content=\"Dur\u00e9e de lecture estim\u00e9e\" \/>\n\t<meta name=\"twitter:data1\" content=\"1 minute\" \/>\n<script type=\"application\/ld+json\" class=\"yoast-schema-graph\">{\"@context\":\"https:\\\/\\\/schema.org\",\"@graph\":[{\"@type\":\"WebPage\",\"@id\":\"https:\\\/\\\/www.respirelavie.fr\\\/poitiers\\\/programme-du-salon\\\/bougez-zen\\\/\",\"url\":\"https:\\\/\\\/www.respirelavie.fr\\\/poitiers\\\/programme-du-salon\\\/bougez-zen\\\/\",\"name\":\"Workshop bougez zen - Salon RESPIRE LA VIE Poitiers\",\"isPartOf\":{\"@id\":\"http:\\\/\\\/www.respirelavie.fr\\\/poitiers\\\/#website\"},\"primaryImageOfPage\":{\"@id\":\"https:\\\/\\\/www.respirelavie.fr\\\/poitiers\\\/programme-du-salon\\\/bougez-zen\\\/#primaryimage\"},\"image\":{\"@id\":\"https:\\\/\\\/www.respirelavie.fr\\\/poitiers\\\/programme-du-salon\\\/bougez-zen\\\/#primaryimage\"},\"thumbnailUrl\":\"https:\\\/\\\/www.respirelavie.fr\\\/poitiers\\\/wp-content\\\/uploads\\\/sites\\\/3\\\/2020\\\/03\\\/Fotolia_181160447_Subscription_Monthly_M-copie.jpg\",\"datePublished\":\"2017-10-11T15:30:15+00:00\",\"dateModified\":\"2024-03-14T11:53:56+00:00\",\"breadcrumb\":{\"@id\":\"https:\\\/\\\/www.respirelavie.fr\\\/poitiers\\\/programme-du-salon\\\/bougez-zen\\\/#breadcrumb\"},\"inLanguage\":\"fr-FR\",\"potentialAction\":[{\"@type\":\"ReadAction\",\"target\":[\"https:\\\/\\\/www.respirelavie.fr\\\/poitiers\\\/programme-du-salon\\\/bougez-zen\\\/\"]}]},{\"@type\":\"ImageObject\",\"inLanguage\":\"fr-FR\",\"@id\":\"https:\\\/\\\/www.respirelavie.fr\\\/poitiers\\\/programme-du-salon\\\/bougez-zen\\\/#primaryimage\",\"url\":\"http:\\\/\\\/www.respirelavie.fr\\\/poitiers\\\/wp-content\\\/uploads\\\/sites\\\/3\\\/2020\\\/03\\\/Fotolia_181160447_Subscription_Monthly_M-copie.jpg\",\"contentUrl\":\"http:\\\/\\\/www.respirelavie.fr\\\/poitiers\\\/wp-content\\\/uploads\\\/sites\\\/3\\\/2020\\\/03\\\/Fotolia_181160447_Subscription_Monthly_M-copie.jpg\",\"width\":1682,\"height\":465,\"caption\":\"Young girl practicing yoga on yoga mat. Working out on top of a mountain. Peacefull and tranquil enviroment\"},{\"@type\":\"BreadcrumbList\",\"@id\":\"https:\\\/\\\/www.respirelavie.fr\\\/poitiers\\\/programme-du-salon\\\/bougez-zen\\\/#breadcrumb\",\"itemListElement\":[{\"@type\":\"ListItem\",\"position\":1,\"name\":\"Accueil\",\"item\":\"http:\\\/\\\/www.respirelavie.fr\\\/poitiers\\\/\"},{\"@type\":\"ListItem\",\"position\":2,\"name\":\"Programme du salon\",\"item\":\"https:\\\/\\\/www.respirelavie.fr\\\/poitiers\\\/programme-du-salon\\\/\"},{\"@type\":\"ListItem\",\"position\":3,\"name\":\"Workshop bougez zen\"}]},{\"@type\":\"WebSite\",\"@id\":\"http:\\\/\\\/www.respirelavie.fr\\\/poitiers\\\/#website\",\"url\":\"http:\\\/\\\/www.respirelavie.fr\\\/poitiers\\\/\",\"name\":\"Salon RESPIRE LA VIE Poitiers\",\"description\":\"RESPIRE : votre salon bio, bien-\u00eatre et habitat sain \u00e0 Poitiers\",\"publisher\":{\"@id\":\"http:\\\/\\\/www.respirelavie.fr\\\/poitiers\\\/#organization\"},\"potentialAction\":[{\"@type\":\"SearchAction\",\"target\":{\"@type\":\"EntryPoint\",\"urlTemplate\":\"http:\\\/\\\/www.respirelavie.fr\\\/poitiers\\\/?s={search_term_string}\"},\"query-input\":{\"@type\":\"PropertyValueSpecification\",\"valueRequired\":true,\"valueName\":\"search_term_string\"}}],\"inLanguage\":\"fr-FR\"},{\"@type\":\"Organization\",\"@id\":\"http:\\\/\\\/www.respirelavie.fr\\\/poitiers\\\/#organization\",\"name\":\"Salon RESPIRE LA VIE Poitiers\",\"url\":\"http:\\\/\\\/www.respirelavie.fr\\\/poitiers\\\/\",\"logo\":{\"@type\":\"ImageObject\",\"inLanguage\":\"fr-FR\",\"@id\":\"http:\\\/\\\/www.respirelavie.fr\\\/poitiers\\\/#\\\/schema\\\/logo\\\/image\\\/\",\"url\":\"http:\\\/\\\/www.respirelavie.fr\\\/poitiers\\\/wp-content\\\/uploads\\\/sites\\\/3\\\/2024\\\/03\\\/Logo-RESPIRE-LA-VIE-poitiers.jpg\",\"contentUrl\":\"http:\\\/\\\/www.respirelavie.fr\\\/poitiers\\\/wp-content\\\/uploads\\\/sites\\\/3\\\/2024\\\/03\\\/Logo-RESPIRE-LA-VIE-poitiers.jpg\",\"width\":470,\"height\":262,\"caption\":\"Salon RESPIRE LA VIE Poitiers\"},\"image\":{\"@id\":\"http:\\\/\\\/www.respirelavie.fr\\\/poitiers\\\/#\\\/schema\\\/logo\\\/image\\\/\"}}]}<\/script>\n<!-- \/ Yoast SEO plugin. -->","yoast_head_json":{"title":"Workshop bougez zen - Salon RESPIRE LA VIE Poitiers","robots":{"index":"index","follow":"follow","max-snippet":"max-snippet:-1","max-image-preview":"max-image-preview:large","max-video-preview":"max-video-preview:-1"},"canonical":"https:\/\/www.respirelavie.fr\/poitiers\/programme-du-salon\/bougez-zen\/","og_locale":"fr_FR","og_type":"article","og_title":"Workshop bougez zen - Salon RESPIRE LA VIE Poitiers","og_description":"Afin que vous puissiez d\u00e9couvrir une technique ou l\u2019approfondir, seront propos\u00e9s durant 3 jours : des cours de yoga de l\u2019\u00e9nergie, kundalini yoga, pilate, yoga tib\u00e9tain, yangshen, qi gong ou encore ta\u00ef chi chuan, d\u2019une dur\u00e9e de 1h \u00e0 1h30 toute la journ\u00e9e. (Soit une quinzaine de cours pendant toute la dur\u00e9e du salon). Les&hellip;","og_url":"https:\/\/www.respirelavie.fr\/poitiers\/programme-du-salon\/bougez-zen\/","og_site_name":"Salon RESPIRE LA VIE Poitiers","article_modified_time":"2024-03-14T11:53:56+00:00","og_image":[{"url":"https:\/\/www.respirelavie.fr\/poitiers\/wp-content\/uploads\/sites\/3\/2020\/03\/Fotolia_181160447_Subscription_Monthly_M-copie.jpg","type":"","width":"","height":""}],"twitter_card":"summary_large_image","twitter_misc":{"Dur\u00e9e de lecture estim\u00e9e":"1 minute"},"schema":{"@context":"https:\/\/schema.org","@graph":[{"@type":"WebPage","@id":"https:\/\/www.respirelavie.fr\/poitiers\/programme-du-salon\/bougez-zen\/","url":"https:\/\/www.respirelavie.fr\/poitiers\/programme-du-salon\/bougez-zen\/","name":"Workshop bougez zen - Salon RESPIRE LA VIE Poitiers","isPartOf":{"@id":"http:\/\/www.respirelavie.fr\/poitiers\/#website"},"primaryImageOfPage":{"@id":"https:\/\/www.respirelavie.fr\/poitiers\/programme-du-salon\/bougez-zen\/#primaryimage"},"image":{"@id":"https:\/\/www.respirelavie.fr\/poitiers\/programme-du-salon\/bougez-zen\/#primaryimage"},"thumbnailUrl":"https:\/\/www.respirelavie.fr\/poitiers\/wp-content\/uploads\/sites\/3\/2020\/03\/Fotolia_181160447_Subscription_Monthly_M-copie.jpg","datePublished":"2017-10-11T15:30:15+00:00","dateModified":"2024-03-14T11:53:56+00:00","breadcrumb":{"@id":"https:\/\/www.respirelavie.fr\/poitiers\/programme-du-salon\/bougez-zen\/#breadcrumb"},"inLanguage":"fr-FR","potentialAction":[{"@type":"ReadAction","target":["https:\/\/www.respirelavie.fr\/poitiers\/programme-du-salon\/bougez-zen\/"]}]},{"@type":"ImageObject","inLanguage":"fr-FR","@id":"https:\/\/www.respirelavie.fr\/poitiers\/programme-du-salon\/bougez-zen\/#primaryimage","url":"http:\/\/www.respirelavie.fr\/poitiers\/wp-content\/uploads\/sites\/3\/2020\/03\/Fotolia_181160447_Subscription_Monthly_M-copie.jpg","contentUrl":"http:\/\/www.respirelavie.fr\/poitiers\/wp-content\/uploads\/sites\/3\/2020\/03\/Fotolia_181160447_Subscription_Monthly_M-copie.jpg","width":1682,"height":465,"caption":"Young girl practicing yoga on yoga mat. Working out on top of a mountain. Peacefull and tranquil enviroment"},{"@type":"BreadcrumbList","@id":"https:\/\/www.respirelavie.fr\/poitiers\/programme-du-salon\/bougez-zen\/#breadcrumb","itemListElement":[{"@type":"ListItem","position":1,"name":"Accueil","item":"http:\/\/www.respirelavie.fr\/poitiers\/"},{"@type":"ListItem","position":2,"name":"Programme du salon","item":"https:\/\/www.respirelavie.fr\/poitiers\/programme-du-salon\/"},{"@type":"ListItem","position":3,"name":"Workshop bougez zen"}]},{"@type":"WebSite","@id":"http:\/\/www.respirelavie.fr\/poitiers\/#website","url":"http:\/\/www.respirelavie.fr\/poitiers\/","name":"Salon RESPIRE LA VIE Poitiers","description":"RESPIRE : votre salon bio, bien-\u00eatre et habitat sain \u00e0 Poitiers","publisher":{"@id":"http:\/\/www.respirelavie.fr\/poitiers\/#organization"},"potentialAction":[{"@type":"SearchAction","target":{"@type":"EntryPoint","urlTemplate":"http:\/\/www.respirelavie.fr\/poitiers\/?s={search_term_string}"},"query-input":{"@type":"PropertyValueSpecification","valueRequired":true,"valueName":"search_term_string"}}],"inLanguage":"fr-FR"},{"@type":"Organization","@id":"http:\/\/www.respirelavie.fr\/poitiers\/#organization","name":"Salon RESPIRE LA VIE Poitiers","url":"http:\/\/www.respirelavie.fr\/poitiers\/","logo":{"@type":"ImageObject","inLanguage":"fr-FR","@id":"http:\/\/www.respirelavie.fr\/poitiers\/#\/schema\/logo\/image\/","url":"http:\/\/www.respirelavie.fr\/poitiers\/wp-content\/uploads\/sites\/3\/2024\/03\/Logo-RESPIRE-LA-VIE-poitiers.jpg","contentUrl":"http:\/\/www.respirelavie.fr\/poitiers\/wp-content\/uploads\/sites\/3\/2024\/03\/Logo-RESPIRE-LA-VIE-poitiers.jpg","width":470,"height":262,"caption":"Salon RESPIRE LA VIE Poitiers"},"image":{"@id":"http:\/\/www.respirelavie.fr\/poitiers\/#\/schema\/logo\/image\/"}}]}},"_links":{"self":[{"href":"http:\/\/www.respirelavie.fr\/poitiers\/wp-json\/wp\/v2\/pages\/4180","targetHints":{"allow":["GET"]}}],"collection":[{"href":"http:\/\/www.respirelavie.fr\/poitiers\/wp-json\/wp\/v2\/pages"}],"about":[{"href":"http:\/\/www.respirelavie.fr\/poitiers\/wp-json\/wp\/v2\/types\/page"}],"author":[{"embeddable":true,"href":"http:\/\/www.respirelavie.fr\/poitiers\/wp-json\/wp\/v2\/users\/1"}],"replies":[{"embeddable":true,"href":"http:\/\/www.respirelavie.fr\/poitiers\/wp-json\/wp\/v2\/comments?post=4180"}],"version-history":[{"count":2,"href":"http:\/\/www.respirelavie.fr\/poitiers\/wp-json\/wp\/v2\/pages\/4180\/revisions"}],"predecessor-version":[{"id":10252,"href":"http:\/\/www.respirelavie.fr\/poitiers\/wp-json\/wp\/v2\/pages\/4180\/revisions\/10252"}],"up":[{"embeddable":true,"href":"http:\/\/www.respirelavie.fr\/poitiers\/wp-json\/wp\/v2\/pages\/3853"}],"wp:attachment":[{"href":"http:\/\/www.respirelavie.fr\/poitiers\/wp-json\/wp\/v2\/media?parent=4180"}],"curies":[{"name":"wp","href":"https:\/\/api.w.org\/{rel}","templated":true}]}}