{"id":5019,"date":"2018-05-07T14:36:03","date_gmt":"2018-05-07T12:36:03","guid":{"rendered":"http:\/\/www.respirelavie.fr\/poitiers\/?page_id=5019"},"modified":"2018-05-07T14:36:03","modified_gmt":"2018-05-07T12:36:03","slug":"ateliers-conferences-2017","status":"publish","type":"page","link":"http:\/\/www.respirelavie.fr\/poitiers\/ateliers-conferences-2017\/","title":{"rendered":"Ateliers conf\u00e9rences 2017"},"content":{"rendered":"<p>Plus de\u00a045\u00a0ateliers conf\u00e9rences sont organis\u00e9s pour permettre au public de d\u00e9couvrir et mieux comprendre les m\u00e9thodes et les produits pr\u00e9sent\u00e9s sur le salon.<\/p>\n<p>Les conf\u00e9rences se tiennent dans les salles suivantes :<br \/>\n<span style=\"color: #339966;\"><strong>1 &#8211; Salle\u00a0VIENNE<\/strong><\/span><br \/>\n<span style=\"color: #e159e3;\"> <strong>2 &#8211; Salle\u00a0POITOU<\/strong><\/span><\/p>\n<h2>Vendredi 17 novembre 2017<\/h2>\n<p><span style=\"color: #008000;\"><strong>11:00<\/strong>\u00a0<\/span>\u00a0\u00a0 R\u00e8gne min\u00e9ral animal v\u00e9g\u00e9tal: quel apport pour l&rsquo;homme &#8211; <span style=\"color: #999999;\"><em>Isabelle Girard<br \/>\n<\/em><span style=\"color: #e463f7;\"><strong>11:00<\/strong>\u00a0<\/span>\u00a0\u00a0 <span style=\"color: #000000;\">Que manger pour \u00eatre en bonne sant\u00e9 et \u00e9viter les fl\u00e9aux alimentaires de notre soci\u00e9t\u00e9 de\u00a0 consommation qui nous tuent<\/span> \u2013<em> Luc Le M\u00e9tayer <\/em><\/span><br \/>\n<span style=\"color: #008000;\"><strong>12:00<\/strong>\u00a0<\/span>\u00a0\u00a0 <span style=\"color: #008000;\"><strong>Bien choisir ses aliments bio pour am\u00e9liorer sa sant\u00e9 et optimiser sa vitalit\u00e9<\/strong><\/span> &#8211;<span style=\"color: #999999;\"><em> Damien Leretaille<\/em><\/span><br \/>\n<strong><span style=\"color: #e159e3;\">12:00\u00a0\u00a0<\/span><\/strong>\u00a0 Orgonites, ondes \u00e9lectromagn\u00e9tiques et g\u00e9obiologie &#8211; <span style=\"color: #999999;\"><em>Thierry Hermann<\/em><\/span><br \/>\n<span style=\"color: #e159e3;\"><strong>13:00<\/strong><\/span>\u00a0\u00a0\u00a0 Purification, dynamisation de l&rsquo;eau, bienfaits gr\u00e2ces aux min\u00e9raux et solides de Platon &#8211; <span style=\"color: #999999;\"><em>Jean-Marc Guinnard<\/em><\/span><br \/>\n<strong><span style=\"color: #339966;\">13:30\u00a0<\/span><\/strong>\u00a0\u00a0 Le th\u00e8me de cristal: votre portrait \u00e9nerg\u00e9tique de naissance &#8211; Wydiane Khaoua<br \/>\n<strong><span style=\"color: #e159e3;\">14:00\u00a0<\/span><\/strong>\u00a0\u00a0 Les plantes sauvages au service de nos douleurs et de notre sant\u00e9; les bons plans du P\u00e8re Jean &#8211;<span style=\"color: #999999;\"><em> Jean-Paul Clesse<\/em><\/span><br \/>\n<strong><span style=\"color: #339966;\">14:30<\/span><\/strong>\u00a0\u00a0\u00a0 L&rsquo;hypnose Th\u00e9rapeutique &#8211; Dialoguer avec votre Inconscient &#8211; Yolanda Vidal Fernandez<br \/>\n<span style=\"color: #e159e3;\"><strong>15:00<\/strong><\/span>\u00a0\u00a0\u00a0 G\u00e9obiologie: nettoyer et harmoniser durablement son lieu de vie &#8211; <span style=\"color: #999999;\"><em>Herv\u00e9 Rouch\u00e9<\/em><\/span><br \/>\n<strong><span style=\"color: #339966;\">15:30\u00a0<\/span><\/strong>\u00a0\u00a0 Le pouvoir de l&rsquo;inconscient &#8211; <span style=\"color: #999999;\"><em>Lionel Agullo<\/em><\/span><br \/>\n<span style=\"color: #e159e3;\"><strong>16:00\u00a0<\/strong><\/span>\u00a0\u00a0 Les origines de la vie, le r\u00f4le des plantes &#8211; <span style=\"color: #999999;\"><em>Michel\u00a0 Provost<\/em><\/span><br \/>\n<span style=\"color: #e159e3;\"><strong>16:30\u00a0<\/strong><\/span>\u00a0\u00a0<span style=\"color: #e159e3;\"><strong> La d\u00e9marche z\u00e9ro d\u00e9chet\u00a0: c\u2019est possible<\/strong><\/span> \u2013 <span style=\"color: #999999;\"><em>M\u00e9lanie Charpenton, Mathilde Renaud,\u00a0Louise Lembl\u00e9<\/em><\/span><br \/>\n<strong><span style=\"color: #e159e3;\">17:00\u00a0<\/span><\/strong>\u00a0\u00a0 Les bienfaits du feng shui tib\u00e9tains dans votre maison et dans votre vie &#8211; <em><span style=\"color: #999999;\">Aur\u00e9lie Princeau<\/span><\/em><br \/>\n<strong><span style=\"color: #339966;\">18:00<\/span><\/strong>\u00a0\u00a0\u00a0 Rendez vous en terre d&rsquo;hypnose &#8211; <span style=\"color: #999999;\"><em>Fr\u00e9deric Eloy<\/em><\/span><br \/>\n<span style=\"color: #e159e3;\">18:00\u00a0\u00a0<\/span>\u00a0 Et si&#8230;vous \u00e9tiez l&rsquo;artiste de votre vie? &#8211; <em><span style=\"color: #999999;\">Krista Bertho<\/span><\/em><\/p><div id=\"respi-1027696967\" class=\"respi-contenu respi-entity-placement\"><script async src=\"\/\/pagead2.googlesyndication.com\/pagead\/js\/adsbygoogle.js?client=ca-pub-7511070832818284\" crossorigin=\"anonymous\"><\/script><ins class=\"adsbygoogle\" style=\"display:block;\" data-ad-client=\"ca-pub-7511070832818284\" \ndata-ad-slot=\"4196289901\" \ndata-ad-format=\"auto\"><\/ins>\n<script> \n(adsbygoogle = window.adsbygoogle || []).push({}); \n<\/script>\n<\/div>\n<h2>Samedi 18 novembre 2017<\/h2>\n<p><strong><span style=\"color: #339966;\">11:00\u00a0<\/span><\/strong>\u00a0\u00a0 Purification, dynamisation de l&rsquo;eau, bienfaits gr\u00e2ces aux min\u00e9raux et solides de Platon &#8211; <span style=\"color: #999999;\"><em>J<\/em><em>ean-Marc Guinnard<\/em><\/span><br \/>\n<span style=\"color: #e159e3;\"><strong>11:00<\/strong><\/span>\u00a0\u00a0\u00a0 Habitat Energie &#8211; <span style=\"color: #999999;\"><em>Marc Tricot<\/em><\/span><br \/>\n<span style=\"color: #339966;\"><strong>12:00<\/strong><\/span>\u00a0\u00a0\u00a0 <span style=\"color: #008000;\"><strong>Les 5 grandes cl\u00e9s du succ\u00e8s pour cr\u00e9er r\u00e9ussite et bonheur dans l\u2019\u00e9quilibre<\/strong><\/span> &#8211; Laurence Arpi<br \/>\n<strong><span style=\"color: #e159e3;\">12:00<\/span><\/strong>\u00a0\u00a0\u00a0 Le pouvoir de l&rsquo;inconscient &#8211; <span style=\"color: #999999;\"><em>Lionel Agullo<\/em><\/span><br \/>\n<strong><span style=\"color: #e159e3;\">13:00<\/span><\/strong>\u00a0\u00a0\u00a0 Massage sonore &amp; sonoth\u00e9rapie &#8211; <span style=\"color: #999999;\"><em>Othello Ravez<\/em><\/span><br \/>\n<strong><span style=\"color: #339966;\">13:30<\/span><\/strong>\u00a0\u00a0\u00a0 Pr\u00e9sentation du Reiki Traditionnel Usui &#8211; <span style=\"color: #999999;\"><em>Marie-Pierre Boudet<\/em><\/span><br \/>\n<span style=\"color: #e159e3;\"><strong>14:00\u00a0<\/strong><\/span>\u00a0\u00a0 Lithoth\u00e9rapie: comment b\u00e9n\u00e9ficier de l&rsquo;action \u00e9nerg\u00e9tique des min\u00e9raux &#8211; <em>Herv\u00e9 Rouch\u00e9<\/em><br \/>\n<strong><span style=\"color: #339966;\">14:30<\/span><\/strong>\u00a0\u00a0\u00a0 Abdos: stop au massacre &#8211; <span style=\"color: #999999;\"><em>Philippe Valentin<\/em><\/span><br \/>\n<span style=\"color: #e159e3;\"><strong>15:00\u00a0\u00a0<\/strong><\/span>\u00a0 Soigner avec l&rsquo;Omegachoco &#8211; <span style=\"color: #999999;\"><em>Jean-Claude Berton<\/em><\/span><br \/>\n<strong><span style=\"color: #339966;\">15:30<\/span><\/strong>\u00a0\u00a0\u00a0 R\u00e9harmonisation \u00e9nerg\u00e9tique M\u00e9thode Demelt &#8211; <span style=\"color: #999999;\"><em>David Garcia<\/em><\/span><br \/>\n<strong><span style=\"color: #e159e3;\">16:00<\/span><\/strong>\u00a0\u00a0\u00a0 R\u00e9flexologie Erve, la r\u00e9flexologie int\u00e9grative &#8211; <span style=\"color: #999999;\"><em>Anne Dupuy<\/em><\/span><br \/>\n<strong><span style=\"color: #339966;\">16:30<\/span><\/strong>\u00a0\u00a0\u00a0<span style=\"color: #008000;\"><strong> Naturopathie\u00a0: pr\u00e9vention sant\u00e9<\/strong><\/span> \u2013 <span style=\"color: #999999;\"><em>Laurence Monce<\/em><\/span><br \/>\n<strong><span style=\"color: #e159e3;\">17:00<\/span><\/strong>\u00a0\u00a0\u00a0 Qi Gong de sant\u00e9: ses effets cathartiques r\u00e9gulateurs des probl\u00e8mes psychosomatiques &#8211;<span style=\"color: #999999;\"><em> Lucie d&rsquo;Orio<\/em><\/span><br \/>\n<strong><span style=\"color: #339966;\">18:00\u00a0<\/span><\/strong>\u00a0\u00a0 Les apports du chamanisme en th\u00e9rapie aujourd&rsquo;hui &#8211; <span style=\"color: #999999;\"><em>Isabelle Girard<\/em><\/span><br \/>\n<strong><span style=\"color: #e159e3;\">18:00<\/span><\/strong>\u00a0\u00a0\u00a0 Contactez le pouvoir de l&rsquo;intuition, cr\u00e9ez des synchronicit\u00e9s ! \u2013 <span style=\"color: #999999;\"><em>Vanessa Mielczareck<\/em><\/span><\/p>\n<h2>Dimanche 19 novembre 2017<\/h2>\n<p><strong><span style=\"color: #339966;\">11:00\u00a0<\/span><\/strong>\u00a0\u00a0 Le feng shui: science de l&rsquo;\u00e9nergie, \u00e9quilibre et harmonise vos lieux de vie &#8211; <span style=\"color: #999999;\"><em>Fran\u00e7oise Chevalier<\/em><\/span><br \/>\n<span style=\"color: #e159e3;\"><strong>11:00\u00a0<\/strong><\/span>\u00a0\u00a0 L&rsquo;hypnose Th\u00e9rapeutique &#8211; Dialoguer avec votre Inconscient &#8211; <span style=\"color: #999999;\"><em>Yolanda Vidal Fernandez<\/em><\/span><br \/>\n<strong><span style=\"color: #339966;\">12:00<\/span><\/strong>\u00a0\u00a0\u00a0<span style=\"color: #008000;\"><strong> Halte au sabotage amoureux<\/strong><\/span> &#8211; <span style=\"color: #999999;\"><em>B\u00e9n\u00e9dicte Ann<\/em><\/span><br \/>\n<strong><span style=\"color: #e159e3;\">12:00\u00a0<\/span><\/strong>\u00a0\u00a0 R\u00e9harmonisation \u00e9nerg\u00e9tique M\u00e9thode Demelt &#8211; <span style=\"color: #999999;\"><em>David Garcia<\/em><\/span><br \/>\n<span style=\"color: #e159e3;\"><strong>13:00\u00a0\u00a0\u00a0<\/strong><\/span> Les plantes sauvages au service de nos douleurs et de notre sant\u00e9 ; les bons plans du P\u00e8re Jean &#8211; <span style=\"color: #999999;\"><em>Jean-Paul Clesse<\/em><\/span><br \/>\n<span style=\"color: #339966;\"><strong>13:30\u00a0<\/strong><\/span>\u00a0\u00a0 Le th\u00e8me de cristal: votre portrait \u00e9nerg\u00e9tique de naissance &#8211; <span style=\"color: #999999;\"><em>Wydiane Khaoua<\/em><\/span><br \/>\n<strong><span style=\"color: #e159e3;\">14:00\u00a0<\/span><\/strong>\u00a0\u00a0 Orgonites, ondes \u00e9lectromagn\u00e9tiques et g\u00e9obiologie &#8211; <span style=\"color: #999999;\"><em>Thierry Hermann<\/em><\/span><br \/>\n<span style=\"color: #339966;\"><strong>14:30<\/strong><\/span>\u00a0\u00a0\u00a0 \u00c9viter la maladie est-ce possible ? Qu&rsquo;en pensent les naturopathes ? \u2013\u00a0<span style=\"color: #999999;\"><em>Chantal Darg\u00e8re<\/em><\/span><br \/>\n<strong><span style=\"color: #e159e3;\">15:00<\/span><\/strong>\u00a0\u00a0\u00a0 Le v\u00e9ritable argent collo\u00efdal &#8211; <span style=\"color: #999999;\"><em>Morgane Leborgne<\/em><\/span><br \/>\n<strong><span style=\"color: #339966;\">15:30<\/span><\/strong>\u00a0\u00a0\u00a0 Plus de vitalit\u00e9, moins de fatigue et de stress &#8211; <span style=\"color: #999999;\"><em>Anne Bonnin<\/em><\/span><br \/>\n<strong><span style=\"color: #e159e3;\">16:00<\/span><\/strong>\u00a0\u00a0\u00a0 R\u00e9aliser sa mission de vie avec le coaching intuitif &#8211; <span style=\"color: #999999;\"><em>Gilles Guyon<\/em><\/span><br \/>\n<strong><span style=\"color: #339966;\">16:30\u00a0<\/span><\/strong>\u00a0\u00a0 <strong><span style=\"color: #008000;\">La m\u00e9ditation, une technique ou un art de vivre\u00a0? <\/span><\/strong>\u2013 <span style=\"color: #999999;\"><em>P\u00e8re Gourrier<\/em><\/span><br \/>\n<strong><span style=\"color: #e159e3;\">17:00\u00a0\u00a0<\/span><\/strong>\u00a0 L&rsquo;alternative v\u00e9g\u00e9tale: bien-\u00eatre dans son corps et dans sa t\u00eate &#8211; <span style=\"color: #999999;\"><em>Sylvie Marsollier<\/em><\/span><br \/>\n<span style=\"color: #339966;\"><strong>18:00<\/strong><\/span>\u00a0\u00a0\u00a0 Le coaching de vie, mais encore ? \u2013<span style=\"color: #999999;\"><em> Simon Douet<\/em><\/span><\/p>\n<p>&nbsp;<\/p>\n<p>&nbsp;<\/p>\n","protected":false},"excerpt":{"rendered":"<p>Plus de\u00a045\u00a0ateliers conf\u00e9rences sont organis\u00e9s pour permettre au public de d\u00e9couvrir et mieux comprendre les m\u00e9thodes et les produits pr\u00e9sent\u00e9s sur le salon. Les conf\u00e9rences se tiennent dans les salles suivantes : 1 &#8211; Salle\u00a0VIENNE 2 &#8211; Salle\u00a0POITOU Vendredi 17 novembre 2017 11:00\u00a0\u00a0\u00a0 R\u00e8gne min\u00e9ral animal v\u00e9g\u00e9tal: quel apport pour l&rsquo;homme &#8211; Isabelle Girard 11:00\u00a0\u00a0\u00a0&hellip; <\/p>\n","protected":false},"author":1,"featured_media":0,"parent":0,"menu_order":0,"comment_status":"closed","ping_status":"closed","template":"","meta":{"_monsterinsights_skip_tracking":false,"_monsterinsights_sitenote_active":false,"_monsterinsights_sitenote_note":"","_monsterinsights_sitenote_category":0,"footnotes":""},"class_list":["post-5019","page","type-page","status-publish","hentry"],"yoast_head":"<!-- This site is optimized with the Yoast SEO plugin v27.3 - https:\/\/yoast.com\/product\/yoast-seo-wordpress\/ -->\n<title>Ateliers conf\u00e9rences 2017 - Salon RESPIRE LA VIE Poitiers<\/title>\n<meta name=\"robots\" content=\"index, follow, max-snippet:-1, max-image-preview:large, max-video-preview:-1\" \/>\n<link rel=\"canonical\" href=\"http:\/\/www.respirelavie.fr\/poitiers\/ateliers-conferences-2017\/\" \/>\n<meta property=\"og:locale\" content=\"fr_FR\" \/>\n<meta property=\"og:type\" content=\"article\" \/>\n<meta property=\"og:title\" content=\"Ateliers conf\u00e9rences 2017 - Salon RESPIRE LA VIE Poitiers\" \/>\n<meta property=\"og:description\" content=\"Plus de\u00a045\u00a0ateliers conf\u00e9rences sont organis\u00e9s pour permettre au public de d\u00e9couvrir et mieux comprendre les m\u00e9thodes et les produits pr\u00e9sent\u00e9s sur le salon. Les conf\u00e9rences se tiennent dans les salles suivantes : 1 &#8211; Salle\u00a0VIENNE 2 &#8211; Salle\u00a0POITOU Vendredi 17 novembre 2017 11:00\u00a0\u00a0\u00a0 R\u00e8gne min\u00e9ral animal v\u00e9g\u00e9tal: quel apport pour l&rsquo;homme &#8211; Isabelle Girard 11:00\u00a0\u00a0\u00a0&hellip;\" \/>\n<meta property=\"og:url\" content=\"http:\/\/www.respirelavie.fr\/poitiers\/ateliers-conferences-2017\/\" \/>\n<meta property=\"og:site_name\" content=\"Salon RESPIRE LA VIE Poitiers\" \/>\n<meta name=\"twitter:card\" content=\"summary_large_image\" \/>\n<meta name=\"twitter:label1\" content=\"Dur\u00e9e de lecture estim\u00e9e\" \/>\n\t<meta name=\"twitter:data1\" content=\"3 minutes\" \/>\n<script type=\"application\/ld+json\" class=\"yoast-schema-graph\">{\"@context\":\"https:\\\/\\\/schema.org\",\"@graph\":[{\"@type\":\"WebPage\",\"@id\":\"http:\\\/\\\/www.respirelavie.fr\\\/poitiers\\\/ateliers-conferences-2017\\\/\",\"url\":\"http:\\\/\\\/www.respirelavie.fr\\\/poitiers\\\/ateliers-conferences-2017\\\/\",\"name\":\"Ateliers conf\u00e9rences 2017 - Salon RESPIRE LA VIE Poitiers\",\"isPartOf\":{\"@id\":\"https:\\\/\\\/www.respirelavie.fr\\\/poitiers\\\/#website\"},\"datePublished\":\"2018-05-07T12:36:03+00:00\",\"breadcrumb\":{\"@id\":\"http:\\\/\\\/www.respirelavie.fr\\\/poitiers\\\/ateliers-conferences-2017\\\/#breadcrumb\"},\"inLanguage\":\"fr-FR\",\"potentialAction\":[{\"@type\":\"ReadAction\",\"target\":[\"http:\\\/\\\/www.respirelavie.fr\\\/poitiers\\\/ateliers-conferences-2017\\\/\"]}]},{\"@type\":\"BreadcrumbList\",\"@id\":\"http:\\\/\\\/www.respirelavie.fr\\\/poitiers\\\/ateliers-conferences-2017\\\/#breadcrumb\",\"itemListElement\":[{\"@type\":\"ListItem\",\"position\":1,\"name\":\"Accueil\",\"item\":\"https:\\\/\\\/www.respirelavie.fr\\\/poitiers\\\/\"},{\"@type\":\"ListItem\",\"position\":2,\"name\":\"Ateliers conf\u00e9rences 2017\"}]},{\"@type\":\"WebSite\",\"@id\":\"https:\\\/\\\/www.respirelavie.fr\\\/poitiers\\\/#website\",\"url\":\"https:\\\/\\\/www.respirelavie.fr\\\/poitiers\\\/\",\"name\":\"Salon RESPIRE LA VIE Poitiers\",\"description\":\"RESPIRE : votre salon bio, bien-\u00eatre et habitat sain \u00e0 Poitiers\",\"publisher\":{\"@id\":\"https:\\\/\\\/www.respirelavie.fr\\\/poitiers\\\/#organization\"},\"potentialAction\":[{\"@type\":\"SearchAction\",\"target\":{\"@type\":\"EntryPoint\",\"urlTemplate\":\"https:\\\/\\\/www.respirelavie.fr\\\/poitiers\\\/?s={search_term_string}\"},\"query-input\":{\"@type\":\"PropertyValueSpecification\",\"valueRequired\":true,\"valueName\":\"search_term_string\"}}],\"inLanguage\":\"fr-FR\"},{\"@type\":\"Organization\",\"@id\":\"https:\\\/\\\/www.respirelavie.fr\\\/poitiers\\\/#organization\",\"name\":\"Salon RESPIRE LA VIE Poitiers\",\"url\":\"https:\\\/\\\/www.respirelavie.fr\\\/poitiers\\\/\",\"logo\":{\"@type\":\"ImageObject\",\"inLanguage\":\"fr-FR\",\"@id\":\"https:\\\/\\\/www.respirelavie.fr\\\/poitiers\\\/#\\\/schema\\\/logo\\\/image\\\/\",\"url\":\"http:\\\/\\\/www.respirelavie.fr\\\/poitiers\\\/wp-content\\\/uploads\\\/sites\\\/3\\\/2024\\\/03\\\/Logo-RESPIRE-LA-VIE-poitiers.jpg\",\"contentUrl\":\"http:\\\/\\\/www.respirelavie.fr\\\/poitiers\\\/wp-content\\\/uploads\\\/sites\\\/3\\\/2024\\\/03\\\/Logo-RESPIRE-LA-VIE-poitiers.jpg\",\"width\":470,\"height\":262,\"caption\":\"Salon RESPIRE LA VIE Poitiers\"},\"image\":{\"@id\":\"https:\\\/\\\/www.respirelavie.fr\\\/poitiers\\\/#\\\/schema\\\/logo\\\/image\\\/\"}}]}<\/script>\n<!-- \/ Yoast SEO plugin. -->","yoast_head_json":{"title":"Ateliers conf\u00e9rences 2017 - Salon RESPIRE LA VIE Poitiers","robots":{"index":"index","follow":"follow","max-snippet":"max-snippet:-1","max-image-preview":"max-image-preview:large","max-video-preview":"max-video-preview:-1"},"canonical":"http:\/\/www.respirelavie.fr\/poitiers\/ateliers-conferences-2017\/","og_locale":"fr_FR","og_type":"article","og_title":"Ateliers conf\u00e9rences 2017 - Salon RESPIRE LA VIE Poitiers","og_description":"Plus de\u00a045\u00a0ateliers conf\u00e9rences sont organis\u00e9s pour permettre au public de d\u00e9couvrir et mieux comprendre les m\u00e9thodes et les produits pr\u00e9sent\u00e9s sur le salon. Les conf\u00e9rences se tiennent dans les salles suivantes : 1 &#8211; Salle\u00a0VIENNE 2 &#8211; Salle\u00a0POITOU Vendredi 17 novembre 2017 11:00\u00a0\u00a0\u00a0 R\u00e8gne min\u00e9ral animal v\u00e9g\u00e9tal: quel apport pour l&rsquo;homme &#8211; Isabelle Girard 11:00\u00a0\u00a0\u00a0&hellip;","og_url":"http:\/\/www.respirelavie.fr\/poitiers\/ateliers-conferences-2017\/","og_site_name":"Salon RESPIRE LA VIE Poitiers","twitter_card":"summary_large_image","twitter_misc":{"Dur\u00e9e de lecture estim\u00e9e":"3 minutes"},"schema":{"@context":"https:\/\/schema.org","@graph":[{"@type":"WebPage","@id":"http:\/\/www.respirelavie.fr\/poitiers\/ateliers-conferences-2017\/","url":"http:\/\/www.respirelavie.fr\/poitiers\/ateliers-conferences-2017\/","name":"Ateliers conf\u00e9rences 2017 - Salon RESPIRE LA VIE Poitiers","isPartOf":{"@id":"https:\/\/www.respirelavie.fr\/poitiers\/#website"},"datePublished":"2018-05-07T12:36:03+00:00","breadcrumb":{"@id":"http:\/\/www.respirelavie.fr\/poitiers\/ateliers-conferences-2017\/#breadcrumb"},"inLanguage":"fr-FR","potentialAction":[{"@type":"ReadAction","target":["http:\/\/www.respirelavie.fr\/poitiers\/ateliers-conferences-2017\/"]}]},{"@type":"BreadcrumbList","@id":"http:\/\/www.respirelavie.fr\/poitiers\/ateliers-conferences-2017\/#breadcrumb","itemListElement":[{"@type":"ListItem","position":1,"name":"Accueil","item":"https:\/\/www.respirelavie.fr\/poitiers\/"},{"@type":"ListItem","position":2,"name":"Ateliers conf\u00e9rences 2017"}]},{"@type":"WebSite","@id":"https:\/\/www.respirelavie.fr\/poitiers\/#website","url":"https:\/\/www.respirelavie.fr\/poitiers\/","name":"Salon RESPIRE LA VIE Poitiers","description":"RESPIRE : votre salon bio, bien-\u00eatre et habitat sain \u00e0 Poitiers","publisher":{"@id":"https:\/\/www.respirelavie.fr\/poitiers\/#organization"},"potentialAction":[{"@type":"SearchAction","target":{"@type":"EntryPoint","urlTemplate":"https:\/\/www.respirelavie.fr\/poitiers\/?s={search_term_string}"},"query-input":{"@type":"PropertyValueSpecification","valueRequired":true,"valueName":"search_term_string"}}],"inLanguage":"fr-FR"},{"@type":"Organization","@id":"https:\/\/www.respirelavie.fr\/poitiers\/#organization","name":"Salon RESPIRE LA VIE Poitiers","url":"https:\/\/www.respirelavie.fr\/poitiers\/","logo":{"@type":"ImageObject","inLanguage":"fr-FR","@id":"https:\/\/www.respirelavie.fr\/poitiers\/#\/schema\/logo\/image\/","url":"http:\/\/www.respirelavie.fr\/poitiers\/wp-content\/uploads\/sites\/3\/2024\/03\/Logo-RESPIRE-LA-VIE-poitiers.jpg","contentUrl":"http:\/\/www.respirelavie.fr\/poitiers\/wp-content\/uploads\/sites\/3\/2024\/03\/Logo-RESPIRE-LA-VIE-poitiers.jpg","width":470,"height":262,"caption":"Salon RESPIRE LA VIE Poitiers"},"image":{"@id":"https:\/\/www.respirelavie.fr\/poitiers\/#\/schema\/logo\/image\/"}}]}},"_links":{"self":[{"href":"http:\/\/www.respirelavie.fr\/poitiers\/wp-json\/wp\/v2\/pages\/5019","targetHints":{"allow":["GET"]}}],"collection":[{"href":"http:\/\/www.respirelavie.fr\/poitiers\/wp-json\/wp\/v2\/pages"}],"about":[{"href":"http:\/\/www.respirelavie.fr\/poitiers\/wp-json\/wp\/v2\/types\/page"}],"author":[{"embeddable":true,"href":"http:\/\/www.respirelavie.fr\/poitiers\/wp-json\/wp\/v2\/users\/1"}],"replies":[{"embeddable":true,"href":"http:\/\/www.respirelavie.fr\/poitiers\/wp-json\/wp\/v2\/comments?post=5019"}],"version-history":[{"count":0,"href":"http:\/\/www.respirelavie.fr\/poitiers\/wp-json\/wp\/v2\/pages\/5019\/revisions"}],"wp:attachment":[{"href":"http:\/\/www.respirelavie.fr\/poitiers\/wp-json\/wp\/v2\/media?parent=5019"}],"curies":[{"name":"wp","href":"https:\/\/api.w.org\/{rel}","templated":true}]}}