{"id":9476,"date":"2023-07-18T15:23:12","date_gmt":"2023-07-18T13:23:12","guid":{"rendered":"https:\/\/www.respirelavie.fr\/poitiers\/?page_id=9476"},"modified":"2024-03-15T10:04:31","modified_gmt":"2024-03-15T09:04:31","slug":"espace-parentalite","status":"publish","type":"page","link":"http:\/\/www.respirelavie.fr\/poitiers\/espace-parentalite\/","title":{"rendered":"Espace parentalit\u00e9"},"content":{"rendered":"<p><img fetchpriority=\"high\" decoding=\"async\" class=\"aligncenter wp-image-9477 size-full\" src=\"https:\/\/www.respirelavie.fr\/poitiers\/wp-content\/uploads\/sites\/3\/2023\/07\/AdobeStock_104817188-scaled-e1604404136974-1024x397-1.jpeg\" alt=\"\" width=\"1024\" height=\"397\" srcset=\"http:\/\/www.respirelavie.fr\/poitiers\/wp-content\/uploads\/sites\/3\/2023\/07\/AdobeStock_104817188-scaled-e1604404136974-1024x397-1.jpeg 1024w, http:\/\/www.respirelavie.fr\/poitiers\/wp-content\/uploads\/sites\/3\/2023\/07\/AdobeStock_104817188-scaled-e1604404136974-1024x397-1-300x116.jpeg 300w, http:\/\/www.respirelavie.fr\/poitiers\/wp-content\/uploads\/sites\/3\/2023\/07\/AdobeStock_104817188-scaled-e1604404136974-1024x397-1-768x298.jpeg 768w, http:\/\/www.respirelavie.fr\/poitiers\/wp-content\/uploads\/sites\/3\/2023\/07\/AdobeStock_104817188-scaled-e1604404136974-1024x397-1-150x58.jpeg 150w, http:\/\/www.respirelavie.fr\/poitiers\/wp-content\/uploads\/sites\/3\/2023\/07\/AdobeStock_104817188-scaled-e1604404136974-1024x397-1-500x194.jpeg 500w\" sizes=\"(max-width: 1024px) 100vw, 1024px\" \/><\/p>\n<p>Un espace vivant d\u00e9di\u00e9 \u00e0 la famille<\/p>\n<p>&nbsp;<\/p>\n<hr \/>\n<p><a href=\"https:\/\/www.respirelavie.fr\/poitiers\/espace-parentalite-2023\/\" target=\"_blank\" rel=\"noopener\"><em>Consultez le programme de l\u2019espace parentalit\u00e9 2023<\/em><\/a><\/p><div id=\"respi-670172687\" class=\"respi-contenu respi-entity-placement\"><script async src=\"\/\/pagead2.googlesyndication.com\/pagead\/js\/adsbygoogle.js?client=ca-pub-7511070832818284\" crossorigin=\"anonymous\"><\/script><ins class=\"adsbygoogle\" style=\"display:block;\" data-ad-client=\"ca-pub-7511070832818284\" \ndata-ad-slot=\"4196289901\" \ndata-ad-format=\"auto\"><\/ins>\n<script> \n(adsbygoogle = window.adsbygoogle || []).push({}); \n<\/script>\n<\/div>\n","protected":false},"excerpt":{"rendered":"<p>Un espace vivant d\u00e9di\u00e9 \u00e0 la famille &nbsp; Consultez le programme de l\u2019espace parentalit\u00e9 2023<\/p>\n","protected":false},"author":7,"featured_media":0,"parent":0,"menu_order":0,"comment_status":"closed","ping_status":"closed","template":"","meta":{"_monsterinsights_skip_tracking":false,"_monsterinsights_sitenote_active":false,"_monsterinsights_sitenote_note":"","_monsterinsights_sitenote_category":0,"footnotes":""},"class_list":["post-9476","page","type-page","status-publish","hentry"],"yoast_head":"<!-- This site is optimized with the Yoast SEO plugin v27.3 - https:\/\/yoast.com\/product\/yoast-seo-wordpress\/ -->\n<title>Espace parentalit\u00e9 - Salon RESPIRE LA VIE Poitiers<\/title>\n<meta name=\"robots\" content=\"index, follow, max-snippet:-1, max-image-preview:large, max-video-preview:-1\" \/>\n<link rel=\"canonical\" href=\"http:\/\/www.respirelavie.fr\/poitiers\/espace-parentalite\/\" \/>\n<meta property=\"og:locale\" content=\"fr_FR\" \/>\n<meta property=\"og:type\" content=\"article\" \/>\n<meta property=\"og:title\" content=\"Espace parentalit\u00e9 - Salon RESPIRE LA VIE Poitiers\" \/>\n<meta property=\"og:description\" content=\"Un espace vivant d\u00e9di\u00e9 \u00e0 la famille &nbsp; Consultez le programme de l\u2019espace parentalit\u00e9 2023\" \/>\n<meta property=\"og:url\" content=\"http:\/\/www.respirelavie.fr\/poitiers\/espace-parentalite\/\" \/>\n<meta property=\"og:site_name\" content=\"Salon RESPIRE LA VIE Poitiers\" \/>\n<meta property=\"article:modified_time\" content=\"2024-03-15T09:04:31+00:00\" \/>\n<meta property=\"og:image\" content=\"https:\/\/www.respirelavie.fr\/poitiers\/wp-content\/uploads\/sites\/3\/2023\/07\/AdobeStock_104817188-scaled-e1604404136974-1024x397-1.jpeg\" \/>\n<meta name=\"twitter:card\" content=\"summary_large_image\" \/>\n<meta name=\"twitter:label1\" content=\"Dur\u00e9e de lecture estim\u00e9e\" \/>\n\t<meta name=\"twitter:data1\" content=\"1 minute\" \/>\n<script type=\"application\/ld+json\" class=\"yoast-schema-graph\">{\"@context\":\"https:\\\/\\\/schema.org\",\"@graph\":[{\"@type\":\"WebPage\",\"@id\":\"http:\\\/\\\/www.respirelavie.fr\\\/poitiers\\\/espace-parentalite\\\/\",\"url\":\"http:\\\/\\\/www.respirelavie.fr\\\/poitiers\\\/espace-parentalite\\\/\",\"name\":\"Espace parentalit\u00e9 - Salon RESPIRE LA VIE Poitiers\",\"isPartOf\":{\"@id\":\"https:\\\/\\\/www.respirelavie.fr\\\/poitiers\\\/#website\"},\"primaryImageOfPage\":{\"@id\":\"http:\\\/\\\/www.respirelavie.fr\\\/poitiers\\\/espace-parentalite\\\/#primaryimage\"},\"image\":{\"@id\":\"http:\\\/\\\/www.respirelavie.fr\\\/poitiers\\\/espace-parentalite\\\/#primaryimage\"},\"thumbnailUrl\":\"https:\\\/\\\/www.respirelavie.fr\\\/poitiers\\\/wp-content\\\/uploads\\\/sites\\\/3\\\/2023\\\/07\\\/AdobeStock_104817188-scaled-e1604404136974-1024x397-1.jpeg\",\"datePublished\":\"2023-07-18T13:23:12+00:00\",\"dateModified\":\"2024-03-15T09:04:31+00:00\",\"breadcrumb\":{\"@id\":\"http:\\\/\\\/www.respirelavie.fr\\\/poitiers\\\/espace-parentalite\\\/#breadcrumb\"},\"inLanguage\":\"fr-FR\",\"potentialAction\":[{\"@type\":\"ReadAction\",\"target\":[\"http:\\\/\\\/www.respirelavie.fr\\\/poitiers\\\/espace-parentalite\\\/\"]}]},{\"@type\":\"ImageObject\",\"inLanguage\":\"fr-FR\",\"@id\":\"http:\\\/\\\/www.respirelavie.fr\\\/poitiers\\\/espace-parentalite\\\/#primaryimage\",\"url\":\"http:\\\/\\\/www.respirelavie.fr\\\/poitiers\\\/wp-content\\\/uploads\\\/sites\\\/3\\\/2023\\\/07\\\/AdobeStock_104817188-scaled-e1604404136974-1024x397-1.jpeg\",\"contentUrl\":\"http:\\\/\\\/www.respirelavie.fr\\\/poitiers\\\/wp-content\\\/uploads\\\/sites\\\/3\\\/2023\\\/07\\\/AdobeStock_104817188-scaled-e1604404136974-1024x397-1.jpeg\",\"width\":1024,\"height\":397,\"caption\":\"Parents Giving Children Piggyback Ride On Walk By Lake\"},{\"@type\":\"BreadcrumbList\",\"@id\":\"http:\\\/\\\/www.respirelavie.fr\\\/poitiers\\\/espace-parentalite\\\/#breadcrumb\",\"itemListElement\":[{\"@type\":\"ListItem\",\"position\":1,\"name\":\"Accueil\",\"item\":\"https:\\\/\\\/www.respirelavie.fr\\\/poitiers\\\/\"},{\"@type\":\"ListItem\",\"position\":2,\"name\":\"Espace parentalit\u00e9\"}]},{\"@type\":\"WebSite\",\"@id\":\"https:\\\/\\\/www.respirelavie.fr\\\/poitiers\\\/#website\",\"url\":\"https:\\\/\\\/www.respirelavie.fr\\\/poitiers\\\/\",\"name\":\"Salon RESPIRE LA VIE Poitiers\",\"description\":\"RESPIRE : votre salon bio, bien-\u00eatre et habitat sain \u00e0 Poitiers\",\"publisher\":{\"@id\":\"https:\\\/\\\/www.respirelavie.fr\\\/poitiers\\\/#organization\"},\"potentialAction\":[{\"@type\":\"SearchAction\",\"target\":{\"@type\":\"EntryPoint\",\"urlTemplate\":\"https:\\\/\\\/www.respirelavie.fr\\\/poitiers\\\/?s={search_term_string}\"},\"query-input\":{\"@type\":\"PropertyValueSpecification\",\"valueRequired\":true,\"valueName\":\"search_term_string\"}}],\"inLanguage\":\"fr-FR\"},{\"@type\":\"Organization\",\"@id\":\"https:\\\/\\\/www.respirelavie.fr\\\/poitiers\\\/#organization\",\"name\":\"Salon RESPIRE LA VIE Poitiers\",\"url\":\"https:\\\/\\\/www.respirelavie.fr\\\/poitiers\\\/\",\"logo\":{\"@type\":\"ImageObject\",\"inLanguage\":\"fr-FR\",\"@id\":\"https:\\\/\\\/www.respirelavie.fr\\\/poitiers\\\/#\\\/schema\\\/logo\\\/image\\\/\",\"url\":\"http:\\\/\\\/www.respirelavie.fr\\\/poitiers\\\/wp-content\\\/uploads\\\/sites\\\/3\\\/2024\\\/03\\\/Logo-RESPIRE-LA-VIE-poitiers.jpg\",\"contentUrl\":\"http:\\\/\\\/www.respirelavie.fr\\\/poitiers\\\/wp-content\\\/uploads\\\/sites\\\/3\\\/2024\\\/03\\\/Logo-RESPIRE-LA-VIE-poitiers.jpg\",\"width\":470,\"height\":262,\"caption\":\"Salon RESPIRE LA VIE Poitiers\"},\"image\":{\"@id\":\"https:\\\/\\\/www.respirelavie.fr\\\/poitiers\\\/#\\\/schema\\\/logo\\\/image\\\/\"}}]}<\/script>\n<!-- \/ Yoast SEO plugin. -->","yoast_head_json":{"title":"Espace parentalit\u00e9 - Salon RESPIRE LA VIE Poitiers","robots":{"index":"index","follow":"follow","max-snippet":"max-snippet:-1","max-image-preview":"max-image-preview:large","max-video-preview":"max-video-preview:-1"},"canonical":"http:\/\/www.respirelavie.fr\/poitiers\/espace-parentalite\/","og_locale":"fr_FR","og_type":"article","og_title":"Espace parentalit\u00e9 - Salon RESPIRE LA VIE Poitiers","og_description":"Un espace vivant d\u00e9di\u00e9 \u00e0 la famille &nbsp; Consultez le programme de l\u2019espace parentalit\u00e9 2023","og_url":"http:\/\/www.respirelavie.fr\/poitiers\/espace-parentalite\/","og_site_name":"Salon RESPIRE LA VIE Poitiers","article_modified_time":"2024-03-15T09:04:31+00:00","og_image":[{"url":"https:\/\/www.respirelavie.fr\/poitiers\/wp-content\/uploads\/sites\/3\/2023\/07\/AdobeStock_104817188-scaled-e1604404136974-1024x397-1.jpeg","type":"","width":"","height":""}],"twitter_card":"summary_large_image","twitter_misc":{"Dur\u00e9e de lecture estim\u00e9e":"1 minute"},"schema":{"@context":"https:\/\/schema.org","@graph":[{"@type":"WebPage","@id":"http:\/\/www.respirelavie.fr\/poitiers\/espace-parentalite\/","url":"http:\/\/www.respirelavie.fr\/poitiers\/espace-parentalite\/","name":"Espace parentalit\u00e9 - Salon RESPIRE LA VIE Poitiers","isPartOf":{"@id":"https:\/\/www.respirelavie.fr\/poitiers\/#website"},"primaryImageOfPage":{"@id":"http:\/\/www.respirelavie.fr\/poitiers\/espace-parentalite\/#primaryimage"},"image":{"@id":"http:\/\/www.respirelavie.fr\/poitiers\/espace-parentalite\/#primaryimage"},"thumbnailUrl":"https:\/\/www.respirelavie.fr\/poitiers\/wp-content\/uploads\/sites\/3\/2023\/07\/AdobeStock_104817188-scaled-e1604404136974-1024x397-1.jpeg","datePublished":"2023-07-18T13:23:12+00:00","dateModified":"2024-03-15T09:04:31+00:00","breadcrumb":{"@id":"http:\/\/www.respirelavie.fr\/poitiers\/espace-parentalite\/#breadcrumb"},"inLanguage":"fr-FR","potentialAction":[{"@type":"ReadAction","target":["http:\/\/www.respirelavie.fr\/poitiers\/espace-parentalite\/"]}]},{"@type":"ImageObject","inLanguage":"fr-FR","@id":"http:\/\/www.respirelavie.fr\/poitiers\/espace-parentalite\/#primaryimage","url":"http:\/\/www.respirelavie.fr\/poitiers\/wp-content\/uploads\/sites\/3\/2023\/07\/AdobeStock_104817188-scaled-e1604404136974-1024x397-1.jpeg","contentUrl":"http:\/\/www.respirelavie.fr\/poitiers\/wp-content\/uploads\/sites\/3\/2023\/07\/AdobeStock_104817188-scaled-e1604404136974-1024x397-1.jpeg","width":1024,"height":397,"caption":"Parents Giving Children Piggyback Ride On Walk By Lake"},{"@type":"BreadcrumbList","@id":"http:\/\/www.respirelavie.fr\/poitiers\/espace-parentalite\/#breadcrumb","itemListElement":[{"@type":"ListItem","position":1,"name":"Accueil","item":"https:\/\/www.respirelavie.fr\/poitiers\/"},{"@type":"ListItem","position":2,"name":"Espace parentalit\u00e9"}]},{"@type":"WebSite","@id":"https:\/\/www.respirelavie.fr\/poitiers\/#website","url":"https:\/\/www.respirelavie.fr\/poitiers\/","name":"Salon RESPIRE LA VIE Poitiers","description":"RESPIRE : votre salon bio, bien-\u00eatre et habitat sain \u00e0 Poitiers","publisher":{"@id":"https:\/\/www.respirelavie.fr\/poitiers\/#organization"},"potentialAction":[{"@type":"SearchAction","target":{"@type":"EntryPoint","urlTemplate":"https:\/\/www.respirelavie.fr\/poitiers\/?s={search_term_string}"},"query-input":{"@type":"PropertyValueSpecification","valueRequired":true,"valueName":"search_term_string"}}],"inLanguage":"fr-FR"},{"@type":"Organization","@id":"https:\/\/www.respirelavie.fr\/poitiers\/#organization","name":"Salon RESPIRE LA VIE Poitiers","url":"https:\/\/www.respirelavie.fr\/poitiers\/","logo":{"@type":"ImageObject","inLanguage":"fr-FR","@id":"https:\/\/www.respirelavie.fr\/poitiers\/#\/schema\/logo\/image\/","url":"http:\/\/www.respirelavie.fr\/poitiers\/wp-content\/uploads\/sites\/3\/2024\/03\/Logo-RESPIRE-LA-VIE-poitiers.jpg","contentUrl":"http:\/\/www.respirelavie.fr\/poitiers\/wp-content\/uploads\/sites\/3\/2024\/03\/Logo-RESPIRE-LA-VIE-poitiers.jpg","width":470,"height":262,"caption":"Salon RESPIRE LA VIE Poitiers"},"image":{"@id":"https:\/\/www.respirelavie.fr\/poitiers\/#\/schema\/logo\/image\/"}}]}},"_links":{"self":[{"href":"http:\/\/www.respirelavie.fr\/poitiers\/wp-json\/wp\/v2\/pages\/9476","targetHints":{"allow":["GET"]}}],"collection":[{"href":"http:\/\/www.respirelavie.fr\/poitiers\/wp-json\/wp\/v2\/pages"}],"about":[{"href":"http:\/\/www.respirelavie.fr\/poitiers\/wp-json\/wp\/v2\/types\/page"}],"author":[{"embeddable":true,"href":"http:\/\/www.respirelavie.fr\/poitiers\/wp-json\/wp\/v2\/users\/7"}],"replies":[{"embeddable":true,"href":"http:\/\/www.respirelavie.fr\/poitiers\/wp-json\/wp\/v2\/comments?post=9476"}],"version-history":[{"count":2,"href":"http:\/\/www.respirelavie.fr\/poitiers\/wp-json\/wp\/v2\/pages\/9476\/revisions"}],"predecessor-version":[{"id":10290,"href":"http:\/\/www.respirelavie.fr\/poitiers\/wp-json\/wp\/v2\/pages\/9476\/revisions\/10290"}],"wp:attachment":[{"href":"http:\/\/www.respirelavie.fr\/poitiers\/wp-json\/wp\/v2\/media?parent=9476"}],"curies":[{"name":"wp","href":"https:\/\/api.w.org\/{rel}","templated":true}]}}