{"id":9703,"date":"2023-08-25T16:49:53","date_gmt":"2023-08-25T14:49:53","guid":{"rendered":"https:\/\/www.respirelavie.fr\/poitiers\/?page_id=9703"},"modified":"2024-03-18T14:44:08","modified_gmt":"2024-03-18T13:44:08","slug":"espace-les-ptits-nouveaux","status":"publish","type":"page","link":"http:\/\/www.respirelavie.fr\/poitiers\/visiter\/espace-les-ptits-nouveaux\/","title":{"rendered":"Espace Les P&rsquo;tits Nouveaux"},"content":{"rendered":"<p><img decoding=\"async\" class=\"wp-image-9704 aligncenter\" src=\"https:\/\/www.respirelavie.fr\/poitiers\/wp-content\/uploads\/sites\/3\/2023\/08\/V8.2-Pieds-e1692973460171-300x62.png\" alt=\"\" width=\"402\" height=\"83\" srcset=\"http:\/\/www.respirelavie.fr\/poitiers\/wp-content\/uploads\/sites\/3\/2023\/08\/V8.2-Pieds-e1692973460171-300x62.png 300w, http:\/\/www.respirelavie.fr\/poitiers\/wp-content\/uploads\/sites\/3\/2023\/08\/V8.2-Pieds-e1692973460171-1024x213.png 1024w, http:\/\/www.respirelavie.fr\/poitiers\/wp-content\/uploads\/sites\/3\/2023\/08\/V8.2-Pieds-e1692973460171-768x160.png 768w, http:\/\/www.respirelavie.fr\/poitiers\/wp-content\/uploads\/sites\/3\/2023\/08\/V8.2-Pieds-e1692973460171-150x31.png 150w, http:\/\/www.respirelavie.fr\/poitiers\/wp-content\/uploads\/sites\/3\/2023\/08\/V8.2-Pieds-e1692973460171-500x104.png 500w, http:\/\/www.respirelavie.fr\/poitiers\/wp-content\/uploads\/sites\/3\/2023\/08\/V8.2-Pieds-e1692973460171.png 1105w\" sizes=\"(max-width: 402px) 100vw, 402px\" \/><\/p>\n<h2><\/h2>\n<h2>Les P&rsquo;tits Nouveaux, c\u2019est quoi ?<\/h2>\n<h3>Une p\u00e9pini\u00e8re d\u2019id\u00e9es audacieuses, de pratiques nouvelles &amp; originales\u00a0!<\/h3>\n<p>Le salon Respire La Vie ouvre ses portes aux tr\u00e8s jeunes entreprises n\u00e9es depuis peu et qui participent pour la premi\u00e8re fois \u00e0 l\u2019\u00e9v\u00e9nement.<\/p>\n<h3>C\u2019est aussi un nouveau regard pour toujours plus d\u2019id\u00e9es !<\/h3>\n<p>Un village d\u00e9di\u00e9 \u00e0 une vingtaine de \u00ab P\u2019tits nouveaux \u00bb, regroup\u00e9s au c\u0153ur du salon, en un lieu facilement rep\u00e9rable gr\u00e2ce \u00e0 une signal\u00e9tique sp\u00e9cifique. Il sera impossible de ne pas les rencontrer.<\/p>\n<p>&nbsp;<\/p><div id=\"respi-2999877297\" class=\"respi-contenu respi-entity-placement\"><script async src=\"\/\/pagead2.googlesyndication.com\/pagead\/js\/adsbygoogle.js?client=ca-pub-7511070832818284\" crossorigin=\"anonymous\"><\/script><ins class=\"adsbygoogle\" style=\"display:block;\" data-ad-client=\"ca-pub-7511070832818284\" \ndata-ad-slot=\"4196289901\" \ndata-ad-format=\"auto\"><\/ins>\n<script> \n(adsbygoogle = window.adsbygoogle || []).push({}); \n<\/script>\n<\/div>\n<p>&nbsp;<\/p>\n<h2><\/h2>\n<h2>Mais qui sont ces \u00ab P\u2019tits nouveaux \u00bb ?<\/h2>\n<p>A retrouver bient\u00f4t !<\/p>\n<hr \/>\n<p><em><a href=\"https:\/\/www.respirelavie.fr\/poitiers\/espace-les-ptits-nouveaux-2023\/\" target=\"_blank\" rel=\"noopener\">Retrouvez l&rsquo;espace Les P&rsquo;tits Nouveaux 2023<\/a><\/em><\/p>\n<p>&nbsp;<\/p>\n","protected":false},"excerpt":{"rendered":"<p>Les P&rsquo;tits Nouveaux, c\u2019est quoi ? Une p\u00e9pini\u00e8re d\u2019id\u00e9es audacieuses, de pratiques nouvelles &amp; originales\u00a0! Le salon Respire La Vie ouvre ses portes aux tr\u00e8s jeunes entreprises n\u00e9es depuis peu et qui participent pour la premi\u00e8re fois \u00e0 l\u2019\u00e9v\u00e9nement. C\u2019est aussi un nouveau regard pour toujours plus d\u2019id\u00e9es ! Un village d\u00e9di\u00e9 \u00e0 une vingtaine&hellip; <\/p>\n","protected":false},"author":7,"featured_media":0,"parent":3843,"menu_order":3,"comment_status":"closed","ping_status":"closed","template":"","meta":{"_monsterinsights_skip_tracking":false,"_monsterinsights_sitenote_active":false,"_monsterinsights_sitenote_note":"","_monsterinsights_sitenote_category":0,"footnotes":""},"class_list":["post-9703","page","type-page","status-publish","hentry"],"yoast_head":"<!-- This site is optimized with the Yoast SEO plugin v27.3 - https:\/\/yoast.com\/product\/yoast-seo-wordpress\/ -->\n<title>Espace Les P&#039;tits Nouveaux - Salon RESPIRE LA VIE Poitiers<\/title>\n<meta name=\"robots\" content=\"index, follow, max-snippet:-1, max-image-preview:large, max-video-preview:-1\" \/>\n<link rel=\"canonical\" href=\"http:\/\/www.respirelavie.fr\/poitiers\/visiter\/espace-les-ptits-nouveaux\/\" \/>\n<meta property=\"og:locale\" content=\"fr_FR\" \/>\n<meta property=\"og:type\" content=\"article\" \/>\n<meta property=\"og:title\" content=\"Espace Les P&#039;tits Nouveaux - Salon RESPIRE LA VIE Poitiers\" \/>\n<meta property=\"og:description\" content=\"Les P&rsquo;tits Nouveaux, c\u2019est quoi ? Une p\u00e9pini\u00e8re d\u2019id\u00e9es audacieuses, de pratiques nouvelles &amp; originales\u00a0! Le salon Respire La Vie ouvre ses portes aux tr\u00e8s jeunes entreprises n\u00e9es depuis peu et qui participent pour la premi\u00e8re fois \u00e0 l\u2019\u00e9v\u00e9nement. C\u2019est aussi un nouveau regard pour toujours plus d\u2019id\u00e9es ! Un village d\u00e9di\u00e9 \u00e0 une vingtaine&hellip;\" \/>\n<meta property=\"og:url\" content=\"http:\/\/www.respirelavie.fr\/poitiers\/visiter\/espace-les-ptits-nouveaux\/\" \/>\n<meta property=\"og:site_name\" content=\"Salon RESPIRE LA VIE Poitiers\" \/>\n<meta property=\"article:modified_time\" content=\"2024-03-18T13:44:08+00:00\" \/>\n<meta property=\"og:image\" content=\"https:\/\/www.respirelavie.fr\/poitiers\/wp-content\/uploads\/sites\/3\/2023\/08\/V8.2-Pieds-e1692973460171-300x62.png\" \/>\n<meta name=\"twitter:card\" content=\"summary_large_image\" \/>\n<meta name=\"twitter:label1\" content=\"Dur\u00e9e de lecture estim\u00e9e\" \/>\n\t<meta name=\"twitter:data1\" content=\"1 minute\" \/>\n<script type=\"application\/ld+json\" class=\"yoast-schema-graph\">{\"@context\":\"https:\\\/\\\/schema.org\",\"@graph\":[{\"@type\":\"WebPage\",\"@id\":\"http:\\\/\\\/www.respirelavie.fr\\\/poitiers\\\/visiter\\\/espace-les-ptits-nouveaux\\\/\",\"url\":\"http:\\\/\\\/www.respirelavie.fr\\\/poitiers\\\/visiter\\\/espace-les-ptits-nouveaux\\\/\",\"name\":\"Espace Les P'tits Nouveaux - Salon RESPIRE LA VIE Poitiers\",\"isPartOf\":{\"@id\":\"http:\\\/\\\/www.respirelavie.fr\\\/poitiers\\\/#website\"},\"primaryImageOfPage\":{\"@id\":\"http:\\\/\\\/www.respirelavie.fr\\\/poitiers\\\/visiter\\\/espace-les-ptits-nouveaux\\\/#primaryimage\"},\"image\":{\"@id\":\"http:\\\/\\\/www.respirelavie.fr\\\/poitiers\\\/visiter\\\/espace-les-ptits-nouveaux\\\/#primaryimage\"},\"thumbnailUrl\":\"https:\\\/\\\/www.respirelavie.fr\\\/poitiers\\\/wp-content\\\/uploads\\\/sites\\\/3\\\/2023\\\/08\\\/V8.2-Pieds-e1692973460171-300x62.png\",\"datePublished\":\"2023-08-25T14:49:53+00:00\",\"dateModified\":\"2024-03-18T13:44:08+00:00\",\"breadcrumb\":{\"@id\":\"http:\\\/\\\/www.respirelavie.fr\\\/poitiers\\\/visiter\\\/espace-les-ptits-nouveaux\\\/#breadcrumb\"},\"inLanguage\":\"fr-FR\",\"potentialAction\":[{\"@type\":\"ReadAction\",\"target\":[\"http:\\\/\\\/www.respirelavie.fr\\\/poitiers\\\/visiter\\\/espace-les-ptits-nouveaux\\\/\"]}]},{\"@type\":\"ImageObject\",\"inLanguage\":\"fr-FR\",\"@id\":\"http:\\\/\\\/www.respirelavie.fr\\\/poitiers\\\/visiter\\\/espace-les-ptits-nouveaux\\\/#primaryimage\",\"url\":\"http:\\\/\\\/www.respirelavie.fr\\\/poitiers\\\/wp-content\\\/uploads\\\/sites\\\/3\\\/2023\\\/08\\\/V8.2-Pieds-e1692973460171.png\",\"contentUrl\":\"http:\\\/\\\/www.respirelavie.fr\\\/poitiers\\\/wp-content\\\/uploads\\\/sites\\\/3\\\/2023\\\/08\\\/V8.2-Pieds-e1692973460171.png\",\"width\":1105,\"height\":230},{\"@type\":\"BreadcrumbList\",\"@id\":\"http:\\\/\\\/www.respirelavie.fr\\\/poitiers\\\/visiter\\\/espace-les-ptits-nouveaux\\\/#breadcrumb\",\"itemListElement\":[{\"@type\":\"ListItem\",\"position\":1,\"name\":\"Accueil\",\"item\":\"http:\\\/\\\/www.respirelavie.fr\\\/poitiers\\\/\"},{\"@type\":\"ListItem\",\"position\":2,\"name\":\"Visiter le salon Respire \u00e0 Poitiers\",\"item\":\"https:\\\/\\\/www.respirelavie.fr\\\/poitiers\\\/visiter\\\/\"},{\"@type\":\"ListItem\",\"position\":3,\"name\":\"Espace Les P&rsquo;tits Nouveaux\"}]},{\"@type\":\"WebSite\",\"@id\":\"http:\\\/\\\/www.respirelavie.fr\\\/poitiers\\\/#website\",\"url\":\"http:\\\/\\\/www.respirelavie.fr\\\/poitiers\\\/\",\"name\":\"Salon RESPIRE LA VIE Poitiers\",\"description\":\"RESPIRE : votre salon bio, bien-\u00eatre et habitat sain \u00e0 Poitiers\",\"publisher\":{\"@id\":\"http:\\\/\\\/www.respirelavie.fr\\\/poitiers\\\/#organization\"},\"potentialAction\":[{\"@type\":\"SearchAction\",\"target\":{\"@type\":\"EntryPoint\",\"urlTemplate\":\"http:\\\/\\\/www.respirelavie.fr\\\/poitiers\\\/?s={search_term_string}\"},\"query-input\":{\"@type\":\"PropertyValueSpecification\",\"valueRequired\":true,\"valueName\":\"search_term_string\"}}],\"inLanguage\":\"fr-FR\"},{\"@type\":\"Organization\",\"@id\":\"http:\\\/\\\/www.respirelavie.fr\\\/poitiers\\\/#organization\",\"name\":\"Salon RESPIRE LA VIE Poitiers\",\"url\":\"http:\\\/\\\/www.respirelavie.fr\\\/poitiers\\\/\",\"logo\":{\"@type\":\"ImageObject\",\"inLanguage\":\"fr-FR\",\"@id\":\"http:\\\/\\\/www.respirelavie.fr\\\/poitiers\\\/#\\\/schema\\\/logo\\\/image\\\/\",\"url\":\"http:\\\/\\\/www.respirelavie.fr\\\/poitiers\\\/wp-content\\\/uploads\\\/sites\\\/3\\\/2024\\\/03\\\/Logo-RESPIRE-LA-VIE-poitiers.jpg\",\"contentUrl\":\"http:\\\/\\\/www.respirelavie.fr\\\/poitiers\\\/wp-content\\\/uploads\\\/sites\\\/3\\\/2024\\\/03\\\/Logo-RESPIRE-LA-VIE-poitiers.jpg\",\"width\":470,\"height\":262,\"caption\":\"Salon RESPIRE LA VIE Poitiers\"},\"image\":{\"@id\":\"http:\\\/\\\/www.respirelavie.fr\\\/poitiers\\\/#\\\/schema\\\/logo\\\/image\\\/\"}}]}<\/script>\n<!-- \/ Yoast SEO plugin. -->","yoast_head_json":{"title":"Espace Les P'tits Nouveaux - Salon RESPIRE LA VIE Poitiers","robots":{"index":"index","follow":"follow","max-snippet":"max-snippet:-1","max-image-preview":"max-image-preview:large","max-video-preview":"max-video-preview:-1"},"canonical":"http:\/\/www.respirelavie.fr\/poitiers\/visiter\/espace-les-ptits-nouveaux\/","og_locale":"fr_FR","og_type":"article","og_title":"Espace Les P'tits Nouveaux - Salon RESPIRE LA VIE Poitiers","og_description":"Les P&rsquo;tits Nouveaux, c\u2019est quoi ? Une p\u00e9pini\u00e8re d\u2019id\u00e9es audacieuses, de pratiques nouvelles &amp; originales\u00a0! Le salon Respire La Vie ouvre ses portes aux tr\u00e8s jeunes entreprises n\u00e9es depuis peu et qui participent pour la premi\u00e8re fois \u00e0 l\u2019\u00e9v\u00e9nement. C\u2019est aussi un nouveau regard pour toujours plus d\u2019id\u00e9es ! Un village d\u00e9di\u00e9 \u00e0 une vingtaine&hellip;","og_url":"http:\/\/www.respirelavie.fr\/poitiers\/visiter\/espace-les-ptits-nouveaux\/","og_site_name":"Salon RESPIRE LA VIE Poitiers","article_modified_time":"2024-03-18T13:44:08+00:00","og_image":[{"url":"https:\/\/www.respirelavie.fr\/poitiers\/wp-content\/uploads\/sites\/3\/2023\/08\/V8.2-Pieds-e1692973460171-300x62.png","type":"","width":"","height":""}],"twitter_card":"summary_large_image","twitter_misc":{"Dur\u00e9e de lecture estim\u00e9e":"1 minute"},"schema":{"@context":"https:\/\/schema.org","@graph":[{"@type":"WebPage","@id":"http:\/\/www.respirelavie.fr\/poitiers\/visiter\/espace-les-ptits-nouveaux\/","url":"http:\/\/www.respirelavie.fr\/poitiers\/visiter\/espace-les-ptits-nouveaux\/","name":"Espace Les P'tits Nouveaux - Salon RESPIRE LA VIE Poitiers","isPartOf":{"@id":"http:\/\/www.respirelavie.fr\/poitiers\/#website"},"primaryImageOfPage":{"@id":"http:\/\/www.respirelavie.fr\/poitiers\/visiter\/espace-les-ptits-nouveaux\/#primaryimage"},"image":{"@id":"http:\/\/www.respirelavie.fr\/poitiers\/visiter\/espace-les-ptits-nouveaux\/#primaryimage"},"thumbnailUrl":"https:\/\/www.respirelavie.fr\/poitiers\/wp-content\/uploads\/sites\/3\/2023\/08\/V8.2-Pieds-e1692973460171-300x62.png","datePublished":"2023-08-25T14:49:53+00:00","dateModified":"2024-03-18T13:44:08+00:00","breadcrumb":{"@id":"http:\/\/www.respirelavie.fr\/poitiers\/visiter\/espace-les-ptits-nouveaux\/#breadcrumb"},"inLanguage":"fr-FR","potentialAction":[{"@type":"ReadAction","target":["http:\/\/www.respirelavie.fr\/poitiers\/visiter\/espace-les-ptits-nouveaux\/"]}]},{"@type":"ImageObject","inLanguage":"fr-FR","@id":"http:\/\/www.respirelavie.fr\/poitiers\/visiter\/espace-les-ptits-nouveaux\/#primaryimage","url":"http:\/\/www.respirelavie.fr\/poitiers\/wp-content\/uploads\/sites\/3\/2023\/08\/V8.2-Pieds-e1692973460171.png","contentUrl":"http:\/\/www.respirelavie.fr\/poitiers\/wp-content\/uploads\/sites\/3\/2023\/08\/V8.2-Pieds-e1692973460171.png","width":1105,"height":230},{"@type":"BreadcrumbList","@id":"http:\/\/www.respirelavie.fr\/poitiers\/visiter\/espace-les-ptits-nouveaux\/#breadcrumb","itemListElement":[{"@type":"ListItem","position":1,"name":"Accueil","item":"http:\/\/www.respirelavie.fr\/poitiers\/"},{"@type":"ListItem","position":2,"name":"Visiter le salon Respire \u00e0 Poitiers","item":"https:\/\/www.respirelavie.fr\/poitiers\/visiter\/"},{"@type":"ListItem","position":3,"name":"Espace Les P&rsquo;tits Nouveaux"}]},{"@type":"WebSite","@id":"http:\/\/www.respirelavie.fr\/poitiers\/#website","url":"http:\/\/www.respirelavie.fr\/poitiers\/","name":"Salon RESPIRE LA VIE Poitiers","description":"RESPIRE : votre salon bio, bien-\u00eatre et habitat sain \u00e0 Poitiers","publisher":{"@id":"http:\/\/www.respirelavie.fr\/poitiers\/#organization"},"potentialAction":[{"@type":"SearchAction","target":{"@type":"EntryPoint","urlTemplate":"http:\/\/www.respirelavie.fr\/poitiers\/?s={search_term_string}"},"query-input":{"@type":"PropertyValueSpecification","valueRequired":true,"valueName":"search_term_string"}}],"inLanguage":"fr-FR"},{"@type":"Organization","@id":"http:\/\/www.respirelavie.fr\/poitiers\/#organization","name":"Salon RESPIRE LA VIE Poitiers","url":"http:\/\/www.respirelavie.fr\/poitiers\/","logo":{"@type":"ImageObject","inLanguage":"fr-FR","@id":"http:\/\/www.respirelavie.fr\/poitiers\/#\/schema\/logo\/image\/","url":"http:\/\/www.respirelavie.fr\/poitiers\/wp-content\/uploads\/sites\/3\/2024\/03\/Logo-RESPIRE-LA-VIE-poitiers.jpg","contentUrl":"http:\/\/www.respirelavie.fr\/poitiers\/wp-content\/uploads\/sites\/3\/2024\/03\/Logo-RESPIRE-LA-VIE-poitiers.jpg","width":470,"height":262,"caption":"Salon RESPIRE LA VIE Poitiers"},"image":{"@id":"http:\/\/www.respirelavie.fr\/poitiers\/#\/schema\/logo\/image\/"}}]}},"_links":{"self":[{"href":"http:\/\/www.respirelavie.fr\/poitiers\/wp-json\/wp\/v2\/pages\/9703","targetHints":{"allow":["GET"]}}],"collection":[{"href":"http:\/\/www.respirelavie.fr\/poitiers\/wp-json\/wp\/v2\/pages"}],"about":[{"href":"http:\/\/www.respirelavie.fr\/poitiers\/wp-json\/wp\/v2\/types\/page"}],"author":[{"embeddable":true,"href":"http:\/\/www.respirelavie.fr\/poitiers\/wp-json\/wp\/v2\/users\/7"}],"replies":[{"embeddable":true,"href":"http:\/\/www.respirelavie.fr\/poitiers\/wp-json\/wp\/v2\/comments?post=9703"}],"version-history":[{"count":7,"href":"http:\/\/www.respirelavie.fr\/poitiers\/wp-json\/wp\/v2\/pages\/9703\/revisions"}],"predecessor-version":[{"id":10363,"href":"http:\/\/www.respirelavie.fr\/poitiers\/wp-json\/wp\/v2\/pages\/9703\/revisions\/10363"}],"up":[{"embeddable":true,"href":"http:\/\/www.respirelavie.fr\/poitiers\/wp-json\/wp\/v2\/pages\/3843"}],"wp:attachment":[{"href":"http:\/\/www.respirelavie.fr\/poitiers\/wp-json\/wp\/v2\/media?parent=9703"}],"curies":[{"name":"wp","href":"https:\/\/api.w.org\/{rel}","templated":true}]}}