{"id":10119,"date":"2023-12-12T12:49:30","date_gmt":"2023-12-12T11:49:30","guid":{"rendered":"https:\/\/www.respirelavie.fr\/rennes\/?page_id=10119"},"modified":"2023-12-12T12:49:30","modified_gmt":"2023-12-12T11:49:30","slug":"conferences-2023","status":"publish","type":"page","link":"http:\/\/www.respirelavie.fr\/rennes\/conferences-2023\/","title":{"rendered":"Conf\u00e9rences 2023"},"content":{"rendered":"<p>Des conf\u00e9rences sont organis\u00e9es pour permettre au public de d\u00e9couvrir et mieux comprendre les m\u00e9thodes et les produits pr\u00e9sent\u00e9s sur le salon.<\/p>\n<p>Les conf\u00e9rences se tiennent dans les salles suivantes :<br \/>\n<span style=\"color: #55a932;\"><strong>Salle VILAINE<\/strong><\/span><br \/>\n<span style=\"color: #2f6eba;\"><strong><span class=\"Apple-converted-space\"><span class=\"s4\">Salle SAINTE-ANNE<br \/>\n<span style=\"color: #de8344;\">Salle THABOR<\/span><br \/>\n<\/span><\/span><\/strong><\/span><\/p>\n<h2 class=\"p1\"><strong>VENDREDI 24 F\u00c9VRIER 2023<\/strong><\/h2>\n<p><span style=\"color: #2f6eba;\"><strong><span style=\"color: #4fad5b;\">10:30<\/span> <\/strong><\/span>R\u00e9flexes primordiaux, troubles apprentissages et potentiels \u00e0 lib\u00e9rer <strong>&#8211; <\/strong><strong><em>Jocelyne Bazureau<\/em><\/strong><span style=\"color: #2f6eba;\"><strong><br \/>\n11:00<\/strong><\/span> Vers une communication vraie et authentique <em><strong>&#8211; B\u00e9rang\u00e8re Baglin<\/strong><br \/>\n<\/em><span style=\"color: #de8344;\"><strong>11:00<\/strong><\/span> Le r\u00eave lucide, domestiquer son sommeil et entrer dans le monde fabuleux de vos nuits &#8211; <em><strong>Gilles Le Picard<\/strong><\/em><br \/>\n<span style=\"color: #4fad5b;\"><strong>11:30<\/strong><\/span> R\u00e9ussir ses pains et p\u00e2tisseries au levain naturel &#8211; <em><strong>Marl\u00e8ne Fiorot<br \/>\n<\/strong><\/em><span style=\"color: #2f6eba;\"><strong>12:00<\/strong><\/span> La num\u00e9rologie pour d\u00e9couvrir votre chemin de vie <em><strong>&#8211; Marie Wecxsteen<br \/>\n<\/strong><\/em><span style=\"color: #e18c54;\"><strong>12:00<\/strong><\/span> Comment optimiser notre &#8220;\u00e9nergie&#8221; et celle de nos lieux de vie et de travail au quotidien ?<em><strong>\u00a0&#8211; Serge Moinet\u00a0<\/strong><\/em><br \/>\n<span style=\"color: #4fad5b;\"><strong>13:00<\/strong><\/span> Lecture intuitive et soins de l&#8217;aura &#8211; <em><strong>Sylvain Belanger<\/strong><\/em><br \/>\n<span style=\"color: #2f6eba;\"><strong>13:00<\/strong><\/span> Min\u00e9raux : origines\/utilisations &#8211; <em><strong>Jean-Claude Kennedec<\/strong><\/em><br \/>\n<span style=\"color: #de8344;\"><strong>13:00<\/strong><\/span> Orgonites, protection des ondes \u00e9lectromagn\u00e9tiques et g\u00e9obiologie &#8211; <em><strong>Thierry Hermann<\/strong><\/em><br \/>\n<strong><span style=\"color: #4fad5b;\">14:00<\/span><\/strong> Les plantes sauvages au secours de nos articulations et de notre sant\u00e9 : les bons conseils du P\u00e8re Jean &#8211; <em><strong>Jean-p\u00f4l Clesse<\/strong><\/em><br \/>\n<span style=\"color: #2f6eba;\"><strong>14:00<\/strong><\/span> \u00c9quilibre acido-basique et sant\u00e9 &#8211; <em><strong>Patricia Paisant<\/strong><\/em><br \/>\n<strong><span style=\"color: #de8344;\">14:00<\/span><\/strong> Gu\u00e9rir les blessures du pass\u00e9 pour mieux vivre l\u2019instant pr\u00e9sent : le l\u00e2cher prise &#8211; <em><strong>H\u00e9l\u00e8ne Girardin<\/strong><\/em><br \/>\n<strong><span style=\"color: #4fad5b;\">15:00<\/span><\/strong> Prot\u00e9ines : priorit\u00e9 au v\u00e9g\u00e9tal &#8211; <em><strong>Dr<\/strong> <strong>Lylian Le Goff<\/strong><\/em><br \/>\n<span style=\"color: #2f6eba;\"><strong>15:00<\/strong><\/span> L\u2019habitat participatif et inclusif en autopromotion : avantages et inconv\u00e9nients &#8211; <em><strong>H\u00e9l\u00e8ne Le Douguet<br \/>\n<\/strong><\/em><strong><span style=\"color: #e18c54;\">15:00<\/span> <\/strong>Une bonne masse osseuse, y compris pour nos m\u00e2choires : comment la remonter s\u00fbrement ?<em><strong>\u00a0&#8211; France Guillain<br \/>\n<\/strong><\/em><span style=\"color: #2f6eba;\"><strong>16:00<\/strong><\/span> Le r\u00eave lucide, domestiquer son sommeil et entrer dans le monde fabuleux de vos nuits &#8211; <em><strong>Gilles Le Picard<\/strong><\/em><br \/>\n<span style=\"color: #de8344;\"><strong>16:00<\/strong><\/span> &#8211; Incroyable pouvoir de l&#8217;acupuncture ! Quelle acupuncture pour am\u00e9liorer la sant\u00e9 au quotidien ? &#8211; <em><strong>Hwang Chang<\/strong><\/em><br \/>\n<span style=\"color: #4fad5b;\"><strong>16:30<\/strong><\/span> Retrouver et gu\u00e9rir son enfant int\u00e9rieur &#8211; La R\u00e9silience : une \u00e9tape th\u00e9rapeutique essentielle &#8211; <em><strong>H\u00e9l\u00e8ne Girardin<br \/>\n<\/strong><\/em><span style=\"color: #2f6eba;\"><strong>17:00 <\/strong><\/span>Le je\u00fbne et ses bienfaits <em><strong>&#8211; Camille Fauvel<br \/>\n<\/strong><\/em><strong><span style=\"color: #e18c54;\">17:00<\/span> <\/strong>Lecture intuitive et soins de l&#8217;aura<em><strong> &#8211; Sylvain Belanger<br \/>\n<\/strong><\/em><strong><span style=\"color: #4fad5b;\">17:30<\/span><\/strong> Rena\u00eetre \u00e0 sa f\u00e9minit\u00e9 en posant un beau regard sur soi<em><strong> &#8211; Evelyne Braud<br \/>\n<\/strong><\/em><span style=\"color: #2f6eba;\"><strong>18:00<\/strong><\/span> Permaculture et Jardin LuneSoleil <em><strong>&#8211; Jocelyne Jouno<\/strong><\/em><br \/>\n<span style=\"color: #de8344;\"><strong>18:00<\/strong><\/span> Construire \u00e9colo \u00e0 budget \u00e9co <em><strong>&#8211; Virginie Jourdan (Magazine La Maison \u00c9cologique)<\/strong><strong><br \/>\n<\/strong><\/em><\/p>\n<h2>SAMEDI 25 F\u00c9VRIER 2023<\/h2>\n<p><span style=\"color: #2f6eba;\"><span style=\"color: #50ad5b;\"><strong>10:30 <\/strong><\/span><span style=\"color: #000000;\">Les m\u00e9taux lourds : origines, incidences, les mesurer, les solutions <em><strong>&#8211; <\/strong><\/em><\/span><strong><em><span style=\"color: #000000;\">Armand Bensemhoun<\/span><\/em><br \/>\n11:00<\/strong><\/span> Le r\u00eave lucide, domestiquer son sommeil et entrer dans le monde fabuleux de vos nuits &#8211; <em><strong>Gilles Le Picard<\/strong><\/em><br \/>\n<span style=\"color: #de8344;\"><strong>11:00<\/strong><\/span> Comment bien choisir ses huiles essentielles ? Qualit\u00e9, propri\u00e9t\u00e9s et \u00e9coresponsabilit\u00e9 &#8211; <em><strong>Arnaud Poussier<\/strong><\/em><br \/>\n<span style=\"color: #4fad5b;\"><strong>11:30<\/strong><\/span> La parentalit\u00e9 au naturel : de la grossesse aux premiers pas &#8211; <em><strong>No\u00eblie Cotteaux et Aur\u00e9lie Landemaine<\/strong><\/em><br \/>\n<span style=\"color: #2f6eba;\"><strong>12:00<\/strong><\/span> Min\u00e9raux : origines\/utilisations &#8211; <em><strong>Jean-Claude Kennedec<\/strong><\/em><br \/>\n<span style=\"color: #de8344;\"><strong>12:00<\/strong><\/span> Intestin et microbiote au centre de la sant\u00e9 et des \u00e9motions &#8211; <em><strong>Patricia Paisant<\/strong><\/em><br \/>\n<span style=\"color: #4fad5b;\"><strong>13:00<\/strong><\/span> La num\u00e9rologie cr\u00e9ative : d\u00e9couvrir et optimiser vos potentiels &#8211; <em><strong>Laurence Thi\u00e9vin<\/strong><\/em><br \/>\n<span style=\"color: #2f6eba;\"><strong>13:00<\/strong><\/span> D\u00e9couverte de l&#8217;hypnose et de l&#8217;autohypnose &#8211; <em><strong>Olivier Thevenin<br \/>\n<\/strong><\/em><span style=\"color: #e18c54;\"><strong>13:00<\/strong><\/span> Nos divers microbiotes : cerveau, intestin, comment les r\u00e9parer et les entretenir ?<br \/>\n<em><strong>\u00a0&#8211; France Guillain\u00a0<\/strong><\/em><br \/>\n<span style=\"color: #4fad5b;\"><strong>14:00<\/strong><\/span> Le r\u00eave lucide, domestiquer son sommeil et entrer dans le monde fabuleux de vos nuits &#8211; <em><strong>Gilles Le Picard<\/strong><\/em><br \/>\n<span style=\"color: #2f6eba;\"><strong>14:00<\/strong><\/span> Orgonites, protection des ondes \u00e9lectromagn\u00e9tiques et g\u00e9obiologie &#8211; <em><strong>Thierry Hermann<\/strong><\/em><br \/>\n<span style=\"color: #de8344;\"><strong>14:00<\/strong><\/span> Les oligo-\u00e9l\u00e9ments &#8211; <em><strong>Morgane Le Borgne<\/strong><\/em><br \/>\n<strong><span style=\"color: #4fad5b;\">15:00<\/span><\/strong> Du bon sens dans notre assiette &#8211; <em><strong>Anthony Berthou<\/strong><\/em><br \/>\n<span style=\"color: #2f6eba;\"><strong>15:00<\/strong><\/span> Les plantes sauvages au secours de nos articulations et de notre sant\u00e9 : les bons conseils du P\u00e8re Jean &#8211; <em><strong>Jean-p\u00f4l Clesse<\/strong><\/em><br \/>\n<span style=\"color: #de8344;\"><strong>15:00<\/strong><\/span> Gu\u00e9rir les blessures du pass\u00e9 pour mieux vivre l\u2019instant pr\u00e9sent : le l\u00e2cher prise &#8211; <em><strong>H\u00e9l\u00e8ne Girardin<\/strong><\/em><br \/>\n<span style=\"color: #2f6eba;\"><strong>16:00<\/strong><\/span> L&#8217;Epikinergy pour se lib\u00e9rer, s&#8217;\u00e9panouir et optimiser ses potentiels &#8211; <em><strong>Fabrice Thiere<\/strong><\/em><br \/>\n<span style=\"color: #de8344;\"><strong>16:00<\/strong><\/span> Je\u00fbner : pourquoi, comment ? &#8211; <em><strong>FFJR<\/strong><\/em><br \/>\n<span style=\"color: #4fad5b;\"><strong>16:30<\/strong><\/span> Quel est le r\u00f4le d&#8217;un chaman aujourd&#8217;hui ? &#8211; <em><strong>Karine Laillier<\/strong><\/em><br \/>\n<span style=\"color: #2f6eba;\"><strong>17:00<\/strong><\/span> Retrouver et gu\u00e9rir son enfant int\u00e9rieur &#8211; La R\u00e9silience : une \u00e9tape th\u00e9rapeutique essentielle &#8211; <em><strong>H\u00e9l\u00e8ne Girardin<\/strong><\/em><br \/>\n<span style=\"color: #de8344;\"><strong>17:00<\/strong><\/span> L\u2019habitat participatif et inclusif en autopromotion : avantages et inconv\u00e9nients &#8211; <em><strong>H\u00e9l\u00e8ne Le Douguet<\/strong><\/em><br \/>\n<span style=\"color: #4fad5b;\"><strong>17:30<\/strong><\/span> Familles d&#8217;\u00e2mes, blessures \u00e9motionnelles et \u00e9veil des chakras &#8211; <em><strong>Sylvain Belanger<br \/>\n<\/strong><\/em><span style=\"color: #2f6eba;\"><strong>18:00<\/strong><\/span> Le je\u00fbne et ses bienfaits <em><strong>&#8211; Camille Fauvel<\/strong><\/em><br \/>\n<span style=\"color: #e18c54;\"><strong>18:00<\/strong><\/span> La num\u00e9rologie pour conna\u00eetre nos cycles de vie <em><strong>&#8211; Marie Wecxsteen<\/strong><\/em><\/p>\n<h2>DIMANCHE 26 F\u00c9VRIER 2023<\/h2>\n<p><span style=\"color: #2f6eba;\"><span style=\"color: #50ad5b;\"><strong>10:30 <\/strong><\/span><span style=\"color: #000000;\">Que r\u00e9v\u00e8le votre date de naissance avec la num\u00e9rologie ? <\/span><strong><span style=\"color: #000000;\"><em>&#8211; Marie Wecxsteen<\/em><\/span><br \/>\n11:00<\/strong><\/span> Le r\u00eave lucide, domestiquer son sommeil et entrer dans le monde fabuleux de vos nuits &#8211; <em><strong>Gilles Le Picard<\/strong><\/em><br \/>\n<span style=\"color: #de8344;\"><strong>11:00<\/strong><\/span> Intuition neurosciences et \u00e9pig\u00e9n\u00e9tique &#8211; <em><strong>Sylvain Belanger<\/strong><\/em><br \/>\n<span style=\"color: #4fad5b;\"><strong>11:30<\/strong><\/span> Le burn-out &#8211; <em><strong>Astrid Le Fur<\/strong><\/em><br \/>\n<span style=\"color: #2f6eba;\"><strong>12:00<\/strong><\/span> Intestin et microbiote au centre de la sant\u00e9 et des \u00e9motions &#8211; <em><strong>Patricia Paisant<\/strong><\/em><br \/>\n<span style=\"color: #de8344;\"><strong>12:00<\/strong><\/span> Orgonites, protection des ondes \u00e9lectromagn\u00e9tiques et g\u00e9obiologie &#8211; <em><strong>Thierry Hermann<\/strong><\/em><br \/>\n<span style=\"color: #4fad5b;\"><strong>13:00<\/strong><\/span> Gu\u00e9rir les blessures du pass\u00e9 pour mieux vivre l\u2019instant pr\u00e9sent : le l\u00e2cher prise &#8211; <em><strong>H\u00e9l\u00e8ne Girardin<\/strong><\/em><br \/>\n<span style=\"color: #2f6eba;\"><strong>13:00<\/strong><\/span> Comment transformer le stress en joie et bien-\u00eatre ? &#8211; <em><strong>Monique Pellen<\/strong><\/em><br \/>\n<span style=\"color: #de8344;\"><strong>13:00<\/strong><\/span> Min\u00e9raux : origines\/utilisations &#8211; <em><strong>Jean-Claude Kennedec<\/strong><\/em><br \/>\n<span style=\"color: #4fad5b;\"><strong>14:00<\/strong><\/span> Pourquoi faire un voyage initiatique ? &#8211; <em><strong>Oowake voyages<br \/>\n<\/strong><\/em><span style=\"color: #2f6eba;\"><strong>14:00 <\/strong><\/span>Le stress, l&#8217;irritabilit\u00e9, la d\u00e9prime, endormissement difficile, r\u00e9veil difficile. Comment sortir de tout cela ?<em><strong> &#8211; France Guillain\u00a0<\/strong><\/em><br \/>\n<span style=\"color: #de8344;\"><strong>14:00<\/strong><\/span> Le r\u00eave lucide, domestiquer son sommeil et entrer dans le monde fabuleux de vos nuits &#8211; <em><strong>Gilles Le Picard<\/strong><\/em><br \/>\n<span style=\"color: #4fad5b;\"><strong>15:00<\/strong><\/span> Soigner son corps avec les fascias &#8211; <em><strong>Nadine Qu\u00e9r\u00e9<\/strong><\/em><br \/>\n<span style=\"color: #2f6eba;\"><strong>15:00<\/strong><\/span> Changer sa vie gr\u00e2ce au Feng Shui &#8211; <em><strong>Laurence Dujardin<\/strong><\/em><br \/>\n<span style=\"color: #de8344;\"><strong>15:00<\/strong><\/span> Les plantes sauvages au secours de nos articulations et de notre sant\u00e9 : les bons conseils du P\u00e8re Jean &#8211; <em><strong>Jean-p\u00f4l Clesse<\/strong><\/em><br \/>\n<span style=\"color: #2f6eba;\"><strong>16:00<\/strong><\/span> Retrouver et gu\u00e9rir son enfant int\u00e9rieur &#8211; La R\u00e9silience : une \u00e9tape th\u00e9rapeutique essentielle &#8211; <em><strong>H\u00e9l\u00e8ne Girardin<br \/>\n<\/strong><\/em><span style=\"color: #e18c54;\"><strong>16:00 <\/strong><\/span>Le je\u00fbne et ses bienfaits <em><strong>&#8211; Camille Fauvel<\/strong><\/em><em><strong><br \/>\n<\/strong><\/em><span style=\"color: #50ad5b;\"><strong>16:30 <\/strong><\/span>Comment optimiser notre &#8220;\u00e9nergie&#8221; et celle de nos lieux de vie et de travail au quotidien ?<em><strong> &#8211; Serge Moinet<br \/>\n<\/strong><\/em><span style=\"color: #2f6eba;\"><strong>17:00<\/strong><\/span> R\u00e9flexes primordiaux, troubles apprentissages et potentiels \u00e0 lib\u00e9rer <em><strong>&#8211; Jocelyne Bazureau<\/strong><\/em><\/p>\n","protected":false},"excerpt":{"rendered":"<p>Des conf\u00e9rences sont organis\u00e9es pour permettre au public de d\u00e9couvrir et mieux comprendre les m\u00e9thodes et les produits pr\u00e9sent\u00e9s sur le salon. Les conf\u00e9rences se tiennent dans les salles suivantes : Salle VILAINE Salle SAINTE-ANNE Salle THABOR VENDREDI 24 F\u00c9VRIER 2023 10:30 R\u00e9flexes primordiaux, troubles apprentissages et potentiels \u00e0 lib\u00e9rer &#8211; Jocelyne Bazureau 11:00 Vers&hellip; <\/p>\n","protected":false},"author":7,"featured_media":0,"parent":0,"menu_order":0,"comment_status":"closed","ping_status":"closed","template":"","meta":{"_monsterinsights_skip_tracking":false,"_monsterinsights_sitenote_active":false,"_monsterinsights_sitenote_note":"","_monsterinsights_sitenote_category":0,"footnotes":""},"class_list":["post-10119","page","type-page","status-publish","hentry"],"yoast_head":"<!-- This site is optimized with the Yoast SEO plugin v27.5 - https:\/\/yoast.com\/product\/yoast-seo-wordpress\/ -->\n<title>Conf\u00e9rences 2023 - Respire La Vie Rennes<\/title>\n<meta name=\"robots\" content=\"index, follow, max-snippet:-1, max-image-preview:large, max-video-preview:-1\" \/>\n<link rel=\"canonical\" href=\"http:\/\/www.respirelavie.fr\/rennes\/conferences-2023\/\" \/>\n<meta property=\"og:locale\" content=\"fr_FR\" \/>\n<meta property=\"og:type\" content=\"article\" \/>\n<meta property=\"og:title\" content=\"Conf\u00e9rences 2023 - Respire La Vie Rennes\" \/>\n<meta property=\"og:description\" content=\"Des conf\u00e9rences sont organis\u00e9es pour permettre au public de d\u00e9couvrir et mieux comprendre les m\u00e9thodes et les produits pr\u00e9sent\u00e9s sur le salon. Les conf\u00e9rences se tiennent dans les salles suivantes : Salle VILAINE Salle SAINTE-ANNE Salle THABOR VENDREDI 24 F\u00c9VRIER 2023 10:30 R\u00e9flexes primordiaux, troubles apprentissages et potentiels \u00e0 lib\u00e9rer &#8211; Jocelyne Bazureau 11:00 Vers&hellip;\" \/>\n<meta property=\"og:url\" content=\"http:\/\/www.respirelavie.fr\/rennes\/conferences-2023\/\" \/>\n<meta property=\"og:site_name\" content=\"Respire La Vie Rennes\" \/>\n<meta name=\"twitter:card\" content=\"summary_large_image\" \/>\n<meta name=\"twitter:label1\" content=\"Dur\u00e9e de lecture estim\u00e9e\" \/>\n\t<meta name=\"twitter:data1\" content=\"5 minutes\" \/>\n<script type=\"application\/ld+json\" class=\"yoast-schema-graph\">{\"@context\":\"https:\\\/\\\/schema.org\",\"@graph\":[{\"@type\":\"WebPage\",\"@id\":\"http:\\\/\\\/www.respirelavie.fr\\\/rennes\\\/conferences-2023\\\/\",\"url\":\"http:\\\/\\\/www.respirelavie.fr\\\/rennes\\\/conferences-2023\\\/\",\"name\":\"Conf\u00e9rences 2023 - Respire La Vie Rennes\",\"isPartOf\":{\"@id\":\"https:\\\/\\\/www.respirelavie.fr\\\/rennes\\\/#website\"},\"datePublished\":\"2023-12-12T11:49:30+00:00\",\"breadcrumb\":{\"@id\":\"http:\\\/\\\/www.respirelavie.fr\\\/rennes\\\/conferences-2023\\\/#breadcrumb\"},\"inLanguage\":\"fr-FR\",\"potentialAction\":[{\"@type\":\"ReadAction\",\"target\":[\"http:\\\/\\\/www.respirelavie.fr\\\/rennes\\\/conferences-2023\\\/\"]}]},{\"@type\":\"BreadcrumbList\",\"@id\":\"http:\\\/\\\/www.respirelavie.fr\\\/rennes\\\/conferences-2023\\\/#breadcrumb\",\"itemListElement\":[{\"@type\":\"ListItem\",\"position\":1,\"name\":\"Accueil\",\"item\":\"https:\\\/\\\/www.respirelavie.fr\\\/rennes\\\/\"},{\"@type\":\"ListItem\",\"position\":2,\"name\":\"Conf\u00e9rences 2023\"}]},{\"@type\":\"WebSite\",\"@id\":\"https:\\\/\\\/www.respirelavie.fr\\\/rennes\\\/#website\",\"url\":\"https:\\\/\\\/www.respirelavie.fr\\\/rennes\\\/\",\"name\":\"Respire La Vie Rennes\",\"description\":\"Respire La Vie Rennes : votre salon \u00e9colo, bio, bien-\u00eatre et habitat sain \u00e0 Rennes\",\"publisher\":{\"@id\":\"https:\\\/\\\/www.respirelavie.fr\\\/rennes\\\/#organization\"},\"potentialAction\":[{\"@type\":\"SearchAction\",\"target\":{\"@type\":\"EntryPoint\",\"urlTemplate\":\"https:\\\/\\\/www.respirelavie.fr\\\/rennes\\\/?s={search_term_string}\"},\"query-input\":{\"@type\":\"PropertyValueSpecification\",\"valueRequired\":true,\"valueName\":\"search_term_string\"}}],\"inLanguage\":\"fr-FR\"},{\"@type\":\"Organization\",\"@id\":\"https:\\\/\\\/www.respirelavie.fr\\\/rennes\\\/#organization\",\"name\":\"Respire La Vie Rennes\",\"url\":\"https:\\\/\\\/www.respirelavie.fr\\\/rennes\\\/\",\"logo\":{\"@type\":\"ImageObject\",\"inLanguage\":\"fr-FR\",\"@id\":\"https:\\\/\\\/www.respirelavie.fr\\\/rennes\\\/#\\\/schema\\\/logo\\\/image\\\/\",\"url\":\"http:\\\/\\\/www.respirelavie.fr\\\/rennes\\\/wp-content\\\/uploads\\\/sites\\\/5\\\/2025\\\/11\\\/cropped-Logo-RESPIRE-rennes-2026.png\",\"contentUrl\":\"http:\\\/\\\/www.respirelavie.fr\\\/rennes\\\/wp-content\\\/uploads\\\/sites\\\/5\\\/2025\\\/11\\\/cropped-Logo-RESPIRE-rennes-2026.png\",\"width\":921,\"height\":255,\"caption\":\"Respire La Vie Rennes\"},\"image\":{\"@id\":\"https:\\\/\\\/www.respirelavie.fr\\\/rennes\\\/#\\\/schema\\\/logo\\\/image\\\/\"}}]}<\/script>\n<!-- \/ Yoast SEO plugin. -->","yoast_head_json":{"title":"Conf\u00e9rences 2023 - Respire La Vie Rennes","robots":{"index":"index","follow":"follow","max-snippet":"max-snippet:-1","max-image-preview":"max-image-preview:large","max-video-preview":"max-video-preview:-1"},"canonical":"http:\/\/www.respirelavie.fr\/rennes\/conferences-2023\/","og_locale":"fr_FR","og_type":"article","og_title":"Conf\u00e9rences 2023 - Respire La Vie Rennes","og_description":"Des conf\u00e9rences sont organis\u00e9es pour permettre au public de d\u00e9couvrir et mieux comprendre les m\u00e9thodes et les produits pr\u00e9sent\u00e9s sur le salon. Les conf\u00e9rences se tiennent dans les salles suivantes : Salle VILAINE Salle SAINTE-ANNE Salle THABOR VENDREDI 24 F\u00c9VRIER 2023 10:30 R\u00e9flexes primordiaux, troubles apprentissages et potentiels \u00e0 lib\u00e9rer &#8211; Jocelyne Bazureau 11:00 Vers&hellip;","og_url":"http:\/\/www.respirelavie.fr\/rennes\/conferences-2023\/","og_site_name":"Respire La Vie Rennes","twitter_card":"summary_large_image","twitter_misc":{"Dur\u00e9e de lecture estim\u00e9e":"5 minutes"},"schema":{"@context":"https:\/\/schema.org","@graph":[{"@type":"WebPage","@id":"http:\/\/www.respirelavie.fr\/rennes\/conferences-2023\/","url":"http:\/\/www.respirelavie.fr\/rennes\/conferences-2023\/","name":"Conf\u00e9rences 2023 - Respire La Vie Rennes","isPartOf":{"@id":"https:\/\/www.respirelavie.fr\/rennes\/#website"},"datePublished":"2023-12-12T11:49:30+00:00","breadcrumb":{"@id":"http:\/\/www.respirelavie.fr\/rennes\/conferences-2023\/#breadcrumb"},"inLanguage":"fr-FR","potentialAction":[{"@type":"ReadAction","target":["http:\/\/www.respirelavie.fr\/rennes\/conferences-2023\/"]}]},{"@type":"BreadcrumbList","@id":"http:\/\/www.respirelavie.fr\/rennes\/conferences-2023\/#breadcrumb","itemListElement":[{"@type":"ListItem","position":1,"name":"Accueil","item":"https:\/\/www.respirelavie.fr\/rennes\/"},{"@type":"ListItem","position":2,"name":"Conf\u00e9rences 2023"}]},{"@type":"WebSite","@id":"https:\/\/www.respirelavie.fr\/rennes\/#website","url":"https:\/\/www.respirelavie.fr\/rennes\/","name":"Respire La Vie Rennes","description":"Respire La Vie Rennes : votre salon \u00e9colo, bio, bien-\u00eatre et habitat sain \u00e0 Rennes","publisher":{"@id":"https:\/\/www.respirelavie.fr\/rennes\/#organization"},"potentialAction":[{"@type":"SearchAction","target":{"@type":"EntryPoint","urlTemplate":"https:\/\/www.respirelavie.fr\/rennes\/?s={search_term_string}"},"query-input":{"@type":"PropertyValueSpecification","valueRequired":true,"valueName":"search_term_string"}}],"inLanguage":"fr-FR"},{"@type":"Organization","@id":"https:\/\/www.respirelavie.fr\/rennes\/#organization","name":"Respire La Vie Rennes","url":"https:\/\/www.respirelavie.fr\/rennes\/","logo":{"@type":"ImageObject","inLanguage":"fr-FR","@id":"https:\/\/www.respirelavie.fr\/rennes\/#\/schema\/logo\/image\/","url":"http:\/\/www.respirelavie.fr\/rennes\/wp-content\/uploads\/sites\/5\/2025\/11\/cropped-Logo-RESPIRE-rennes-2026.png","contentUrl":"http:\/\/www.respirelavie.fr\/rennes\/wp-content\/uploads\/sites\/5\/2025\/11\/cropped-Logo-RESPIRE-rennes-2026.png","width":921,"height":255,"caption":"Respire La Vie Rennes"},"image":{"@id":"https:\/\/www.respirelavie.fr\/rennes\/#\/schema\/logo\/image\/"}}]}},"_links":{"self":[{"href":"http:\/\/www.respirelavie.fr\/rennes\/wp-json\/wp\/v2\/pages\/10119","targetHints":{"allow":["GET"]}}],"collection":[{"href":"http:\/\/www.respirelavie.fr\/rennes\/wp-json\/wp\/v2\/pages"}],"about":[{"href":"http:\/\/www.respirelavie.fr\/rennes\/wp-json\/wp\/v2\/types\/page"}],"author":[{"embeddable":true,"href":"http:\/\/www.respirelavie.fr\/rennes\/wp-json\/wp\/v2\/users\/7"}],"replies":[{"embeddable":true,"href":"http:\/\/www.respirelavie.fr\/rennes\/wp-json\/wp\/v2\/comments?post=10119"}],"version-history":[{"count":1,"href":"http:\/\/www.respirelavie.fr\/rennes\/wp-json\/wp\/v2\/pages\/10119\/revisions"}],"predecessor-version":[{"id":10120,"href":"http:\/\/www.respirelavie.fr\/rennes\/wp-json\/wp\/v2\/pages\/10119\/revisions\/10120"}],"wp:attachment":[{"href":"http:\/\/www.respirelavie.fr\/rennes\/wp-json\/wp\/v2\/media?parent=10119"}],"curies":[{"name":"wp","href":"https:\/\/api.w.org\/{rel}","templated":true}]}}