{"id":3845,"date":"2017-04-14T11:13:03","date_gmt":"2017-04-14T09:13:03","guid":{"rendered":"http:\/\/localhost:8888\/artemisia\/?page_id=3845"},"modified":"2023-12-06T09:23:40","modified_gmt":"2023-12-06T08:23:40","slug":"la-presentation-du-salon","status":"publish","type":"page","link":"http:\/\/www.respirelavie.fr\/vannes\/visiter\/la-presentation-du-salon\/","title":{"rendered":"Pr\u00e9sentation du salon"},"content":{"rendered":"<p><strong>La 21<sup>\u00e8me<\/sup> \u00e9dition<\/strong>\u00a0<strong>du salon Respire la Vie Vannes se tiendra au Parc des Expositions.<\/strong><\/p>\n<p><strong>Chaque visiteur y trouvera de pr\u00e9cieux conseil pour lui permettre de se sentir bien dans son esprit, dans son corps et dans son environnement.<\/strong><\/p>\n<p>Chaque ann\u00e9e le salon vous propose de rencontrer des professionnels de la bio, du bien-\u00eatre, mais \u00e9galement d\u2019en savoir plus sur l\u2019environnement, l\u2019habitat sain, le commerce \u00e9quitable, le tourisme vert et solidaire, ou encore de d\u00e9couvrir et rencontrer des producteurs bio locaux !<\/p>\n<p><span style=\"color: #59a832;\"><strong>140 exposants<\/strong><\/span> sont attendus lors de cette nouvelle \u00e9dition. Ils prodigueront leurs conseils pour un mode de vie plus sain, plus bio, et plus zen ! Proximit\u00e9 est le ma\u00eetre-mot de ce salon o\u00f9 vous pourrez \u00e9changer avec ceux qui \u0153uvrent pour le respect de l\u2019humain comme de l\u2019environnement.<\/p>\n<p>Il se passe toujours quelque chose sur les salons du R\u00e9seau Zen &amp; Bio !<\/p>\n<p>Le salon Respire La Vie \u00e0 Vannes propose un programme d\u2019animations complet et interactif, pour pousser la r\u00e9flexion plus loin. Assister \u00e0 des conf\u00e9rences anim\u00e9es par des experts de la bio et du bien-\u00eatre, d\u00e9couvrir de nouvelles pratiques en participant aux ateliers, ou encore mettre la main \u00e0 la p\u00e2te pour faire soi-m\u00eame\u2026<\/p>\n<ul>\n<li><span style=\"color: #59a832;\"><strong>Des conf\u00e9rences<\/strong>\u00a0<\/span>propos\u00e9es gratuitement sur des th\u00e8mes vari\u00e9s comme l\u2019alimentation, la lib\u00e9ration \u00e9motionnelle, le d\u00e9veloppement durable<\/li>\n<li><span style=\"color: #59a832;\"><strong>Des ateliers bien-\u00eatre<\/strong><\/span>\u00a0et de pratiques corporelles\u00a0pour s\u2019initier (m\u00e9ditation, sophrologie, massage, hypnose, yoga, ta\u00ef chi, qi gong\u2026)<\/li>\n<li><span style=\"color: #59a832;\"><strong>Des animations cr\u00e9atives<\/strong><\/span>\u00a0avec des d\u00e9monstration ou de la mise en pratique : cuisine saine, z\u00e9ro d\u00e9chet, cosm\u00e9tique naturelles, produits d\u2019entretien \u00e9cologiques, trucs et astuces \u00e9colo, ateliers recyclage, jardinage au naturel\u2026<\/li>\n<\/ul>\n<p>De quoi vous faire penser bio et vivre zen au quotidien\u00a0!<br \/>\nNous vous attendons nombreux\u00a0!<\/p>\n<p><strong><em>L\u2019\u00e9quipe du salon Respire la Vie Vannes<\/em><\/strong><\/p>\n","protected":false},"excerpt":{"rendered":"<p>La 21\u00e8me \u00e9dition\u00a0du salon Respire la Vie Vannes se tiendra au Parc des Expositions. Chaque visiteur y trouvera de pr\u00e9cieux conseil pour lui permettre de se sentir bien dans son esprit, dans son corps et dans son environnement. Chaque ann\u00e9e le salon vous propose de rencontrer des professionnels de la bio, du bien-\u00eatre, mais \u00e9galement&hellip; <\/p>\n","protected":false},"author":1,"featured_media":6450,"parent":3843,"menu_order":1,"comment_status":"closed","ping_status":"closed","template":"","meta":{"_monsterinsights_skip_tracking":false,"_monsterinsights_sitenote_active":false,"_monsterinsights_sitenote_note":"","_monsterinsights_sitenote_category":0,"footnotes":""},"class_list":["post-3845","page","type-page","status-publish","has-post-thumbnail","hentry"],"yoast_head":"<!-- This site is optimized with the Yoast SEO plugin v27.5 - https:\/\/yoast.com\/product\/yoast-seo-wordpress\/ -->\n<title>Pr\u00e9sentation du salon - RESPIRE VANNES<\/title>\n<meta name=\"robots\" content=\"index, follow, max-snippet:-1, max-image-preview:large, max-video-preview:-1\" \/>\n<link rel=\"canonical\" href=\"https:\/\/www.respirelavie.fr\/vannes\/visiter\/la-presentation-du-salon\/\" \/>\n<meta property=\"og:locale\" content=\"fr_FR\" \/>\n<meta property=\"og:type\" content=\"article\" \/>\n<meta property=\"og:title\" content=\"Pr\u00e9sentation du salon - RESPIRE VANNES\" \/>\n<meta property=\"og:description\" content=\"La 21\u00e8me \u00e9dition\u00a0du salon Respire la Vie Vannes se tiendra au Parc des Expositions. Chaque visiteur y trouvera de pr\u00e9cieux conseil pour lui permettre de se sentir bien dans son esprit, dans son corps et dans son environnement. Chaque ann\u00e9e le salon vous propose de rencontrer des professionnels de la bio, du bien-\u00eatre, mais \u00e9galement&hellip;\" \/>\n<meta property=\"og:url\" content=\"https:\/\/www.respirelavie.fr\/vannes\/visiter\/la-presentation-du-salon\/\" \/>\n<meta property=\"og:site_name\" content=\"RESPIRE VANNES\" \/>\n<meta property=\"article:modified_time\" content=\"2023-12-06T08:23:40+00:00\" \/>\n<meta property=\"og:image\" content=\"https:\/\/www.respirelavie.fr\/vannes\/wp-content\/uploads\/sites\/4\/2021\/06\/zenetbio-compressor.jpg\" \/>\n\t<meta property=\"og:image:width\" content=\"2199\" \/>\n\t<meta property=\"og:image:height\" content=\"613\" \/>\n\t<meta property=\"og:image:type\" content=\"image\/jpeg\" \/>\n<meta name=\"twitter:card\" content=\"summary_large_image\" \/>\n<meta name=\"twitter:label1\" content=\"Dur\u00e9e de lecture estim\u00e9e\" \/>\n\t<meta name=\"twitter:data1\" content=\"2 minutes\" \/>\n<script type=\"application\/ld+json\" class=\"yoast-schema-graph\">{\"@context\":\"https:\\\/\\\/schema.org\",\"@graph\":[{\"@type\":\"WebPage\",\"@id\":\"https:\\\/\\\/www.respirelavie.fr\\\/vannes\\\/visiter\\\/la-presentation-du-salon\\\/\",\"url\":\"https:\\\/\\\/www.respirelavie.fr\\\/vannes\\\/visiter\\\/la-presentation-du-salon\\\/\",\"name\":\"Pr\u00e9sentation du salon - RESPIRE VANNES\",\"isPartOf\":{\"@id\":\"https:\\\/\\\/www.respirelavie.fr\\\/vannes\\\/#website\"},\"primaryImageOfPage\":{\"@id\":\"https:\\\/\\\/www.respirelavie.fr\\\/vannes\\\/visiter\\\/la-presentation-du-salon\\\/#primaryimage\"},\"image\":{\"@id\":\"https:\\\/\\\/www.respirelavie.fr\\\/vannes\\\/visiter\\\/la-presentation-du-salon\\\/#primaryimage\"},\"thumbnailUrl\":\"http:\\\/\\\/www.respirelavie.fr\\\/vannes\\\/wp-content\\\/uploads\\\/sites\\\/4\\\/2021\\\/06\\\/zenetbio-compressor.jpg\",\"datePublished\":\"2017-04-14T09:13:03+00:00\",\"dateModified\":\"2023-12-06T08:23:40+00:00\",\"breadcrumb\":{\"@id\":\"https:\\\/\\\/www.respirelavie.fr\\\/vannes\\\/visiter\\\/la-presentation-du-salon\\\/#breadcrumb\"},\"inLanguage\":\"fr-FR\",\"potentialAction\":[{\"@type\":\"ReadAction\",\"target\":[\"https:\\\/\\\/www.respirelavie.fr\\\/vannes\\\/visiter\\\/la-presentation-du-salon\\\/\"]}]},{\"@type\":\"ImageObject\",\"inLanguage\":\"fr-FR\",\"@id\":\"https:\\\/\\\/www.respirelavie.fr\\\/vannes\\\/visiter\\\/la-presentation-du-salon\\\/#primaryimage\",\"url\":\"http:\\\/\\\/www.respirelavie.fr\\\/vannes\\\/wp-content\\\/uploads\\\/sites\\\/4\\\/2021\\\/06\\\/zenetbio-compressor.jpg\",\"contentUrl\":\"http:\\\/\\\/www.respirelavie.fr\\\/vannes\\\/wp-content\\\/uploads\\\/sites\\\/4\\\/2021\\\/06\\\/zenetbio-compressor.jpg\",\"width\":2199,\"height\":613},{\"@type\":\"BreadcrumbList\",\"@id\":\"https:\\\/\\\/www.respirelavie.fr\\\/vannes\\\/visiter\\\/la-presentation-du-salon\\\/#breadcrumb\",\"itemListElement\":[{\"@type\":\"ListItem\",\"position\":1,\"name\":\"Accueil\",\"item\":\"https:\\\/\\\/www.respirelavie.fr\\\/vannes\\\/\"},{\"@type\":\"ListItem\",\"position\":2,\"name\":\"Visiter le salon Respire \u00e0 Vannes\",\"item\":\"https:\\\/\\\/www.respirelavie.fr\\\/vannes\\\/visiter\\\/\"},{\"@type\":\"ListItem\",\"position\":3,\"name\":\"Pr\u00e9sentation du salon\"}]},{\"@type\":\"WebSite\",\"@id\":\"https:\\\/\\\/www.respirelavie.fr\\\/vannes\\\/#website\",\"url\":\"https:\\\/\\\/www.respirelavie.fr\\\/vannes\\\/\",\"name\":\"RESPIRE VANNES\",\"description\":\"RESPIRE : votre salon bio, bien-\u00eatre et habitat sain \u00e0 Vannes\",\"publisher\":{\"@id\":\"https:\\\/\\\/www.respirelavie.fr\\\/vannes\\\/#organization\"},\"potentialAction\":[{\"@type\":\"SearchAction\",\"target\":{\"@type\":\"EntryPoint\",\"urlTemplate\":\"https:\\\/\\\/www.respirelavie.fr\\\/vannes\\\/?s={search_term_string}\"},\"query-input\":{\"@type\":\"PropertyValueSpecification\",\"valueRequired\":true,\"valueName\":\"search_term_string\"}}],\"inLanguage\":\"fr-FR\"},{\"@type\":\"Organization\",\"@id\":\"https:\\\/\\\/www.respirelavie.fr\\\/vannes\\\/#organization\",\"name\":\"RESPIRE VANNES\",\"url\":\"https:\\\/\\\/www.respirelavie.fr\\\/vannes\\\/\",\"logo\":{\"@type\":\"ImageObject\",\"inLanguage\":\"fr-FR\",\"@id\":\"https:\\\/\\\/www.respirelavie.fr\\\/vannes\\\/#\\\/schema\\\/logo\\\/image\\\/\",\"url\":\"http:\\\/\\\/www.respirelavie.fr\\\/vannes\\\/wp-content\\\/uploads\\\/sites\\\/4\\\/2024\\\/10\\\/cropped-cropped-cropped-Logo-RESPIRE-vannes-2025-1-1.png\",\"contentUrl\":\"http:\\\/\\\/www.respirelavie.fr\\\/vannes\\\/wp-content\\\/uploads\\\/sites\\\/4\\\/2024\\\/10\\\/cropped-cropped-cropped-Logo-RESPIRE-vannes-2025-1-1.png\",\"width\":797,\"height\":145,\"caption\":\"RESPIRE VANNES\"},\"image\":{\"@id\":\"https:\\\/\\\/www.respirelavie.fr\\\/vannes\\\/#\\\/schema\\\/logo\\\/image\\\/\"}}]}<\/script>\n<!-- \/ Yoast SEO plugin. -->","yoast_head_json":{"title":"Pr\u00e9sentation du salon - RESPIRE VANNES","robots":{"index":"index","follow":"follow","max-snippet":"max-snippet:-1","max-image-preview":"max-image-preview:large","max-video-preview":"max-video-preview:-1"},"canonical":"https:\/\/www.respirelavie.fr\/vannes\/visiter\/la-presentation-du-salon\/","og_locale":"fr_FR","og_type":"article","og_title":"Pr\u00e9sentation du salon - RESPIRE VANNES","og_description":"La 21\u00e8me \u00e9dition\u00a0du salon Respire la Vie Vannes se tiendra au Parc des Expositions. Chaque visiteur y trouvera de pr\u00e9cieux conseil pour lui permettre de se sentir bien dans son esprit, dans son corps et dans son environnement. Chaque ann\u00e9e le salon vous propose de rencontrer des professionnels de la bio, du bien-\u00eatre, mais \u00e9galement&hellip;","og_url":"https:\/\/www.respirelavie.fr\/vannes\/visiter\/la-presentation-du-salon\/","og_site_name":"RESPIRE VANNES","article_modified_time":"2023-12-06T08:23:40+00:00","og_image":[{"width":2199,"height":613,"url":"https:\/\/www.respirelavie.fr\/vannes\/wp-content\/uploads\/sites\/4\/2021\/06\/zenetbio-compressor.jpg","type":"image\/jpeg"}],"twitter_card":"summary_large_image","twitter_misc":{"Dur\u00e9e de lecture estim\u00e9e":"2 minutes"},"schema":{"@context":"https:\/\/schema.org","@graph":[{"@type":"WebPage","@id":"https:\/\/www.respirelavie.fr\/vannes\/visiter\/la-presentation-du-salon\/","url":"https:\/\/www.respirelavie.fr\/vannes\/visiter\/la-presentation-du-salon\/","name":"Pr\u00e9sentation du salon - RESPIRE VANNES","isPartOf":{"@id":"https:\/\/www.respirelavie.fr\/vannes\/#website"},"primaryImageOfPage":{"@id":"https:\/\/www.respirelavie.fr\/vannes\/visiter\/la-presentation-du-salon\/#primaryimage"},"image":{"@id":"https:\/\/www.respirelavie.fr\/vannes\/visiter\/la-presentation-du-salon\/#primaryimage"},"thumbnailUrl":"http:\/\/www.respirelavie.fr\/vannes\/wp-content\/uploads\/sites\/4\/2021\/06\/zenetbio-compressor.jpg","datePublished":"2017-04-14T09:13:03+00:00","dateModified":"2023-12-06T08:23:40+00:00","breadcrumb":{"@id":"https:\/\/www.respirelavie.fr\/vannes\/visiter\/la-presentation-du-salon\/#breadcrumb"},"inLanguage":"fr-FR","potentialAction":[{"@type":"ReadAction","target":["https:\/\/www.respirelavie.fr\/vannes\/visiter\/la-presentation-du-salon\/"]}]},{"@type":"ImageObject","inLanguage":"fr-FR","@id":"https:\/\/www.respirelavie.fr\/vannes\/visiter\/la-presentation-du-salon\/#primaryimage","url":"http:\/\/www.respirelavie.fr\/vannes\/wp-content\/uploads\/sites\/4\/2021\/06\/zenetbio-compressor.jpg","contentUrl":"http:\/\/www.respirelavie.fr\/vannes\/wp-content\/uploads\/sites\/4\/2021\/06\/zenetbio-compressor.jpg","width":2199,"height":613},{"@type":"BreadcrumbList","@id":"https:\/\/www.respirelavie.fr\/vannes\/visiter\/la-presentation-du-salon\/#breadcrumb","itemListElement":[{"@type":"ListItem","position":1,"name":"Accueil","item":"https:\/\/www.respirelavie.fr\/vannes\/"},{"@type":"ListItem","position":2,"name":"Visiter le salon Respire \u00e0 Vannes","item":"https:\/\/www.respirelavie.fr\/vannes\/visiter\/"},{"@type":"ListItem","position":3,"name":"Pr\u00e9sentation du salon"}]},{"@type":"WebSite","@id":"https:\/\/www.respirelavie.fr\/vannes\/#website","url":"https:\/\/www.respirelavie.fr\/vannes\/","name":"RESPIRE VANNES","description":"RESPIRE : votre salon bio, bien-\u00eatre et habitat sain \u00e0 Vannes","publisher":{"@id":"https:\/\/www.respirelavie.fr\/vannes\/#organization"},"potentialAction":[{"@type":"SearchAction","target":{"@type":"EntryPoint","urlTemplate":"https:\/\/www.respirelavie.fr\/vannes\/?s={search_term_string}"},"query-input":{"@type":"PropertyValueSpecification","valueRequired":true,"valueName":"search_term_string"}}],"inLanguage":"fr-FR"},{"@type":"Organization","@id":"https:\/\/www.respirelavie.fr\/vannes\/#organization","name":"RESPIRE VANNES","url":"https:\/\/www.respirelavie.fr\/vannes\/","logo":{"@type":"ImageObject","inLanguage":"fr-FR","@id":"https:\/\/www.respirelavie.fr\/vannes\/#\/schema\/logo\/image\/","url":"http:\/\/www.respirelavie.fr\/vannes\/wp-content\/uploads\/sites\/4\/2024\/10\/cropped-cropped-cropped-Logo-RESPIRE-vannes-2025-1-1.png","contentUrl":"http:\/\/www.respirelavie.fr\/vannes\/wp-content\/uploads\/sites\/4\/2024\/10\/cropped-cropped-cropped-Logo-RESPIRE-vannes-2025-1-1.png","width":797,"height":145,"caption":"RESPIRE VANNES"},"image":{"@id":"https:\/\/www.respirelavie.fr\/vannes\/#\/schema\/logo\/image\/"}}]}},"_links":{"self":[{"href":"http:\/\/www.respirelavie.fr\/vannes\/wp-json\/wp\/v2\/pages\/3845","targetHints":{"allow":["GET"]}}],"collection":[{"href":"http:\/\/www.respirelavie.fr\/vannes\/wp-json\/wp\/v2\/pages"}],"about":[{"href":"http:\/\/www.respirelavie.fr\/vannes\/wp-json\/wp\/v2\/types\/page"}],"author":[{"embeddable":true,"href":"http:\/\/www.respirelavie.fr\/vannes\/wp-json\/wp\/v2\/users\/1"}],"replies":[{"embeddable":true,"href":"http:\/\/www.respirelavie.fr\/vannes\/wp-json\/wp\/v2\/comments?post=3845"}],"version-history":[{"count":37,"href":"http:\/\/www.respirelavie.fr\/vannes\/wp-json\/wp\/v2\/pages\/3845\/revisions"}],"predecessor-version":[{"id":8121,"href":"http:\/\/www.respirelavie.fr\/vannes\/wp-json\/wp\/v2\/pages\/3845\/revisions\/8121"}],"up":[{"embeddable":true,"href":"http:\/\/www.respirelavie.fr\/vannes\/wp-json\/wp\/v2\/pages\/3843"}],"wp:featuredmedia":[{"embeddable":true,"href":"http:\/\/www.respirelavie.fr\/vannes\/wp-json\/wp\/v2\/media\/6450"}],"wp:attachment":[{"href":"http:\/\/www.respirelavie.fr\/vannes\/wp-json\/wp\/v2\/media?parent=3845"}],"curies":[{"name":"wp","href":"https:\/\/api.w.org\/{rel}","templated":true}]}}