{"id":5616,"date":"2019-11-21T15:26:42","date_gmt":"2019-11-21T14:26:42","guid":{"rendered":"https:\/\/www.respirelavie.fr\/vannes\/?page_id=5616"},"modified":"2022-01-04T12:53:41","modified_gmt":"2022-01-04T11:53:41","slug":"lespace-vinibio","status":"publish","type":"page","link":"http:\/\/www.respirelavie.fr\/vannes\/visiter\/lespace-vinibio\/","title":{"rendered":"L&#8217;espace ViniBio"},"content":{"rendered":"<h3 style=\"text-align: justify;\"><strong>Le salon Respire la Vie Vannes est report\u00e9 en 2023<\/strong><\/h3>\n<p><img decoding=\"async\" class=\"wp-image-6034 alignleft\" src=\"https:\/\/www.vivez-nature.com\/lyon\/wp-content\/uploads\/sites\/7\/2019\/09\/Espace-vinibio-300x134.jpg\" alt=\"\" width=\"164\" height=\"74\" \/><\/p>\n<p>Respire La Vie Vannes, le salon bio, bien-\u00eatre et habitat sain accueille en son coeur l\u2019espace ViniBio !<\/p>\n<p>Cet espace est d\u00e9di\u00e9 aux <strong>vins et spiritueux bio et biodynamiques<\/strong> avec une organisation au service des vignerons.<\/p>\n<h3><strong>Une dizaine de vignerons sont attendus !<\/strong><\/h3>\n<p><img fetchpriority=\"high\" decoding=\"async\" class=\"wp-image-5979 alignleft\" src=\"https:\/\/www.vivez-nature.com\/lyon\/wp-content\/uploads\/sites\/7\/2019\/09\/AdobeStock_167504086-300x202.jpeg\" alt=\"\" width=\"313\" height=\"214\" \/><\/p>\n<p style=\"text-align: justify;\">L&#8217;espace <strong>ViniBio<\/strong> regroupe des vignerons venus des diverses r\u00e9gions de France et d\u2019Espagne travaillant dans le respect de l&#8217;environnement, des r\u00e8gles de l&#8217;agriculture et de la vinification biologique.<\/p>\n<p style=\"text-align: justify;\">Durant les trois jours du salon, vous pourrez participer aux diff\u00e9rents <strong>ateliers de d\u00e9gustation<\/strong> et d\u00e9couvrir les vins du salon.<\/p>\n<p style=\"text-align: justify;\">Le <strong>nouveau rendez-vous<\/strong> \u00e0 ne pas manquer pour les amoureux des vins et spiritueux sinc\u00e8rement <strong>respectueux de l\u2019environnement<\/strong>.<\/p>\n<p><strong><em>Retrouvez la d\u00e9gustation comment\u00e9e des vins du salon par Lilas Carit\u00e9 est report\u00e9e en 2023<\/em><\/strong><\/p>\n<p style=\"text-align: justify;\">Un espace destin\u00e9 autant aux amateurs avertis de vins qu\u2019aux simples curieux d\u00e9sirant de s\u2019initier un peu plus \u00e0 cette boisson si repr\u00e9sentative de notre patrimoine.<em><strong>\u00a0<\/strong><\/em><\/p>\n<p>&nbsp;<\/p>\n<p>&nbsp;<\/p>\n","protected":false},"excerpt":{"rendered":"<p>Le salon Respire la Vie Vannes est report\u00e9 en 2023 Respire La Vie Vannes, le salon bio, bien-\u00eatre et habitat sain accueille en son coeur l\u2019espace ViniBio ! Cet espace est d\u00e9di\u00e9 aux vins et spiritueux bio et biodynamiques avec une organisation au service des vignerons. Une dizaine de vignerons sont attendus ! L&#8217;espace ViniBio&hellip; <\/p>\n","protected":false},"author":1,"featured_media":0,"parent":3843,"menu_order":3,"comment_status":"closed","ping_status":"closed","template":"","meta":{"_monsterinsights_skip_tracking":false,"_monsterinsights_sitenote_active":false,"_monsterinsights_sitenote_note":"","_monsterinsights_sitenote_category":0,"footnotes":""},"class_list":["post-5616","page","type-page","status-publish","hentry"],"yoast_head":"<!-- This site is optimized with the Yoast SEO plugin v27.5 - https:\/\/yoast.com\/product\/yoast-seo-wordpress\/ -->\n<title>L&#039;espace ViniBio - RESPIRE VANNES<\/title>\n<meta name=\"robots\" content=\"index, follow, max-snippet:-1, max-image-preview:large, max-video-preview:-1\" \/>\n<link rel=\"canonical\" href=\"https:\/\/www.respirelavie.fr\/vannes\/visiter\/lespace-vinibio\/\" \/>\n<meta property=\"og:locale\" content=\"fr_FR\" \/>\n<meta property=\"og:type\" content=\"article\" \/>\n<meta property=\"og:title\" content=\"L&#039;espace ViniBio - RESPIRE VANNES\" \/>\n<meta property=\"og:description\" content=\"Le salon Respire la Vie Vannes est report\u00e9 en 2023 Respire La Vie Vannes, le salon bio, bien-\u00eatre et habitat sain accueille en son coeur l\u2019espace ViniBio ! Cet espace est d\u00e9di\u00e9 aux vins et spiritueux bio et biodynamiques avec une organisation au service des vignerons. Une dizaine de vignerons sont attendus ! L&#8217;espace ViniBio&hellip;\" \/>\n<meta property=\"og:url\" content=\"https:\/\/www.respirelavie.fr\/vannes\/visiter\/lespace-vinibio\/\" \/>\n<meta property=\"og:site_name\" content=\"RESPIRE VANNES\" \/>\n<meta property=\"article:modified_time\" content=\"2022-01-04T11:53:41+00:00\" \/>\n<meta property=\"og:image\" content=\"https:\/\/www.vivez-nature.com\/lyon\/wp-content\/uploads\/sites\/7\/2019\/09\/Espace-vinibio-300x134.jpg\" \/>\n<meta name=\"twitter:card\" content=\"summary_large_image\" \/>\n<meta name=\"twitter:label1\" content=\"Dur\u00e9e de lecture estim\u00e9e\" \/>\n\t<meta name=\"twitter:data1\" content=\"2 minutes\" \/>\n<script type=\"application\/ld+json\" class=\"yoast-schema-graph\">{\"@context\":\"https:\\\/\\\/schema.org\",\"@graph\":[{\"@type\":\"WebPage\",\"@id\":\"https:\\\/\\\/www.respirelavie.fr\\\/vannes\\\/visiter\\\/lespace-vinibio\\\/\",\"url\":\"https:\\\/\\\/www.respirelavie.fr\\\/vannes\\\/visiter\\\/lespace-vinibio\\\/\",\"name\":\"L'espace ViniBio - RESPIRE VANNES\",\"isPartOf\":{\"@id\":\"https:\\\/\\\/www.respirelavie.fr\\\/vannes\\\/#website\"},\"primaryImageOfPage\":{\"@id\":\"https:\\\/\\\/www.respirelavie.fr\\\/vannes\\\/visiter\\\/lespace-vinibio\\\/#primaryimage\"},\"image\":{\"@id\":\"https:\\\/\\\/www.respirelavie.fr\\\/vannes\\\/visiter\\\/lespace-vinibio\\\/#primaryimage\"},\"thumbnailUrl\":\"https:\\\/\\\/www.vivez-nature.com\\\/lyon\\\/wp-content\\\/uploads\\\/sites\\\/7\\\/2019\\\/09\\\/Espace-vinibio-300x134.jpg\",\"datePublished\":\"2019-11-21T14:26:42+00:00\",\"dateModified\":\"2022-01-04T11:53:41+00:00\",\"breadcrumb\":{\"@id\":\"https:\\\/\\\/www.respirelavie.fr\\\/vannes\\\/visiter\\\/lespace-vinibio\\\/#breadcrumb\"},\"inLanguage\":\"fr-FR\",\"potentialAction\":[{\"@type\":\"ReadAction\",\"target\":[\"https:\\\/\\\/www.respirelavie.fr\\\/vannes\\\/visiter\\\/lespace-vinibio\\\/\"]}]},{\"@type\":\"ImageObject\",\"inLanguage\":\"fr-FR\",\"@id\":\"https:\\\/\\\/www.respirelavie.fr\\\/vannes\\\/visiter\\\/lespace-vinibio\\\/#primaryimage\",\"url\":\"https:\\\/\\\/www.vivez-nature.com\\\/lyon\\\/wp-content\\\/uploads\\\/sites\\\/7\\\/2019\\\/09\\\/Espace-vinibio-300x134.jpg\",\"contentUrl\":\"https:\\\/\\\/www.vivez-nature.com\\\/lyon\\\/wp-content\\\/uploads\\\/sites\\\/7\\\/2019\\\/09\\\/Espace-vinibio-300x134.jpg\"},{\"@type\":\"BreadcrumbList\",\"@id\":\"https:\\\/\\\/www.respirelavie.fr\\\/vannes\\\/visiter\\\/lespace-vinibio\\\/#breadcrumb\",\"itemListElement\":[{\"@type\":\"ListItem\",\"position\":1,\"name\":\"Accueil\",\"item\":\"https:\\\/\\\/www.respirelavie.fr\\\/vannes\\\/\"},{\"@type\":\"ListItem\",\"position\":2,\"name\":\"Visiter le salon Respire \u00e0 Vannes\",\"item\":\"https:\\\/\\\/www.respirelavie.fr\\\/vannes\\\/visiter\\\/\"},{\"@type\":\"ListItem\",\"position\":3,\"name\":\"L&#8217;espace ViniBio\"}]},{\"@type\":\"WebSite\",\"@id\":\"https:\\\/\\\/www.respirelavie.fr\\\/vannes\\\/#website\",\"url\":\"https:\\\/\\\/www.respirelavie.fr\\\/vannes\\\/\",\"name\":\"RESPIRE VANNES\",\"description\":\"RESPIRE : votre salon bio, bien-\u00eatre et habitat sain \u00e0 Vannes\",\"publisher\":{\"@id\":\"https:\\\/\\\/www.respirelavie.fr\\\/vannes\\\/#organization\"},\"potentialAction\":[{\"@type\":\"SearchAction\",\"target\":{\"@type\":\"EntryPoint\",\"urlTemplate\":\"https:\\\/\\\/www.respirelavie.fr\\\/vannes\\\/?s={search_term_string}\"},\"query-input\":{\"@type\":\"PropertyValueSpecification\",\"valueRequired\":true,\"valueName\":\"search_term_string\"}}],\"inLanguage\":\"fr-FR\"},{\"@type\":\"Organization\",\"@id\":\"https:\\\/\\\/www.respirelavie.fr\\\/vannes\\\/#organization\",\"name\":\"RESPIRE VANNES\",\"url\":\"https:\\\/\\\/www.respirelavie.fr\\\/vannes\\\/\",\"logo\":{\"@type\":\"ImageObject\",\"inLanguage\":\"fr-FR\",\"@id\":\"https:\\\/\\\/www.respirelavie.fr\\\/vannes\\\/#\\\/schema\\\/logo\\\/image\\\/\",\"url\":\"http:\\\/\\\/www.respirelavie.fr\\\/vannes\\\/wp-content\\\/uploads\\\/sites\\\/4\\\/2024\\\/10\\\/cropped-cropped-cropped-Logo-RESPIRE-vannes-2025-1-1.png\",\"contentUrl\":\"http:\\\/\\\/www.respirelavie.fr\\\/vannes\\\/wp-content\\\/uploads\\\/sites\\\/4\\\/2024\\\/10\\\/cropped-cropped-cropped-Logo-RESPIRE-vannes-2025-1-1.png\",\"width\":797,\"height\":145,\"caption\":\"RESPIRE VANNES\"},\"image\":{\"@id\":\"https:\\\/\\\/www.respirelavie.fr\\\/vannes\\\/#\\\/schema\\\/logo\\\/image\\\/\"}}]}<\/script>\n<!-- \/ Yoast SEO plugin. -->","yoast_head_json":{"title":"L'espace ViniBio - RESPIRE VANNES","robots":{"index":"index","follow":"follow","max-snippet":"max-snippet:-1","max-image-preview":"max-image-preview:large","max-video-preview":"max-video-preview:-1"},"canonical":"https:\/\/www.respirelavie.fr\/vannes\/visiter\/lespace-vinibio\/","og_locale":"fr_FR","og_type":"article","og_title":"L'espace ViniBio - RESPIRE VANNES","og_description":"Le salon Respire la Vie Vannes est report\u00e9 en 2023 Respire La Vie Vannes, le salon bio, bien-\u00eatre et habitat sain accueille en son coeur l\u2019espace ViniBio ! Cet espace est d\u00e9di\u00e9 aux vins et spiritueux bio et biodynamiques avec une organisation au service des vignerons. Une dizaine de vignerons sont attendus ! L&#8217;espace ViniBio&hellip;","og_url":"https:\/\/www.respirelavie.fr\/vannes\/visiter\/lespace-vinibio\/","og_site_name":"RESPIRE VANNES","article_modified_time":"2022-01-04T11:53:41+00:00","og_image":[{"url":"https:\/\/www.vivez-nature.com\/lyon\/wp-content\/uploads\/sites\/7\/2019\/09\/Espace-vinibio-300x134.jpg","type":"","width":"","height":""}],"twitter_card":"summary_large_image","twitter_misc":{"Dur\u00e9e de lecture estim\u00e9e":"2 minutes"},"schema":{"@context":"https:\/\/schema.org","@graph":[{"@type":"WebPage","@id":"https:\/\/www.respirelavie.fr\/vannes\/visiter\/lespace-vinibio\/","url":"https:\/\/www.respirelavie.fr\/vannes\/visiter\/lespace-vinibio\/","name":"L'espace ViniBio - RESPIRE VANNES","isPartOf":{"@id":"https:\/\/www.respirelavie.fr\/vannes\/#website"},"primaryImageOfPage":{"@id":"https:\/\/www.respirelavie.fr\/vannes\/visiter\/lespace-vinibio\/#primaryimage"},"image":{"@id":"https:\/\/www.respirelavie.fr\/vannes\/visiter\/lespace-vinibio\/#primaryimage"},"thumbnailUrl":"https:\/\/www.vivez-nature.com\/lyon\/wp-content\/uploads\/sites\/7\/2019\/09\/Espace-vinibio-300x134.jpg","datePublished":"2019-11-21T14:26:42+00:00","dateModified":"2022-01-04T11:53:41+00:00","breadcrumb":{"@id":"https:\/\/www.respirelavie.fr\/vannes\/visiter\/lespace-vinibio\/#breadcrumb"},"inLanguage":"fr-FR","potentialAction":[{"@type":"ReadAction","target":["https:\/\/www.respirelavie.fr\/vannes\/visiter\/lespace-vinibio\/"]}]},{"@type":"ImageObject","inLanguage":"fr-FR","@id":"https:\/\/www.respirelavie.fr\/vannes\/visiter\/lespace-vinibio\/#primaryimage","url":"https:\/\/www.vivez-nature.com\/lyon\/wp-content\/uploads\/sites\/7\/2019\/09\/Espace-vinibio-300x134.jpg","contentUrl":"https:\/\/www.vivez-nature.com\/lyon\/wp-content\/uploads\/sites\/7\/2019\/09\/Espace-vinibio-300x134.jpg"},{"@type":"BreadcrumbList","@id":"https:\/\/www.respirelavie.fr\/vannes\/visiter\/lespace-vinibio\/#breadcrumb","itemListElement":[{"@type":"ListItem","position":1,"name":"Accueil","item":"https:\/\/www.respirelavie.fr\/vannes\/"},{"@type":"ListItem","position":2,"name":"Visiter le salon Respire \u00e0 Vannes","item":"https:\/\/www.respirelavie.fr\/vannes\/visiter\/"},{"@type":"ListItem","position":3,"name":"L&#8217;espace ViniBio"}]},{"@type":"WebSite","@id":"https:\/\/www.respirelavie.fr\/vannes\/#website","url":"https:\/\/www.respirelavie.fr\/vannes\/","name":"RESPIRE VANNES","description":"RESPIRE : votre salon bio, bien-\u00eatre et habitat sain \u00e0 Vannes","publisher":{"@id":"https:\/\/www.respirelavie.fr\/vannes\/#organization"},"potentialAction":[{"@type":"SearchAction","target":{"@type":"EntryPoint","urlTemplate":"https:\/\/www.respirelavie.fr\/vannes\/?s={search_term_string}"},"query-input":{"@type":"PropertyValueSpecification","valueRequired":true,"valueName":"search_term_string"}}],"inLanguage":"fr-FR"},{"@type":"Organization","@id":"https:\/\/www.respirelavie.fr\/vannes\/#organization","name":"RESPIRE VANNES","url":"https:\/\/www.respirelavie.fr\/vannes\/","logo":{"@type":"ImageObject","inLanguage":"fr-FR","@id":"https:\/\/www.respirelavie.fr\/vannes\/#\/schema\/logo\/image\/","url":"http:\/\/www.respirelavie.fr\/vannes\/wp-content\/uploads\/sites\/4\/2024\/10\/cropped-cropped-cropped-Logo-RESPIRE-vannes-2025-1-1.png","contentUrl":"http:\/\/www.respirelavie.fr\/vannes\/wp-content\/uploads\/sites\/4\/2024\/10\/cropped-cropped-cropped-Logo-RESPIRE-vannes-2025-1-1.png","width":797,"height":145,"caption":"RESPIRE VANNES"},"image":{"@id":"https:\/\/www.respirelavie.fr\/vannes\/#\/schema\/logo\/image\/"}}]}},"_links":{"self":[{"href":"http:\/\/www.respirelavie.fr\/vannes\/wp-json\/wp\/v2\/pages\/5616","targetHints":{"allow":["GET"]}}],"collection":[{"href":"http:\/\/www.respirelavie.fr\/vannes\/wp-json\/wp\/v2\/pages"}],"about":[{"href":"http:\/\/www.respirelavie.fr\/vannes\/wp-json\/wp\/v2\/types\/page"}],"author":[{"embeddable":true,"href":"http:\/\/www.respirelavie.fr\/vannes\/wp-json\/wp\/v2\/users\/1"}],"replies":[{"embeddable":true,"href":"http:\/\/www.respirelavie.fr\/vannes\/wp-json\/wp\/v2\/comments?post=5616"}],"version-history":[{"count":10,"href":"http:\/\/www.respirelavie.fr\/vannes\/wp-json\/wp\/v2\/pages\/5616\/revisions"}],"predecessor-version":[{"id":7178,"href":"http:\/\/www.respirelavie.fr\/vannes\/wp-json\/wp\/v2\/pages\/5616\/revisions\/7178"}],"up":[{"embeddable":true,"href":"http:\/\/www.respirelavie.fr\/vannes\/wp-json\/wp\/v2\/pages\/3843"}],"wp:attachment":[{"href":"http:\/\/www.respirelavie.fr\/vannes\/wp-json\/wp\/v2\/media?parent=5616"}],"curies":[{"name":"wp","href":"https:\/\/api.w.org\/{rel}","templated":true}]}}