{"id":10233,"date":"2024-03-14T12:41:30","date_gmt":"2024-03-14T11:41:30","guid":{"rendered":"https:\/\/www.respirelavie.fr\/poitiers\/?page_id=10233"},"modified":"2024-03-14T12:41:30","modified_gmt":"2024-03-14T11:41:30","slug":"espace-les-ptits-nouveaux-2023","status":"publish","type":"page","link":"https:\/\/www.respirelavie.fr\/poitiers\/espace-les-ptits-nouveaux-2023\/","title":{"rendered":"Espace Les P&rsquo;tits Nouveaux 2023"},"content":{"rendered":"<p><img decoding=\"async\" class=\"wp-image-9704 aligncenter\" src=\"https:\/\/www.respirelavie.fr\/poitiers\/wp-content\/uploads\/sites\/3\/2023\/08\/V8.2-Pieds-e1692973460171-300x62.png\" alt=\"\" width=\"402\" height=\"83\" srcset=\"https:\/\/www.respirelavie.fr\/poitiers\/wp-content\/uploads\/sites\/3\/2023\/08\/V8.2-Pieds-e1692973460171-300x62.png 300w, https:\/\/www.respirelavie.fr\/poitiers\/wp-content\/uploads\/sites\/3\/2023\/08\/V8.2-Pieds-e1692973460171-1024x213.png 1024w, https:\/\/www.respirelavie.fr\/poitiers\/wp-content\/uploads\/sites\/3\/2023\/08\/V8.2-Pieds-e1692973460171-768x160.png 768w, https:\/\/www.respirelavie.fr\/poitiers\/wp-content\/uploads\/sites\/3\/2023\/08\/V8.2-Pieds-e1692973460171-150x31.png 150w, https:\/\/www.respirelavie.fr\/poitiers\/wp-content\/uploads\/sites\/3\/2023\/08\/V8.2-Pieds-e1692973460171-500x104.png 500w, https:\/\/www.respirelavie.fr\/poitiers\/wp-content\/uploads\/sites\/3\/2023\/08\/V8.2-Pieds-e1692973460171.png 1105w\" sizes=\"(max-width: 402px) 100vw, 402px\" \/><\/p>\n<h2><\/h2>\n<h2>Les P&rsquo;tits Nouveaux, c\u2019est quoi ?<\/h2>\n<h3>Une p\u00e9pini\u00e8re d\u2019id\u00e9es audacieuses, de pratiques nouvelles &amp; originales\u00a0!<\/h3>\n<p>Pour cette \u00e9dition 2023, le salon Respire La Vie ouvre ses portes aux tr\u00e8s jeunes entreprises n\u00e9es depuis peu et qui participent pour la premi\u00e8re fois \u00e0 l\u2019\u00e9v\u00e9nement.<\/p>\n<h3>C\u2019est aussi un nouveau regard pour toujours plus d\u2019id\u00e9es !<\/h3>\n<p>Un village d\u00e9di\u00e9 \u00e0 une vingtaine de \u00ab P\u2019tits nouveaux \u00bb, regroup\u00e9s au c\u0153ur du salon, en un lieu facilement rep\u00e9rable gr\u00e2ce \u00e0 une signal\u00e9tique sp\u00e9cifique. Il sera impossible de ne pas les rencontrer.<\/p>\n<p>&nbsp;<\/p><div id=\"respi-1562156110\" class=\"respi-contenu respi-entity-placement\"><script async src=\"\/\/pagead2.googlesyndication.com\/pagead\/js\/adsbygoogle.js?client=ca-pub-7511070832818284\" crossorigin=\"anonymous\"><\/script><ins class=\"adsbygoogle\" style=\"display:block;\" data-ad-client=\"ca-pub-7511070832818284\" \ndata-ad-slot=\"4196289901\" \ndata-ad-format=\"auto\"><\/ins>\n<script> \n(adsbygoogle = window.adsbygoogle || []).push({}); \n<\/script>\n<\/div>\n<p>&nbsp;<\/p>\n<h2><\/h2>\n<h2>Mais qui sont ces \u00ab P\u2019tits nouveaux \u00bb ?<\/h2>\n<p><img decoding=\"async\" class=\"alignleft wp-image-9705\" src=\"https:\/\/www.respirelavie.fr\/poitiers\/wp-content\/uploads\/sites\/3\/2023\/08\/gewen_logo-vertical-bleu-300x220.png\" alt=\"\" width=\"202\" height=\"148\" srcset=\"https:\/\/www.respirelavie.fr\/poitiers\/wp-content\/uploads\/sites\/3\/2023\/08\/gewen_logo-vertical-bleu-300x220.png 300w, https:\/\/www.respirelavie.fr\/poitiers\/wp-content\/uploads\/sites\/3\/2023\/08\/gewen_logo-vertical-bleu-150x110.png 150w, https:\/\/www.respirelavie.fr\/poitiers\/wp-content\/uploads\/sites\/3\/2023\/08\/gewen_logo-vertical-bleu.png 369w\" sizes=\"(max-width: 202px) 100vw, 202px\" \/><\/p>\n<p>Bas\u00e9 \u00e0 Lourdes, le laboratoire Gewen La Source fabrique une gamme d&rsquo;\u00e9mulsions pour le visage, le corps et la bouche, \u00e0 base d&rsquo;eau de source de la propri\u00e9t\u00e9, d&rsquo;huiles essentielles et d&rsquo;ingr\u00e9dients bio et naturels.<\/p>\n<p>Vous voulez en savoir plus ? Par <a href=\"https:\/\/www.respirelavie.fr\/poitiers\/blog\/2023\/08\/28\/gewen-la-source\/\" target=\"_blank\" rel=\"noopener\">ici<\/a><\/p>\n<p>&nbsp;<\/p>\n<p><img decoding=\"async\" class=\"alignleft wp-image-9710\" src=\"https:\/\/www.respirelavie.fr\/poitiers\/wp-content\/uploads\/sites\/3\/2023\/08\/4c8ac6_46b47179b5b34e97a10c31c6d3817efcmv2-300x300.jpeg\" alt=\"\" width=\"203\" height=\"203\" srcset=\"https:\/\/www.respirelavie.fr\/poitiers\/wp-content\/uploads\/sites\/3\/2023\/08\/4c8ac6_46b47179b5b34e97a10c31c6d3817efcmv2-300x300.jpeg 300w, https:\/\/www.respirelavie.fr\/poitiers\/wp-content\/uploads\/sites\/3\/2023\/08\/4c8ac6_46b47179b5b34e97a10c31c6d3817efcmv2-1024x1024.jpeg 1024w, https:\/\/www.respirelavie.fr\/poitiers\/wp-content\/uploads\/sites\/3\/2023\/08\/4c8ac6_46b47179b5b34e97a10c31c6d3817efcmv2-150x150.jpeg 150w, https:\/\/www.respirelavie.fr\/poitiers\/wp-content\/uploads\/sites\/3\/2023\/08\/4c8ac6_46b47179b5b34e97a10c31c6d3817efcmv2-768x768.jpeg 768w, https:\/\/www.respirelavie.fr\/poitiers\/wp-content\/uploads\/sites\/3\/2023\/08\/4c8ac6_46b47179b5b34e97a10c31c6d3817efcmv2-500x500.jpeg 500w, https:\/\/www.respirelavie.fr\/poitiers\/wp-content\/uploads\/sites\/3\/2023\/08\/4c8ac6_46b47179b5b34e97a10c31c6d3817efcmv2-45x45.jpeg 45w, https:\/\/www.respirelavie.fr\/poitiers\/wp-content\/uploads\/sites\/3\/2023\/08\/4c8ac6_46b47179b5b34e97a10c31c6d3817efcmv2.jpeg 1179w\" sizes=\"(max-width: 203px) 100vw, 203px\" \/><\/p>\n<p>&nbsp;<\/p>\n<p>Chez l&rsquo;Absolue, il est question de prendre soin de sa peau, quel que soit le type de peau, peau fragile, peau sensible, peau s\u00e8che, peau grasse, peau normale. Prenez soin de vous !<\/p>\n<p>Vous voulez en savoir plus ? Par <a href=\"https:\/\/www.respirelavie.fr\/poitiers\/blog\/2023\/08\/28\/labsolue\/\" target=\"_blank\" rel=\"noopener\">ici<\/a><\/p>\n<p>&nbsp;<\/p>\n<p>&nbsp;<\/p>\n<p>&nbsp;<\/p>\n<p><img loading=\"lazy\" decoding=\"async\" class=\"alignleft wp-image-9711\" src=\"https:\/\/www.respirelavie.fr\/poitiers\/wp-content\/uploads\/sites\/3\/2023\/08\/Capture-decran-2023-08-25-a-16.36.09.png\" alt=\"\" width=\"203\" height=\"96\" srcset=\"https:\/\/www.respirelavie.fr\/poitiers\/wp-content\/uploads\/sites\/3\/2023\/08\/Capture-decran-2023-08-25-a-16.36.09.png 208w, https:\/\/www.respirelavie.fr\/poitiers\/wp-content\/uploads\/sites\/3\/2023\/08\/Capture-decran-2023-08-25-a-16.36.09-150x71.png 150w\" sizes=\"(max-width: 203px) 100vw, 203px\" \/><\/p>\n<p>Nous sommes paysans distillateurs, nous produisons des plantes m\u00e9dicinales en culture et en cueillette sauvage que nous distillons.<\/p>\n<p>Vous voulez en savoir plus ? Par <a href=\"https:\/\/www.respirelavie.fr\/poitiers\/blog\/2023\/08\/28\/9749\/\" target=\"_blank\" rel=\"noopener\">ici<\/a><\/p>\n<p>&nbsp;<\/p>\n<p>&nbsp;<\/p>\n<p><img loading=\"lazy\" decoding=\"async\" class=\"alignleft wp-image-9715\" src=\"https:\/\/www.respirelavie.fr\/poitiers\/wp-content\/uploads\/sites\/3\/2023\/08\/c2fc6e_60286a66c24b43139faacd697175afa6mv2.png\" alt=\"\" width=\"203\" height=\"201\" srcset=\"https:\/\/www.respirelavie.fr\/poitiers\/wp-content\/uploads\/sites\/3\/2023\/08\/c2fc6e_60286a66c24b43139faacd697175afa6mv2.png 250w, https:\/\/www.respirelavie.fr\/poitiers\/wp-content\/uploads\/sites\/3\/2023\/08\/c2fc6e_60286a66c24b43139faacd697175afa6mv2-150x149.png 150w, https:\/\/www.respirelavie.fr\/poitiers\/wp-content\/uploads\/sites\/3\/2023\/08\/c2fc6e_60286a66c24b43139faacd697175afa6mv2-45x45.png 45w\" sizes=\"(max-width: 203px) 100vw, 203px\" \/><\/p>\n<p>&nbsp;<\/p>\n<p>Umile produit des aliments et compl\u00e9ments alimentaire issus de semences paysannes et de plantes sauvages pour pr\u00e9server et d\u00e9velopper la biodiversit\u00e9.<\/p>\n<p>Vous voulez en savoir plus ? Par <a href=\"https:\/\/www.respirelavie.fr\/poitiers\/blog\/2023\/08\/28\/umile\/\" target=\"_blank\" rel=\"noopener\">ici<\/a><\/p>\n<p>&nbsp;<\/p>\n<p>&nbsp;<\/p>\n<p>&nbsp;<\/p>\n<p>&nbsp;<\/p>\n<p><img loading=\"lazy\" decoding=\"async\" class=\"alignnone wp-image-9718 size-medium\" src=\"https:\/\/www.respirelavie.fr\/poitiers\/wp-content\/uploads\/sites\/3\/2023\/08\/logo-savonnerie-johannetvirginie-2-300x37.jpeg\" alt=\"\" width=\"300\" height=\"37\" srcset=\"https:\/\/www.respirelavie.fr\/poitiers\/wp-content\/uploads\/sites\/3\/2023\/08\/logo-savonnerie-johannetvirginie-2-300x37.jpeg 300w, https:\/\/www.respirelavie.fr\/poitiers\/wp-content\/uploads\/sites\/3\/2023\/08\/logo-savonnerie-johannetvirginie-2-1024x128.jpeg 1024w, https:\/\/www.respirelavie.fr\/poitiers\/wp-content\/uploads\/sites\/3\/2023\/08\/logo-savonnerie-johannetvirginie-2-768x96.jpeg 768w, https:\/\/www.respirelavie.fr\/poitiers\/wp-content\/uploads\/sites\/3\/2023\/08\/logo-savonnerie-johannetvirginie-2-1536x192.jpeg 1536w, https:\/\/www.respirelavie.fr\/poitiers\/wp-content\/uploads\/sites\/3\/2023\/08\/logo-savonnerie-johannetvirginie-2-150x19.jpeg 150w, https:\/\/www.respirelavie.fr\/poitiers\/wp-content\/uploads\/sites\/3\/2023\/08\/logo-savonnerie-johannetvirginie-2-500x62.jpeg 500w, https:\/\/www.respirelavie.fr\/poitiers\/wp-content\/uploads\/sites\/3\/2023\/08\/logo-savonnerie-johannetvirginie-2.jpeg 1667w\" sizes=\"(max-width: 300px) 100vw, 300px\" \/><br \/>\nJohann et Virgine fabriquent des savons naturels aux huiles biologiques \u00e0 Ligug\u00e9. Des recettes v\u00e9g\u00e9tales saponifi\u00e9es \u00e0 froid. Des savons nourrissants au design graphique pour les adultes, les enfants et les b\u00e9b\u00e9s.<br \/>\nVous voulez en savoir plus ? Par <a href=\"https:\/\/www.respirelavie.fr\/poitiers\/blog\/2023\/08\/28\/9753\/\" target=\"_blank\" rel=\"noopener\">ici<\/a><\/p>\n<p>&nbsp;<\/p>\n<p>&nbsp;<\/p>\n<p><a href=\"https:\/\/www.bocup.net\/\" target=\"_blank\" rel=\"noopener\"><img loading=\"lazy\" decoding=\"async\" class=\"alignleft wp-image-9721\" src=\"https:\/\/www.respirelavie.fr\/poitiers\/wp-content\/uploads\/sites\/3\/2023\/08\/bocup-300x172.png\" alt=\"\" width=\"206\" height=\"118\" srcset=\"https:\/\/www.respirelavie.fr\/poitiers\/wp-content\/uploads\/sites\/3\/2023\/08\/bocup-300x172.png 300w, https:\/\/www.respirelavie.fr\/poitiers\/wp-content\/uploads\/sites\/3\/2023\/08\/bocup-768x440.png 768w, https:\/\/www.respirelavie.fr\/poitiers\/wp-content\/uploads\/sites\/3\/2023\/08\/bocup-150x86.png 150w, https:\/\/www.respirelavie.fr\/poitiers\/wp-content\/uploads\/sites\/3\/2023\/08\/bocup-500x287.png 500w, https:\/\/www.respirelavie.fr\/poitiers\/wp-content\/uploads\/sites\/3\/2023\/08\/bocup.png 1024w\" sizes=\"(max-width: 206px) 100vw, 206px\" \/><\/a>BocUp est un syst\u00e8me r\u00e9volutionnaire de mise sous-vide des bocaux \u00e0 froid gr\u00e2ce \u00e0 une pompe \u00e0 vide d&rsquo;air manuelle pour bouteille de vin.<\/p>\n<p>Vous voulez en savoir plus ? Par <a href=\"https:\/\/www.respirelavie.fr\/poitiers\/blog\/2023\/08\/28\/bocup\/\" target=\"_blank\" rel=\"noopener\">ici<\/a><\/p>\n<p>&nbsp;<\/p>\n","protected":false},"excerpt":{"rendered":"<p>Les P&rsquo;tits Nouveaux, c\u2019est quoi ? Une p\u00e9pini\u00e8re d\u2019id\u00e9es audacieuses, de pratiques nouvelles &amp; originales\u00a0! Pour cette \u00e9dition 2023, le salon Respire La Vie ouvre ses portes aux tr\u00e8s jeunes entreprises n\u00e9es depuis peu et qui participent pour la premi\u00e8re fois \u00e0 l\u2019\u00e9v\u00e9nement. C\u2019est aussi un nouveau regard pour toujours plus d\u2019id\u00e9es ! Un village&hellip; <\/p>\n","protected":false},"author":7,"featured_media":0,"parent":0,"menu_order":0,"comment_status":"closed","ping_status":"closed","template":"","meta":{"_monsterinsights_skip_tracking":false,"_monsterinsights_sitenote_active":false,"_monsterinsights_sitenote_note":"","_monsterinsights_sitenote_category":0,"footnotes":""},"class_list":["post-10233","page","type-page","status-publish","hentry"],"yoast_head":"<!-- This site is optimized with the Yoast SEO plugin v27.3 - https:\/\/yoast.com\/product\/yoast-seo-wordpress\/ -->\n<title>Espace Les P&#039;tits Nouveaux 2023 - Salon RESPIRE LA VIE Poitiers<\/title>\n<meta name=\"robots\" content=\"index, follow, max-snippet:-1, max-image-preview:large, max-video-preview:-1\" \/>\n<link rel=\"canonical\" href=\"http:\/\/www.respirelavie.fr\/poitiers\/espace-les-ptits-nouveaux-2023\/\" \/>\n<meta property=\"og:locale\" content=\"fr_FR\" \/>\n<meta property=\"og:type\" content=\"article\" \/>\n<meta property=\"og:title\" content=\"Espace Les P&#039;tits Nouveaux 2023 - Salon RESPIRE LA VIE Poitiers\" \/>\n<meta property=\"og:description\" content=\"Les P&rsquo;tits Nouveaux, c\u2019est quoi ? Une p\u00e9pini\u00e8re d\u2019id\u00e9es audacieuses, de pratiques nouvelles &amp; originales\u00a0! Pour cette \u00e9dition 2023, le salon Respire La Vie ouvre ses portes aux tr\u00e8s jeunes entreprises n\u00e9es depuis peu et qui participent pour la premi\u00e8re fois \u00e0 l\u2019\u00e9v\u00e9nement. C\u2019est aussi un nouveau regard pour toujours plus d\u2019id\u00e9es ! Un village&hellip;\" \/>\n<meta property=\"og:url\" content=\"http:\/\/www.respirelavie.fr\/poitiers\/espace-les-ptits-nouveaux-2023\/\" \/>\n<meta property=\"og:site_name\" content=\"Salon RESPIRE LA VIE Poitiers\" \/>\n<meta property=\"og:image\" content=\"https:\/\/www.respirelavie.fr\/poitiers\/wp-content\/uploads\/sites\/3\/2023\/08\/V8.2-Pieds-e1692973460171-300x62.png\" \/>\n<meta name=\"twitter:card\" content=\"summary_large_image\" \/>\n<meta name=\"twitter:label1\" content=\"Dur\u00e9e de lecture estim\u00e9e\" \/>\n\t<meta name=\"twitter:data1\" content=\"3 minutes\" \/>\n<script type=\"application\/ld+json\" class=\"yoast-schema-graph\">{\"@context\":\"https:\\\/\\\/schema.org\",\"@graph\":[{\"@type\":\"WebPage\",\"@id\":\"http:\\\/\\\/www.respirelavie.fr\\\/poitiers\\\/espace-les-ptits-nouveaux-2023\\\/\",\"url\":\"http:\\\/\\\/www.respirelavie.fr\\\/poitiers\\\/espace-les-ptits-nouveaux-2023\\\/\",\"name\":\"Espace Les P'tits Nouveaux 2023 - Salon RESPIRE LA VIE Poitiers\",\"isPartOf\":{\"@id\":\"http:\\\/\\\/www.respirelavie.fr\\\/poitiers\\\/#website\"},\"primaryImageOfPage\":{\"@id\":\"http:\\\/\\\/www.respirelavie.fr\\\/poitiers\\\/espace-les-ptits-nouveaux-2023\\\/#primaryimage\"},\"image\":{\"@id\":\"http:\\\/\\\/www.respirelavie.fr\\\/poitiers\\\/espace-les-ptits-nouveaux-2023\\\/#primaryimage\"},\"thumbnailUrl\":\"https:\\\/\\\/www.respirelavie.fr\\\/poitiers\\\/wp-content\\\/uploads\\\/sites\\\/3\\\/2023\\\/08\\\/V8.2-Pieds-e1692973460171-300x62.png\",\"datePublished\":\"2024-03-14T11:41:30+00:00\",\"breadcrumb\":{\"@id\":\"http:\\\/\\\/www.respirelavie.fr\\\/poitiers\\\/espace-les-ptits-nouveaux-2023\\\/#breadcrumb\"},\"inLanguage\":\"fr-FR\",\"potentialAction\":[{\"@type\":\"ReadAction\",\"target\":[\"http:\\\/\\\/www.respirelavie.fr\\\/poitiers\\\/espace-les-ptits-nouveaux-2023\\\/\"]}]},{\"@type\":\"ImageObject\",\"inLanguage\":\"fr-FR\",\"@id\":\"http:\\\/\\\/www.respirelavie.fr\\\/poitiers\\\/espace-les-ptits-nouveaux-2023\\\/#primaryimage\",\"url\":\"https:\\\/\\\/www.respirelavie.fr\\\/poitiers\\\/wp-content\\\/uploads\\\/sites\\\/3\\\/2023\\\/08\\\/V8.2-Pieds-e1692973460171.png\",\"contentUrl\":\"https:\\\/\\\/www.respirelavie.fr\\\/poitiers\\\/wp-content\\\/uploads\\\/sites\\\/3\\\/2023\\\/08\\\/V8.2-Pieds-e1692973460171.png\",\"width\":1105,\"height\":230},{\"@type\":\"BreadcrumbList\",\"@id\":\"http:\\\/\\\/www.respirelavie.fr\\\/poitiers\\\/espace-les-ptits-nouveaux-2023\\\/#breadcrumb\",\"itemListElement\":[{\"@type\":\"ListItem\",\"position\":1,\"name\":\"Accueil\",\"item\":\"http:\\\/\\\/www.respirelavie.fr\\\/poitiers\\\/\"},{\"@type\":\"ListItem\",\"position\":2,\"name\":\"Espace Les P&rsquo;tits Nouveaux 2023\"}]},{\"@type\":\"WebSite\",\"@id\":\"http:\\\/\\\/www.respirelavie.fr\\\/poitiers\\\/#website\",\"url\":\"http:\\\/\\\/www.respirelavie.fr\\\/poitiers\\\/\",\"name\":\"Salon RESPIRE LA VIE Poitiers\",\"description\":\"RESPIRE : votre salon bio, bien-\u00eatre et habitat sain \u00e0 Poitiers\",\"publisher\":{\"@id\":\"http:\\\/\\\/www.respirelavie.fr\\\/poitiers\\\/#organization\"},\"potentialAction\":[{\"@type\":\"SearchAction\",\"target\":{\"@type\":\"EntryPoint\",\"urlTemplate\":\"http:\\\/\\\/www.respirelavie.fr\\\/poitiers\\\/?s={search_term_string}\"},\"query-input\":{\"@type\":\"PropertyValueSpecification\",\"valueRequired\":true,\"valueName\":\"search_term_string\"}}],\"inLanguage\":\"fr-FR\"},{\"@type\":\"Organization\",\"@id\":\"http:\\\/\\\/www.respirelavie.fr\\\/poitiers\\\/#organization\",\"name\":\"Salon RESPIRE LA VIE Poitiers\",\"url\":\"http:\\\/\\\/www.respirelavie.fr\\\/poitiers\\\/\",\"logo\":{\"@type\":\"ImageObject\",\"inLanguage\":\"fr-FR\",\"@id\":\"http:\\\/\\\/www.respirelavie.fr\\\/poitiers\\\/#\\\/schema\\\/logo\\\/image\\\/\",\"url\":\"https:\\\/\\\/www.respirelavie.fr\\\/poitiers\\\/wp-content\\\/uploads\\\/sites\\\/3\\\/2024\\\/03\\\/Logo-RESPIRE-LA-VIE-poitiers.jpg\",\"contentUrl\":\"https:\\\/\\\/www.respirelavie.fr\\\/poitiers\\\/wp-content\\\/uploads\\\/sites\\\/3\\\/2024\\\/03\\\/Logo-RESPIRE-LA-VIE-poitiers.jpg\",\"width\":470,\"height\":262,\"caption\":\"Salon RESPIRE LA VIE Poitiers\"},\"image\":{\"@id\":\"http:\\\/\\\/www.respirelavie.fr\\\/poitiers\\\/#\\\/schema\\\/logo\\\/image\\\/\"}}]}<\/script>\n<!-- \/ Yoast SEO plugin. -->","yoast_head_json":{"title":"Espace Les P'tits Nouveaux 2023 - Salon RESPIRE LA VIE Poitiers","robots":{"index":"index","follow":"follow","max-snippet":"max-snippet:-1","max-image-preview":"max-image-preview:large","max-video-preview":"max-video-preview:-1"},"canonical":"http:\/\/www.respirelavie.fr\/poitiers\/espace-les-ptits-nouveaux-2023\/","og_locale":"fr_FR","og_type":"article","og_title":"Espace Les P'tits Nouveaux 2023 - Salon RESPIRE LA VIE Poitiers","og_description":"Les P&rsquo;tits Nouveaux, c\u2019est quoi ? Une p\u00e9pini\u00e8re d\u2019id\u00e9es audacieuses, de pratiques nouvelles &amp; originales\u00a0! Pour cette \u00e9dition 2023, le salon Respire La Vie ouvre ses portes aux tr\u00e8s jeunes entreprises n\u00e9es depuis peu et qui participent pour la premi\u00e8re fois \u00e0 l\u2019\u00e9v\u00e9nement. C\u2019est aussi un nouveau regard pour toujours plus d\u2019id\u00e9es ! Un village&hellip;","og_url":"http:\/\/www.respirelavie.fr\/poitiers\/espace-les-ptits-nouveaux-2023\/","og_site_name":"Salon RESPIRE LA VIE Poitiers","og_image":[{"url":"https:\/\/www.respirelavie.fr\/poitiers\/wp-content\/uploads\/sites\/3\/2023\/08\/V8.2-Pieds-e1692973460171-300x62.png","type":"","width":"","height":""}],"twitter_card":"summary_large_image","twitter_misc":{"Dur\u00e9e de lecture estim\u00e9e":"3 minutes"},"schema":{"@context":"https:\/\/schema.org","@graph":[{"@type":"WebPage","@id":"http:\/\/www.respirelavie.fr\/poitiers\/espace-les-ptits-nouveaux-2023\/","url":"http:\/\/www.respirelavie.fr\/poitiers\/espace-les-ptits-nouveaux-2023\/","name":"Espace Les P'tits Nouveaux 2023 - Salon RESPIRE LA VIE Poitiers","isPartOf":{"@id":"http:\/\/www.respirelavie.fr\/poitiers\/#website"},"primaryImageOfPage":{"@id":"http:\/\/www.respirelavie.fr\/poitiers\/espace-les-ptits-nouveaux-2023\/#primaryimage"},"image":{"@id":"http:\/\/www.respirelavie.fr\/poitiers\/espace-les-ptits-nouveaux-2023\/#primaryimage"},"thumbnailUrl":"https:\/\/www.respirelavie.fr\/poitiers\/wp-content\/uploads\/sites\/3\/2023\/08\/V8.2-Pieds-e1692973460171-300x62.png","datePublished":"2024-03-14T11:41:30+00:00","breadcrumb":{"@id":"http:\/\/www.respirelavie.fr\/poitiers\/espace-les-ptits-nouveaux-2023\/#breadcrumb"},"inLanguage":"fr-FR","potentialAction":[{"@type":"ReadAction","target":["http:\/\/www.respirelavie.fr\/poitiers\/espace-les-ptits-nouveaux-2023\/"]}]},{"@type":"ImageObject","inLanguage":"fr-FR","@id":"http:\/\/www.respirelavie.fr\/poitiers\/espace-les-ptits-nouveaux-2023\/#primaryimage","url":"https:\/\/www.respirelavie.fr\/poitiers\/wp-content\/uploads\/sites\/3\/2023\/08\/V8.2-Pieds-e1692973460171.png","contentUrl":"https:\/\/www.respirelavie.fr\/poitiers\/wp-content\/uploads\/sites\/3\/2023\/08\/V8.2-Pieds-e1692973460171.png","width":1105,"height":230},{"@type":"BreadcrumbList","@id":"http:\/\/www.respirelavie.fr\/poitiers\/espace-les-ptits-nouveaux-2023\/#breadcrumb","itemListElement":[{"@type":"ListItem","position":1,"name":"Accueil","item":"http:\/\/www.respirelavie.fr\/poitiers\/"},{"@type":"ListItem","position":2,"name":"Espace Les P&rsquo;tits Nouveaux 2023"}]},{"@type":"WebSite","@id":"http:\/\/www.respirelavie.fr\/poitiers\/#website","url":"http:\/\/www.respirelavie.fr\/poitiers\/","name":"Salon RESPIRE LA VIE Poitiers","description":"RESPIRE : votre salon bio, bien-\u00eatre et habitat sain \u00e0 Poitiers","publisher":{"@id":"http:\/\/www.respirelavie.fr\/poitiers\/#organization"},"potentialAction":[{"@type":"SearchAction","target":{"@type":"EntryPoint","urlTemplate":"http:\/\/www.respirelavie.fr\/poitiers\/?s={search_term_string}"},"query-input":{"@type":"PropertyValueSpecification","valueRequired":true,"valueName":"search_term_string"}}],"inLanguage":"fr-FR"},{"@type":"Organization","@id":"http:\/\/www.respirelavie.fr\/poitiers\/#organization","name":"Salon RESPIRE LA VIE Poitiers","url":"http:\/\/www.respirelavie.fr\/poitiers\/","logo":{"@type":"ImageObject","inLanguage":"fr-FR","@id":"http:\/\/www.respirelavie.fr\/poitiers\/#\/schema\/logo\/image\/","url":"https:\/\/www.respirelavie.fr\/poitiers\/wp-content\/uploads\/sites\/3\/2024\/03\/Logo-RESPIRE-LA-VIE-poitiers.jpg","contentUrl":"https:\/\/www.respirelavie.fr\/poitiers\/wp-content\/uploads\/sites\/3\/2024\/03\/Logo-RESPIRE-LA-VIE-poitiers.jpg","width":470,"height":262,"caption":"Salon RESPIRE LA VIE Poitiers"},"image":{"@id":"http:\/\/www.respirelavie.fr\/poitiers\/#\/schema\/logo\/image\/"}}]}},"_links":{"self":[{"href":"https:\/\/www.respirelavie.fr\/poitiers\/wp-json\/wp\/v2\/pages\/10233","targetHints":{"allow":["GET"]}}],"collection":[{"href":"https:\/\/www.respirelavie.fr\/poitiers\/wp-json\/wp\/v2\/pages"}],"about":[{"href":"https:\/\/www.respirelavie.fr\/poitiers\/wp-json\/wp\/v2\/types\/page"}],"author":[{"embeddable":true,"href":"https:\/\/www.respirelavie.fr\/poitiers\/wp-json\/wp\/v2\/users\/7"}],"replies":[{"embeddable":true,"href":"https:\/\/www.respirelavie.fr\/poitiers\/wp-json\/wp\/v2\/comments?post=10233"}],"version-history":[{"count":1,"href":"https:\/\/www.respirelavie.fr\/poitiers\/wp-json\/wp\/v2\/pages\/10233\/revisions"}],"predecessor-version":[{"id":10235,"href":"https:\/\/www.respirelavie.fr\/poitiers\/wp-json\/wp\/v2\/pages\/10233\/revisions\/10235"}],"wp:attachment":[{"href":"https:\/\/www.respirelavie.fr\/poitiers\/wp-json\/wp\/v2\/media?parent=10233"}],"curies":[{"name":"wp","href":"https:\/\/api.w.org\/{rel}","templated":true}]}}