{"id":10243,"date":"2024-03-14T12:48:17","date_gmt":"2024-03-14T11:48:17","guid":{"rendered":"https:\/\/www.respirelavie.fr\/poitiers\/?page_id=10243"},"modified":"2024-03-14T12:48:17","modified_gmt":"2024-03-14T11:48:17","slug":"conferences-2023","status":"publish","type":"page","link":"https:\/\/www.respirelavie.fr\/poitiers\/conferences-2023\/","title":{"rendered":"Conf\u00e9rences 2023"},"content":{"rendered":"<p><img fetchpriority=\"high\" decoding=\"async\" class=\"size-full wp-image-7430\" src=\"https:\/\/www.respirelavie.fr\/poitiers\/wp-content\/uploads\/sites\/3\/2020\/03\/Fotolia_123517887_Subscription_Monthly_M-copie.jpg\" alt=\"\" width=\"1681\" height=\"619\" srcset=\"https:\/\/www.respirelavie.fr\/poitiers\/wp-content\/uploads\/sites\/3\/2020\/03\/Fotolia_123517887_Subscription_Monthly_M-copie.jpg 1681w, https:\/\/www.respirelavie.fr\/poitiers\/wp-content\/uploads\/sites\/3\/2020\/03\/Fotolia_123517887_Subscription_Monthly_M-copie-300x110.jpg 300w, https:\/\/www.respirelavie.fr\/poitiers\/wp-content\/uploads\/sites\/3\/2020\/03\/Fotolia_123517887_Subscription_Monthly_M-copie-1024x377.jpg 1024w, https:\/\/www.respirelavie.fr\/poitiers\/wp-content\/uploads\/sites\/3\/2020\/03\/Fotolia_123517887_Subscription_Monthly_M-copie-768x283.jpg 768w, https:\/\/www.respirelavie.fr\/poitiers\/wp-content\/uploads\/sites\/3\/2020\/03\/Fotolia_123517887_Subscription_Monthly_M-copie-1536x566.jpg 1536w, https:\/\/www.respirelavie.fr\/poitiers\/wp-content\/uploads\/sites\/3\/2020\/03\/Fotolia_123517887_Subscription_Monthly_M-copie-150x55.jpg 150w, https:\/\/www.respirelavie.fr\/poitiers\/wp-content\/uploads\/sites\/3\/2020\/03\/Fotolia_123517887_Subscription_Monthly_M-copie-500x184.jpg 500w\" sizes=\"(max-width: 1681px) 100vw, 1681px\" \/><\/p>\n<p>Des conf\u00e9rences sont organis\u00e9es pour permettre au public de d\u00e9couvrir et mieux comprendre les m\u00e9thodes et les produits pr\u00e9sent\u00e9s sur le salon.<\/p>\n<p><strong><span style=\"color: #65bb5d;\"> Salle VIENNE<\/span><\/strong><br \/>\n<strong><span style=\"color: #2f6eba;\">Salle POITOU<\/span><\/strong><br \/>\n<span style=\"color: #f0a922;\"><strong>Salle GARGANTUA<\/strong><\/span><\/p>\n<h2>Vendredi 22 septembre<\/h2>\n<p><strong><span style=\"color: #65bb5d;\">10:30 <\/span><\/strong>Jyotish &#8211; astrologie v\u00e9dique <em><strong>&#8211; Karine Brossard Zacria<\/strong><\/em><br \/>\n<strong><span style=\"color: #2f6eba;\">11:00<\/span><\/strong>\u00a0Bienfaits, utilisation des min\u00e9raux <em><strong>&#8211; Jean-Claude Kennedec<\/strong><\/em><br \/>\n<strong><span style=\"color: #2f6eba;\">12:00<\/span><\/strong> Prendre sa place et rayonner au c\u0153ur de son entreprise holistique <em><strong>&#8211; Yasmine Kabbaj<br \/>\n<\/strong><\/em><span style=\"color: #65bb5d;\"><strong>13:00<\/strong><\/span> Cuisiner avec conscience : comment pr\u00e9parer des repas inclusifs et nutritifs pour tous <em><strong>&#8211; Victoria Scherrer<\/strong><\/em><br \/>\n<strong><span style=\"color: #2f6eba;\">13:00<\/span><\/strong> G\u00e9om\u00e9trie vivante <em><strong>&#8211; K-rol Mondon<\/strong><\/em><br \/>\n<strong><span style=\"color: #65bb5d;\">14:00<\/span><\/strong> Les cl\u00e9s de la sant\u00e9 : l\u2019\u00e9quilibre des 2 cerveaux : microbiote et neurom\u00e9diateur, psychologie et \u00e9quilibrage hormonal <em><strong>&#8211; Julie Girardin<\/strong><\/em><br \/>\n<strong><span style=\"color: #2f6eba;\">14:00<\/span> <\/strong>Argile &#8211; S\u00e8ve de bouleau &#8211; Eau de Quinton : 3 solutions naturelles fondamentales pour notre immunit\u00e9 <em><strong>&#8211; Gr\u00e9goire Cadeau<\/strong><\/em><br \/>\n<span style=\"color: #f0a922;\"><strong>14:00<\/strong><\/span> Les plantes sauvages au secours de nos articulations et de notre sant\u00e9. Les bons conseils du P\u00e8re Jean <em><strong>&#8211; Jean-p\u00f4l Clesse<\/strong><\/em><br \/>\n<strong><span style=\"color: #65bb5d;\">15:00<\/span><\/strong> Vos 4 dimensions \u00e9nerg\u00e9tiques et leurs implications dans votre vie quotidienne <em><strong>&#8211; Mary-Laure Teyssedre<\/strong><\/em><br \/>\n<strong><span style=\"color: #2f6eba;\">15:00<\/span><\/strong> Orgonites, protection des ondes \u00e9lectromagn\u00e9tiques et g\u00e9obiologie <em><strong>&#8211; Thierry Hermann<\/strong><\/em><br \/>\n<span style=\"color: #f0a922;\"><strong>15:00<\/strong><\/span> Comment agir contre les tensions musculaires de la t\u00eate, de la nuque et du dos? <em><strong>&#8211; Alfred Pfennig<\/strong><\/em><br \/>\n<strong><span style=\"color: #2f6eba;\">16:00<\/span><\/strong> Renforcer son capital vitalit\u00e9 gr\u00e2ce \u00e0 la naturopathie<em><strong> &#8211; Chantal Darg\u00e8re<\/strong><\/em><br \/>\n<span style=\"color: #f0a922;\"><strong>16:00<\/strong><\/span> Les 4 piliers de la minceur \u00e0 activer simultan\u00e9ment pour garantir le succ\u00e8s : l\u2019hypnose, la r\u00e9gulation des neurom\u00e9diateurs, la psychologie du poids et l\u2019\u00e9quilibre hormonal <em><strong>&#8211; Julie Girardin<\/strong><\/em><br \/>\n<strong><span style=\"color: #65bb5d;\">16:30<\/span><\/strong> Incroyable pouvoir de l&rsquo;acupuncture ! Quelle acupuncture pour am\u00e9liorer la sant\u00e9 au quotidien ? <em><strong>&#8211; TeraForce &#8211; Chang<\/strong><\/em><br \/>\n<strong><span style=\"color: #2f6eba;\">17:00<\/span><\/strong> Stress, peur, tensions, fatigue, douleurs ? Nouvelles sciences, nouveaux espoirs ? <em><strong>&#8211; Jean-Pierre Chamodot<\/strong><\/em><br \/>\n<span style=\"color: #f0a922;\"><strong>17:00<\/strong><\/span> Et si\u2026 vous \u00e9tiez l&rsquo;artiste de votre vie ? \u00ab\u00a0Le courage de la douceur\u00a0\u00bb <em><strong>&#8211; Krista Bertho<br \/>\n<\/strong><\/em><span style=\"color: #65bb5d;\"><strong>17:30 <\/strong><\/span>M\u00e9ditation spontan\u00e9e<em> &#8211; <strong>Thierry Rorh<br \/>\n<\/strong><\/em><\/p><div id=\"respi-2873215564\" class=\"respi-contenu respi-entity-placement\"><script async src=\"\/\/pagead2.googlesyndication.com\/pagead\/js\/adsbygoogle.js?client=ca-pub-7511070832818284\" crossorigin=\"anonymous\"><\/script><ins class=\"adsbygoogle\" style=\"display:block;\" data-ad-client=\"ca-pub-7511070832818284\" \ndata-ad-slot=\"4196289901\" \ndata-ad-format=\"auto\"><\/ins>\n<script> \n(adsbygoogle = window.adsbygoogle || []).push({}); \n<\/script>\n<\/div>\n<h2>Samedi 23 septembre<\/h2>\n<p><strong><span style=\"color: #65bb5d;\">10:30<\/span><\/strong> D\u00e9couvrez l&rsquo;harmonie de la sophrologie et des \u00e9nergies avec SophrOz&rsquo;Conseils <em><strong>&#8211; Marie Lestremau<\/strong><\/em><br \/>\n<strong><span style=\"color: #2f6eba;\">11:00<\/span><\/strong> La psychog\u00e9n\u00e9alogie \u00e0 travers les constellations familiales <em><strong>&#8211; Marie Bajoux<\/strong><\/em><br \/>\n<strong><span style=\"color: #65bb5d;\">11:30<\/span><\/strong> Un outil pratique et objectif pour vous aider dans vos choix et vous guider dans l\u2019accomplissement de vos projets <em><strong>&#8211; Sylvia Cordonnier<\/strong><\/em><br \/>\n<strong><span style=\"color: #2f6eba;\">12:00<\/span><\/strong> En s\u2019\u00e9loignant de la simplicit\u00e9 du naturel, la cosm\u00e9tique bio a fait fausse route. Nous verrons pourquoi ! <em><strong>&#8211; Bernard Briaud<\/strong><\/em><br \/>\n<strong><span style=\"color: #65bb5d;\">13:00<\/span><\/strong> Bienfaits, utilisation des min\u00e9raux <em><strong>&#8211; Jean-Claude Kennedec<\/strong><\/em><br \/>\n<strong><span style=\"color: #2f6eba;\">13:00<\/span><\/strong> Comment agir contre les tensions musculaires de la t\u00eate, de la nuque et du dos ? <em><strong>&#8211; Alfred Pfennig<\/strong><\/em><br \/>\n<strong><span style=\"color: #65bb5d;\">14:00<\/span><\/strong> Argile &#8211; S\u00e8ve de bouleau &#8211; Eau de Quinton : 3 solutions naturelles fondamentales pour notre immunit\u00e9 <em><strong>&#8211; Gr\u00e9goire Cadeau<\/strong><\/em><br \/>\n<strong><span style=\"color: #2f6eba;\">14:00<\/span><\/strong> Les plantes sauvages au secours de nos articulations et de notre sant\u00e9. Les bons conseils du P\u00e8re Jean <em><strong>&#8211; Jean-p\u00f4l Clesse<\/strong><\/em><br \/>\n<span style=\"color: #f0a922;\"><strong>14:00<\/strong><\/span> Les bienfaits du chanvre<em> <strong>&#8211; Chanvre Nouvelle Aquitaine<\/strong><\/em><br \/>\n<strong><span style=\"color: #65bb5d;\">15:00<\/span><\/strong> Le freeganisme : th\u00e9orie et pratique de la lutte contre le gaspillage alimentaire <em><strong>&#8211; Cora Bossuet<\/strong><\/em><br \/>\n<strong><span style=\"color: #2f6eba;\">15:00<\/span><\/strong> Les 4 piliers de la minceur \u00e0 activer simultan\u00e9ment pour garantir le succ\u00e8s : l\u2019hypnose, la r\u00e9gulation des neurom\u00e9diateurs, la psychologie du poids et l\u2019\u00e9quilibre hormonal <em><strong>&#8211; Julie Girardin<\/strong><\/em><br \/>\n<span style=\"color: #f0a922;\"><strong>15:00<\/strong><\/span> Orgonites, protection des ondes \u00e9lectromagn\u00e9tiques et g\u00e9obiologie<em><strong> &#8211; Thierry Hermann<\/strong><\/em><br \/>\n<strong><span style=\"color: #2f6eba;\">16:00<\/span><\/strong> Les bienfaits du Reiki Traditionnel Usui <em><strong>&#8211; Marie-Pierre Boudet<\/strong><\/em><br \/>\n<span style=\"color: #f0a922;\"><strong>16:00<\/strong><\/span> Les cl\u00e9s de la sant\u00e9 : l\u2019\u00e9quilibre des 2 cerveaux : microbiote et neurom\u00e9diateur, psychologie et \u00e9quilibrage hormonal <em><strong>&#8211; Julie Girardin<\/strong><\/em><br \/>\n<strong><span style=\"color: #65bb5d;\">16:30<\/span><\/strong> L&rsquo;impact des \u00e9motions sur notre corps, quand le physique nous parle <em><strong>&#8211; David Garcia<\/strong><\/em><br \/>\n<strong><span style=\"color: #2f6eba;\">17:00<\/span><\/strong> Les 4 piliers de la minceur \u00e0 activer simultan\u00e9ment pour garantir le succ\u00e8s : l\u2019hypnose, la r\u00e9gulation des neurom\u00e9diateurs, la psychologie du poids et l\u2019\u00e9quilibre hormonal &#8211; Julie Girardin<br \/>\n<strong><span style=\"color: #65bb5d;\">17:30<\/span><\/strong> Se reconnecter \u00e0 soi avec la sylvoth\u00e9rapie et le mandala <em><strong>&#8211; Xavier Blais et Florence Joyeux<br \/>\n<\/strong><\/em><strong><span style=\"color: #2f6eba;\">18:00<\/span> <\/strong>Spiruline : pourquoi et comment ? &#8211; <em><strong>Antoine Loubignac<br \/>\n<\/strong><\/em><\/p>\n<h2>Dimanche 24 septembre<\/h2>\n<p><b><strong><span style=\"color: #65bb5d;\">10:30 <\/span><\/strong><\/b>L&rsquo;intelligence\u00a0des arbres \u00e0 notre service !?<em><b> &#8211; R\u00e9my Lahterman<\/b><\/em><span style=\"color: #2f6eba;\"><br \/>\n<strong>11:00<\/strong><\/span> Bienfaits, utilisation des min\u00e9raux <em><strong>&#8211; Jean-Claude Kennedec<\/strong><\/em><br \/>\n<strong><span style=\"color: #65bb5d;\">11:30<\/span> <\/strong>D\u00e9velopper son royaume int\u00e9rieur <em><strong>&#8211; Anne-Laure Boselli<\/strong><\/em><br \/>\n<strong><span style=\"color: #2f6eba;\">12:00<\/span> <\/strong>Mincir avec l&rsquo;hypnose <em><strong>&#8211; Lucile Thiriet<\/strong><\/em><br \/>\n<strong><span style=\"color: #65bb5d;\">13:00<\/span><\/strong> Le chanvre dans tout ses \u00e9tats <em><strong>&#8211; Christophe Latouche<\/strong><\/em><br \/>\n<strong><span style=\"color: #2f6eba;\">13:00<\/span><\/strong> Comment agir contre les tensions musculaires de la t\u00eate, de la nuque et du dos ? <em><strong>&#8211; Alfred Pfennig<\/strong><\/em><br \/>\n<strong><span style=\"color: #65bb5d;\">14:00<\/span><\/strong> Argile &#8211; S\u00e8ve de bouleau &#8211; Eau de Quinton : 3 solutions naturelles fondamentales pour notre immunit\u00e9 <em><strong>&#8211; Gr\u00e9goire Cadeau<\/strong><\/em><br \/>\n<strong><span style=\"color: #2f6eba;\">14:00<\/span><\/strong> Pourquoi et comment agir sur l\u2019\u00e2me pour avoir un impact spectaculaire sur le corps ? <em><strong>&#8211; Jean-Pierre Chamodot<\/strong><\/em><br \/>\n<span style=\"color: #f0a922;\"><strong>14:00<\/strong><\/span> Les plantes sauvages au secours de nos articulations et de notre sant\u00e9. Les bons conseils du P\u00e8re Jean<em> <strong>&#8211; Jean-p\u00f4l Clesse<\/strong><\/em><br \/>\n<strong><span style=\"color: #65bb5d;\">15:00<\/span><\/strong> Le burn-out <em><strong>&#8211; Astrid Le Fur<\/strong><\/em><br \/>\n<strong><span style=\"color: #2f6eba;\">15:00<\/span><\/strong> Les 4 piliers de la minceur \u00e0 activer simultan\u00e9ment pour garantir le succ\u00e8s : l\u2019hypnose, la r\u00e9gulation des neurom\u00e9diateurs, la psychologie du poids et l\u2019\u00e9quilibre hormonal <em><strong>&#8211; Julie Girardin<\/strong><\/em><br \/>\n<span style=\"color: #f0a922;\"><strong>15:00<\/strong><\/span> Orgonites, protection des ondes \u00e9lectromagn\u00e9tiques et g\u00e9obiologie <em><strong>&#8211; Thierry Hermann<\/strong><\/em><br \/>\n<strong><span style=\"color: #2f6eba;\">16:00<\/span><\/strong> L&rsquo;impact des \u00e9motions sur notre corps, quand le physique nous parle <em><strong>&#8211; David Garcia<\/strong><\/em><br \/>\n<span style=\"color: #f0a922;\"><strong>16:00<\/strong><\/span> Les bienfaits du Reiki Traditionnel Usui <em><strong>&#8211; Marie-Pierre Boudet<\/strong><\/em><br \/>\n<strong><span style=\"color: #65bb5d;\">16:30<\/span><\/strong> L&rsquo;Hom\u00e9opathie Uniciste : principes fondamentaux &#8211; Comment \u00e9valuer son niveau de sant\u00e9 ? <em><strong>&#8211; Virginie Roulleau<\/strong><\/em><br \/>\n<strong><span style=\"color: #2f6eba;\">17:00<\/span><\/strong> Les cl\u00e9s de la sant\u00e9 : l\u2019\u00e9quilibre des 2 cerveaux : microbiote et neurom\u00e9diateur, psychologie et \u00e9quilibrage hormonal <em><strong>&#8211; Julie Girardin<\/strong><\/em><\/p>\n","protected":false},"excerpt":{"rendered":"<p>Des conf\u00e9rences sont organis\u00e9es pour permettre au public de d\u00e9couvrir et mieux comprendre les m\u00e9thodes et les produits pr\u00e9sent\u00e9s sur le salon. Salle VIENNE Salle POITOU Salle GARGANTUA Vendredi 22 septembre 10:30 Jyotish &#8211; astrologie v\u00e9dique &#8211; Karine Brossard Zacria 11:00\u00a0Bienfaits, utilisation des min\u00e9raux &#8211; Jean-Claude Kennedec 12:00 Prendre sa place et rayonner au c\u0153ur&hellip; <\/p>\n","protected":false},"author":7,"featured_media":0,"parent":0,"menu_order":0,"comment_status":"closed","ping_status":"closed","template":"","meta":{"_monsterinsights_skip_tracking":false,"_monsterinsights_sitenote_active":false,"_monsterinsights_sitenote_note":"","_monsterinsights_sitenote_category":0,"footnotes":""},"class_list":["post-10243","page","type-page","status-publish","hentry"],"yoast_head":"<!-- This site is optimized with the Yoast SEO plugin v27.3 - https:\/\/yoast.com\/product\/yoast-seo-wordpress\/ -->\n<title>Conf\u00e9rences 2023 - Salon RESPIRE LA VIE Poitiers<\/title>\n<meta name=\"robots\" content=\"index, follow, max-snippet:-1, max-image-preview:large, max-video-preview:-1\" \/>\n<link rel=\"canonical\" href=\"https:\/\/www.respirelavie.fr\/poitiers\/conferences-2023\/\" \/>\n<meta property=\"og:locale\" content=\"fr_FR\" \/>\n<meta property=\"og:type\" content=\"article\" \/>\n<meta property=\"og:title\" content=\"Conf\u00e9rences 2023 - Salon RESPIRE LA VIE Poitiers\" \/>\n<meta property=\"og:description\" content=\"Des conf\u00e9rences sont organis\u00e9es pour permettre au public de d\u00e9couvrir et mieux comprendre les m\u00e9thodes et les produits pr\u00e9sent\u00e9s sur le salon. Salle VIENNE Salle POITOU Salle GARGANTUA Vendredi 22 septembre 10:30 Jyotish &#8211; astrologie v\u00e9dique &#8211; Karine Brossard Zacria 11:00\u00a0Bienfaits, utilisation des min\u00e9raux &#8211; Jean-Claude Kennedec 12:00 Prendre sa place et rayonner au c\u0153ur&hellip;\" \/>\n<meta property=\"og:url\" content=\"https:\/\/www.respirelavie.fr\/poitiers\/conferences-2023\/\" \/>\n<meta property=\"og:site_name\" content=\"Salon RESPIRE LA VIE Poitiers\" \/>\n<meta property=\"og:image\" content=\"https:\/\/www.respirelavie.fr\/poitiers\/wp-content\/uploads\/sites\/3\/2020\/03\/Fotolia_123517887_Subscription_Monthly_M-copie.jpg\" \/>\n<meta name=\"twitter:card\" content=\"summary_large_image\" \/>\n<meta name=\"twitter:label1\" content=\"Dur\u00e9e de lecture estim\u00e9e\" \/>\n\t<meta name=\"twitter:data1\" content=\"5 minutes\" \/>\n<script type=\"application\/ld+json\" class=\"yoast-schema-graph\">{\"@context\":\"https:\\\/\\\/schema.org\",\"@graph\":[{\"@type\":\"WebPage\",\"@id\":\"https:\\\/\\\/www.respirelavie.fr\\\/poitiers\\\/conferences-2023\\\/\",\"url\":\"https:\\\/\\\/www.respirelavie.fr\\\/poitiers\\\/conferences-2023\\\/\",\"name\":\"Conf\u00e9rences 2023 - Salon RESPIRE LA VIE Poitiers\",\"isPartOf\":{\"@id\":\"http:\\\/\\\/www.respirelavie.fr\\\/poitiers\\\/#website\"},\"primaryImageOfPage\":{\"@id\":\"https:\\\/\\\/www.respirelavie.fr\\\/poitiers\\\/conferences-2023\\\/#primaryimage\"},\"image\":{\"@id\":\"https:\\\/\\\/www.respirelavie.fr\\\/poitiers\\\/conferences-2023\\\/#primaryimage\"},\"thumbnailUrl\":\"https:\\\/\\\/www.respirelavie.fr\\\/poitiers\\\/wp-content\\\/uploads\\\/sites\\\/3\\\/2020\\\/03\\\/Fotolia_123517887_Subscription_Monthly_M-copie.jpg\",\"datePublished\":\"2024-03-14T11:48:17+00:00\",\"breadcrumb\":{\"@id\":\"https:\\\/\\\/www.respirelavie.fr\\\/poitiers\\\/conferences-2023\\\/#breadcrumb\"},\"inLanguage\":\"fr-FR\",\"potentialAction\":[{\"@type\":\"ReadAction\",\"target\":[\"https:\\\/\\\/www.respirelavie.fr\\\/poitiers\\\/conferences-2023\\\/\"]}]},{\"@type\":\"ImageObject\",\"inLanguage\":\"fr-FR\",\"@id\":\"https:\\\/\\\/www.respirelavie.fr\\\/poitiers\\\/conferences-2023\\\/#primaryimage\",\"url\":\"https:\\\/\\\/www.respirelavie.fr\\\/poitiers\\\/wp-content\\\/uploads\\\/sites\\\/3\\\/2020\\\/03\\\/Fotolia_123517887_Subscription_Monthly_M-copie.jpg\",\"contentUrl\":\"https:\\\/\\\/www.respirelavie.fr\\\/poitiers\\\/wp-content\\\/uploads\\\/sites\\\/3\\\/2020\\\/03\\\/Fotolia_123517887_Subscription_Monthly_M-copie.jpg\",\"width\":1681,\"height\":619,\"caption\":\"Speaker Giving a Talk at Business Meeting. Audience in the conference hall. Business and Entrepreneurship.\"},{\"@type\":\"BreadcrumbList\",\"@id\":\"https:\\\/\\\/www.respirelavie.fr\\\/poitiers\\\/conferences-2023\\\/#breadcrumb\",\"itemListElement\":[{\"@type\":\"ListItem\",\"position\":1,\"name\":\"Accueil\",\"item\":\"http:\\\/\\\/www.respirelavie.fr\\\/poitiers\\\/\"},{\"@type\":\"ListItem\",\"position\":2,\"name\":\"Conf\u00e9rences 2023\"}]},{\"@type\":\"WebSite\",\"@id\":\"http:\\\/\\\/www.respirelavie.fr\\\/poitiers\\\/#website\",\"url\":\"http:\\\/\\\/www.respirelavie.fr\\\/poitiers\\\/\",\"name\":\"Salon RESPIRE LA VIE Poitiers\",\"description\":\"RESPIRE : votre salon bio, bien-\u00eatre et habitat sain \u00e0 Poitiers\",\"publisher\":{\"@id\":\"http:\\\/\\\/www.respirelavie.fr\\\/poitiers\\\/#organization\"},\"potentialAction\":[{\"@type\":\"SearchAction\",\"target\":{\"@type\":\"EntryPoint\",\"urlTemplate\":\"http:\\\/\\\/www.respirelavie.fr\\\/poitiers\\\/?s={search_term_string}\"},\"query-input\":{\"@type\":\"PropertyValueSpecification\",\"valueRequired\":true,\"valueName\":\"search_term_string\"}}],\"inLanguage\":\"fr-FR\"},{\"@type\":\"Organization\",\"@id\":\"http:\\\/\\\/www.respirelavie.fr\\\/poitiers\\\/#organization\",\"name\":\"Salon RESPIRE LA VIE Poitiers\",\"url\":\"http:\\\/\\\/www.respirelavie.fr\\\/poitiers\\\/\",\"logo\":{\"@type\":\"ImageObject\",\"inLanguage\":\"fr-FR\",\"@id\":\"http:\\\/\\\/www.respirelavie.fr\\\/poitiers\\\/#\\\/schema\\\/logo\\\/image\\\/\",\"url\":\"https:\\\/\\\/www.respirelavie.fr\\\/poitiers\\\/wp-content\\\/uploads\\\/sites\\\/3\\\/2024\\\/03\\\/Logo-RESPIRE-LA-VIE-poitiers.jpg\",\"contentUrl\":\"https:\\\/\\\/www.respirelavie.fr\\\/poitiers\\\/wp-content\\\/uploads\\\/sites\\\/3\\\/2024\\\/03\\\/Logo-RESPIRE-LA-VIE-poitiers.jpg\",\"width\":470,\"height\":262,\"caption\":\"Salon RESPIRE LA VIE Poitiers\"},\"image\":{\"@id\":\"http:\\\/\\\/www.respirelavie.fr\\\/poitiers\\\/#\\\/schema\\\/logo\\\/image\\\/\"}}]}<\/script>\n<!-- \/ Yoast SEO plugin. -->","yoast_head_json":{"title":"Conf\u00e9rences 2023 - Salon RESPIRE LA VIE Poitiers","robots":{"index":"index","follow":"follow","max-snippet":"max-snippet:-1","max-image-preview":"max-image-preview:large","max-video-preview":"max-video-preview:-1"},"canonical":"https:\/\/www.respirelavie.fr\/poitiers\/conferences-2023\/","og_locale":"fr_FR","og_type":"article","og_title":"Conf\u00e9rences 2023 - Salon RESPIRE LA VIE Poitiers","og_description":"Des conf\u00e9rences sont organis\u00e9es pour permettre au public de d\u00e9couvrir et mieux comprendre les m\u00e9thodes et les produits pr\u00e9sent\u00e9s sur le salon. Salle VIENNE Salle POITOU Salle GARGANTUA Vendredi 22 septembre 10:30 Jyotish &#8211; astrologie v\u00e9dique &#8211; Karine Brossard Zacria 11:00\u00a0Bienfaits, utilisation des min\u00e9raux &#8211; Jean-Claude Kennedec 12:00 Prendre sa place et rayonner au c\u0153ur&hellip;","og_url":"https:\/\/www.respirelavie.fr\/poitiers\/conferences-2023\/","og_site_name":"Salon RESPIRE LA VIE Poitiers","og_image":[{"url":"https:\/\/www.respirelavie.fr\/poitiers\/wp-content\/uploads\/sites\/3\/2020\/03\/Fotolia_123517887_Subscription_Monthly_M-copie.jpg","type":"","width":"","height":""}],"twitter_card":"summary_large_image","twitter_misc":{"Dur\u00e9e de lecture estim\u00e9e":"5 minutes"},"schema":{"@context":"https:\/\/schema.org","@graph":[{"@type":"WebPage","@id":"https:\/\/www.respirelavie.fr\/poitiers\/conferences-2023\/","url":"https:\/\/www.respirelavie.fr\/poitiers\/conferences-2023\/","name":"Conf\u00e9rences 2023 - Salon RESPIRE LA VIE Poitiers","isPartOf":{"@id":"http:\/\/www.respirelavie.fr\/poitiers\/#website"},"primaryImageOfPage":{"@id":"https:\/\/www.respirelavie.fr\/poitiers\/conferences-2023\/#primaryimage"},"image":{"@id":"https:\/\/www.respirelavie.fr\/poitiers\/conferences-2023\/#primaryimage"},"thumbnailUrl":"https:\/\/www.respirelavie.fr\/poitiers\/wp-content\/uploads\/sites\/3\/2020\/03\/Fotolia_123517887_Subscription_Monthly_M-copie.jpg","datePublished":"2024-03-14T11:48:17+00:00","breadcrumb":{"@id":"https:\/\/www.respirelavie.fr\/poitiers\/conferences-2023\/#breadcrumb"},"inLanguage":"fr-FR","potentialAction":[{"@type":"ReadAction","target":["https:\/\/www.respirelavie.fr\/poitiers\/conferences-2023\/"]}]},{"@type":"ImageObject","inLanguage":"fr-FR","@id":"https:\/\/www.respirelavie.fr\/poitiers\/conferences-2023\/#primaryimage","url":"https:\/\/www.respirelavie.fr\/poitiers\/wp-content\/uploads\/sites\/3\/2020\/03\/Fotolia_123517887_Subscription_Monthly_M-copie.jpg","contentUrl":"https:\/\/www.respirelavie.fr\/poitiers\/wp-content\/uploads\/sites\/3\/2020\/03\/Fotolia_123517887_Subscription_Monthly_M-copie.jpg","width":1681,"height":619,"caption":"Speaker Giving a Talk at Business Meeting. Audience in the conference hall. Business and Entrepreneurship."},{"@type":"BreadcrumbList","@id":"https:\/\/www.respirelavie.fr\/poitiers\/conferences-2023\/#breadcrumb","itemListElement":[{"@type":"ListItem","position":1,"name":"Accueil","item":"http:\/\/www.respirelavie.fr\/poitiers\/"},{"@type":"ListItem","position":2,"name":"Conf\u00e9rences 2023"}]},{"@type":"WebSite","@id":"http:\/\/www.respirelavie.fr\/poitiers\/#website","url":"http:\/\/www.respirelavie.fr\/poitiers\/","name":"Salon RESPIRE LA VIE Poitiers","description":"RESPIRE : votre salon bio, bien-\u00eatre et habitat sain \u00e0 Poitiers","publisher":{"@id":"http:\/\/www.respirelavie.fr\/poitiers\/#organization"},"potentialAction":[{"@type":"SearchAction","target":{"@type":"EntryPoint","urlTemplate":"http:\/\/www.respirelavie.fr\/poitiers\/?s={search_term_string}"},"query-input":{"@type":"PropertyValueSpecification","valueRequired":true,"valueName":"search_term_string"}}],"inLanguage":"fr-FR"},{"@type":"Organization","@id":"http:\/\/www.respirelavie.fr\/poitiers\/#organization","name":"Salon RESPIRE LA VIE Poitiers","url":"http:\/\/www.respirelavie.fr\/poitiers\/","logo":{"@type":"ImageObject","inLanguage":"fr-FR","@id":"http:\/\/www.respirelavie.fr\/poitiers\/#\/schema\/logo\/image\/","url":"https:\/\/www.respirelavie.fr\/poitiers\/wp-content\/uploads\/sites\/3\/2024\/03\/Logo-RESPIRE-LA-VIE-poitiers.jpg","contentUrl":"https:\/\/www.respirelavie.fr\/poitiers\/wp-content\/uploads\/sites\/3\/2024\/03\/Logo-RESPIRE-LA-VIE-poitiers.jpg","width":470,"height":262,"caption":"Salon RESPIRE LA VIE Poitiers"},"image":{"@id":"http:\/\/www.respirelavie.fr\/poitiers\/#\/schema\/logo\/image\/"}}]}},"_links":{"self":[{"href":"https:\/\/www.respirelavie.fr\/poitiers\/wp-json\/wp\/v2\/pages\/10243","targetHints":{"allow":["GET"]}}],"collection":[{"href":"https:\/\/www.respirelavie.fr\/poitiers\/wp-json\/wp\/v2\/pages"}],"about":[{"href":"https:\/\/www.respirelavie.fr\/poitiers\/wp-json\/wp\/v2\/types\/page"}],"author":[{"embeddable":true,"href":"https:\/\/www.respirelavie.fr\/poitiers\/wp-json\/wp\/v2\/users\/7"}],"replies":[{"embeddable":true,"href":"https:\/\/www.respirelavie.fr\/poitiers\/wp-json\/wp\/v2\/comments?post=10243"}],"version-history":[{"count":1,"href":"https:\/\/www.respirelavie.fr\/poitiers\/wp-json\/wp\/v2\/pages\/10243\/revisions"}],"predecessor-version":[{"id":10244,"href":"https:\/\/www.respirelavie.fr\/poitiers\/wp-json\/wp\/v2\/pages\/10243\/revisions\/10244"}],"wp:attachment":[{"href":"https:\/\/www.respirelavie.fr\/poitiers\/wp-json\/wp\/v2\/media?parent=10243"}],"curies":[{"name":"wp","href":"https:\/\/api.w.org\/{rel}","templated":true}]}}