{"id":10284,"date":"2024-03-15T09:59:20","date_gmt":"2024-03-15T08:59:20","guid":{"rendered":"https:\/\/www.respirelavie.fr\/poitiers\/?page_id=10284"},"modified":"2024-03-15T09:59:20","modified_gmt":"2024-03-15T08:59:20","slug":"espace-art-creation-2023","status":"publish","type":"page","link":"https:\/\/www.respirelavie.fr\/poitiers\/espace-art-creation-2023\/","title":{"rendered":"Espace art &#038; cr\u00e9ation 2023"},"content":{"rendered":"<p><img fetchpriority=\"high\" decoding=\"async\" class=\"size-medium wp-image-9473 alignleft\" src=\"https:\/\/www.respirelavie.fr\/poitiers\/wp-content\/uploads\/sites\/3\/2023\/07\/Acr127410470784690251-300x248.png\" alt=\"\" width=\"300\" height=\"248\" srcset=\"https:\/\/www.respirelavie.fr\/poitiers\/wp-content\/uploads\/sites\/3\/2023\/07\/Acr127410470784690251-300x248.png 300w, https:\/\/www.respirelavie.fr\/poitiers\/wp-content\/uploads\/sites\/3\/2023\/07\/Acr127410470784690251-150x124.png 150w, https:\/\/www.respirelavie.fr\/poitiers\/wp-content\/uploads\/sites\/3\/2023\/07\/Acr127410470784690251.png 435w\" sizes=\"(max-width: 300px) 100vw, 300px\" \/>Marine Rousseau, art-th\u00e9rapeute dipl\u00f4m\u00e9e de l&rsquo;Universit\u00e9 de Poitiers en 2022, UFR M\u00e9decine et Pharmacie.\u00a0\u00a0Je vous invite \u00e0 d\u00e9couvrir l&rsquo;art-th\u00e9rapie, un travail sur les \u00e9motions et le ressenti. L&rsquo;art-th\u00e9rapie s&rsquo;adapte aux probl\u00e9matiques uniques et aux diff\u00e9rentes histoires des personnes accompagn\u00e9es. Je propose une pr\u00e9sentation de l&rsquo;art-th\u00e9rapie et de ma pratique par la musique, les art-plastiques \u00e0 travers la stimulation sensorielle et l&rsquo;\u00e9coute de soi. C&rsquo;est par le fait de cr\u00e9er et de mettre des couleurs, des gestes sur ses maux que la personne va \u00e9voluer dans son processus th\u00e9rapeutique.<\/p>\n","protected":false},"excerpt":{"rendered":"<p>Marine Rousseau, art-th\u00e9rapeute dipl\u00f4m\u00e9e de l&rsquo;Universit\u00e9 de Poitiers en 2022, UFR M\u00e9decine et Pharmacie.\u00a0\u00a0Je vous invite \u00e0 d\u00e9couvrir l&rsquo;art-th\u00e9rapie, un travail sur les \u00e9motions et le ressenti. L&rsquo;art-th\u00e9rapie s&rsquo;adapte aux probl\u00e9matiques uniques et aux diff\u00e9rentes histoires des personnes accompagn\u00e9es. Je propose une pr\u00e9sentation de l&rsquo;art-th\u00e9rapie et de ma pratique par la musique, les art-plastiques \u00e0&hellip; <\/p>\n","protected":false},"author":7,"featured_media":0,"parent":0,"menu_order":0,"comment_status":"closed","ping_status":"closed","template":"","meta":{"_monsterinsights_skip_tracking":false,"_monsterinsights_sitenote_active":false,"_monsterinsights_sitenote_note":"","_monsterinsights_sitenote_category":0,"footnotes":""},"class_list":["post-10284","page","type-page","status-publish","hentry"],"yoast_head":"<!-- This site is optimized with the Yoast SEO plugin v27.3 - https:\/\/yoast.com\/product\/yoast-seo-wordpress\/ -->\n<title>Espace art &amp; cr\u00e9ation 2023 - Salon RESPIRE LA VIE Poitiers<\/title>\n<meta name=\"robots\" content=\"index, follow, max-snippet:-1, max-image-preview:large, max-video-preview:-1\" \/>\n<link rel=\"canonical\" href=\"https:\/\/www.respirelavie.fr\/poitiers\/espace-art-creation-2023\/\" \/>\n<meta property=\"og:locale\" content=\"fr_FR\" \/>\n<meta property=\"og:type\" content=\"article\" \/>\n<meta property=\"og:title\" content=\"Espace art &amp; cr\u00e9ation 2023 - Salon RESPIRE LA VIE Poitiers\" \/>\n<meta property=\"og:description\" content=\"Marine Rousseau, art-th\u00e9rapeute dipl\u00f4m\u00e9e de l&rsquo;Universit\u00e9 de Poitiers en 2022, UFR M\u00e9decine et Pharmacie.\u00a0\u00a0Je vous invite \u00e0 d\u00e9couvrir l&rsquo;art-th\u00e9rapie, un travail sur les \u00e9motions et le ressenti. L&rsquo;art-th\u00e9rapie s&rsquo;adapte aux probl\u00e9matiques uniques et aux diff\u00e9rentes histoires des personnes accompagn\u00e9es. Je propose une pr\u00e9sentation de l&rsquo;art-th\u00e9rapie et de ma pratique par la musique, les art-plastiques \u00e0&hellip;\" \/>\n<meta property=\"og:url\" content=\"https:\/\/www.respirelavie.fr\/poitiers\/espace-art-creation-2023\/\" \/>\n<meta property=\"og:site_name\" content=\"Salon RESPIRE LA VIE Poitiers\" \/>\n<meta property=\"og:image\" content=\"https:\/\/www.respirelavie.fr\/poitiers\/wp-content\/uploads\/sites\/3\/2023\/07\/Acr127410470784690251-300x248.png\" \/>\n<meta name=\"twitter:card\" content=\"summary_large_image\" \/>\n<meta name=\"twitter:label1\" content=\"Dur\u00e9e de lecture estim\u00e9e\" \/>\n\t<meta name=\"twitter:data1\" content=\"1 minute\" \/>\n<script type=\"application\/ld+json\" class=\"yoast-schema-graph\">{\"@context\":\"https:\\\/\\\/schema.org\",\"@graph\":[{\"@type\":\"WebPage\",\"@id\":\"https:\\\/\\\/www.respirelavie.fr\\\/poitiers\\\/espace-art-creation-2023\\\/\",\"url\":\"https:\\\/\\\/www.respirelavie.fr\\\/poitiers\\\/espace-art-creation-2023\\\/\",\"name\":\"Espace art & cr\u00e9ation 2023 - Salon RESPIRE LA VIE Poitiers\",\"isPartOf\":{\"@id\":\"http:\\\/\\\/www.respirelavie.fr\\\/poitiers\\\/#website\"},\"primaryImageOfPage\":{\"@id\":\"https:\\\/\\\/www.respirelavie.fr\\\/poitiers\\\/espace-art-creation-2023\\\/#primaryimage\"},\"image\":{\"@id\":\"https:\\\/\\\/www.respirelavie.fr\\\/poitiers\\\/espace-art-creation-2023\\\/#primaryimage\"},\"thumbnailUrl\":\"https:\\\/\\\/www.respirelavie.fr\\\/poitiers\\\/wp-content\\\/uploads\\\/sites\\\/3\\\/2023\\\/07\\\/Acr127410470784690251-300x248.png\",\"datePublished\":\"2024-03-15T08:59:20+00:00\",\"breadcrumb\":{\"@id\":\"https:\\\/\\\/www.respirelavie.fr\\\/poitiers\\\/espace-art-creation-2023\\\/#breadcrumb\"},\"inLanguage\":\"fr-FR\",\"potentialAction\":[{\"@type\":\"ReadAction\",\"target\":[\"https:\\\/\\\/www.respirelavie.fr\\\/poitiers\\\/espace-art-creation-2023\\\/\"]}]},{\"@type\":\"ImageObject\",\"inLanguage\":\"fr-FR\",\"@id\":\"https:\\\/\\\/www.respirelavie.fr\\\/poitiers\\\/espace-art-creation-2023\\\/#primaryimage\",\"url\":\"https:\\\/\\\/www.respirelavie.fr\\\/poitiers\\\/wp-content\\\/uploads\\\/sites\\\/3\\\/2023\\\/07\\\/Acr127410470784690251.png\",\"contentUrl\":\"https:\\\/\\\/www.respirelavie.fr\\\/poitiers\\\/wp-content\\\/uploads\\\/sites\\\/3\\\/2023\\\/07\\\/Acr127410470784690251.png\",\"width\":435,\"height\":359},{\"@type\":\"BreadcrumbList\",\"@id\":\"https:\\\/\\\/www.respirelavie.fr\\\/poitiers\\\/espace-art-creation-2023\\\/#breadcrumb\",\"itemListElement\":[{\"@type\":\"ListItem\",\"position\":1,\"name\":\"Accueil\",\"item\":\"http:\\\/\\\/www.respirelavie.fr\\\/poitiers\\\/\"},{\"@type\":\"ListItem\",\"position\":2,\"name\":\"Espace art &#038; cr\u00e9ation 2023\"}]},{\"@type\":\"WebSite\",\"@id\":\"http:\\\/\\\/www.respirelavie.fr\\\/poitiers\\\/#website\",\"url\":\"http:\\\/\\\/www.respirelavie.fr\\\/poitiers\\\/\",\"name\":\"Salon RESPIRE LA VIE Poitiers\",\"description\":\"RESPIRE : votre salon bio, bien-\u00eatre et habitat sain \u00e0 Poitiers\",\"publisher\":{\"@id\":\"http:\\\/\\\/www.respirelavie.fr\\\/poitiers\\\/#organization\"},\"potentialAction\":[{\"@type\":\"SearchAction\",\"target\":{\"@type\":\"EntryPoint\",\"urlTemplate\":\"http:\\\/\\\/www.respirelavie.fr\\\/poitiers\\\/?s={search_term_string}\"},\"query-input\":{\"@type\":\"PropertyValueSpecification\",\"valueRequired\":true,\"valueName\":\"search_term_string\"}}],\"inLanguage\":\"fr-FR\"},{\"@type\":\"Organization\",\"@id\":\"http:\\\/\\\/www.respirelavie.fr\\\/poitiers\\\/#organization\",\"name\":\"Salon RESPIRE LA VIE Poitiers\",\"url\":\"http:\\\/\\\/www.respirelavie.fr\\\/poitiers\\\/\",\"logo\":{\"@type\":\"ImageObject\",\"inLanguage\":\"fr-FR\",\"@id\":\"http:\\\/\\\/www.respirelavie.fr\\\/poitiers\\\/#\\\/schema\\\/logo\\\/image\\\/\",\"url\":\"https:\\\/\\\/www.respirelavie.fr\\\/poitiers\\\/wp-content\\\/uploads\\\/sites\\\/3\\\/2024\\\/03\\\/Logo-RESPIRE-LA-VIE-poitiers.jpg\",\"contentUrl\":\"https:\\\/\\\/www.respirelavie.fr\\\/poitiers\\\/wp-content\\\/uploads\\\/sites\\\/3\\\/2024\\\/03\\\/Logo-RESPIRE-LA-VIE-poitiers.jpg\",\"width\":470,\"height\":262,\"caption\":\"Salon RESPIRE LA VIE Poitiers\"},\"image\":{\"@id\":\"http:\\\/\\\/www.respirelavie.fr\\\/poitiers\\\/#\\\/schema\\\/logo\\\/image\\\/\"}}]}<\/script>\n<!-- \/ Yoast SEO plugin. -->","yoast_head_json":{"title":"Espace art & cr\u00e9ation 2023 - Salon RESPIRE LA VIE Poitiers","robots":{"index":"index","follow":"follow","max-snippet":"max-snippet:-1","max-image-preview":"max-image-preview:large","max-video-preview":"max-video-preview:-1"},"canonical":"https:\/\/www.respirelavie.fr\/poitiers\/espace-art-creation-2023\/","og_locale":"fr_FR","og_type":"article","og_title":"Espace art & cr\u00e9ation 2023 - Salon RESPIRE LA VIE Poitiers","og_description":"Marine Rousseau, art-th\u00e9rapeute dipl\u00f4m\u00e9e de l&rsquo;Universit\u00e9 de Poitiers en 2022, UFR M\u00e9decine et Pharmacie.\u00a0\u00a0Je vous invite \u00e0 d\u00e9couvrir l&rsquo;art-th\u00e9rapie, un travail sur les \u00e9motions et le ressenti. L&rsquo;art-th\u00e9rapie s&rsquo;adapte aux probl\u00e9matiques uniques et aux diff\u00e9rentes histoires des personnes accompagn\u00e9es. Je propose une pr\u00e9sentation de l&rsquo;art-th\u00e9rapie et de ma pratique par la musique, les art-plastiques \u00e0&hellip;","og_url":"https:\/\/www.respirelavie.fr\/poitiers\/espace-art-creation-2023\/","og_site_name":"Salon RESPIRE LA VIE Poitiers","og_image":[{"url":"https:\/\/www.respirelavie.fr\/poitiers\/wp-content\/uploads\/sites\/3\/2023\/07\/Acr127410470784690251-300x248.png","type":"","width":"","height":""}],"twitter_card":"summary_large_image","twitter_misc":{"Dur\u00e9e de lecture estim\u00e9e":"1 minute"},"schema":{"@context":"https:\/\/schema.org","@graph":[{"@type":"WebPage","@id":"https:\/\/www.respirelavie.fr\/poitiers\/espace-art-creation-2023\/","url":"https:\/\/www.respirelavie.fr\/poitiers\/espace-art-creation-2023\/","name":"Espace art & cr\u00e9ation 2023 - Salon RESPIRE LA VIE Poitiers","isPartOf":{"@id":"http:\/\/www.respirelavie.fr\/poitiers\/#website"},"primaryImageOfPage":{"@id":"https:\/\/www.respirelavie.fr\/poitiers\/espace-art-creation-2023\/#primaryimage"},"image":{"@id":"https:\/\/www.respirelavie.fr\/poitiers\/espace-art-creation-2023\/#primaryimage"},"thumbnailUrl":"https:\/\/www.respirelavie.fr\/poitiers\/wp-content\/uploads\/sites\/3\/2023\/07\/Acr127410470784690251-300x248.png","datePublished":"2024-03-15T08:59:20+00:00","breadcrumb":{"@id":"https:\/\/www.respirelavie.fr\/poitiers\/espace-art-creation-2023\/#breadcrumb"},"inLanguage":"fr-FR","potentialAction":[{"@type":"ReadAction","target":["https:\/\/www.respirelavie.fr\/poitiers\/espace-art-creation-2023\/"]}]},{"@type":"ImageObject","inLanguage":"fr-FR","@id":"https:\/\/www.respirelavie.fr\/poitiers\/espace-art-creation-2023\/#primaryimage","url":"https:\/\/www.respirelavie.fr\/poitiers\/wp-content\/uploads\/sites\/3\/2023\/07\/Acr127410470784690251.png","contentUrl":"https:\/\/www.respirelavie.fr\/poitiers\/wp-content\/uploads\/sites\/3\/2023\/07\/Acr127410470784690251.png","width":435,"height":359},{"@type":"BreadcrumbList","@id":"https:\/\/www.respirelavie.fr\/poitiers\/espace-art-creation-2023\/#breadcrumb","itemListElement":[{"@type":"ListItem","position":1,"name":"Accueil","item":"http:\/\/www.respirelavie.fr\/poitiers\/"},{"@type":"ListItem","position":2,"name":"Espace art &#038; cr\u00e9ation 2023"}]},{"@type":"WebSite","@id":"http:\/\/www.respirelavie.fr\/poitiers\/#website","url":"http:\/\/www.respirelavie.fr\/poitiers\/","name":"Salon RESPIRE LA VIE Poitiers","description":"RESPIRE : votre salon bio, bien-\u00eatre et habitat sain \u00e0 Poitiers","publisher":{"@id":"http:\/\/www.respirelavie.fr\/poitiers\/#organization"},"potentialAction":[{"@type":"SearchAction","target":{"@type":"EntryPoint","urlTemplate":"http:\/\/www.respirelavie.fr\/poitiers\/?s={search_term_string}"},"query-input":{"@type":"PropertyValueSpecification","valueRequired":true,"valueName":"search_term_string"}}],"inLanguage":"fr-FR"},{"@type":"Organization","@id":"http:\/\/www.respirelavie.fr\/poitiers\/#organization","name":"Salon RESPIRE LA VIE Poitiers","url":"http:\/\/www.respirelavie.fr\/poitiers\/","logo":{"@type":"ImageObject","inLanguage":"fr-FR","@id":"http:\/\/www.respirelavie.fr\/poitiers\/#\/schema\/logo\/image\/","url":"https:\/\/www.respirelavie.fr\/poitiers\/wp-content\/uploads\/sites\/3\/2024\/03\/Logo-RESPIRE-LA-VIE-poitiers.jpg","contentUrl":"https:\/\/www.respirelavie.fr\/poitiers\/wp-content\/uploads\/sites\/3\/2024\/03\/Logo-RESPIRE-LA-VIE-poitiers.jpg","width":470,"height":262,"caption":"Salon RESPIRE LA VIE Poitiers"},"image":{"@id":"http:\/\/www.respirelavie.fr\/poitiers\/#\/schema\/logo\/image\/"}}]}},"_links":{"self":[{"href":"https:\/\/www.respirelavie.fr\/poitiers\/wp-json\/wp\/v2\/pages\/10284","targetHints":{"allow":["GET"]}}],"collection":[{"href":"https:\/\/www.respirelavie.fr\/poitiers\/wp-json\/wp\/v2\/pages"}],"about":[{"href":"https:\/\/www.respirelavie.fr\/poitiers\/wp-json\/wp\/v2\/types\/page"}],"author":[{"embeddable":true,"href":"https:\/\/www.respirelavie.fr\/poitiers\/wp-json\/wp\/v2\/users\/7"}],"replies":[{"embeddable":true,"href":"https:\/\/www.respirelavie.fr\/poitiers\/wp-json\/wp\/v2\/comments?post=10284"}],"version-history":[{"count":1,"href":"https:\/\/www.respirelavie.fr\/poitiers\/wp-json\/wp\/v2\/pages\/10284\/revisions"}],"predecessor-version":[{"id":10285,"href":"https:\/\/www.respirelavie.fr\/poitiers\/wp-json\/wp\/v2\/pages\/10284\/revisions\/10285"}],"wp:attachment":[{"href":"https:\/\/www.respirelavie.fr\/poitiers\/wp-json\/wp\/v2\/media?parent=10284"}],"curies":[{"name":"wp","href":"https:\/\/api.w.org\/{rel}","templated":true}]}}