{"id":3843,"date":"2017-04-14T11:12:25","date_gmt":"2017-04-14T09:12:25","guid":{"rendered":"http:\/\/localhost:8888\/artemisia\/?page_id=3843"},"modified":"2024-03-15T10:42:16","modified_gmt":"2024-03-15T09:42:16","slug":"visiter","status":"publish","type":"page","link":"https:\/\/www.respirelavie.fr\/poitiers\/visiter\/","title":{"rendered":"Visiter le salon Respire \u00e0 Poitiers"},"content":{"rendered":"<h2><img fetchpriority=\"high\" decoding=\"async\" class=\"alignnone size-full wp-image-7440\" src=\"https:\/\/www.respirelavie.fr\/poitiers\/wp-content\/uploads\/sites\/3\/2020\/03\/AdobeStock_139460703-copie-scaled.jpeg\" alt=\"\" width=\"2560\" height=\"990\" srcset=\"https:\/\/www.respirelavie.fr\/poitiers\/wp-content\/uploads\/sites\/3\/2020\/03\/AdobeStock_139460703-copie-scaled.jpeg 2560w, https:\/\/www.respirelavie.fr\/poitiers\/wp-content\/uploads\/sites\/3\/2020\/03\/AdobeStock_139460703-copie-300x116.jpeg 300w, https:\/\/www.respirelavie.fr\/poitiers\/wp-content\/uploads\/sites\/3\/2020\/03\/AdobeStock_139460703-copie-1024x396.jpeg 1024w, https:\/\/www.respirelavie.fr\/poitiers\/wp-content\/uploads\/sites\/3\/2020\/03\/AdobeStock_139460703-copie-768x297.jpeg 768w, https:\/\/www.respirelavie.fr\/poitiers\/wp-content\/uploads\/sites\/3\/2020\/03\/AdobeStock_139460703-copie-1536x594.jpeg 1536w, https:\/\/www.respirelavie.fr\/poitiers\/wp-content\/uploads\/sites\/3\/2020\/03\/AdobeStock_139460703-copie-2048x792.jpeg 2048w, https:\/\/www.respirelavie.fr\/poitiers\/wp-content\/uploads\/sites\/3\/2020\/03\/AdobeStock_139460703-copie-150x58.jpeg 150w, https:\/\/www.respirelavie.fr\/poitiers\/wp-content\/uploads\/sites\/3\/2020\/03\/AdobeStock_139460703-copie-500x193.jpeg 500w\" sizes=\"(max-width: 2560px) 100vw, 2560px\" \/><\/h2>\n<h2><strong>3 jours pour adopter un nouveau style de vie<\/strong><\/h2>\n<p>\u2022 D\u00e9couvrez les saveurs bio<br \/>\n\u2022 Appr\u00e9ciez grands crus et vins de pays bio<br \/>\n\u2022 Initiez-vous \u00e0 la cosm\u00e9tologie<br \/>\n\u2022 Retrouvez la forme<br \/>\n\u2022 Abandonnez votre stress<br \/>\n\u2022 Faites le plein de vivacit\u00e9<br \/>\n\u2022 Associez mode et \u00e9thique<br \/>\n\u2022 Entretenez votre jardin<br \/>\n\u2022 Organisez vos vacances nature<br \/>\n\u2022 Agissez pour l&rsquo;environnement<br \/>\n\u2022 Trouvez des solutions pour un habitat respectueux pour la plan\u00e8te<\/p>\n<h2><strong><a href=\"http:\/\/www.respirelavie.fr\/poitiers\/visiter\/la-presentation-du-salon\/\" target=\"_blank\" rel=\"noopener noreferrer\">Pr\u00e9sentation du salon<\/a><\/strong><\/h2>\n<p>Le salon Respire La Vie Poitiers rassemble 115 exposants, producteurs et cr\u00e9ateurs inspir\u00e9s, respectueux de la nature et des hommes, pour adopter des \u00e9co-r\u00e9flexes dans tous les domaines du quotidien : alimentation et vins bio, mode et artisanat, habitat sain, environnement, beaut\u00e9, sant\u00e9 et bien-\u00eatre, d\u00e9veloppement personnel, m\u00e9decine douce\u2026<\/p>\n<h2><strong><a href=\"http:\/\/www.respirelavie.fr\/poitiers\/visiter\/les-secteurs-du-salon\/\" target=\"_blank\" rel=\"noopener noreferrer\">Les secteurs du salon<\/a><\/strong><\/h2>\n<p>3 jours de rencontres, d\u2019\u00e9changes et de d\u00e9couvertes : alimentation et vins bio, mode et artisanat, habitat sain, environnement, beaut\u00e9, sant\u00e9 et bien-\u00eatre, d\u00e9veloppement personnel, m\u00e9decine douce\u2026<\/p><div id=\"respi-1004643372\" class=\"respi-contenu respi-entity-placement\"><script async src=\"\/\/pagead2.googlesyndication.com\/pagead\/js\/adsbygoogle.js?client=ca-pub-7511070832818284\" crossorigin=\"anonymous\"><\/script><ins class=\"adsbygoogle\" style=\"display:block;\" data-ad-client=\"ca-pub-7511070832818284\" \ndata-ad-slot=\"4196289901\" \ndata-ad-format=\"auto\"><\/ins>\n<script> \n(adsbygoogle = window.adsbygoogle || []).push({}); \n<\/script>\n<\/div>\n<h2><strong><a href=\"https:\/\/www.respirelavie.fr\/poitiers\/programme-du-salon\/le-marche-des-producteurs\/\" target=\"_blank\" rel=\"noopener noreferrer\">La bio proche de chez vous<\/a><\/strong><\/h2>\n<p style=\"text-align: justify;\">Un march\u00e9 des producteurs locaux bio de votre r\u00e9gion, organis\u00e9 par <strong>VIENNE AGROBIO<\/strong> (association oeuvrant pour le d\u00e9veloppement et la promotion de l&rsquo;agriculture biologique sur le d\u00e9partement de la Vienne.) D\u00e9couvrez des produits locaux et faites votre march\u00e9 en pr\u00e9vision de l&rsquo;automne.<\/p>\n<h2 style=\"text-align: left;\"><strong><a href=\"http:\/\/www.respirelavie.fr\/poitiers\/visiter\/charte-de-selection-salons-zen-bio\/\" target=\"_blank\" rel=\"noopener noreferrer\">Charte de s\u00e9lection des salons du R\u00e9seau Zen &amp; Bio<\/a><\/strong><\/h2>\n<p>Le comit\u00e9 de s\u00e9lection du salon s&rsquo;assure que les crit\u00e8res requis soient respect\u00e9s pour tous les produits et services pr\u00e9sent\u00e9s, dans le respect d&rsquo;une d\u00e9marche environnementale. Une caution efficace pour vous, visiteurs qui pouvez faire vos achats sur le salon en toute confiance.<\/p>\n<h2><a href=\"https:\/\/www.respirelavie.fr\/poitiers\/visiter\/le-plan-du-salon\/\"><strong>Le plan du salon<\/strong><\/a><\/h2>\n<p>Pr\u00e9parez votre visite et t\u00e9l\u00e9chargez le plan du salon<\/p>\n<h2><strong><a href=\"http:\/\/www.respirelavie.fr\/poitiers\/visiter\/liste-des-exposants\/\" target=\"_blank\" rel=\"noopener noreferrer\">Liste des exposants<\/a><\/strong><\/h2>\n<p>Consultez la fiche de l&rsquo;exposant pour connaitre son N\u00b0 de stand ou visiter son site internet.<\/p>\n<p>D\u00e9couvrez des produits alliant qualit\u00e9, engagement, \u00e9thique et saveur.<\/p>\n<div id=\"salon-2093108231\" class=\"salon-footer\"><\/div>\n","protected":false},"excerpt":{"rendered":"<p>3 jours pour adopter un nouveau style de vie \u2022 D\u00e9couvrez les saveurs bio \u2022 Appr\u00e9ciez grands crus et vins de pays bio \u2022 Initiez-vous \u00e0 la cosm\u00e9tologie \u2022 Retrouvez la forme \u2022 Abandonnez votre stress \u2022 Faites le plein de vivacit\u00e9 \u2022 Associez mode et \u00e9thique \u2022 Entretenez votre jardin \u2022 Organisez vos vacances&hellip; <\/p>\n","protected":false},"author":1,"featured_media":7273,"parent":0,"menu_order":0,"comment_status":"closed","ping_status":"closed","template":"","meta":{"_monsterinsights_skip_tracking":false,"_monsterinsights_sitenote_active":false,"_monsterinsights_sitenote_note":"","_monsterinsights_sitenote_category":0,"footnotes":""},"class_list":["post-3843","page","type-page","status-publish","has-post-thumbnail","hentry"],"yoast_head":"<!-- This site is optimized with the Yoast SEO plugin v27.5 - https:\/\/yoast.com\/product\/yoast-seo-wordpress\/ -->\n<title>Visiter le salon Respire \u00e0 Poitiers - Salon RESPIRE LA VIE Poitiers<\/title>\n<meta name=\"robots\" content=\"index, follow, max-snippet:-1, max-image-preview:large, max-video-preview:-1\" \/>\n<link rel=\"canonical\" href=\"http:\/\/www.respirelavie.fr\/poitiers\/visiter\/\" \/>\n<meta property=\"og:locale\" content=\"fr_FR\" \/>\n<meta property=\"og:type\" content=\"article\" \/>\n<meta property=\"og:title\" content=\"Visiter le salon Respire \u00e0 Poitiers - Salon RESPIRE LA VIE Poitiers\" \/>\n<meta property=\"og:description\" content=\"3 jours pour adopter un nouveau style de vie \u2022 D\u00e9couvrez les saveurs bio \u2022 Appr\u00e9ciez grands crus et vins de pays bio \u2022 Initiez-vous \u00e0 la cosm\u00e9tologie \u2022 Retrouvez la forme \u2022 Abandonnez votre stress \u2022 Faites le plein de vivacit\u00e9 \u2022 Associez mode et \u00e9thique \u2022 Entretenez votre jardin \u2022 Organisez vos vacances&hellip;\" \/>\n<meta property=\"og:url\" content=\"http:\/\/www.respirelavie.fr\/poitiers\/visiter\/\" \/>\n<meta property=\"og:site_name\" content=\"Salon RESPIRE LA VIE Poitiers\" \/>\n<meta property=\"article:modified_time\" content=\"2024-03-15T09:42:16+00:00\" \/>\n<meta property=\"og:image\" content=\"http:\/\/www.respirelavie.fr\/poitiers\/wp-content\/uploads\/sites\/3\/2020\/03\/Fotolia_167897294_Subscription_Monthly_M.jpg\" \/>\n\t<meta property=\"og:image:width\" content=\"1688\" \/>\n\t<meta property=\"og:image:height\" content=\"1125\" \/>\n\t<meta property=\"og:image:type\" content=\"image\/jpeg\" \/>\n<meta name=\"twitter:card\" content=\"summary_large_image\" \/>\n<meta name=\"twitter:label1\" content=\"Dur\u00e9e de lecture estim\u00e9e\" \/>\n\t<meta name=\"twitter:data1\" content=\"2 minutes\" \/>\n<script type=\"application\/ld+json\" class=\"yoast-schema-graph\">{\"@context\":\"https:\\\/\\\/schema.org\",\"@graph\":[{\"@type\":\"WebPage\",\"@id\":\"http:\\\/\\\/www.respirelavie.fr\\\/poitiers\\\/visiter\\\/\",\"url\":\"http:\\\/\\\/www.respirelavie.fr\\\/poitiers\\\/visiter\\\/\",\"name\":\"Visiter le salon Respire \u00e0 Poitiers - Salon RESPIRE LA VIE Poitiers\",\"isPartOf\":{\"@id\":\"http:\\\/\\\/www.respirelavie.fr\\\/poitiers\\\/#website\"},\"primaryImageOfPage\":{\"@id\":\"http:\\\/\\\/www.respirelavie.fr\\\/poitiers\\\/visiter\\\/#primaryimage\"},\"image\":{\"@id\":\"http:\\\/\\\/www.respirelavie.fr\\\/poitiers\\\/visiter\\\/#primaryimage\"},\"thumbnailUrl\":\"https:\\\/\\\/www.respirelavie.fr\\\/poitiers\\\/wp-content\\\/uploads\\\/sites\\\/3\\\/2020\\\/03\\\/Fotolia_167897294_Subscription_Monthly_M.jpg\",\"datePublished\":\"2017-04-14T09:12:25+00:00\",\"dateModified\":\"2024-03-15T09:42:16+00:00\",\"breadcrumb\":{\"@id\":\"http:\\\/\\\/www.respirelavie.fr\\\/poitiers\\\/visiter\\\/#breadcrumb\"},\"inLanguage\":\"fr-FR\",\"potentialAction\":[{\"@type\":\"ReadAction\",\"target\":[\"http:\\\/\\\/www.respirelavie.fr\\\/poitiers\\\/visiter\\\/\"]}]},{\"@type\":\"ImageObject\",\"inLanguage\":\"fr-FR\",\"@id\":\"http:\\\/\\\/www.respirelavie.fr\\\/poitiers\\\/visiter\\\/#primaryimage\",\"url\":\"https:\\\/\\\/www.respirelavie.fr\\\/poitiers\\\/wp-content\\\/uploads\\\/sites\\\/3\\\/2020\\\/03\\\/Fotolia_167897294_Subscription_Monthly_M.jpg\",\"contentUrl\":\"https:\\\/\\\/www.respirelavie.fr\\\/poitiers\\\/wp-content\\\/uploads\\\/sites\\\/3\\\/2020\\\/03\\\/Fotolia_167897294_Subscription_Monthly_M.jpg\",\"width\":1688,\"height\":1125,\"caption\":\"cropped shot of two gardeners shaking hands at farmers market\"},{\"@type\":\"BreadcrumbList\",\"@id\":\"http:\\\/\\\/www.respirelavie.fr\\\/poitiers\\\/visiter\\\/#breadcrumb\",\"itemListElement\":[{\"@type\":\"ListItem\",\"position\":1,\"name\":\"Accueil\",\"item\":\"http:\\\/\\\/www.respirelavie.fr\\\/poitiers\\\/\"},{\"@type\":\"ListItem\",\"position\":2,\"name\":\"Visiter le salon Respire \u00e0 Poitiers\"}]},{\"@type\":\"WebSite\",\"@id\":\"http:\\\/\\\/www.respirelavie.fr\\\/poitiers\\\/#website\",\"url\":\"http:\\\/\\\/www.respirelavie.fr\\\/poitiers\\\/\",\"name\":\"Salon RESPIRE LA VIE Poitiers\",\"description\":\"RESPIRE : votre salon bio, bien-\u00eatre et habitat sain \u00e0 Poitiers\",\"publisher\":{\"@id\":\"http:\\\/\\\/www.respirelavie.fr\\\/poitiers\\\/#organization\"},\"potentialAction\":[{\"@type\":\"SearchAction\",\"target\":{\"@type\":\"EntryPoint\",\"urlTemplate\":\"http:\\\/\\\/www.respirelavie.fr\\\/poitiers\\\/?s={search_term_string}\"},\"query-input\":{\"@type\":\"PropertyValueSpecification\",\"valueRequired\":true,\"valueName\":\"search_term_string\"}}],\"inLanguage\":\"fr-FR\"},{\"@type\":\"Organization\",\"@id\":\"http:\\\/\\\/www.respirelavie.fr\\\/poitiers\\\/#organization\",\"name\":\"Salon RESPIRE LA VIE Poitiers\",\"url\":\"http:\\\/\\\/www.respirelavie.fr\\\/poitiers\\\/\",\"logo\":{\"@type\":\"ImageObject\",\"inLanguage\":\"fr-FR\",\"@id\":\"http:\\\/\\\/www.respirelavie.fr\\\/poitiers\\\/#\\\/schema\\\/logo\\\/image\\\/\",\"url\":\"https:\\\/\\\/www.respirelavie.fr\\\/poitiers\\\/wp-content\\\/uploads\\\/sites\\\/3\\\/2024\\\/03\\\/Logo-RESPIRE-LA-VIE-poitiers.jpg\",\"contentUrl\":\"https:\\\/\\\/www.respirelavie.fr\\\/poitiers\\\/wp-content\\\/uploads\\\/sites\\\/3\\\/2024\\\/03\\\/Logo-RESPIRE-LA-VIE-poitiers.jpg\",\"width\":470,\"height\":262,\"caption\":\"Salon RESPIRE LA VIE Poitiers\"},\"image\":{\"@id\":\"http:\\\/\\\/www.respirelavie.fr\\\/poitiers\\\/#\\\/schema\\\/logo\\\/image\\\/\"}}]}<\/script>\n<!-- \/ Yoast SEO plugin. -->","yoast_head_json":{"title":"Visiter le salon Respire \u00e0 Poitiers - Salon RESPIRE LA VIE Poitiers","robots":{"index":"index","follow":"follow","max-snippet":"max-snippet:-1","max-image-preview":"max-image-preview:large","max-video-preview":"max-video-preview:-1"},"canonical":"http:\/\/www.respirelavie.fr\/poitiers\/visiter\/","og_locale":"fr_FR","og_type":"article","og_title":"Visiter le salon Respire \u00e0 Poitiers - Salon RESPIRE LA VIE Poitiers","og_description":"3 jours pour adopter un nouveau style de vie \u2022 D\u00e9couvrez les saveurs bio \u2022 Appr\u00e9ciez grands crus et vins de pays bio \u2022 Initiez-vous \u00e0 la cosm\u00e9tologie \u2022 Retrouvez la forme \u2022 Abandonnez votre stress \u2022 Faites le plein de vivacit\u00e9 \u2022 Associez mode et \u00e9thique \u2022 Entretenez votre jardin \u2022 Organisez vos vacances&hellip;","og_url":"http:\/\/www.respirelavie.fr\/poitiers\/visiter\/","og_site_name":"Salon RESPIRE LA VIE Poitiers","article_modified_time":"2024-03-15T09:42:16+00:00","og_image":[{"width":1688,"height":1125,"url":"http:\/\/www.respirelavie.fr\/poitiers\/wp-content\/uploads\/sites\/3\/2020\/03\/Fotolia_167897294_Subscription_Monthly_M.jpg","type":"image\/jpeg"}],"twitter_card":"summary_large_image","twitter_misc":{"Dur\u00e9e de lecture estim\u00e9e":"2 minutes"},"schema":{"@context":"https:\/\/schema.org","@graph":[{"@type":"WebPage","@id":"http:\/\/www.respirelavie.fr\/poitiers\/visiter\/","url":"http:\/\/www.respirelavie.fr\/poitiers\/visiter\/","name":"Visiter le salon Respire \u00e0 Poitiers - Salon RESPIRE LA VIE Poitiers","isPartOf":{"@id":"http:\/\/www.respirelavie.fr\/poitiers\/#website"},"primaryImageOfPage":{"@id":"http:\/\/www.respirelavie.fr\/poitiers\/visiter\/#primaryimage"},"image":{"@id":"http:\/\/www.respirelavie.fr\/poitiers\/visiter\/#primaryimage"},"thumbnailUrl":"https:\/\/www.respirelavie.fr\/poitiers\/wp-content\/uploads\/sites\/3\/2020\/03\/Fotolia_167897294_Subscription_Monthly_M.jpg","datePublished":"2017-04-14T09:12:25+00:00","dateModified":"2024-03-15T09:42:16+00:00","breadcrumb":{"@id":"http:\/\/www.respirelavie.fr\/poitiers\/visiter\/#breadcrumb"},"inLanguage":"fr-FR","potentialAction":[{"@type":"ReadAction","target":["http:\/\/www.respirelavie.fr\/poitiers\/visiter\/"]}]},{"@type":"ImageObject","inLanguage":"fr-FR","@id":"http:\/\/www.respirelavie.fr\/poitiers\/visiter\/#primaryimage","url":"https:\/\/www.respirelavie.fr\/poitiers\/wp-content\/uploads\/sites\/3\/2020\/03\/Fotolia_167897294_Subscription_Monthly_M.jpg","contentUrl":"https:\/\/www.respirelavie.fr\/poitiers\/wp-content\/uploads\/sites\/3\/2020\/03\/Fotolia_167897294_Subscription_Monthly_M.jpg","width":1688,"height":1125,"caption":"cropped shot of two gardeners shaking hands at farmers market"},{"@type":"BreadcrumbList","@id":"http:\/\/www.respirelavie.fr\/poitiers\/visiter\/#breadcrumb","itemListElement":[{"@type":"ListItem","position":1,"name":"Accueil","item":"http:\/\/www.respirelavie.fr\/poitiers\/"},{"@type":"ListItem","position":2,"name":"Visiter le salon Respire \u00e0 Poitiers"}]},{"@type":"WebSite","@id":"http:\/\/www.respirelavie.fr\/poitiers\/#website","url":"http:\/\/www.respirelavie.fr\/poitiers\/","name":"Salon RESPIRE LA VIE Poitiers","description":"RESPIRE : votre salon bio, bien-\u00eatre et habitat sain \u00e0 Poitiers","publisher":{"@id":"http:\/\/www.respirelavie.fr\/poitiers\/#organization"},"potentialAction":[{"@type":"SearchAction","target":{"@type":"EntryPoint","urlTemplate":"http:\/\/www.respirelavie.fr\/poitiers\/?s={search_term_string}"},"query-input":{"@type":"PropertyValueSpecification","valueRequired":true,"valueName":"search_term_string"}}],"inLanguage":"fr-FR"},{"@type":"Organization","@id":"http:\/\/www.respirelavie.fr\/poitiers\/#organization","name":"Salon RESPIRE LA VIE Poitiers","url":"http:\/\/www.respirelavie.fr\/poitiers\/","logo":{"@type":"ImageObject","inLanguage":"fr-FR","@id":"http:\/\/www.respirelavie.fr\/poitiers\/#\/schema\/logo\/image\/","url":"https:\/\/www.respirelavie.fr\/poitiers\/wp-content\/uploads\/sites\/3\/2024\/03\/Logo-RESPIRE-LA-VIE-poitiers.jpg","contentUrl":"https:\/\/www.respirelavie.fr\/poitiers\/wp-content\/uploads\/sites\/3\/2024\/03\/Logo-RESPIRE-LA-VIE-poitiers.jpg","width":470,"height":262,"caption":"Salon RESPIRE LA VIE Poitiers"},"image":{"@id":"http:\/\/www.respirelavie.fr\/poitiers\/#\/schema\/logo\/image\/"}}]}},"_links":{"self":[{"href":"https:\/\/www.respirelavie.fr\/poitiers\/wp-json\/wp\/v2\/pages\/3843","targetHints":{"allow":["GET"]}}],"collection":[{"href":"https:\/\/www.respirelavie.fr\/poitiers\/wp-json\/wp\/v2\/pages"}],"about":[{"href":"https:\/\/www.respirelavie.fr\/poitiers\/wp-json\/wp\/v2\/types\/page"}],"author":[{"embeddable":true,"href":"https:\/\/www.respirelavie.fr\/poitiers\/wp-json\/wp\/v2\/users\/1"}],"replies":[{"embeddable":true,"href":"https:\/\/www.respirelavie.fr\/poitiers\/wp-json\/wp\/v2\/comments?post=3843"}],"version-history":[{"count":1,"href":"https:\/\/www.respirelavie.fr\/poitiers\/wp-json\/wp\/v2\/pages\/3843\/revisions"}],"predecessor-version":[{"id":10314,"href":"https:\/\/www.respirelavie.fr\/poitiers\/wp-json\/wp\/v2\/pages\/3843\/revisions\/10314"}],"wp:featuredmedia":[{"embeddable":true,"href":"https:\/\/www.respirelavie.fr\/poitiers\/wp-json\/wp\/v2\/media\/7273"}],"wp:attachment":[{"href":"https:\/\/www.respirelavie.fr\/poitiers\/wp-json\/wp\/v2\/media?parent=3843"}],"curies":[{"name":"wp","href":"https:\/\/api.w.org\/{rel}","templated":true}]}}