{"id":3847,"date":"2017-04-14T11:13:24","date_gmt":"2017-04-14T09:13:24","guid":{"rendered":"http:\/\/localhost:8888\/artemisia\/?page_id=3847"},"modified":"2020-03-30T14:52:44","modified_gmt":"2020-03-30T12:52:44","slug":"les-secteurs-du-salon","status":"publish","type":"page","link":"https:\/\/www.respirelavie.fr\/poitiers\/visiter\/les-secteurs-du-salon\/","title":{"rendered":"Les secteurs du salon"},"content":{"rendered":"<h2><strong>UNE OFFRE EXHAUSTIVE<\/strong><br \/>\n<strong>EN BIO, BIEN-\u00caTRE ET HABITAT SAIN<\/strong><\/h2>\n<h2><\/h2>\n<h2><span style=\"font-size: 18pt;\">Alimentation et vins bio<\/span><\/h2>\n<p class=\"p1\" style=\"text-align: justify;\">Fruits, l\u00e9gumes et transformations, fromages, viandes, charcuteries, vins, c\u00e9r\u00e9ales, pains, douceurs sucr\u00e9es, th\u00e9s, \u00e9pices, miels, huiles, produits de la mer, produits pour allergiques et intol\u00e9rants&#8230;<\/p>\n<h2><span style=\"font-size: 18pt;\">Mode et artisanat<\/span><\/h2>\n<p style=\"text-align: justify;\">V\u00eatements \u00e9cologiques, chaussures, accessoires de mode, linge de maison, cadeaux et d\u00e9co nature, c\u00e9ramiques, papier recycl\u00e9, jeux et jouets\u2026<\/p>\n<h2><span style=\"font-size: 18pt;\">Maison \u00e9cologique et habitat sain<\/span><\/h2>\n<p style=\"text-align: justify;\">Mobilier, literie, \u00e9conomies d\u2019eau et d\u2019\u00e9nergie, mat\u00e9riel culinaire, produits d\u2019entretien, \u00e9co-construction, \u00e9nergies renouvelables, r\u00e9novation, d\u00e9coration\u2026<\/p><div id=\"respi-4123883593\" class=\"respi-contenu respi-entity-placement\"><script async src=\"\/\/pagead2.googlesyndication.com\/pagead\/js\/adsbygoogle.js?client=ca-pub-7511070832818284\" crossorigin=\"anonymous\"><\/script><ins class=\"adsbygoogle\" style=\"display:block;\" data-ad-client=\"ca-pub-7511070832818284\" \ndata-ad-slot=\"4196289901\" \ndata-ad-format=\"auto\"><\/ins>\n<script> \n(adsbygoogle = window.adsbygoogle || []).push({}); \n<\/script>\n<\/div>\n<h2><span style=\"font-size: 18pt;\">Association, tourisme vert et jardinage<\/span><\/h2>\n<p style=\"text-align: justify;\">Protection de la nature et de l\u2019agriculture bio, vacances vertes et \u00e9quitables, lieux d\u2019accueil, sports nature, plantes, semences, mat\u00e9riel de jardinage\u2026<\/p>\n<h2><span style=\"font-size: 18pt;\">Beaut\u00e9, sant\u00e9 et bien-\u00eatre<\/span><\/h2>\n<p style=\"text-align: justify;\">Cosm\u00e9tiques et soins, maquillage, phytoth\u00e9rapie, aromath\u00e9rapie, compl\u00e9ments alimentaires, appareils de remise en forme, accessoires de beaut\u00e9, presse et \u00e9dition\u2026<\/p>\n<h2><span style=\"font-size: 18pt;\">Mieux-\u00eatre<\/span><\/h2>\n<p style=\"text-align: justify;\">D\u00e9veloppement personnel, m\u00e9decines et th\u00e9rapies douces, \u00e9coles de formation, massages, pratiques corporelles\u2026<\/p>\n<p>&nbsp;<\/p>\n<p>&nbsp;<\/p>\n<p>&nbsp;<\/p>\n","protected":false},"excerpt":{"rendered":"<p>UNE OFFRE EXHAUSTIVE EN BIO, BIEN-\u00caTRE ET HABITAT SAIN Alimentation et vins bio Fruits, l\u00e9gumes et transformations, fromages, viandes, charcuteries, vins, c\u00e9r\u00e9ales, pains, douceurs sucr\u00e9es, th\u00e9s, \u00e9pices, miels, huiles, produits de la mer, produits pour allergiques et intol\u00e9rants&#8230; Mode et artisanat V\u00eatements \u00e9cologiques, chaussures, accessoires de mode, linge de maison, cadeaux et d\u00e9co nature, c\u00e9ramiques,&hellip; <\/p>\n","protected":false},"author":1,"featured_media":0,"parent":3843,"menu_order":2,"comment_status":"closed","ping_status":"closed","template":"","meta":{"_monsterinsights_skip_tracking":false,"_monsterinsights_sitenote_active":false,"_monsterinsights_sitenote_note":"","_monsterinsights_sitenote_category":0,"footnotes":""},"class_list":["post-3847","page","type-page","status-publish","hentry"],"yoast_head":"<!-- This site is optimized with the Yoast SEO plugin v27.3 - https:\/\/yoast.com\/product\/yoast-seo-wordpress\/ -->\n<title>Les secteurs du salon - Salon RESPIRE LA VIE Poitiers<\/title>\n<meta name=\"robots\" content=\"index, follow, max-snippet:-1, max-image-preview:large, max-video-preview:-1\" \/>\n<link rel=\"canonical\" href=\"https:\/\/www.respirelavie.fr\/poitiers\/visiter\/les-secteurs-du-salon\/\" \/>\n<meta property=\"og:locale\" content=\"fr_FR\" \/>\n<meta property=\"og:type\" content=\"article\" \/>\n<meta property=\"og:title\" content=\"Les secteurs du salon - Salon RESPIRE LA VIE Poitiers\" \/>\n<meta property=\"og:description\" content=\"UNE OFFRE EXHAUSTIVE EN BIO, BIEN-\u00caTRE ET HABITAT SAIN Alimentation et vins bio Fruits, l\u00e9gumes et transformations, fromages, viandes, charcuteries, vins, c\u00e9r\u00e9ales, pains, douceurs sucr\u00e9es, th\u00e9s, \u00e9pices, miels, huiles, produits de la mer, produits pour allergiques et intol\u00e9rants&#8230; Mode et artisanat V\u00eatements \u00e9cologiques, chaussures, accessoires de mode, linge de maison, cadeaux et d\u00e9co nature, c\u00e9ramiques,&hellip;\" \/>\n<meta property=\"og:url\" content=\"https:\/\/www.respirelavie.fr\/poitiers\/visiter\/les-secteurs-du-salon\/\" \/>\n<meta property=\"og:site_name\" content=\"Salon RESPIRE LA VIE Poitiers\" \/>\n<meta property=\"article:modified_time\" content=\"2020-03-30T12:52:44+00:00\" \/>\n<meta name=\"twitter:card\" content=\"summary_large_image\" \/>\n<meta name=\"twitter:label1\" content=\"Dur\u00e9e de lecture estim\u00e9e\" \/>\n\t<meta name=\"twitter:data1\" content=\"1 minute\" \/>\n<script type=\"application\/ld+json\" class=\"yoast-schema-graph\">{\"@context\":\"https:\\\/\\\/schema.org\",\"@graph\":[{\"@type\":\"WebPage\",\"@id\":\"https:\\\/\\\/www.respirelavie.fr\\\/poitiers\\\/visiter\\\/les-secteurs-du-salon\\\/\",\"url\":\"https:\\\/\\\/www.respirelavie.fr\\\/poitiers\\\/visiter\\\/les-secteurs-du-salon\\\/\",\"name\":\"Les secteurs du salon - Salon RESPIRE LA VIE Poitiers\",\"isPartOf\":{\"@id\":\"http:\\\/\\\/www.respirelavie.fr\\\/poitiers\\\/#website\"},\"datePublished\":\"2017-04-14T09:13:24+00:00\",\"dateModified\":\"2020-03-30T12:52:44+00:00\",\"breadcrumb\":{\"@id\":\"https:\\\/\\\/www.respirelavie.fr\\\/poitiers\\\/visiter\\\/les-secteurs-du-salon\\\/#breadcrumb\"},\"inLanguage\":\"fr-FR\",\"potentialAction\":[{\"@type\":\"ReadAction\",\"target\":[\"https:\\\/\\\/www.respirelavie.fr\\\/poitiers\\\/visiter\\\/les-secteurs-du-salon\\\/\"]}]},{\"@type\":\"BreadcrumbList\",\"@id\":\"https:\\\/\\\/www.respirelavie.fr\\\/poitiers\\\/visiter\\\/les-secteurs-du-salon\\\/#breadcrumb\",\"itemListElement\":[{\"@type\":\"ListItem\",\"position\":1,\"name\":\"Accueil\",\"item\":\"http:\\\/\\\/www.respirelavie.fr\\\/poitiers\\\/\"},{\"@type\":\"ListItem\",\"position\":2,\"name\":\"Visiter le salon Respire \u00e0 Poitiers\",\"item\":\"https:\\\/\\\/www.respirelavie.fr\\\/poitiers\\\/visiter\\\/\"},{\"@type\":\"ListItem\",\"position\":3,\"name\":\"Les secteurs du salon\"}]},{\"@type\":\"WebSite\",\"@id\":\"http:\\\/\\\/www.respirelavie.fr\\\/poitiers\\\/#website\",\"url\":\"http:\\\/\\\/www.respirelavie.fr\\\/poitiers\\\/\",\"name\":\"Salon RESPIRE LA VIE Poitiers\",\"description\":\"RESPIRE : votre salon bio, bien-\u00eatre et habitat sain \u00e0 Poitiers\",\"publisher\":{\"@id\":\"http:\\\/\\\/www.respirelavie.fr\\\/poitiers\\\/#organization\"},\"potentialAction\":[{\"@type\":\"SearchAction\",\"target\":{\"@type\":\"EntryPoint\",\"urlTemplate\":\"http:\\\/\\\/www.respirelavie.fr\\\/poitiers\\\/?s={search_term_string}\"},\"query-input\":{\"@type\":\"PropertyValueSpecification\",\"valueRequired\":true,\"valueName\":\"search_term_string\"}}],\"inLanguage\":\"fr-FR\"},{\"@type\":\"Organization\",\"@id\":\"http:\\\/\\\/www.respirelavie.fr\\\/poitiers\\\/#organization\",\"name\":\"Salon RESPIRE LA VIE Poitiers\",\"url\":\"http:\\\/\\\/www.respirelavie.fr\\\/poitiers\\\/\",\"logo\":{\"@type\":\"ImageObject\",\"inLanguage\":\"fr-FR\",\"@id\":\"http:\\\/\\\/www.respirelavie.fr\\\/poitiers\\\/#\\\/schema\\\/logo\\\/image\\\/\",\"url\":\"https:\\\/\\\/www.respirelavie.fr\\\/poitiers\\\/wp-content\\\/uploads\\\/sites\\\/3\\\/2024\\\/03\\\/Logo-RESPIRE-LA-VIE-poitiers.jpg\",\"contentUrl\":\"https:\\\/\\\/www.respirelavie.fr\\\/poitiers\\\/wp-content\\\/uploads\\\/sites\\\/3\\\/2024\\\/03\\\/Logo-RESPIRE-LA-VIE-poitiers.jpg\",\"width\":470,\"height\":262,\"caption\":\"Salon RESPIRE LA VIE Poitiers\"},\"image\":{\"@id\":\"http:\\\/\\\/www.respirelavie.fr\\\/poitiers\\\/#\\\/schema\\\/logo\\\/image\\\/\"}}]}<\/script>\n<!-- \/ Yoast SEO plugin. -->","yoast_head_json":{"title":"Les secteurs du salon - Salon RESPIRE LA VIE Poitiers","robots":{"index":"index","follow":"follow","max-snippet":"max-snippet:-1","max-image-preview":"max-image-preview:large","max-video-preview":"max-video-preview:-1"},"canonical":"https:\/\/www.respirelavie.fr\/poitiers\/visiter\/les-secteurs-du-salon\/","og_locale":"fr_FR","og_type":"article","og_title":"Les secteurs du salon - Salon RESPIRE LA VIE Poitiers","og_description":"UNE OFFRE EXHAUSTIVE EN BIO, BIEN-\u00caTRE ET HABITAT SAIN Alimentation et vins bio Fruits, l\u00e9gumes et transformations, fromages, viandes, charcuteries, vins, c\u00e9r\u00e9ales, pains, douceurs sucr\u00e9es, th\u00e9s, \u00e9pices, miels, huiles, produits de la mer, produits pour allergiques et intol\u00e9rants&#8230; Mode et artisanat V\u00eatements \u00e9cologiques, chaussures, accessoires de mode, linge de maison, cadeaux et d\u00e9co nature, c\u00e9ramiques,&hellip;","og_url":"https:\/\/www.respirelavie.fr\/poitiers\/visiter\/les-secteurs-du-salon\/","og_site_name":"Salon RESPIRE LA VIE Poitiers","article_modified_time":"2020-03-30T12:52:44+00:00","twitter_card":"summary_large_image","twitter_misc":{"Dur\u00e9e de lecture estim\u00e9e":"1 minute"},"schema":{"@context":"https:\/\/schema.org","@graph":[{"@type":"WebPage","@id":"https:\/\/www.respirelavie.fr\/poitiers\/visiter\/les-secteurs-du-salon\/","url":"https:\/\/www.respirelavie.fr\/poitiers\/visiter\/les-secteurs-du-salon\/","name":"Les secteurs du salon - Salon RESPIRE LA VIE Poitiers","isPartOf":{"@id":"http:\/\/www.respirelavie.fr\/poitiers\/#website"},"datePublished":"2017-04-14T09:13:24+00:00","dateModified":"2020-03-30T12:52:44+00:00","breadcrumb":{"@id":"https:\/\/www.respirelavie.fr\/poitiers\/visiter\/les-secteurs-du-salon\/#breadcrumb"},"inLanguage":"fr-FR","potentialAction":[{"@type":"ReadAction","target":["https:\/\/www.respirelavie.fr\/poitiers\/visiter\/les-secteurs-du-salon\/"]}]},{"@type":"BreadcrumbList","@id":"https:\/\/www.respirelavie.fr\/poitiers\/visiter\/les-secteurs-du-salon\/#breadcrumb","itemListElement":[{"@type":"ListItem","position":1,"name":"Accueil","item":"http:\/\/www.respirelavie.fr\/poitiers\/"},{"@type":"ListItem","position":2,"name":"Visiter le salon Respire \u00e0 Poitiers","item":"https:\/\/www.respirelavie.fr\/poitiers\/visiter\/"},{"@type":"ListItem","position":3,"name":"Les secteurs du salon"}]},{"@type":"WebSite","@id":"http:\/\/www.respirelavie.fr\/poitiers\/#website","url":"http:\/\/www.respirelavie.fr\/poitiers\/","name":"Salon RESPIRE LA VIE Poitiers","description":"RESPIRE : votre salon bio, bien-\u00eatre et habitat sain \u00e0 Poitiers","publisher":{"@id":"http:\/\/www.respirelavie.fr\/poitiers\/#organization"},"potentialAction":[{"@type":"SearchAction","target":{"@type":"EntryPoint","urlTemplate":"http:\/\/www.respirelavie.fr\/poitiers\/?s={search_term_string}"},"query-input":{"@type":"PropertyValueSpecification","valueRequired":true,"valueName":"search_term_string"}}],"inLanguage":"fr-FR"},{"@type":"Organization","@id":"http:\/\/www.respirelavie.fr\/poitiers\/#organization","name":"Salon RESPIRE LA VIE Poitiers","url":"http:\/\/www.respirelavie.fr\/poitiers\/","logo":{"@type":"ImageObject","inLanguage":"fr-FR","@id":"http:\/\/www.respirelavie.fr\/poitiers\/#\/schema\/logo\/image\/","url":"https:\/\/www.respirelavie.fr\/poitiers\/wp-content\/uploads\/sites\/3\/2024\/03\/Logo-RESPIRE-LA-VIE-poitiers.jpg","contentUrl":"https:\/\/www.respirelavie.fr\/poitiers\/wp-content\/uploads\/sites\/3\/2024\/03\/Logo-RESPIRE-LA-VIE-poitiers.jpg","width":470,"height":262,"caption":"Salon RESPIRE LA VIE Poitiers"},"image":{"@id":"http:\/\/www.respirelavie.fr\/poitiers\/#\/schema\/logo\/image\/"}}]}},"_links":{"self":[{"href":"https:\/\/www.respirelavie.fr\/poitiers\/wp-json\/wp\/v2\/pages\/3847","targetHints":{"allow":["GET"]}}],"collection":[{"href":"https:\/\/www.respirelavie.fr\/poitiers\/wp-json\/wp\/v2\/pages"}],"about":[{"href":"https:\/\/www.respirelavie.fr\/poitiers\/wp-json\/wp\/v2\/types\/page"}],"author":[{"embeddable":true,"href":"https:\/\/www.respirelavie.fr\/poitiers\/wp-json\/wp\/v2\/users\/1"}],"replies":[{"embeddable":true,"href":"https:\/\/www.respirelavie.fr\/poitiers\/wp-json\/wp\/v2\/comments?post=3847"}],"version-history":[{"count":0,"href":"https:\/\/www.respirelavie.fr\/poitiers\/wp-json\/wp\/v2\/pages\/3847\/revisions"}],"up":[{"embeddable":true,"href":"https:\/\/www.respirelavie.fr\/poitiers\/wp-json\/wp\/v2\/pages\/3843"}],"wp:attachment":[{"href":"https:\/\/www.respirelavie.fr\/poitiers\/wp-json\/wp\/v2\/media?parent=3847"}],"curies":[{"name":"wp","href":"https:\/\/api.w.org\/{rel}","templated":true}]}}