{"id":3853,"date":"2017-04-14T11:16:23","date_gmt":"2017-04-14T09:16:23","guid":{"rendered":"http:\/\/localhost:8888\/artemisia\/?page_id=3853"},"modified":"2023-03-13T16:36:02","modified_gmt":"2023-03-13T15:36:02","slug":"programme-du-salon","status":"publish","type":"page","link":"https:\/\/www.respirelavie.fr\/poitiers\/programme-du-salon\/","title":{"rendered":"Programme du salon"},"content":{"rendered":"<p><img fetchpriority=\"high\" decoding=\"async\" class=\"wp-image-7417 size-full\" src=\"https:\/\/www.respirelavie.fr\/poitiers\/wp-content\/uploads\/sites\/3\/2020\/03\/AdobeStock_189072935-scaled-e1585667906439.jpeg\" alt=\"\" width=\"2553\" height=\"697\" srcset=\"https:\/\/www.respirelavie.fr\/poitiers\/wp-content\/uploads\/sites\/3\/2020\/03\/AdobeStock_189072935-scaled-e1585667906439.jpeg 2553w, https:\/\/www.respirelavie.fr\/poitiers\/wp-content\/uploads\/sites\/3\/2020\/03\/AdobeStock_189072935-scaled-e1585667906439-300x82.jpeg 300w, https:\/\/www.respirelavie.fr\/poitiers\/wp-content\/uploads\/sites\/3\/2020\/03\/AdobeStock_189072935-scaled-e1585667906439-1024x280.jpeg 1024w, https:\/\/www.respirelavie.fr\/poitiers\/wp-content\/uploads\/sites\/3\/2020\/03\/AdobeStock_189072935-scaled-e1585667906439-768x210.jpeg 768w, https:\/\/www.respirelavie.fr\/poitiers\/wp-content\/uploads\/sites\/3\/2020\/03\/AdobeStock_189072935-scaled-e1585667906439-1536x419.jpeg 1536w, https:\/\/www.respirelavie.fr\/poitiers\/wp-content\/uploads\/sites\/3\/2020\/03\/AdobeStock_189072935-scaled-e1585667906439-2048x559.jpeg 2048w, https:\/\/www.respirelavie.fr\/poitiers\/wp-content\/uploads\/sites\/3\/2020\/03\/AdobeStock_189072935-scaled-e1585667906439-150x41.jpeg 150w, https:\/\/www.respirelavie.fr\/poitiers\/wp-content\/uploads\/sites\/3\/2020\/03\/AdobeStock_189072935-scaled-e1585667906439-500x137.jpeg 500w\" sizes=\"(max-width: 2553px) 100vw, 2553px\" \/><\/p>\n<p style=\"text-align: justify;\">Durant 3 jours, les salon Respire La Vie Poitiers vous invite \u00e0 pousser la r\u00e9flexion et l&rsquo;apprentissage plus loin&#8230; Les animations et les ateliers sont en acc\u00e8s libre. Cependant certains peuvent \u00eatre tr\u00e8s demand\u00e9s, n&rsquo;h\u00e9sitez pas \u00e0 venir en avance.<br \/>\n<strong><em>Programme sous r\u00e9serve de modifications ult\u00e9rieures.<\/em><\/strong><\/p>\n<p style=\"text-align: justify;\">En marge des conf\u00e9rences anim\u00e9es par des experts de la bio et du bien-\u00eatre, vous pouvez aller plus loin gr\u00e2ce \u00e0 :<\/p>\n<p style=\"text-align: justify;\">\u2022 Des <strong>conf\u00e9rences<\/strong> pour d\u00e9couvrir les produits et m\u00e9thodes pr\u00e9sent\u00e9s sur le salon,<br \/>\n\u2022 Des <strong>ateliers bien-\u00eatre<\/strong> et de pratiques corporelles pour vous initier,<br \/>\n\u2022 Des <strong>ateliers du go\u00fbt<\/strong>, de cuisine saine, v\u00e9g\u00e9tarienne, des d\u00e9gustations de vins et en tout genre,<br \/>\n\u2022 Des <strong>animations cr\u00e9atives<\/strong> avec des d\u00e9monstrations ou de la mise en pratique.<\/p><div id=\"respi-31384837\" class=\"respi-contenu respi-entity-placement\"><script async src=\"\/\/pagead2.googlesyndication.com\/pagead\/js\/adsbygoogle.js?client=ca-pub-7511070832818284\" crossorigin=\"anonymous\"><\/script><ins class=\"adsbygoogle\" style=\"display:block;\" data-ad-client=\"ca-pub-7511070832818284\" \ndata-ad-slot=\"4196289901\" \ndata-ad-format=\"auto\"><\/ins>\n<script> \n(adsbygoogle = window.adsbygoogle || []).push({}); \n<\/script>\n<\/div>\n<h2><a href=\"https:\/\/www.respirelavie.fr\/poitiers\/programme-du-salon\/conferences\/\" target=\"_blank\" rel=\"noopener noreferrer\">Conf\u00e9rences experts<\/a><\/h2>\n<p style=\"text-align: justify;\">Chaque jour, des conf\u00e9rences anim\u00e9es par des experts, intervenant sur des th\u00e9matiques telles que l&rsquo;alimentation, la sant\u00e9 et le d\u00e9veloppement personnel vous sont propos\u00e9es.<\/p>\n<h2><a href=\"https:\/\/www.respirelavie.fr\/poitiers\/programme-du-salon\/conferences-2\/\">Conf\u00e9rences<\/a><\/h2>\n<p style=\"text-align: justify;\">Des conf\u00e9rences sont organis\u00e9es pour permettre au public de d\u00e9couvrir et mieux comprendre les m\u00e9thodes et les produits pr\u00e9sent\u00e9s sur le salon.<\/p>\n<h2><a href=\"https:\/\/www.respirelavie.fr\/poitiers\/programme-du-salon\/ateliers-pratiques\/\" target=\"_blank\" rel=\"noopener noreferrer\">Ateliers\u00a0bien-\u00eatre<\/a><\/h2>\n<p style=\"text-align: justify;\">Tous les jours, exp\u00e9rimentez la m\u00e9ditation, le yoga, la danse cr\u00e9ative, la sophrologie, l&rsquo;hypnose, etc. Une occasion de tester ces techniques et de dialoguer avec des praticiens de bien-\u00eatre.<\/p>\n<h2><a href=\"https:\/\/www.respirelavie.fr\/poitiers\/programme-du-salon\/bougez-zen\/\" target=\"_blank\" rel=\"noopener noreferrer\">Workshop bougez zen<\/a><\/h2>\n<p style=\"text-align: justify;\">Afin que vous puissiez d\u00e9couvrir une technique ou l\u2019approfondir, seront propos\u00e9s durant 3 jours : des cours de yoga de l\u2019\u00e9nergie, kundalini yoga, pilate, yoga tib\u00e9tain, yangshen, qi gong ou encore ta\u00ef chi chuan, d\u2019une dur\u00e9e de 1h \u00e0 1h30 toute la journ\u00e9e.<\/p>\n<h2><a href=\"https:\/\/www.respirelavie.fr\/poitiers\/programme-du-salon\/animations\/\" target=\"_blank\" rel=\"noopener noreferrer\">Animations cr\u00e9atives<\/a><\/h2>\n<p style=\"text-align: justify;\">Des animations cr\u00e9atives avec des d\u00e9monstrations ou de la mise en pratique : cuisine saine, z\u00e9ro d\u00e9chet, cosm\u00e9tiques naturelles, produits d\u2019entretien \u00e9cologiques, trucs et astuces \u00e9colo, ateliers recyclage, jardinage au naturel\u2026<\/p>\n<h2><a href=\"https:\/\/www.respirelavie.fr\/poitiers\/animations-speciales\/\" target=\"_blank\" rel=\"noopener noreferrer\">Espace d&rsquo;animations en continu<\/a><\/h2>\n<p style=\"text-align: justify;\">Le salon Respire La Vie Poitiers met en place des animations sp\u00e9ciales pour \u00e9veiller l&rsquo;int\u00e9r\u00eat et pour une exp\u00e9rience visiteurs riche et in\u00e9dite.<\/p>\n<p>&nbsp;<\/p>\n","protected":false},"excerpt":{"rendered":"<p>Durant 3 jours, les salon Respire La Vie Poitiers vous invite \u00e0 pousser la r\u00e9flexion et l&rsquo;apprentissage plus loin&#8230; Les animations et les ateliers sont en acc\u00e8s libre. Cependant certains peuvent \u00eatre tr\u00e8s demand\u00e9s, n&rsquo;h\u00e9sitez pas \u00e0 venir en avance. Programme sous r\u00e9serve de modifications ult\u00e9rieures. En marge des conf\u00e9rences anim\u00e9es par des experts de&hellip; <\/p>\n","protected":false},"author":1,"featured_media":7270,"parent":0,"menu_order":0,"comment_status":"closed","ping_status":"closed","template":"","meta":{"_monsterinsights_skip_tracking":false,"_monsterinsights_sitenote_active":false,"_monsterinsights_sitenote_note":"","_monsterinsights_sitenote_category":0,"footnotes":""},"class_list":["post-3853","page","type-page","status-publish","has-post-thumbnail","hentry"],"yoast_head":"<!-- This site is optimized with the Yoast SEO plugin v27.3 - https:\/\/yoast.com\/product\/yoast-seo-wordpress\/ -->\n<title>Programme du salon - Salon RESPIRE LA VIE Poitiers<\/title>\n<meta name=\"robots\" content=\"index, follow, max-snippet:-1, max-image-preview:large, max-video-preview:-1\" \/>\n<link rel=\"canonical\" href=\"https:\/\/www.respirelavie.fr\/poitiers\/programme-du-salon\/\" \/>\n<meta property=\"og:locale\" content=\"fr_FR\" \/>\n<meta property=\"og:type\" content=\"article\" \/>\n<meta property=\"og:title\" content=\"Programme du salon - Salon RESPIRE LA VIE Poitiers\" \/>\n<meta property=\"og:description\" content=\"Durant 3 jours, les salon Respire La Vie Poitiers vous invite \u00e0 pousser la r\u00e9flexion et l&rsquo;apprentissage plus loin&#8230; Les animations et les ateliers sont en acc\u00e8s libre. Cependant certains peuvent \u00eatre tr\u00e8s demand\u00e9s, n&rsquo;h\u00e9sitez pas \u00e0 venir en avance. Programme sous r\u00e9serve de modifications ult\u00e9rieures. En marge des conf\u00e9rences anim\u00e9es par des experts de&hellip;\" \/>\n<meta property=\"og:url\" content=\"https:\/\/www.respirelavie.fr\/poitiers\/programme-du-salon\/\" \/>\n<meta property=\"og:site_name\" content=\"Salon RESPIRE LA VIE Poitiers\" \/>\n<meta property=\"article:modified_time\" content=\"2023-03-13T15:36:02+00:00\" \/>\n<meta property=\"og:image\" content=\"https:\/\/www.respirelavie.fr\/poitiers\/wp-content\/uploads\/sites\/3\/2020\/03\/AdobeStock_220180469-scaled.jpeg\" \/>\n\t<meta property=\"og:image:width\" content=\"2560\" \/>\n\t<meta property=\"og:image:height\" content=\"1707\" \/>\n\t<meta property=\"og:image:type\" content=\"image\/jpeg\" \/>\n<meta name=\"twitter:card\" content=\"summary_large_image\" \/>\n<meta name=\"twitter:label1\" content=\"Dur\u00e9e de lecture estim\u00e9e\" \/>\n\t<meta name=\"twitter:data1\" content=\"2 minutes\" \/>\n<script type=\"application\/ld+json\" class=\"yoast-schema-graph\">{\"@context\":\"https:\\\/\\\/schema.org\",\"@graph\":[{\"@type\":\"WebPage\",\"@id\":\"https:\\\/\\\/www.respirelavie.fr\\\/poitiers\\\/programme-du-salon\\\/\",\"url\":\"https:\\\/\\\/www.respirelavie.fr\\\/poitiers\\\/programme-du-salon\\\/\",\"name\":\"Programme du salon - Salon RESPIRE LA VIE Poitiers\",\"isPartOf\":{\"@id\":\"http:\\\/\\\/www.respirelavie.fr\\\/poitiers\\\/#website\"},\"primaryImageOfPage\":{\"@id\":\"https:\\\/\\\/www.respirelavie.fr\\\/poitiers\\\/programme-du-salon\\\/#primaryimage\"},\"image\":{\"@id\":\"https:\\\/\\\/www.respirelavie.fr\\\/poitiers\\\/programme-du-salon\\\/#primaryimage\"},\"thumbnailUrl\":\"https:\\\/\\\/www.respirelavie.fr\\\/poitiers\\\/wp-content\\\/uploads\\\/sites\\\/3\\\/2020\\\/03\\\/AdobeStock_220180469-scaled.jpeg\",\"datePublished\":\"2017-04-14T09:16:23+00:00\",\"dateModified\":\"2023-03-13T15:36:02+00:00\",\"breadcrumb\":{\"@id\":\"https:\\\/\\\/www.respirelavie.fr\\\/poitiers\\\/programme-du-salon\\\/#breadcrumb\"},\"inLanguage\":\"fr-FR\",\"potentialAction\":[{\"@type\":\"ReadAction\",\"target\":[\"https:\\\/\\\/www.respirelavie.fr\\\/poitiers\\\/programme-du-salon\\\/\"]}]},{\"@type\":\"ImageObject\",\"inLanguage\":\"fr-FR\",\"@id\":\"https:\\\/\\\/www.respirelavie.fr\\\/poitiers\\\/programme-du-salon\\\/#primaryimage\",\"url\":\"https:\\\/\\\/www.respirelavie.fr\\\/poitiers\\\/wp-content\\\/uploads\\\/sites\\\/3\\\/2020\\\/03\\\/AdobeStock_220180469-scaled.jpeg\",\"contentUrl\":\"https:\\\/\\\/www.respirelavie.fr\\\/poitiers\\\/wp-content\\\/uploads\\\/sites\\\/3\\\/2020\\\/03\\\/AdobeStock_220180469-scaled.jpeg\",\"width\":2560,\"height\":1707,\"caption\":\"Bottles of essential oils. Herbal medicine. Aromatherapy.\"},{\"@type\":\"BreadcrumbList\",\"@id\":\"https:\\\/\\\/www.respirelavie.fr\\\/poitiers\\\/programme-du-salon\\\/#breadcrumb\",\"itemListElement\":[{\"@type\":\"ListItem\",\"position\":1,\"name\":\"Accueil\",\"item\":\"http:\\\/\\\/www.respirelavie.fr\\\/poitiers\\\/\"},{\"@type\":\"ListItem\",\"position\":2,\"name\":\"Programme du salon\"}]},{\"@type\":\"WebSite\",\"@id\":\"http:\\\/\\\/www.respirelavie.fr\\\/poitiers\\\/#website\",\"url\":\"http:\\\/\\\/www.respirelavie.fr\\\/poitiers\\\/\",\"name\":\"Salon RESPIRE LA VIE Poitiers\",\"description\":\"RESPIRE : votre salon bio, bien-\u00eatre et habitat sain \u00e0 Poitiers\",\"publisher\":{\"@id\":\"http:\\\/\\\/www.respirelavie.fr\\\/poitiers\\\/#organization\"},\"potentialAction\":[{\"@type\":\"SearchAction\",\"target\":{\"@type\":\"EntryPoint\",\"urlTemplate\":\"http:\\\/\\\/www.respirelavie.fr\\\/poitiers\\\/?s={search_term_string}\"},\"query-input\":{\"@type\":\"PropertyValueSpecification\",\"valueRequired\":true,\"valueName\":\"search_term_string\"}}],\"inLanguage\":\"fr-FR\"},{\"@type\":\"Organization\",\"@id\":\"http:\\\/\\\/www.respirelavie.fr\\\/poitiers\\\/#organization\",\"name\":\"Salon RESPIRE LA VIE Poitiers\",\"url\":\"http:\\\/\\\/www.respirelavie.fr\\\/poitiers\\\/\",\"logo\":{\"@type\":\"ImageObject\",\"inLanguage\":\"fr-FR\",\"@id\":\"http:\\\/\\\/www.respirelavie.fr\\\/poitiers\\\/#\\\/schema\\\/logo\\\/image\\\/\",\"url\":\"https:\\\/\\\/www.respirelavie.fr\\\/poitiers\\\/wp-content\\\/uploads\\\/sites\\\/3\\\/2024\\\/03\\\/Logo-RESPIRE-LA-VIE-poitiers.jpg\",\"contentUrl\":\"https:\\\/\\\/www.respirelavie.fr\\\/poitiers\\\/wp-content\\\/uploads\\\/sites\\\/3\\\/2024\\\/03\\\/Logo-RESPIRE-LA-VIE-poitiers.jpg\",\"width\":470,\"height\":262,\"caption\":\"Salon RESPIRE LA VIE Poitiers\"},\"image\":{\"@id\":\"http:\\\/\\\/www.respirelavie.fr\\\/poitiers\\\/#\\\/schema\\\/logo\\\/image\\\/\"}}]}<\/script>\n<!-- \/ Yoast SEO plugin. -->","yoast_head_json":{"title":"Programme du salon - Salon RESPIRE LA VIE Poitiers","robots":{"index":"index","follow":"follow","max-snippet":"max-snippet:-1","max-image-preview":"max-image-preview:large","max-video-preview":"max-video-preview:-1"},"canonical":"https:\/\/www.respirelavie.fr\/poitiers\/programme-du-salon\/","og_locale":"fr_FR","og_type":"article","og_title":"Programme du salon - Salon RESPIRE LA VIE Poitiers","og_description":"Durant 3 jours, les salon Respire La Vie Poitiers vous invite \u00e0 pousser la r\u00e9flexion et l&rsquo;apprentissage plus loin&#8230; Les animations et les ateliers sont en acc\u00e8s libre. Cependant certains peuvent \u00eatre tr\u00e8s demand\u00e9s, n&rsquo;h\u00e9sitez pas \u00e0 venir en avance. Programme sous r\u00e9serve de modifications ult\u00e9rieures. En marge des conf\u00e9rences anim\u00e9es par des experts de&hellip;","og_url":"https:\/\/www.respirelavie.fr\/poitiers\/programme-du-salon\/","og_site_name":"Salon RESPIRE LA VIE Poitiers","article_modified_time":"2023-03-13T15:36:02+00:00","og_image":[{"width":2560,"height":1707,"url":"https:\/\/www.respirelavie.fr\/poitiers\/wp-content\/uploads\/sites\/3\/2020\/03\/AdobeStock_220180469-scaled.jpeg","type":"image\/jpeg"}],"twitter_card":"summary_large_image","twitter_misc":{"Dur\u00e9e de lecture estim\u00e9e":"2 minutes"},"schema":{"@context":"https:\/\/schema.org","@graph":[{"@type":"WebPage","@id":"https:\/\/www.respirelavie.fr\/poitiers\/programme-du-salon\/","url":"https:\/\/www.respirelavie.fr\/poitiers\/programme-du-salon\/","name":"Programme du salon - Salon RESPIRE LA VIE Poitiers","isPartOf":{"@id":"http:\/\/www.respirelavie.fr\/poitiers\/#website"},"primaryImageOfPage":{"@id":"https:\/\/www.respirelavie.fr\/poitiers\/programme-du-salon\/#primaryimage"},"image":{"@id":"https:\/\/www.respirelavie.fr\/poitiers\/programme-du-salon\/#primaryimage"},"thumbnailUrl":"https:\/\/www.respirelavie.fr\/poitiers\/wp-content\/uploads\/sites\/3\/2020\/03\/AdobeStock_220180469-scaled.jpeg","datePublished":"2017-04-14T09:16:23+00:00","dateModified":"2023-03-13T15:36:02+00:00","breadcrumb":{"@id":"https:\/\/www.respirelavie.fr\/poitiers\/programme-du-salon\/#breadcrumb"},"inLanguage":"fr-FR","potentialAction":[{"@type":"ReadAction","target":["https:\/\/www.respirelavie.fr\/poitiers\/programme-du-salon\/"]}]},{"@type":"ImageObject","inLanguage":"fr-FR","@id":"https:\/\/www.respirelavie.fr\/poitiers\/programme-du-salon\/#primaryimage","url":"https:\/\/www.respirelavie.fr\/poitiers\/wp-content\/uploads\/sites\/3\/2020\/03\/AdobeStock_220180469-scaled.jpeg","contentUrl":"https:\/\/www.respirelavie.fr\/poitiers\/wp-content\/uploads\/sites\/3\/2020\/03\/AdobeStock_220180469-scaled.jpeg","width":2560,"height":1707,"caption":"Bottles of essential oils. Herbal medicine. Aromatherapy."},{"@type":"BreadcrumbList","@id":"https:\/\/www.respirelavie.fr\/poitiers\/programme-du-salon\/#breadcrumb","itemListElement":[{"@type":"ListItem","position":1,"name":"Accueil","item":"http:\/\/www.respirelavie.fr\/poitiers\/"},{"@type":"ListItem","position":2,"name":"Programme du salon"}]},{"@type":"WebSite","@id":"http:\/\/www.respirelavie.fr\/poitiers\/#website","url":"http:\/\/www.respirelavie.fr\/poitiers\/","name":"Salon RESPIRE LA VIE Poitiers","description":"RESPIRE : votre salon bio, bien-\u00eatre et habitat sain \u00e0 Poitiers","publisher":{"@id":"http:\/\/www.respirelavie.fr\/poitiers\/#organization"},"potentialAction":[{"@type":"SearchAction","target":{"@type":"EntryPoint","urlTemplate":"http:\/\/www.respirelavie.fr\/poitiers\/?s={search_term_string}"},"query-input":{"@type":"PropertyValueSpecification","valueRequired":true,"valueName":"search_term_string"}}],"inLanguage":"fr-FR"},{"@type":"Organization","@id":"http:\/\/www.respirelavie.fr\/poitiers\/#organization","name":"Salon RESPIRE LA VIE Poitiers","url":"http:\/\/www.respirelavie.fr\/poitiers\/","logo":{"@type":"ImageObject","inLanguage":"fr-FR","@id":"http:\/\/www.respirelavie.fr\/poitiers\/#\/schema\/logo\/image\/","url":"https:\/\/www.respirelavie.fr\/poitiers\/wp-content\/uploads\/sites\/3\/2024\/03\/Logo-RESPIRE-LA-VIE-poitiers.jpg","contentUrl":"https:\/\/www.respirelavie.fr\/poitiers\/wp-content\/uploads\/sites\/3\/2024\/03\/Logo-RESPIRE-LA-VIE-poitiers.jpg","width":470,"height":262,"caption":"Salon RESPIRE LA VIE Poitiers"},"image":{"@id":"http:\/\/www.respirelavie.fr\/poitiers\/#\/schema\/logo\/image\/"}}]}},"_links":{"self":[{"href":"https:\/\/www.respirelavie.fr\/poitiers\/wp-json\/wp\/v2\/pages\/3853","targetHints":{"allow":["GET"]}}],"collection":[{"href":"https:\/\/www.respirelavie.fr\/poitiers\/wp-json\/wp\/v2\/pages"}],"about":[{"href":"https:\/\/www.respirelavie.fr\/poitiers\/wp-json\/wp\/v2\/types\/page"}],"author":[{"embeddable":true,"href":"https:\/\/www.respirelavie.fr\/poitiers\/wp-json\/wp\/v2\/users\/1"}],"replies":[{"embeddable":true,"href":"https:\/\/www.respirelavie.fr\/poitiers\/wp-json\/wp\/v2\/comments?post=3853"}],"version-history":[{"count":0,"href":"https:\/\/www.respirelavie.fr\/poitiers\/wp-json\/wp\/v2\/pages\/3853\/revisions"}],"wp:featuredmedia":[{"embeddable":true,"href":"https:\/\/www.respirelavie.fr\/poitiers\/wp-json\/wp\/v2\/media\/7270"}],"wp:attachment":[{"href":"https:\/\/www.respirelavie.fr\/poitiers\/wp-json\/wp\/v2\/media?parent=3853"}],"curies":[{"name":"wp","href":"https:\/\/api.w.org\/{rel}","templated":true}]}}