{"id":3859,"date":"2017-04-14T11:17:49","date_gmt":"2017-04-14T09:17:49","guid":{"rendered":"http:\/\/localhost:8888\/artemisia\/?page_id=3859"},"modified":"2024-03-14T12:51:24","modified_gmt":"2024-03-14T11:51:24","slug":"ateliers-pratiques","status":"publish","type":"page","link":"https:\/\/www.respirelavie.fr\/poitiers\/programme-du-salon\/ateliers-pratiques\/","title":{"rendered":"Ateliers bien-\u00eatre"},"content":{"rendered":"<p><img fetchpriority=\"high\" decoding=\"async\" class=\"size-full wp-image-7422\" src=\"https:\/\/www.respirelavie.fr\/poitiers\/wp-content\/uploads\/sites\/3\/2020\/03\/Fotolia_91408841_M-e1585668099676.jpg\" alt=\"\" width=\"1688\" height=\"506\" srcset=\"https:\/\/www.respirelavie.fr\/poitiers\/wp-content\/uploads\/sites\/3\/2020\/03\/Fotolia_91408841_M-e1585668099676.jpg 1688w, https:\/\/www.respirelavie.fr\/poitiers\/wp-content\/uploads\/sites\/3\/2020\/03\/Fotolia_91408841_M-e1585668099676-300x90.jpg 300w, https:\/\/www.respirelavie.fr\/poitiers\/wp-content\/uploads\/sites\/3\/2020\/03\/Fotolia_91408841_M-e1585668099676-1024x307.jpg 1024w, https:\/\/www.respirelavie.fr\/poitiers\/wp-content\/uploads\/sites\/3\/2020\/03\/Fotolia_91408841_M-e1585668099676-768x230.jpg 768w, https:\/\/www.respirelavie.fr\/poitiers\/wp-content\/uploads\/sites\/3\/2020\/03\/Fotolia_91408841_M-e1585668099676-1536x460.jpg 1536w, https:\/\/www.respirelavie.fr\/poitiers\/wp-content\/uploads\/sites\/3\/2020\/03\/Fotolia_91408841_M-e1585668099676-150x45.jpg 150w, https:\/\/www.respirelavie.fr\/poitiers\/wp-content\/uploads\/sites\/3\/2020\/03\/Fotolia_91408841_M-e1585668099676-500x150.jpg 500w\" sizes=\"(max-width: 1688px) 100vw, 1688px\" \/><\/p>\n<p style=\"text-align: justify;\">Tous les jours, exp\u00e9rimentez la m\u00e9ditation, le yoga, la danse cr\u00e9ative, la sophrologie, l\u2019hypnose, etc. Une occasion de tester ces techniques et de dialoguer avec des praticiens de bien-\u00eatre.<\/p>\n<p><span style=\"color: #f0a922;\"><strong>Salle GARGANTUA<\/strong><\/span><\/p>\n<p>&nbsp;<\/p><div id=\"respi-1132551931\" class=\"respi-contenu respi-entity-placement\"><script async src=\"\/\/pagead2.googlesyndication.com\/pagead\/js\/adsbygoogle.js?client=ca-pub-7511070832818284\" crossorigin=\"anonymous\"><\/script><ins class=\"adsbygoogle\" style=\"display:block;\" data-ad-client=\"ca-pub-7511070832818284\" \ndata-ad-slot=\"4196289901\" \ndata-ad-format=\"auto\"><\/ins>\n<script> \n(adsbygoogle = window.adsbygoogle || []).push({}); \n<\/script>\n<\/div>\n<hr \/>\n<p><a href=\"https:\/\/www.respirelavie.fr\/poitiers\/ateliers-bien-etre-2023\/\" target=\"_blank\" rel=\"noopener\"><span style=\"font-size: 10pt;\"><em>Consultez le programme des ateliers bien-\u00eatre 2023<\/em><\/span><\/a><br \/>\n<a href=\"https:\/\/www.respirelavie.fr\/poitiers\/ateliers-bien-etre-2022\/\" target=\"_blank\" rel=\"noopener\"><span style=\"font-size: 10pt;\"><em>Consultez le programme des ateliers bien-\u00eatre 2022<\/em><\/span><\/a><br \/>\n<a href=\"https:\/\/www.respirelavie.fr\/poitiers\/ateliers-bien-etre-2020\/\"><span style=\"font-size: 10pt;\"><em>Consultez le programme des ateliers bien-\u00eatre 2020<\/em><\/span><\/a><br \/>\n<span style=\"font-size: 10pt;\"><em><a href=\"https:\/\/www.respirelavie.fr\/poitiers\/ateliers-bien-etre-2019\/\" target=\"_blank\" rel=\"noopener noreferrer\">Consultez le programme des ateliers bien-\u00eatre 2019<\/a><\/em><\/span><br \/>\n<span style=\"font-size: 10pt;\"><em><a href=\"https:\/\/www.respirelavie.fr\/poitiers\/ateliers-bien-etre-2018\/\" target=\"_blank\" rel=\"noopener noreferrer\">Consultez le programme des ateliers bien-\u00eatre 2018<\/a><\/em><\/span><br \/>\n<span style=\"font-size: 10pt;\"><em><a href=\"http:\/\/www.respirelavie.fr\/poitiers\/ateliers-pratiques-2017\/\" target=\"_blank\" rel=\"noopener noreferrer\">Consultez le programme des ateliers bien-\u00eatre 2017<\/a><\/em><\/span><\/p>\n","protected":false},"excerpt":{"rendered":"<p>Tous les jours, exp\u00e9rimentez la m\u00e9ditation, le yoga, la danse cr\u00e9ative, la sophrologie, l\u2019hypnose, etc. Une occasion de tester ces techniques et de dialoguer avec des praticiens de bien-\u00eatre. Salle GARGANTUA &nbsp; Consultez le programme des ateliers bien-\u00eatre 2023 Consultez le programme des ateliers bien-\u00eatre 2022 Consultez le programme des ateliers bien-\u00eatre 2020 Consultez le&hellip; <\/p>\n","protected":false},"author":1,"featured_media":0,"parent":3853,"menu_order":6,"comment_status":"closed","ping_status":"closed","template":"","meta":{"_monsterinsights_skip_tracking":false,"_monsterinsights_sitenote_active":false,"_monsterinsights_sitenote_note":"","_monsterinsights_sitenote_category":0,"footnotes":""},"class_list":["post-3859","page","type-page","status-publish","hentry"],"yoast_head":"<!-- This site is optimized with the Yoast SEO plugin v27.3 - https:\/\/yoast.com\/product\/yoast-seo-wordpress\/ -->\n<title>Ateliers bien-\u00eatre - Salon RESPIRE LA VIE Poitiers<\/title>\n<meta name=\"robots\" content=\"index, follow, max-snippet:-1, max-image-preview:large, max-video-preview:-1\" \/>\n<link rel=\"canonical\" href=\"https:\/\/www.respirelavie.fr\/poitiers\/programme-du-salon\/ateliers-pratiques\/\" \/>\n<meta property=\"og:locale\" content=\"fr_FR\" \/>\n<meta property=\"og:type\" content=\"article\" \/>\n<meta property=\"og:title\" content=\"Ateliers bien-\u00eatre - Salon RESPIRE LA VIE Poitiers\" \/>\n<meta property=\"og:description\" content=\"Tous les jours, exp\u00e9rimentez la m\u00e9ditation, le yoga, la danse cr\u00e9ative, la sophrologie, l\u2019hypnose, etc. Une occasion de tester ces techniques et de dialoguer avec des praticiens de bien-\u00eatre. Salle GARGANTUA &nbsp; Consultez le programme des ateliers bien-\u00eatre 2023 Consultez le programme des ateliers bien-\u00eatre 2022 Consultez le programme des ateliers bien-\u00eatre 2020 Consultez le&hellip;\" \/>\n<meta property=\"og:url\" content=\"https:\/\/www.respirelavie.fr\/poitiers\/programme-du-salon\/ateliers-pratiques\/\" \/>\n<meta property=\"og:site_name\" content=\"Salon RESPIRE LA VIE Poitiers\" \/>\n<meta property=\"article:modified_time\" content=\"2024-03-14T11:51:24+00:00\" \/>\n<meta property=\"og:image\" content=\"https:\/\/www.respirelavie.fr\/poitiers\/wp-content\/uploads\/sites\/3\/2020\/03\/Fotolia_91408841_M-e1585668099676.jpg\" \/>\n<meta name=\"twitter:card\" content=\"summary_large_image\" \/>\n<meta name=\"twitter:label1\" content=\"Dur\u00e9e de lecture estim\u00e9e\" \/>\n\t<meta name=\"twitter:data1\" content=\"1 minute\" \/>\n<script type=\"application\/ld+json\" class=\"yoast-schema-graph\">{\"@context\":\"https:\\\/\\\/schema.org\",\"@graph\":[{\"@type\":\"WebPage\",\"@id\":\"https:\\\/\\\/www.respirelavie.fr\\\/poitiers\\\/programme-du-salon\\\/ateliers-pratiques\\\/\",\"url\":\"https:\\\/\\\/www.respirelavie.fr\\\/poitiers\\\/programme-du-salon\\\/ateliers-pratiques\\\/\",\"name\":\"Ateliers bien-\u00eatre - Salon RESPIRE LA VIE Poitiers\",\"isPartOf\":{\"@id\":\"http:\\\/\\\/www.respirelavie.fr\\\/poitiers\\\/#website\"},\"primaryImageOfPage\":{\"@id\":\"https:\\\/\\\/www.respirelavie.fr\\\/poitiers\\\/programme-du-salon\\\/ateliers-pratiques\\\/#primaryimage\"},\"image\":{\"@id\":\"https:\\\/\\\/www.respirelavie.fr\\\/poitiers\\\/programme-du-salon\\\/ateliers-pratiques\\\/#primaryimage\"},\"thumbnailUrl\":\"https:\\\/\\\/www.respirelavie.fr\\\/poitiers\\\/wp-content\\\/uploads\\\/sites\\\/3\\\/2020\\\/03\\\/Fotolia_91408841_M-e1585668099676.jpg\",\"datePublished\":\"2017-04-14T09:17:49+00:00\",\"dateModified\":\"2024-03-14T11:51:24+00:00\",\"breadcrumb\":{\"@id\":\"https:\\\/\\\/www.respirelavie.fr\\\/poitiers\\\/programme-du-salon\\\/ateliers-pratiques\\\/#breadcrumb\"},\"inLanguage\":\"fr-FR\",\"potentialAction\":[{\"@type\":\"ReadAction\",\"target\":[\"https:\\\/\\\/www.respirelavie.fr\\\/poitiers\\\/programme-du-salon\\\/ateliers-pratiques\\\/\"]}]},{\"@type\":\"ImageObject\",\"inLanguage\":\"fr-FR\",\"@id\":\"https:\\\/\\\/www.respirelavie.fr\\\/poitiers\\\/programme-du-salon\\\/ateliers-pratiques\\\/#primaryimage\",\"url\":\"https:\\\/\\\/www.respirelavie.fr\\\/poitiers\\\/wp-content\\\/uploads\\\/sites\\\/3\\\/2020\\\/03\\\/Fotolia_91408841_M-e1585668099676.jpg\",\"contentUrl\":\"https:\\\/\\\/www.respirelavie.fr\\\/poitiers\\\/wp-content\\\/uploads\\\/sites\\\/3\\\/2020\\\/03\\\/Fotolia_91408841_M-e1585668099676.jpg\",\"width\":1688,\"height\":506,\"caption\":\"Peaceful woman finding body and mind balance\"},{\"@type\":\"BreadcrumbList\",\"@id\":\"https:\\\/\\\/www.respirelavie.fr\\\/poitiers\\\/programme-du-salon\\\/ateliers-pratiques\\\/#breadcrumb\",\"itemListElement\":[{\"@type\":\"ListItem\",\"position\":1,\"name\":\"Accueil\",\"item\":\"http:\\\/\\\/www.respirelavie.fr\\\/poitiers\\\/\"},{\"@type\":\"ListItem\",\"position\":2,\"name\":\"Programme du salon\",\"item\":\"https:\\\/\\\/www.respirelavie.fr\\\/poitiers\\\/programme-du-salon\\\/\"},{\"@type\":\"ListItem\",\"position\":3,\"name\":\"Ateliers bien-\u00eatre\"}]},{\"@type\":\"WebSite\",\"@id\":\"http:\\\/\\\/www.respirelavie.fr\\\/poitiers\\\/#website\",\"url\":\"http:\\\/\\\/www.respirelavie.fr\\\/poitiers\\\/\",\"name\":\"Salon RESPIRE LA VIE Poitiers\",\"description\":\"RESPIRE : votre salon bio, bien-\u00eatre et habitat sain \u00e0 Poitiers\",\"publisher\":{\"@id\":\"http:\\\/\\\/www.respirelavie.fr\\\/poitiers\\\/#organization\"},\"potentialAction\":[{\"@type\":\"SearchAction\",\"target\":{\"@type\":\"EntryPoint\",\"urlTemplate\":\"http:\\\/\\\/www.respirelavie.fr\\\/poitiers\\\/?s={search_term_string}\"},\"query-input\":{\"@type\":\"PropertyValueSpecification\",\"valueRequired\":true,\"valueName\":\"search_term_string\"}}],\"inLanguage\":\"fr-FR\"},{\"@type\":\"Organization\",\"@id\":\"http:\\\/\\\/www.respirelavie.fr\\\/poitiers\\\/#organization\",\"name\":\"Salon RESPIRE LA VIE Poitiers\",\"url\":\"http:\\\/\\\/www.respirelavie.fr\\\/poitiers\\\/\",\"logo\":{\"@type\":\"ImageObject\",\"inLanguage\":\"fr-FR\",\"@id\":\"http:\\\/\\\/www.respirelavie.fr\\\/poitiers\\\/#\\\/schema\\\/logo\\\/image\\\/\",\"url\":\"https:\\\/\\\/www.respirelavie.fr\\\/poitiers\\\/wp-content\\\/uploads\\\/sites\\\/3\\\/2024\\\/03\\\/Logo-RESPIRE-LA-VIE-poitiers.jpg\",\"contentUrl\":\"https:\\\/\\\/www.respirelavie.fr\\\/poitiers\\\/wp-content\\\/uploads\\\/sites\\\/3\\\/2024\\\/03\\\/Logo-RESPIRE-LA-VIE-poitiers.jpg\",\"width\":470,\"height\":262,\"caption\":\"Salon RESPIRE LA VIE Poitiers\"},\"image\":{\"@id\":\"http:\\\/\\\/www.respirelavie.fr\\\/poitiers\\\/#\\\/schema\\\/logo\\\/image\\\/\"}}]}<\/script>\n<!-- \/ Yoast SEO plugin. -->","yoast_head_json":{"title":"Ateliers bien-\u00eatre - Salon RESPIRE LA VIE Poitiers","robots":{"index":"index","follow":"follow","max-snippet":"max-snippet:-1","max-image-preview":"max-image-preview:large","max-video-preview":"max-video-preview:-1"},"canonical":"https:\/\/www.respirelavie.fr\/poitiers\/programme-du-salon\/ateliers-pratiques\/","og_locale":"fr_FR","og_type":"article","og_title":"Ateliers bien-\u00eatre - Salon RESPIRE LA VIE Poitiers","og_description":"Tous les jours, exp\u00e9rimentez la m\u00e9ditation, le yoga, la danse cr\u00e9ative, la sophrologie, l\u2019hypnose, etc. Une occasion de tester ces techniques et de dialoguer avec des praticiens de bien-\u00eatre. Salle GARGANTUA &nbsp; Consultez le programme des ateliers bien-\u00eatre 2023 Consultez le programme des ateliers bien-\u00eatre 2022 Consultez le programme des ateliers bien-\u00eatre 2020 Consultez le&hellip;","og_url":"https:\/\/www.respirelavie.fr\/poitiers\/programme-du-salon\/ateliers-pratiques\/","og_site_name":"Salon RESPIRE LA VIE Poitiers","article_modified_time":"2024-03-14T11:51:24+00:00","og_image":[{"url":"https:\/\/www.respirelavie.fr\/poitiers\/wp-content\/uploads\/sites\/3\/2020\/03\/Fotolia_91408841_M-e1585668099676.jpg","type":"","width":"","height":""}],"twitter_card":"summary_large_image","twitter_misc":{"Dur\u00e9e de lecture estim\u00e9e":"1 minute"},"schema":{"@context":"https:\/\/schema.org","@graph":[{"@type":"WebPage","@id":"https:\/\/www.respirelavie.fr\/poitiers\/programme-du-salon\/ateliers-pratiques\/","url":"https:\/\/www.respirelavie.fr\/poitiers\/programme-du-salon\/ateliers-pratiques\/","name":"Ateliers bien-\u00eatre - Salon RESPIRE LA VIE Poitiers","isPartOf":{"@id":"http:\/\/www.respirelavie.fr\/poitiers\/#website"},"primaryImageOfPage":{"@id":"https:\/\/www.respirelavie.fr\/poitiers\/programme-du-salon\/ateliers-pratiques\/#primaryimage"},"image":{"@id":"https:\/\/www.respirelavie.fr\/poitiers\/programme-du-salon\/ateliers-pratiques\/#primaryimage"},"thumbnailUrl":"https:\/\/www.respirelavie.fr\/poitiers\/wp-content\/uploads\/sites\/3\/2020\/03\/Fotolia_91408841_M-e1585668099676.jpg","datePublished":"2017-04-14T09:17:49+00:00","dateModified":"2024-03-14T11:51:24+00:00","breadcrumb":{"@id":"https:\/\/www.respirelavie.fr\/poitiers\/programme-du-salon\/ateliers-pratiques\/#breadcrumb"},"inLanguage":"fr-FR","potentialAction":[{"@type":"ReadAction","target":["https:\/\/www.respirelavie.fr\/poitiers\/programme-du-salon\/ateliers-pratiques\/"]}]},{"@type":"ImageObject","inLanguage":"fr-FR","@id":"https:\/\/www.respirelavie.fr\/poitiers\/programme-du-salon\/ateliers-pratiques\/#primaryimage","url":"https:\/\/www.respirelavie.fr\/poitiers\/wp-content\/uploads\/sites\/3\/2020\/03\/Fotolia_91408841_M-e1585668099676.jpg","contentUrl":"https:\/\/www.respirelavie.fr\/poitiers\/wp-content\/uploads\/sites\/3\/2020\/03\/Fotolia_91408841_M-e1585668099676.jpg","width":1688,"height":506,"caption":"Peaceful woman finding body and mind balance"},{"@type":"BreadcrumbList","@id":"https:\/\/www.respirelavie.fr\/poitiers\/programme-du-salon\/ateliers-pratiques\/#breadcrumb","itemListElement":[{"@type":"ListItem","position":1,"name":"Accueil","item":"http:\/\/www.respirelavie.fr\/poitiers\/"},{"@type":"ListItem","position":2,"name":"Programme du salon","item":"https:\/\/www.respirelavie.fr\/poitiers\/programme-du-salon\/"},{"@type":"ListItem","position":3,"name":"Ateliers bien-\u00eatre"}]},{"@type":"WebSite","@id":"http:\/\/www.respirelavie.fr\/poitiers\/#website","url":"http:\/\/www.respirelavie.fr\/poitiers\/","name":"Salon RESPIRE LA VIE Poitiers","description":"RESPIRE : votre salon bio, bien-\u00eatre et habitat sain \u00e0 Poitiers","publisher":{"@id":"http:\/\/www.respirelavie.fr\/poitiers\/#organization"},"potentialAction":[{"@type":"SearchAction","target":{"@type":"EntryPoint","urlTemplate":"http:\/\/www.respirelavie.fr\/poitiers\/?s={search_term_string}"},"query-input":{"@type":"PropertyValueSpecification","valueRequired":true,"valueName":"search_term_string"}}],"inLanguage":"fr-FR"},{"@type":"Organization","@id":"http:\/\/www.respirelavie.fr\/poitiers\/#organization","name":"Salon RESPIRE LA VIE Poitiers","url":"http:\/\/www.respirelavie.fr\/poitiers\/","logo":{"@type":"ImageObject","inLanguage":"fr-FR","@id":"http:\/\/www.respirelavie.fr\/poitiers\/#\/schema\/logo\/image\/","url":"https:\/\/www.respirelavie.fr\/poitiers\/wp-content\/uploads\/sites\/3\/2024\/03\/Logo-RESPIRE-LA-VIE-poitiers.jpg","contentUrl":"https:\/\/www.respirelavie.fr\/poitiers\/wp-content\/uploads\/sites\/3\/2024\/03\/Logo-RESPIRE-LA-VIE-poitiers.jpg","width":470,"height":262,"caption":"Salon RESPIRE LA VIE Poitiers"},"image":{"@id":"http:\/\/www.respirelavie.fr\/poitiers\/#\/schema\/logo\/image\/"}}]}},"_links":{"self":[{"href":"https:\/\/www.respirelavie.fr\/poitiers\/wp-json\/wp\/v2\/pages\/3859","targetHints":{"allow":["GET"]}}],"collection":[{"href":"https:\/\/www.respirelavie.fr\/poitiers\/wp-json\/wp\/v2\/pages"}],"about":[{"href":"https:\/\/www.respirelavie.fr\/poitiers\/wp-json\/wp\/v2\/types\/page"}],"author":[{"embeddable":true,"href":"https:\/\/www.respirelavie.fr\/poitiers\/wp-json\/wp\/v2\/users\/1"}],"replies":[{"embeddable":true,"href":"https:\/\/www.respirelavie.fr\/poitiers\/wp-json\/wp\/v2\/comments?post=3859"}],"version-history":[{"count":3,"href":"https:\/\/www.respirelavie.fr\/poitiers\/wp-json\/wp\/v2\/pages\/3859\/revisions"}],"predecessor-version":[{"id":10248,"href":"https:\/\/www.respirelavie.fr\/poitiers\/wp-json\/wp\/v2\/pages\/3859\/revisions\/10248"}],"up":[{"embeddable":true,"href":"https:\/\/www.respirelavie.fr\/poitiers\/wp-json\/wp\/v2\/pages\/3853"}],"wp:attachment":[{"href":"https:\/\/www.respirelavie.fr\/poitiers\/wp-json\/wp\/v2\/media?parent=3859"}],"curies":[{"name":"wp","href":"https:\/\/api.w.org\/{rel}","templated":true}]}}