{"id":5093,"date":"2018-09-10T10:47:13","date_gmt":"2018-09-10T08:47:13","guid":{"rendered":"https:\/\/www.respirelavie.fr\/poitiers\/?page_id=5093"},"modified":"2018-11-12T16:35:21","modified_gmt":"2018-11-12T15:35:21","slug":"animations","status":"publish","type":"page","link":"https:\/\/www.respirelavie.fr\/poitiers\/animations\/","title":{"rendered":"Le march\u00e9 des producteurs"},"content":{"rendered":"<p><img decoding=\"async\" class=\"wp-image-4150 alignleft\" src=\"http:\/\/www.respirelavie.fr\/poitiers\/wp-content\/uploads\/sites\/3\/2017\/09\/LOGO_QUADRI-VAB-86-light.jpg\" alt=\"\" width=\"148\" height=\"103\" \/><\/p>\n<p>Retrouvez le march\u00e9 des producteurs bio de votre r\u00e9gion, organis\u00e9 par\u00ad : VIENNE AGROBIO est le Groupement des Agriculteurs Bio de la Vienne. L\u2019association \u0153uvre pour le d\u00e9veloppement et la promotion de l\u2019agriculture biologique sur le d\u00e9partement de la Vienne.<\/p>\n<p>Une occasion de d\u00e9couvrir des produits locaux (fromages, l\u00e9gumes, tisanes, viandes\u2026) et de faire son march\u00e9 en pr\u00e9vision de l\u2019hiver !<\/p>\n<h3><\/h3>\n<p><span style=\"color: #008000;\"><strong><span style=\"font-size: 14pt;\">AUTOUR DES PLANTES : <\/span><\/strong><\/span>Plantes aromatiques, tisanes, cosm\u00e9tiques<\/p><div id=\"respi-1687538911\" class=\"respi-contenu respi-entity-placement\"><script async src=\"\/\/pagead2.googlesyndication.com\/pagead\/js\/adsbygoogle.js?client=ca-pub-7511070832818284\" crossorigin=\"anonymous\"><\/script><ins class=\"adsbygoogle\" style=\"display:block;\" data-ad-client=\"ca-pub-7511070832818284\" \ndata-ad-slot=\"4196289901\" \ndata-ad-format=\"auto\"><\/ins>\n<script> \n(adsbygoogle = window.adsbygoogle || []).push({}); \n<\/script>\n<\/div>\n<p><span style=\"font-size: 14pt; color: #008000;\"><strong>BOURGIN DENIS :<\/strong><\/span> Ch\u00e2taignes fra\u00eeches, cr\u00e8me de marrons, pur\u00e9e de ch\u00e2taignes, confiture et g\u00e2teaux de ch\u00e2taignes<\/p>\n<p><span style=\"color: #008000; font-size: 14pt;\"><strong>BRASSERIE DU VAL DE SEVRE :<\/strong><\/span> Bi\u00e8res artisanales, savons artisanaux<\/p>\n<p><span style=\"font-size: 14pt; color: #008000;\"><strong>COGNAC ALAIN CHADUTAUD :<\/strong><\/span> Cognac, pineau, vins, M\u00e9thode traditionnelle, jus de raisin et jus de raisin gaz\u00e9ifi\u00e9<\/p>\n<p><span style=\"font-size: 14pt; color: #008000;\"><strong>COM-ON CHOCOLAT ETCETERA :<\/strong> <\/span>Chocolat, macarons, broy\u00e9, madeleines, mendiants<\/p>\n<p><span style=\"font-size: 14pt; color: #008000;\"><strong>DOMAINE ANDR\u00c9 :<\/strong><\/span> Vins charentais (rouge, ros\u00e9, blanc), M\u00e9thode traditionnelle, P\u00e9tillant de raisin, jus de raisin<\/p>\n<p><span style=\"font-size: 14pt; color: #008000;\"><strong>EARL DES PERVENCHES :<\/strong><\/span> Fromages de ch\u00e8vres<\/p>\n<p><span style=\"font-size: 14pt; color: #008000;\"><strong>FERME DE BELLEVUE :<\/strong><\/span> Farines (bl\u00e9, seigle, petit \u00e9pautre&#8230;) Huiles (tournesol, cameline&#8230;)<\/p>\n<p><span style=\"font-size: 14pt; color: #008000;\"><strong>FERME DE LA QUINATI\u00c8RE : <\/strong><\/span>Tisanes simples et compos\u00e9es<\/p>\n<p><span style=\"font-size: 14pt; color: #008000;\"><strong>FERME DU RIVEAU :<\/strong><\/span> Soupes, confitures<\/p>\n<p><span style=\"font-size: 14pt; color: #008000;\"><strong>GAEC DES FRISONNES :<\/strong><\/span> Fromages affin\u00e9s<\/p>\n<p><span style=\"font-size: 14pt; color: #008000;\"><strong>GRAINE DE VIE : <\/strong><\/span>Graines germ\u00e9es, terrines v\u00e9g\u00e9tales<\/p>\n<p><span style=\"font-size: 14pt; color: #008000;\"><strong>LA BOULE DE WOODIE :<\/strong><\/span> Pains sans gluten<\/p>\n<p><span style=\"font-size: 14pt; color: #008000;\"><strong>LA GRANGE DES DELICES :<\/strong><\/span> Miels<\/p>\n<p><span style=\"font-size: 14pt; color: #008000;\"><strong>LES JARDINS D&rsquo;HESPERANCE : <\/strong><\/span>L\u00e9gumes<\/p>\n<p><span style=\"font-size: 14pt; color: #008000;\"><strong>PASCAL IMBERT : <\/strong><\/span>Vente de viande bovine en caissette<\/p>\n<p><span style=\"font-size: 14pt; color: #008000;\"><strong>PASQUINET MARIE-FRANCE :<\/strong><\/span> Fruits (pommes, poires)<\/p>\n<p><span style=\"font-size: 14pt; color: #008000;\"><strong>SPIRULINE DE HAUTE SAINTONGE :<\/strong><\/span> Spiruline : sachets, livres, savons . Fleur sel\/curry vert<\/p>\n<p><span style=\"font-size: 14pt; color: #008000;\"><strong>VIENNE NATURE :<\/strong><\/span> Asso environnementale<\/p>\n","protected":false},"excerpt":{"rendered":"<p>Retrouvez le march\u00e9 des producteurs bio de votre r\u00e9gion, organis\u00e9 par\u00ad : VIENNE AGROBIO est le Groupement des Agriculteurs Bio de la Vienne. L\u2019association \u0153uvre pour le d\u00e9veloppement et la promotion de l\u2019agriculture biologique sur le d\u00e9partement de la Vienne. Une occasion de d\u00e9couvrir des produits locaux (fromages, l\u00e9gumes, tisanes, viandes\u2026) et de faire son&hellip; <\/p>\n","protected":false},"author":1,"featured_media":0,"parent":0,"menu_order":0,"comment_status":"closed","ping_status":"closed","template":"","meta":{"_monsterinsights_skip_tracking":false,"_monsterinsights_sitenote_active":false,"_monsterinsights_sitenote_note":"","_monsterinsights_sitenote_category":0,"footnotes":""},"class_list":["post-5093","page","type-page","status-publish","hentry"],"yoast_head":"<!-- This site is optimized with the Yoast SEO plugin v27.3 - https:\/\/yoast.com\/product\/yoast-seo-wordpress\/ -->\n<title>Le march\u00e9 des producteurs - Salon RESPIRE LA VIE Poitiers<\/title>\n<meta name=\"robots\" content=\"index, follow, max-snippet:-1, max-image-preview:large, max-video-preview:-1\" \/>\n<link rel=\"canonical\" href=\"https:\/\/www.respirelavie.fr\/poitiers\/animations\/\" \/>\n<meta property=\"og:locale\" content=\"fr_FR\" \/>\n<meta property=\"og:type\" content=\"article\" \/>\n<meta property=\"og:title\" content=\"Le march\u00e9 des producteurs - Salon RESPIRE LA VIE Poitiers\" \/>\n<meta property=\"og:description\" content=\"Retrouvez le march\u00e9 des producteurs bio de votre r\u00e9gion, organis\u00e9 par\u00ad : VIENNE AGROBIO est le Groupement des Agriculteurs Bio de la Vienne. L\u2019association \u0153uvre pour le d\u00e9veloppement et la promotion de l\u2019agriculture biologique sur le d\u00e9partement de la Vienne. Une occasion de d\u00e9couvrir des produits locaux (fromages, l\u00e9gumes, tisanes, viandes\u2026) et de faire son&hellip;\" \/>\n<meta property=\"og:url\" content=\"https:\/\/www.respirelavie.fr\/poitiers\/animations\/\" \/>\n<meta property=\"og:site_name\" content=\"Salon RESPIRE LA VIE Poitiers\" \/>\n<meta property=\"article:modified_time\" content=\"2018-11-12T15:35:21+00:00\" \/>\n<meta property=\"og:image\" content=\"http:\/\/www.respirelavie.fr\/poitiers\/wp-content\/uploads\/sites\/3\/2017\/09\/LOGO_QUADRI-VAB-86-light.jpg\" \/>\n<meta name=\"twitter:card\" content=\"summary_large_image\" \/>\n<meta name=\"twitter:label1\" content=\"Dur\u00e9e de lecture estim\u00e9e\" \/>\n\t<meta name=\"twitter:data1\" content=\"1 minute\" \/>\n<script type=\"application\/ld+json\" class=\"yoast-schema-graph\">{\"@context\":\"https:\\\/\\\/schema.org\",\"@graph\":[{\"@type\":\"WebPage\",\"@id\":\"https:\\\/\\\/www.respirelavie.fr\\\/poitiers\\\/animations\\\/\",\"url\":\"https:\\\/\\\/www.respirelavie.fr\\\/poitiers\\\/animations\\\/\",\"name\":\"Le march\u00e9 des producteurs - Salon RESPIRE LA VIE Poitiers\",\"isPartOf\":{\"@id\":\"https:\\\/\\\/www.respirelavie.fr\\\/poitiers\\\/#website\"},\"primaryImageOfPage\":{\"@id\":\"https:\\\/\\\/www.respirelavie.fr\\\/poitiers\\\/animations\\\/#primaryimage\"},\"image\":{\"@id\":\"https:\\\/\\\/www.respirelavie.fr\\\/poitiers\\\/animations\\\/#primaryimage\"},\"thumbnailUrl\":\"http:\\\/\\\/www.respirelavie.fr\\\/poitiers\\\/wp-content\\\/uploads\\\/sites\\\/3\\\/2017\\\/09\\\/LOGO_QUADRI-VAB-86-light.jpg\",\"datePublished\":\"2018-09-10T08:47:13+00:00\",\"dateModified\":\"2018-11-12T15:35:21+00:00\",\"breadcrumb\":{\"@id\":\"https:\\\/\\\/www.respirelavie.fr\\\/poitiers\\\/animations\\\/#breadcrumb\"},\"inLanguage\":\"fr-FR\",\"potentialAction\":[{\"@type\":\"ReadAction\",\"target\":[\"https:\\\/\\\/www.respirelavie.fr\\\/poitiers\\\/animations\\\/\"]}]},{\"@type\":\"ImageObject\",\"inLanguage\":\"fr-FR\",\"@id\":\"https:\\\/\\\/www.respirelavie.fr\\\/poitiers\\\/animations\\\/#primaryimage\",\"url\":\"https:\\\/\\\/www.respirelavie.fr\\\/poitiers\\\/wp-content\\\/uploads\\\/sites\\\/3\\\/2017\\\/09\\\/LOGO_QUADRI-VAB-86-light.jpg\",\"contentUrl\":\"https:\\\/\\\/www.respirelavie.fr\\\/poitiers\\\/wp-content\\\/uploads\\\/sites\\\/3\\\/2017\\\/09\\\/LOGO_QUADRI-VAB-86-light.jpg\",\"width\":448,\"height\":325},{\"@type\":\"BreadcrumbList\",\"@id\":\"https:\\\/\\\/www.respirelavie.fr\\\/poitiers\\\/animations\\\/#breadcrumb\",\"itemListElement\":[{\"@type\":\"ListItem\",\"position\":1,\"name\":\"Accueil\",\"item\":\"https:\\\/\\\/www.respirelavie.fr\\\/poitiers\\\/\"},{\"@type\":\"ListItem\",\"position\":2,\"name\":\"Le march\u00e9 des producteurs\"}]},{\"@type\":\"WebSite\",\"@id\":\"https:\\\/\\\/www.respirelavie.fr\\\/poitiers\\\/#website\",\"url\":\"https:\\\/\\\/www.respirelavie.fr\\\/poitiers\\\/\",\"name\":\"Salon RESPIRE LA VIE Poitiers\",\"description\":\"RESPIRE : votre salon bio, bien-\u00eatre et habitat sain \u00e0 Poitiers\",\"publisher\":{\"@id\":\"https:\\\/\\\/www.respirelavie.fr\\\/poitiers\\\/#organization\"},\"potentialAction\":[{\"@type\":\"SearchAction\",\"target\":{\"@type\":\"EntryPoint\",\"urlTemplate\":\"https:\\\/\\\/www.respirelavie.fr\\\/poitiers\\\/?s={search_term_string}\"},\"query-input\":{\"@type\":\"PropertyValueSpecification\",\"valueRequired\":true,\"valueName\":\"search_term_string\"}}],\"inLanguage\":\"fr-FR\"},{\"@type\":\"Organization\",\"@id\":\"https:\\\/\\\/www.respirelavie.fr\\\/poitiers\\\/#organization\",\"name\":\"Salon RESPIRE LA VIE Poitiers\",\"url\":\"https:\\\/\\\/www.respirelavie.fr\\\/poitiers\\\/\",\"logo\":{\"@type\":\"ImageObject\",\"inLanguage\":\"fr-FR\",\"@id\":\"https:\\\/\\\/www.respirelavie.fr\\\/poitiers\\\/#\\\/schema\\\/logo\\\/image\\\/\",\"url\":\"https:\\\/\\\/www.respirelavie.fr\\\/poitiers\\\/wp-content\\\/uploads\\\/sites\\\/3\\\/2024\\\/03\\\/Logo-RESPIRE-LA-VIE-poitiers.jpg\",\"contentUrl\":\"https:\\\/\\\/www.respirelavie.fr\\\/poitiers\\\/wp-content\\\/uploads\\\/sites\\\/3\\\/2024\\\/03\\\/Logo-RESPIRE-LA-VIE-poitiers.jpg\",\"width\":470,\"height\":262,\"caption\":\"Salon RESPIRE LA VIE Poitiers\"},\"image\":{\"@id\":\"https:\\\/\\\/www.respirelavie.fr\\\/poitiers\\\/#\\\/schema\\\/logo\\\/image\\\/\"}}]}<\/script>\n<!-- \/ Yoast SEO plugin. -->","yoast_head_json":{"title":"Le march\u00e9 des producteurs - Salon RESPIRE LA VIE Poitiers","robots":{"index":"index","follow":"follow","max-snippet":"max-snippet:-1","max-image-preview":"max-image-preview:large","max-video-preview":"max-video-preview:-1"},"canonical":"https:\/\/www.respirelavie.fr\/poitiers\/animations\/","og_locale":"fr_FR","og_type":"article","og_title":"Le march\u00e9 des producteurs - Salon RESPIRE LA VIE Poitiers","og_description":"Retrouvez le march\u00e9 des producteurs bio de votre r\u00e9gion, organis\u00e9 par\u00ad : VIENNE AGROBIO est le Groupement des Agriculteurs Bio de la Vienne. L\u2019association \u0153uvre pour le d\u00e9veloppement et la promotion de l\u2019agriculture biologique sur le d\u00e9partement de la Vienne. Une occasion de d\u00e9couvrir des produits locaux (fromages, l\u00e9gumes, tisanes, viandes\u2026) et de faire son&hellip;","og_url":"https:\/\/www.respirelavie.fr\/poitiers\/animations\/","og_site_name":"Salon RESPIRE LA VIE Poitiers","article_modified_time":"2018-11-12T15:35:21+00:00","og_image":[{"url":"http:\/\/www.respirelavie.fr\/poitiers\/wp-content\/uploads\/sites\/3\/2017\/09\/LOGO_QUADRI-VAB-86-light.jpg","type":"","width":"","height":""}],"twitter_card":"summary_large_image","twitter_misc":{"Dur\u00e9e de lecture estim\u00e9e":"1 minute"},"schema":{"@context":"https:\/\/schema.org","@graph":[{"@type":"WebPage","@id":"https:\/\/www.respirelavie.fr\/poitiers\/animations\/","url":"https:\/\/www.respirelavie.fr\/poitiers\/animations\/","name":"Le march\u00e9 des producteurs - Salon RESPIRE LA VIE Poitiers","isPartOf":{"@id":"https:\/\/www.respirelavie.fr\/poitiers\/#website"},"primaryImageOfPage":{"@id":"https:\/\/www.respirelavie.fr\/poitiers\/animations\/#primaryimage"},"image":{"@id":"https:\/\/www.respirelavie.fr\/poitiers\/animations\/#primaryimage"},"thumbnailUrl":"http:\/\/www.respirelavie.fr\/poitiers\/wp-content\/uploads\/sites\/3\/2017\/09\/LOGO_QUADRI-VAB-86-light.jpg","datePublished":"2018-09-10T08:47:13+00:00","dateModified":"2018-11-12T15:35:21+00:00","breadcrumb":{"@id":"https:\/\/www.respirelavie.fr\/poitiers\/animations\/#breadcrumb"},"inLanguage":"fr-FR","potentialAction":[{"@type":"ReadAction","target":["https:\/\/www.respirelavie.fr\/poitiers\/animations\/"]}]},{"@type":"ImageObject","inLanguage":"fr-FR","@id":"https:\/\/www.respirelavie.fr\/poitiers\/animations\/#primaryimage","url":"https:\/\/www.respirelavie.fr\/poitiers\/wp-content\/uploads\/sites\/3\/2017\/09\/LOGO_QUADRI-VAB-86-light.jpg","contentUrl":"https:\/\/www.respirelavie.fr\/poitiers\/wp-content\/uploads\/sites\/3\/2017\/09\/LOGO_QUADRI-VAB-86-light.jpg","width":448,"height":325},{"@type":"BreadcrumbList","@id":"https:\/\/www.respirelavie.fr\/poitiers\/animations\/#breadcrumb","itemListElement":[{"@type":"ListItem","position":1,"name":"Accueil","item":"https:\/\/www.respirelavie.fr\/poitiers\/"},{"@type":"ListItem","position":2,"name":"Le march\u00e9 des producteurs"}]},{"@type":"WebSite","@id":"https:\/\/www.respirelavie.fr\/poitiers\/#website","url":"https:\/\/www.respirelavie.fr\/poitiers\/","name":"Salon RESPIRE LA VIE Poitiers","description":"RESPIRE : votre salon bio, bien-\u00eatre et habitat sain \u00e0 Poitiers","publisher":{"@id":"https:\/\/www.respirelavie.fr\/poitiers\/#organization"},"potentialAction":[{"@type":"SearchAction","target":{"@type":"EntryPoint","urlTemplate":"https:\/\/www.respirelavie.fr\/poitiers\/?s={search_term_string}"},"query-input":{"@type":"PropertyValueSpecification","valueRequired":true,"valueName":"search_term_string"}}],"inLanguage":"fr-FR"},{"@type":"Organization","@id":"https:\/\/www.respirelavie.fr\/poitiers\/#organization","name":"Salon RESPIRE LA VIE Poitiers","url":"https:\/\/www.respirelavie.fr\/poitiers\/","logo":{"@type":"ImageObject","inLanguage":"fr-FR","@id":"https:\/\/www.respirelavie.fr\/poitiers\/#\/schema\/logo\/image\/","url":"https:\/\/www.respirelavie.fr\/poitiers\/wp-content\/uploads\/sites\/3\/2024\/03\/Logo-RESPIRE-LA-VIE-poitiers.jpg","contentUrl":"https:\/\/www.respirelavie.fr\/poitiers\/wp-content\/uploads\/sites\/3\/2024\/03\/Logo-RESPIRE-LA-VIE-poitiers.jpg","width":470,"height":262,"caption":"Salon RESPIRE LA VIE Poitiers"},"image":{"@id":"https:\/\/www.respirelavie.fr\/poitiers\/#\/schema\/logo\/image\/"}}]}},"_links":{"self":[{"href":"https:\/\/www.respirelavie.fr\/poitiers\/wp-json\/wp\/v2\/pages\/5093","targetHints":{"allow":["GET"]}}],"collection":[{"href":"https:\/\/www.respirelavie.fr\/poitiers\/wp-json\/wp\/v2\/pages"}],"about":[{"href":"https:\/\/www.respirelavie.fr\/poitiers\/wp-json\/wp\/v2\/types\/page"}],"author":[{"embeddable":true,"href":"https:\/\/www.respirelavie.fr\/poitiers\/wp-json\/wp\/v2\/users\/1"}],"replies":[{"embeddable":true,"href":"https:\/\/www.respirelavie.fr\/poitiers\/wp-json\/wp\/v2\/comments?post=5093"}],"version-history":[{"count":0,"href":"https:\/\/www.respirelavie.fr\/poitiers\/wp-json\/wp\/v2\/pages\/5093\/revisions"}],"wp:attachment":[{"href":"https:\/\/www.respirelavie.fr\/poitiers\/wp-json\/wp\/v2\/media?parent=5093"}],"curies":[{"name":"wp","href":"https:\/\/api.w.org\/{rel}","templated":true}]}}