{"id":5105,"date":"2018-09-10T11:12:40","date_gmt":"2018-09-10T09:12:40","guid":{"rendered":"https:\/\/www.respirelavie.fr\/poitiers\/?page_id=5105"},"modified":"2018-09-10T18:32:22","modified_gmt":"2018-09-10T16:32:22","slug":"espace-art-creation","status":"publish","type":"page","link":"https:\/\/www.respirelavie.fr\/poitiers\/espace-art-creation\/","title":{"rendered":"Espace Art &#038; Cr\u00e9ation"},"content":{"rendered":"<p>Un espace d\u2019art th\u00e9rapie pour stimuler sa cr\u00e9ativit\u00e9 et se lib\u00e9rer des \u00e9motions n\u00e9gatives, situations douloureuses. Une activit\u00e9 pour se reconnecter \u00e0 soi et vivre sa vie en conscience et de fa\u00e7on positive au quotidien.<\/p>\n<p><em>Organis\u00e9 par Jo\u00eblle Pailler, art th\u00e9rapeute.<\/em><\/p>\n","protected":false},"excerpt":{"rendered":"<p>Un espace d\u2019art th\u00e9rapie pour stimuler sa cr\u00e9ativit\u00e9 et se lib\u00e9rer des \u00e9motions n\u00e9gatives, situations douloureuses. Une activit\u00e9 pour se reconnecter \u00e0 soi et vivre sa vie en conscience et de fa\u00e7on positive au quotidien. Organis\u00e9 par Jo\u00eblle Pailler, art th\u00e9rapeute.<\/p>\n","protected":false},"author":1,"featured_media":0,"parent":0,"menu_order":0,"comment_status":"closed","ping_status":"closed","template":"","meta":{"_monsterinsights_skip_tracking":false,"_monsterinsights_sitenote_active":false,"_monsterinsights_sitenote_note":"","_monsterinsights_sitenote_category":0,"footnotes":""},"class_list":["post-5105","page","type-page","status-publish","hentry"],"yoast_head":"<!-- This site is optimized with the Yoast SEO plugin v27.3 - https:\/\/yoast.com\/product\/yoast-seo-wordpress\/ -->\n<title>Espace Art &amp; Cr\u00e9ation - Salon RESPIRE LA VIE Poitiers<\/title>\n<meta name=\"robots\" content=\"index, follow, max-snippet:-1, max-image-preview:large, max-video-preview:-1\" \/>\n<link rel=\"canonical\" href=\"https:\/\/www.respirelavie.fr\/poitiers\/espace-art-creation\/\" \/>\n<meta property=\"og:locale\" content=\"fr_FR\" \/>\n<meta property=\"og:type\" content=\"article\" \/>\n<meta property=\"og:title\" content=\"Espace Art &amp; Cr\u00e9ation - Salon RESPIRE LA VIE Poitiers\" \/>\n<meta property=\"og:description\" content=\"Un espace d\u2019art th\u00e9rapie pour stimuler sa cr\u00e9ativit\u00e9 et se lib\u00e9rer des \u00e9motions n\u00e9gatives, situations douloureuses. Une activit\u00e9 pour se reconnecter \u00e0 soi et vivre sa vie en conscience et de fa\u00e7on positive au quotidien. Organis\u00e9 par Jo\u00eblle Pailler, art th\u00e9rapeute.\" \/>\n<meta property=\"og:url\" content=\"https:\/\/www.respirelavie.fr\/poitiers\/espace-art-creation\/\" \/>\n<meta property=\"og:site_name\" content=\"Salon RESPIRE LA VIE Poitiers\" \/>\n<meta property=\"article:modified_time\" content=\"2018-09-10T16:32:22+00:00\" \/>\n<meta name=\"twitter:card\" content=\"summary_large_image\" \/>\n<script type=\"application\/ld+json\" class=\"yoast-schema-graph\">{\"@context\":\"https:\\\/\\\/schema.org\",\"@graph\":[{\"@type\":\"WebPage\",\"@id\":\"https:\\\/\\\/www.respirelavie.fr\\\/poitiers\\\/espace-art-creation\\\/\",\"url\":\"https:\\\/\\\/www.respirelavie.fr\\\/poitiers\\\/espace-art-creation\\\/\",\"name\":\"Espace Art & Cr\u00e9ation - Salon RESPIRE LA VIE Poitiers\",\"isPartOf\":{\"@id\":\"https:\\\/\\\/www.respirelavie.fr\\\/poitiers\\\/#website\"},\"datePublished\":\"2018-09-10T09:12:40+00:00\",\"dateModified\":\"2018-09-10T16:32:22+00:00\",\"breadcrumb\":{\"@id\":\"https:\\\/\\\/www.respirelavie.fr\\\/poitiers\\\/espace-art-creation\\\/#breadcrumb\"},\"inLanguage\":\"fr-FR\",\"potentialAction\":[{\"@type\":\"ReadAction\",\"target\":[\"https:\\\/\\\/www.respirelavie.fr\\\/poitiers\\\/espace-art-creation\\\/\"]}]},{\"@type\":\"BreadcrumbList\",\"@id\":\"https:\\\/\\\/www.respirelavie.fr\\\/poitiers\\\/espace-art-creation\\\/#breadcrumb\",\"itemListElement\":[{\"@type\":\"ListItem\",\"position\":1,\"name\":\"Accueil\",\"item\":\"https:\\\/\\\/www.respirelavie.fr\\\/poitiers\\\/\"},{\"@type\":\"ListItem\",\"position\":2,\"name\":\"Espace Art &#038; Cr\u00e9ation\"}]},{\"@type\":\"WebSite\",\"@id\":\"https:\\\/\\\/www.respirelavie.fr\\\/poitiers\\\/#website\",\"url\":\"https:\\\/\\\/www.respirelavie.fr\\\/poitiers\\\/\",\"name\":\"Salon RESPIRE LA VIE Poitiers\",\"description\":\"RESPIRE : votre salon bio, bien-\u00eatre et habitat sain \u00e0 Poitiers\",\"publisher\":{\"@id\":\"https:\\\/\\\/www.respirelavie.fr\\\/poitiers\\\/#organization\"},\"potentialAction\":[{\"@type\":\"SearchAction\",\"target\":{\"@type\":\"EntryPoint\",\"urlTemplate\":\"https:\\\/\\\/www.respirelavie.fr\\\/poitiers\\\/?s={search_term_string}\"},\"query-input\":{\"@type\":\"PropertyValueSpecification\",\"valueRequired\":true,\"valueName\":\"search_term_string\"}}],\"inLanguage\":\"fr-FR\"},{\"@type\":\"Organization\",\"@id\":\"https:\\\/\\\/www.respirelavie.fr\\\/poitiers\\\/#organization\",\"name\":\"Salon RESPIRE LA VIE Poitiers\",\"url\":\"https:\\\/\\\/www.respirelavie.fr\\\/poitiers\\\/\",\"logo\":{\"@type\":\"ImageObject\",\"inLanguage\":\"fr-FR\",\"@id\":\"https:\\\/\\\/www.respirelavie.fr\\\/poitiers\\\/#\\\/schema\\\/logo\\\/image\\\/\",\"url\":\"https:\\\/\\\/www.respirelavie.fr\\\/poitiers\\\/wp-content\\\/uploads\\\/sites\\\/3\\\/2024\\\/03\\\/Logo-RESPIRE-LA-VIE-poitiers.jpg\",\"contentUrl\":\"https:\\\/\\\/www.respirelavie.fr\\\/poitiers\\\/wp-content\\\/uploads\\\/sites\\\/3\\\/2024\\\/03\\\/Logo-RESPIRE-LA-VIE-poitiers.jpg\",\"width\":470,\"height\":262,\"caption\":\"Salon RESPIRE LA VIE Poitiers\"},\"image\":{\"@id\":\"https:\\\/\\\/www.respirelavie.fr\\\/poitiers\\\/#\\\/schema\\\/logo\\\/image\\\/\"}}]}<\/script>\n<!-- \/ Yoast SEO plugin. -->","yoast_head_json":{"title":"Espace Art & Cr\u00e9ation - Salon RESPIRE LA VIE Poitiers","robots":{"index":"index","follow":"follow","max-snippet":"max-snippet:-1","max-image-preview":"max-image-preview:large","max-video-preview":"max-video-preview:-1"},"canonical":"https:\/\/www.respirelavie.fr\/poitiers\/espace-art-creation\/","og_locale":"fr_FR","og_type":"article","og_title":"Espace Art & Cr\u00e9ation - Salon RESPIRE LA VIE Poitiers","og_description":"Un espace d\u2019art th\u00e9rapie pour stimuler sa cr\u00e9ativit\u00e9 et se lib\u00e9rer des \u00e9motions n\u00e9gatives, situations douloureuses. Une activit\u00e9 pour se reconnecter \u00e0 soi et vivre sa vie en conscience et de fa\u00e7on positive au quotidien. Organis\u00e9 par Jo\u00eblle Pailler, art th\u00e9rapeute.","og_url":"https:\/\/www.respirelavie.fr\/poitiers\/espace-art-creation\/","og_site_name":"Salon RESPIRE LA VIE Poitiers","article_modified_time":"2018-09-10T16:32:22+00:00","twitter_card":"summary_large_image","schema":{"@context":"https:\/\/schema.org","@graph":[{"@type":"WebPage","@id":"https:\/\/www.respirelavie.fr\/poitiers\/espace-art-creation\/","url":"https:\/\/www.respirelavie.fr\/poitiers\/espace-art-creation\/","name":"Espace Art & Cr\u00e9ation - Salon RESPIRE LA VIE Poitiers","isPartOf":{"@id":"https:\/\/www.respirelavie.fr\/poitiers\/#website"},"datePublished":"2018-09-10T09:12:40+00:00","dateModified":"2018-09-10T16:32:22+00:00","breadcrumb":{"@id":"https:\/\/www.respirelavie.fr\/poitiers\/espace-art-creation\/#breadcrumb"},"inLanguage":"fr-FR","potentialAction":[{"@type":"ReadAction","target":["https:\/\/www.respirelavie.fr\/poitiers\/espace-art-creation\/"]}]},{"@type":"BreadcrumbList","@id":"https:\/\/www.respirelavie.fr\/poitiers\/espace-art-creation\/#breadcrumb","itemListElement":[{"@type":"ListItem","position":1,"name":"Accueil","item":"https:\/\/www.respirelavie.fr\/poitiers\/"},{"@type":"ListItem","position":2,"name":"Espace Art &#038; Cr\u00e9ation"}]},{"@type":"WebSite","@id":"https:\/\/www.respirelavie.fr\/poitiers\/#website","url":"https:\/\/www.respirelavie.fr\/poitiers\/","name":"Salon RESPIRE LA VIE Poitiers","description":"RESPIRE : votre salon bio, bien-\u00eatre et habitat sain \u00e0 Poitiers","publisher":{"@id":"https:\/\/www.respirelavie.fr\/poitiers\/#organization"},"potentialAction":[{"@type":"SearchAction","target":{"@type":"EntryPoint","urlTemplate":"https:\/\/www.respirelavie.fr\/poitiers\/?s={search_term_string}"},"query-input":{"@type":"PropertyValueSpecification","valueRequired":true,"valueName":"search_term_string"}}],"inLanguage":"fr-FR"},{"@type":"Organization","@id":"https:\/\/www.respirelavie.fr\/poitiers\/#organization","name":"Salon RESPIRE LA VIE Poitiers","url":"https:\/\/www.respirelavie.fr\/poitiers\/","logo":{"@type":"ImageObject","inLanguage":"fr-FR","@id":"https:\/\/www.respirelavie.fr\/poitiers\/#\/schema\/logo\/image\/","url":"https:\/\/www.respirelavie.fr\/poitiers\/wp-content\/uploads\/sites\/3\/2024\/03\/Logo-RESPIRE-LA-VIE-poitiers.jpg","contentUrl":"https:\/\/www.respirelavie.fr\/poitiers\/wp-content\/uploads\/sites\/3\/2024\/03\/Logo-RESPIRE-LA-VIE-poitiers.jpg","width":470,"height":262,"caption":"Salon RESPIRE LA VIE Poitiers"},"image":{"@id":"https:\/\/www.respirelavie.fr\/poitiers\/#\/schema\/logo\/image\/"}}]}},"_links":{"self":[{"href":"https:\/\/www.respirelavie.fr\/poitiers\/wp-json\/wp\/v2\/pages\/5105","targetHints":{"allow":["GET"]}}],"collection":[{"href":"https:\/\/www.respirelavie.fr\/poitiers\/wp-json\/wp\/v2\/pages"}],"about":[{"href":"https:\/\/www.respirelavie.fr\/poitiers\/wp-json\/wp\/v2\/types\/page"}],"author":[{"embeddable":true,"href":"https:\/\/www.respirelavie.fr\/poitiers\/wp-json\/wp\/v2\/users\/1"}],"replies":[{"embeddable":true,"href":"https:\/\/www.respirelavie.fr\/poitiers\/wp-json\/wp\/v2\/comments?post=5105"}],"version-history":[{"count":0,"href":"https:\/\/www.respirelavie.fr\/poitiers\/wp-json\/wp\/v2\/pages\/5105\/revisions"}],"wp:attachment":[{"href":"https:\/\/www.respirelavie.fr\/poitiers\/wp-json\/wp\/v2\/media?parent=5105"}],"curies":[{"name":"wp","href":"https:\/\/api.w.org\/{rel}","templated":true}]}}