{"id":5905,"date":"2019-05-07T12:39:32","date_gmt":"2019-05-07T10:39:32","guid":{"rendered":"https:\/\/www.respirelavie.fr\/poitiers\/?page_id=5905"},"modified":"2019-05-07T12:39:32","modified_gmt":"2019-05-07T10:39:32","slug":"conferences-2018","status":"publish","type":"page","link":"https:\/\/www.respirelavie.fr\/poitiers\/conferences-2018\/","title":{"rendered":"Conf\u00e9rences 2018"},"content":{"rendered":"<p>Plus de\u00a045 conf\u00e9rences sont organis\u00e9s pour permettre au public de d\u00e9couvrir et mieux comprendre les m\u00e9thodes et les produits pr\u00e9sent\u00e9s sur le salon.<\/p>\n<p><span style=\"color: #339966;\">Salle VIENNE<br \/>\n<\/span><span style=\"color: #ff00ff;\">Salle POITOU<\/span><\/p>\n<h3><span style=\"text-decoration: underline;\">Vendredi 23 novembre 2018<\/span><\/h3>\n<p><span style=\"color: #339966;\"><strong>11:00 <\/strong><\/span>Vivre l&rsquo;harmonie Corps &#8211; Esprit : Bien plus qu&rsquo;une volont\u00e9 &#8211; <span style=\"color: #808080;\"><em>G\u00e9raldine Bonnin<\/em><\/span><strong><br \/>\n<\/strong><strong><span style=\"color: #ff00ff;\">11:00<\/span><\/strong> Accompagner le l\u00e2cher prise au quotidien avec les cristaux &#8211; <em><span style=\"color: #808080;\">Wydiane Khaoua<br \/>\n<\/span><\/em><strong><span style=\"color: #ff00ff;\">12:00<\/span><\/strong> Orgonites, protection des ondes \u00e9lectromagn\u00e9tiques, wifi et g\u00e9obiologie &#8211; <em><span style=\"color: #808080;\">Thierry Hermann<br \/>\n<\/span><\/em><strong><span style=\"color: #ff00ff;\">13:00<\/span><\/strong> Irrigation colonique &#8211; Je\u00fbne et Sant\u00e9 &#8211; <em><span style=\"color: #808080;\">Dominique Bourdin<br \/>\n<\/span><\/em><strong><span style=\"color: #339966;\">13:30<\/span> <\/strong>Le merveilleux pouvoir de votre inconscient &#8211; <em><span style=\"color: #808080;\">Lionel Agullo<br \/>\n<\/span><\/em><strong><span style=\"color: #ff00ff;\">14:00<\/span> <\/strong>G\u00e9obiologie : Harmoniser durablement votre lieu de vie &#8211; <em><span style=\"color: #808080;\">Herv\u00e9 Rouch\u00e9<br \/>\n<\/span><\/em><strong><span style=\"color: #339966;\">14:30<\/span><\/strong> Combattre ces fl\u00e9aux alimentaires qui nous mettent en danger, par la vraie di\u00e9to-nutrition et la naturopathie &#8211; <em><span style=\"color: #808080;\">Luc Le M\u00e9tayer<br \/>\n<\/span><\/em><strong><span style=\"color: #ff00ff;\">15:00<\/span><\/strong> Pourquoi avoir une nutrition saine ? &#8211; <em><span style=\"color: #808080;\">Jean Claude Berton<br \/>\n<\/span><\/em><strong><span style=\"color: #339966;\">15:30<\/span><\/strong> Hypnose th\u00e9rapeutique &#8211; Dialoguez avec votre inconscient &#8211; <em><span style=\"color: #808080;\">Yolanda Vidal Fernandez<br \/>\n<\/span><\/em><strong><span style=\"color: #ff00ff;\">16:00\u00a0<\/span><\/strong><span style=\"text-decoration: line-through; color: #ff0000;\">Et si &#8230; Vous \u00e9tiez l&rsquo;artiste de votre vie ? &#8211; <strong>Krista Bertho<\/strong><\/span><strong><span style=\"color: #ff0000;\"> annul\u00e9 et remplac\u00e9 par <\/span><\/strong><span style=\"color: #333333;\">Le yoga des yeux : une approche holistique et quantique de la vision &#8211; <span style=\"color: #808080;\"><em>Philippe Cleyet-Merle<\/em><\/span><\/span><strong><br \/>\n<\/strong><strong><span style=\"color: #ff00ff;\">17:00<\/span><\/strong> Cr\u00e9ation de la Vie &#8211; <em><span style=\"color: #808080;\">Michel Provost<br \/>\n<\/span><\/em><strong><span style=\"color: #339966;\">18:00<\/span><\/strong> Les couleurs au service de la sant\u00e9 &#8211; <em><span style=\"color: #808080;\">Dominique Bourdin<br \/>\n<\/span><\/em><span style=\"color: #ff00ff;\"><strong>18:00<\/strong><\/span> La connexion corporelle : un outils anti stress ! \u2013 <em><span style=\"color: #808080;\">Valentin Philippe<\/span><\/em><\/p><div id=\"respi-2505030704\" class=\"respi-contenu respi-entity-placement\"><script async src=\"\/\/pagead2.googlesyndication.com\/pagead\/js\/adsbygoogle.js?client=ca-pub-7511070832818284\" crossorigin=\"anonymous\"><\/script><ins class=\"adsbygoogle\" style=\"display:block;\" data-ad-client=\"ca-pub-7511070832818284\" \ndata-ad-slot=\"4196289901\" \ndata-ad-format=\"auto\"><\/ins>\n<script> \n(adsbygoogle = window.adsbygoogle || []).push({}); \n<\/script>\n<\/div>\n<p>&nbsp;<\/p>\n<h3><span style=\"text-decoration: underline;\">Samedi 24 novembre 2018<\/span><\/h3>\n<p><strong><span style=\"color: #339966;\">11:00<\/span><\/strong> Hypnose th\u00e9rapeutique &#8211; Dialoguez avec votre inconscient &#8211;<em><span style=\"color: #808080;\">Yolanda Vidal Fernandez<br \/>\n<\/span><\/em><strong><span style=\"color: #ff00ff;\">11:00<\/span><\/strong> Habitat \u00c9nergie &#8211; <em><span style=\"color: #808080;\">Marc Tricot<br \/>\n<\/span><\/em><strong><span style=\"color: #ff00ff;\">12:00<\/span><\/strong> Les bols tib\u00e9tains : histoire, tradition et utilisation en massage sonore &#8211; <em><span style=\"color: #808080;\">Alain Metraux<br \/>\n<\/span><\/em><strong><span style=\"color: #ff00ff;\">13:00<\/span><\/strong> Le merveilleux pouvoir de votre inconscient &#8211; <em><span style=\"color: #808080;\">Lionel Agullo<br \/>\n<\/span><\/em><strong><span style=\"color: #339966;\">13:30<\/span><\/strong> Les algues s\u00e9ch\u00e9es, aliments complets, \u00e9puratrices, vibratoires &#8211; <em><span style=\"color: #808080;\">Luc Le M\u00e9tayer<br \/>\n<\/span><\/em><strong><span style=\"color: #ff00ff;\">14:00<\/span><\/strong> Les plantes sauvages au service de nos douleurs et de notre sant\u00e9 &#8211; <em><span style=\"color: #808080;\">Jean-Pol Clesse<br \/>\n<\/span><\/em><strong><span style=\"color: #339966;\">14:30<\/span><\/strong> Mal de dos ? Quelles solutions ? \u2013 <em><span style=\"color: #808080;\">Valentin Philippe<br \/>\n<\/span><\/em><strong><span style=\"color: #ff00ff;\">15:00<\/span><\/strong> Orgonites, protection des ondes \u00e9lectromagn\u00e9tiques, wifi et g\u00e9obiologie &#8211; <em><span style=\"color: #808080;\">Thierry Hermann<\/span><\/em><strong><span style=\"color: #808080;\"><br \/>\n<\/span><\/strong><strong><span style=\"color: #339966;\">15:30<\/span> <\/strong>La M\u00e9thode Demelt, o\u00f9 comment faire le lien entre les \u00e9motions et les d\u00e9s\u00e9quilibres physiques &#8211; <em><span style=\"color: #808080;\">David Garcia<\/span><\/em><strong><span style=\"color: #808080;\"><br \/>\n<\/span><\/strong><strong><span style=\"color: #ff00ff;\">16:00<\/span><\/strong> Lithoth\u00e9rapie : Comment b\u00e9n\u00e9ficier de l&rsquo;action \u00e9nerg\u00e9tique des min\u00e9raux &#8211; <em><span style=\"color: #808080;\">Herv\u00e9 Rouch\u00e9<br \/>\n<\/span><\/em><strong><span style=\"color: #ff00ff;\">17:00<\/span><\/strong> Le poids du pass\u00e9 de notre enfance agit sur le quotidien. Comprendre par le \u00a0Health QiGong M\u00e9diation &#8211; <em><span style=\"color: #808080;\">Lucie D&rsquo;Orio<br \/>\n<\/span><\/em><strong><span style=\"color: #339966;\">18:00<\/span><\/strong> Le je\u00fbne, une pratique mill\u00e9naire : mise en pratique aujourd&rsquo;hui &#8211; <em><span style=\"color: #808080;\">Anne Bonnin Guillot<br \/>\n<\/span><\/em><strong><span style=\"color: #ff00ff;\">18:00<\/span><\/strong> D\u00e9couvrir sa vocation professionnelle &#8211; <em><span style=\"color: #808080;\">Alain Balme<\/span><\/em><\/p>\n<p>&nbsp;<\/p>\n<h3><span style=\"text-decoration: underline;\">Dimanche 25 novembre 2018<\/span><\/h3>\n<p><strong><span style=\"color: #339966;\">11:00<\/span><\/strong> Hypnose th\u00e9rapeutique &#8211; Dialoguez avec votre inconscient &#8211; <em><span style=\"color: #808080;\">Yolanda Vidal Fernandez<br \/>\n<\/span><\/em><strong><span style=\"color: #ff00ff;\">11:00<\/span><\/strong> Am\u00e9liorer l&rsquo;intuition et la confiance en soi avec l&rsquo;aide des cristaux &#8211; <em><span style=\"color: #808080;\">Wydiane Khaoua<br \/>\n<\/span><\/em><strong><span style=\"color: #ff00ff;\">12:00<\/span><\/strong> Orgonites, protection des ondes \u00e9lectromagn\u00e9tiques, wifi et g\u00e9obiologie &#8211; <em><span style=\"color: #808080;\">Thierry Hermann<br \/>\n<\/span><\/em><strong><span style=\"color: #ff00ff;\">13:00<\/span><\/strong> D\u00e9velopper intuition et clairvoyance \u00e0 l&rsquo;aide des cristaux et min\u00e9raux &#8211;\u00a0<em><span style=\"color: #808080;\">Herv\u00e9 Rouch\u00e9<br \/>\n<\/span><\/em><strong><span style=\"color: #339966;\">13:30<\/span><\/strong> Les bols de cristal : m\u00e9ditation et utilisation dans la vie quotidienne &#8211; <em><span style=\"color: #808080;\">Alain Metraux<br \/>\n<\/span><\/em><strong><span style=\"color: #ff00ff;\">14:00<\/span><\/strong> Le merveilleux pouvoir de votre inconscient &#8211; <em><span style=\"color: #808080;\">Lionel Agullo<br \/>\n<\/span><\/em><strong><span style=\"color: #339966;\">14:30<\/span><\/strong> Myrtille, cassis, argousier, aronia, cette alimentation oubli\u00e9e, vibratoire vivante et pourtant essentielle &#8211; <em><span style=\"color: #808080;\">Luc Le M\u00e9tayer<br \/>\n<\/span><\/em><strong><span style=\"color: #ff00ff;\">15:00<\/span><\/strong> Prendre soin de sa sant\u00e9 avec le Reiki Traditionnel Usui &#8211; <em><span style=\"color: #808080;\">Marie-Pierre Boudet<br \/>\n<\/span><\/em><strong><span style=\"color: #339966;\">15:30<\/span><\/strong> D\u00e9couvrez la phototh\u00e9rapie et ses effets sur le rajeunissement de la peau &#8211; <em><span style=\"color: #808080;\">Chantal Joye<br \/>\n<\/span><\/em><strong><span style=\"color: #ff00ff;\">16:00<\/span><\/strong> Pourquoi avoir une nutrition saine ? &#8211; <em><span style=\"color: #808080;\">Jean Claude Berton<br \/>\n<\/span><\/em><strong><span style=\"color: #ff00ff;\">17:00<\/span><\/strong> La M\u00e9thode Demelt, ou comment faire le lien entre les \u00e9motions et les d\u00e9s\u00e9quilibres physiques &#8211; <em><span style=\"color: #808080;\">David Garcia<br \/>\n<\/span><\/em><strong><span style=\"color: #339966;\">18:00<\/span><\/strong> Le je\u00fbne, une pratique mill\u00e9naire : mise en pratique aujourd&rsquo;hui &#8211; <em><span style=\"color: #808080;\">Anne Bonnin Guillot<br \/>\n<\/span><\/em><strong><span style=\"color: #ff00ff;\">18:00<\/span><\/strong> Les soins par les sons : sonoth\u00e9rapie, bol chantant, diapason et didgeridoo &#8211; <em><span style=\"color: #808080;\">Othello Ravez<\/span><\/em><\/p>\n<p>&nbsp;<\/p>\n","protected":false},"excerpt":{"rendered":"<p>Plus de\u00a045 conf\u00e9rences sont organis\u00e9s pour permettre au public de d\u00e9couvrir et mieux comprendre les m\u00e9thodes et les produits pr\u00e9sent\u00e9s sur le salon. Salle VIENNE Salle POITOU Vendredi 23 novembre 2018 11:00 Vivre l&rsquo;harmonie Corps &#8211; Esprit : Bien plus qu&rsquo;une volont\u00e9 &#8211; G\u00e9raldine Bonnin 11:00 Accompagner le l\u00e2cher prise au quotidien avec les cristaux&hellip; <\/p>\n","protected":false},"author":1,"featured_media":0,"parent":0,"menu_order":0,"comment_status":"closed","ping_status":"closed","template":"","meta":{"_monsterinsights_skip_tracking":false,"_monsterinsights_sitenote_active":false,"_monsterinsights_sitenote_note":"","_monsterinsights_sitenote_category":0,"footnotes":""},"class_list":["post-5905","page","type-page","status-publish","hentry"],"yoast_head":"<!-- This site is optimized with the Yoast SEO plugin v27.3 - https:\/\/yoast.com\/product\/yoast-seo-wordpress\/ -->\n<title>Conf\u00e9rences 2018 - Salon RESPIRE LA VIE Poitiers<\/title>\n<meta name=\"robots\" content=\"index, follow, max-snippet:-1, max-image-preview:large, max-video-preview:-1\" \/>\n<link rel=\"canonical\" href=\"http:\/\/www.respirelavie.fr\/poitiers\/conferences-2018\/\" \/>\n<meta property=\"og:locale\" content=\"fr_FR\" \/>\n<meta property=\"og:type\" content=\"article\" \/>\n<meta property=\"og:title\" content=\"Conf\u00e9rences 2018 - Salon RESPIRE LA VIE Poitiers\" \/>\n<meta property=\"og:description\" content=\"Plus de\u00a045 conf\u00e9rences sont organis\u00e9s pour permettre au public de d\u00e9couvrir et mieux comprendre les m\u00e9thodes et les produits pr\u00e9sent\u00e9s sur le salon. Salle VIENNE Salle POITOU Vendredi 23 novembre 2018 11:00 Vivre l&rsquo;harmonie Corps &#8211; Esprit : Bien plus qu&rsquo;une volont\u00e9 &#8211; G\u00e9raldine Bonnin 11:00 Accompagner le l\u00e2cher prise au quotidien avec les cristaux&hellip;\" \/>\n<meta property=\"og:url\" content=\"http:\/\/www.respirelavie.fr\/poitiers\/conferences-2018\/\" \/>\n<meta property=\"og:site_name\" content=\"Salon RESPIRE LA VIE Poitiers\" \/>\n<meta name=\"twitter:card\" content=\"summary_large_image\" \/>\n<meta name=\"twitter:label1\" content=\"Dur\u00e9e de lecture estim\u00e9e\" \/>\n\t<meta name=\"twitter:data1\" content=\"3 minutes\" \/>\n<script type=\"application\/ld+json\" class=\"yoast-schema-graph\">{\"@context\":\"https:\\\/\\\/schema.org\",\"@graph\":[{\"@type\":\"WebPage\",\"@id\":\"http:\\\/\\\/www.respirelavie.fr\\\/poitiers\\\/conferences-2018\\\/\",\"url\":\"http:\\\/\\\/www.respirelavie.fr\\\/poitiers\\\/conferences-2018\\\/\",\"name\":\"Conf\u00e9rences 2018 - Salon RESPIRE LA VIE Poitiers\",\"isPartOf\":{\"@id\":\"http:\\\/\\\/www.respirelavie.fr\\\/poitiers\\\/#website\"},\"datePublished\":\"2019-05-07T10:39:32+00:00\",\"breadcrumb\":{\"@id\":\"http:\\\/\\\/www.respirelavie.fr\\\/poitiers\\\/conferences-2018\\\/#breadcrumb\"},\"inLanguage\":\"fr-FR\",\"potentialAction\":[{\"@type\":\"ReadAction\",\"target\":[\"http:\\\/\\\/www.respirelavie.fr\\\/poitiers\\\/conferences-2018\\\/\"]}]},{\"@type\":\"BreadcrumbList\",\"@id\":\"http:\\\/\\\/www.respirelavie.fr\\\/poitiers\\\/conferences-2018\\\/#breadcrumb\",\"itemListElement\":[{\"@type\":\"ListItem\",\"position\":1,\"name\":\"Accueil\",\"item\":\"http:\\\/\\\/www.respirelavie.fr\\\/poitiers\\\/\"},{\"@type\":\"ListItem\",\"position\":2,\"name\":\"Conf\u00e9rences 2018\"}]},{\"@type\":\"WebSite\",\"@id\":\"http:\\\/\\\/www.respirelavie.fr\\\/poitiers\\\/#website\",\"url\":\"http:\\\/\\\/www.respirelavie.fr\\\/poitiers\\\/\",\"name\":\"Salon RESPIRE LA VIE Poitiers\",\"description\":\"RESPIRE : votre salon bio, bien-\u00eatre et habitat sain \u00e0 Poitiers\",\"publisher\":{\"@id\":\"http:\\\/\\\/www.respirelavie.fr\\\/poitiers\\\/#organization\"},\"potentialAction\":[{\"@type\":\"SearchAction\",\"target\":{\"@type\":\"EntryPoint\",\"urlTemplate\":\"http:\\\/\\\/www.respirelavie.fr\\\/poitiers\\\/?s={search_term_string}\"},\"query-input\":{\"@type\":\"PropertyValueSpecification\",\"valueRequired\":true,\"valueName\":\"search_term_string\"}}],\"inLanguage\":\"fr-FR\"},{\"@type\":\"Organization\",\"@id\":\"http:\\\/\\\/www.respirelavie.fr\\\/poitiers\\\/#organization\",\"name\":\"Salon RESPIRE LA VIE Poitiers\",\"url\":\"http:\\\/\\\/www.respirelavie.fr\\\/poitiers\\\/\",\"logo\":{\"@type\":\"ImageObject\",\"inLanguage\":\"fr-FR\",\"@id\":\"http:\\\/\\\/www.respirelavie.fr\\\/poitiers\\\/#\\\/schema\\\/logo\\\/image\\\/\",\"url\":\"https:\\\/\\\/www.respirelavie.fr\\\/poitiers\\\/wp-content\\\/uploads\\\/sites\\\/3\\\/2024\\\/03\\\/Logo-RESPIRE-LA-VIE-poitiers.jpg\",\"contentUrl\":\"https:\\\/\\\/www.respirelavie.fr\\\/poitiers\\\/wp-content\\\/uploads\\\/sites\\\/3\\\/2024\\\/03\\\/Logo-RESPIRE-LA-VIE-poitiers.jpg\",\"width\":470,\"height\":262,\"caption\":\"Salon RESPIRE LA VIE Poitiers\"},\"image\":{\"@id\":\"http:\\\/\\\/www.respirelavie.fr\\\/poitiers\\\/#\\\/schema\\\/logo\\\/image\\\/\"}}]}<\/script>\n<!-- \/ Yoast SEO plugin. -->","yoast_head_json":{"title":"Conf\u00e9rences 2018 - Salon RESPIRE LA VIE Poitiers","robots":{"index":"index","follow":"follow","max-snippet":"max-snippet:-1","max-image-preview":"max-image-preview:large","max-video-preview":"max-video-preview:-1"},"canonical":"http:\/\/www.respirelavie.fr\/poitiers\/conferences-2018\/","og_locale":"fr_FR","og_type":"article","og_title":"Conf\u00e9rences 2018 - Salon RESPIRE LA VIE Poitiers","og_description":"Plus de\u00a045 conf\u00e9rences sont organis\u00e9s pour permettre au public de d\u00e9couvrir et mieux comprendre les m\u00e9thodes et les produits pr\u00e9sent\u00e9s sur le salon. Salle VIENNE Salle POITOU Vendredi 23 novembre 2018 11:00 Vivre l&rsquo;harmonie Corps &#8211; Esprit : Bien plus qu&rsquo;une volont\u00e9 &#8211; G\u00e9raldine Bonnin 11:00 Accompagner le l\u00e2cher prise au quotidien avec les cristaux&hellip;","og_url":"http:\/\/www.respirelavie.fr\/poitiers\/conferences-2018\/","og_site_name":"Salon RESPIRE LA VIE Poitiers","twitter_card":"summary_large_image","twitter_misc":{"Dur\u00e9e de lecture estim\u00e9e":"3 minutes"},"schema":{"@context":"https:\/\/schema.org","@graph":[{"@type":"WebPage","@id":"http:\/\/www.respirelavie.fr\/poitiers\/conferences-2018\/","url":"http:\/\/www.respirelavie.fr\/poitiers\/conferences-2018\/","name":"Conf\u00e9rences 2018 - Salon RESPIRE LA VIE Poitiers","isPartOf":{"@id":"http:\/\/www.respirelavie.fr\/poitiers\/#website"},"datePublished":"2019-05-07T10:39:32+00:00","breadcrumb":{"@id":"http:\/\/www.respirelavie.fr\/poitiers\/conferences-2018\/#breadcrumb"},"inLanguage":"fr-FR","potentialAction":[{"@type":"ReadAction","target":["http:\/\/www.respirelavie.fr\/poitiers\/conferences-2018\/"]}]},{"@type":"BreadcrumbList","@id":"http:\/\/www.respirelavie.fr\/poitiers\/conferences-2018\/#breadcrumb","itemListElement":[{"@type":"ListItem","position":1,"name":"Accueil","item":"http:\/\/www.respirelavie.fr\/poitiers\/"},{"@type":"ListItem","position":2,"name":"Conf\u00e9rences 2018"}]},{"@type":"WebSite","@id":"http:\/\/www.respirelavie.fr\/poitiers\/#website","url":"http:\/\/www.respirelavie.fr\/poitiers\/","name":"Salon RESPIRE LA VIE Poitiers","description":"RESPIRE : votre salon bio, bien-\u00eatre et habitat sain \u00e0 Poitiers","publisher":{"@id":"http:\/\/www.respirelavie.fr\/poitiers\/#organization"},"potentialAction":[{"@type":"SearchAction","target":{"@type":"EntryPoint","urlTemplate":"http:\/\/www.respirelavie.fr\/poitiers\/?s={search_term_string}"},"query-input":{"@type":"PropertyValueSpecification","valueRequired":true,"valueName":"search_term_string"}}],"inLanguage":"fr-FR"},{"@type":"Organization","@id":"http:\/\/www.respirelavie.fr\/poitiers\/#organization","name":"Salon RESPIRE LA VIE Poitiers","url":"http:\/\/www.respirelavie.fr\/poitiers\/","logo":{"@type":"ImageObject","inLanguage":"fr-FR","@id":"http:\/\/www.respirelavie.fr\/poitiers\/#\/schema\/logo\/image\/","url":"https:\/\/www.respirelavie.fr\/poitiers\/wp-content\/uploads\/sites\/3\/2024\/03\/Logo-RESPIRE-LA-VIE-poitiers.jpg","contentUrl":"https:\/\/www.respirelavie.fr\/poitiers\/wp-content\/uploads\/sites\/3\/2024\/03\/Logo-RESPIRE-LA-VIE-poitiers.jpg","width":470,"height":262,"caption":"Salon RESPIRE LA VIE Poitiers"},"image":{"@id":"http:\/\/www.respirelavie.fr\/poitiers\/#\/schema\/logo\/image\/"}}]}},"_links":{"self":[{"href":"https:\/\/www.respirelavie.fr\/poitiers\/wp-json\/wp\/v2\/pages\/5905","targetHints":{"allow":["GET"]}}],"collection":[{"href":"https:\/\/www.respirelavie.fr\/poitiers\/wp-json\/wp\/v2\/pages"}],"about":[{"href":"https:\/\/www.respirelavie.fr\/poitiers\/wp-json\/wp\/v2\/types\/page"}],"author":[{"embeddable":true,"href":"https:\/\/www.respirelavie.fr\/poitiers\/wp-json\/wp\/v2\/users\/1"}],"replies":[{"embeddable":true,"href":"https:\/\/www.respirelavie.fr\/poitiers\/wp-json\/wp\/v2\/comments?post=5905"}],"version-history":[{"count":0,"href":"https:\/\/www.respirelavie.fr\/poitiers\/wp-json\/wp\/v2\/pages\/5905\/revisions"}],"wp:attachment":[{"href":"https:\/\/www.respirelavie.fr\/poitiers\/wp-json\/wp\/v2\/media?parent=5905"}],"curies":[{"name":"wp","href":"https:\/\/api.w.org\/{rel}","templated":true}]}}