{"id":5914,"date":"2019-05-07T12:47:54","date_gmt":"2019-05-07T10:47:54","guid":{"rendered":"https:\/\/www.respirelavie.fr\/poitiers\/?page_id=5914"},"modified":"2019-05-07T12:47:54","modified_gmt":"2019-05-07T10:47:54","slug":"bougez-zen-2018","status":"publish","type":"page","link":"https:\/\/www.respirelavie.fr\/poitiers\/bougez-zen-2018\/","title":{"rendered":"Bougez Zen 2018"},"content":{"rendered":"<p><strong><span style=\"color: #ff6600;\">Espace des CH\u00c2LONS<\/span><br \/>\n<\/strong>espace ouvert &#8211; pr\u00e9voir une tenue confortable &#8211; places limit\u00e9es<\/p>\n<h3><span style=\"font-size: 14pt;\">Vendredi 23 novembre 2018<\/span><\/h3>\n<p><strong><span style=\"color: #ff6600;\">11:00<\/span><\/strong> Atelier Tai Ji Quan \u00a0et initiation au self d\u00e9fense &#8211; <em><span style=\"color: #808080;\">Li Xing Long<br \/>\n<\/span><\/em><strong><span style=\"color: #ff6600;\">12:30<\/span><\/strong> Gymnastique Relaxation\u00a0Japonaise &#8211; <em><span style=\"color: #808080;\">Antoine Di Novi<br \/>\n<\/span><\/em><strong><span style=\"color: #ff6600;\">14:15<\/span><\/strong> Self-Shiatsu ou l&rsquo;art de l&rsquo;auto-massage japonais &#8211; <em><span style=\"color: #808080;\">Antoine Di Novi<br \/>\n<\/span><\/em><strong><span style=\"color: #ff6600;\">16:00<\/span><\/strong> Kundalini Yoga &#8211; <em><span style=\"color: #808080;\">Dyal Singh<br \/>\n<\/span><\/em><span style=\"color: #ff6600;\"><strong>17:45<\/strong><\/span> Ashtanga Yoga\u00a0\u2013 <span style=\"color: #808080;\"><em>Fadi<\/em><\/span><\/p>\n<h3><span style=\"font-size: 14pt;\">Samedi 24 novembre 2018<\/span><\/h3>\n<p><strong><span style=\"color: #ff6600;\">11:00<\/span><\/strong> Atelier Tai Ji Quan\u00a0 et initiation \u00e0 la pouss\u00e9e des mains (Tui Shou) &#8211; <em><span style=\"color: #808080;\">Li Xing Long<br \/>\n<\/span><\/em><span style=\"color: #ff6600;\"><strong>12:30 <\/strong><\/span>Yoga tantrique \u2013 <span style=\"color: #808080;\"><em>G\u00e9raldine Bonnin <\/em><\/span><strong><br \/>\n<\/strong><strong><span style=\"color: #ff6600;\">14:15<\/span><\/strong> Yoga Dynamique &#8211; <em><span style=\"color: #808080;\">Dora Aranyas<br \/>\n<\/span><\/em><strong><span style=\"color: #ff6600;\">16:00<\/span><\/strong> Qi gong &#8211; <em><span style=\"color: #808080;\">Olga Iazykoff<br \/>\n<\/span><\/em><strong><span style=\"color: #ff6600;\">17:45<\/span><\/strong> Kundalini Yoga &#8211; <em><span style=\"color: #808080;\">Dyal Singh<\/span><\/em><\/p><div id=\"respi-737429040\" class=\"respi-contenu respi-entity-placement\"><script async src=\"\/\/pagead2.googlesyndication.com\/pagead\/js\/adsbygoogle.js?client=ca-pub-7511070832818284\" crossorigin=\"anonymous\"><\/script><ins class=\"adsbygoogle\" style=\"display:block;\" data-ad-client=\"ca-pub-7511070832818284\" \ndata-ad-slot=\"4196289901\" \ndata-ad-format=\"auto\"><\/ins>\n<script> \n(adsbygoogle = window.adsbygoogle || []).push({}); \n<\/script>\n<\/div>\n<h3><span style=\"font-size: 14pt;\">Dimanche 25 novembre 2018<\/span><\/h3>\n<p><strong><span style=\"color: #ff6600;\">11:00<\/span><\/strong> Kundalini Yoga &#8211; <em><span style=\"color: #808080;\">Dyal Singh<br \/>\n<\/span><\/em><strong><span style=\"color: #ff6600;\">12:30<\/span><\/strong> Self-Shiatsu ou l&rsquo;art de l&rsquo;auto-massage japonais\u00a0&#8211; <em><span style=\"color: #808080;\">Antoine Di Novi<br \/>\n<\/span><\/em><strong><span style=\"color: #ff6600;\">14:15<\/span><\/strong> Qi gong &#8211; <em><span style=\"color: #808080;\">Olga Iazykoff<br \/>\n<\/span><\/em><strong><span style=\"color: #ff6600;\">16:00<\/span><\/strong> Atelier Tai Ji Quan\u00a0 et initiation au Bagua Zhang &#8211; <em><span style=\"color: #808080;\">Li Xing Long<br \/>\n<\/span><\/em><strong><span style=\"color: #ff6600;\">17:45<\/span><\/strong> Yoga Dynamique &#8211; <em><span style=\"color: #808080;\">Dora Aranyas<\/span><\/em><\/p>\n<p>&nbsp;<\/p>\n","protected":false},"excerpt":{"rendered":"<p>Espace des CH\u00c2LONS espace ouvert &#8211; pr\u00e9voir une tenue confortable &#8211; places limit\u00e9es Vendredi 23 novembre 2018 11:00 Atelier Tai Ji Quan \u00a0et initiation au self d\u00e9fense &#8211; Li Xing Long 12:30 Gymnastique Relaxation\u00a0Japonaise &#8211; Antoine Di Novi 14:15 Self-Shiatsu ou l&rsquo;art de l&rsquo;auto-massage japonais &#8211; Antoine Di Novi 16:00 Kundalini Yoga &#8211; Dyal Singh&hellip; <\/p>\n","protected":false},"author":1,"featured_media":0,"parent":0,"menu_order":0,"comment_status":"closed","ping_status":"closed","template":"","meta":{"_monsterinsights_skip_tracking":false,"_monsterinsights_sitenote_active":false,"_monsterinsights_sitenote_note":"","_monsterinsights_sitenote_category":0,"footnotes":""},"class_list":["post-5914","page","type-page","status-publish","hentry"],"yoast_head":"<!-- This site is optimized with the Yoast SEO plugin v27.5 - https:\/\/yoast.com\/product\/yoast-seo-wordpress\/ -->\n<title>Bougez Zen 2018 - Salon RESPIRE LA VIE Poitiers<\/title>\n<meta name=\"robots\" content=\"index, follow, max-snippet:-1, max-image-preview:large, max-video-preview:-1\" \/>\n<link rel=\"canonical\" href=\"https:\/\/www.respirelavie.fr\/poitiers\/bougez-zen-2018\/\" \/>\n<meta property=\"og:locale\" content=\"fr_FR\" \/>\n<meta property=\"og:type\" content=\"article\" \/>\n<meta property=\"og:title\" content=\"Bougez Zen 2018 - Salon RESPIRE LA VIE Poitiers\" \/>\n<meta property=\"og:description\" content=\"Espace des CH\u00c2LONS espace ouvert &#8211; pr\u00e9voir une tenue confortable &#8211; places limit\u00e9es Vendredi 23 novembre 2018 11:00 Atelier Tai Ji Quan \u00a0et initiation au self d\u00e9fense &#8211; Li Xing Long 12:30 Gymnastique Relaxation\u00a0Japonaise &#8211; Antoine Di Novi 14:15 Self-Shiatsu ou l&rsquo;art de l&rsquo;auto-massage japonais &#8211; Antoine Di Novi 16:00 Kundalini Yoga &#8211; Dyal Singh&hellip;\" \/>\n<meta property=\"og:url\" content=\"https:\/\/www.respirelavie.fr\/poitiers\/bougez-zen-2018\/\" \/>\n<meta property=\"og:site_name\" content=\"Salon RESPIRE LA VIE Poitiers\" \/>\n<meta name=\"twitter:card\" content=\"summary_large_image\" \/>\n<meta name=\"twitter:label1\" content=\"Dur\u00e9e de lecture estim\u00e9e\" \/>\n\t<meta name=\"twitter:data1\" content=\"1 minute\" \/>\n<script type=\"application\/ld+json\" class=\"yoast-schema-graph\">{\"@context\":\"https:\\\/\\\/schema.org\",\"@graph\":[{\"@type\":\"WebPage\",\"@id\":\"https:\\\/\\\/www.respirelavie.fr\\\/poitiers\\\/bougez-zen-2018\\\/\",\"url\":\"https:\\\/\\\/www.respirelavie.fr\\\/poitiers\\\/bougez-zen-2018\\\/\",\"name\":\"Bougez Zen 2018 - Salon RESPIRE LA VIE Poitiers\",\"isPartOf\":{\"@id\":\"http:\\\/\\\/www.respirelavie.fr\\\/poitiers\\\/#website\"},\"datePublished\":\"2019-05-07T10:47:54+00:00\",\"breadcrumb\":{\"@id\":\"https:\\\/\\\/www.respirelavie.fr\\\/poitiers\\\/bougez-zen-2018\\\/#breadcrumb\"},\"inLanguage\":\"fr-FR\",\"potentialAction\":[{\"@type\":\"ReadAction\",\"target\":[\"https:\\\/\\\/www.respirelavie.fr\\\/poitiers\\\/bougez-zen-2018\\\/\"]}]},{\"@type\":\"BreadcrumbList\",\"@id\":\"https:\\\/\\\/www.respirelavie.fr\\\/poitiers\\\/bougez-zen-2018\\\/#breadcrumb\",\"itemListElement\":[{\"@type\":\"ListItem\",\"position\":1,\"name\":\"Accueil\",\"item\":\"http:\\\/\\\/www.respirelavie.fr\\\/poitiers\\\/\"},{\"@type\":\"ListItem\",\"position\":2,\"name\":\"Bougez Zen 2018\"}]},{\"@type\":\"WebSite\",\"@id\":\"http:\\\/\\\/www.respirelavie.fr\\\/poitiers\\\/#website\",\"url\":\"http:\\\/\\\/www.respirelavie.fr\\\/poitiers\\\/\",\"name\":\"Salon RESPIRE LA VIE Poitiers\",\"description\":\"RESPIRE : votre salon bio, bien-\u00eatre et habitat sain \u00e0 Poitiers\",\"publisher\":{\"@id\":\"http:\\\/\\\/www.respirelavie.fr\\\/poitiers\\\/#organization\"},\"potentialAction\":[{\"@type\":\"SearchAction\",\"target\":{\"@type\":\"EntryPoint\",\"urlTemplate\":\"http:\\\/\\\/www.respirelavie.fr\\\/poitiers\\\/?s={search_term_string}\"},\"query-input\":{\"@type\":\"PropertyValueSpecification\",\"valueRequired\":true,\"valueName\":\"search_term_string\"}}],\"inLanguage\":\"fr-FR\"},{\"@type\":\"Organization\",\"@id\":\"http:\\\/\\\/www.respirelavie.fr\\\/poitiers\\\/#organization\",\"name\":\"Salon RESPIRE LA VIE Poitiers\",\"url\":\"http:\\\/\\\/www.respirelavie.fr\\\/poitiers\\\/\",\"logo\":{\"@type\":\"ImageObject\",\"inLanguage\":\"fr-FR\",\"@id\":\"http:\\\/\\\/www.respirelavie.fr\\\/poitiers\\\/#\\\/schema\\\/logo\\\/image\\\/\",\"url\":\"https:\\\/\\\/www.respirelavie.fr\\\/poitiers\\\/wp-content\\\/uploads\\\/sites\\\/3\\\/2024\\\/03\\\/Logo-RESPIRE-LA-VIE-poitiers.jpg\",\"contentUrl\":\"https:\\\/\\\/www.respirelavie.fr\\\/poitiers\\\/wp-content\\\/uploads\\\/sites\\\/3\\\/2024\\\/03\\\/Logo-RESPIRE-LA-VIE-poitiers.jpg\",\"width\":470,\"height\":262,\"caption\":\"Salon RESPIRE LA VIE Poitiers\"},\"image\":{\"@id\":\"http:\\\/\\\/www.respirelavie.fr\\\/poitiers\\\/#\\\/schema\\\/logo\\\/image\\\/\"}}]}<\/script>\n<!-- \/ Yoast SEO plugin. -->","yoast_head_json":{"title":"Bougez Zen 2018 - Salon RESPIRE LA VIE Poitiers","robots":{"index":"index","follow":"follow","max-snippet":"max-snippet:-1","max-image-preview":"max-image-preview:large","max-video-preview":"max-video-preview:-1"},"canonical":"https:\/\/www.respirelavie.fr\/poitiers\/bougez-zen-2018\/","og_locale":"fr_FR","og_type":"article","og_title":"Bougez Zen 2018 - Salon RESPIRE LA VIE Poitiers","og_description":"Espace des CH\u00c2LONS espace ouvert &#8211; pr\u00e9voir une tenue confortable &#8211; places limit\u00e9es Vendredi 23 novembre 2018 11:00 Atelier Tai Ji Quan \u00a0et initiation au self d\u00e9fense &#8211; Li Xing Long 12:30 Gymnastique Relaxation\u00a0Japonaise &#8211; Antoine Di Novi 14:15 Self-Shiatsu ou l&rsquo;art de l&rsquo;auto-massage japonais &#8211; Antoine Di Novi 16:00 Kundalini Yoga &#8211; Dyal Singh&hellip;","og_url":"https:\/\/www.respirelavie.fr\/poitiers\/bougez-zen-2018\/","og_site_name":"Salon RESPIRE LA VIE Poitiers","twitter_card":"summary_large_image","twitter_misc":{"Dur\u00e9e de lecture estim\u00e9e":"1 minute"},"schema":{"@context":"https:\/\/schema.org","@graph":[{"@type":"WebPage","@id":"https:\/\/www.respirelavie.fr\/poitiers\/bougez-zen-2018\/","url":"https:\/\/www.respirelavie.fr\/poitiers\/bougez-zen-2018\/","name":"Bougez Zen 2018 - Salon RESPIRE LA VIE Poitiers","isPartOf":{"@id":"http:\/\/www.respirelavie.fr\/poitiers\/#website"},"datePublished":"2019-05-07T10:47:54+00:00","breadcrumb":{"@id":"https:\/\/www.respirelavie.fr\/poitiers\/bougez-zen-2018\/#breadcrumb"},"inLanguage":"fr-FR","potentialAction":[{"@type":"ReadAction","target":["https:\/\/www.respirelavie.fr\/poitiers\/bougez-zen-2018\/"]}]},{"@type":"BreadcrumbList","@id":"https:\/\/www.respirelavie.fr\/poitiers\/bougez-zen-2018\/#breadcrumb","itemListElement":[{"@type":"ListItem","position":1,"name":"Accueil","item":"http:\/\/www.respirelavie.fr\/poitiers\/"},{"@type":"ListItem","position":2,"name":"Bougez Zen 2018"}]},{"@type":"WebSite","@id":"http:\/\/www.respirelavie.fr\/poitiers\/#website","url":"http:\/\/www.respirelavie.fr\/poitiers\/","name":"Salon RESPIRE LA VIE Poitiers","description":"RESPIRE : votre salon bio, bien-\u00eatre et habitat sain \u00e0 Poitiers","publisher":{"@id":"http:\/\/www.respirelavie.fr\/poitiers\/#organization"},"potentialAction":[{"@type":"SearchAction","target":{"@type":"EntryPoint","urlTemplate":"http:\/\/www.respirelavie.fr\/poitiers\/?s={search_term_string}"},"query-input":{"@type":"PropertyValueSpecification","valueRequired":true,"valueName":"search_term_string"}}],"inLanguage":"fr-FR"},{"@type":"Organization","@id":"http:\/\/www.respirelavie.fr\/poitiers\/#organization","name":"Salon RESPIRE LA VIE Poitiers","url":"http:\/\/www.respirelavie.fr\/poitiers\/","logo":{"@type":"ImageObject","inLanguage":"fr-FR","@id":"http:\/\/www.respirelavie.fr\/poitiers\/#\/schema\/logo\/image\/","url":"https:\/\/www.respirelavie.fr\/poitiers\/wp-content\/uploads\/sites\/3\/2024\/03\/Logo-RESPIRE-LA-VIE-poitiers.jpg","contentUrl":"https:\/\/www.respirelavie.fr\/poitiers\/wp-content\/uploads\/sites\/3\/2024\/03\/Logo-RESPIRE-LA-VIE-poitiers.jpg","width":470,"height":262,"caption":"Salon RESPIRE LA VIE Poitiers"},"image":{"@id":"http:\/\/www.respirelavie.fr\/poitiers\/#\/schema\/logo\/image\/"}}]}},"_links":{"self":[{"href":"https:\/\/www.respirelavie.fr\/poitiers\/wp-json\/wp\/v2\/pages\/5914","targetHints":{"allow":["GET"]}}],"collection":[{"href":"https:\/\/www.respirelavie.fr\/poitiers\/wp-json\/wp\/v2\/pages"}],"about":[{"href":"https:\/\/www.respirelavie.fr\/poitiers\/wp-json\/wp\/v2\/types\/page"}],"author":[{"embeddable":true,"href":"https:\/\/www.respirelavie.fr\/poitiers\/wp-json\/wp\/v2\/users\/1"}],"replies":[{"embeddable":true,"href":"https:\/\/www.respirelavie.fr\/poitiers\/wp-json\/wp\/v2\/comments?post=5914"}],"version-history":[{"count":0,"href":"https:\/\/www.respirelavie.fr\/poitiers\/wp-json\/wp\/v2\/pages\/5914\/revisions"}],"wp:attachment":[{"href":"https:\/\/www.respirelavie.fr\/poitiers\/wp-json\/wp\/v2\/media?parent=5914"}],"curies":[{"name":"wp","href":"https:\/\/api.w.org\/{rel}","templated":true}]}}