{"id":6068,"date":"2019-10-14T15:54:22","date_gmt":"2019-10-14T13:54:22","guid":{"rendered":"https:\/\/www.respirelavie.fr\/poitiers\/?page_id=6068"},"modified":"2022-09-09T16:55:43","modified_gmt":"2022-09-09T14:55:43","slug":"le-marche-des-producteurs","status":"publish","type":"page","link":"https:\/\/www.respirelavie.fr\/poitiers\/visiter\/le-marche-des-producteurs\/","title":{"rendered":"Le march\u00e9 des producteurs"},"content":{"rendered":"<h3><img fetchpriority=\"high\" decoding=\"async\" class=\"alignnone size-full wp-image-7424\" src=\"https:\/\/www.respirelavie.fr\/poitiers\/wp-content\/uploads\/sites\/3\/2020\/03\/AdobeStock_36493513-scaled-e1585668210964.jpeg\" alt=\"\" width=\"2560\" height=\"889\" srcset=\"https:\/\/www.respirelavie.fr\/poitiers\/wp-content\/uploads\/sites\/3\/2020\/03\/AdobeStock_36493513-scaled-e1585668210964.jpeg 2560w, https:\/\/www.respirelavie.fr\/poitiers\/wp-content\/uploads\/sites\/3\/2020\/03\/AdobeStock_36493513-scaled-e1585668210964-300x104.jpeg 300w, https:\/\/www.respirelavie.fr\/poitiers\/wp-content\/uploads\/sites\/3\/2020\/03\/AdobeStock_36493513-scaled-e1585668210964-1024x356.jpeg 1024w, https:\/\/www.respirelavie.fr\/poitiers\/wp-content\/uploads\/sites\/3\/2020\/03\/AdobeStock_36493513-scaled-e1585668210964-768x267.jpeg 768w, https:\/\/www.respirelavie.fr\/poitiers\/wp-content\/uploads\/sites\/3\/2020\/03\/AdobeStock_36493513-scaled-e1585668210964-1536x533.jpeg 1536w, https:\/\/www.respirelavie.fr\/poitiers\/wp-content\/uploads\/sites\/3\/2020\/03\/AdobeStock_36493513-scaled-e1585668210964-2048x711.jpeg 2048w, https:\/\/www.respirelavie.fr\/poitiers\/wp-content\/uploads\/sites\/3\/2020\/03\/AdobeStock_36493513-scaled-e1585668210964-150x52.jpeg 150w, https:\/\/www.respirelavie.fr\/poitiers\/wp-content\/uploads\/sites\/3\/2020\/03\/AdobeStock_36493513-scaled-e1585668210964-500x174.jpeg 500w\" sizes=\"(max-width: 2560px) 100vw, 2560px\" \/><\/h3>\n<h3><strong>Vienne Agrobio\u00a0: au service du d\u00e9veloppement de l\u2019Agriculture Biologique dans la Vienne<\/strong><\/h3>\n<p style=\"text-align: justify;\">Association compos\u00e9e de producteurs en bio et d&rsquo;acteurs du territoire qui soutiennent <img decoding=\"async\" class=\"wp-image-4150 alignleft\" src=\"https:\/\/www.respirelavie.fr\/poitiers\/wp-content\/uploads\/sites\/3\/2017\/09\/LOGO_QUADRI-VAB-86-light.jpg\" alt=\"\" width=\"143\" height=\"104\" srcset=\"https:\/\/www.respirelavie.fr\/poitiers\/wp-content\/uploads\/sites\/3\/2017\/09\/LOGO_QUADRI-VAB-86-light.jpg 448w, https:\/\/www.respirelavie.fr\/poitiers\/wp-content\/uploads\/sites\/3\/2017\/09\/LOGO_QUADRI-VAB-86-light-300x218.jpg 300w, https:\/\/www.respirelavie.fr\/poitiers\/wp-content\/uploads\/sites\/3\/2017\/09\/LOGO_QUADRI-VAB-86-light-150x109.jpg 150w\" sizes=\"(max-width: 143px) 100vw, 143px\" \/>l\u2019agriculture biologique (transformateurs, distributeurs, consommateurs, &#8230;), Vienne Agrobio repr\u00e9sente les producteurs bio de la Vienne au sein de la FRAB (F\u00e9d\u00e9ration R\u00e9gionale d&rsquo;Agriculture Biologique) et de la FNAB (F\u00e9d\u00e9ration Nationale d&rsquo;Agriculture Biologique).<\/p>\n<p>&nbsp;<\/p>\n<p style=\"text-align: justify;\">Les missions principales :<\/p><div id=\"respi-2767892790\" class=\"respi-contenu respi-entity-placement\"><script async src=\"\/\/pagead2.googlesyndication.com\/pagead\/js\/adsbygoogle.js?client=ca-pub-7511070832818284\" crossorigin=\"anonymous\"><\/script><ins class=\"adsbygoogle\" style=\"display:block;\" data-ad-client=\"ca-pub-7511070832818284\" \ndata-ad-slot=\"4196289901\" \ndata-ad-format=\"auto\"><\/ins>\n<script> \n(adsbygoogle = window.adsbygoogle || []).push({}); \n<\/script>\n<\/div>\n<ul style=\"text-align: justify;\">\n<li>Repr\u00e9senter et d\u00e9fendre les int\u00e9r\u00eats des producteurs bio.<\/li>\n<li>Accompagner les producteurs dans leur syst\u00e8me vers une plus grande durabilit\u00e9 sociale, environnementale et \u00e9conomique.<\/li>\n<li>Faciliter l\u2019installation des porteurs de projet et la transmission des fermes en bio.<\/li>\n<li>D\u00e9velopper des fili\u00e8res bio, locales et solidaires.<\/li>\n<li>Promouvoir l\u2019agriculture biologique aupr\u00e8s des agriculteurs, des \u00e9lus et du grand public.<\/li>\n<\/ul>\n<h3><strong>La Vienne\u00a0: un d\u00e9partement dynamique en AB\u00a0! <\/strong><\/h3>\n<p style=\"font-weight: 400;\">Avec plus de 43 000 ha conduits selon les principes de l\u2019Agriculture biologique au 31.12.2021, soit 8.7 % de la surface agricole, la Vienne se place en 3<sup>\u00e8me<\/sup>\u00a0d\u00e9partement bio\u00a0de la R\u00e9gion Nouvelle-Aquitaine !<\/p>\n<p style=\"font-weight: 400;\">Cela repr\u00e9sente 580 fermes biologiques\u00a0!<\/p>\n<p style=\"font-weight: 400;\">Environ un tiers de ces fermes commercialisent en direct certains de leurs produits\u00a0(viande, \u0153ufs, l\u00e9gumes, fromages, volailles etc\u2026), qui sont propos\u00e9s sur les march\u00e9s, \u00e0 la ferme, dans les magasins sp\u00e9cialis\u00e9s du d\u00e9partement, dans les AMAP (Retrouvez tous ces producteurs dans le guide bio de la Vienne\u00a0: A retrouver sur le salon au stand de Vienne Agrobio).<\/p>\n<h3><strong>ZOOM \/ march\u00e9 des producteurs<\/strong><\/h3>\n<p style=\"text-align: justify;\">Le march\u00e9 alimentaire local accueille <strong>des producteurs<\/strong> qui pr\u00e9sentent une large gamme de produits <strong><u>certifi\u00e9s en agriculture biologique<\/u> <\/strong>: plants d\u2019aromatiques m\u00e9dicinales et plants de petits fruits ; fromages de ch\u00e8vre ; l\u00e9gumes ; tisanes ; cosm\u00e9tiques ; farines ; l\u00e9gumes secs ; vins ; soupes ; confitures ; spiruline&#8230;<br \/>\nDe quoi ravir les papilles gustatives des visiteurs !<\/p>\n<ul>\n<li><strong>AUTOUR DES PLANTES :<\/strong> plantes aromatiques, tisanes et cosm\u00e9tiques<\/li>\n<li><strong>BOURGIN DENIS :<\/strong> ch\u00e2taignes fraiches, cr\u00e8me de marrons, pur\u00e9e de ch\u00e2taignes, confiture et g\u00e2teaux de ch\u00e2taignes<\/li>\n<li><strong>BRASSERIE DU VAL DE SEVRE :<\/strong> bi\u00e8res artisanales 33 et 75cl, savons artisanaux \u00e0 la bi\u00e8re, coffrets cadeaux et verres serigraphi\u00e9s<\/li>\n<li><strong>COGNAC ALAIN CHADUTAUD : <\/strong>cognac, pineau des Charentes, vins, m\u00e9thode traditionnelle, jus de raisin plat et gaz\u00e9ifi\u00e9<\/li>\n<li><strong>FERME DE LA QUINATI\u00c8RE :<\/strong> tisanes simples et compos\u00e9es. Aromates et m\u00e9langes aromatiques<\/li>\n<li><strong>FERME DU RIVEAU :<\/strong> soupes, confitures, miels et oeufs<\/li>\n<li><strong>GRAINE DE VIE :<\/strong> kefir et kombucha<\/li>\n<li><strong>LA GRANDE DES DELICES :<\/strong> miels, gel\u00e9e royale, miel \u00e0 la propolis, miel \u00e0 la gel\u00e9e royale, extrait de propolis, cire, bougie et pollen<\/li>\n<li><strong>LAURENT NAUDIN :<\/strong> p\u00e2tes et farines<\/li>\n<li><strong>LES VERGERS DE SAVOIE :\u00a0<\/strong>pommes et poires, jus de pommes, p\u00e9tillants de pommes, compotes de pommes<\/li>\n<li><strong>PASQUINET MARIE-FRANCE :<\/strong> fruits (pommes, poires)<\/li>\n<li><strong>SPIRULINE 2 SEVRES :<\/strong> spiruline en paillettes, poudre, comprim\u00e9s. P\u00e2tes, savon, caramel, chocolat et nougat \u00e0 la spiruline<\/li>\n<li><strong>VIENNE AGROBIO :<\/strong> promotion de la bio. Retrouvez notre guide des producteurs en vente directe<\/li>\n<li><strong>VIENNE NATURE :<\/strong> association environnementale<\/li>\n<\/ul>\n<hr \/>\n<p><span style=\"font-size: 10pt;\"><a href=\"https:\/\/www.respirelavie.fr\/poitiers\/marche-des-producteurs-2019\/\" target=\"_blank\" rel=\"noopener noreferrer\"><em>Consultez la liste des producteurs pr\u00e9sents sur le salon en 2019<\/em><\/a><\/span><\/p>\n<p>&nbsp;<\/p>\n<p><strong>Vienne Agrobio<\/strong><br \/>\n05 49 44 75 53<br \/>\n<a href=\"mailto:vienneagrobio@orange.fr\">vienneagrobio@orange.fr<\/a><\/p>\n","protected":false},"excerpt":{"rendered":"<p>Vienne Agrobio\u00a0: au service du d\u00e9veloppement de l\u2019Agriculture Biologique dans la Vienne Association compos\u00e9e de producteurs en bio et d&rsquo;acteurs du territoire qui soutiennent l\u2019agriculture biologique (transformateurs, distributeurs, consommateurs, &#8230;), Vienne Agrobio repr\u00e9sente les producteurs bio de la Vienne au sein de la FRAB (F\u00e9d\u00e9ration R\u00e9gionale d&rsquo;Agriculture Biologique) et de la FNAB (F\u00e9d\u00e9ration Nationale d&rsquo;Agriculture&hellip; <\/p>\n","protected":false},"author":1,"featured_media":0,"parent":3843,"menu_order":3,"comment_status":"closed","ping_status":"closed","template":"","meta":{"_monsterinsights_skip_tracking":false,"_monsterinsights_sitenote_active":false,"_monsterinsights_sitenote_note":"","_monsterinsights_sitenote_category":0,"footnotes":""},"class_list":["post-6068","page","type-page","status-publish","hentry"],"yoast_head":"<!-- This site is optimized with the Yoast SEO plugin v27.3 - https:\/\/yoast.com\/product\/yoast-seo-wordpress\/ -->\n<title>Le march\u00e9 des producteurs - Salon RESPIRE LA VIE Poitiers<\/title>\n<meta name=\"robots\" content=\"index, follow, max-snippet:-1, max-image-preview:large, max-video-preview:-1\" \/>\n<link rel=\"canonical\" href=\"http:\/\/www.respirelavie.fr\/poitiers\/visiter\/le-marche-des-producteurs\/\" \/>\n<meta property=\"og:locale\" content=\"fr_FR\" \/>\n<meta property=\"og:type\" content=\"article\" \/>\n<meta property=\"og:title\" content=\"Le march\u00e9 des producteurs - Salon RESPIRE LA VIE Poitiers\" \/>\n<meta property=\"og:description\" content=\"Vienne Agrobio\u00a0: au service du d\u00e9veloppement de l\u2019Agriculture Biologique dans la Vienne Association compos\u00e9e de producteurs en bio et d&rsquo;acteurs du territoire qui soutiennent l\u2019agriculture biologique (transformateurs, distributeurs, consommateurs, &#8230;), Vienne Agrobio repr\u00e9sente les producteurs bio de la Vienne au sein de la FRAB (F\u00e9d\u00e9ration R\u00e9gionale d&rsquo;Agriculture Biologique) et de la FNAB (F\u00e9d\u00e9ration Nationale d&rsquo;Agriculture&hellip;\" \/>\n<meta property=\"og:url\" content=\"http:\/\/www.respirelavie.fr\/poitiers\/visiter\/le-marche-des-producteurs\/\" \/>\n<meta property=\"og:site_name\" content=\"Salon RESPIRE LA VIE Poitiers\" \/>\n<meta property=\"article:modified_time\" content=\"2022-09-09T14:55:43+00:00\" \/>\n<meta property=\"og:image\" content=\"https:\/\/www.respirelavie.fr\/poitiers\/wp-content\/uploads\/sites\/3\/2020\/03\/AdobeStock_36493513-scaled-e1585668210964.jpeg\" \/>\n<meta name=\"twitter:card\" content=\"summary_large_image\" \/>\n<meta name=\"twitter:label1\" content=\"Dur\u00e9e de lecture estim\u00e9e\" \/>\n\t<meta name=\"twitter:data1\" content=\"3 minutes\" \/>\n<script type=\"application\/ld+json\" class=\"yoast-schema-graph\">{\"@context\":\"https:\\\/\\\/schema.org\",\"@graph\":[{\"@type\":\"WebPage\",\"@id\":\"http:\\\/\\\/www.respirelavie.fr\\\/poitiers\\\/visiter\\\/le-marche-des-producteurs\\\/\",\"url\":\"http:\\\/\\\/www.respirelavie.fr\\\/poitiers\\\/visiter\\\/le-marche-des-producteurs\\\/\",\"name\":\"Le march\u00e9 des producteurs - Salon RESPIRE LA VIE Poitiers\",\"isPartOf\":{\"@id\":\"http:\\\/\\\/www.respirelavie.fr\\\/poitiers\\\/#website\"},\"primaryImageOfPage\":{\"@id\":\"http:\\\/\\\/www.respirelavie.fr\\\/poitiers\\\/visiter\\\/le-marche-des-producteurs\\\/#primaryimage\"},\"image\":{\"@id\":\"http:\\\/\\\/www.respirelavie.fr\\\/poitiers\\\/visiter\\\/le-marche-des-producteurs\\\/#primaryimage\"},\"thumbnailUrl\":\"https:\\\/\\\/www.respirelavie.fr\\\/poitiers\\\/wp-content\\\/uploads\\\/sites\\\/3\\\/2020\\\/03\\\/AdobeStock_36493513-scaled-e1585668210964.jpeg\",\"datePublished\":\"2019-10-14T13:54:22+00:00\",\"dateModified\":\"2022-09-09T14:55:43+00:00\",\"breadcrumb\":{\"@id\":\"http:\\\/\\\/www.respirelavie.fr\\\/poitiers\\\/visiter\\\/le-marche-des-producteurs\\\/#breadcrumb\"},\"inLanguage\":\"fr-FR\",\"potentialAction\":[{\"@type\":\"ReadAction\",\"target\":[\"http:\\\/\\\/www.respirelavie.fr\\\/poitiers\\\/visiter\\\/le-marche-des-producteurs\\\/\"]}]},{\"@type\":\"ImageObject\",\"inLanguage\":\"fr-FR\",\"@id\":\"http:\\\/\\\/www.respirelavie.fr\\\/poitiers\\\/visiter\\\/le-marche-des-producteurs\\\/#primaryimage\",\"url\":\"https:\\\/\\\/www.respirelavie.fr\\\/poitiers\\\/wp-content\\\/uploads\\\/sites\\\/3\\\/2020\\\/03\\\/AdobeStock_36493513-scaled-e1585668210964.jpeg\",\"contentUrl\":\"https:\\\/\\\/www.respirelavie.fr\\\/poitiers\\\/wp-content\\\/uploads\\\/sites\\\/3\\\/2020\\\/03\\\/AdobeStock_36493513-scaled-e1585668210964.jpeg\",\"width\":2560,\"height\":889},{\"@type\":\"BreadcrumbList\",\"@id\":\"http:\\\/\\\/www.respirelavie.fr\\\/poitiers\\\/visiter\\\/le-marche-des-producteurs\\\/#breadcrumb\",\"itemListElement\":[{\"@type\":\"ListItem\",\"position\":1,\"name\":\"Accueil\",\"item\":\"http:\\\/\\\/www.respirelavie.fr\\\/poitiers\\\/\"},{\"@type\":\"ListItem\",\"position\":2,\"name\":\"Visiter le salon Respire \u00e0 Poitiers\",\"item\":\"https:\\\/\\\/www.respirelavie.fr\\\/poitiers\\\/visiter\\\/\"},{\"@type\":\"ListItem\",\"position\":3,\"name\":\"Le march\u00e9 des producteurs\"}]},{\"@type\":\"WebSite\",\"@id\":\"http:\\\/\\\/www.respirelavie.fr\\\/poitiers\\\/#website\",\"url\":\"http:\\\/\\\/www.respirelavie.fr\\\/poitiers\\\/\",\"name\":\"Salon RESPIRE LA VIE Poitiers\",\"description\":\"RESPIRE : votre salon bio, bien-\u00eatre et habitat sain \u00e0 Poitiers\",\"publisher\":{\"@id\":\"http:\\\/\\\/www.respirelavie.fr\\\/poitiers\\\/#organization\"},\"potentialAction\":[{\"@type\":\"SearchAction\",\"target\":{\"@type\":\"EntryPoint\",\"urlTemplate\":\"http:\\\/\\\/www.respirelavie.fr\\\/poitiers\\\/?s={search_term_string}\"},\"query-input\":{\"@type\":\"PropertyValueSpecification\",\"valueRequired\":true,\"valueName\":\"search_term_string\"}}],\"inLanguage\":\"fr-FR\"},{\"@type\":\"Organization\",\"@id\":\"http:\\\/\\\/www.respirelavie.fr\\\/poitiers\\\/#organization\",\"name\":\"Salon RESPIRE LA VIE Poitiers\",\"url\":\"http:\\\/\\\/www.respirelavie.fr\\\/poitiers\\\/\",\"logo\":{\"@type\":\"ImageObject\",\"inLanguage\":\"fr-FR\",\"@id\":\"http:\\\/\\\/www.respirelavie.fr\\\/poitiers\\\/#\\\/schema\\\/logo\\\/image\\\/\",\"url\":\"https:\\\/\\\/www.respirelavie.fr\\\/poitiers\\\/wp-content\\\/uploads\\\/sites\\\/3\\\/2024\\\/03\\\/Logo-RESPIRE-LA-VIE-poitiers.jpg\",\"contentUrl\":\"https:\\\/\\\/www.respirelavie.fr\\\/poitiers\\\/wp-content\\\/uploads\\\/sites\\\/3\\\/2024\\\/03\\\/Logo-RESPIRE-LA-VIE-poitiers.jpg\",\"width\":470,\"height\":262,\"caption\":\"Salon RESPIRE LA VIE Poitiers\"},\"image\":{\"@id\":\"http:\\\/\\\/www.respirelavie.fr\\\/poitiers\\\/#\\\/schema\\\/logo\\\/image\\\/\"}}]}<\/script>\n<!-- \/ Yoast SEO plugin. -->","yoast_head_json":{"title":"Le march\u00e9 des producteurs - Salon RESPIRE LA VIE Poitiers","robots":{"index":"index","follow":"follow","max-snippet":"max-snippet:-1","max-image-preview":"max-image-preview:large","max-video-preview":"max-video-preview:-1"},"canonical":"http:\/\/www.respirelavie.fr\/poitiers\/visiter\/le-marche-des-producteurs\/","og_locale":"fr_FR","og_type":"article","og_title":"Le march\u00e9 des producteurs - Salon RESPIRE LA VIE Poitiers","og_description":"Vienne Agrobio\u00a0: au service du d\u00e9veloppement de l\u2019Agriculture Biologique dans la Vienne Association compos\u00e9e de producteurs en bio et d&rsquo;acteurs du territoire qui soutiennent l\u2019agriculture biologique (transformateurs, distributeurs, consommateurs, &#8230;), Vienne Agrobio repr\u00e9sente les producteurs bio de la Vienne au sein de la FRAB (F\u00e9d\u00e9ration R\u00e9gionale d&rsquo;Agriculture Biologique) et de la FNAB (F\u00e9d\u00e9ration Nationale d&rsquo;Agriculture&hellip;","og_url":"http:\/\/www.respirelavie.fr\/poitiers\/visiter\/le-marche-des-producteurs\/","og_site_name":"Salon RESPIRE LA VIE Poitiers","article_modified_time":"2022-09-09T14:55:43+00:00","og_image":[{"url":"https:\/\/www.respirelavie.fr\/poitiers\/wp-content\/uploads\/sites\/3\/2020\/03\/AdobeStock_36493513-scaled-e1585668210964.jpeg","type":"","width":"","height":""}],"twitter_card":"summary_large_image","twitter_misc":{"Dur\u00e9e de lecture estim\u00e9e":"3 minutes"},"schema":{"@context":"https:\/\/schema.org","@graph":[{"@type":"WebPage","@id":"http:\/\/www.respirelavie.fr\/poitiers\/visiter\/le-marche-des-producteurs\/","url":"http:\/\/www.respirelavie.fr\/poitiers\/visiter\/le-marche-des-producteurs\/","name":"Le march\u00e9 des producteurs - Salon RESPIRE LA VIE Poitiers","isPartOf":{"@id":"http:\/\/www.respirelavie.fr\/poitiers\/#website"},"primaryImageOfPage":{"@id":"http:\/\/www.respirelavie.fr\/poitiers\/visiter\/le-marche-des-producteurs\/#primaryimage"},"image":{"@id":"http:\/\/www.respirelavie.fr\/poitiers\/visiter\/le-marche-des-producteurs\/#primaryimage"},"thumbnailUrl":"https:\/\/www.respirelavie.fr\/poitiers\/wp-content\/uploads\/sites\/3\/2020\/03\/AdobeStock_36493513-scaled-e1585668210964.jpeg","datePublished":"2019-10-14T13:54:22+00:00","dateModified":"2022-09-09T14:55:43+00:00","breadcrumb":{"@id":"http:\/\/www.respirelavie.fr\/poitiers\/visiter\/le-marche-des-producteurs\/#breadcrumb"},"inLanguage":"fr-FR","potentialAction":[{"@type":"ReadAction","target":["http:\/\/www.respirelavie.fr\/poitiers\/visiter\/le-marche-des-producteurs\/"]}]},{"@type":"ImageObject","inLanguage":"fr-FR","@id":"http:\/\/www.respirelavie.fr\/poitiers\/visiter\/le-marche-des-producteurs\/#primaryimage","url":"https:\/\/www.respirelavie.fr\/poitiers\/wp-content\/uploads\/sites\/3\/2020\/03\/AdobeStock_36493513-scaled-e1585668210964.jpeg","contentUrl":"https:\/\/www.respirelavie.fr\/poitiers\/wp-content\/uploads\/sites\/3\/2020\/03\/AdobeStock_36493513-scaled-e1585668210964.jpeg","width":2560,"height":889},{"@type":"BreadcrumbList","@id":"http:\/\/www.respirelavie.fr\/poitiers\/visiter\/le-marche-des-producteurs\/#breadcrumb","itemListElement":[{"@type":"ListItem","position":1,"name":"Accueil","item":"http:\/\/www.respirelavie.fr\/poitiers\/"},{"@type":"ListItem","position":2,"name":"Visiter le salon Respire \u00e0 Poitiers","item":"https:\/\/www.respirelavie.fr\/poitiers\/visiter\/"},{"@type":"ListItem","position":3,"name":"Le march\u00e9 des producteurs"}]},{"@type":"WebSite","@id":"http:\/\/www.respirelavie.fr\/poitiers\/#website","url":"http:\/\/www.respirelavie.fr\/poitiers\/","name":"Salon RESPIRE LA VIE Poitiers","description":"RESPIRE : votre salon bio, bien-\u00eatre et habitat sain \u00e0 Poitiers","publisher":{"@id":"http:\/\/www.respirelavie.fr\/poitiers\/#organization"},"potentialAction":[{"@type":"SearchAction","target":{"@type":"EntryPoint","urlTemplate":"http:\/\/www.respirelavie.fr\/poitiers\/?s={search_term_string}"},"query-input":{"@type":"PropertyValueSpecification","valueRequired":true,"valueName":"search_term_string"}}],"inLanguage":"fr-FR"},{"@type":"Organization","@id":"http:\/\/www.respirelavie.fr\/poitiers\/#organization","name":"Salon RESPIRE LA VIE Poitiers","url":"http:\/\/www.respirelavie.fr\/poitiers\/","logo":{"@type":"ImageObject","inLanguage":"fr-FR","@id":"http:\/\/www.respirelavie.fr\/poitiers\/#\/schema\/logo\/image\/","url":"https:\/\/www.respirelavie.fr\/poitiers\/wp-content\/uploads\/sites\/3\/2024\/03\/Logo-RESPIRE-LA-VIE-poitiers.jpg","contentUrl":"https:\/\/www.respirelavie.fr\/poitiers\/wp-content\/uploads\/sites\/3\/2024\/03\/Logo-RESPIRE-LA-VIE-poitiers.jpg","width":470,"height":262,"caption":"Salon RESPIRE LA VIE Poitiers"},"image":{"@id":"http:\/\/www.respirelavie.fr\/poitiers\/#\/schema\/logo\/image\/"}}]}},"_links":{"self":[{"href":"https:\/\/www.respirelavie.fr\/poitiers\/wp-json\/wp\/v2\/pages\/6068","targetHints":{"allow":["GET"]}}],"collection":[{"href":"https:\/\/www.respirelavie.fr\/poitiers\/wp-json\/wp\/v2\/pages"}],"about":[{"href":"https:\/\/www.respirelavie.fr\/poitiers\/wp-json\/wp\/v2\/types\/page"}],"author":[{"embeddable":true,"href":"https:\/\/www.respirelavie.fr\/poitiers\/wp-json\/wp\/v2\/users\/1"}],"replies":[{"embeddable":true,"href":"https:\/\/www.respirelavie.fr\/poitiers\/wp-json\/wp\/v2\/comments?post=6068"}],"version-history":[{"count":0,"href":"https:\/\/www.respirelavie.fr\/poitiers\/wp-json\/wp\/v2\/pages\/6068\/revisions"}],"up":[{"embeddable":true,"href":"https:\/\/www.respirelavie.fr\/poitiers\/wp-json\/wp\/v2\/pages\/3843"}],"wp:attachment":[{"href":"https:\/\/www.respirelavie.fr\/poitiers\/wp-json\/wp\/v2\/media?parent=6068"}],"curies":[{"name":"wp","href":"https:\/\/api.w.org\/{rel}","templated":true}]}}