{"id":7278,"date":"2020-03-18T17:06:15","date_gmt":"2020-03-18T16:06:15","guid":{"rendered":"https:\/\/www.respirelavie.fr\/poitiers\/?page_id=7278"},"modified":"2020-03-18T17:06:15","modified_gmt":"2020-03-18T16:06:15","slug":"conferences-experts-2019","status":"publish","type":"page","link":"https:\/\/www.respirelavie.fr\/poitiers\/conferences-experts-2019\/","title":{"rendered":"Conf\u00e9rences experts 2019"},"content":{"rendered":"<h2><strong><u>VENDREDI 22 NOVEMBRE 2019 : SANT\u00c9<\/u><\/strong><\/h2>\n<h3><strong>12h00 Les plantes m\u00e9dicinales selon les travaux du Pr Yvette Par\u00e8s. Dr B\u00e9atrice Milbert<\/strong><\/h3>\n<p>C\u2019est apr\u00e8s trente ann\u00e9es d\u2019exp\u00e9rience m\u00e9dicale au S\u00e9n\u00e9gal que le Pr Yvette Par\u00e8s, biologiste, m\u00e9decin et pionni\u00e8re du soin par les plantes, d\u00e9cide lors de son retour en Europe en 1996, de transmettre ses formules\u00a0: d\u00e9coctions, infusions, mac\u00e9rations, eaux miraculeuses, huiles m\u00e9dicamenteuses, vinaigres m\u00e9dicinaux, alcoolatures\u2026 de vrais tr\u00e9sors pour soigner les maux de tous les jours ainsi que des maladies plus graves. Le Dr B\u00e9atrice Milbert, m\u00e9decin chercheur sp\u00e9cialiste en pathologies infectieuses et m\u00e9decine tropicale nous d\u00e9voile ces secrets.<\/p>\n<p><em><img decoding=\"async\" class=\"wp-image-5950 alignleft\" src=\"https:\/\/www.respirelavie.fr\/poitiers\/wp-content\/uploads\/sites\/3\/2019\/09\/Dr-B\u00e9atrice-Milbert-min.jpg\" alt=\"\" width=\"113\" height=\"157\" srcset=\"https:\/\/www.respirelavie.fr\/poitiers\/wp-content\/uploads\/sites\/3\/2019\/09\/Dr-B\u00e9atrice-Milbert-min.jpg 2612w, https:\/\/www.respirelavie.fr\/poitiers\/wp-content\/uploads\/sites\/3\/2019\/09\/Dr-B\u00e9atrice-Milbert-min-216x300.jpg 216w, https:\/\/www.respirelavie.fr\/poitiers\/wp-content\/uploads\/sites\/3\/2019\/09\/Dr-B\u00e9atrice-Milbert-min-768x1066.jpg 768w, https:\/\/www.respirelavie.fr\/poitiers\/wp-content\/uploads\/sites\/3\/2019\/09\/Dr-B\u00e9atrice-Milbert-min-737x1024.jpg 737w, https:\/\/www.respirelavie.fr\/poitiers\/wp-content\/uploads\/sites\/3\/2019\/09\/Dr-B\u00e9atrice-Milbert-min-500x694.jpg 500w, https:\/\/www.respirelavie.fr\/poitiers\/wp-content\/uploads\/sites\/3\/2019\/09\/Dr-B\u00e9atrice-Milbert-min-150x208.jpg 150w, https:\/\/www.respirelavie.fr\/poitiers\/wp-content\/uploads\/sites\/3\/2019\/09\/Dr-B\u00e9atrice-Milbert-min-360x500.jpg 360w\" sizes=\"(max-width: 113px) 100vw, 113px\" \/><br \/>\nM\u00e9decin sp\u00e9cialis\u00e9e en acupuncture, en hom\u00e9opathie et en phytoth\u00e9rapie, le <strong>Dr B\u00e9atrice Milbert<\/strong>est sp\u00e9cialiste de la maladie de Lyme et vice-pr\u00e9sidente de Chronimed, association regroupant des m\u00e9decins faisant de la recherche autour des maladies d\u00e9g\u00e9n\u00e9ratives, des infections froides et de la nutrition, parrain\u00e9e par le Pr Luc Montagnier. Elle est l\u2019auteure de \u00ab\u00a0Tr\u00e9sor des plantes m\u00e9dicinales\u00a0\u00bb aux \u00c9ditions du Dauphin.<\/em><\/p>\n<p>&nbsp;<\/p><div id=\"respi-2167503446\" class=\"respi-contenu respi-entity-placement\"><script async src=\"\/\/pagead2.googlesyndication.com\/pagead\/js\/adsbygoogle.js?client=ca-pub-7511070832818284\" crossorigin=\"anonymous\"><\/script><ins class=\"adsbygoogle\" style=\"display:block;\" data-ad-client=\"ca-pub-7511070832818284\" \ndata-ad-slot=\"4196289901\" \ndata-ad-format=\"auto\"><\/ins>\n<script> \n(adsbygoogle = window.adsbygoogle || []).push({}); \n<\/script>\n<\/div>\n<h3><\/h3>\n<h3><strong>16h30 Se soigner sans antibiotiques, c\u2019est possible\u00a0! Florence Raynaud<\/strong><\/h3>\n<p>Savez-vous que l\u2019on peut gu\u00e9rir la plupart de nos maux avec des rem\u00e8des naturels ? Les antibiotiques ne sont pas forc\u00e9ment indispensables et, sans compter le ph\u00e9nom\u00e8ne d\u2019antibior\u00e9sistance qui est un probl\u00e8me majeur en termes de sant\u00e9 humaine et animale, les antibiotiques chimiques peuvent provoquer allergies et autres effets n\u00e9gatifs. Pourtant, il existe des solutions contre les maux quotidiens des syst\u00e8mes digestif, respiratoire, urinaire ou encore ceux des yeux ou de la peau. Florence Raynaud\u00a0nous pr\u00e9cisera dans quels cas on doit privil\u00e9gier les rem\u00e8des naturels ou les antibiotiques.<\/p>\n<p><em><img decoding=\"async\" class=\" wp-image-5953 alignleft\" src=\"https:\/\/www.respirelavie.fr\/poitiers\/wp-content\/uploads\/sites\/3\/2019\/09\/Florence-Raynaud-min.jpg\" alt=\"\" width=\"104\" height=\"157\" srcset=\"https:\/\/www.respirelavie.fr\/poitiers\/wp-content\/uploads\/sites\/3\/2019\/09\/Florence-Raynaud-min.jpg 283w, https:\/\/www.respirelavie.fr\/poitiers\/wp-content\/uploads\/sites\/3\/2019\/09\/Florence-Raynaud-min-200x300.jpg 200w, https:\/\/www.respirelavie.fr\/poitiers\/wp-content\/uploads\/sites\/3\/2019\/09\/Florence-Raynaud-min-150x225.jpg 150w\" sizes=\"(max-width: 104px) 100vw, 104px\" \/><br \/>\nAnciennement pharmacienne et biologiste, depuis 2015 naturopathe, <strong>Florence Raynaud<\/strong>\u00a0offre ses conseils et ses 35 ann\u00e9es d\u2019exp\u00e9rience professionnelle en m\u00e9decines naturelles sur son site www.pharmacien-naturopathe.fr, et intervient aupr\u00e8s des m\u00e9dias presse et radio en tant qu\u2019expert. Elle est l\u2019auteure de \u00ab Se soigner sans antibiotiques c\u2019est possible ! \u00bb aux Editions du Dauphin.<\/em><\/p>\n<p><strong>\u00a0<\/strong><\/p>\n<h2><\/h2>\n<p>&nbsp;<\/p>\n<h2><strong><u>SAMEDI 23 NOVEMBRE 2019 : D\u00c9VELOPPEMENT PERSONNEL<\/u><\/strong><\/h2>\n<h3><strong>12h00\u00a0Lib\u00e9rer son potentiel avec les constellations familiales et syst\u00e9miques. Muriel Gay <\/strong><\/h3>\n<p>D\u2019o\u00f9 viennent les constellations familiales\u00a0? Comment les mettre en place\u00a0? Nombre de nos comportements sont li\u00e9s \u00e0 des deuils, des ruptures et des exclusions survenus dans nos deux lign\u00e9es. Il y a un lien entre une m\u00e9moire familiale non dig\u00e9r\u00e9e et le descendant qui en est porteur. Nous avons tous besoin d\u2019int\u00e9grer nos racines pour prendre notre place et d\u00e9plier nos ailes. Le monde actuel en a tant besoin.<\/p>\n<p><strong><em><img decoding=\"async\" class=\"wp-image-5960 alignleft\" src=\"https:\/\/www.respirelavie.fr\/poitiers\/wp-content\/uploads\/sites\/3\/2019\/09\/Muriel-Gay-min.jpg\" alt=\"\" width=\"115\" height=\"159\" srcset=\"https:\/\/www.respirelavie.fr\/poitiers\/wp-content\/uploads\/sites\/3\/2019\/09\/Muriel-Gay-min.jpg 1535w, https:\/\/www.respirelavie.fr\/poitiers\/wp-content\/uploads\/sites\/3\/2019\/09\/Muriel-Gay-min-217x300.jpg 217w, https:\/\/www.respirelavie.fr\/poitiers\/wp-content\/uploads\/sites\/3\/2019\/09\/Muriel-Gay-min-768x1064.jpg 768w, https:\/\/www.respirelavie.fr\/poitiers\/wp-content\/uploads\/sites\/3\/2019\/09\/Muriel-Gay-min-739x1024.jpg 739w, https:\/\/www.respirelavie.fr\/poitiers\/wp-content\/uploads\/sites\/3\/2019\/09\/Muriel-Gay-min-500x693.jpg 500w, https:\/\/www.respirelavie.fr\/poitiers\/wp-content\/uploads\/sites\/3\/2019\/09\/Muriel-Gay-min-150x208.jpg 150w, https:\/\/www.respirelavie.fr\/poitiers\/wp-content\/uploads\/sites\/3\/2019\/09\/Muriel-Gay-min-361x500.jpg 361w\" sizes=\"(max-width: 115px) 100vw, 115px\" \/><br \/>\nMuriel Gay\u00a0<\/em><\/strong><em>est sophro-analyste, conf\u00e9renci\u00e8re, elle propose des ateliers et consultations pour reprendre confiance en soi. Elle est sp\u00e9cialis\u00e9e en constellations familiales et form\u00e9e aux mandalas th\u00e9rapeutiques. <strong>www.famille-cle.com<\/strong><\/em><\/p>\n<p>&nbsp;<\/p>\n<p>&nbsp;<\/p>\n<p>&nbsp;<\/p>\n<h3><strong>16h30 L\u2019intuition, et si on l\u2019\u00e9coutait vraiment\u00a0? Lydie Castells<\/strong><\/h3>\n<p>Tout le monde a de l\u2019intuition\u00a0! Mais certaines personnes vont l\u2019\u00e9couter et d\u2019autres peu ou jamais. Lydie Castells nous invite \u00e0 faire, en premi\u00e8re \u00e9tape, un diagnostic\u00a0: connaitre son Quotient d\u2019Ecoute de l\u2019intuition actuel (car il \u00e9volue\u00a0!), le QEI, en allant, avant la conf\u00e9rence, sur\u00a0www.qei.fr\u00a0\u00a0(c\u2019est gratuit).\u00a0 Puis, elle nous proposera de comprendre comment d\u00e9bloquer nos r\u00e9sistances pour pouvoir l\u2019\u00e9couter et \u00eatre, de ce fait, en phase avec notre vraie nature.<\/p>\n<p><strong><i><img loading=\"lazy\" decoding=\"async\" class=\" wp-image-5957 alignleft\" src=\"https:\/\/www.respirelavie.fr\/poitiers\/wp-content\/uploads\/sites\/3\/2019\/09\/Lydie-Castells-min.jpg\" alt=\"\" width=\"112\" height=\"168\" srcset=\"https:\/\/www.respirelavie.fr\/poitiers\/wp-content\/uploads\/sites\/3\/2019\/09\/Lydie-Castells-min.jpg 2832w, https:\/\/www.respirelavie.fr\/poitiers\/wp-content\/uploads\/sites\/3\/2019\/09\/Lydie-Castells-min-200x300.jpg 200w, https:\/\/www.respirelavie.fr\/poitiers\/wp-content\/uploads\/sites\/3\/2019\/09\/Lydie-Castells-min-768x1154.jpg 768w, https:\/\/www.respirelavie.fr\/poitiers\/wp-content\/uploads\/sites\/3\/2019\/09\/Lydie-Castells-min-681x1024.jpg 681w, https:\/\/www.respirelavie.fr\/poitiers\/wp-content\/uploads\/sites\/3\/2019\/09\/Lydie-Castells-min-500x751.jpg 500w, https:\/\/www.respirelavie.fr\/poitiers\/wp-content\/uploads\/sites\/3\/2019\/09\/Lydie-Castells-min-150x225.jpg 150w, https:\/\/www.respirelavie.fr\/poitiers\/wp-content\/uploads\/sites\/3\/2019\/09\/Lydie-Castells-min-333x500.jpg 333w\" sizes=\"(max-width: 112px) 100vw, 112px\" \/>Lydie\u00a0Castells\u00a0<\/i><\/strong><em>a \u00e9t\u00e9 20 ans chef d&rsquo;entreprise. En parall\u00e8le, elle s\u2019est form\u00e9e \u00e0 la num\u00e9rologie avec le privil\u00e8ge d&rsquo;avoir \u00e9t\u00e9 la derni\u00e8re \u00e9l\u00e8ve du grand num\u00e9rologue Bernard Cr\u00e9quy qui lui a livr\u00e9 la richesse de ses multiples travaux. Elle pratique aujourd\u2019hui la num\u00e9rologie \u00e0 plein temps, donne des cours et des conf\u00e9rences\u00a0et a cr\u00e9\u00e9 l\u2019arbre de vie en num\u00e9rologie\u00a0qui permet, avec 7 cl\u00e9s de compr\u00e9hension de soi-m\u00eame, d\u2019\u00eatre en phase avec sa vraie nature et de comprendre comment se recentrer gr\u00e2ce au triangle fondamental. Les \u00e9ditions Eyrolles ont publi\u00e9 le fruit de ses travaux\u00a0: \u00ab\u00a0Num\u00e9rologie\u00a0\u00bb (2017) et \u00ab\u00a0Intuition, et si on l\u2019\u00e9coutait vraiment\u00a0? (2018).<\/em><\/p>\n<p><strong>\u00a0<\/strong><\/p>\n<p><strong>\u00a0<\/strong><\/p>\n<h2><strong><u>DIMANCHE 24 NOVEMBRE 2019 : ALIMENTATION<\/u><\/strong><\/h2>\n<h3><strong>12h00 Mindfulness Eating\u00a0: comment r\u00e9guler son poids autrement. Sandrine Gabet-Pujol<\/strong><\/h3>\n<p>Vous en avez assez des restrictions qui aboutissent le plus souvent \u00e0 des craquages et des kilos suppl\u00e9mentaires\u00a0? Manger est devenu aujourd\u2019hui pour beaucoup une v\u00e9ritable difficult\u00e9. Nous consacrons un temps incroyable \u00e0 penser \u00e0 notre alimentation en essayant de la rationaliser avec nos croyances et les connaissances scientifiques du moment, mais nous n\u2019\u00e9coutons plus notre corps et nos \u00e9motions, nous n\u2019entendons plus les signaux que nous envoient l\u2019organisme\u00a0-faim et sati\u00e9t\u00e9- ce qui ouvre la porte \u00e0 tous les exc\u00e8s. Le Mindful Eating permet d\u2019identifier nos envies de manger \u00e9motionnelles, nos pulsions, sans jugement critique, pour pouvoir s\u2019en affranchir, perdre du poids durablement et r\u00e9guler ce poids.<\/p>\n<p><strong><em><img loading=\"lazy\" decoding=\"async\" class=\"wp-image-5963 alignleft\" src=\"https:\/\/www.respirelavie.fr\/poitiers\/wp-content\/uploads\/sites\/3\/2019\/09\/Sandrine-Gabet-Pujol-min.jpg\" alt=\"\" width=\"197\" height=\"131\" srcset=\"https:\/\/www.respirelavie.fr\/poitiers\/wp-content\/uploads\/sites\/3\/2019\/09\/Sandrine-Gabet-Pujol-min.jpg 2304w, https:\/\/www.respirelavie.fr\/poitiers\/wp-content\/uploads\/sites\/3\/2019\/09\/Sandrine-Gabet-Pujol-min-300x200.jpg 300w, https:\/\/www.respirelavie.fr\/poitiers\/wp-content\/uploads\/sites\/3\/2019\/09\/Sandrine-Gabet-Pujol-min-768x512.jpg 768w, https:\/\/www.respirelavie.fr\/poitiers\/wp-content\/uploads\/sites\/3\/2019\/09\/Sandrine-Gabet-Pujol-min-1024x683.jpg 1024w, https:\/\/www.respirelavie.fr\/poitiers\/wp-content\/uploads\/sites\/3\/2019\/09\/Sandrine-Gabet-Pujol-min-500x333.jpg 500w, https:\/\/www.respirelavie.fr\/poitiers\/wp-content\/uploads\/sites\/3\/2019\/09\/Sandrine-Gabet-Pujol-min-150x100.jpg 150w\" sizes=\"(max-width: 197px) 100vw, 197px\" \/>Sandrine Gabet Pujol\u00a0<\/em><\/strong><em>est di\u00e9t\u00e9ticienne nutritionniste, sp\u00e9cialis\u00e9e dans la prise en charge des troubles du comportement alimentaire. Form\u00e9e \u00e0 la m\u00e9ditation et au Mindful Eating (manger en pleine conscience), aux TCC (th\u00e9rapies cognitives et comportementales) et \u00e0 l\u2019ACT (th\u00e9rapie d\u2019acceptation et d\u2019engagement), elle a 10 ans d\u2019exp\u00e9rience au sein d\u2019une \u00e9quipe pluridisciplinaire (3 psychiatres, 3 psychologues) prenant en charge des patients souffrant de TCA. Auteure de petits cahiers d\u2019exercices sur la r\u00e9gulation du poids aux Editions Jouvence.<\/em><\/p>\n<p><strong>\u00a0<\/strong><\/p>\n<h3><strong>16h30 Des \u00e9pices dans notre cuisine\u00a0: c\u2019est bon pour la sant\u00e9\u00a0! Genevi\u00e8ve Martin-Call\u00e8de<\/strong><\/h3>\n<p>Nous connaissons tous le go\u00fbt, les couleurs et les parfums des \u00e9pices, mais souvent celles-ci restent dans nos placards. Que savons-nous vraiment de leurs utilisations de leurs bienfaits sur notre sant\u00e9\u00a0? \u00ab\u00a0La moiti\u00e9 de la pharmacie est dans la cuisine et l&rsquo;autre moiti\u00e9 est dans le jardin. \u00bb dit un dicton ayurv\u00e9dique. Chaque \u00e9pice a une histoire, des traditions, des vertus, et diff\u00e9rents usages. Comment les utiliser ? Infusion, d\u00e9coction, \u00e0 m\u00e2cher, en poudre, en pommade, et bien s\u00fbr en cuisine, les \u00e9pices apportant go\u00fbt et saveur aux plats en plus d\u2019une bonne digestion. Elles stimulent l&rsquo;odorat, rehaussent le go\u00fbt des aliments, aiguisent l&rsquo;app\u00e9tit, et ont aussi un r\u00f4le essentiel dans la conservation des aliments par leur action antiseptique.<\/p>\n<p><em><img loading=\"lazy\" decoding=\"async\" class=\" wp-image-5955 alignleft\" src=\"https:\/\/www.respirelavie.fr\/poitiers\/wp-content\/uploads\/sites\/3\/2019\/09\/Genevi\u00e8ve-Martin-min.png\" alt=\"\" width=\"162\" height=\"109\" srcset=\"https:\/\/www.respirelavie.fr\/poitiers\/wp-content\/uploads\/sites\/3\/2019\/09\/Genevi\u00e8ve-Martin-min.png 470w, https:\/\/www.respirelavie.fr\/poitiers\/wp-content\/uploads\/sites\/3\/2019\/09\/Genevi\u00e8ve-Martin-min-300x201.png 300w, https:\/\/www.respirelavie.fr\/poitiers\/wp-content\/uploads\/sites\/3\/2019\/09\/Genevi\u00e8ve-Martin-min-150x101.png 150w\" sizes=\"(max-width: 162px) 100vw, 162px\" \/><br \/>\nInfirmi\u00e8re, <strong>Genevi\u00e8ve Martin-Call\u00e8de\u00a0<\/strong>est \u00e9galement consultante en Ayurv\u00e9da \u00e0 Chemill\u00e9. Form\u00e9e en Inde aupr\u00e8s de sp\u00e9cialistes, elle prodigue ses soins et conseils en consultations et conf\u00e9rences. <\/em><\/p>\n<p><strong>\u00a0<\/strong><\/p>\n<p>&nbsp;<\/p>\n","protected":false},"excerpt":{"rendered":"<p>VENDREDI 22 NOVEMBRE 2019 : SANT\u00c9 12h00 Les plantes m\u00e9dicinales selon les travaux du Pr Yvette Par\u00e8s. Dr B\u00e9atrice Milbert C\u2019est apr\u00e8s trente ann\u00e9es d\u2019exp\u00e9rience m\u00e9dicale au S\u00e9n\u00e9gal que le Pr Yvette Par\u00e8s, biologiste, m\u00e9decin et pionni\u00e8re du soin par les plantes, d\u00e9cide lors de son retour en Europe en 1996, de transmettre ses formules\u00a0:&hellip; <\/p>\n","protected":false},"author":1,"featured_media":0,"parent":0,"menu_order":0,"comment_status":"closed","ping_status":"closed","template":"","meta":{"_monsterinsights_skip_tracking":false,"_monsterinsights_sitenote_active":false,"_monsterinsights_sitenote_note":"","_monsterinsights_sitenote_category":0,"footnotes":""},"class_list":["post-7278","page","type-page","status-publish","hentry"],"yoast_head":"<!-- This site is optimized with the Yoast SEO plugin v27.3 - https:\/\/yoast.com\/product\/yoast-seo-wordpress\/ -->\n<title>Conf\u00e9rences experts 2019 - Salon RESPIRE LA VIE Poitiers<\/title>\n<meta name=\"robots\" content=\"index, follow, max-snippet:-1, max-image-preview:large, max-video-preview:-1\" \/>\n<link rel=\"canonical\" href=\"https:\/\/www.respirelavie.fr\/poitiers\/conferences-experts-2019\/\" \/>\n<meta property=\"og:locale\" content=\"fr_FR\" \/>\n<meta property=\"og:type\" content=\"article\" \/>\n<meta property=\"og:title\" content=\"Conf\u00e9rences experts 2019 - Salon RESPIRE LA VIE Poitiers\" \/>\n<meta property=\"og:description\" content=\"VENDREDI 22 NOVEMBRE 2019 : SANT\u00c9 12h00 Les plantes m\u00e9dicinales selon les travaux du Pr Yvette Par\u00e8s. Dr B\u00e9atrice Milbert C\u2019est apr\u00e8s trente ann\u00e9es d\u2019exp\u00e9rience m\u00e9dicale au S\u00e9n\u00e9gal que le Pr Yvette Par\u00e8s, biologiste, m\u00e9decin et pionni\u00e8re du soin par les plantes, d\u00e9cide lors de son retour en Europe en 1996, de transmettre ses formules\u00a0:&hellip;\" \/>\n<meta property=\"og:url\" content=\"https:\/\/www.respirelavie.fr\/poitiers\/conferences-experts-2019\/\" \/>\n<meta property=\"og:site_name\" content=\"Salon RESPIRE LA VIE Poitiers\" \/>\n<meta property=\"og:image\" content=\"https:\/\/www.respirelavie.fr\/poitiers\/wp-content\/uploads\/sites\/3\/2019\/09\/Florence-Raynaud-min.jpg\" \/>\n<meta name=\"twitter:card\" content=\"summary_large_image\" \/>\n<meta name=\"twitter:label1\" content=\"Dur\u00e9e de lecture estim\u00e9e\" \/>\n\t<meta name=\"twitter:data1\" content=\"6 minutes\" \/>\n<script type=\"application\/ld+json\" class=\"yoast-schema-graph\">{\"@context\":\"https:\\\/\\\/schema.org\",\"@graph\":[{\"@type\":\"WebPage\",\"@id\":\"https:\\\/\\\/www.respirelavie.fr\\\/poitiers\\\/conferences-experts-2019\\\/\",\"url\":\"https:\\\/\\\/www.respirelavie.fr\\\/poitiers\\\/conferences-experts-2019\\\/\",\"name\":\"Conf\u00e9rences experts 2019 - Salon RESPIRE LA VIE Poitiers\",\"isPartOf\":{\"@id\":\"http:\\\/\\\/www.respirelavie.fr\\\/poitiers\\\/#website\"},\"primaryImageOfPage\":{\"@id\":\"https:\\\/\\\/www.respirelavie.fr\\\/poitiers\\\/conferences-experts-2019\\\/#primaryimage\"},\"image\":{\"@id\":\"https:\\\/\\\/www.respirelavie.fr\\\/poitiers\\\/conferences-experts-2019\\\/#primaryimage\"},\"thumbnailUrl\":\"https:\\\/\\\/www.respirelavie.fr\\\/poitiers\\\/wp-content\\\/uploads\\\/sites\\\/3\\\/2019\\\/09\\\/Florence-Raynaud-min.jpg\",\"datePublished\":\"2020-03-18T16:06:15+00:00\",\"breadcrumb\":{\"@id\":\"https:\\\/\\\/www.respirelavie.fr\\\/poitiers\\\/conferences-experts-2019\\\/#breadcrumb\"},\"inLanguage\":\"fr-FR\",\"potentialAction\":[{\"@type\":\"ReadAction\",\"target\":[\"https:\\\/\\\/www.respirelavie.fr\\\/poitiers\\\/conferences-experts-2019\\\/\"]}]},{\"@type\":\"ImageObject\",\"inLanguage\":\"fr-FR\",\"@id\":\"https:\\\/\\\/www.respirelavie.fr\\\/poitiers\\\/conferences-experts-2019\\\/#primaryimage\",\"url\":\"https:\\\/\\\/www.respirelavie.fr\\\/poitiers\\\/wp-content\\\/uploads\\\/sites\\\/3\\\/2019\\\/09\\\/Florence-Raynaud-min.jpg\",\"contentUrl\":\"https:\\\/\\\/www.respirelavie.fr\\\/poitiers\\\/wp-content\\\/uploads\\\/sites\\\/3\\\/2019\\\/09\\\/Florence-Raynaud-min.jpg\"},{\"@type\":\"BreadcrumbList\",\"@id\":\"https:\\\/\\\/www.respirelavie.fr\\\/poitiers\\\/conferences-experts-2019\\\/#breadcrumb\",\"itemListElement\":[{\"@type\":\"ListItem\",\"position\":1,\"name\":\"Accueil\",\"item\":\"http:\\\/\\\/www.respirelavie.fr\\\/poitiers\\\/\"},{\"@type\":\"ListItem\",\"position\":2,\"name\":\"Conf\u00e9rences experts 2019\"}]},{\"@type\":\"WebSite\",\"@id\":\"http:\\\/\\\/www.respirelavie.fr\\\/poitiers\\\/#website\",\"url\":\"http:\\\/\\\/www.respirelavie.fr\\\/poitiers\\\/\",\"name\":\"Salon RESPIRE LA VIE Poitiers\",\"description\":\"RESPIRE : votre salon bio, bien-\u00eatre et habitat sain \u00e0 Poitiers\",\"publisher\":{\"@id\":\"http:\\\/\\\/www.respirelavie.fr\\\/poitiers\\\/#organization\"},\"potentialAction\":[{\"@type\":\"SearchAction\",\"target\":{\"@type\":\"EntryPoint\",\"urlTemplate\":\"http:\\\/\\\/www.respirelavie.fr\\\/poitiers\\\/?s={search_term_string}\"},\"query-input\":{\"@type\":\"PropertyValueSpecification\",\"valueRequired\":true,\"valueName\":\"search_term_string\"}}],\"inLanguage\":\"fr-FR\"},{\"@type\":\"Organization\",\"@id\":\"http:\\\/\\\/www.respirelavie.fr\\\/poitiers\\\/#organization\",\"name\":\"Salon RESPIRE LA VIE Poitiers\",\"url\":\"http:\\\/\\\/www.respirelavie.fr\\\/poitiers\\\/\",\"logo\":{\"@type\":\"ImageObject\",\"inLanguage\":\"fr-FR\",\"@id\":\"http:\\\/\\\/www.respirelavie.fr\\\/poitiers\\\/#\\\/schema\\\/logo\\\/image\\\/\",\"url\":\"https:\\\/\\\/www.respirelavie.fr\\\/poitiers\\\/wp-content\\\/uploads\\\/sites\\\/3\\\/2024\\\/03\\\/Logo-RESPIRE-LA-VIE-poitiers.jpg\",\"contentUrl\":\"https:\\\/\\\/www.respirelavie.fr\\\/poitiers\\\/wp-content\\\/uploads\\\/sites\\\/3\\\/2024\\\/03\\\/Logo-RESPIRE-LA-VIE-poitiers.jpg\",\"width\":470,\"height\":262,\"caption\":\"Salon RESPIRE LA VIE Poitiers\"},\"image\":{\"@id\":\"http:\\\/\\\/www.respirelavie.fr\\\/poitiers\\\/#\\\/schema\\\/logo\\\/image\\\/\"}}]}<\/script>\n<!-- \/ Yoast SEO plugin. -->","yoast_head_json":{"title":"Conf\u00e9rences experts 2019 - Salon RESPIRE LA VIE Poitiers","robots":{"index":"index","follow":"follow","max-snippet":"max-snippet:-1","max-image-preview":"max-image-preview:large","max-video-preview":"max-video-preview:-1"},"canonical":"https:\/\/www.respirelavie.fr\/poitiers\/conferences-experts-2019\/","og_locale":"fr_FR","og_type":"article","og_title":"Conf\u00e9rences experts 2019 - Salon RESPIRE LA VIE Poitiers","og_description":"VENDREDI 22 NOVEMBRE 2019 : SANT\u00c9 12h00 Les plantes m\u00e9dicinales selon les travaux du Pr Yvette Par\u00e8s. Dr B\u00e9atrice Milbert C\u2019est apr\u00e8s trente ann\u00e9es d\u2019exp\u00e9rience m\u00e9dicale au S\u00e9n\u00e9gal que le Pr Yvette Par\u00e8s, biologiste, m\u00e9decin et pionni\u00e8re du soin par les plantes, d\u00e9cide lors de son retour en Europe en 1996, de transmettre ses formules\u00a0:&hellip;","og_url":"https:\/\/www.respirelavie.fr\/poitiers\/conferences-experts-2019\/","og_site_name":"Salon RESPIRE LA VIE Poitiers","og_image":[{"url":"https:\/\/www.respirelavie.fr\/poitiers\/wp-content\/uploads\/sites\/3\/2019\/09\/Florence-Raynaud-min.jpg","type":"","width":"","height":""}],"twitter_card":"summary_large_image","twitter_misc":{"Dur\u00e9e de lecture estim\u00e9e":"6 minutes"},"schema":{"@context":"https:\/\/schema.org","@graph":[{"@type":"WebPage","@id":"https:\/\/www.respirelavie.fr\/poitiers\/conferences-experts-2019\/","url":"https:\/\/www.respirelavie.fr\/poitiers\/conferences-experts-2019\/","name":"Conf\u00e9rences experts 2019 - Salon RESPIRE LA VIE Poitiers","isPartOf":{"@id":"http:\/\/www.respirelavie.fr\/poitiers\/#website"},"primaryImageOfPage":{"@id":"https:\/\/www.respirelavie.fr\/poitiers\/conferences-experts-2019\/#primaryimage"},"image":{"@id":"https:\/\/www.respirelavie.fr\/poitiers\/conferences-experts-2019\/#primaryimage"},"thumbnailUrl":"https:\/\/www.respirelavie.fr\/poitiers\/wp-content\/uploads\/sites\/3\/2019\/09\/Florence-Raynaud-min.jpg","datePublished":"2020-03-18T16:06:15+00:00","breadcrumb":{"@id":"https:\/\/www.respirelavie.fr\/poitiers\/conferences-experts-2019\/#breadcrumb"},"inLanguage":"fr-FR","potentialAction":[{"@type":"ReadAction","target":["https:\/\/www.respirelavie.fr\/poitiers\/conferences-experts-2019\/"]}]},{"@type":"ImageObject","inLanguage":"fr-FR","@id":"https:\/\/www.respirelavie.fr\/poitiers\/conferences-experts-2019\/#primaryimage","url":"https:\/\/www.respirelavie.fr\/poitiers\/wp-content\/uploads\/sites\/3\/2019\/09\/Florence-Raynaud-min.jpg","contentUrl":"https:\/\/www.respirelavie.fr\/poitiers\/wp-content\/uploads\/sites\/3\/2019\/09\/Florence-Raynaud-min.jpg"},{"@type":"BreadcrumbList","@id":"https:\/\/www.respirelavie.fr\/poitiers\/conferences-experts-2019\/#breadcrumb","itemListElement":[{"@type":"ListItem","position":1,"name":"Accueil","item":"http:\/\/www.respirelavie.fr\/poitiers\/"},{"@type":"ListItem","position":2,"name":"Conf\u00e9rences experts 2019"}]},{"@type":"WebSite","@id":"http:\/\/www.respirelavie.fr\/poitiers\/#website","url":"http:\/\/www.respirelavie.fr\/poitiers\/","name":"Salon RESPIRE LA VIE Poitiers","description":"RESPIRE : votre salon bio, bien-\u00eatre et habitat sain \u00e0 Poitiers","publisher":{"@id":"http:\/\/www.respirelavie.fr\/poitiers\/#organization"},"potentialAction":[{"@type":"SearchAction","target":{"@type":"EntryPoint","urlTemplate":"http:\/\/www.respirelavie.fr\/poitiers\/?s={search_term_string}"},"query-input":{"@type":"PropertyValueSpecification","valueRequired":true,"valueName":"search_term_string"}}],"inLanguage":"fr-FR"},{"@type":"Organization","@id":"http:\/\/www.respirelavie.fr\/poitiers\/#organization","name":"Salon RESPIRE LA VIE Poitiers","url":"http:\/\/www.respirelavie.fr\/poitiers\/","logo":{"@type":"ImageObject","inLanguage":"fr-FR","@id":"http:\/\/www.respirelavie.fr\/poitiers\/#\/schema\/logo\/image\/","url":"https:\/\/www.respirelavie.fr\/poitiers\/wp-content\/uploads\/sites\/3\/2024\/03\/Logo-RESPIRE-LA-VIE-poitiers.jpg","contentUrl":"https:\/\/www.respirelavie.fr\/poitiers\/wp-content\/uploads\/sites\/3\/2024\/03\/Logo-RESPIRE-LA-VIE-poitiers.jpg","width":470,"height":262,"caption":"Salon RESPIRE LA VIE Poitiers"},"image":{"@id":"http:\/\/www.respirelavie.fr\/poitiers\/#\/schema\/logo\/image\/"}}]}},"_links":{"self":[{"href":"https:\/\/www.respirelavie.fr\/poitiers\/wp-json\/wp\/v2\/pages\/7278","targetHints":{"allow":["GET"]}}],"collection":[{"href":"https:\/\/www.respirelavie.fr\/poitiers\/wp-json\/wp\/v2\/pages"}],"about":[{"href":"https:\/\/www.respirelavie.fr\/poitiers\/wp-json\/wp\/v2\/types\/page"}],"author":[{"embeddable":true,"href":"https:\/\/www.respirelavie.fr\/poitiers\/wp-json\/wp\/v2\/users\/1"}],"replies":[{"embeddable":true,"href":"https:\/\/www.respirelavie.fr\/poitiers\/wp-json\/wp\/v2\/comments?post=7278"}],"version-history":[{"count":0,"href":"https:\/\/www.respirelavie.fr\/poitiers\/wp-json\/wp\/v2\/pages\/7278\/revisions"}],"wp:attachment":[{"href":"https:\/\/www.respirelavie.fr\/poitiers\/wp-json\/wp\/v2\/media?parent=7278"}],"curies":[{"name":"wp","href":"https:\/\/api.w.org\/{rel}","templated":true}]}}