{"id":7288,"date":"2020-03-18T17:11:32","date_gmt":"2020-03-18T16:11:32","guid":{"rendered":"https:\/\/www.respirelavie.fr\/poitiers\/?page_id=7288"},"modified":"2020-03-18T17:11:32","modified_gmt":"2020-03-18T16:11:32","slug":"ateliers-bien-etre-2019","status":"publish","type":"page","link":"https:\/\/www.respirelavie.fr\/poitiers\/ateliers-bien-etre-2019\/","title":{"rendered":"Ateliers bien-\u00eatre 2019"},"content":{"rendered":"<p><span style=\"color: #f56f0b;\"><strong>Salle GARGANTUA<\/strong><\/span><\/p>\n<p><strong><span style=\"font-size: 14pt;\">VENDREDI 22 NOVEMBRE 2019<\/span><\/strong><\/p>\n<p><span style=\"color: #f56f0b;\"><strong>10:50 <\/strong><\/span>Le th\u00e8me de Cristal : explorez votre identit\u00e9 gr\u00e2ce \u00e0 vos pierres de naissance \u2013 <em><span style=\"color: #808080;\">Wydiane Khaoua<\/span><br \/>\n<\/em><span style=\"color: #f56f0b;\"><strong>11:50 <\/strong><\/span>Atelier de ressenti des min\u00e9raux \u2013 <span style=\"color: #808080;\">John Shemwell\u00a0<\/span><\/p><div id=\"respi-933161255\" class=\"respi-contenu respi-entity-placement\"><script async src=\"\/\/pagead2.googlesyndication.com\/pagead\/js\/adsbygoogle.js?client=ca-pub-7511070832818284\" crossorigin=\"anonymous\"><\/script><ins class=\"adsbygoogle\" style=\"display:block;\" data-ad-client=\"ca-pub-7511070832818284\" \ndata-ad-slot=\"4196289901\" \ndata-ad-format=\"auto\"><\/ins>\n<script> \n(adsbygoogle = window.adsbygoogle || []).push({}); \n<\/script>\n<\/div>\n<p><span style=\"font-size: 14pt;\"><strong>SAMEDI 23 NOVEMBRE 2019<\/strong><\/span><\/p>\n<p><span style=\"color: #f56f0b;\"><strong>10:50 <\/strong><\/span>Stop \u00ab\u00a0stress et fatigue\u00a0\u00bb, plus d&rsquo;\u00e9nergie \u2013 <span style=\"color: #808080;\">Anne Bonin<\/span><br \/>\n<span style=\"color: #f56f0b;\"><strong>11:50 <\/strong><\/span>Le th\u00e8me de Cristal : explorez votre identit\u00e9 gr\u00e2ce \u00e0 vos pierres de naissance \u2013 <span style=\"color: #808080;\"><em>Wydiane Khaoua<br \/>\n<\/em><\/span><span style=\"color: #f56f0b;\"><strong>12:50 <\/strong><\/span>La relaxation par la respiration en sophrologie \u2013 <span style=\"color: #808080;\"><em>Lo\u00efc Arnaud<\/em><\/span><\/p>\n<p><span style=\"font-size: 14pt;\"><strong>DIMANCHE 24 NOVEMBRE 2019<\/strong><\/span><\/p>\n<p><span style=\"color: #f56f0b;\"><strong>10:50 <\/strong><\/span>La respiration lib\u00e9ratrice \u2013 <span style=\"color: #808080;\"><em>T\u00e9li Diarra<\/em><\/span><br \/>\n<span style=\"color: #f56f0b;\"><strong>11:50 <\/strong><\/span>Le th\u00e8me de Cristal : explorez votre identit\u00e9 gr\u00e2ce \u00e0 vos pierres de naissance \u2013 <em><span style=\"color: #808080;\">Wydiane Khaoua<\/span><br \/>\n<\/em><span style=\"color: #f56f0b;\"><strong>12:50 <\/strong><\/span>Le yoga des yeux, une approche holistique de la vision \u2013 <span style=\"color: #808080;\"><em>Philippe Cleyet-Merle<\/em><\/span><\/p>\n<p>&nbsp;<\/p>\n","protected":false},"excerpt":{"rendered":"<p>Salle GARGANTUA VENDREDI 22 NOVEMBRE 2019 10:50 Le th\u00e8me de Cristal : explorez votre identit\u00e9 gr\u00e2ce \u00e0 vos pierres de naissance \u2013 Wydiane Khaoua 11:50 Atelier de ressenti des min\u00e9raux \u2013 John Shemwell\u00a0 SAMEDI 23 NOVEMBRE 2019 10:50 Stop \u00ab\u00a0stress et fatigue\u00a0\u00bb, plus d&rsquo;\u00e9nergie \u2013 Anne Bonin 11:50 Le th\u00e8me de Cristal : explorez votre&hellip; <\/p>\n","protected":false},"author":1,"featured_media":0,"parent":0,"menu_order":0,"comment_status":"closed","ping_status":"closed","template":"","meta":{"_monsterinsights_skip_tracking":false,"_monsterinsights_sitenote_active":false,"_monsterinsights_sitenote_note":"","_monsterinsights_sitenote_category":0,"footnotes":""},"class_list":["post-7288","page","type-page","status-publish","hentry"],"yoast_head":"<!-- This site is optimized with the Yoast SEO plugin v27.3 - https:\/\/yoast.com\/product\/yoast-seo-wordpress\/ -->\n<title>Ateliers bien-\u00eatre 2019 - Salon RESPIRE LA VIE Poitiers<\/title>\n<meta name=\"robots\" content=\"index, follow, max-snippet:-1, max-image-preview:large, max-video-preview:-1\" \/>\n<link rel=\"canonical\" href=\"https:\/\/www.respirelavie.fr\/poitiers\/ateliers-bien-etre-2019\/\" \/>\n<meta property=\"og:locale\" content=\"fr_FR\" \/>\n<meta property=\"og:type\" content=\"article\" \/>\n<meta property=\"og:title\" content=\"Ateliers bien-\u00eatre 2019 - Salon RESPIRE LA VIE Poitiers\" \/>\n<meta property=\"og:description\" content=\"Salle GARGANTUA VENDREDI 22 NOVEMBRE 2019 10:50 Le th\u00e8me de Cristal : explorez votre identit\u00e9 gr\u00e2ce \u00e0 vos pierres de naissance \u2013 Wydiane Khaoua 11:50 Atelier de ressenti des min\u00e9raux \u2013 John Shemwell\u00a0 SAMEDI 23 NOVEMBRE 2019 10:50 Stop \u00ab\u00a0stress et fatigue\u00a0\u00bb, plus d&rsquo;\u00e9nergie \u2013 Anne Bonin 11:50 Le th\u00e8me de Cristal : explorez votre&hellip;\" \/>\n<meta property=\"og:url\" content=\"https:\/\/www.respirelavie.fr\/poitiers\/ateliers-bien-etre-2019\/\" \/>\n<meta property=\"og:site_name\" content=\"Salon RESPIRE LA VIE Poitiers\" \/>\n<meta name=\"twitter:card\" content=\"summary_large_image\" \/>\n<meta name=\"twitter:label1\" content=\"Dur\u00e9e de lecture estim\u00e9e\" \/>\n\t<meta name=\"twitter:data1\" content=\"1 minute\" \/>\n<script type=\"application\/ld+json\" class=\"yoast-schema-graph\">{\"@context\":\"https:\\\/\\\/schema.org\",\"@graph\":[{\"@type\":\"WebPage\",\"@id\":\"https:\\\/\\\/www.respirelavie.fr\\\/poitiers\\\/ateliers-bien-etre-2019\\\/\",\"url\":\"https:\\\/\\\/www.respirelavie.fr\\\/poitiers\\\/ateliers-bien-etre-2019\\\/\",\"name\":\"Ateliers bien-\u00eatre 2019 - Salon RESPIRE LA VIE Poitiers\",\"isPartOf\":{\"@id\":\"http:\\\/\\\/www.respirelavie.fr\\\/poitiers\\\/#website\"},\"datePublished\":\"2020-03-18T16:11:32+00:00\",\"breadcrumb\":{\"@id\":\"https:\\\/\\\/www.respirelavie.fr\\\/poitiers\\\/ateliers-bien-etre-2019\\\/#breadcrumb\"},\"inLanguage\":\"fr-FR\",\"potentialAction\":[{\"@type\":\"ReadAction\",\"target\":[\"https:\\\/\\\/www.respirelavie.fr\\\/poitiers\\\/ateliers-bien-etre-2019\\\/\"]}]},{\"@type\":\"BreadcrumbList\",\"@id\":\"https:\\\/\\\/www.respirelavie.fr\\\/poitiers\\\/ateliers-bien-etre-2019\\\/#breadcrumb\",\"itemListElement\":[{\"@type\":\"ListItem\",\"position\":1,\"name\":\"Accueil\",\"item\":\"http:\\\/\\\/www.respirelavie.fr\\\/poitiers\\\/\"},{\"@type\":\"ListItem\",\"position\":2,\"name\":\"Ateliers bien-\u00eatre 2019\"}]},{\"@type\":\"WebSite\",\"@id\":\"http:\\\/\\\/www.respirelavie.fr\\\/poitiers\\\/#website\",\"url\":\"http:\\\/\\\/www.respirelavie.fr\\\/poitiers\\\/\",\"name\":\"Salon RESPIRE LA VIE Poitiers\",\"description\":\"RESPIRE : votre salon bio, bien-\u00eatre et habitat sain \u00e0 Poitiers\",\"publisher\":{\"@id\":\"http:\\\/\\\/www.respirelavie.fr\\\/poitiers\\\/#organization\"},\"potentialAction\":[{\"@type\":\"SearchAction\",\"target\":{\"@type\":\"EntryPoint\",\"urlTemplate\":\"http:\\\/\\\/www.respirelavie.fr\\\/poitiers\\\/?s={search_term_string}\"},\"query-input\":{\"@type\":\"PropertyValueSpecification\",\"valueRequired\":true,\"valueName\":\"search_term_string\"}}],\"inLanguage\":\"fr-FR\"},{\"@type\":\"Organization\",\"@id\":\"http:\\\/\\\/www.respirelavie.fr\\\/poitiers\\\/#organization\",\"name\":\"Salon RESPIRE LA VIE Poitiers\",\"url\":\"http:\\\/\\\/www.respirelavie.fr\\\/poitiers\\\/\",\"logo\":{\"@type\":\"ImageObject\",\"inLanguage\":\"fr-FR\",\"@id\":\"http:\\\/\\\/www.respirelavie.fr\\\/poitiers\\\/#\\\/schema\\\/logo\\\/image\\\/\",\"url\":\"https:\\\/\\\/www.respirelavie.fr\\\/poitiers\\\/wp-content\\\/uploads\\\/sites\\\/3\\\/2024\\\/03\\\/Logo-RESPIRE-LA-VIE-poitiers.jpg\",\"contentUrl\":\"https:\\\/\\\/www.respirelavie.fr\\\/poitiers\\\/wp-content\\\/uploads\\\/sites\\\/3\\\/2024\\\/03\\\/Logo-RESPIRE-LA-VIE-poitiers.jpg\",\"width\":470,\"height\":262,\"caption\":\"Salon RESPIRE LA VIE Poitiers\"},\"image\":{\"@id\":\"http:\\\/\\\/www.respirelavie.fr\\\/poitiers\\\/#\\\/schema\\\/logo\\\/image\\\/\"}}]}<\/script>\n<!-- \/ Yoast SEO plugin. -->","yoast_head_json":{"title":"Ateliers bien-\u00eatre 2019 - Salon RESPIRE LA VIE Poitiers","robots":{"index":"index","follow":"follow","max-snippet":"max-snippet:-1","max-image-preview":"max-image-preview:large","max-video-preview":"max-video-preview:-1"},"canonical":"https:\/\/www.respirelavie.fr\/poitiers\/ateliers-bien-etre-2019\/","og_locale":"fr_FR","og_type":"article","og_title":"Ateliers bien-\u00eatre 2019 - Salon RESPIRE LA VIE Poitiers","og_description":"Salle GARGANTUA VENDREDI 22 NOVEMBRE 2019 10:50 Le th\u00e8me de Cristal : explorez votre identit\u00e9 gr\u00e2ce \u00e0 vos pierres de naissance \u2013 Wydiane Khaoua 11:50 Atelier de ressenti des min\u00e9raux \u2013 John Shemwell\u00a0 SAMEDI 23 NOVEMBRE 2019 10:50 Stop \u00ab\u00a0stress et fatigue\u00a0\u00bb, plus d&rsquo;\u00e9nergie \u2013 Anne Bonin 11:50 Le th\u00e8me de Cristal : explorez votre&hellip;","og_url":"https:\/\/www.respirelavie.fr\/poitiers\/ateliers-bien-etre-2019\/","og_site_name":"Salon RESPIRE LA VIE Poitiers","twitter_card":"summary_large_image","twitter_misc":{"Dur\u00e9e de lecture estim\u00e9e":"1 minute"},"schema":{"@context":"https:\/\/schema.org","@graph":[{"@type":"WebPage","@id":"https:\/\/www.respirelavie.fr\/poitiers\/ateliers-bien-etre-2019\/","url":"https:\/\/www.respirelavie.fr\/poitiers\/ateliers-bien-etre-2019\/","name":"Ateliers bien-\u00eatre 2019 - Salon RESPIRE LA VIE Poitiers","isPartOf":{"@id":"http:\/\/www.respirelavie.fr\/poitiers\/#website"},"datePublished":"2020-03-18T16:11:32+00:00","breadcrumb":{"@id":"https:\/\/www.respirelavie.fr\/poitiers\/ateliers-bien-etre-2019\/#breadcrumb"},"inLanguage":"fr-FR","potentialAction":[{"@type":"ReadAction","target":["https:\/\/www.respirelavie.fr\/poitiers\/ateliers-bien-etre-2019\/"]}]},{"@type":"BreadcrumbList","@id":"https:\/\/www.respirelavie.fr\/poitiers\/ateliers-bien-etre-2019\/#breadcrumb","itemListElement":[{"@type":"ListItem","position":1,"name":"Accueil","item":"http:\/\/www.respirelavie.fr\/poitiers\/"},{"@type":"ListItem","position":2,"name":"Ateliers bien-\u00eatre 2019"}]},{"@type":"WebSite","@id":"http:\/\/www.respirelavie.fr\/poitiers\/#website","url":"http:\/\/www.respirelavie.fr\/poitiers\/","name":"Salon RESPIRE LA VIE Poitiers","description":"RESPIRE : votre salon bio, bien-\u00eatre et habitat sain \u00e0 Poitiers","publisher":{"@id":"http:\/\/www.respirelavie.fr\/poitiers\/#organization"},"potentialAction":[{"@type":"SearchAction","target":{"@type":"EntryPoint","urlTemplate":"http:\/\/www.respirelavie.fr\/poitiers\/?s={search_term_string}"},"query-input":{"@type":"PropertyValueSpecification","valueRequired":true,"valueName":"search_term_string"}}],"inLanguage":"fr-FR"},{"@type":"Organization","@id":"http:\/\/www.respirelavie.fr\/poitiers\/#organization","name":"Salon RESPIRE LA VIE Poitiers","url":"http:\/\/www.respirelavie.fr\/poitiers\/","logo":{"@type":"ImageObject","inLanguage":"fr-FR","@id":"http:\/\/www.respirelavie.fr\/poitiers\/#\/schema\/logo\/image\/","url":"https:\/\/www.respirelavie.fr\/poitiers\/wp-content\/uploads\/sites\/3\/2024\/03\/Logo-RESPIRE-LA-VIE-poitiers.jpg","contentUrl":"https:\/\/www.respirelavie.fr\/poitiers\/wp-content\/uploads\/sites\/3\/2024\/03\/Logo-RESPIRE-LA-VIE-poitiers.jpg","width":470,"height":262,"caption":"Salon RESPIRE LA VIE Poitiers"},"image":{"@id":"http:\/\/www.respirelavie.fr\/poitiers\/#\/schema\/logo\/image\/"}}]}},"_links":{"self":[{"href":"https:\/\/www.respirelavie.fr\/poitiers\/wp-json\/wp\/v2\/pages\/7288","targetHints":{"allow":["GET"]}}],"collection":[{"href":"https:\/\/www.respirelavie.fr\/poitiers\/wp-json\/wp\/v2\/pages"}],"about":[{"href":"https:\/\/www.respirelavie.fr\/poitiers\/wp-json\/wp\/v2\/types\/page"}],"author":[{"embeddable":true,"href":"https:\/\/www.respirelavie.fr\/poitiers\/wp-json\/wp\/v2\/users\/1"}],"replies":[{"embeddable":true,"href":"https:\/\/www.respirelavie.fr\/poitiers\/wp-json\/wp\/v2\/comments?post=7288"}],"version-history":[{"count":0,"href":"https:\/\/www.respirelavie.fr\/poitiers\/wp-json\/wp\/v2\/pages\/7288\/revisions"}],"wp:attachment":[{"href":"https:\/\/www.respirelavie.fr\/poitiers\/wp-json\/wp\/v2\/media?parent=7288"}],"curies":[{"name":"wp","href":"https:\/\/api.w.org\/{rel}","templated":true}]}}