{"id":7291,"date":"2020-03-18T17:13:35","date_gmt":"2020-03-18T16:13:35","guid":{"rendered":"https:\/\/www.respirelavie.fr\/poitiers\/?page_id=7291"},"modified":"2020-03-18T17:13:35","modified_gmt":"2020-03-18T16:13:35","slug":"animations-creatives-2019","status":"publish","type":"page","link":"https:\/\/www.respirelavie.fr\/poitiers\/animations-creatives-2019\/","title":{"rendered":"Animations cr\u00e9atives 2019"},"content":{"rendered":"<p><strong><span style=\"color: #800080;\">Espace CHABICHOU<\/span><\/strong><\/p>\n<p><span style=\"font-size: 14pt;\"><strong>VENDREDI 22 NOVEMBRE 2019<\/strong><\/span><\/p>\n<p><span style=\"color: #800080;\"><strong>11:00<\/strong><\/span> Cuisson basse temp\u00e9rature : de l\u2019entr\u00e9e au dessert en une seule cuisson \u2013 <em><span style=\"color: #808080;\">L\u2019Omnicuiseur Vitalit\u00e9<\/span><br \/>\n<\/em><span style=\"color: #800080;\"><strong>12:15<\/strong><\/span> Pr\u00e9paration d\u2019un savon maison par saponification \u00e0 froid \u2013 <em><span style=\"color: #808080;\">Jeff Renault, Savondou<\/span><br \/>\n<\/em><del><span style=\"color: #800080;\"><strong>13:30<\/strong><\/span> ViniBio : D\u00e9gustation comment\u00e9e des vins du salon &#8211; <\/del><em><del><span style=\"color: #808080;\">Lilas Carit\u00e9, Guide du vin bio, Editions Utovie<\/span><\/del> <\/em><span style=\"color: #333333;\">\/\/ <strong>annul\u00e9<\/strong><\/span><em><br \/>\n<\/em><span style=\"color: #800080;\"><strong>14:45<\/strong><\/span> La cuisine v\u00e9g\u00e9tarienne vous intrigue ou vous tente ? Cet atelier est fait pour vous ! <em><span style=\"color: #808080;\">Sylvie Marsollier<\/span><br \/>\n<\/em><span style=\"color: #800080;\"><strong>16:10<\/strong><\/span> Mes produits cosm\u00e9tiques, ma sant\u00e9, mon environnement &#8211; <em><span style=\"color: #808080;\">Sara Peurichard, CPIE Seuil du Poitou<\/span><br \/>\n<\/em><span style=\"color: #800080;\"><strong>17:30<\/strong><\/span>\u00a0D\u00e9couvrir les vertus du bicarbonate, de la grenade concentr\u00e9e et l&rsquo;ortie \u2013 <span style=\"color: #808080;\"><em>Gagik Saakian<\/em><\/span><\/p><div id=\"respi-1319194454\" class=\"respi-contenu respi-entity-placement\"><script async src=\"\/\/pagead2.googlesyndication.com\/pagead\/js\/adsbygoogle.js?client=ca-pub-7511070832818284\" crossorigin=\"anonymous\"><\/script><ins class=\"adsbygoogle\" style=\"display:block;\" data-ad-client=\"ca-pub-7511070832818284\" \ndata-ad-slot=\"4196289901\" \ndata-ad-format=\"auto\"><\/ins>\n<script> \n(adsbygoogle = window.adsbygoogle || []).push({}); \n<\/script>\n<\/div>\n<p><span style=\"font-size: 14pt;\"><strong>SAMEDI 23 NOVEMBRE 2019<\/strong><\/span><\/p>\n<p><span style=\"color: #800080;\"><strong>11:00<\/strong><\/span> Supprimer simplement les plantes invasives sans produit chimique \u2013 <em><span style=\"color: #808080;\">Michel Provost <\/span><br \/>\n<\/em><span style=\"color: #800080;\"><strong>12:15<\/strong><\/span> ViniBio : D\u00e9gustation comment\u00e9e des vins du salon &#8211; <span style=\"color: #808080;\"><em>Benoit Joussot, Guide du vin bio, Editions Utovie<\/em><\/span><em><br \/>\n<\/em><span style=\"color: #800080;\"><strong>13:30<\/strong><\/span> La cuisine v\u00e9g\u00e9tarienne vous intrigue ou vous tente ? Cet atelier est fait pour vous ! <em><span style=\"color: #808080;\">Sylvie Marsollier<\/span><br \/>\n<\/em><span style=\"color: #800080;\"><strong>14:45<\/strong><\/span> Fabriquer soi-m\u00eame des cosm\u00e9tiques naturels, c&rsquo;est facile &#8211; <em><span style=\"color: #808080;\">Bernard Briaud \/ Flore de saintonge<\/span><br \/>\n<\/em><span style=\"color: #800080;\"><strong>16:10<\/strong><\/span> Mes produits d&rsquo;entretien, ma sant\u00e9, mon environnement &#8211; <em><span style=\"color: #808080;\">Claire Touchard, CPIE Seuil du Poitou<\/span><br \/>\n<\/em><span style=\"color: #800080;\"><strong>17:30<\/strong><\/span> Cuisiner avec un extracteur de jus : d\u00e9monstration de jus d\u00e9tox et de soupes crues &#8211; <span style=\"color: #808080;\"><em>Anne Bonin<\/em><\/span><\/p>\n<p><span style=\"font-size: 14pt;\"><strong>DIMANCHE 24 NOVEMBRE 2019<\/strong><\/span><\/p>\n<p><span style=\"color: #800080;\"><strong>10:15<\/strong><\/span> Atelier de confection d&rsquo;\u00e9ponge \u00e9cologique (les tawashis) &#8211; <span style=\"color: #808080;\"><em>Zero D\u00e9chet Poitiers<\/em><\/span><br \/>\n<span style=\"color: #800080;\"><strong>12:15<\/strong><\/span> Cuisson basse temp\u00e9rature : de l&rsquo;entr\u00e9e au dessert en une seule cuisson \u2013 <span style=\"color: #808080;\"><em>L&rsquo;Omnicuiseur Vitalit\u00e9<\/em><\/span><br \/>\n<span style=\"color: #800080;\"><strong>13:30<\/strong><\/span> La cuisine v\u00e9g\u00e9tarienne vous intrigue ou vous tente ? Cet atelier est fait pour vous ! \u2013 <span style=\"color: #808080;\"><em>Sylvie Marsollier<\/em><\/span><br \/>\n<span style=\"color: #800080;\"><strong>14:45<\/strong><\/span> Coloration 100% v\u00e9g\u00e9tale \u2013 <span style=\"color: #808080;\"><em>Karine Garnier<\/em><\/span><br \/>\n<span style=\"color: #800080;\"><strong>16:10<\/strong><\/span> BOMO\u00cf \u201cCosmEthiques\u201d vous invite \u00e0 devenir Consomm\u2019acteur pour votre peau ! \u2013\u00a0 <span style=\"color: #808080;\"><em>Julien Brault<\/em><\/span><br \/>\n<span style=\"color: #800080;\"><strong>17:30<\/strong><\/span> D\u00e9couvrir les vertus du bicarbonate, de la grenade concentr\u00e9e et l&rsquo;ortie \u2013\u00a0<span style=\"color: #808080;\"><em>Gagik Saakian<\/em><\/span><\/p>\n","protected":false},"excerpt":{"rendered":"<p>Espace CHABICHOU VENDREDI 22 NOVEMBRE 2019 11:00 Cuisson basse temp\u00e9rature : de l\u2019entr\u00e9e au dessert en une seule cuisson \u2013 L\u2019Omnicuiseur Vitalit\u00e9 12:15 Pr\u00e9paration d\u2019un savon maison par saponification \u00e0 froid \u2013 Jeff Renault, Savondou 13:30 ViniBio : D\u00e9gustation comment\u00e9e des vins du salon &#8211; Lilas Carit\u00e9, Guide du vin bio, Editions Utovie \/\/ annul\u00e9&hellip; <\/p>\n","protected":false},"author":1,"featured_media":0,"parent":0,"menu_order":0,"comment_status":"closed","ping_status":"closed","template":"","meta":{"_monsterinsights_skip_tracking":false,"_monsterinsights_sitenote_active":false,"_monsterinsights_sitenote_note":"","_monsterinsights_sitenote_category":0,"footnotes":""},"class_list":["post-7291","page","type-page","status-publish","hentry"],"yoast_head":"<!-- This site is optimized with the Yoast SEO plugin v27.3 - https:\/\/yoast.com\/product\/yoast-seo-wordpress\/ -->\n<title>Animations cr\u00e9atives 2019 - Salon RESPIRE LA VIE Poitiers<\/title>\n<meta name=\"robots\" content=\"index, follow, max-snippet:-1, max-image-preview:large, max-video-preview:-1\" \/>\n<link rel=\"canonical\" href=\"https:\/\/www.respirelavie.fr\/poitiers\/animations-creatives-2019\/\" \/>\n<meta property=\"og:locale\" content=\"fr_FR\" \/>\n<meta property=\"og:type\" content=\"article\" \/>\n<meta property=\"og:title\" content=\"Animations cr\u00e9atives 2019 - Salon RESPIRE LA VIE Poitiers\" \/>\n<meta property=\"og:description\" content=\"Espace CHABICHOU VENDREDI 22 NOVEMBRE 2019 11:00 Cuisson basse temp\u00e9rature : de l\u2019entr\u00e9e au dessert en une seule cuisson \u2013 L\u2019Omnicuiseur Vitalit\u00e9 12:15 Pr\u00e9paration d\u2019un savon maison par saponification \u00e0 froid \u2013 Jeff Renault, Savondou 13:30 ViniBio : D\u00e9gustation comment\u00e9e des vins du salon &#8211; Lilas Carit\u00e9, Guide du vin bio, Editions Utovie \/\/ annul\u00e9&hellip;\" \/>\n<meta property=\"og:url\" content=\"https:\/\/www.respirelavie.fr\/poitiers\/animations-creatives-2019\/\" \/>\n<meta property=\"og:site_name\" content=\"Salon RESPIRE LA VIE Poitiers\" \/>\n<meta name=\"twitter:card\" content=\"summary_large_image\" \/>\n<meta name=\"twitter:label1\" content=\"Dur\u00e9e de lecture estim\u00e9e\" \/>\n\t<meta name=\"twitter:data1\" content=\"1 minute\" \/>\n<script type=\"application\/ld+json\" class=\"yoast-schema-graph\">{\"@context\":\"https:\\\/\\\/schema.org\",\"@graph\":[{\"@type\":\"WebPage\",\"@id\":\"https:\\\/\\\/www.respirelavie.fr\\\/poitiers\\\/animations-creatives-2019\\\/\",\"url\":\"https:\\\/\\\/www.respirelavie.fr\\\/poitiers\\\/animations-creatives-2019\\\/\",\"name\":\"Animations cr\u00e9atives 2019 - Salon RESPIRE LA VIE Poitiers\",\"isPartOf\":{\"@id\":\"https:\\\/\\\/www.respirelavie.fr\\\/poitiers\\\/#website\"},\"datePublished\":\"2020-03-18T16:13:35+00:00\",\"breadcrumb\":{\"@id\":\"https:\\\/\\\/www.respirelavie.fr\\\/poitiers\\\/animations-creatives-2019\\\/#breadcrumb\"},\"inLanguage\":\"fr-FR\",\"potentialAction\":[{\"@type\":\"ReadAction\",\"target\":[\"https:\\\/\\\/www.respirelavie.fr\\\/poitiers\\\/animations-creatives-2019\\\/\"]}]},{\"@type\":\"BreadcrumbList\",\"@id\":\"https:\\\/\\\/www.respirelavie.fr\\\/poitiers\\\/animations-creatives-2019\\\/#breadcrumb\",\"itemListElement\":[{\"@type\":\"ListItem\",\"position\":1,\"name\":\"Accueil\",\"item\":\"https:\\\/\\\/www.respirelavie.fr\\\/poitiers\\\/\"},{\"@type\":\"ListItem\",\"position\":2,\"name\":\"Animations cr\u00e9atives 2019\"}]},{\"@type\":\"WebSite\",\"@id\":\"https:\\\/\\\/www.respirelavie.fr\\\/poitiers\\\/#website\",\"url\":\"https:\\\/\\\/www.respirelavie.fr\\\/poitiers\\\/\",\"name\":\"Salon RESPIRE LA VIE Poitiers\",\"description\":\"RESPIRE : votre salon bio, bien-\u00eatre et habitat sain \u00e0 Poitiers\",\"publisher\":{\"@id\":\"https:\\\/\\\/www.respirelavie.fr\\\/poitiers\\\/#organization\"},\"potentialAction\":[{\"@type\":\"SearchAction\",\"target\":{\"@type\":\"EntryPoint\",\"urlTemplate\":\"https:\\\/\\\/www.respirelavie.fr\\\/poitiers\\\/?s={search_term_string}\"},\"query-input\":{\"@type\":\"PropertyValueSpecification\",\"valueRequired\":true,\"valueName\":\"search_term_string\"}}],\"inLanguage\":\"fr-FR\"},{\"@type\":\"Organization\",\"@id\":\"https:\\\/\\\/www.respirelavie.fr\\\/poitiers\\\/#organization\",\"name\":\"Salon RESPIRE LA VIE Poitiers\",\"url\":\"https:\\\/\\\/www.respirelavie.fr\\\/poitiers\\\/\",\"logo\":{\"@type\":\"ImageObject\",\"inLanguage\":\"fr-FR\",\"@id\":\"https:\\\/\\\/www.respirelavie.fr\\\/poitiers\\\/#\\\/schema\\\/logo\\\/image\\\/\",\"url\":\"https:\\\/\\\/www.respirelavie.fr\\\/poitiers\\\/wp-content\\\/uploads\\\/sites\\\/3\\\/2024\\\/03\\\/Logo-RESPIRE-LA-VIE-poitiers.jpg\",\"contentUrl\":\"https:\\\/\\\/www.respirelavie.fr\\\/poitiers\\\/wp-content\\\/uploads\\\/sites\\\/3\\\/2024\\\/03\\\/Logo-RESPIRE-LA-VIE-poitiers.jpg\",\"width\":470,\"height\":262,\"caption\":\"Salon RESPIRE LA VIE Poitiers\"},\"image\":{\"@id\":\"https:\\\/\\\/www.respirelavie.fr\\\/poitiers\\\/#\\\/schema\\\/logo\\\/image\\\/\"}}]}<\/script>\n<!-- \/ Yoast SEO plugin. -->","yoast_head_json":{"title":"Animations cr\u00e9atives 2019 - Salon RESPIRE LA VIE Poitiers","robots":{"index":"index","follow":"follow","max-snippet":"max-snippet:-1","max-image-preview":"max-image-preview:large","max-video-preview":"max-video-preview:-1"},"canonical":"https:\/\/www.respirelavie.fr\/poitiers\/animations-creatives-2019\/","og_locale":"fr_FR","og_type":"article","og_title":"Animations cr\u00e9atives 2019 - Salon RESPIRE LA VIE Poitiers","og_description":"Espace CHABICHOU VENDREDI 22 NOVEMBRE 2019 11:00 Cuisson basse temp\u00e9rature : de l\u2019entr\u00e9e au dessert en une seule cuisson \u2013 L\u2019Omnicuiseur Vitalit\u00e9 12:15 Pr\u00e9paration d\u2019un savon maison par saponification \u00e0 froid \u2013 Jeff Renault, Savondou 13:30 ViniBio : D\u00e9gustation comment\u00e9e des vins du salon &#8211; Lilas Carit\u00e9, Guide du vin bio, Editions Utovie \/\/ annul\u00e9&hellip;","og_url":"https:\/\/www.respirelavie.fr\/poitiers\/animations-creatives-2019\/","og_site_name":"Salon RESPIRE LA VIE Poitiers","twitter_card":"summary_large_image","twitter_misc":{"Dur\u00e9e de lecture estim\u00e9e":"1 minute"},"schema":{"@context":"https:\/\/schema.org","@graph":[{"@type":"WebPage","@id":"https:\/\/www.respirelavie.fr\/poitiers\/animations-creatives-2019\/","url":"https:\/\/www.respirelavie.fr\/poitiers\/animations-creatives-2019\/","name":"Animations cr\u00e9atives 2019 - Salon RESPIRE LA VIE Poitiers","isPartOf":{"@id":"https:\/\/www.respirelavie.fr\/poitiers\/#website"},"datePublished":"2020-03-18T16:13:35+00:00","breadcrumb":{"@id":"https:\/\/www.respirelavie.fr\/poitiers\/animations-creatives-2019\/#breadcrumb"},"inLanguage":"fr-FR","potentialAction":[{"@type":"ReadAction","target":["https:\/\/www.respirelavie.fr\/poitiers\/animations-creatives-2019\/"]}]},{"@type":"BreadcrumbList","@id":"https:\/\/www.respirelavie.fr\/poitiers\/animations-creatives-2019\/#breadcrumb","itemListElement":[{"@type":"ListItem","position":1,"name":"Accueil","item":"https:\/\/www.respirelavie.fr\/poitiers\/"},{"@type":"ListItem","position":2,"name":"Animations cr\u00e9atives 2019"}]},{"@type":"WebSite","@id":"https:\/\/www.respirelavie.fr\/poitiers\/#website","url":"https:\/\/www.respirelavie.fr\/poitiers\/","name":"Salon RESPIRE LA VIE Poitiers","description":"RESPIRE : votre salon bio, bien-\u00eatre et habitat sain \u00e0 Poitiers","publisher":{"@id":"https:\/\/www.respirelavie.fr\/poitiers\/#organization"},"potentialAction":[{"@type":"SearchAction","target":{"@type":"EntryPoint","urlTemplate":"https:\/\/www.respirelavie.fr\/poitiers\/?s={search_term_string}"},"query-input":{"@type":"PropertyValueSpecification","valueRequired":true,"valueName":"search_term_string"}}],"inLanguage":"fr-FR"},{"@type":"Organization","@id":"https:\/\/www.respirelavie.fr\/poitiers\/#organization","name":"Salon RESPIRE LA VIE Poitiers","url":"https:\/\/www.respirelavie.fr\/poitiers\/","logo":{"@type":"ImageObject","inLanguage":"fr-FR","@id":"https:\/\/www.respirelavie.fr\/poitiers\/#\/schema\/logo\/image\/","url":"https:\/\/www.respirelavie.fr\/poitiers\/wp-content\/uploads\/sites\/3\/2024\/03\/Logo-RESPIRE-LA-VIE-poitiers.jpg","contentUrl":"https:\/\/www.respirelavie.fr\/poitiers\/wp-content\/uploads\/sites\/3\/2024\/03\/Logo-RESPIRE-LA-VIE-poitiers.jpg","width":470,"height":262,"caption":"Salon RESPIRE LA VIE Poitiers"},"image":{"@id":"https:\/\/www.respirelavie.fr\/poitiers\/#\/schema\/logo\/image\/"}}]}},"_links":{"self":[{"href":"https:\/\/www.respirelavie.fr\/poitiers\/wp-json\/wp\/v2\/pages\/7291","targetHints":{"allow":["GET"]}}],"collection":[{"href":"https:\/\/www.respirelavie.fr\/poitiers\/wp-json\/wp\/v2\/pages"}],"about":[{"href":"https:\/\/www.respirelavie.fr\/poitiers\/wp-json\/wp\/v2\/types\/page"}],"author":[{"embeddable":true,"href":"https:\/\/www.respirelavie.fr\/poitiers\/wp-json\/wp\/v2\/users\/1"}],"replies":[{"embeddable":true,"href":"https:\/\/www.respirelavie.fr\/poitiers\/wp-json\/wp\/v2\/comments?post=7291"}],"version-history":[{"count":0,"href":"https:\/\/www.respirelavie.fr\/poitiers\/wp-json\/wp\/v2\/pages\/7291\/revisions"}],"wp:attachment":[{"href":"https:\/\/www.respirelavie.fr\/poitiers\/wp-json\/wp\/v2\/media?parent=7291"}],"curies":[{"name":"wp","href":"https:\/\/api.w.org\/{rel}","templated":true}]}}