{"id":7297,"date":"2020-03-18T17:18:16","date_gmt":"2020-03-18T16:18:16","guid":{"rendered":"https:\/\/www.respirelavie.fr\/poitiers\/?page_id=7297"},"modified":"2020-03-18T17:18:16","modified_gmt":"2020-03-18T16:18:16","slug":"marche-des-producteurs-2019","status":"publish","type":"page","link":"https:\/\/www.respirelavie.fr\/poitiers\/marche-des-producteurs-2019\/","title":{"rendered":"March\u00e9 des producteurs 2019"},"content":{"rendered":"<h3><strong>ZOOM \/ march\u00e9 des producteurs<\/strong><\/h3>\n<p style=\"text-align: justify;\">Le march\u00e9 des producteurs accueillera <strong>19 producteurs<\/strong> qui pr\u00e9senteront une large gamme de produits <strong><u>certifi\u00e9s en agriculture biologique <\/u><\/strong>: plants d\u2019aromatiques m\u00e9dicinales et plants de petits fruits ; fromages de ch\u00e8vre ; l\u00e9gumes ; tisanes ; cosm\u00e9tiques ; farines ; l\u00e9gumes secs ; vins ; soupes ; confitures ; spiruline&#8230;<br \/>\nDe quoi ravir les papilles gustatives des visiteurs !<\/p>\n<ul>\n<li><span style=\"color: #59a832;\"><strong><span style=\"font-size: 14pt;\">COGNAC ALAIN CHADUTAUD : <\/span><\/strong><span style=\"font-size: 12pt;\"><span style=\"color: #333333;\">Cognac, pineau, vins,<br \/>\nM\u00e9thode traditionnelle, jus de raisin et jus de raisin gaz\u00e9ifi\u00e9<\/span><\/span><\/span><\/li>\n<li><span style=\"font-size: 14pt; color: #59a832;\"><strong>ALAIN BUDE :<\/strong><\/span> Farines : bl\u00e9, seigle, petit \u00e9peautre, sarrasin, lentilles, ma\u00efs, pois chiche \/ Huiles : tournesol, cam\u00e9line, chanvre, \/ L\u00e9gumes secs : pois chiche, lentilles<\/li>\n<li><span style=\"color: #59a832; font-size: 14pt;\"><strong>BRASSERIE DU VAL DE SEVRE :<\/strong><\/span> Bi\u00e8res artisanales, savons artisanaux<\/li>\n<li><span style=\"font-size: 14pt; color: #59a832;\"><strong>FERME DU RIVEAU :<\/strong><\/span> Soupes, confitures<\/li>\n<li><span style=\"font-size: 14pt; color: #59a832;\"><strong>DOMAINE ANDR\u00c9 :<\/strong><\/span> Vins charentais (rouge, ros\u00e9, blanc), M\u00e9thode traditionnelle, P\u00e9tillant de raisin, jus de raisin, gel\u00e9e de raisin<\/li>\n<li><span style=\"font-size: 14pt; color: #59a832;\"><strong>LA GRANGE DES DELICES :<\/strong><\/span> Miels<\/li>\n<li><span style=\"font-size: 14pt; color: #59a832;\"><strong>DENIS BOURGIN :<\/strong><\/span> Ch\u00e2taignes fraiches, cr\u00e8me de marrons, pur\u00e9e de ch\u00e2taignes, confiture et g\u00e2teaux de ch\u00e2taignes<\/li>\n<li><span style=\"font-size: 14pt; color: #59a832;\"><strong>AUTOUR DES PLANTES :<\/strong><\/span> Plantes aromatiques, tisanes, cosm\u00e9tiques<\/li>\n<li><span style=\"font-size: 14pt; color: #59a832;\"><strong>LAURENT NAUDIN :<\/strong><\/span> Spiruline<\/li>\n<li><span style=\"font-size: 14pt; color: #59a832;\"><strong>PASCAL IMBERT : <\/strong><\/span>Vente de viande bovine en caissette<\/li>\n<li><span style=\"font-size: 14pt; color: #59a832;\"><strong>LES JARDINS D&rsquo;HESPERANCE : <\/strong><\/span>L\u00e9gumes<\/li>\n<li><span style=\"font-size: 14pt; color: #59a832;\"><strong>MARIE-FRANCE PASQUINET :<\/strong><\/span> Fruits (pommes, poires)<\/li>\n<li><span style=\"font-size: 14pt; color: #59a832;\"><strong>FERME DE LA QUINATI\u00c8RE : <\/strong><\/span>Tisanes simples et compos\u00e9es<\/li>\n<li><span style=\"font-size: 14pt; color: #59a832;\"><strong>EARL DES PERVENCHES :<\/strong><\/span> Fromages de ch\u00e8vres<\/li>\n<li><span style=\"font-size: 14pt; color: #59a832;\"><strong>VIENNE NATURE :<\/strong><\/span> Asso environnementale<\/li>\n<li><span style=\"font-size: 14pt; color: #59a832;\"><strong>NATHALIE NOVAK :<\/strong><\/span> P\u00e9pini\u00e9riste<\/li>\n<li><span style=\"font-size: 14pt; color: #59a832;\"><strong>FERME BIO 86 :<\/strong> <\/span>L\u00e9gumes<\/li>\n<li><span style=\"font-size: 14pt; color: #59a832;\"><strong>LA FOLIE BERG\u00c8RE : <\/strong><\/span>L\u00e9gumes<\/li>\n<li><span style=\"font-size: 14pt; color: #59a832;\"><strong>TOMATES ET POTIRONS :<\/strong><\/span> L\u00e9gumes<\/li>\n<\/ul>\n","protected":false},"excerpt":{"rendered":"<p>ZOOM \/ march\u00e9 des producteurs Le march\u00e9 des producteurs accueillera 19 producteurs qui pr\u00e9senteront une large gamme de produits certifi\u00e9s en agriculture biologique : plants d\u2019aromatiques m\u00e9dicinales et plants de petits fruits ; fromages de ch\u00e8vre ; l\u00e9gumes ; tisanes ; cosm\u00e9tiques ; farines ; l\u00e9gumes secs ; vins ; soupes ; confitures ; spiruline&#8230;&hellip; <\/p>\n","protected":false},"author":1,"featured_media":0,"parent":0,"menu_order":0,"comment_status":"closed","ping_status":"closed","template":"","meta":{"_monsterinsights_skip_tracking":false,"_monsterinsights_sitenote_active":false,"_monsterinsights_sitenote_note":"","_monsterinsights_sitenote_category":0,"footnotes":""},"class_list":["post-7297","page","type-page","status-publish","hentry"],"yoast_head":"<!-- This site is optimized with the Yoast SEO plugin v27.3 - https:\/\/yoast.com\/product\/yoast-seo-wordpress\/ -->\n<title>March\u00e9 des producteurs 2019 - Salon RESPIRE LA VIE Poitiers<\/title>\n<meta name=\"robots\" content=\"index, follow, max-snippet:-1, max-image-preview:large, max-video-preview:-1\" \/>\n<link rel=\"canonical\" href=\"https:\/\/www.respirelavie.fr\/poitiers\/marche-des-producteurs-2019\/\" \/>\n<meta property=\"og:locale\" content=\"fr_FR\" \/>\n<meta property=\"og:type\" content=\"article\" \/>\n<meta property=\"og:title\" content=\"March\u00e9 des producteurs 2019 - Salon RESPIRE LA VIE Poitiers\" \/>\n<meta property=\"og:description\" content=\"ZOOM \/ march\u00e9 des producteurs Le march\u00e9 des producteurs accueillera 19 producteurs qui pr\u00e9senteront une large gamme de produits certifi\u00e9s en agriculture biologique : plants d\u2019aromatiques m\u00e9dicinales et plants de petits fruits ; fromages de ch\u00e8vre ; l\u00e9gumes ; tisanes ; cosm\u00e9tiques ; farines ; l\u00e9gumes secs ; vins ; soupes ; confitures ; spiruline&#8230;&hellip;\" \/>\n<meta property=\"og:url\" content=\"https:\/\/www.respirelavie.fr\/poitiers\/marche-des-producteurs-2019\/\" \/>\n<meta property=\"og:site_name\" content=\"Salon RESPIRE LA VIE Poitiers\" \/>\n<meta name=\"twitter:card\" content=\"summary_large_image\" \/>\n<meta name=\"twitter:label1\" content=\"Dur\u00e9e de lecture estim\u00e9e\" \/>\n\t<meta name=\"twitter:data1\" content=\"1 minute\" \/>\n<script type=\"application\/ld+json\" class=\"yoast-schema-graph\">{\"@context\":\"https:\\\/\\\/schema.org\",\"@graph\":[{\"@type\":\"WebPage\",\"@id\":\"https:\\\/\\\/www.respirelavie.fr\\\/poitiers\\\/marche-des-producteurs-2019\\\/\",\"url\":\"https:\\\/\\\/www.respirelavie.fr\\\/poitiers\\\/marche-des-producteurs-2019\\\/\",\"name\":\"March\u00e9 des producteurs 2019 - Salon RESPIRE LA VIE Poitiers\",\"isPartOf\":{\"@id\":\"http:\\\/\\\/www.respirelavie.fr\\\/poitiers\\\/#website\"},\"datePublished\":\"2020-03-18T16:18:16+00:00\",\"breadcrumb\":{\"@id\":\"https:\\\/\\\/www.respirelavie.fr\\\/poitiers\\\/marche-des-producteurs-2019\\\/#breadcrumb\"},\"inLanguage\":\"fr-FR\",\"potentialAction\":[{\"@type\":\"ReadAction\",\"target\":[\"https:\\\/\\\/www.respirelavie.fr\\\/poitiers\\\/marche-des-producteurs-2019\\\/\"]}]},{\"@type\":\"BreadcrumbList\",\"@id\":\"https:\\\/\\\/www.respirelavie.fr\\\/poitiers\\\/marche-des-producteurs-2019\\\/#breadcrumb\",\"itemListElement\":[{\"@type\":\"ListItem\",\"position\":1,\"name\":\"Accueil\",\"item\":\"http:\\\/\\\/www.respirelavie.fr\\\/poitiers\\\/\"},{\"@type\":\"ListItem\",\"position\":2,\"name\":\"March\u00e9 des producteurs 2019\"}]},{\"@type\":\"WebSite\",\"@id\":\"http:\\\/\\\/www.respirelavie.fr\\\/poitiers\\\/#website\",\"url\":\"http:\\\/\\\/www.respirelavie.fr\\\/poitiers\\\/\",\"name\":\"Salon RESPIRE LA VIE Poitiers\",\"description\":\"RESPIRE : votre salon bio, bien-\u00eatre et habitat sain \u00e0 Poitiers\",\"publisher\":{\"@id\":\"http:\\\/\\\/www.respirelavie.fr\\\/poitiers\\\/#organization\"},\"potentialAction\":[{\"@type\":\"SearchAction\",\"target\":{\"@type\":\"EntryPoint\",\"urlTemplate\":\"http:\\\/\\\/www.respirelavie.fr\\\/poitiers\\\/?s={search_term_string}\"},\"query-input\":{\"@type\":\"PropertyValueSpecification\",\"valueRequired\":true,\"valueName\":\"search_term_string\"}}],\"inLanguage\":\"fr-FR\"},{\"@type\":\"Organization\",\"@id\":\"http:\\\/\\\/www.respirelavie.fr\\\/poitiers\\\/#organization\",\"name\":\"Salon RESPIRE LA VIE Poitiers\",\"url\":\"http:\\\/\\\/www.respirelavie.fr\\\/poitiers\\\/\",\"logo\":{\"@type\":\"ImageObject\",\"inLanguage\":\"fr-FR\",\"@id\":\"http:\\\/\\\/www.respirelavie.fr\\\/poitiers\\\/#\\\/schema\\\/logo\\\/image\\\/\",\"url\":\"https:\\\/\\\/www.respirelavie.fr\\\/poitiers\\\/wp-content\\\/uploads\\\/sites\\\/3\\\/2024\\\/03\\\/Logo-RESPIRE-LA-VIE-poitiers.jpg\",\"contentUrl\":\"https:\\\/\\\/www.respirelavie.fr\\\/poitiers\\\/wp-content\\\/uploads\\\/sites\\\/3\\\/2024\\\/03\\\/Logo-RESPIRE-LA-VIE-poitiers.jpg\",\"width\":470,\"height\":262,\"caption\":\"Salon RESPIRE LA VIE Poitiers\"},\"image\":{\"@id\":\"http:\\\/\\\/www.respirelavie.fr\\\/poitiers\\\/#\\\/schema\\\/logo\\\/image\\\/\"}}]}<\/script>\n<!-- \/ Yoast SEO plugin. -->","yoast_head_json":{"title":"March\u00e9 des producteurs 2019 - Salon RESPIRE LA VIE Poitiers","robots":{"index":"index","follow":"follow","max-snippet":"max-snippet:-1","max-image-preview":"max-image-preview:large","max-video-preview":"max-video-preview:-1"},"canonical":"https:\/\/www.respirelavie.fr\/poitiers\/marche-des-producteurs-2019\/","og_locale":"fr_FR","og_type":"article","og_title":"March\u00e9 des producteurs 2019 - Salon RESPIRE LA VIE Poitiers","og_description":"ZOOM \/ march\u00e9 des producteurs Le march\u00e9 des producteurs accueillera 19 producteurs qui pr\u00e9senteront une large gamme de produits certifi\u00e9s en agriculture biologique : plants d\u2019aromatiques m\u00e9dicinales et plants de petits fruits ; fromages de ch\u00e8vre ; l\u00e9gumes ; tisanes ; cosm\u00e9tiques ; farines ; l\u00e9gumes secs ; vins ; soupes ; confitures ; spiruline&#8230;&hellip;","og_url":"https:\/\/www.respirelavie.fr\/poitiers\/marche-des-producteurs-2019\/","og_site_name":"Salon RESPIRE LA VIE Poitiers","twitter_card":"summary_large_image","twitter_misc":{"Dur\u00e9e de lecture estim\u00e9e":"1 minute"},"schema":{"@context":"https:\/\/schema.org","@graph":[{"@type":"WebPage","@id":"https:\/\/www.respirelavie.fr\/poitiers\/marche-des-producteurs-2019\/","url":"https:\/\/www.respirelavie.fr\/poitiers\/marche-des-producteurs-2019\/","name":"March\u00e9 des producteurs 2019 - Salon RESPIRE LA VIE Poitiers","isPartOf":{"@id":"http:\/\/www.respirelavie.fr\/poitiers\/#website"},"datePublished":"2020-03-18T16:18:16+00:00","breadcrumb":{"@id":"https:\/\/www.respirelavie.fr\/poitiers\/marche-des-producteurs-2019\/#breadcrumb"},"inLanguage":"fr-FR","potentialAction":[{"@type":"ReadAction","target":["https:\/\/www.respirelavie.fr\/poitiers\/marche-des-producteurs-2019\/"]}]},{"@type":"BreadcrumbList","@id":"https:\/\/www.respirelavie.fr\/poitiers\/marche-des-producteurs-2019\/#breadcrumb","itemListElement":[{"@type":"ListItem","position":1,"name":"Accueil","item":"http:\/\/www.respirelavie.fr\/poitiers\/"},{"@type":"ListItem","position":2,"name":"March\u00e9 des producteurs 2019"}]},{"@type":"WebSite","@id":"http:\/\/www.respirelavie.fr\/poitiers\/#website","url":"http:\/\/www.respirelavie.fr\/poitiers\/","name":"Salon RESPIRE LA VIE Poitiers","description":"RESPIRE : votre salon bio, bien-\u00eatre et habitat sain \u00e0 Poitiers","publisher":{"@id":"http:\/\/www.respirelavie.fr\/poitiers\/#organization"},"potentialAction":[{"@type":"SearchAction","target":{"@type":"EntryPoint","urlTemplate":"http:\/\/www.respirelavie.fr\/poitiers\/?s={search_term_string}"},"query-input":{"@type":"PropertyValueSpecification","valueRequired":true,"valueName":"search_term_string"}}],"inLanguage":"fr-FR"},{"@type":"Organization","@id":"http:\/\/www.respirelavie.fr\/poitiers\/#organization","name":"Salon RESPIRE LA VIE Poitiers","url":"http:\/\/www.respirelavie.fr\/poitiers\/","logo":{"@type":"ImageObject","inLanguage":"fr-FR","@id":"http:\/\/www.respirelavie.fr\/poitiers\/#\/schema\/logo\/image\/","url":"https:\/\/www.respirelavie.fr\/poitiers\/wp-content\/uploads\/sites\/3\/2024\/03\/Logo-RESPIRE-LA-VIE-poitiers.jpg","contentUrl":"https:\/\/www.respirelavie.fr\/poitiers\/wp-content\/uploads\/sites\/3\/2024\/03\/Logo-RESPIRE-LA-VIE-poitiers.jpg","width":470,"height":262,"caption":"Salon RESPIRE LA VIE Poitiers"},"image":{"@id":"http:\/\/www.respirelavie.fr\/poitiers\/#\/schema\/logo\/image\/"}}]}},"_links":{"self":[{"href":"https:\/\/www.respirelavie.fr\/poitiers\/wp-json\/wp\/v2\/pages\/7297","targetHints":{"allow":["GET"]}}],"collection":[{"href":"https:\/\/www.respirelavie.fr\/poitiers\/wp-json\/wp\/v2\/pages"}],"about":[{"href":"https:\/\/www.respirelavie.fr\/poitiers\/wp-json\/wp\/v2\/types\/page"}],"author":[{"embeddable":true,"href":"https:\/\/www.respirelavie.fr\/poitiers\/wp-json\/wp\/v2\/users\/1"}],"replies":[{"embeddable":true,"href":"https:\/\/www.respirelavie.fr\/poitiers\/wp-json\/wp\/v2\/comments?post=7297"}],"version-history":[{"count":0,"href":"https:\/\/www.respirelavie.fr\/poitiers\/wp-json\/wp\/v2\/pages\/7297\/revisions"}],"wp:attachment":[{"href":"https:\/\/www.respirelavie.fr\/poitiers\/wp-json\/wp\/v2\/media?parent=7297"}],"curies":[{"name":"wp","href":"https:\/\/api.w.org\/{rel}","templated":true}]}}