{"id":7301,"date":"2020-03-18T17:20:43","date_gmt":"2020-03-18T16:20:43","guid":{"rendered":"https:\/\/www.respirelavie.fr\/poitiers\/?page_id=7301"},"modified":"2020-03-18T17:20:43","modified_gmt":"2020-03-18T16:20:43","slug":"animations-2019","status":"publish","type":"page","link":"https:\/\/www.respirelavie.fr\/poitiers\/animations-2019\/","title":{"rendered":"Animations 2019"},"content":{"rendered":"<ul>\n<li><a href=\"#jardin\"><strong>ESPACE ENVIRONNEMENT &amp; JARDIN<\/strong><\/a><\/li>\n<li><a href=\"#art\"><strong>ESPACE ART &amp; CR\u00c9ATION<\/strong><\/a><\/li>\n<li><a href=\"#tiny\"><strong>TINY HOUSE ET BAIN NORDIK<\/strong><\/a><\/li>\n<li><a href=\"#enfants\"><strong>LE COIN DES ENFANTS<\/strong><\/a><\/li>\n<li><a href=\"#parentalite\"><strong>ESPACE PARENTALIT\u00c9<\/strong><\/a><a id=\"jardin\"><\/a><\/li>\n<\/ul>\n<h2><\/h2>\n<h2><strong>ESPACE ENVIRONNEMENT &amp; JARDIN<\/strong><\/h2>\n<p style=\"text-align: justify;\">Un espace pour s\u2019interroger sur nos modes de consommation, pour ressentir les enjeux, rep\u00e9rer des alternatives et valoriser les initiatives.<\/p>\n<p style=\"text-align: justify;\">Avec l\u2019association <em>Au Jardin d\u2019Aventures<\/em><\/p>\n<p style=\"text-align: justify;\"><em><strong>Ateliers tous les jours<\/strong><\/em><br \/>\n11:30 : confection d&rsquo;un tabouret \u00e0 roulettes<br \/>\n14:30 : cr\u00e9ation d&rsquo;une table basse personnalis\u00e9e<br \/>\n16:30 : confection d&rsquo;un tabouret \u00e0 roulettes<\/p><div id=\"respi-3890988182\" class=\"respi-contenu respi-entity-placement\"><script async src=\"\/\/pagead2.googlesyndication.com\/pagead\/js\/adsbygoogle.js?client=ca-pub-7511070832818284\" crossorigin=\"anonymous\"><\/script><ins class=\"adsbygoogle\" style=\"display:block;\" data-ad-client=\"ca-pub-7511070832818284\" \ndata-ad-slot=\"4196289901\" \ndata-ad-format=\"auto\"><\/ins>\n<script> \n(adsbygoogle = window.adsbygoogle || []).push({}); \n<\/script>\n<\/div>\n<p style=\"text-align: justify;\">Savourer avec nos sens, agir avec bon sens, donner plus de sens \u00e0 nos vies&#8230; pour une \u00e9volution plus sage et solidaire, appel\u00e9e par d&rsquo;autres \u00ab d\u00e9veloppement durable \u00bb.<\/p>\n<p style=\"text-align: justify;\">Nous questionnons nos modes de consommation, et leurs incidences. Nous essayons d&rsquo;inciter\u00a0Chacun-e \u00e0 prendre conscience de la situation, rep\u00e9rer les enjeux et des alternatives \u2013 technologiques, organisationnelles et comportementales -, valoriser les initiatives ; afin d&rsquo;agir en conscience, avec plaisir et librement.<\/p>\n<p style=\"text-align: justify;\">Fonctionnant sans subvention, notre association cr\u00e9e en 1997 est membre du r\u00e9seau GRAINE Poitou-Charentes. Pouvant accompagner aussi la maturation de projets participatifs, nous intervenons sous forme d&rsquo;ateliers, de chantiers, d&rsquo;animations, de formations, dans les domaines suivants : jardinage biologique, (a)m\u00e9nagement des espaces, alimentation, circuits courts \/ \u00e9quitables, r\u00e9duction des gaspillages alimentaires, d\u00e9placements, \u00e9co-constructions, cr\u00e9ations avec objets r\u00e9cup\u00e9r\u00e9s, \u00e9conomies d&rsquo;\u00e9nergie, d&rsquo;eau, &#8230;<\/p>\n<p>15 chemin du S\u00e9maphore 86000 Poitiers<br \/>\n09 51 02 94 73 <a href=\"mailto:benoi.ter@laposte.net\">aujardindaventures@gmx.fr<\/a> <em>ou 07 6 7 56 58 63<a id=\"art\"><\/a><\/em><\/p>\n<p>Et aussi pour d\u00e9couvrir la permaculture avec <em>Dao Initiative<\/em><\/p>\n<h2><\/h2>\n<h2><strong>ESPACE ART &amp; CR\u00c9ATION<\/strong><\/h2>\n<p style=\"text-align: justify;\">Un espace d\u2019art th\u00e9rapie pour stimuler sa cr\u00e9ativit\u00e9 et se lib\u00e9rer des \u00e9motions n\u00e9gatives, situations douloureuses. Une activit\u00e9 pour se reconnecter \u00e0 soi et vivre sa vie en conscience et de fa\u00e7on positive au quotidien.<\/p>\n<p style=\"text-align: justify;\">Organis\u00e9 par <strong>Jo\u00eblle Pallier<\/strong>, art th\u00e9rapeute dipl\u00f4m\u00e9e de la facult\u00e9 de m\u00e9decine et pharmacie de Poitiers.<\/p>\n<p style=\"text-align: justify;\"><img fetchpriority=\"high\" decoding=\"async\" class=\"wp-image-6012 alignleft\" src=\"https:\/\/www.respirelavie.fr\/poitiers\/wp-content\/uploads\/sites\/3\/2019\/09\/IMG_20171103_115149-e1568212217199-294x300.jpg\" alt=\"\" width=\"297\" height=\"314\" \/>L&rsquo;art-th\u00e9rapie utilise la cr\u00e9ation artistique (dessin, peinture, collage, modelage&#8230;) pour prendre contact avec sa vie int\u00e9rieure (sentiments, r\u00eaves, inconscient, etc.), l&rsquo;exprimer et se transformer.<br \/>\nLa d\u00e9marche th\u00e9rapeutique consiste \u00e0 laisser progressivement surgir ses images int\u00e9rieures, sans se pr\u00e9occuper de la qualit\u00e9 ou de l&rsquo;apparence de l\u2019\u0153uvre finale. Il n\u2019est donc pas besoin d\u2018avoir des connaissances musicales, artistiques, pour cr\u00e9er.<br \/>\nLe geste cr\u00e9ateur fait appel au corps qui se met en mouvement pour cr\u00e9er une \u0153uvre concr\u00e8te.<br \/>\nDans le m\u00eame \u00e9lan, il sollicite l&rsquo;imagination, l&rsquo;intuition, la pens\u00e9e et les \u00e9motions. La cr\u00e9ativit\u00e9 artistique permet \u00e0 chacun de se retrouver avec lui-m\u00eame.<br \/>\nC\u2019est un mouvement qui va de l\u2019int\u00e9rieur vers l\u2019ext\u00e9rieur et qui accepte de mettre en vie ses \u00e9motions.<a id=\"tiny\"><\/a><br \/>\nL\u2019art-th\u00e9rapeute est une personne bienveillante qui vous accompagne dans un mieux-\u00eatre. L&rsquo;art-th\u00e9rapeute est tenu au secret professionnel et vous guide \u00e0 votre rythme.<\/p>\n<p>&nbsp;<\/p>\n<h2><strong>TINY HOUSE ET BAIN NORDIK<\/strong><\/h2>\n<p style=\"text-align: justify;\"><strong>La Tiny Teardrop<\/strong><\/p>\n<p style=\"text-align: justify;\"><img decoding=\"async\" class=\"wp-image-6023 alignright\" src=\"https:\/\/www.respirelavie.fr\/poitiers\/wp-content\/uploads\/sites\/3\/2019\/09\/1-teardrop-1024x768.jpg\" alt=\"\" width=\"400\" height=\"302\" \/>Bois et Paille a \u00e9videmment dit un grand OUI \u00e0 la conception et r\u00e9alisation de cette petite caravane !<br \/>\nPetits modules, gestion extr\u00eame de l&rsquo;espace, pour des vacances l\u00e9g\u00e8res, l\u00e9g\u00e8res&#8230;<\/p>\n<p style=\"text-align: justify;\">Les premi\u00e8res Teardrop datent\u00a0des ann\u00e9es 30 et surtout des ann\u00e9es 50 et 60. A cette \u00e9poque, elles \u00e9taient g\u00e9n\u00e9ralement r\u00e9alis\u00e9es en autoconstruction ; les plans \u00e9taient donc copi\u00e9s et reproduits, mais chacun y apportait sa touche.<\/p>\n<p style=\"text-align: justify;\">Ses avantages sont nombreux : l\u00e9g\u00e8ret\u00e9, maniabilit\u00e9, co\u00fbt \u00e9conomique moindre par rapport \u00e0 une caravane, encombrement de stockage r\u00e9duit&#8230; bref, Bois et Paille s&rsquo;est une nouvelle fois r\u00e9gal\u00e9 de ce projet tout en courbes et en recherche de simplicit\u00e9 !<\/p>\n<p style=\"text-align: justify;\">West wood tiny vous propose vos tiny sur catalogue avec diff\u00e9rentes options de personnalisation. Id\u00e9al pour partir en vacances en week-end. Vous \u00eates pr\u00eat \u00e0 vous \u00e9vader en quelque secondes&#8230;<\/p>\n<p style=\"text-align: justify;\"><strong>Le Bain Nordik<\/strong><\/p>\n<p style=\"text-align: justify;\"><img decoding=\"async\" class=\"wp-image-6024 size-medium alignleft\" src=\"https:\/\/www.respirelavie.fr\/poitiers\/wp-content\/uploads\/sites\/3\/2019\/09\/2-le-bain-nordik-300x260.jpg\" alt=\"\" width=\"300\" height=\"260\" srcset=\"https:\/\/www.respirelavie.fr\/poitiers\/wp-content\/uploads\/sites\/3\/2019\/09\/2-le-bain-nordik-300x260.jpg 300w, https:\/\/www.respirelavie.fr\/poitiers\/wp-content\/uploads\/sites\/3\/2019\/09\/2-le-bain-nordik-500x434.jpg 500w, https:\/\/www.respirelavie.fr\/poitiers\/wp-content\/uploads\/sites\/3\/2019\/09\/2-le-bain-nordik-150x130.jpg 150w, https:\/\/www.respirelavie.fr\/poitiers\/wp-content\/uploads\/sites\/3\/2019\/09\/2-le-bain-nordik.jpg 550w\" sizes=\"(max-width: 300px) 100vw, 300px\" \/>West Wood Tiny, marque de Bois et Paille, continue de s&rsquo;amuser et de cr\u00e9er de beaux produits, pour votre confort et votre bien-\u00eatre !<\/p>\n<p style=\"text-align: justify;\">Ce spa ext\u00e9rieur naturel sans traitement permet de profiter pleinement des nuit \u00e9toil\u00e9es, des soir\u00e9e entre amis et vous permet de vous relaxer&#8230;<\/p>\n<p style=\"text-align: justify;\">L\u2019eau peut \u00eatre r\u00e9utilis\u00e9 pour le jardin afin de ne pas gaspiller cette eau si pr\u00e9cieuse.<a id=\"enfants\"><\/a><\/p>\n<p style=\"text-align: justify;\"><em>Organis\u00e9 par Bois et Paille<\/em><\/p>\n<h2><\/h2>\n<p>&nbsp;<\/p>\n<h2><strong>LE COIN DES ENFANTS<\/strong><\/h2>\n<p><img loading=\"lazy\" decoding=\"async\" class=\"wp-image-6027 size-medium alignright\" src=\"https:\/\/www.respirelavie.fr\/poitiers\/wp-content\/uploads\/sites\/3\/2019\/09\/le-coin-des-enfants-300x200.jpg\" alt=\"\" width=\"300\" height=\"200\" srcset=\"https:\/\/www.respirelavie.fr\/poitiers\/wp-content\/uploads\/sites\/3\/2019\/09\/le-coin-des-enfants-300x200.jpg 300w, https:\/\/www.respirelavie.fr\/poitiers\/wp-content\/uploads\/sites\/3\/2019\/09\/le-coin-des-enfants-768x512.jpg 768w, https:\/\/www.respirelavie.fr\/poitiers\/wp-content\/uploads\/sites\/3\/2019\/09\/le-coin-des-enfants-1024x683.jpg 1024w, https:\/\/www.respirelavie.fr\/poitiers\/wp-content\/uploads\/sites\/3\/2019\/09\/le-coin-des-enfants-500x334.jpg 500w, https:\/\/www.respirelavie.fr\/poitiers\/wp-content\/uploads\/sites\/3\/2019\/09\/le-coin-des-enfants-150x100.jpg 150w, https:\/\/www.respirelavie.fr\/poitiers\/wp-content\/uploads\/sites\/3\/2019\/09\/le-coin-des-enfants.jpg 1688w\" sizes=\"(max-width: 300px) 100vw, 300px\" \/><\/p>\n<p style=\"text-align: justify;\"><strong>Espace enfants<br \/>\n<\/strong>Animations cr\u00e9atives et bricolages nature \u00e0 base de mat\u00e9riaux de r\u00e9cup\u00e9ration. Samedi et Dimanche, \u00e0 partir de 3 ans.<\/p>\n<p style=\"text-align: justify;\"><strong>Espace b\u00e9b\u00e9s<a id=\"parentalite\"><\/a><br \/>\n<\/strong>Espace am\u00e9nag\u00e9 et d\u00e9di\u00e9 aux b\u00e9b\u00e9s et \u00e0 leurs parents pour une pause biberon, allaitement, change et c\u00e2lins.<\/p>\n<h2><\/h2>\n<p>&nbsp;<\/p>\n<h2><strong>ESPACE PARENTALIT\u00c9\u00a0<\/strong><\/h2>\n<p style=\"text-align: justify;\"><img loading=\"lazy\" decoding=\"async\" class=\"wp-image-6048 size-medium alignleft\" src=\"https:\/\/www.respirelavie.fr\/poitiers\/wp-content\/uploads\/sites\/3\/2019\/09\/Fotolia_133632099_Subscription_Monthly_M-300x212.jpg\" alt=\"\" width=\"300\" height=\"212\" srcset=\"https:\/\/www.respirelavie.fr\/poitiers\/wp-content\/uploads\/sites\/3\/2019\/09\/Fotolia_133632099_Subscription_Monthly_M-300x212.jpg 300w, https:\/\/www.respirelavie.fr\/poitiers\/wp-content\/uploads\/sites\/3\/2019\/09\/Fotolia_133632099_Subscription_Monthly_M-768x543.jpg 768w, https:\/\/www.respirelavie.fr\/poitiers\/wp-content\/uploads\/sites\/3\/2019\/09\/Fotolia_133632099_Subscription_Monthly_M-1024x724.jpg 1024w, https:\/\/www.respirelavie.fr\/poitiers\/wp-content\/uploads\/sites\/3\/2019\/09\/Fotolia_133632099_Subscription_Monthly_M-500x354.jpg 500w, https:\/\/www.respirelavie.fr\/poitiers\/wp-content\/uploads\/sites\/3\/2019\/09\/Fotolia_133632099_Subscription_Monthly_M-150x106.jpg 150w, https:\/\/www.respirelavie.fr\/poitiers\/wp-content\/uploads\/sites\/3\/2019\/09\/Fotolia_133632099_Subscription_Monthly_M.jpg 1639w\" sizes=\"(max-width: 300px) 100vw, 300px\" \/><\/p>\n<p style=\"text-align: justify;\">L&rsquo;association \u00ab\u00a0Na\u00eetre et Grandir en Poitou\u00a0\u00bb est un\u00a0collectif autour de la grossesse, la naissance,\u00a0la parentalit\u00e9 et la petite enfance.<\/p>\n<p style=\"text-align: justify;\">Elle\u00a0propose des ateliers de transmission, de partage de savoir-faire, de discussion anim\u00e9s par des\u00a0parents et des ateliers anim\u00e9s par des\u00a0professionnel.le.s autour du\u00a0bien-\u00eatre parents\/b\u00e9b\u00e9s.<\/p>\n<p>&nbsp;<\/p>\n<h4><\/h4>\n<h4><\/h4>\n<h3><strong>Vendredi 22 novembre<\/strong><\/h3>\n<p>11h : D\u00e9couverte de la Langue de Signes pour b\u00e9b\u00e9 associ\u00e9e \u00e0 la parole<br \/>\n13h\u00a0: Le Journal Cr\u00e9atif : un outil de \u00a0 d\u00e9veloppement personnel (atelier adulte)<br \/>\n14h\u00a0: Discussion sur l\u2019allaitement maternel avec l\u2019association Info allaitement 86<br \/>\n15h\u00a0: Qu\u2019est-ce que l\u2019hygi\u00e8ne naturelle infantile\u00a0(HNI) ?<\/p>\n<h3><strong>Samedi 23 novembre<\/strong><\/h3>\n<p>11h\u00a0: Initiation au portage<br \/>\n14h : D\u00e9couverte de la Langue de Signes pour b\u00e9b\u00e9 associ\u00e9e \u00e0 la parole<br \/>\n15h\u00a0: Go\u00fbter papotage \u00ab\u00a0qu\u2019est-ce qu\u2019une doula ?\u00a0\u00bb avec l\u2019association des doulas de la Vienne<br \/>\n16h\u00a0: Chant pr\u00e9natal<br \/>\n17h\u00a0: D\u00e9couverte du journal cr\u00e9atif en famille<\/p>\n<h3><strong>Dimanche 24 novembre<\/strong><\/h3>\n<p>11h\u00a0: Sophrologie,\u00a0Hypnose\u00a0et Journal cr\u00e9atif\u00a0des outils pour accompagner la\u00a0femme enceinte<br \/>\n14h\u00a0: Atelier sur les couches lavables<br \/>\n15h\u00a0: D\u00e9couverte des ateliers Faber et Mazlish<br \/>\n16h\u00a0: Go\u00fbter papotage \u00ab\u00a0qu\u2019est-ce que l\u2019accouchement physiologique ?\u00a0\u00bb avec l\u2019association des doulas de la Vienne<\/p>\n","protected":false},"excerpt":{"rendered":"<p>ESPACE ENVIRONNEMENT &amp; JARDIN ESPACE ART &amp; CR\u00c9ATION TINY HOUSE ET BAIN NORDIK LE COIN DES ENFANTS ESPACE PARENTALIT\u00c9 ESPACE ENVIRONNEMENT &amp; JARDIN Un espace pour s\u2019interroger sur nos modes de consommation, pour ressentir les enjeux, rep\u00e9rer des alternatives et valoriser les initiatives. Avec l\u2019association Au Jardin d\u2019Aventures Ateliers tous les jours 11:30 : confection&hellip; <\/p>\n","protected":false},"author":1,"featured_media":0,"parent":0,"menu_order":0,"comment_status":"closed","ping_status":"closed","template":"","meta":{"_monsterinsights_skip_tracking":false,"_monsterinsights_sitenote_active":false,"_monsterinsights_sitenote_note":"","_monsterinsights_sitenote_category":0,"footnotes":""},"class_list":["post-7301","page","type-page","status-publish","hentry"],"yoast_head":"<!-- This site is optimized with the Yoast SEO plugin v27.3 - https:\/\/yoast.com\/product\/yoast-seo-wordpress\/ -->\n<title>Animations 2019 - Salon RESPIRE LA VIE Poitiers<\/title>\n<meta name=\"robots\" content=\"index, follow, max-snippet:-1, max-image-preview:large, max-video-preview:-1\" \/>\n<link rel=\"canonical\" href=\"https:\/\/www.respirelavie.fr\/poitiers\/animations-2019\/\" \/>\n<meta property=\"og:locale\" content=\"fr_FR\" \/>\n<meta property=\"og:type\" content=\"article\" \/>\n<meta property=\"og:title\" content=\"Animations 2019 - Salon RESPIRE LA VIE Poitiers\" \/>\n<meta property=\"og:description\" content=\"ESPACE ENVIRONNEMENT &amp; JARDIN ESPACE ART &amp; CR\u00c9ATION TINY HOUSE ET BAIN NORDIK LE COIN DES ENFANTS ESPACE PARENTALIT\u00c9 ESPACE ENVIRONNEMENT &amp; JARDIN Un espace pour s\u2019interroger sur nos modes de consommation, pour ressentir les enjeux, rep\u00e9rer des alternatives et valoriser les initiatives. Avec l\u2019association Au Jardin d\u2019Aventures Ateliers tous les jours 11:30 : confection&hellip;\" \/>\n<meta property=\"og:url\" content=\"https:\/\/www.respirelavie.fr\/poitiers\/animations-2019\/\" \/>\n<meta property=\"og:site_name\" content=\"Salon RESPIRE LA VIE Poitiers\" \/>\n<meta property=\"og:image\" content=\"https:\/\/www.respirelavie.fr\/poitiers\/wp-content\/uploads\/sites\/3\/2019\/09\/IMG_20171103_115149-e1568212217199-294x300.jpg\" \/>\n<meta name=\"twitter:card\" content=\"summary_large_image\" \/>\n<meta name=\"twitter:label1\" content=\"Dur\u00e9e de lecture estim\u00e9e\" \/>\n\t<meta name=\"twitter:data1\" content=\"5 minutes\" \/>\n<script type=\"application\/ld+json\" class=\"yoast-schema-graph\">{\"@context\":\"https:\\\/\\\/schema.org\",\"@graph\":[{\"@type\":\"WebPage\",\"@id\":\"https:\\\/\\\/www.respirelavie.fr\\\/poitiers\\\/animations-2019\\\/\",\"url\":\"https:\\\/\\\/www.respirelavie.fr\\\/poitiers\\\/animations-2019\\\/\",\"name\":\"Animations 2019 - Salon RESPIRE LA VIE Poitiers\",\"isPartOf\":{\"@id\":\"http:\\\/\\\/www.respirelavie.fr\\\/poitiers\\\/#website\"},\"primaryImageOfPage\":{\"@id\":\"https:\\\/\\\/www.respirelavie.fr\\\/poitiers\\\/animations-2019\\\/#primaryimage\"},\"image\":{\"@id\":\"https:\\\/\\\/www.respirelavie.fr\\\/poitiers\\\/animations-2019\\\/#primaryimage\"},\"thumbnailUrl\":\"https:\\\/\\\/www.respirelavie.fr\\\/poitiers\\\/wp-content\\\/uploads\\\/sites\\\/3\\\/2019\\\/09\\\/IMG_20171103_115149-e1568212217199-294x300.jpg\",\"datePublished\":\"2020-03-18T16:20:43+00:00\",\"breadcrumb\":{\"@id\":\"https:\\\/\\\/www.respirelavie.fr\\\/poitiers\\\/animations-2019\\\/#breadcrumb\"},\"inLanguage\":\"fr-FR\",\"potentialAction\":[{\"@type\":\"ReadAction\",\"target\":[\"https:\\\/\\\/www.respirelavie.fr\\\/poitiers\\\/animations-2019\\\/\"]}]},{\"@type\":\"ImageObject\",\"inLanguage\":\"fr-FR\",\"@id\":\"https:\\\/\\\/www.respirelavie.fr\\\/poitiers\\\/animations-2019\\\/#primaryimage\",\"url\":\"https:\\\/\\\/www.respirelavie.fr\\\/poitiers\\\/wp-content\\\/uploads\\\/sites\\\/3\\\/2019\\\/09\\\/IMG_20171103_115149-e1568212217199-294x300.jpg\",\"contentUrl\":\"https:\\\/\\\/www.respirelavie.fr\\\/poitiers\\\/wp-content\\\/uploads\\\/sites\\\/3\\\/2019\\\/09\\\/IMG_20171103_115149-e1568212217199-294x300.jpg\"},{\"@type\":\"BreadcrumbList\",\"@id\":\"https:\\\/\\\/www.respirelavie.fr\\\/poitiers\\\/animations-2019\\\/#breadcrumb\",\"itemListElement\":[{\"@type\":\"ListItem\",\"position\":1,\"name\":\"Accueil\",\"item\":\"http:\\\/\\\/www.respirelavie.fr\\\/poitiers\\\/\"},{\"@type\":\"ListItem\",\"position\":2,\"name\":\"Animations 2019\"}]},{\"@type\":\"WebSite\",\"@id\":\"http:\\\/\\\/www.respirelavie.fr\\\/poitiers\\\/#website\",\"url\":\"http:\\\/\\\/www.respirelavie.fr\\\/poitiers\\\/\",\"name\":\"Salon RESPIRE LA VIE Poitiers\",\"description\":\"RESPIRE : votre salon bio, bien-\u00eatre et habitat sain \u00e0 Poitiers\",\"publisher\":{\"@id\":\"http:\\\/\\\/www.respirelavie.fr\\\/poitiers\\\/#organization\"},\"potentialAction\":[{\"@type\":\"SearchAction\",\"target\":{\"@type\":\"EntryPoint\",\"urlTemplate\":\"http:\\\/\\\/www.respirelavie.fr\\\/poitiers\\\/?s={search_term_string}\"},\"query-input\":{\"@type\":\"PropertyValueSpecification\",\"valueRequired\":true,\"valueName\":\"search_term_string\"}}],\"inLanguage\":\"fr-FR\"},{\"@type\":\"Organization\",\"@id\":\"http:\\\/\\\/www.respirelavie.fr\\\/poitiers\\\/#organization\",\"name\":\"Salon RESPIRE LA VIE Poitiers\",\"url\":\"http:\\\/\\\/www.respirelavie.fr\\\/poitiers\\\/\",\"logo\":{\"@type\":\"ImageObject\",\"inLanguage\":\"fr-FR\",\"@id\":\"http:\\\/\\\/www.respirelavie.fr\\\/poitiers\\\/#\\\/schema\\\/logo\\\/image\\\/\",\"url\":\"https:\\\/\\\/www.respirelavie.fr\\\/poitiers\\\/wp-content\\\/uploads\\\/sites\\\/3\\\/2024\\\/03\\\/Logo-RESPIRE-LA-VIE-poitiers.jpg\",\"contentUrl\":\"https:\\\/\\\/www.respirelavie.fr\\\/poitiers\\\/wp-content\\\/uploads\\\/sites\\\/3\\\/2024\\\/03\\\/Logo-RESPIRE-LA-VIE-poitiers.jpg\",\"width\":470,\"height\":262,\"caption\":\"Salon RESPIRE LA VIE Poitiers\"},\"image\":{\"@id\":\"http:\\\/\\\/www.respirelavie.fr\\\/poitiers\\\/#\\\/schema\\\/logo\\\/image\\\/\"}}]}<\/script>\n<!-- \/ Yoast SEO plugin. -->","yoast_head_json":{"title":"Animations 2019 - Salon RESPIRE LA VIE Poitiers","robots":{"index":"index","follow":"follow","max-snippet":"max-snippet:-1","max-image-preview":"max-image-preview:large","max-video-preview":"max-video-preview:-1"},"canonical":"https:\/\/www.respirelavie.fr\/poitiers\/animations-2019\/","og_locale":"fr_FR","og_type":"article","og_title":"Animations 2019 - Salon RESPIRE LA VIE Poitiers","og_description":"ESPACE ENVIRONNEMENT &amp; JARDIN ESPACE ART &amp; CR\u00c9ATION TINY HOUSE ET BAIN NORDIK LE COIN DES ENFANTS ESPACE PARENTALIT\u00c9 ESPACE ENVIRONNEMENT &amp; JARDIN Un espace pour s\u2019interroger sur nos modes de consommation, pour ressentir les enjeux, rep\u00e9rer des alternatives et valoriser les initiatives. Avec l\u2019association Au Jardin d\u2019Aventures Ateliers tous les jours 11:30 : confection&hellip;","og_url":"https:\/\/www.respirelavie.fr\/poitiers\/animations-2019\/","og_site_name":"Salon RESPIRE LA VIE Poitiers","og_image":[{"url":"https:\/\/www.respirelavie.fr\/poitiers\/wp-content\/uploads\/sites\/3\/2019\/09\/IMG_20171103_115149-e1568212217199-294x300.jpg","type":"","width":"","height":""}],"twitter_card":"summary_large_image","twitter_misc":{"Dur\u00e9e de lecture estim\u00e9e":"5 minutes"},"schema":{"@context":"https:\/\/schema.org","@graph":[{"@type":"WebPage","@id":"https:\/\/www.respirelavie.fr\/poitiers\/animations-2019\/","url":"https:\/\/www.respirelavie.fr\/poitiers\/animations-2019\/","name":"Animations 2019 - Salon RESPIRE LA VIE Poitiers","isPartOf":{"@id":"http:\/\/www.respirelavie.fr\/poitiers\/#website"},"primaryImageOfPage":{"@id":"https:\/\/www.respirelavie.fr\/poitiers\/animations-2019\/#primaryimage"},"image":{"@id":"https:\/\/www.respirelavie.fr\/poitiers\/animations-2019\/#primaryimage"},"thumbnailUrl":"https:\/\/www.respirelavie.fr\/poitiers\/wp-content\/uploads\/sites\/3\/2019\/09\/IMG_20171103_115149-e1568212217199-294x300.jpg","datePublished":"2020-03-18T16:20:43+00:00","breadcrumb":{"@id":"https:\/\/www.respirelavie.fr\/poitiers\/animations-2019\/#breadcrumb"},"inLanguage":"fr-FR","potentialAction":[{"@type":"ReadAction","target":["https:\/\/www.respirelavie.fr\/poitiers\/animations-2019\/"]}]},{"@type":"ImageObject","inLanguage":"fr-FR","@id":"https:\/\/www.respirelavie.fr\/poitiers\/animations-2019\/#primaryimage","url":"https:\/\/www.respirelavie.fr\/poitiers\/wp-content\/uploads\/sites\/3\/2019\/09\/IMG_20171103_115149-e1568212217199-294x300.jpg","contentUrl":"https:\/\/www.respirelavie.fr\/poitiers\/wp-content\/uploads\/sites\/3\/2019\/09\/IMG_20171103_115149-e1568212217199-294x300.jpg"},{"@type":"BreadcrumbList","@id":"https:\/\/www.respirelavie.fr\/poitiers\/animations-2019\/#breadcrumb","itemListElement":[{"@type":"ListItem","position":1,"name":"Accueil","item":"http:\/\/www.respirelavie.fr\/poitiers\/"},{"@type":"ListItem","position":2,"name":"Animations 2019"}]},{"@type":"WebSite","@id":"http:\/\/www.respirelavie.fr\/poitiers\/#website","url":"http:\/\/www.respirelavie.fr\/poitiers\/","name":"Salon RESPIRE LA VIE Poitiers","description":"RESPIRE : votre salon bio, bien-\u00eatre et habitat sain \u00e0 Poitiers","publisher":{"@id":"http:\/\/www.respirelavie.fr\/poitiers\/#organization"},"potentialAction":[{"@type":"SearchAction","target":{"@type":"EntryPoint","urlTemplate":"http:\/\/www.respirelavie.fr\/poitiers\/?s={search_term_string}"},"query-input":{"@type":"PropertyValueSpecification","valueRequired":true,"valueName":"search_term_string"}}],"inLanguage":"fr-FR"},{"@type":"Organization","@id":"http:\/\/www.respirelavie.fr\/poitiers\/#organization","name":"Salon RESPIRE LA VIE Poitiers","url":"http:\/\/www.respirelavie.fr\/poitiers\/","logo":{"@type":"ImageObject","inLanguage":"fr-FR","@id":"http:\/\/www.respirelavie.fr\/poitiers\/#\/schema\/logo\/image\/","url":"https:\/\/www.respirelavie.fr\/poitiers\/wp-content\/uploads\/sites\/3\/2024\/03\/Logo-RESPIRE-LA-VIE-poitiers.jpg","contentUrl":"https:\/\/www.respirelavie.fr\/poitiers\/wp-content\/uploads\/sites\/3\/2024\/03\/Logo-RESPIRE-LA-VIE-poitiers.jpg","width":470,"height":262,"caption":"Salon RESPIRE LA VIE Poitiers"},"image":{"@id":"http:\/\/www.respirelavie.fr\/poitiers\/#\/schema\/logo\/image\/"}}]}},"_links":{"self":[{"href":"https:\/\/www.respirelavie.fr\/poitiers\/wp-json\/wp\/v2\/pages\/7301","targetHints":{"allow":["GET"]}}],"collection":[{"href":"https:\/\/www.respirelavie.fr\/poitiers\/wp-json\/wp\/v2\/pages"}],"about":[{"href":"https:\/\/www.respirelavie.fr\/poitiers\/wp-json\/wp\/v2\/types\/page"}],"author":[{"embeddable":true,"href":"https:\/\/www.respirelavie.fr\/poitiers\/wp-json\/wp\/v2\/users\/1"}],"replies":[{"embeddable":true,"href":"https:\/\/www.respirelavie.fr\/poitiers\/wp-json\/wp\/v2\/comments?post=7301"}],"version-history":[{"count":0,"href":"https:\/\/www.respirelavie.fr\/poitiers\/wp-json\/wp\/v2\/pages\/7301\/revisions"}],"wp:attachment":[{"href":"https:\/\/www.respirelavie.fr\/poitiers\/wp-json\/wp\/v2\/media?parent=7301"}],"curies":[{"name":"wp","href":"https:\/\/api.w.org\/{rel}","templated":true}]}}