{"id":8230,"date":"2020-12-08T17:13:21","date_gmt":"2020-12-08T16:13:21","guid":{"rendered":"https:\/\/www.respirelavie.fr\/poitiers\/?page_id=8230"},"modified":"2020-12-08T17:13:21","modified_gmt":"2020-12-08T16:13:21","slug":"workshop-bougez-zen-2020","status":"publish","type":"page","link":"https:\/\/www.respirelavie.fr\/poitiers\/workshop-bougez-zen-2020\/","title":{"rendered":"Workshop bougez zen 2020"},"content":{"rendered":"<p><strong><span style=\"color: #e8ac12;\">Espace DES CHALONS<\/span><\/strong><\/p>\n<h2><strong>Vendredi 25 septembre 2020<\/strong><\/h2>\n<p><span style=\"color: #e8ac12;\"><strong>11:00<\/strong><\/span> Yoga hormonal &#8211; <strong><em>Nadine Fort<\/em><\/strong><br \/>\n<span style=\"color: #e8ac12;\"><strong>12:30<\/strong><\/span> Yoga Vedanta selon la tradition Sivananda &#8211; <strong><em>Tatiana Morgade<\/em><\/strong><br \/>\n<span style=\"color: #e8ac12;\"><strong>14:00<\/strong><\/span> Retrouver sa vitalit\u00e9 avec l\u2019auto-shiatsu\/do-in &#8211; <strong><em>Val\u00e9rie Andrieux<\/em><\/strong><br \/>\n<span style=\"color: #e8ac12;\"><strong>15:30<\/strong><\/span> D\u00e9couverte du Ta\u00ef Chi &#8211; <strong><em>Institut du petit dragon<\/em><\/strong><\/p>\n<h2><strong>Samedi 26 septembre 2020<\/strong><\/h2>\n<p><span style=\"color: #e8ac12;\"><strong>11:00<\/strong><\/span> Yoga et ayurveda &#8211; <strong><em>Nadine Fort<\/em><\/strong><br \/>\n<span style=\"color: #e8ac12;\"><strong>12:30<\/strong><\/span> Respiration &amp; Yoga &#8211; <strong><em>T\u00e9li Diarra<\/em><\/strong><br \/>\n<span style=\"color: #e8ac12;\"><strong>14:00<\/strong><\/span> Yoga et renforcement de l&rsquo;immunit\u00e9 &#8211; <strong><em>Daniela And\u00e9lia<\/em><\/strong><br \/>\n<span style=\"color: #e8ac12;\"><strong>15:30<\/strong><\/span> Yoga au f\u00e9minin &#8211; Audace, Beaut\u00e9, Sagesse &#8211; <strong>Daniela And\u00e9lia<\/strong><br \/>\n<span style=\"color: #e8ac12;\"><strong>17:00<\/strong><\/span> Pilates (avec petits mat\u00e9riels fournis) &#8211; <strong><em>Sandra Huron<\/em><\/strong><\/p><div id=\"respi-3939265700\" class=\"respi-contenu respi-entity-placement\"><script async src=\"\/\/pagead2.googlesyndication.com\/pagead\/js\/adsbygoogle.js?client=ca-pub-7511070832818284\" crossorigin=\"anonymous\"><\/script><ins class=\"adsbygoogle\" style=\"display:block;\" data-ad-client=\"ca-pub-7511070832818284\" \ndata-ad-slot=\"4196289901\" \ndata-ad-format=\"auto\"><\/ins>\n<script> \n(adsbygoogle = window.adsbygoogle || []).push({}); \n<\/script>\n<\/div>\n<h2><strong>Dimanche 27 septembre 2020<\/strong><\/h2>\n<p><span style=\"color: #e8ac12;\"><strong>11:00<\/strong><\/span> Stretching Postural (m\u00e9thode JP Moreau) &#8211;<strong><em> Sandra Huron<\/em><\/strong><br \/>\n<span style=\"color: #e8ac12;\"><strong>12:30<\/strong><\/span> D\u00e9couverte du Ta\u00ef Chi &#8211; <strong><em>Institut du petit dragon<\/em><\/strong><br \/>\n<span style=\"color: #e8ac12;\"><strong>14:00<\/strong><\/span> Yoga et renforcement de l&rsquo;immunit\u00e9 &#8211; <strong><em>Daniela And\u00e9lia<\/em><\/strong><br \/>\n<span style=\"color: #e8ac12;\"><strong>15:30<\/strong><\/span> Yoga au f\u00e9minin &#8211; Audace, Beaut\u00e9, Sagesse &#8211; <strong><em>Daniela And\u00e9lia<\/em><\/strong><\/p>\n","protected":false},"excerpt":{"rendered":"<p>Espace DES CHALONS Vendredi 25 septembre 2020 11:00 Yoga hormonal &#8211; Nadine Fort 12:30 Yoga Vedanta selon la tradition Sivananda &#8211; Tatiana Morgade 14:00 Retrouver sa vitalit\u00e9 avec l\u2019auto-shiatsu\/do-in &#8211; Val\u00e9rie Andrieux 15:30 D\u00e9couverte du Ta\u00ef Chi &#8211; Institut du petit dragon Samedi 26 septembre 2020 11:00 Yoga et ayurveda &#8211; Nadine Fort 12:30 Respiration&hellip; <\/p>\n","protected":false},"author":4,"featured_media":0,"parent":0,"menu_order":0,"comment_status":"closed","ping_status":"closed","template":"","meta":{"_monsterinsights_skip_tracking":false,"_monsterinsights_sitenote_active":false,"_monsterinsights_sitenote_note":"","_monsterinsights_sitenote_category":0,"footnotes":""},"class_list":["post-8230","page","type-page","status-publish","hentry"],"yoast_head":"<!-- This site is optimized with the Yoast SEO plugin v27.3 - https:\/\/yoast.com\/product\/yoast-seo-wordpress\/ -->\n<title>Workshop bougez zen 2020 - Salon RESPIRE LA VIE Poitiers<\/title>\n<meta name=\"robots\" content=\"index, follow, max-snippet:-1, max-image-preview:large, max-video-preview:-1\" \/>\n<link rel=\"canonical\" href=\"http:\/\/www.respirelavie.fr\/poitiers\/workshop-bougez-zen-2020\/\" \/>\n<meta property=\"og:locale\" content=\"fr_FR\" \/>\n<meta property=\"og:type\" content=\"article\" \/>\n<meta property=\"og:title\" content=\"Workshop bougez zen 2020 - Salon RESPIRE LA VIE Poitiers\" \/>\n<meta property=\"og:description\" content=\"Espace DES CHALONS Vendredi 25 septembre 2020 11:00 Yoga hormonal &#8211; Nadine Fort 12:30 Yoga Vedanta selon la tradition Sivananda &#8211; Tatiana Morgade 14:00 Retrouver sa vitalit\u00e9 avec l\u2019auto-shiatsu\/do-in &#8211; Val\u00e9rie Andrieux 15:30 D\u00e9couverte du Ta\u00ef Chi &#8211; Institut du petit dragon Samedi 26 septembre 2020 11:00 Yoga et ayurveda &#8211; Nadine Fort 12:30 Respiration&hellip;\" \/>\n<meta property=\"og:url\" content=\"http:\/\/www.respirelavie.fr\/poitiers\/workshop-bougez-zen-2020\/\" \/>\n<meta property=\"og:site_name\" content=\"Salon RESPIRE LA VIE Poitiers\" \/>\n<meta name=\"twitter:card\" content=\"summary_large_image\" \/>\n<meta name=\"twitter:label1\" content=\"Dur\u00e9e de lecture estim\u00e9e\" \/>\n\t<meta name=\"twitter:data1\" content=\"1 minute\" \/>\n<script type=\"application\/ld+json\" class=\"yoast-schema-graph\">{\"@context\":\"https:\\\/\\\/schema.org\",\"@graph\":[{\"@type\":\"WebPage\",\"@id\":\"http:\\\/\\\/www.respirelavie.fr\\\/poitiers\\\/workshop-bougez-zen-2020\\\/\",\"url\":\"http:\\\/\\\/www.respirelavie.fr\\\/poitiers\\\/workshop-bougez-zen-2020\\\/\",\"name\":\"Workshop bougez zen 2020 - Salon RESPIRE LA VIE Poitiers\",\"isPartOf\":{\"@id\":\"http:\\\/\\\/www.respirelavie.fr\\\/poitiers\\\/#website\"},\"datePublished\":\"2020-12-08T16:13:21+00:00\",\"breadcrumb\":{\"@id\":\"http:\\\/\\\/www.respirelavie.fr\\\/poitiers\\\/workshop-bougez-zen-2020\\\/#breadcrumb\"},\"inLanguage\":\"fr-FR\",\"potentialAction\":[{\"@type\":\"ReadAction\",\"target\":[\"http:\\\/\\\/www.respirelavie.fr\\\/poitiers\\\/workshop-bougez-zen-2020\\\/\"]}]},{\"@type\":\"BreadcrumbList\",\"@id\":\"http:\\\/\\\/www.respirelavie.fr\\\/poitiers\\\/workshop-bougez-zen-2020\\\/#breadcrumb\",\"itemListElement\":[{\"@type\":\"ListItem\",\"position\":1,\"name\":\"Accueil\",\"item\":\"http:\\\/\\\/www.respirelavie.fr\\\/poitiers\\\/\"},{\"@type\":\"ListItem\",\"position\":2,\"name\":\"Workshop bougez zen 2020\"}]},{\"@type\":\"WebSite\",\"@id\":\"http:\\\/\\\/www.respirelavie.fr\\\/poitiers\\\/#website\",\"url\":\"http:\\\/\\\/www.respirelavie.fr\\\/poitiers\\\/\",\"name\":\"Salon RESPIRE LA VIE Poitiers\",\"description\":\"RESPIRE : votre salon bio, bien-\u00eatre et habitat sain \u00e0 Poitiers\",\"publisher\":{\"@id\":\"http:\\\/\\\/www.respirelavie.fr\\\/poitiers\\\/#organization\"},\"potentialAction\":[{\"@type\":\"SearchAction\",\"target\":{\"@type\":\"EntryPoint\",\"urlTemplate\":\"http:\\\/\\\/www.respirelavie.fr\\\/poitiers\\\/?s={search_term_string}\"},\"query-input\":{\"@type\":\"PropertyValueSpecification\",\"valueRequired\":true,\"valueName\":\"search_term_string\"}}],\"inLanguage\":\"fr-FR\"},{\"@type\":\"Organization\",\"@id\":\"http:\\\/\\\/www.respirelavie.fr\\\/poitiers\\\/#organization\",\"name\":\"Salon RESPIRE LA VIE Poitiers\",\"url\":\"http:\\\/\\\/www.respirelavie.fr\\\/poitiers\\\/\",\"logo\":{\"@type\":\"ImageObject\",\"inLanguage\":\"fr-FR\",\"@id\":\"http:\\\/\\\/www.respirelavie.fr\\\/poitiers\\\/#\\\/schema\\\/logo\\\/image\\\/\",\"url\":\"https:\\\/\\\/www.respirelavie.fr\\\/poitiers\\\/wp-content\\\/uploads\\\/sites\\\/3\\\/2024\\\/03\\\/Logo-RESPIRE-LA-VIE-poitiers.jpg\",\"contentUrl\":\"https:\\\/\\\/www.respirelavie.fr\\\/poitiers\\\/wp-content\\\/uploads\\\/sites\\\/3\\\/2024\\\/03\\\/Logo-RESPIRE-LA-VIE-poitiers.jpg\",\"width\":470,\"height\":262,\"caption\":\"Salon RESPIRE LA VIE Poitiers\"},\"image\":{\"@id\":\"http:\\\/\\\/www.respirelavie.fr\\\/poitiers\\\/#\\\/schema\\\/logo\\\/image\\\/\"}}]}<\/script>\n<!-- \/ Yoast SEO plugin. -->","yoast_head_json":{"title":"Workshop bougez zen 2020 - Salon RESPIRE LA VIE Poitiers","robots":{"index":"index","follow":"follow","max-snippet":"max-snippet:-1","max-image-preview":"max-image-preview:large","max-video-preview":"max-video-preview:-1"},"canonical":"http:\/\/www.respirelavie.fr\/poitiers\/workshop-bougez-zen-2020\/","og_locale":"fr_FR","og_type":"article","og_title":"Workshop bougez zen 2020 - Salon RESPIRE LA VIE Poitiers","og_description":"Espace DES CHALONS Vendredi 25 septembre 2020 11:00 Yoga hormonal &#8211; Nadine Fort 12:30 Yoga Vedanta selon la tradition Sivananda &#8211; Tatiana Morgade 14:00 Retrouver sa vitalit\u00e9 avec l\u2019auto-shiatsu\/do-in &#8211; Val\u00e9rie Andrieux 15:30 D\u00e9couverte du Ta\u00ef Chi &#8211; Institut du petit dragon Samedi 26 septembre 2020 11:00 Yoga et ayurveda &#8211; Nadine Fort 12:30 Respiration&hellip;","og_url":"http:\/\/www.respirelavie.fr\/poitiers\/workshop-bougez-zen-2020\/","og_site_name":"Salon RESPIRE LA VIE Poitiers","twitter_card":"summary_large_image","twitter_misc":{"Dur\u00e9e de lecture estim\u00e9e":"1 minute"},"schema":{"@context":"https:\/\/schema.org","@graph":[{"@type":"WebPage","@id":"http:\/\/www.respirelavie.fr\/poitiers\/workshop-bougez-zen-2020\/","url":"http:\/\/www.respirelavie.fr\/poitiers\/workshop-bougez-zen-2020\/","name":"Workshop bougez zen 2020 - Salon RESPIRE LA VIE Poitiers","isPartOf":{"@id":"http:\/\/www.respirelavie.fr\/poitiers\/#website"},"datePublished":"2020-12-08T16:13:21+00:00","breadcrumb":{"@id":"http:\/\/www.respirelavie.fr\/poitiers\/workshop-bougez-zen-2020\/#breadcrumb"},"inLanguage":"fr-FR","potentialAction":[{"@type":"ReadAction","target":["http:\/\/www.respirelavie.fr\/poitiers\/workshop-bougez-zen-2020\/"]}]},{"@type":"BreadcrumbList","@id":"http:\/\/www.respirelavie.fr\/poitiers\/workshop-bougez-zen-2020\/#breadcrumb","itemListElement":[{"@type":"ListItem","position":1,"name":"Accueil","item":"http:\/\/www.respirelavie.fr\/poitiers\/"},{"@type":"ListItem","position":2,"name":"Workshop bougez zen 2020"}]},{"@type":"WebSite","@id":"http:\/\/www.respirelavie.fr\/poitiers\/#website","url":"http:\/\/www.respirelavie.fr\/poitiers\/","name":"Salon RESPIRE LA VIE Poitiers","description":"RESPIRE : votre salon bio, bien-\u00eatre et habitat sain \u00e0 Poitiers","publisher":{"@id":"http:\/\/www.respirelavie.fr\/poitiers\/#organization"},"potentialAction":[{"@type":"SearchAction","target":{"@type":"EntryPoint","urlTemplate":"http:\/\/www.respirelavie.fr\/poitiers\/?s={search_term_string}"},"query-input":{"@type":"PropertyValueSpecification","valueRequired":true,"valueName":"search_term_string"}}],"inLanguage":"fr-FR"},{"@type":"Organization","@id":"http:\/\/www.respirelavie.fr\/poitiers\/#organization","name":"Salon RESPIRE LA VIE Poitiers","url":"http:\/\/www.respirelavie.fr\/poitiers\/","logo":{"@type":"ImageObject","inLanguage":"fr-FR","@id":"http:\/\/www.respirelavie.fr\/poitiers\/#\/schema\/logo\/image\/","url":"https:\/\/www.respirelavie.fr\/poitiers\/wp-content\/uploads\/sites\/3\/2024\/03\/Logo-RESPIRE-LA-VIE-poitiers.jpg","contentUrl":"https:\/\/www.respirelavie.fr\/poitiers\/wp-content\/uploads\/sites\/3\/2024\/03\/Logo-RESPIRE-LA-VIE-poitiers.jpg","width":470,"height":262,"caption":"Salon RESPIRE LA VIE Poitiers"},"image":{"@id":"http:\/\/www.respirelavie.fr\/poitiers\/#\/schema\/logo\/image\/"}}]}},"_links":{"self":[{"href":"https:\/\/www.respirelavie.fr\/poitiers\/wp-json\/wp\/v2\/pages\/8230","targetHints":{"allow":["GET"]}}],"collection":[{"href":"https:\/\/www.respirelavie.fr\/poitiers\/wp-json\/wp\/v2\/pages"}],"about":[{"href":"https:\/\/www.respirelavie.fr\/poitiers\/wp-json\/wp\/v2\/types\/page"}],"author":[{"embeddable":true,"href":"https:\/\/www.respirelavie.fr\/poitiers\/wp-json\/wp\/v2\/users\/4"}],"replies":[{"embeddable":true,"href":"https:\/\/www.respirelavie.fr\/poitiers\/wp-json\/wp\/v2\/comments?post=8230"}],"version-history":[{"count":0,"href":"https:\/\/www.respirelavie.fr\/poitiers\/wp-json\/wp\/v2\/pages\/8230\/revisions"}],"wp:attachment":[{"href":"https:\/\/www.respirelavie.fr\/poitiers\/wp-json\/wp\/v2\/media?parent=8230"}],"curies":[{"name":"wp","href":"https:\/\/api.w.org\/{rel}","templated":true}]}}