{"id":8714,"date":"2022-08-31T15:46:18","date_gmt":"2022-08-31T13:46:18","guid":{"rendered":"https:\/\/www.respirelavie.fr\/poitiers\/?page_id=8714"},"modified":"2024-03-15T11:55:53","modified_gmt":"2024-03-15T10:55:53","slug":"medoucine","status":"publish","type":"page","link":"https:\/\/www.respirelavie.fr\/poitiers\/medoucine\/","title":{"rendered":"Medoucine"},"content":{"rendered":"<p><img decoding=\"async\" class=\"size-medium wp-image-8713 aligncenter\" src=\"https:\/\/www.respirelavie.fr\/poitiers\/wp-content\/uploads\/sites\/3\/2022\/08\/LOGO_MEDOUCINE_NOIR-SANS-MARGES-300x65.png\" alt=\"LOGO_MEDOUCINE_NOIR SANS MARGES\" width=\"300\" height=\"65\" srcset=\"https:\/\/www.respirelavie.fr\/poitiers\/wp-content\/uploads\/sites\/3\/2022\/08\/LOGO_MEDOUCINE_NOIR-SANS-MARGES-300x65.png 300w, https:\/\/www.respirelavie.fr\/poitiers\/wp-content\/uploads\/sites\/3\/2022\/08\/LOGO_MEDOUCINE_NOIR-SANS-MARGES-768x168.png 768w, https:\/\/www.respirelavie.fr\/poitiers\/wp-content\/uploads\/sites\/3\/2022\/08\/LOGO_MEDOUCINE_NOIR-SANS-MARGES-150x33.png 150w, https:\/\/www.respirelavie.fr\/poitiers\/wp-content\/uploads\/sites\/3\/2022\/08\/LOGO_MEDOUCINE_NOIR-SANS-MARGES-500x109.png 500w, https:\/\/www.respirelavie.fr\/poitiers\/wp-content\/uploads\/sites\/3\/2022\/08\/LOGO_MEDOUCINE_NOIR-SANS-MARGES.png 926w\" sizes=\"(max-width: 300px) 100vw, 300px\" \/><\/p>\n<p>Medoucine souhaite permettre \u00e0 chacun d\u2019\u00eatre au meilleur de sa sant\u00e9 au naturel ! Nous avons pour cela d\u00e9velopp\u00e9 un r\u00e9seau national de th\u00e9rapeutes de m\u00e9decines douces aux comp\u00e9tences et r\u00e9f\u00e9rences v\u00e9rifi\u00e9es. Nos praticiens de confiance sont form\u00e9s, qualifi\u00e9s et reconnus par leurs pairs. Praticiens en hypnose, sophrologues, naturopathes, ost\u00e9opathes, r\u00e9flexologues, praticiens en m\u00e9decine traditionnelle chinoise \u2026 nos experts accompagnent le public sur toutes leurs probl\u00e9matiques et besoins : stress, sommeil, fatigue, douleurs, maux de dos, allergies, addictions, troubles digestifs, probl\u00e8me de peau ou simple remise en forme.<\/p>\n<p>Notre site Medoucine.com guide ses visiteurs dans leur parcours en apportant une information transparente et r\u00e9f\u00e9renc\u00e9e sur les pratiques propos\u00e9es et leurs bienfaits. Nous orientons \u00e9galement nos utilisateurs vers les praticiens les plus adapt\u00e9s \u00e0 leur demande. Chaque th\u00e9rapeute dispose \u00e0 cet effet d\u2019une fiche d\u00e9taillant son parcours, sa formation et le d\u00e9roul\u00e9 d\u2019une s\u00e9ance. Des avis client sont \u00e9galement disponibles. \u00a082% de nos utilisateurs d\u00e9clarent avoir constat\u00e9 une am\u00e9lioration de leur sant\u00e9 suite \u00e0 une consultation.<\/p>\n<p>Medoucine c\u2019est aussi un blog de r\u00e9f\u00e9rence sur les m\u00e9decines douces et leur application au quotidien. Articles, recettes, tutos, guides\u2026 nos experts en m\u00e9decines douces vous partagent leurs connaissances et leurs conseils.<\/p><div id=\"respi-2459772485\" class=\"respi-contenu respi-entity-placement\"><script async src=\"\/\/pagead2.googlesyndication.com\/pagead\/js\/adsbygoogle.js?client=ca-pub-7511070832818284\" crossorigin=\"anonymous\"><\/script><ins class=\"adsbygoogle\" style=\"display:block;\" data-ad-client=\"ca-pub-7511070832818284\" \ndata-ad-slot=\"4196289901\" \ndata-ad-format=\"auto\"><\/ins>\n<script> \n(adsbygoogle = window.adsbygoogle || []).push({}); \n<\/script>\n<\/div>\n<p>Nous intervenons \u00e9galement en entreprise et en collectivit\u00e9 via des ateliers et des programmes visant \u00e0 d\u00e9velopper la qualit\u00e9 de vie au travail.<\/p>\n<p><a href=\"https:\/\/www.medoucine.com\/\" target=\"_blank\" rel=\"noopener\"><em>Visitez le site internet<\/em><\/a><\/p>\n","protected":false},"excerpt":{"rendered":"<p>Medoucine souhaite permettre \u00e0 chacun d\u2019\u00eatre au meilleur de sa sant\u00e9 au naturel ! Nous avons pour cela d\u00e9velopp\u00e9 un r\u00e9seau national de th\u00e9rapeutes de m\u00e9decines douces aux comp\u00e9tences et r\u00e9f\u00e9rences v\u00e9rifi\u00e9es. Nos praticiens de confiance sont form\u00e9s, qualifi\u00e9s et reconnus par leurs pairs. Praticiens en hypnose, sophrologues, naturopathes, ost\u00e9opathes, r\u00e9flexologues, praticiens en m\u00e9decine traditionnelle&hellip; <\/p>\n","protected":false},"author":7,"featured_media":0,"parent":0,"menu_order":0,"comment_status":"closed","ping_status":"closed","template":"","meta":{"_monsterinsights_skip_tracking":false,"_monsterinsights_sitenote_active":false,"_monsterinsights_sitenote_note":"","_monsterinsights_sitenote_category":0,"footnotes":""},"class_list":["post-8714","page","type-page","status-publish","hentry"],"yoast_head":"<!-- This site is optimized with the Yoast SEO plugin v27.3 - https:\/\/yoast.com\/product\/yoast-seo-wordpress\/ -->\n<title>Medoucine - Salon RESPIRE LA VIE Poitiers<\/title>\n<meta name=\"robots\" content=\"index, follow, max-snippet:-1, max-image-preview:large, max-video-preview:-1\" \/>\n<link rel=\"canonical\" href=\"https:\/\/www.respirelavie.fr\/poitiers\/medoucine\/\" \/>\n<meta property=\"og:locale\" content=\"fr_FR\" \/>\n<meta property=\"og:type\" content=\"article\" \/>\n<meta property=\"og:title\" content=\"Medoucine - Salon RESPIRE LA VIE Poitiers\" \/>\n<meta property=\"og:description\" content=\"Medoucine souhaite permettre \u00e0 chacun d\u2019\u00eatre au meilleur de sa sant\u00e9 au naturel ! Nous avons pour cela d\u00e9velopp\u00e9 un r\u00e9seau national de th\u00e9rapeutes de m\u00e9decines douces aux comp\u00e9tences et r\u00e9f\u00e9rences v\u00e9rifi\u00e9es. Nos praticiens de confiance sont form\u00e9s, qualifi\u00e9s et reconnus par leurs pairs. Praticiens en hypnose, sophrologues, naturopathes, ost\u00e9opathes, r\u00e9flexologues, praticiens en m\u00e9decine traditionnelle&hellip;\" \/>\n<meta property=\"og:url\" content=\"https:\/\/www.respirelavie.fr\/poitiers\/medoucine\/\" \/>\n<meta property=\"og:site_name\" content=\"Salon RESPIRE LA VIE Poitiers\" \/>\n<meta property=\"article:modified_time\" content=\"2024-03-15T10:55:53+00:00\" \/>\n<meta property=\"og:image\" content=\"https:\/\/www.respirelavie.fr\/poitiers\/wp-content\/uploads\/sites\/3\/2022\/08\/LOGO_MEDOUCINE_NOIR-SANS-MARGES-300x65.png\" \/>\n<meta name=\"twitter:card\" content=\"summary_large_image\" \/>\n<meta name=\"twitter:label1\" content=\"Dur\u00e9e de lecture estim\u00e9e\" \/>\n\t<meta name=\"twitter:data1\" content=\"2 minutes\" \/>\n<script type=\"application\/ld+json\" class=\"yoast-schema-graph\">{\"@context\":\"https:\\\/\\\/schema.org\",\"@graph\":[{\"@type\":\"WebPage\",\"@id\":\"https:\\\/\\\/www.respirelavie.fr\\\/poitiers\\\/medoucine\\\/\",\"url\":\"https:\\\/\\\/www.respirelavie.fr\\\/poitiers\\\/medoucine\\\/\",\"name\":\"Medoucine - Salon RESPIRE LA VIE Poitiers\",\"isPartOf\":{\"@id\":\"http:\\\/\\\/www.respirelavie.fr\\\/poitiers\\\/#website\"},\"primaryImageOfPage\":{\"@id\":\"https:\\\/\\\/www.respirelavie.fr\\\/poitiers\\\/medoucine\\\/#primaryimage\"},\"image\":{\"@id\":\"https:\\\/\\\/www.respirelavie.fr\\\/poitiers\\\/medoucine\\\/#primaryimage\"},\"thumbnailUrl\":\"https:\\\/\\\/www.respirelavie.fr\\\/poitiers\\\/wp-content\\\/uploads\\\/sites\\\/3\\\/2022\\\/08\\\/LOGO_MEDOUCINE_NOIR-SANS-MARGES-300x65.png\",\"datePublished\":\"2022-08-31T13:46:18+00:00\",\"dateModified\":\"2024-03-15T10:55:53+00:00\",\"breadcrumb\":{\"@id\":\"https:\\\/\\\/www.respirelavie.fr\\\/poitiers\\\/medoucine\\\/#breadcrumb\"},\"inLanguage\":\"fr-FR\",\"potentialAction\":[{\"@type\":\"ReadAction\",\"target\":[\"https:\\\/\\\/www.respirelavie.fr\\\/poitiers\\\/medoucine\\\/\"]}]},{\"@type\":\"ImageObject\",\"inLanguage\":\"fr-FR\",\"@id\":\"https:\\\/\\\/www.respirelavie.fr\\\/poitiers\\\/medoucine\\\/#primaryimage\",\"url\":\"https:\\\/\\\/www.respirelavie.fr\\\/poitiers\\\/wp-content\\\/uploads\\\/sites\\\/3\\\/2022\\\/08\\\/LOGO_MEDOUCINE_NOIR-SANS-MARGES.png\",\"contentUrl\":\"https:\\\/\\\/www.respirelavie.fr\\\/poitiers\\\/wp-content\\\/uploads\\\/sites\\\/3\\\/2022\\\/08\\\/LOGO_MEDOUCINE_NOIR-SANS-MARGES.png\",\"width\":926,\"height\":202,\"caption\":\"LOGO_MEDOUCINE_NOIR SANS MARGES\"},{\"@type\":\"BreadcrumbList\",\"@id\":\"https:\\\/\\\/www.respirelavie.fr\\\/poitiers\\\/medoucine\\\/#breadcrumb\",\"itemListElement\":[{\"@type\":\"ListItem\",\"position\":1,\"name\":\"Accueil\",\"item\":\"http:\\\/\\\/www.respirelavie.fr\\\/poitiers\\\/\"},{\"@type\":\"ListItem\",\"position\":2,\"name\":\"Medoucine\"}]},{\"@type\":\"WebSite\",\"@id\":\"http:\\\/\\\/www.respirelavie.fr\\\/poitiers\\\/#website\",\"url\":\"http:\\\/\\\/www.respirelavie.fr\\\/poitiers\\\/\",\"name\":\"Salon RESPIRE LA VIE Poitiers\",\"description\":\"RESPIRE : votre salon bio, bien-\u00eatre et habitat sain \u00e0 Poitiers\",\"publisher\":{\"@id\":\"http:\\\/\\\/www.respirelavie.fr\\\/poitiers\\\/#organization\"},\"potentialAction\":[{\"@type\":\"SearchAction\",\"target\":{\"@type\":\"EntryPoint\",\"urlTemplate\":\"http:\\\/\\\/www.respirelavie.fr\\\/poitiers\\\/?s={search_term_string}\"},\"query-input\":{\"@type\":\"PropertyValueSpecification\",\"valueRequired\":true,\"valueName\":\"search_term_string\"}}],\"inLanguage\":\"fr-FR\"},{\"@type\":\"Organization\",\"@id\":\"http:\\\/\\\/www.respirelavie.fr\\\/poitiers\\\/#organization\",\"name\":\"Salon RESPIRE LA VIE Poitiers\",\"url\":\"http:\\\/\\\/www.respirelavie.fr\\\/poitiers\\\/\",\"logo\":{\"@type\":\"ImageObject\",\"inLanguage\":\"fr-FR\",\"@id\":\"http:\\\/\\\/www.respirelavie.fr\\\/poitiers\\\/#\\\/schema\\\/logo\\\/image\\\/\",\"url\":\"https:\\\/\\\/www.respirelavie.fr\\\/poitiers\\\/wp-content\\\/uploads\\\/sites\\\/3\\\/2024\\\/03\\\/Logo-RESPIRE-LA-VIE-poitiers.jpg\",\"contentUrl\":\"https:\\\/\\\/www.respirelavie.fr\\\/poitiers\\\/wp-content\\\/uploads\\\/sites\\\/3\\\/2024\\\/03\\\/Logo-RESPIRE-LA-VIE-poitiers.jpg\",\"width\":470,\"height\":262,\"caption\":\"Salon RESPIRE LA VIE Poitiers\"},\"image\":{\"@id\":\"http:\\\/\\\/www.respirelavie.fr\\\/poitiers\\\/#\\\/schema\\\/logo\\\/image\\\/\"}}]}<\/script>\n<!-- \/ Yoast SEO plugin. -->","yoast_head_json":{"title":"Medoucine - Salon RESPIRE LA VIE Poitiers","robots":{"index":"index","follow":"follow","max-snippet":"max-snippet:-1","max-image-preview":"max-image-preview:large","max-video-preview":"max-video-preview:-1"},"canonical":"https:\/\/www.respirelavie.fr\/poitiers\/medoucine\/","og_locale":"fr_FR","og_type":"article","og_title":"Medoucine - Salon RESPIRE LA VIE Poitiers","og_description":"Medoucine souhaite permettre \u00e0 chacun d\u2019\u00eatre au meilleur de sa sant\u00e9 au naturel ! Nous avons pour cela d\u00e9velopp\u00e9 un r\u00e9seau national de th\u00e9rapeutes de m\u00e9decines douces aux comp\u00e9tences et r\u00e9f\u00e9rences v\u00e9rifi\u00e9es. Nos praticiens de confiance sont form\u00e9s, qualifi\u00e9s et reconnus par leurs pairs. Praticiens en hypnose, sophrologues, naturopathes, ost\u00e9opathes, r\u00e9flexologues, praticiens en m\u00e9decine traditionnelle&hellip;","og_url":"https:\/\/www.respirelavie.fr\/poitiers\/medoucine\/","og_site_name":"Salon RESPIRE LA VIE Poitiers","article_modified_time":"2024-03-15T10:55:53+00:00","og_image":[{"url":"https:\/\/www.respirelavie.fr\/poitiers\/wp-content\/uploads\/sites\/3\/2022\/08\/LOGO_MEDOUCINE_NOIR-SANS-MARGES-300x65.png","type":"","width":"","height":""}],"twitter_card":"summary_large_image","twitter_misc":{"Dur\u00e9e de lecture estim\u00e9e":"2 minutes"},"schema":{"@context":"https:\/\/schema.org","@graph":[{"@type":"WebPage","@id":"https:\/\/www.respirelavie.fr\/poitiers\/medoucine\/","url":"https:\/\/www.respirelavie.fr\/poitiers\/medoucine\/","name":"Medoucine - Salon RESPIRE LA VIE Poitiers","isPartOf":{"@id":"http:\/\/www.respirelavie.fr\/poitiers\/#website"},"primaryImageOfPage":{"@id":"https:\/\/www.respirelavie.fr\/poitiers\/medoucine\/#primaryimage"},"image":{"@id":"https:\/\/www.respirelavie.fr\/poitiers\/medoucine\/#primaryimage"},"thumbnailUrl":"https:\/\/www.respirelavie.fr\/poitiers\/wp-content\/uploads\/sites\/3\/2022\/08\/LOGO_MEDOUCINE_NOIR-SANS-MARGES-300x65.png","datePublished":"2022-08-31T13:46:18+00:00","dateModified":"2024-03-15T10:55:53+00:00","breadcrumb":{"@id":"https:\/\/www.respirelavie.fr\/poitiers\/medoucine\/#breadcrumb"},"inLanguage":"fr-FR","potentialAction":[{"@type":"ReadAction","target":["https:\/\/www.respirelavie.fr\/poitiers\/medoucine\/"]}]},{"@type":"ImageObject","inLanguage":"fr-FR","@id":"https:\/\/www.respirelavie.fr\/poitiers\/medoucine\/#primaryimage","url":"https:\/\/www.respirelavie.fr\/poitiers\/wp-content\/uploads\/sites\/3\/2022\/08\/LOGO_MEDOUCINE_NOIR-SANS-MARGES.png","contentUrl":"https:\/\/www.respirelavie.fr\/poitiers\/wp-content\/uploads\/sites\/3\/2022\/08\/LOGO_MEDOUCINE_NOIR-SANS-MARGES.png","width":926,"height":202,"caption":"LOGO_MEDOUCINE_NOIR SANS MARGES"},{"@type":"BreadcrumbList","@id":"https:\/\/www.respirelavie.fr\/poitiers\/medoucine\/#breadcrumb","itemListElement":[{"@type":"ListItem","position":1,"name":"Accueil","item":"http:\/\/www.respirelavie.fr\/poitiers\/"},{"@type":"ListItem","position":2,"name":"Medoucine"}]},{"@type":"WebSite","@id":"http:\/\/www.respirelavie.fr\/poitiers\/#website","url":"http:\/\/www.respirelavie.fr\/poitiers\/","name":"Salon RESPIRE LA VIE Poitiers","description":"RESPIRE : votre salon bio, bien-\u00eatre et habitat sain \u00e0 Poitiers","publisher":{"@id":"http:\/\/www.respirelavie.fr\/poitiers\/#organization"},"potentialAction":[{"@type":"SearchAction","target":{"@type":"EntryPoint","urlTemplate":"http:\/\/www.respirelavie.fr\/poitiers\/?s={search_term_string}"},"query-input":{"@type":"PropertyValueSpecification","valueRequired":true,"valueName":"search_term_string"}}],"inLanguage":"fr-FR"},{"@type":"Organization","@id":"http:\/\/www.respirelavie.fr\/poitiers\/#organization","name":"Salon RESPIRE LA VIE Poitiers","url":"http:\/\/www.respirelavie.fr\/poitiers\/","logo":{"@type":"ImageObject","inLanguage":"fr-FR","@id":"http:\/\/www.respirelavie.fr\/poitiers\/#\/schema\/logo\/image\/","url":"https:\/\/www.respirelavie.fr\/poitiers\/wp-content\/uploads\/sites\/3\/2024\/03\/Logo-RESPIRE-LA-VIE-poitiers.jpg","contentUrl":"https:\/\/www.respirelavie.fr\/poitiers\/wp-content\/uploads\/sites\/3\/2024\/03\/Logo-RESPIRE-LA-VIE-poitiers.jpg","width":470,"height":262,"caption":"Salon RESPIRE LA VIE Poitiers"},"image":{"@id":"http:\/\/www.respirelavie.fr\/poitiers\/#\/schema\/logo\/image\/"}}]}},"_links":{"self":[{"href":"https:\/\/www.respirelavie.fr\/poitiers\/wp-json\/wp\/v2\/pages\/8714","targetHints":{"allow":["GET"]}}],"collection":[{"href":"https:\/\/www.respirelavie.fr\/poitiers\/wp-json\/wp\/v2\/pages"}],"about":[{"href":"https:\/\/www.respirelavie.fr\/poitiers\/wp-json\/wp\/v2\/types\/page"}],"author":[{"embeddable":true,"href":"https:\/\/www.respirelavie.fr\/poitiers\/wp-json\/wp\/v2\/users\/7"}],"replies":[{"embeddable":true,"href":"https:\/\/www.respirelavie.fr\/poitiers\/wp-json\/wp\/v2\/comments?post=8714"}],"version-history":[{"count":1,"href":"https:\/\/www.respirelavie.fr\/poitiers\/wp-json\/wp\/v2\/pages\/8714\/revisions"}],"predecessor-version":[{"id":10334,"href":"https:\/\/www.respirelavie.fr\/poitiers\/wp-json\/wp\/v2\/pages\/8714\/revisions\/10334"}],"wp:attachment":[{"href":"https:\/\/www.respirelavie.fr\/poitiers\/wp-json\/wp\/v2\/media?parent=8714"}],"curies":[{"name":"wp","href":"https:\/\/api.w.org\/{rel}","templated":true}]}}