{"id":9353,"date":"2023-03-13T15:06:25","date_gmt":"2023-03-13T14:06:25","guid":{"rendered":"https:\/\/www.respirelavie.fr\/poitiers\/?page_id=9353"},"modified":"2023-03-13T15:22:04","modified_gmt":"2023-03-13T14:22:04","slug":"workshop-bougez-zen-2022","status":"publish","type":"page","link":"https:\/\/www.respirelavie.fr\/poitiers\/workshop-bougez-zen-2022\/","title":{"rendered":"Workshop bougez zen 2022"},"content":{"rendered":"<p><img fetchpriority=\"high\" decoding=\"async\" class=\"size-full wp-image-7428\" src=\"https:\/\/www.respirelavie.fr\/poitiers\/wp-content\/uploads\/sites\/3\/2020\/03\/Fotolia_181160447_Subscription_Monthly_M-copie.jpg\" alt=\"\" width=\"1682\" height=\"465\" srcset=\"https:\/\/www.respirelavie.fr\/poitiers\/wp-content\/uploads\/sites\/3\/2020\/03\/Fotolia_181160447_Subscription_Monthly_M-copie.jpg 1682w, https:\/\/www.respirelavie.fr\/poitiers\/wp-content\/uploads\/sites\/3\/2020\/03\/Fotolia_181160447_Subscription_Monthly_M-copie-300x83.jpg 300w, https:\/\/www.respirelavie.fr\/poitiers\/wp-content\/uploads\/sites\/3\/2020\/03\/Fotolia_181160447_Subscription_Monthly_M-copie-1024x283.jpg 1024w, https:\/\/www.respirelavie.fr\/poitiers\/wp-content\/uploads\/sites\/3\/2020\/03\/Fotolia_181160447_Subscription_Monthly_M-copie-768x212.jpg 768w, https:\/\/www.respirelavie.fr\/poitiers\/wp-content\/uploads\/sites\/3\/2020\/03\/Fotolia_181160447_Subscription_Monthly_M-copie-1536x425.jpg 1536w, https:\/\/www.respirelavie.fr\/poitiers\/wp-content\/uploads\/sites\/3\/2020\/03\/Fotolia_181160447_Subscription_Monthly_M-copie-150x41.jpg 150w, https:\/\/www.respirelavie.fr\/poitiers\/wp-content\/uploads\/sites\/3\/2020\/03\/Fotolia_181160447_Subscription_Monthly_M-copie-500x138.jpg 500w\" sizes=\"(max-width: 1682px) 100vw, 1682px\" \/><\/p>\n<p style=\"text-align: justify;\">Afin que vous puissiez d\u00e9couvrir une technique ou l\u2019approfondir, seront propos\u00e9s durant 3 jours : des cours de yoga de l\u2019\u00e9nergie, kundalini yoga, pilate, yoga tib\u00e9tain, yangshen, qi gong ou encore ta\u00ef chi chuan, d\u2019une dur\u00e9e de 1h \u00e0 1h30 toute la journ\u00e9e. (Soit une quinzaine de cours pendant toute la dur\u00e9e du salon).<\/p>\n<p style=\"text-align: justify;\">Les cours seront anim\u00e9s par des associations locales et se tiendront sur un espace ouvert au coeur du salon. Ils pourront accueillir environ 70 personnes.<\/p>\n<p style=\"text-align: justify;\">Adapt\u00e9s \u00e0 chacun selon son niveau, ils s\u2019adresseront aux d\u00e9butants comme aux pratiquants confirm\u00e9s.<\/p><div id=\"respi-4025917230\" class=\"respi-contenu respi-entity-placement\"><script async src=\"\/\/pagead2.googlesyndication.com\/pagead\/js\/adsbygoogle.js?client=ca-pub-7511070832818284\" crossorigin=\"anonymous\"><\/script><ins class=\"adsbygoogle\" style=\"display:block;\" data-ad-client=\"ca-pub-7511070832818284\" \ndata-ad-slot=\"4196289901\" \ndata-ad-format=\"auto\"><\/ins>\n<script> \n(adsbygoogle = window.adsbygoogle || []).push({}); \n<\/script>\n<\/div>\n<p><strong><span style=\"color: #e8ac12;\">Espace DES CHALONS<\/span><\/strong><\/p>\n<h2><strong>Vendredi 23 septembre 2022<\/strong><\/h2>\n<p><span style=\"color: #e8ac12;\"><strong>11:00 <\/strong><\/span>Self-shiatsu &amp; do-in &#8211; <strong><em>Sophie Fleury et Audrey Lambert<br \/>\n<\/em><span style=\"color: #e8ac12;\">12:30 <\/span><\/strong>Vinyasa Yoga &#8211;<strong><em> Norah Defamie<\/em><span style=\"color: #e8ac12;\"><br \/>\n15:30 <\/span><\/strong>Qi-gong m\u00e9dical (qigong liao fa) &#8211;<strong><em> Denis Tran<\/em><span style=\"color: #e8ac12;\"><br \/>\n17:00 <\/span><\/strong>Qi-gong m\u00e9dical (qigong liao fa) &#8211; <strong><em>Denis Tran<\/em><\/strong><strong><em><span style=\"color: #e8ac12;\"><br \/>\n<\/span><\/em><\/strong><\/p>\n<p>&nbsp;<\/p>\n<h2><strong>Samedi 24 septembre 2022<\/strong><\/h2>\n<p><strong><span style=\"color: #e8ac12;\">12:30 <\/span><\/strong>Vinyasa Yoga &#8211; <strong><em>Norah Defamie<\/em><span style=\"color: #e8ac12;\"><br \/>\n14:00 <\/span><\/strong>Qi-gong m\u00e9dical (qigong liao fa)<strong><em> &#8211; Denis Tran<\/em><span style=\"color: #e8ac12;\"><br \/>\n15:30 <\/span><\/strong>Initiation au Qi Kong &#8211;<strong><em> Li Xing Long<\/em><span style=\"color: #e8ac12;\"><br \/>\n17:00 <\/span><\/strong>Qi-gong m\u00e9dical (qigong liao fa) &#8211;<strong><em> Denis Tran<\/em><\/strong><\/p>\n<p>&nbsp;<\/p>\n<h2><strong>Dimanche 25 septembre 2022<\/strong><\/h2>\n<p><strong><span style=\"color: #e8ac12;\">11:00 <\/span><\/strong>Qi-gong m\u00e9dical (qigong liao fa) &#8211;<strong><em> Denis Tran<\/em><span style=\"color: #e8ac12;\"><br \/>\n12:30 <\/span><\/strong>Vinyasa Yoga &#8211;<strong><em> Norah Defamie<\/em><span style=\"color: #e8ac12;\"><br \/>\n14:00 <\/span><\/strong>Qi-gong m\u00e9dical (qigong liao fa) &#8211;<strong><em> Denis Tran<\/em><span style=\"color: #e8ac12;\"><br \/>\n15:30 <\/span><\/strong>Initiation au Ta\u00ef Chi Chuan &#8211; <strong><em>Clement-Hu Wenjing<\/em><\/strong><\/p>\n","protected":false},"excerpt":{"rendered":"<p>Afin que vous puissiez d\u00e9couvrir une technique ou l\u2019approfondir, seront propos\u00e9s durant 3 jours : des cours de yoga de l\u2019\u00e9nergie, kundalini yoga, pilate, yoga tib\u00e9tain, yangshen, qi gong ou encore ta\u00ef chi chuan, d\u2019une dur\u00e9e de 1h \u00e0 1h30 toute la journ\u00e9e. (Soit une quinzaine de cours pendant toute la dur\u00e9e du salon). Les&hellip; <\/p>\n","protected":false},"author":7,"featured_media":0,"parent":0,"menu_order":0,"comment_status":"closed","ping_status":"closed","template":"","meta":{"_monsterinsights_skip_tracking":false,"_monsterinsights_sitenote_active":false,"_monsterinsights_sitenote_note":"","_monsterinsights_sitenote_category":0,"footnotes":""},"class_list":["post-9353","page","type-page","status-publish","hentry"],"yoast_head":"<!-- This site is optimized with the Yoast SEO plugin v27.5 - https:\/\/yoast.com\/product\/yoast-seo-wordpress\/ -->\n<title>Workshop bougez zen 2022 - Salon RESPIRE LA VIE Poitiers<\/title>\n<meta name=\"robots\" content=\"index, follow, max-snippet:-1, max-image-preview:large, max-video-preview:-1\" \/>\n<link rel=\"canonical\" href=\"https:\/\/www.respirelavie.fr\/poitiers\/workshop-bougez-zen-2022\/\" \/>\n<meta property=\"og:locale\" content=\"fr_FR\" \/>\n<meta property=\"og:type\" content=\"article\" \/>\n<meta property=\"og:title\" content=\"Workshop bougez zen 2022 - Salon RESPIRE LA VIE Poitiers\" \/>\n<meta property=\"og:description\" content=\"Afin que vous puissiez d\u00e9couvrir une technique ou l\u2019approfondir, seront propos\u00e9s durant 3 jours : des cours de yoga de l\u2019\u00e9nergie, kundalini yoga, pilate, yoga tib\u00e9tain, yangshen, qi gong ou encore ta\u00ef chi chuan, d\u2019une dur\u00e9e de 1h \u00e0 1h30 toute la journ\u00e9e. (Soit une quinzaine de cours pendant toute la dur\u00e9e du salon). Les&hellip;\" \/>\n<meta property=\"og:url\" content=\"https:\/\/www.respirelavie.fr\/poitiers\/workshop-bougez-zen-2022\/\" \/>\n<meta property=\"og:site_name\" content=\"Salon RESPIRE LA VIE Poitiers\" \/>\n<meta property=\"article:modified_time\" content=\"2023-03-13T14:22:04+00:00\" \/>\n<meta property=\"og:image\" content=\"https:\/\/www.respirelavie.fr\/poitiers\/wp-content\/uploads\/sites\/3\/2020\/03\/Fotolia_181160447_Subscription_Monthly_M-copie.jpg\" \/>\n<meta name=\"twitter:card\" content=\"summary_large_image\" \/>\n<meta name=\"twitter:label1\" content=\"Dur\u00e9e de lecture estim\u00e9e\" \/>\n\t<meta name=\"twitter:data1\" content=\"1 minute\" \/>\n<script type=\"application\/ld+json\" class=\"yoast-schema-graph\">{\"@context\":\"https:\\\/\\\/schema.org\",\"@graph\":[{\"@type\":\"WebPage\",\"@id\":\"https:\\\/\\\/www.respirelavie.fr\\\/poitiers\\\/workshop-bougez-zen-2022\\\/\",\"url\":\"https:\\\/\\\/www.respirelavie.fr\\\/poitiers\\\/workshop-bougez-zen-2022\\\/\",\"name\":\"Workshop bougez zen 2022 - Salon RESPIRE LA VIE Poitiers\",\"isPartOf\":{\"@id\":\"http:\\\/\\\/www.respirelavie.fr\\\/poitiers\\\/#website\"},\"primaryImageOfPage\":{\"@id\":\"https:\\\/\\\/www.respirelavie.fr\\\/poitiers\\\/workshop-bougez-zen-2022\\\/#primaryimage\"},\"image\":{\"@id\":\"https:\\\/\\\/www.respirelavie.fr\\\/poitiers\\\/workshop-bougez-zen-2022\\\/#primaryimage\"},\"thumbnailUrl\":\"https:\\\/\\\/www.respirelavie.fr\\\/poitiers\\\/wp-content\\\/uploads\\\/sites\\\/3\\\/2020\\\/03\\\/Fotolia_181160447_Subscription_Monthly_M-copie.jpg\",\"datePublished\":\"2023-03-13T14:06:25+00:00\",\"dateModified\":\"2023-03-13T14:22:04+00:00\",\"breadcrumb\":{\"@id\":\"https:\\\/\\\/www.respirelavie.fr\\\/poitiers\\\/workshop-bougez-zen-2022\\\/#breadcrumb\"},\"inLanguage\":\"fr-FR\",\"potentialAction\":[{\"@type\":\"ReadAction\",\"target\":[\"https:\\\/\\\/www.respirelavie.fr\\\/poitiers\\\/workshop-bougez-zen-2022\\\/\"]}]},{\"@type\":\"ImageObject\",\"inLanguage\":\"fr-FR\",\"@id\":\"https:\\\/\\\/www.respirelavie.fr\\\/poitiers\\\/workshop-bougez-zen-2022\\\/#primaryimage\",\"url\":\"https:\\\/\\\/www.respirelavie.fr\\\/poitiers\\\/wp-content\\\/uploads\\\/sites\\\/3\\\/2020\\\/03\\\/Fotolia_181160447_Subscription_Monthly_M-copie.jpg\",\"contentUrl\":\"https:\\\/\\\/www.respirelavie.fr\\\/poitiers\\\/wp-content\\\/uploads\\\/sites\\\/3\\\/2020\\\/03\\\/Fotolia_181160447_Subscription_Monthly_M-copie.jpg\",\"width\":1682,\"height\":465,\"caption\":\"Young girl practicing yoga on yoga mat. Working out on top of a mountain. Peacefull and tranquil enviroment\"},{\"@type\":\"BreadcrumbList\",\"@id\":\"https:\\\/\\\/www.respirelavie.fr\\\/poitiers\\\/workshop-bougez-zen-2022\\\/#breadcrumb\",\"itemListElement\":[{\"@type\":\"ListItem\",\"position\":1,\"name\":\"Accueil\",\"item\":\"http:\\\/\\\/www.respirelavie.fr\\\/poitiers\\\/\"},{\"@type\":\"ListItem\",\"position\":2,\"name\":\"Workshop bougez zen 2022\"}]},{\"@type\":\"WebSite\",\"@id\":\"http:\\\/\\\/www.respirelavie.fr\\\/poitiers\\\/#website\",\"url\":\"http:\\\/\\\/www.respirelavie.fr\\\/poitiers\\\/\",\"name\":\"Salon RESPIRE LA VIE Poitiers\",\"description\":\"RESPIRE : votre salon bio, bien-\u00eatre et habitat sain \u00e0 Poitiers\",\"publisher\":{\"@id\":\"http:\\\/\\\/www.respirelavie.fr\\\/poitiers\\\/#organization\"},\"potentialAction\":[{\"@type\":\"SearchAction\",\"target\":{\"@type\":\"EntryPoint\",\"urlTemplate\":\"http:\\\/\\\/www.respirelavie.fr\\\/poitiers\\\/?s={search_term_string}\"},\"query-input\":{\"@type\":\"PropertyValueSpecification\",\"valueRequired\":true,\"valueName\":\"search_term_string\"}}],\"inLanguage\":\"fr-FR\"},{\"@type\":\"Organization\",\"@id\":\"http:\\\/\\\/www.respirelavie.fr\\\/poitiers\\\/#organization\",\"name\":\"Salon RESPIRE LA VIE Poitiers\",\"url\":\"http:\\\/\\\/www.respirelavie.fr\\\/poitiers\\\/\",\"logo\":{\"@type\":\"ImageObject\",\"inLanguage\":\"fr-FR\",\"@id\":\"http:\\\/\\\/www.respirelavie.fr\\\/poitiers\\\/#\\\/schema\\\/logo\\\/image\\\/\",\"url\":\"https:\\\/\\\/www.respirelavie.fr\\\/poitiers\\\/wp-content\\\/uploads\\\/sites\\\/3\\\/2024\\\/03\\\/Logo-RESPIRE-LA-VIE-poitiers.jpg\",\"contentUrl\":\"https:\\\/\\\/www.respirelavie.fr\\\/poitiers\\\/wp-content\\\/uploads\\\/sites\\\/3\\\/2024\\\/03\\\/Logo-RESPIRE-LA-VIE-poitiers.jpg\",\"width\":470,\"height\":262,\"caption\":\"Salon RESPIRE LA VIE Poitiers\"},\"image\":{\"@id\":\"http:\\\/\\\/www.respirelavie.fr\\\/poitiers\\\/#\\\/schema\\\/logo\\\/image\\\/\"}}]}<\/script>\n<!-- \/ Yoast SEO plugin. -->","yoast_head_json":{"title":"Workshop bougez zen 2022 - Salon RESPIRE LA VIE Poitiers","robots":{"index":"index","follow":"follow","max-snippet":"max-snippet:-1","max-image-preview":"max-image-preview:large","max-video-preview":"max-video-preview:-1"},"canonical":"https:\/\/www.respirelavie.fr\/poitiers\/workshop-bougez-zen-2022\/","og_locale":"fr_FR","og_type":"article","og_title":"Workshop bougez zen 2022 - Salon RESPIRE LA VIE Poitiers","og_description":"Afin que vous puissiez d\u00e9couvrir une technique ou l\u2019approfondir, seront propos\u00e9s durant 3 jours : des cours de yoga de l\u2019\u00e9nergie, kundalini yoga, pilate, yoga tib\u00e9tain, yangshen, qi gong ou encore ta\u00ef chi chuan, d\u2019une dur\u00e9e de 1h \u00e0 1h30 toute la journ\u00e9e. (Soit une quinzaine de cours pendant toute la dur\u00e9e du salon). Les&hellip;","og_url":"https:\/\/www.respirelavie.fr\/poitiers\/workshop-bougez-zen-2022\/","og_site_name":"Salon RESPIRE LA VIE Poitiers","article_modified_time":"2023-03-13T14:22:04+00:00","og_image":[{"url":"https:\/\/www.respirelavie.fr\/poitiers\/wp-content\/uploads\/sites\/3\/2020\/03\/Fotolia_181160447_Subscription_Monthly_M-copie.jpg","type":"","width":"","height":""}],"twitter_card":"summary_large_image","twitter_misc":{"Dur\u00e9e de lecture estim\u00e9e":"1 minute"},"schema":{"@context":"https:\/\/schema.org","@graph":[{"@type":"WebPage","@id":"https:\/\/www.respirelavie.fr\/poitiers\/workshop-bougez-zen-2022\/","url":"https:\/\/www.respirelavie.fr\/poitiers\/workshop-bougez-zen-2022\/","name":"Workshop bougez zen 2022 - Salon RESPIRE LA VIE Poitiers","isPartOf":{"@id":"http:\/\/www.respirelavie.fr\/poitiers\/#website"},"primaryImageOfPage":{"@id":"https:\/\/www.respirelavie.fr\/poitiers\/workshop-bougez-zen-2022\/#primaryimage"},"image":{"@id":"https:\/\/www.respirelavie.fr\/poitiers\/workshop-bougez-zen-2022\/#primaryimage"},"thumbnailUrl":"https:\/\/www.respirelavie.fr\/poitiers\/wp-content\/uploads\/sites\/3\/2020\/03\/Fotolia_181160447_Subscription_Monthly_M-copie.jpg","datePublished":"2023-03-13T14:06:25+00:00","dateModified":"2023-03-13T14:22:04+00:00","breadcrumb":{"@id":"https:\/\/www.respirelavie.fr\/poitiers\/workshop-bougez-zen-2022\/#breadcrumb"},"inLanguage":"fr-FR","potentialAction":[{"@type":"ReadAction","target":["https:\/\/www.respirelavie.fr\/poitiers\/workshop-bougez-zen-2022\/"]}]},{"@type":"ImageObject","inLanguage":"fr-FR","@id":"https:\/\/www.respirelavie.fr\/poitiers\/workshop-bougez-zen-2022\/#primaryimage","url":"https:\/\/www.respirelavie.fr\/poitiers\/wp-content\/uploads\/sites\/3\/2020\/03\/Fotolia_181160447_Subscription_Monthly_M-copie.jpg","contentUrl":"https:\/\/www.respirelavie.fr\/poitiers\/wp-content\/uploads\/sites\/3\/2020\/03\/Fotolia_181160447_Subscription_Monthly_M-copie.jpg","width":1682,"height":465,"caption":"Young girl practicing yoga on yoga mat. Working out on top of a mountain. Peacefull and tranquil enviroment"},{"@type":"BreadcrumbList","@id":"https:\/\/www.respirelavie.fr\/poitiers\/workshop-bougez-zen-2022\/#breadcrumb","itemListElement":[{"@type":"ListItem","position":1,"name":"Accueil","item":"http:\/\/www.respirelavie.fr\/poitiers\/"},{"@type":"ListItem","position":2,"name":"Workshop bougez zen 2022"}]},{"@type":"WebSite","@id":"http:\/\/www.respirelavie.fr\/poitiers\/#website","url":"http:\/\/www.respirelavie.fr\/poitiers\/","name":"Salon RESPIRE LA VIE Poitiers","description":"RESPIRE : votre salon bio, bien-\u00eatre et habitat sain \u00e0 Poitiers","publisher":{"@id":"http:\/\/www.respirelavie.fr\/poitiers\/#organization"},"potentialAction":[{"@type":"SearchAction","target":{"@type":"EntryPoint","urlTemplate":"http:\/\/www.respirelavie.fr\/poitiers\/?s={search_term_string}"},"query-input":{"@type":"PropertyValueSpecification","valueRequired":true,"valueName":"search_term_string"}}],"inLanguage":"fr-FR"},{"@type":"Organization","@id":"http:\/\/www.respirelavie.fr\/poitiers\/#organization","name":"Salon RESPIRE LA VIE Poitiers","url":"http:\/\/www.respirelavie.fr\/poitiers\/","logo":{"@type":"ImageObject","inLanguage":"fr-FR","@id":"http:\/\/www.respirelavie.fr\/poitiers\/#\/schema\/logo\/image\/","url":"https:\/\/www.respirelavie.fr\/poitiers\/wp-content\/uploads\/sites\/3\/2024\/03\/Logo-RESPIRE-LA-VIE-poitiers.jpg","contentUrl":"https:\/\/www.respirelavie.fr\/poitiers\/wp-content\/uploads\/sites\/3\/2024\/03\/Logo-RESPIRE-LA-VIE-poitiers.jpg","width":470,"height":262,"caption":"Salon RESPIRE LA VIE Poitiers"},"image":{"@id":"http:\/\/www.respirelavie.fr\/poitiers\/#\/schema\/logo\/image\/"}}]}},"_links":{"self":[{"href":"https:\/\/www.respirelavie.fr\/poitiers\/wp-json\/wp\/v2\/pages\/9353","targetHints":{"allow":["GET"]}}],"collection":[{"href":"https:\/\/www.respirelavie.fr\/poitiers\/wp-json\/wp\/v2\/pages"}],"about":[{"href":"https:\/\/www.respirelavie.fr\/poitiers\/wp-json\/wp\/v2\/types\/page"}],"author":[{"embeddable":true,"href":"https:\/\/www.respirelavie.fr\/poitiers\/wp-json\/wp\/v2\/users\/7"}],"replies":[{"embeddable":true,"href":"https:\/\/www.respirelavie.fr\/poitiers\/wp-json\/wp\/v2\/comments?post=9353"}],"version-history":[{"count":0,"href":"https:\/\/www.respirelavie.fr\/poitiers\/wp-json\/wp\/v2\/pages\/9353\/revisions"}],"wp:attachment":[{"href":"https:\/\/www.respirelavie.fr\/poitiers\/wp-json\/wp\/v2\/media?parent=9353"}],"curies":[{"name":"wp","href":"https:\/\/api.w.org\/{rel}","templated":true}]}}