{"id":9361,"date":"2023-03-13T15:18:37","date_gmt":"2023-03-13T14:18:37","guid":{"rendered":"https:\/\/www.respirelavie.fr\/poitiers\/?page_id=9361"},"modified":"2023-03-13T15:18:37","modified_gmt":"2023-03-13T14:18:37","slug":"espace-danimations-en-continu-2022","status":"publish","type":"page","link":"https:\/\/www.respirelavie.fr\/poitiers\/espace-danimations-en-continu-2022\/","title":{"rendered":"Espace d\u2019animations en continu 2022"},"content":{"rendered":"<p><img fetchpriority=\"high\" decoding=\"async\" class=\"alignnone size-full wp-image-7444\" src=\"https:\/\/www.respirelavie.fr\/poitiers\/wp-content\/uploads\/sites\/3\/2020\/03\/jessica-rockowitz-5NLCaz2wJXE-unsplash-scaled.jpg\" alt=\"\" width=\"2560\" height=\"1109\" srcset=\"https:\/\/www.respirelavie.fr\/poitiers\/wp-content\/uploads\/sites\/3\/2020\/03\/jessica-rockowitz-5NLCaz2wJXE-unsplash-scaled.jpg 2560w, https:\/\/www.respirelavie.fr\/poitiers\/wp-content\/uploads\/sites\/3\/2020\/03\/jessica-rockowitz-5NLCaz2wJXE-unsplash-300x130.jpg 300w, https:\/\/www.respirelavie.fr\/poitiers\/wp-content\/uploads\/sites\/3\/2020\/03\/jessica-rockowitz-5NLCaz2wJXE-unsplash-1024x444.jpg 1024w, https:\/\/www.respirelavie.fr\/poitiers\/wp-content\/uploads\/sites\/3\/2020\/03\/jessica-rockowitz-5NLCaz2wJXE-unsplash-768x333.jpg 768w, https:\/\/www.respirelavie.fr\/poitiers\/wp-content\/uploads\/sites\/3\/2020\/03\/jessica-rockowitz-5NLCaz2wJXE-unsplash-1536x666.jpg 1536w, https:\/\/www.respirelavie.fr\/poitiers\/wp-content\/uploads\/sites\/3\/2020\/03\/jessica-rockowitz-5NLCaz2wJXE-unsplash-2048x887.jpg 2048w, https:\/\/www.respirelavie.fr\/poitiers\/wp-content\/uploads\/sites\/3\/2020\/03\/jessica-rockowitz-5NLCaz2wJXE-unsplash-150x65.jpg 150w, https:\/\/www.respirelavie.fr\/poitiers\/wp-content\/uploads\/sites\/3\/2020\/03\/jessica-rockowitz-5NLCaz2wJXE-unsplash-500x217.jpg 500w\" sizes=\"(max-width: 2560px) 100vw, 2560px\" \/><\/p>\n<p>Le salon Respire La Vie Poitiers met en place des animations sp\u00e9ciales pour \u00e9veiller l\u2019int\u00e9r\u00eat et pour une exp\u00e9rience visiteurs riche et in\u00e9dite.<\/p>\n<ul>\n<li><a href=\"#Artetcreation\"><strong>ESPACE ART ET CR\u00c9ATION<\/strong><\/a><\/li>\n<li><a href=\"#Enfant\"><strong>LE COIN DES ENFANTS<\/strong><\/a><\/li>\n<li><strong><a href=\"#parentalite\">ESPACE PARENTALIT\u00c9<\/a><a id=\"Artetcreation\"><\/a><\/strong><\/li>\n<\/ul>\n<p>&nbsp;<\/p>\n<h2><strong>ESPACE ART ET CR\u00c9ATION<\/strong><\/h2>\n<p><img decoding=\"async\" class=\"size-full wp-image-8451 alignleft\" src=\"https:\/\/www.respirelavie.fr\/poitiers\/wp-content\/uploads\/sites\/3\/2022\/06\/CTHEVENET.png\" alt=\"\" width=\"150\" height=\"135\" \/>Christine Th\u00e9venet, animatrice sociale en fin de formation d\u2019Art-th\u00e9rapeute \u00e0 la facult\u00e9 de m\u00e9decine et de Pharmacie de Poitiers (ou Art-th\u00e9rapeute dipl\u00f4m\u00e9e de la facult\u00e9 de m\u00e9decine et de Pharmacie de Poitiers).<\/p><div id=\"respi-520568415\" class=\"respi-contenu respi-entity-placement\"><script async src=\"\/\/pagead2.googlesyndication.com\/pagead\/js\/adsbygoogle.js?client=ca-pub-7511070832818284\" crossorigin=\"anonymous\"><\/script><ins class=\"adsbygoogle\" style=\"display:block;\" data-ad-client=\"ca-pub-7511070832818284\" \ndata-ad-slot=\"4196289901\" \ndata-ad-format=\"auto\"><\/ins>\n<script> \n(adsbygoogle = window.adsbygoogle || []).push({}); \n<\/script>\n<\/div>\n<p>&nbsp;<\/p>\n<p>&nbsp;<\/p>\n<p>Je vous invite \u00e0 d\u00e9couvrir l\u2019art-th\u00e9rapie, \u00e0 stimuler votre cr\u00e9ativit\u00e9 et exp\u00e9rimenter le processus de cr\u00e9ation artistique en participant \u00e0 des propositions ludiques et originales.<\/p>\n<p>L\u2019art-th\u00e9rapie est une pratique de soin qui utilise le processus de cr\u00e9ation artistique comme outil th\u00e9rapeutique.<\/p>\n<p>L\u2019art-th\u00e9rapeute accompagne la d\u00e9marche cr\u00e9ative pour favoriser l\u2019expression, l\u2019\u00e9coute de ses \u00e9motions.<\/p>\n<p>Le processus th\u00e9rapeutique permet d\u2019explorer son univers int\u00e9rieur, de l\u2019exprimer de mani\u00e8re non verbale \u00e0 travers la peinture, le modelage, l\u2019\u00e9criture\u2026<\/p>\n<p>Ce qui est important dans l\u2019art-th\u00e9rapie c\u2019est le processus cr\u00e9atif, la mise en mouvement du corps pour cr\u00e9er.<\/p>\n<p>A travers le plaisir procur\u00e9 et l\u2019investissement personnel dans une activit\u00e9, la cr\u00e9ation artistique peut \u00e9galement \u00eatre utilis\u00e9e dans une d\u00e9marche de d\u00e9veloppement personnel afin de mieux se conna\u00eetre, de d\u00e9velopper son estime de soi ou encore d\u2019am\u00e9liorer sa relation avec l\u2019autre.<\/p>\n<p>L\u2019art-th\u00e9rapeute vous guide dans l\u2019exploration de votre vie int\u00e9rieure avec respect, neutralit\u00e9 et bienveillance en s\u2019adaptant \u00e0 votre rythme et vos besoins.<\/p>\n<p>L\u2019art-th\u00e9rapeute est un professionnel dipl\u00f4m\u00e9. Il est tenu au secret professionnel.<\/p>\n<p>En reconversion professionnelle apr\u00e8s des ann\u00e9es d\u2019exp\u00e9riences en tant qu\u2019animatrice sociale aupr\u00e8s de personnes atteintes de handicaps sensoriels (personnes sourdes, personnes aveugles et sourdes\/aveugles), je souhaite orienter ma pratique d\u2019Art-th\u00e9rapeute vers la sensorialit\u00e9, l\u2019utilisation des sens au service de la d\u00e9couverte int\u00e9rieure et de l\u2019expression \u00e9motionnelle.<\/p>\n<p>Je m\u2019adresse \u00e0 toutes personnes adultes en situation de souffrances psychologiques.<\/p>\n<p>J\u2019utilise les arts-plastiques\u00a0: la peinture, le modelage, l\u2019\u00e9criture, le graphisme, le collage avec diff\u00e9rents mat\u00e9riaux le textile, la laine, la terre, la peinture, l\u2019encre, le papier, des \u00e9l\u00e9ments de r\u00e9cup\u00e9ration et des \u00e9l\u00e9ments de la nature\u2026<a id=\"Enfant\"><\/a><\/p>\n<p><img decoding=\"async\" class=\"size-medium wp-image-8449 alignnone\" src=\"https:\/\/www.respirelavie.fr\/poitiers\/wp-content\/uploads\/sites\/3\/2022\/06\/ART-ET-CREATION-231x300.jpg\" alt=\"\" width=\"231\" height=\"300\" srcset=\"https:\/\/www.respirelavie.fr\/poitiers\/wp-content\/uploads\/sites\/3\/2022\/06\/ART-ET-CREATION-231x300.jpg 231w, https:\/\/www.respirelavie.fr\/poitiers\/wp-content\/uploads\/sites\/3\/2022\/06\/ART-ET-CREATION-150x195.jpg 150w, https:\/\/www.respirelavie.fr\/poitiers\/wp-content\/uploads\/sites\/3\/2022\/06\/ART-ET-CREATION-385x500.jpg 385w, https:\/\/www.respirelavie.fr\/poitiers\/wp-content\/uploads\/sites\/3\/2022\/06\/ART-ET-CREATION.jpg 461w\" sizes=\"(max-width: 231px) 100vw, 231px\" \/><img loading=\"lazy\" decoding=\"async\" class=\"wp-image-8450 alignnone\" src=\"https:\/\/www.respirelavie.fr\/poitiers\/wp-content\/uploads\/sites\/3\/2022\/06\/ART-ET-CREATION1-242x300.jpg\" alt=\"\" width=\"250\" height=\"310\" srcset=\"https:\/\/www.respirelavie.fr\/poitiers\/wp-content\/uploads\/sites\/3\/2022\/06\/ART-ET-CREATION1-242x300.jpg 242w, https:\/\/www.respirelavie.fr\/poitiers\/wp-content\/uploads\/sites\/3\/2022\/06\/ART-ET-CREATION1-150x186.jpg 150w, https:\/\/www.respirelavie.fr\/poitiers\/wp-content\/uploads\/sites\/3\/2022\/06\/ART-ET-CREATION1-403x500.jpg 403w, https:\/\/www.respirelavie.fr\/poitiers\/wp-content\/uploads\/sites\/3\/2022\/06\/ART-ET-CREATION1.jpg 495w\" sizes=\"(max-width: 250px) 100vw, 250px\" \/><\/p>\n<p>&nbsp;<\/p>\n<h2><strong>LE COIN DES ENFANTS<\/strong><\/h2>\n<p><strong>Espace enfants\u00a0:<\/strong><\/p>\n<p>Animations cr\u00e9atives et bricolages nature \u00e0 base de mat\u00e9riaux de r\u00e9cup\u00e9ration. Samedi et dimanche, \u00e0 partir de 3 ans.<\/p>\n<p><strong>Espace b\u00e9b\u00e9s\u00a0: <\/strong><\/p>\n<p>Espace am\u00e9nag\u00e9 et d\u00e9di\u00e9 aux b\u00e9b\u00e9s et \u00e0 leurs parents pour une pause biberon, allaitement, change et c\u00e2lins.<a id=\"parentalite\"><\/a><\/p>\n<p>&nbsp;<\/p>\n<h2><strong>ESPACE PARENTALIT\u00c9<\/strong><\/h2>\n<p>L&rsquo;association \u00ab\u00a0Na\u00eetre et Grandir 86\u00a0\u00bb est un collectif autour de la grossesse, la naissance, la parentalit\u00e9 et la petite enfance.<\/p>\n<p>Vous pourrez trouver des ateliers de transmission, de partage, de discussion sur les th\u00e8mes\u00a0:<\/p>\n<p>&nbsp;<\/p>\n<p><u>Atelier Dunstan Baby Language<\/u><\/p>\n<p>Et si votre b\u00e9b\u00e9 (0-3 mois) vous donnait son mode d\u2019emploi ?<\/p>\n<p>Tous les b\u00e9b\u00e9s, dans le monde entier, expriment leurs besoins physiologiques \u00e0 travers leurs g\u00e9missements et leurs pleurs.<\/p>\n<p>Le Dunstan Baby Language vous enseigne comment identifier ces pleurs. Gr\u00e2ce \u00e0 cette approche, vous serez en mesure de comprendre les besoins de votre b\u00e9b\u00e9, et d&rsquo;y r\u00e9pondre avant que votre enfant ne se mette \u00e0 pleurer \u00e0 chaudes larmes.<\/p>\n<p>&nbsp;<\/p>\n<p><u>Atelier B\u00e9b\u00e9s Signes<\/u><\/p>\n<p>Associer un signe \u00e0 la parole devient de plus en plus utilis\u00e9 aupr\u00e8s des enfants de 0 \u00e0 3 ans. Venez \u00e9changer sur l&rsquo;utilisation de cet outil pour accompagner le d\u00e9veloppement du langage de votre enfant.<\/p>\n<p>&nbsp;<\/p>\n<p><u>Faber et Mazlish\u00a0<\/u><\/p>\n<p>\u00catre parent n&rsquo;est pas de tout repos. La vie de famille de r\u00eave vole parfois en \u00e9clat avec l&rsquo;organisation quotidienne, les conflits et disputes entre enfants. Les ateliers Faber et Mazlish permettent d&rsquo;\u00e9changer entre parents pour trouver des solutions aux probl\u00e9matiques du quotidien pour les enfants de 0 \u00e0 10 ans.<\/p>\n<p>&nbsp;<\/p>\n<p><u>Ateliers d\u2019initiation au portage physiologique <\/u><\/p>\n<p>Vous souhaitez vous\u00a0informer, d\u00e9couvrir et essayer\u00a0diff\u00e9rentes techniques de\u00a0portage physiologique pour votre b\u00e9b\u00e9\u00a0:<\/p>\n<p>Des mamans initi\u00e9es vous attendent pour des ateliers de portage gratuits.<\/p>\n<p>&nbsp;<\/p>\n<p><u>Ateliers sur l\u2019Hygi\u00e8ne naturelle Infantile<\/u><\/p>\n<p>L\u2019Hygi\u00e8ne Naturelle Infantile (HNI)\u00a0ou principe d\u2019\u00ab\u00a0\u00c9limination-Communication\u00a0\u00bb (EC) est une pratique qui consiste \u00e0 r\u00e9pondre aux besoins d&rsquo;\u00e9limination des tous petits en se connectant \u00e0 leurs besoins d\u00e8s leur naissance.<\/p>\n<p>N\u00e9anmoins, tout comme pour l\u2019allaitement, nous manquons dans notre soci\u00e9t\u00e9 d\u2019\u00e9change sur cette pratique qui peut para\u00eetre difficile\u2026<\/p>\n<p>Un groupe de mamans se propose d\u2019\u00e9changer sur leurs pratiques de l&rsquo;HNI.<\/p>\n<p>&nbsp;<\/p>\n<p><u>Info allaitement 86<\/u><\/p>\n<p>Pour favoriser le bon d\u00e9roulement de votre allaitement, pour vous y pr\u00e9parer avant la naissance et pour vous aider dans votre choix, nous vous proposons des r\u00e9unions o\u00f9 des m\u00e8res allaitantes, des femmes enceintes, des p\u00e8res, des professionnelles de sant\u00e9 \u00e9changent sur les joies et les difficult\u00e9s de l\u2019allaitement et du maternage.<\/p>\n<p>&nbsp;<\/p>\n<p><u>Chant pr\u00e9natal<\/u><\/p>\n<p>Cet atelier vous propose de pendre un temps pour vous et l\u2019enfant \u00e0 na\u00eetre par le biais d\u2019exercices de relaxation, de vocalises, de sons et d\u2019un r\u00e9pertoire sp\u00e9cifique \u00e0 la maternit\u00e9.<\/p>\n<p>&nbsp;<\/p>\n<p><u>Couches lavables <\/u><\/p>\n<p>Dans ma valise \u00e9colo, rien ne se jette, tout est lavable.\u2028 Vous y trouverez des conseils sur la petite enfance et son d\u00e9veloppement durable.<\/p>\n<p>Vous voulez passer \u00e0 l\u2019action pour vos enfants ?\u2028 Retrouvez et d\u00e9couvrez dans cette valise l\u2019\u00e9cologie simple, ludique.<\/p>\n<p>&nbsp;<\/p>\n<p><u>Jeunes Pousses Montessori<\/u><\/p>\n<p>Des\u00a0ateliers parents-enfants\u00a0afin de venir d\u00e9couvrir la p\u00e9dagogie Montessori<\/p>\n<p>&nbsp;<\/p>\n<p><u>Journal de grossesse<\/u><\/p>\n<p>Journal cr\u00e9atif pour femmes enceintes<\/p>\n<p>&nbsp;<\/p>\n","protected":false},"excerpt":{"rendered":"<p>Le salon Respire La Vie Poitiers met en place des animations sp\u00e9ciales pour \u00e9veiller l\u2019int\u00e9r\u00eat et pour une exp\u00e9rience visiteurs riche et in\u00e9dite. ESPACE ART ET CR\u00c9ATION LE COIN DES ENFANTS ESPACE PARENTALIT\u00c9 &nbsp; ESPACE ART ET CR\u00c9ATION Christine Th\u00e9venet, animatrice sociale en fin de formation d\u2019Art-th\u00e9rapeute \u00e0 la facult\u00e9 de m\u00e9decine et de Pharmacie&hellip; <\/p>\n","protected":false},"author":7,"featured_media":0,"parent":0,"menu_order":0,"comment_status":"closed","ping_status":"closed","template":"","meta":{"_monsterinsights_skip_tracking":false,"_monsterinsights_sitenote_active":false,"_monsterinsights_sitenote_note":"","_monsterinsights_sitenote_category":0,"footnotes":""},"class_list":["post-9361","page","type-page","status-publish","hentry"],"yoast_head":"<!-- This site is optimized with the Yoast SEO plugin v27.3 - https:\/\/yoast.com\/product\/yoast-seo-wordpress\/ -->\n<title>Espace d\u2019animations en continu 2022 - Salon RESPIRE LA VIE Poitiers<\/title>\n<meta name=\"robots\" content=\"index, follow, max-snippet:-1, max-image-preview:large, max-video-preview:-1\" \/>\n<link rel=\"canonical\" href=\"https:\/\/www.respirelavie.fr\/poitiers\/espace-danimations-en-continu-2022\/\" \/>\n<meta property=\"og:locale\" content=\"fr_FR\" \/>\n<meta property=\"og:type\" content=\"article\" \/>\n<meta property=\"og:title\" content=\"Espace d\u2019animations en continu 2022 - Salon RESPIRE LA VIE Poitiers\" \/>\n<meta property=\"og:description\" content=\"Le salon Respire La Vie Poitiers met en place des animations sp\u00e9ciales pour \u00e9veiller l\u2019int\u00e9r\u00eat et pour une exp\u00e9rience visiteurs riche et in\u00e9dite. ESPACE ART ET CR\u00c9ATION LE COIN DES ENFANTS ESPACE PARENTALIT\u00c9 &nbsp; ESPACE ART ET CR\u00c9ATION Christine Th\u00e9venet, animatrice sociale en fin de formation d\u2019Art-th\u00e9rapeute \u00e0 la facult\u00e9 de m\u00e9decine et de Pharmacie&hellip;\" \/>\n<meta property=\"og:url\" content=\"https:\/\/www.respirelavie.fr\/poitiers\/espace-danimations-en-continu-2022\/\" \/>\n<meta property=\"og:site_name\" content=\"Salon RESPIRE LA VIE Poitiers\" \/>\n<meta property=\"og:image\" content=\"https:\/\/www.respirelavie.fr\/poitiers\/wp-content\/uploads\/sites\/3\/2020\/03\/jessica-rockowitz-5NLCaz2wJXE-unsplash-scaled.jpg\" \/>\n<meta name=\"twitter:card\" content=\"summary_large_image\" \/>\n<meta name=\"twitter:label1\" content=\"Dur\u00e9e de lecture estim\u00e9e\" \/>\n\t<meta name=\"twitter:data1\" content=\"5 minutes\" \/>\n<script type=\"application\/ld+json\" class=\"yoast-schema-graph\">{\"@context\":\"https:\\\/\\\/schema.org\",\"@graph\":[{\"@type\":\"WebPage\",\"@id\":\"https:\\\/\\\/www.respirelavie.fr\\\/poitiers\\\/espace-danimations-en-continu-2022\\\/\",\"url\":\"https:\\\/\\\/www.respirelavie.fr\\\/poitiers\\\/espace-danimations-en-continu-2022\\\/\",\"name\":\"Espace d\u2019animations en continu 2022 - Salon RESPIRE LA VIE Poitiers\",\"isPartOf\":{\"@id\":\"https:\\\/\\\/www.respirelavie.fr\\\/poitiers\\\/#website\"},\"primaryImageOfPage\":{\"@id\":\"https:\\\/\\\/www.respirelavie.fr\\\/poitiers\\\/espace-danimations-en-continu-2022\\\/#primaryimage\"},\"image\":{\"@id\":\"https:\\\/\\\/www.respirelavie.fr\\\/poitiers\\\/espace-danimations-en-continu-2022\\\/#primaryimage\"},\"thumbnailUrl\":\"https:\\\/\\\/www.respirelavie.fr\\\/poitiers\\\/wp-content\\\/uploads\\\/sites\\\/3\\\/2020\\\/03\\\/jessica-rockowitz-5NLCaz2wJXE-unsplash-scaled.jpg\",\"datePublished\":\"2023-03-13T14:18:37+00:00\",\"breadcrumb\":{\"@id\":\"https:\\\/\\\/www.respirelavie.fr\\\/poitiers\\\/espace-danimations-en-continu-2022\\\/#breadcrumb\"},\"inLanguage\":\"fr-FR\",\"potentialAction\":[{\"@type\":\"ReadAction\",\"target\":[\"https:\\\/\\\/www.respirelavie.fr\\\/poitiers\\\/espace-danimations-en-continu-2022\\\/\"]}]},{\"@type\":\"ImageObject\",\"inLanguage\":\"fr-FR\",\"@id\":\"https:\\\/\\\/www.respirelavie.fr\\\/poitiers\\\/espace-danimations-en-continu-2022\\\/#primaryimage\",\"url\":\"https:\\\/\\\/www.respirelavie.fr\\\/poitiers\\\/wp-content\\\/uploads\\\/sites\\\/3\\\/2020\\\/03\\\/jessica-rockowitz-5NLCaz2wJXE-unsplash-scaled.jpg\",\"contentUrl\":\"https:\\\/\\\/www.respirelavie.fr\\\/poitiers\\\/wp-content\\\/uploads\\\/sites\\\/3\\\/2020\\\/03\\\/jessica-rockowitz-5NLCaz2wJXE-unsplash-scaled.jpg\",\"width\":2560,\"height\":1109,\"caption\":\"Famille se baladant dans un parc\"},{\"@type\":\"BreadcrumbList\",\"@id\":\"https:\\\/\\\/www.respirelavie.fr\\\/poitiers\\\/espace-danimations-en-continu-2022\\\/#breadcrumb\",\"itemListElement\":[{\"@type\":\"ListItem\",\"position\":1,\"name\":\"Accueil\",\"item\":\"https:\\\/\\\/www.respirelavie.fr\\\/poitiers\\\/\"},{\"@type\":\"ListItem\",\"position\":2,\"name\":\"Espace d\u2019animations en continu 2022\"}]},{\"@type\":\"WebSite\",\"@id\":\"https:\\\/\\\/www.respirelavie.fr\\\/poitiers\\\/#website\",\"url\":\"https:\\\/\\\/www.respirelavie.fr\\\/poitiers\\\/\",\"name\":\"Salon RESPIRE LA VIE Poitiers\",\"description\":\"RESPIRE : votre salon bio, bien-\u00eatre et habitat sain \u00e0 Poitiers\",\"publisher\":{\"@id\":\"https:\\\/\\\/www.respirelavie.fr\\\/poitiers\\\/#organization\"},\"potentialAction\":[{\"@type\":\"SearchAction\",\"target\":{\"@type\":\"EntryPoint\",\"urlTemplate\":\"https:\\\/\\\/www.respirelavie.fr\\\/poitiers\\\/?s={search_term_string}\"},\"query-input\":{\"@type\":\"PropertyValueSpecification\",\"valueRequired\":true,\"valueName\":\"search_term_string\"}}],\"inLanguage\":\"fr-FR\"},{\"@type\":\"Organization\",\"@id\":\"https:\\\/\\\/www.respirelavie.fr\\\/poitiers\\\/#organization\",\"name\":\"Salon RESPIRE LA VIE Poitiers\",\"url\":\"https:\\\/\\\/www.respirelavie.fr\\\/poitiers\\\/\",\"logo\":{\"@type\":\"ImageObject\",\"inLanguage\":\"fr-FR\",\"@id\":\"https:\\\/\\\/www.respirelavie.fr\\\/poitiers\\\/#\\\/schema\\\/logo\\\/image\\\/\",\"url\":\"https:\\\/\\\/www.respirelavie.fr\\\/poitiers\\\/wp-content\\\/uploads\\\/sites\\\/3\\\/2024\\\/03\\\/Logo-RESPIRE-LA-VIE-poitiers.jpg\",\"contentUrl\":\"https:\\\/\\\/www.respirelavie.fr\\\/poitiers\\\/wp-content\\\/uploads\\\/sites\\\/3\\\/2024\\\/03\\\/Logo-RESPIRE-LA-VIE-poitiers.jpg\",\"width\":470,\"height\":262,\"caption\":\"Salon RESPIRE LA VIE Poitiers\"},\"image\":{\"@id\":\"https:\\\/\\\/www.respirelavie.fr\\\/poitiers\\\/#\\\/schema\\\/logo\\\/image\\\/\"}}]}<\/script>\n<!-- \/ Yoast SEO plugin. -->","yoast_head_json":{"title":"Espace d\u2019animations en continu 2022 - Salon RESPIRE LA VIE Poitiers","robots":{"index":"index","follow":"follow","max-snippet":"max-snippet:-1","max-image-preview":"max-image-preview:large","max-video-preview":"max-video-preview:-1"},"canonical":"https:\/\/www.respirelavie.fr\/poitiers\/espace-danimations-en-continu-2022\/","og_locale":"fr_FR","og_type":"article","og_title":"Espace d\u2019animations en continu 2022 - Salon RESPIRE LA VIE Poitiers","og_description":"Le salon Respire La Vie Poitiers met en place des animations sp\u00e9ciales pour \u00e9veiller l\u2019int\u00e9r\u00eat et pour une exp\u00e9rience visiteurs riche et in\u00e9dite. ESPACE ART ET CR\u00c9ATION LE COIN DES ENFANTS ESPACE PARENTALIT\u00c9 &nbsp; ESPACE ART ET CR\u00c9ATION Christine Th\u00e9venet, animatrice sociale en fin de formation d\u2019Art-th\u00e9rapeute \u00e0 la facult\u00e9 de m\u00e9decine et de Pharmacie&hellip;","og_url":"https:\/\/www.respirelavie.fr\/poitiers\/espace-danimations-en-continu-2022\/","og_site_name":"Salon RESPIRE LA VIE Poitiers","og_image":[{"url":"https:\/\/www.respirelavie.fr\/poitiers\/wp-content\/uploads\/sites\/3\/2020\/03\/jessica-rockowitz-5NLCaz2wJXE-unsplash-scaled.jpg","type":"","width":"","height":""}],"twitter_card":"summary_large_image","twitter_misc":{"Dur\u00e9e de lecture estim\u00e9e":"5 minutes"},"schema":{"@context":"https:\/\/schema.org","@graph":[{"@type":"WebPage","@id":"https:\/\/www.respirelavie.fr\/poitiers\/espace-danimations-en-continu-2022\/","url":"https:\/\/www.respirelavie.fr\/poitiers\/espace-danimations-en-continu-2022\/","name":"Espace d\u2019animations en continu 2022 - Salon RESPIRE LA VIE Poitiers","isPartOf":{"@id":"https:\/\/www.respirelavie.fr\/poitiers\/#website"},"primaryImageOfPage":{"@id":"https:\/\/www.respirelavie.fr\/poitiers\/espace-danimations-en-continu-2022\/#primaryimage"},"image":{"@id":"https:\/\/www.respirelavie.fr\/poitiers\/espace-danimations-en-continu-2022\/#primaryimage"},"thumbnailUrl":"https:\/\/www.respirelavie.fr\/poitiers\/wp-content\/uploads\/sites\/3\/2020\/03\/jessica-rockowitz-5NLCaz2wJXE-unsplash-scaled.jpg","datePublished":"2023-03-13T14:18:37+00:00","breadcrumb":{"@id":"https:\/\/www.respirelavie.fr\/poitiers\/espace-danimations-en-continu-2022\/#breadcrumb"},"inLanguage":"fr-FR","potentialAction":[{"@type":"ReadAction","target":["https:\/\/www.respirelavie.fr\/poitiers\/espace-danimations-en-continu-2022\/"]}]},{"@type":"ImageObject","inLanguage":"fr-FR","@id":"https:\/\/www.respirelavie.fr\/poitiers\/espace-danimations-en-continu-2022\/#primaryimage","url":"https:\/\/www.respirelavie.fr\/poitiers\/wp-content\/uploads\/sites\/3\/2020\/03\/jessica-rockowitz-5NLCaz2wJXE-unsplash-scaled.jpg","contentUrl":"https:\/\/www.respirelavie.fr\/poitiers\/wp-content\/uploads\/sites\/3\/2020\/03\/jessica-rockowitz-5NLCaz2wJXE-unsplash-scaled.jpg","width":2560,"height":1109,"caption":"Famille se baladant dans un parc"},{"@type":"BreadcrumbList","@id":"https:\/\/www.respirelavie.fr\/poitiers\/espace-danimations-en-continu-2022\/#breadcrumb","itemListElement":[{"@type":"ListItem","position":1,"name":"Accueil","item":"https:\/\/www.respirelavie.fr\/poitiers\/"},{"@type":"ListItem","position":2,"name":"Espace d\u2019animations en continu 2022"}]},{"@type":"WebSite","@id":"https:\/\/www.respirelavie.fr\/poitiers\/#website","url":"https:\/\/www.respirelavie.fr\/poitiers\/","name":"Salon RESPIRE LA VIE Poitiers","description":"RESPIRE : votre salon bio, bien-\u00eatre et habitat sain \u00e0 Poitiers","publisher":{"@id":"https:\/\/www.respirelavie.fr\/poitiers\/#organization"},"potentialAction":[{"@type":"SearchAction","target":{"@type":"EntryPoint","urlTemplate":"https:\/\/www.respirelavie.fr\/poitiers\/?s={search_term_string}"},"query-input":{"@type":"PropertyValueSpecification","valueRequired":true,"valueName":"search_term_string"}}],"inLanguage":"fr-FR"},{"@type":"Organization","@id":"https:\/\/www.respirelavie.fr\/poitiers\/#organization","name":"Salon RESPIRE LA VIE Poitiers","url":"https:\/\/www.respirelavie.fr\/poitiers\/","logo":{"@type":"ImageObject","inLanguage":"fr-FR","@id":"https:\/\/www.respirelavie.fr\/poitiers\/#\/schema\/logo\/image\/","url":"https:\/\/www.respirelavie.fr\/poitiers\/wp-content\/uploads\/sites\/3\/2024\/03\/Logo-RESPIRE-LA-VIE-poitiers.jpg","contentUrl":"https:\/\/www.respirelavie.fr\/poitiers\/wp-content\/uploads\/sites\/3\/2024\/03\/Logo-RESPIRE-LA-VIE-poitiers.jpg","width":470,"height":262,"caption":"Salon RESPIRE LA VIE Poitiers"},"image":{"@id":"https:\/\/www.respirelavie.fr\/poitiers\/#\/schema\/logo\/image\/"}}]}},"_links":{"self":[{"href":"https:\/\/www.respirelavie.fr\/poitiers\/wp-json\/wp\/v2\/pages\/9361","targetHints":{"allow":["GET"]}}],"collection":[{"href":"https:\/\/www.respirelavie.fr\/poitiers\/wp-json\/wp\/v2\/pages"}],"about":[{"href":"https:\/\/www.respirelavie.fr\/poitiers\/wp-json\/wp\/v2\/types\/page"}],"author":[{"embeddable":true,"href":"https:\/\/www.respirelavie.fr\/poitiers\/wp-json\/wp\/v2\/users\/7"}],"replies":[{"embeddable":true,"href":"https:\/\/www.respirelavie.fr\/poitiers\/wp-json\/wp\/v2\/comments?post=9361"}],"version-history":[{"count":0,"href":"https:\/\/www.respirelavie.fr\/poitiers\/wp-json\/wp\/v2\/pages\/9361\/revisions"}],"wp:attachment":[{"href":"https:\/\/www.respirelavie.fr\/poitiers\/wp-json\/wp\/v2\/media?parent=9361"}],"curies":[{"name":"wp","href":"https:\/\/api.w.org\/{rel}","templated":true}]}}