{"id":10123,"date":"2023-12-12T14:15:32","date_gmt":"2023-12-12T13:15:32","guid":{"rendered":"https:\/\/www.respirelavie.fr\/rennes\/?page_id=10123"},"modified":"2023-12-12T14:15:32","modified_gmt":"2023-12-12T13:15:32","slug":"ateliers-bien-etre-2023","status":"publish","type":"page","link":"https:\/\/www.respirelavie.fr\/rennes\/ateliers-bien-etre-2023\/","title":{"rendered":"Ateliers bien-\u00eatre 2023"},"content":{"rendered":"<p>Tous les jours, exp\u00e9rimentez la m\u00e9ditation, le yoga, la danse cr\u00e9ative, la sophrologie, l\u2019hypnose, etc. Une occasion de tester ces techniques et de dialoguer avec des praticiens de bien-\u00eatre.<\/p>\n<p>Les ateliers se tiennent dans la salle suivante :<br \/>\n<strong><span style=\"color: #d82f89;\">Salle LIBERT\u00c9<\/span><\/strong><\/p>\n<h2 class=\"p1\"><strong>VENDREDI 24 F\u00c9VRIER 2023<\/strong><\/h2>\n<p><strong><span style=\"color: #d82f89;\"> 14:00<\/span><\/strong> L&#8217;alchimie du Qi Gong &#8230; \u00e0 la maison &#8211; <em><strong>Gilles Le Picard<br \/>\n<\/strong><\/em><strong><span style=\"color: #d82f89;\">15:00<\/span><\/strong> R\u00e9v\u00e9lez vos potentiels avec la num\u00e9rologie cr\u00e9ative <em><strong>&#8211; Claire Jouannic<\/strong><\/em><br \/>\n<span style=\"color: #d82f89;\"><strong>16:00<\/strong><\/span> Enracinement, coh\u00e9rence cardiaque et intuition\u00a0 &#8211; <em><strong>Sylvain Belanger\u00a0<\/strong><\/em><br \/>\n<span style=\"color: #d82f89;\"><strong>17:00<\/strong><\/span> Relaxation hypnotique &#8211; <em><strong>St\u00e9phane Idier\u00a0<\/strong><\/em><\/p>\n<h2><strong>SAMEDI 25 F\u00c9VRIER 2023<\/strong><\/h2>\n<p><span style=\"color: #d82f89;\"><strong>11:00<\/strong><\/span> Comment les champs \u00e9lectromagn\u00e9tiques influent sur notre sant\u00e9 <em><strong>&#8211; Isabelle Rom\u00e9<\/strong><\/em><br \/>\n<span style=\"color: #d82f89;\"><strong>12:00<\/strong><\/span> 5 astuces pour mieux g\u00e9rer son stress &#8211; <em><strong>Claire Jouannic et Emmanuelle Bottreau<\/strong><\/em><span style=\"color: #d82f89;\"><strong><br \/>\n13:00<\/strong><\/span>\u00a0D\u00e9veloppez vos super pouvoirs gr\u00e2ce \u00e0 l&#8217;intuition\u00a0 &#8211; <em><strong>Sylvain Belanger\u00a0<\/strong><\/em><br \/>\n<span style=\"color: #d82f89;\"><strong>14:00<\/strong><\/span> Relaxation hypnotique &#8211; <em><strong>St\u00e9phane Idier<\/strong><\/em><br \/>\n<span style=\"color: #d82f89;\"><strong>15:00<\/strong><\/span> Points d&#8217;acupuncture ! Bior\u00e9sonance ! Pratique pour am\u00e9liorer la sant\u00e9 au quotidien ? &#8211; <em><strong>Hwang Chang<\/strong><\/em><br \/>\n<span style=\"color: #d82f89;\"><strong>16:00<\/strong><\/span> Sahaja Yoga M\u00e9ditation\u00a0 &#8211; <em><strong>Yash Pakala<\/strong><\/em><br \/>\n<span style=\"color: #d82f89;\"><strong>17:00<\/strong><\/span> Votre ann\u00e9e personnelle en num\u00e9rologie cr\u00e9ative &#8211; <em><strong>Laurence Thi\u00e9vin<\/strong><\/em><br \/>\n<span style=\"color: #d82f89;\"><strong>18:00<\/strong><\/span> L&#8217;alchimie du Qi Gong &#8230; \u00e0 la maison &#8211; <em><strong>Gilles Le Picard<\/strong><\/em><\/p>\n<h2><strong>DIMANCHE 26 F\u00c9VRIER 2023<\/strong><\/h2>\n<p><span style=\"color: #d82f89;\"><strong>11:00<\/strong><\/span> Am\u00e9liorez sant\u00e9 et bien-\u00eatre gr\u00e2ce au Feng Shui &#8211; <em><strong>Isabelle Rom\u00e9<\/strong><\/em><span style=\"color: #d82f89;\"><strong><br \/>\n12:00<\/strong><\/span> Voyages chamaniques &#8211; <em><strong>Oowake<br \/>\n<\/strong><\/em><strong><span style=\"color: #d82f89;\">13:00<\/span><\/strong> Mieux se conna\u00eetre avec la num\u00e9rologie cr\u00e9ative<em><strong> &#8211; Evelyne Braud<\/strong><\/em><br \/>\n<span style=\"color: #d82f89;\"><strong>14:00<\/strong><\/span> D\u00e9couverte de l&#8217;autohypnose &#8211; <em><strong>Olivier Thevenin<\/strong><\/em><br \/>\n<span style=\"color: #d82f89;\"><strong>15:00<\/strong><\/span> Cr\u00e9ez votre contrat sacr\u00e9 et favorisez le changement\u00a0 &#8211; <em><strong>Sylvain Belanger<\/strong><\/em><br \/>\n<span style=\"color: #d82f89;\"><strong>16:00<\/strong><\/span> L&#8217;alchimie du Qi Gong &#8230; \u00e0 la maison &#8211; <em><strong>Gilles Le Picard<\/strong><\/em><\/p>\n","protected":false},"excerpt":{"rendered":"<p>Tous les jours, exp\u00e9rimentez la m\u00e9ditation, le yoga, la danse cr\u00e9ative, la sophrologie, l\u2019hypnose, etc. Une occasion de tester ces techniques et de dialoguer avec des praticiens de bien-\u00eatre. Les ateliers se tiennent dans la salle suivante : Salle LIBERT\u00c9 VENDREDI 24 F\u00c9VRIER 2023 14:00 L&#8217;alchimie du Qi Gong &#8230; \u00e0 la maison &#8211; Gilles&hellip; <\/p>\n","protected":false},"author":7,"featured_media":0,"parent":0,"menu_order":0,"comment_status":"closed","ping_status":"closed","template":"","meta":{"_monsterinsights_skip_tracking":false,"_monsterinsights_sitenote_active":false,"_monsterinsights_sitenote_note":"","_monsterinsights_sitenote_category":0,"footnotes":""},"class_list":["post-10123","page","type-page","status-publish","hentry"],"yoast_head":"<!-- This site is optimized with the Yoast SEO plugin v27.3 - https:\/\/yoast.com\/product\/yoast-seo-wordpress\/ -->\n<title>Ateliers bien-\u00eatre 2023 - Respire La Vie Rennes<\/title>\n<meta name=\"robots\" content=\"index, follow, max-snippet:-1, max-image-preview:large, max-video-preview:-1\" \/>\n<link rel=\"canonical\" href=\"https:\/\/www.respirelavie.fr\/rennes\/ateliers-bien-etre-2023\/\" \/>\n<meta property=\"og:locale\" content=\"fr_FR\" \/>\n<meta property=\"og:type\" content=\"article\" \/>\n<meta property=\"og:title\" content=\"Ateliers bien-\u00eatre 2023 - Respire La Vie Rennes\" \/>\n<meta property=\"og:description\" content=\"Tous les jours, exp\u00e9rimentez la m\u00e9ditation, le yoga, la danse cr\u00e9ative, la sophrologie, l\u2019hypnose, etc. Une occasion de tester ces techniques et de dialoguer avec des praticiens de bien-\u00eatre. Les ateliers se tiennent dans la salle suivante : Salle LIBERT\u00c9 VENDREDI 24 F\u00c9VRIER 2023 14:00 L&#8217;alchimie du Qi Gong &#8230; \u00e0 la maison &#8211; Gilles&hellip;\" \/>\n<meta property=\"og:url\" content=\"https:\/\/www.respirelavie.fr\/rennes\/ateliers-bien-etre-2023\/\" \/>\n<meta property=\"og:site_name\" content=\"Respire La Vie Rennes\" \/>\n<meta name=\"twitter:card\" content=\"summary_large_image\" \/>\n<meta name=\"twitter:label1\" content=\"Dur\u00e9e de lecture estim\u00e9e\" \/>\n\t<meta name=\"twitter:data1\" content=\"2 minutes\" \/>\n<script type=\"application\/ld+json\" class=\"yoast-schema-graph\">{\"@context\":\"https:\\\/\\\/schema.org\",\"@graph\":[{\"@type\":\"WebPage\",\"@id\":\"https:\\\/\\\/www.respirelavie.fr\\\/rennes\\\/ateliers-bien-etre-2023\\\/\",\"url\":\"https:\\\/\\\/www.respirelavie.fr\\\/rennes\\\/ateliers-bien-etre-2023\\\/\",\"name\":\"Ateliers bien-\u00eatre 2023 - Respire La Vie Rennes\",\"isPartOf\":{\"@id\":\"https:\\\/\\\/www.respirelavie.fr\\\/rennes\\\/#website\"},\"datePublished\":\"2023-12-12T13:15:32+00:00\",\"breadcrumb\":{\"@id\":\"https:\\\/\\\/www.respirelavie.fr\\\/rennes\\\/ateliers-bien-etre-2023\\\/#breadcrumb\"},\"inLanguage\":\"fr-FR\",\"potentialAction\":[{\"@type\":\"ReadAction\",\"target\":[\"https:\\\/\\\/www.respirelavie.fr\\\/rennes\\\/ateliers-bien-etre-2023\\\/\"]}]},{\"@type\":\"BreadcrumbList\",\"@id\":\"https:\\\/\\\/www.respirelavie.fr\\\/rennes\\\/ateliers-bien-etre-2023\\\/#breadcrumb\",\"itemListElement\":[{\"@type\":\"ListItem\",\"position\":1,\"name\":\"Accueil\",\"item\":\"https:\\\/\\\/www.respirelavie.fr\\\/rennes\\\/\"},{\"@type\":\"ListItem\",\"position\":2,\"name\":\"Ateliers bien-\u00eatre 2023\"}]},{\"@type\":\"WebSite\",\"@id\":\"https:\\\/\\\/www.respirelavie.fr\\\/rennes\\\/#website\",\"url\":\"https:\\\/\\\/www.respirelavie.fr\\\/rennes\\\/\",\"name\":\"Respire La Vie Rennes\",\"description\":\"Respire La Vie Rennes : votre salon \u00e9colo, bio, bien-\u00eatre et habitat sain \u00e0 Rennes\",\"publisher\":{\"@id\":\"https:\\\/\\\/www.respirelavie.fr\\\/rennes\\\/#organization\"},\"potentialAction\":[{\"@type\":\"SearchAction\",\"target\":{\"@type\":\"EntryPoint\",\"urlTemplate\":\"https:\\\/\\\/www.respirelavie.fr\\\/rennes\\\/?s={search_term_string}\"},\"query-input\":{\"@type\":\"PropertyValueSpecification\",\"valueRequired\":true,\"valueName\":\"search_term_string\"}}],\"inLanguage\":\"fr-FR\"},{\"@type\":\"Organization\",\"@id\":\"https:\\\/\\\/www.respirelavie.fr\\\/rennes\\\/#organization\",\"name\":\"Respire La Vie Rennes\",\"url\":\"https:\\\/\\\/www.respirelavie.fr\\\/rennes\\\/\",\"logo\":{\"@type\":\"ImageObject\",\"inLanguage\":\"fr-FR\",\"@id\":\"https:\\\/\\\/www.respirelavie.fr\\\/rennes\\\/#\\\/schema\\\/logo\\\/image\\\/\",\"url\":\"https:\\\/\\\/www.respirelavie.fr\\\/rennes\\\/wp-content\\\/uploads\\\/sites\\\/5\\\/2025\\\/11\\\/cropped-Logo-RESPIRE-rennes-2026.png\",\"contentUrl\":\"https:\\\/\\\/www.respirelavie.fr\\\/rennes\\\/wp-content\\\/uploads\\\/sites\\\/5\\\/2025\\\/11\\\/cropped-Logo-RESPIRE-rennes-2026.png\",\"width\":921,\"height\":255,\"caption\":\"Respire La Vie Rennes\"},\"image\":{\"@id\":\"https:\\\/\\\/www.respirelavie.fr\\\/rennes\\\/#\\\/schema\\\/logo\\\/image\\\/\"}}]}<\/script>\n<!-- \/ Yoast SEO plugin. -->","yoast_head_json":{"title":"Ateliers bien-\u00eatre 2023 - Respire La Vie Rennes","robots":{"index":"index","follow":"follow","max-snippet":"max-snippet:-1","max-image-preview":"max-image-preview:large","max-video-preview":"max-video-preview:-1"},"canonical":"https:\/\/www.respirelavie.fr\/rennes\/ateliers-bien-etre-2023\/","og_locale":"fr_FR","og_type":"article","og_title":"Ateliers bien-\u00eatre 2023 - Respire La Vie Rennes","og_description":"Tous les jours, exp\u00e9rimentez la m\u00e9ditation, le yoga, la danse cr\u00e9ative, la sophrologie, l\u2019hypnose, etc. Une occasion de tester ces techniques et de dialoguer avec des praticiens de bien-\u00eatre. Les ateliers se tiennent dans la salle suivante : Salle LIBERT\u00c9 VENDREDI 24 F\u00c9VRIER 2023 14:00 L&#8217;alchimie du Qi Gong &#8230; \u00e0 la maison &#8211; Gilles&hellip;","og_url":"https:\/\/www.respirelavie.fr\/rennes\/ateliers-bien-etre-2023\/","og_site_name":"Respire La Vie Rennes","twitter_card":"summary_large_image","twitter_misc":{"Dur\u00e9e de lecture estim\u00e9e":"2 minutes"},"schema":{"@context":"https:\/\/schema.org","@graph":[{"@type":"WebPage","@id":"https:\/\/www.respirelavie.fr\/rennes\/ateliers-bien-etre-2023\/","url":"https:\/\/www.respirelavie.fr\/rennes\/ateliers-bien-etre-2023\/","name":"Ateliers bien-\u00eatre 2023 - Respire La Vie Rennes","isPartOf":{"@id":"https:\/\/www.respirelavie.fr\/rennes\/#website"},"datePublished":"2023-12-12T13:15:32+00:00","breadcrumb":{"@id":"https:\/\/www.respirelavie.fr\/rennes\/ateliers-bien-etre-2023\/#breadcrumb"},"inLanguage":"fr-FR","potentialAction":[{"@type":"ReadAction","target":["https:\/\/www.respirelavie.fr\/rennes\/ateliers-bien-etre-2023\/"]}]},{"@type":"BreadcrumbList","@id":"https:\/\/www.respirelavie.fr\/rennes\/ateliers-bien-etre-2023\/#breadcrumb","itemListElement":[{"@type":"ListItem","position":1,"name":"Accueil","item":"https:\/\/www.respirelavie.fr\/rennes\/"},{"@type":"ListItem","position":2,"name":"Ateliers bien-\u00eatre 2023"}]},{"@type":"WebSite","@id":"https:\/\/www.respirelavie.fr\/rennes\/#website","url":"https:\/\/www.respirelavie.fr\/rennes\/","name":"Respire La Vie Rennes","description":"Respire La Vie Rennes : votre salon \u00e9colo, bio, bien-\u00eatre et habitat sain \u00e0 Rennes","publisher":{"@id":"https:\/\/www.respirelavie.fr\/rennes\/#organization"},"potentialAction":[{"@type":"SearchAction","target":{"@type":"EntryPoint","urlTemplate":"https:\/\/www.respirelavie.fr\/rennes\/?s={search_term_string}"},"query-input":{"@type":"PropertyValueSpecification","valueRequired":true,"valueName":"search_term_string"}}],"inLanguage":"fr-FR"},{"@type":"Organization","@id":"https:\/\/www.respirelavie.fr\/rennes\/#organization","name":"Respire La Vie Rennes","url":"https:\/\/www.respirelavie.fr\/rennes\/","logo":{"@type":"ImageObject","inLanguage":"fr-FR","@id":"https:\/\/www.respirelavie.fr\/rennes\/#\/schema\/logo\/image\/","url":"https:\/\/www.respirelavie.fr\/rennes\/wp-content\/uploads\/sites\/5\/2025\/11\/cropped-Logo-RESPIRE-rennes-2026.png","contentUrl":"https:\/\/www.respirelavie.fr\/rennes\/wp-content\/uploads\/sites\/5\/2025\/11\/cropped-Logo-RESPIRE-rennes-2026.png","width":921,"height":255,"caption":"Respire La Vie Rennes"},"image":{"@id":"https:\/\/www.respirelavie.fr\/rennes\/#\/schema\/logo\/image\/"}}]}},"_links":{"self":[{"href":"https:\/\/www.respirelavie.fr\/rennes\/wp-json\/wp\/v2\/pages\/10123","targetHints":{"allow":["GET"]}}],"collection":[{"href":"https:\/\/www.respirelavie.fr\/rennes\/wp-json\/wp\/v2\/pages"}],"about":[{"href":"https:\/\/www.respirelavie.fr\/rennes\/wp-json\/wp\/v2\/types\/page"}],"author":[{"embeddable":true,"href":"https:\/\/www.respirelavie.fr\/rennes\/wp-json\/wp\/v2\/users\/7"}],"replies":[{"embeddable":true,"href":"https:\/\/www.respirelavie.fr\/rennes\/wp-json\/wp\/v2\/comments?post=10123"}],"version-history":[{"count":1,"href":"https:\/\/www.respirelavie.fr\/rennes\/wp-json\/wp\/v2\/pages\/10123\/revisions"}],"predecessor-version":[{"id":10124,"href":"https:\/\/www.respirelavie.fr\/rennes\/wp-json\/wp\/v2\/pages\/10123\/revisions\/10124"}],"wp:attachment":[{"href":"https:\/\/www.respirelavie.fr\/rennes\/wp-json\/wp\/v2\/media?parent=10123"}],"curies":[{"name":"wp","href":"https:\/\/api.w.org\/{rel}","templated":true}]}}