{"id":10132,"date":"2023-12-12T15:34:37","date_gmt":"2023-12-12T14:34:37","guid":{"rendered":"https:\/\/www.respirelavie.fr\/rennes\/?page_id=10132"},"modified":"2023-12-12T15:34:37","modified_gmt":"2023-12-12T14:34:37","slug":"espace-danimations-en-continu-2023","status":"publish","type":"page","link":"https:\/\/www.respirelavie.fr\/rennes\/espace-danimations-en-continu-2023\/","title":{"rendered":"Espace d&#8217;animations en continu 2023"},"content":{"rendered":"<p>Le salon Respire La Vie Rennes met en place des animations sp\u00e9ciales pour \u00e9veiller l\u2019int\u00e9r\u00eat et pour une exp\u00e9rience visiteurs riche et in\u00e9dite.<\/p>\n<p><a href=\"#enfants\">Le coin des enfants<\/a><br \/>\n<a href=\"#DIY\">Animations R\u00e9cup\u2019Art Do It Yourself<\/a><br \/>\n<a href=\"#jardin\">Espace jardin et nature<\/a><br \/>\n<a href=\"#vannerie\">Espace vannerie<\/a><br \/>\n<a href=\"#tiny\">Tiny house<\/a><a id=\"enfants\"><\/a><\/p>\n<h2><strong>Le coin des enfants<\/strong><\/h2>\n<p><strong>Ateliers enfants brico\u2019recup<br \/>\n<\/strong>Animations cr\u00e9atives et bricolages nature \u00e0 base de mat\u00e9riaux de r\u00e9cup\u00e9ration.<\/p>\n<p>L\u2019association La T\u00eate et les Mains se consacre \u00e0 apporter un espace cr\u00e9atif, didactique et de d\u00e9tente aux enfants de 5 ans et plus. Les moins de 5 ans sont admis accompagn\u00e9s de leurs parents.<\/p>\n<p>Le but est de passer un moment agr\u00e9able tout en laissant passer quelques messages comme le partage, le recyclage et l\u2019utilisation de mati\u00e8res naturelles.<\/p>\n<p><strong>Espace b\u00e9b\u00e9s<br \/>\n<\/strong>Espace am\u00e9nag\u00e9 et d\u00e9di\u00e9 aux b\u00e9b\u00e9s et \u00e0 leurs parents pour une pause biberon, allaitement, change et c\u00e2lins.<a id=\"DIY\"><\/a><\/p>\n<h2><strong>Animations R\u00e9cup\u2019Art Do It Yourself<\/strong><\/h2>\n<p>Luc Legu\u00e9rinel, artiste plasticien en art \u00e9ph\u00e9m\u00e8re, vous attend sur le salon pour des moments en famille, ludiques, conviviaux &amp; artistiques.<\/p>\n<p>Curieux par nature, venez-vous amuser avec la nature \u00e0 travers des ateliers cr\u00e9atifs :<\/p>\n<ul>\n<li>Mandalas v\u00e9g\u00e9taux et de la mer (gratuit \u2013 1 atelier le matin \/ 1 atelier l\u2019apr\u00e8s-midi),<\/li>\n<li>Construction d\u2019h\u00f4tels \u00e0 insectes, de nichoir \u00e0 m\u00e9sange et de gites pour les chauves-souris (10\u20ac).<\/li>\n<\/ul>\n<p><img decoding=\"async\" class=\"alignleft wp-image-8972 size-thumbnail\" src=\"https:\/\/www.respirelavie.fr\/rennes\/wp-content\/uploads\/sites\/5\/2023\/01\/Sans-titre-140x150.png\" alt=\"\" width=\"140\" height=\"150\" \/><\/p>\n<p>&nbsp;<\/p>\n<p>A l\u2019heure de la baisse de la biodiversit\u00e9 ordinaire, il est possible \u00e0 l\u2019\u00e9chelle de chacun d\u2019\u0153uvrer pour pr\u00e9server les insectes auxiliaires en les accueillant l\u2019hiver dans son jardin, sur sa terrasse ou balcon.<\/p>\n<p>&nbsp;<\/p>\n<p>Pour cela Luc Legu\u00e9rinel vous conseillera sur l\u2019utilit\u00e9 des h\u00f4tels \u00e0 insectes et proposera \u00e0 chacun d\u2019en construire un, uniquement avec des mat\u00e9riaux naturels et de r\u00e9cup\u00e9ration.<\/p>\n<p><img decoding=\"async\" class=\"alignleft wp-image-8973 size-thumbnail\" src=\"https:\/\/www.respirelavie.fr\/rennes\/wp-content\/uploads\/sites\/5\/2023\/01\/Sans-titre-1-150x150.png\" alt=\"\" width=\"150\" height=\"150\" srcset=\"https:\/\/www.respirelavie.fr\/rennes\/wp-content\/uploads\/sites\/5\/2023\/01\/Sans-titre-1-150x150.png 150w, https:\/\/www.respirelavie.fr\/rennes\/wp-content\/uploads\/sites\/5\/2023\/01\/Sans-titre-1-45x45.png 45w\" sizes=\"(max-width: 150px) 100vw, 150px\" \/><\/p>\n<p>&nbsp;<\/p>\n<p>D\u2019inspiration tib\u00e9taine et suivant le principe de la sym\u00e9trie axiale, vous serez initi\u00e9s \u00e0 l\u2019art du mandala v\u00e9g\u00e9tal, une \u0153uvre collective o\u00f9 petits &amp; grands seront invit\u00e9s \u00e0 sa cr\u00e9ation.<\/p>\n<p>&nbsp;<\/p>\n<p>&nbsp;<\/p>\n<p>A partir de mat\u00e9riaux frais et secs amen\u00e9s par l\u2019artiste, vous serez initi\u00e9s \u00e0 l\u2019assemblage harmonieux de ces \u00e9l\u00e9ments en fonction de leurs couleurs, leurs formes pour jouer au maximum avec les contrastes.<a id=\"jardin\"><\/a><\/p>\n<h2><strong>Espace jardin et nature<\/strong><\/h2>\n<p>Les arbres du 21 si\u00e8cle : exposition photos ;<br \/>\nAnimations autour des arbres : arts plastiques et ateliers scientifiques.<\/p>\n<p>Pour toute la famille, en continu sur le stand, en groupe limit\u00e9<\/p>\n<p><img decoding=\"async\" class=\"alignleft wp-image-8008 size-medium\" src=\"https:\/\/www.respirelavie.fr\/rennes\/wp-content\/uploads\/sites\/5\/2021\/12\/Sans-titre1-300x118.jpg\" alt=\"\" width=\"300\" height=\"118\" \/>L\u2019association G\u00e9n\u00e9ration Verte 21 est un espace d\u2019engagement et de co-construction d\u2019un monde plus juste, plus solidaire et durable. Au c\u0153ur de son action en France et \u00e0 l\u2019\u00e9tranger, figurent la protection de l\u2019environnement et la promotion de la paix.<\/p>\n<p>&nbsp;<\/p>\n<p>Par des interventions et des actions cibl\u00e9es, <span style=\"color: #58b44e;\"><strong>G\u00e9n\u00e9ration Verte 21<\/strong><\/span>, invite chacun \u00e0 participer \u00e0 la construction de r\u00e9ponses solides aux questions li\u00e9es \u00e0 la pr\u00e9servation de l\u2019environnement, aux enjeux climatiques, et au d\u00e9veloppement durable. Elle promeut des valeurs comme la responsabilit\u00e9 individuelle et collective, l\u2019ouverture \u00e0 l\u2019autre et au monde ou encore une solidarit\u00e9 transcendant les g\u00e9n\u00e9rations et les int\u00e9r\u00eats \u00e9go\u00efstes.<\/p>\n<p>En France, <span style=\"color: #58b44e;\"><strong>G\u00e9n\u00e9ration Verte 21<\/strong><\/span> intervient par des actions de sensibilisation et d\u2019accompagnement \u00e0 la protection de l\u2019environnement. Elle con\u00e7oit des outils d\u2019\u00e9ducation \u00e0 l\u2019environnement pour divers publics.<\/p>\n<p><span style=\"color: #58b44e;\"><strong>G\u00e9n\u00e9ration Verte 21<\/strong><\/span> vous offre l&#8217;\u00e9loge de la nature de proximit\u00e9, l&#8217;\u00e9loge du silence autour de nous, de contempler les beaux paysages et d&#8217;observer depuis nos fen\u00eatres les oiseaux<br \/>\nAnimations : exp\u00e9riences scientifiques sur le climat, ateliers d&#8217;arts plastiques.<br \/>\nDeux animateurs (trices) de l\u2019association GV21 pour tenir le stand.<br \/>\nDur\u00e9e : 15 min \u2013 20 min, maximum : 6 personnes<br \/>\nAteliers tournants<\/p>\n<p>* Dur\u00e9e de l\u2019organisation : variable selon l\u2019\u00e2ge des participants (enfants, jeunes, parents, familles)<br \/>\n* Fr\u00e9quence : deux s\u00e9ances d\u2019ateliers en simultan\u00e9s sur la plage r\u00e9serv\u00e9e \u00e0 l\u2019emploi du temps<a id=\"vannerie\"><\/a><\/p>\n<h2><strong>Espace vannerie <\/strong><\/h2>\n<p>Ateliers enfants et adultes d\u2019initiation \u00e0 la vannerie d\u2019osier et de plantes (2h).<\/p>\n<p>Sensibilisation \u00e0 la nature et \u00e0 sa protection par le biais de l&#8217;art, au travers d&#8217;une approche simple et ludique des techniques de vannerie d&#8217;osier et \u00e0 partir de plantes sauvages et de mati\u00e8re consid\u00e9r\u00e9e comme rebut.<br \/>\n<span style=\"color: #58b44e;\"><strong>Organis\u00e9 par Art&amp;Nature<a id=\"tiny\"><\/a><\/strong><\/span><\/p>\n<h2><strong>Tiny house<\/strong><\/h2>\n<p>Les P\u2019tits P\u00e9nates est une entreprise de construction de <span style=\"color: #58b44e;\"><strong>Tiny Houses<\/strong><\/span> artisanales \u00e0 Nantes. R\u00e9alis\u00e9es \u00e0 partir de mat\u00e9riaux biosourc\u00e9s ou issus des fili\u00e8res de recyclage, nos <span style=\"color: #58b44e;\"><strong>Tiny Houses<\/strong><\/span> sont con\u00e7ues pour consommer peu d\u2019\u00e9nergie.<\/p>\n<p>Avec une surface habitable de 12 \u00e0 25 m2, nos <span style=\"color: #58b44e;\"><strong>Tiny Houses<\/strong><\/span> sont une des r\u00e9ponses possibles aux besoins de logements \u00e0 destination de jeunes salari\u00e9s, d\u2019\u00e9tudiants, de personnes en situations d\u2019urgence \u2026 mais \u00e9galement pour toutes les personnes d\u00e9sireuses d\u2019avoir un habitat plus respectueux de la plan\u00e8te. Construites dans des d\u00e9lais tr\u00e8s courts et pour un co\u00fbt maitris\u00e9, elles permettent d\u2019accueillir 1 \u00e0 4 personnes tout en pr\u00e9servant l\u2019intimit\u00e9 de chacune et de chacun.\u00a0Toutes nos mini-maisons personnalisables selon les besoins de leurs futurs occupants.<\/p>\n","protected":false},"excerpt":{"rendered":"<p>Le salon Respire La Vie Rennes met en place des animations sp\u00e9ciales pour \u00e9veiller l\u2019int\u00e9r\u00eat et pour une exp\u00e9rience visiteurs riche et in\u00e9dite. Le coin des enfants Animations R\u00e9cup\u2019Art Do It Yourself Espace jardin et nature Espace vannerie Tiny house Le coin des enfants Ateliers enfants brico\u2019recup Animations cr\u00e9atives et bricolages nature \u00e0 base de&hellip; <\/p>\n","protected":false},"author":7,"featured_media":0,"parent":0,"menu_order":0,"comment_status":"closed","ping_status":"closed","template":"","meta":{"_monsterinsights_skip_tracking":false,"_monsterinsights_sitenote_active":false,"_monsterinsights_sitenote_note":"","_monsterinsights_sitenote_category":0,"footnotes":""},"class_list":["post-10132","page","type-page","status-publish","hentry"],"yoast_head":"<!-- This site is optimized with the Yoast SEO plugin v27.3 - https:\/\/yoast.com\/product\/yoast-seo-wordpress\/ -->\n<title>Espace d&#039;animations en continu 2023 - Respire La Vie Rennes<\/title>\n<meta name=\"robots\" content=\"index, follow, max-snippet:-1, max-image-preview:large, max-video-preview:-1\" \/>\n<link rel=\"canonical\" href=\"https:\/\/www.respirelavie.fr\/rennes\/espace-danimations-en-continu-2023\/\" \/>\n<meta property=\"og:locale\" content=\"fr_FR\" \/>\n<meta property=\"og:type\" content=\"article\" \/>\n<meta property=\"og:title\" content=\"Espace d&#039;animations en continu 2023 - Respire La Vie Rennes\" \/>\n<meta property=\"og:description\" content=\"Le salon Respire La Vie Rennes met en place des animations sp\u00e9ciales pour \u00e9veiller l\u2019int\u00e9r\u00eat et pour une exp\u00e9rience visiteurs riche et in\u00e9dite. Le coin des enfants Animations R\u00e9cup\u2019Art Do It Yourself Espace jardin et nature Espace vannerie Tiny house Le coin des enfants Ateliers enfants brico\u2019recup Animations cr\u00e9atives et bricolages nature \u00e0 base de&hellip;\" \/>\n<meta property=\"og:url\" content=\"https:\/\/www.respirelavie.fr\/rennes\/espace-danimations-en-continu-2023\/\" \/>\n<meta property=\"og:site_name\" content=\"Respire La Vie Rennes\" \/>\n<meta property=\"og:image\" content=\"https:\/\/www.respirelavie.fr\/rennes\/wp-content\/uploads\/sites\/5\/2023\/01\/Sans-titre-140x150.png\" \/>\n<meta name=\"twitter:card\" content=\"summary_large_image\" \/>\n<meta name=\"twitter:label1\" content=\"Dur\u00e9e de lecture estim\u00e9e\" \/>\n\t<meta name=\"twitter:data1\" content=\"1 minute\" \/>\n<script type=\"application\/ld+json\" class=\"yoast-schema-graph\">{\"@context\":\"https:\\\/\\\/schema.org\",\"@graph\":[{\"@type\":\"WebPage\",\"@id\":\"https:\\\/\\\/www.respirelavie.fr\\\/rennes\\\/espace-danimations-en-continu-2023\\\/\",\"url\":\"https:\\\/\\\/www.respirelavie.fr\\\/rennes\\\/espace-danimations-en-continu-2023\\\/\",\"name\":\"Espace d'animations en continu 2023 - Respire La Vie Rennes\",\"isPartOf\":{\"@id\":\"https:\\\/\\\/www.respirelavie.fr\\\/rennes\\\/#website\"},\"primaryImageOfPage\":{\"@id\":\"https:\\\/\\\/www.respirelavie.fr\\\/rennes\\\/espace-danimations-en-continu-2023\\\/#primaryimage\"},\"image\":{\"@id\":\"https:\\\/\\\/www.respirelavie.fr\\\/rennes\\\/espace-danimations-en-continu-2023\\\/#primaryimage\"},\"thumbnailUrl\":\"https:\\\/\\\/www.respirelavie.fr\\\/rennes\\\/wp-content\\\/uploads\\\/sites\\\/5\\\/2023\\\/01\\\/Sans-titre-140x150.png\",\"datePublished\":\"2023-12-12T14:34:37+00:00\",\"breadcrumb\":{\"@id\":\"https:\\\/\\\/www.respirelavie.fr\\\/rennes\\\/espace-danimations-en-continu-2023\\\/#breadcrumb\"},\"inLanguage\":\"fr-FR\",\"potentialAction\":[{\"@type\":\"ReadAction\",\"target\":[\"https:\\\/\\\/www.respirelavie.fr\\\/rennes\\\/espace-danimations-en-continu-2023\\\/\"]}]},{\"@type\":\"ImageObject\",\"inLanguage\":\"fr-FR\",\"@id\":\"https:\\\/\\\/www.respirelavie.fr\\\/rennes\\\/espace-danimations-en-continu-2023\\\/#primaryimage\",\"url\":\"https:\\\/\\\/www.respirelavie.fr\\\/rennes\\\/wp-content\\\/uploads\\\/sites\\\/5\\\/2023\\\/01\\\/Sans-titre.png\",\"contentUrl\":\"https:\\\/\\\/www.respirelavie.fr\\\/rennes\\\/wp-content\\\/uploads\\\/sites\\\/5\\\/2023\\\/01\\\/Sans-titre.png\",\"width\":140,\"height\":204},{\"@type\":\"BreadcrumbList\",\"@id\":\"https:\\\/\\\/www.respirelavie.fr\\\/rennes\\\/espace-danimations-en-continu-2023\\\/#breadcrumb\",\"itemListElement\":[{\"@type\":\"ListItem\",\"position\":1,\"name\":\"Accueil\",\"item\":\"https:\\\/\\\/www.respirelavie.fr\\\/rennes\\\/\"},{\"@type\":\"ListItem\",\"position\":2,\"name\":\"Espace d&#8217;animations en continu 2023\"}]},{\"@type\":\"WebSite\",\"@id\":\"https:\\\/\\\/www.respirelavie.fr\\\/rennes\\\/#website\",\"url\":\"https:\\\/\\\/www.respirelavie.fr\\\/rennes\\\/\",\"name\":\"Respire La Vie Rennes\",\"description\":\"Respire La Vie Rennes : votre salon \u00e9colo, bio, bien-\u00eatre et habitat sain \u00e0 Rennes\",\"publisher\":{\"@id\":\"https:\\\/\\\/www.respirelavie.fr\\\/rennes\\\/#organization\"},\"potentialAction\":[{\"@type\":\"SearchAction\",\"target\":{\"@type\":\"EntryPoint\",\"urlTemplate\":\"https:\\\/\\\/www.respirelavie.fr\\\/rennes\\\/?s={search_term_string}\"},\"query-input\":{\"@type\":\"PropertyValueSpecification\",\"valueRequired\":true,\"valueName\":\"search_term_string\"}}],\"inLanguage\":\"fr-FR\"},{\"@type\":\"Organization\",\"@id\":\"https:\\\/\\\/www.respirelavie.fr\\\/rennes\\\/#organization\",\"name\":\"Respire La Vie Rennes\",\"url\":\"https:\\\/\\\/www.respirelavie.fr\\\/rennes\\\/\",\"logo\":{\"@type\":\"ImageObject\",\"inLanguage\":\"fr-FR\",\"@id\":\"https:\\\/\\\/www.respirelavie.fr\\\/rennes\\\/#\\\/schema\\\/logo\\\/image\\\/\",\"url\":\"https:\\\/\\\/www.respirelavie.fr\\\/rennes\\\/wp-content\\\/uploads\\\/sites\\\/5\\\/2025\\\/11\\\/cropped-Logo-RESPIRE-rennes-2026.png\",\"contentUrl\":\"https:\\\/\\\/www.respirelavie.fr\\\/rennes\\\/wp-content\\\/uploads\\\/sites\\\/5\\\/2025\\\/11\\\/cropped-Logo-RESPIRE-rennes-2026.png\",\"width\":921,\"height\":255,\"caption\":\"Respire La Vie Rennes\"},\"image\":{\"@id\":\"https:\\\/\\\/www.respirelavie.fr\\\/rennes\\\/#\\\/schema\\\/logo\\\/image\\\/\"}}]}<\/script>\n<!-- \/ Yoast SEO plugin. -->","yoast_head_json":{"title":"Espace d'animations en continu 2023 - Respire La Vie Rennes","robots":{"index":"index","follow":"follow","max-snippet":"max-snippet:-1","max-image-preview":"max-image-preview:large","max-video-preview":"max-video-preview:-1"},"canonical":"https:\/\/www.respirelavie.fr\/rennes\/espace-danimations-en-continu-2023\/","og_locale":"fr_FR","og_type":"article","og_title":"Espace d'animations en continu 2023 - Respire La Vie Rennes","og_description":"Le salon Respire La Vie Rennes met en place des animations sp\u00e9ciales pour \u00e9veiller l\u2019int\u00e9r\u00eat et pour une exp\u00e9rience visiteurs riche et in\u00e9dite. Le coin des enfants Animations R\u00e9cup\u2019Art Do It Yourself Espace jardin et nature Espace vannerie Tiny house Le coin des enfants Ateliers enfants brico\u2019recup Animations cr\u00e9atives et bricolages nature \u00e0 base de&hellip;","og_url":"https:\/\/www.respirelavie.fr\/rennes\/espace-danimations-en-continu-2023\/","og_site_name":"Respire La Vie Rennes","og_image":[{"url":"https:\/\/www.respirelavie.fr\/rennes\/wp-content\/uploads\/sites\/5\/2023\/01\/Sans-titre-140x150.png","type":"","width":"","height":""}],"twitter_card":"summary_large_image","twitter_misc":{"Dur\u00e9e de lecture estim\u00e9e":"1 minute"},"schema":{"@context":"https:\/\/schema.org","@graph":[{"@type":"WebPage","@id":"https:\/\/www.respirelavie.fr\/rennes\/espace-danimations-en-continu-2023\/","url":"https:\/\/www.respirelavie.fr\/rennes\/espace-danimations-en-continu-2023\/","name":"Espace d'animations en continu 2023 - Respire La Vie Rennes","isPartOf":{"@id":"https:\/\/www.respirelavie.fr\/rennes\/#website"},"primaryImageOfPage":{"@id":"https:\/\/www.respirelavie.fr\/rennes\/espace-danimations-en-continu-2023\/#primaryimage"},"image":{"@id":"https:\/\/www.respirelavie.fr\/rennes\/espace-danimations-en-continu-2023\/#primaryimage"},"thumbnailUrl":"https:\/\/www.respirelavie.fr\/rennes\/wp-content\/uploads\/sites\/5\/2023\/01\/Sans-titre-140x150.png","datePublished":"2023-12-12T14:34:37+00:00","breadcrumb":{"@id":"https:\/\/www.respirelavie.fr\/rennes\/espace-danimations-en-continu-2023\/#breadcrumb"},"inLanguage":"fr-FR","potentialAction":[{"@type":"ReadAction","target":["https:\/\/www.respirelavie.fr\/rennes\/espace-danimations-en-continu-2023\/"]}]},{"@type":"ImageObject","inLanguage":"fr-FR","@id":"https:\/\/www.respirelavie.fr\/rennes\/espace-danimations-en-continu-2023\/#primaryimage","url":"https:\/\/www.respirelavie.fr\/rennes\/wp-content\/uploads\/sites\/5\/2023\/01\/Sans-titre.png","contentUrl":"https:\/\/www.respirelavie.fr\/rennes\/wp-content\/uploads\/sites\/5\/2023\/01\/Sans-titre.png","width":140,"height":204},{"@type":"BreadcrumbList","@id":"https:\/\/www.respirelavie.fr\/rennes\/espace-danimations-en-continu-2023\/#breadcrumb","itemListElement":[{"@type":"ListItem","position":1,"name":"Accueil","item":"https:\/\/www.respirelavie.fr\/rennes\/"},{"@type":"ListItem","position":2,"name":"Espace d&#8217;animations en continu 2023"}]},{"@type":"WebSite","@id":"https:\/\/www.respirelavie.fr\/rennes\/#website","url":"https:\/\/www.respirelavie.fr\/rennes\/","name":"Respire La Vie Rennes","description":"Respire La Vie Rennes : votre salon \u00e9colo, bio, bien-\u00eatre et habitat sain \u00e0 Rennes","publisher":{"@id":"https:\/\/www.respirelavie.fr\/rennes\/#organization"},"potentialAction":[{"@type":"SearchAction","target":{"@type":"EntryPoint","urlTemplate":"https:\/\/www.respirelavie.fr\/rennes\/?s={search_term_string}"},"query-input":{"@type":"PropertyValueSpecification","valueRequired":true,"valueName":"search_term_string"}}],"inLanguage":"fr-FR"},{"@type":"Organization","@id":"https:\/\/www.respirelavie.fr\/rennes\/#organization","name":"Respire La Vie Rennes","url":"https:\/\/www.respirelavie.fr\/rennes\/","logo":{"@type":"ImageObject","inLanguage":"fr-FR","@id":"https:\/\/www.respirelavie.fr\/rennes\/#\/schema\/logo\/image\/","url":"https:\/\/www.respirelavie.fr\/rennes\/wp-content\/uploads\/sites\/5\/2025\/11\/cropped-Logo-RESPIRE-rennes-2026.png","contentUrl":"https:\/\/www.respirelavie.fr\/rennes\/wp-content\/uploads\/sites\/5\/2025\/11\/cropped-Logo-RESPIRE-rennes-2026.png","width":921,"height":255,"caption":"Respire La Vie Rennes"},"image":{"@id":"https:\/\/www.respirelavie.fr\/rennes\/#\/schema\/logo\/image\/"}}]}},"_links":{"self":[{"href":"https:\/\/www.respirelavie.fr\/rennes\/wp-json\/wp\/v2\/pages\/10132","targetHints":{"allow":["GET"]}}],"collection":[{"href":"https:\/\/www.respirelavie.fr\/rennes\/wp-json\/wp\/v2\/pages"}],"about":[{"href":"https:\/\/www.respirelavie.fr\/rennes\/wp-json\/wp\/v2\/types\/page"}],"author":[{"embeddable":true,"href":"https:\/\/www.respirelavie.fr\/rennes\/wp-json\/wp\/v2\/users\/7"}],"replies":[{"embeddable":true,"href":"https:\/\/www.respirelavie.fr\/rennes\/wp-json\/wp\/v2\/comments?post=10132"}],"version-history":[{"count":1,"href":"https:\/\/www.respirelavie.fr\/rennes\/wp-json\/wp\/v2\/pages\/10132\/revisions"}],"predecessor-version":[{"id":10133,"href":"https:\/\/www.respirelavie.fr\/rennes\/wp-json\/wp\/v2\/pages\/10132\/revisions\/10133"}],"wp:attachment":[{"href":"https:\/\/www.respirelavie.fr\/rennes\/wp-json\/wp\/v2\/media?parent=10132"}],"curies":[{"name":"wp","href":"https:\/\/api.w.org\/{rel}","templated":true}]}}