{"id":11053,"date":"2024-11-12T10:49:40","date_gmt":"2024-11-12T09:49:40","guid":{"rendered":"https:\/\/www.respirelavie.fr\/rennes\/?page_id=11053"},"modified":"2024-11-12T10:49:40","modified_gmt":"2024-11-12T09:49:40","slug":"ateliers-bien-etre-2024","status":"publish","type":"page","link":"https:\/\/www.respirelavie.fr\/rennes\/ateliers-bien-etre-2024\/","title":{"rendered":"Ateliers bien-\u00eatre 2024"},"content":{"rendered":"<p>Tous les jours, exp\u00e9rimentez la m\u00e9ditation, le yoga, la danse cr\u00e9ative, la sophrologie, l\u2019hypnose, etc. Une occasion de tester ces techniques et de dialoguer avec des praticiens de bien-\u00eatre.<\/p>\n<p>Les ateliers se tiennent dans la salle suivante :<br \/>\n<strong><span style=\"color: #d82f89;\">Salle LIBERT\u00c9<\/span><\/strong><\/p>\n<h2>Vendredi 16 f\u00e9vrier<\/h2>\n<p><span style=\"color: #eb4691;\"><strong>11:00<\/strong><\/span> G\u00e9rer son stress par la m\u00e9ditation de pleine conscience<em> <strong>&#8211; Val\u00e9rie Vaissaire<\/strong><\/em><br \/>\n<span style=\"color: #eb4691;\"><strong>12:00<\/strong><\/span> Le voyage int\u00e9rieur initiatique : r\u00e9veillez le h\u00e9ros qui sommeille en vous <em><strong>&#8211; H\u00e9l\u00e8ne Girardin<\/strong><\/em><br \/>\n<span style=\"color: #eb4691;\"><strong>13:00<\/strong><\/span> Apprendre \u00e0 se conna\u00eetre avec la num\u00e9rologie cr\u00e9ative <em><strong>&#8211; Claire Jouannic<\/strong><\/em><br \/>\n<span style=\"color: #eb4691;\"><strong>14:00<\/strong><\/span> D\u00e9couverte de l&#8217;autohypnose<em><strong> &#8211; Olivier Thevenin<\/strong><\/em><br \/>\n<span style=\"color: #eb4691;\"><strong>15:00<\/strong><\/span> Comment accomplir ses projets avec la num\u00e9rologie cr\u00e9ative <em><strong>&#8211; Evelyne Braud<\/strong><\/em><br \/>\n<span style=\"color: #eb4691;\"><strong>16:00<\/strong><\/span> Vivre l&#8217;exp\u00e9rience d&#8217;une s\u00e9ance atelier en autohypnose sur le th\u00e8me de mon futur lumineux &#8211; la nouvelle terre <em><strong>&#8211; St\u00e9phane Idier\u00a0<\/strong><\/em><\/p>\n<h2>Samedi 17 f\u00e9vrier<\/h2>\n<p><span style=\"color: #eb4691;\"><strong>11:00<\/strong><\/span> D\u00e9couverte de l&#8217;ikiga\u00ef <em><strong>&#8211; Sylvie Hurel<\/strong><\/em><br \/>\n<span style=\"color: #eb4691;\"><strong>12:00<\/strong><\/span> Accueillir sa f\u00e9minit\u00e9 avec bienveillance <em><strong>&#8211; Evelyne Braud<\/strong><\/em><br \/>\n<span style=\"color: #eb4691;\"><strong>13:00<\/strong><\/span> D\u00e9couvrir ses potentiels avec la num\u00e9rologie cr\u00e9ative<em><strong> &#8211; Claire Jouannic<\/strong><\/em><br \/>\n<span style=\"color: #eb4691;\"><strong>14:00<\/strong><\/span> Soin collectif<em><strong> &#8211; Christelle Tafanel<\/strong><\/em><br \/>\n<span style=\"color: #eb4691;\"><strong>15:00<\/strong><\/span> Hypnose SAJECE &#8211; Quand avoir recours \u00e0 l&#8217;hypnose ? <em><strong>&#8211; Christelle Lherm<\/strong><\/em><br \/>\n<span style=\"color: #eb4691;\"><strong>16:00<\/strong><\/span> Votre ann\u00e9e personnelle en num\u00e9rologie cr\u00e9ative <em><strong>&#8211; Evelyne Braud<\/strong><\/em><br \/>\n<span style=\"color: #eb4691;\"><strong>17:00<\/strong><\/span> Vivre l&#8217;exp\u00e9rience d&#8217;une s\u00e9ance atelier en autohypnose sur le th\u00e8me de mon futur lumineux &#8211; la nouvelle terre <em><strong>&#8211; St\u00e9phane Idier\u00a0<\/strong><\/em><br \/>\n<span style=\"color: #eb4691;\"><strong>18:00<\/strong><\/span> G\u00e9rer son stress par la m\u00e9ditation de pleine conscience <em><strong>&#8211; Val\u00e9rie Vaissaire<\/strong><\/em><\/p>\n<h2>Dimanche 18 f\u00e9vrier<\/h2>\n<p><span style=\"color: #eb4691;\"><strong>11:00<\/strong><\/span> Vivre l&#8217;exp\u00e9rience d&#8217;une s\u00e9ance atelier en autohypnose sur le th\u00e8me de mon futur lumineux &#8211; la nouvelle terre<em><strong> &#8211; St\u00e9phane Idier\u00a0<\/strong><\/em><br \/>\n<span style=\"color: #eb4691;\"><strong>12:00<\/strong><\/span> Le voyage int\u00e9rieur initiatique : r\u00e9veillez le h\u00e9ros qui sommeille en vous<em> <strong>&#8211; H\u00e9l\u00e8ne Girardin<\/strong><\/em><br \/>\n<span style=\"color: #eb4691;\"><strong>13:00<\/strong><\/span> Pratique de la kin\u00e9siologie ? <em><strong>&#8211; C\u00e9dric Louet<\/strong><\/em><br \/>\n<span style=\"color: #eb4691;\"><strong>14:00<\/strong><\/span> D\u00e9couverte de l&#8217;autohypnose <em><strong>&#8211; Olivier Thevenin<\/strong><\/em><br \/>\n<span style=\"color: #eb4691;\"><strong>15:00<\/strong> <\/span>Pr\u00e9senter la pratique d&#8217;un appareil des points d&#8217;acupuncture qui permet d&#8217;aider \u00e0 soulager des douleurs<em> <strong>&#8211; Hwang Chang<\/strong><\/em><br \/>\n<span style=\"color: #eb4691;\"><strong>16:00<\/strong><\/span> Prenez du recul avec la sophrologie <em><strong>&#8211; St\u00e9phanie Hivert<br \/>\n<\/strong><\/em><strong><span style=\"color: #eb4691;\">17:00<\/span><\/strong> Voyages chamaniques <em><strong>&#8211; Oowake<\/strong><\/em><\/p>\n","protected":false},"excerpt":{"rendered":"<p>Tous les jours, exp\u00e9rimentez la m\u00e9ditation, le yoga, la danse cr\u00e9ative, la sophrologie, l\u2019hypnose, etc. Une occasion de tester ces techniques et de dialoguer avec des praticiens de bien-\u00eatre. Les ateliers se tiennent dans la salle suivante : Salle LIBERT\u00c9 Vendredi 16 f\u00e9vrier 11:00 G\u00e9rer son stress par la m\u00e9ditation de pleine conscience &#8211; Val\u00e9rie&hellip; <\/p>\n","protected":false},"author":7,"featured_media":0,"parent":0,"menu_order":0,"comment_status":"closed","ping_status":"closed","template":"","meta":{"_monsterinsights_skip_tracking":false,"_monsterinsights_sitenote_active":false,"_monsterinsights_sitenote_note":"","_monsterinsights_sitenote_category":0,"footnotes":""},"class_list":["post-11053","page","type-page","status-publish","hentry"],"yoast_head":"<!-- This site is optimized with the Yoast SEO plugin v27.3 - https:\/\/yoast.com\/product\/yoast-seo-wordpress\/ -->\n<title>Ateliers bien-\u00eatre 2024 - Respire La Vie Rennes<\/title>\n<meta name=\"robots\" content=\"index, follow, max-snippet:-1, max-image-preview:large, max-video-preview:-1\" \/>\n<link rel=\"canonical\" href=\"https:\/\/www.respirelavie.fr\/rennes\/ateliers-bien-etre-2024\/\" \/>\n<meta property=\"og:locale\" content=\"fr_FR\" \/>\n<meta property=\"og:type\" content=\"article\" \/>\n<meta property=\"og:title\" content=\"Ateliers bien-\u00eatre 2024 - Respire La Vie Rennes\" \/>\n<meta property=\"og:description\" content=\"Tous les jours, exp\u00e9rimentez la m\u00e9ditation, le yoga, la danse cr\u00e9ative, la sophrologie, l\u2019hypnose, etc. Une occasion de tester ces techniques et de dialoguer avec des praticiens de bien-\u00eatre. Les ateliers se tiennent dans la salle suivante : Salle LIBERT\u00c9 Vendredi 16 f\u00e9vrier 11:00 G\u00e9rer son stress par la m\u00e9ditation de pleine conscience &#8211; Val\u00e9rie&hellip;\" \/>\n<meta property=\"og:url\" content=\"https:\/\/www.respirelavie.fr\/rennes\/ateliers-bien-etre-2024\/\" \/>\n<meta property=\"og:site_name\" content=\"Respire La Vie Rennes\" \/>\n<meta name=\"twitter:card\" content=\"summary_large_image\" \/>\n<meta name=\"twitter:label1\" content=\"Dur\u00e9e de lecture estim\u00e9e\" \/>\n\t<meta name=\"twitter:data1\" content=\"2 minutes\" \/>\n<script type=\"application\/ld+json\" class=\"yoast-schema-graph\">{\"@context\":\"https:\\\/\\\/schema.org\",\"@graph\":[{\"@type\":\"WebPage\",\"@id\":\"https:\\\/\\\/www.respirelavie.fr\\\/rennes\\\/ateliers-bien-etre-2024\\\/\",\"url\":\"https:\\\/\\\/www.respirelavie.fr\\\/rennes\\\/ateliers-bien-etre-2024\\\/\",\"name\":\"Ateliers bien-\u00eatre 2024 - Respire La Vie Rennes\",\"isPartOf\":{\"@id\":\"https:\\\/\\\/www.respirelavie.fr\\\/rennes\\\/#website\"},\"datePublished\":\"2024-11-12T09:49:40+00:00\",\"breadcrumb\":{\"@id\":\"https:\\\/\\\/www.respirelavie.fr\\\/rennes\\\/ateliers-bien-etre-2024\\\/#breadcrumb\"},\"inLanguage\":\"fr-FR\",\"potentialAction\":[{\"@type\":\"ReadAction\",\"target\":[\"https:\\\/\\\/www.respirelavie.fr\\\/rennes\\\/ateliers-bien-etre-2024\\\/\"]}]},{\"@type\":\"BreadcrumbList\",\"@id\":\"https:\\\/\\\/www.respirelavie.fr\\\/rennes\\\/ateliers-bien-etre-2024\\\/#breadcrumb\",\"itemListElement\":[{\"@type\":\"ListItem\",\"position\":1,\"name\":\"Accueil\",\"item\":\"https:\\\/\\\/www.respirelavie.fr\\\/rennes\\\/\"},{\"@type\":\"ListItem\",\"position\":2,\"name\":\"Ateliers bien-\u00eatre 2024\"}]},{\"@type\":\"WebSite\",\"@id\":\"https:\\\/\\\/www.respirelavie.fr\\\/rennes\\\/#website\",\"url\":\"https:\\\/\\\/www.respirelavie.fr\\\/rennes\\\/\",\"name\":\"Respire La Vie Rennes\",\"description\":\"Respire La Vie Rennes : votre salon \u00e9colo, bio, bien-\u00eatre et habitat sain \u00e0 Rennes\",\"publisher\":{\"@id\":\"https:\\\/\\\/www.respirelavie.fr\\\/rennes\\\/#organization\"},\"potentialAction\":[{\"@type\":\"SearchAction\",\"target\":{\"@type\":\"EntryPoint\",\"urlTemplate\":\"https:\\\/\\\/www.respirelavie.fr\\\/rennes\\\/?s={search_term_string}\"},\"query-input\":{\"@type\":\"PropertyValueSpecification\",\"valueRequired\":true,\"valueName\":\"search_term_string\"}}],\"inLanguage\":\"fr-FR\"},{\"@type\":\"Organization\",\"@id\":\"https:\\\/\\\/www.respirelavie.fr\\\/rennes\\\/#organization\",\"name\":\"Respire La Vie Rennes\",\"url\":\"https:\\\/\\\/www.respirelavie.fr\\\/rennes\\\/\",\"logo\":{\"@type\":\"ImageObject\",\"inLanguage\":\"fr-FR\",\"@id\":\"https:\\\/\\\/www.respirelavie.fr\\\/rennes\\\/#\\\/schema\\\/logo\\\/image\\\/\",\"url\":\"https:\\\/\\\/www.respirelavie.fr\\\/rennes\\\/wp-content\\\/uploads\\\/sites\\\/5\\\/2025\\\/11\\\/cropped-Logo-RESPIRE-rennes-2026.png\",\"contentUrl\":\"https:\\\/\\\/www.respirelavie.fr\\\/rennes\\\/wp-content\\\/uploads\\\/sites\\\/5\\\/2025\\\/11\\\/cropped-Logo-RESPIRE-rennes-2026.png\",\"width\":921,\"height\":255,\"caption\":\"Respire La Vie Rennes\"},\"image\":{\"@id\":\"https:\\\/\\\/www.respirelavie.fr\\\/rennes\\\/#\\\/schema\\\/logo\\\/image\\\/\"}}]}<\/script>\n<!-- \/ Yoast SEO plugin. -->","yoast_head_json":{"title":"Ateliers bien-\u00eatre 2024 - Respire La Vie Rennes","robots":{"index":"index","follow":"follow","max-snippet":"max-snippet:-1","max-image-preview":"max-image-preview:large","max-video-preview":"max-video-preview:-1"},"canonical":"https:\/\/www.respirelavie.fr\/rennes\/ateliers-bien-etre-2024\/","og_locale":"fr_FR","og_type":"article","og_title":"Ateliers bien-\u00eatre 2024 - Respire La Vie Rennes","og_description":"Tous les jours, exp\u00e9rimentez la m\u00e9ditation, le yoga, la danse cr\u00e9ative, la sophrologie, l\u2019hypnose, etc. Une occasion de tester ces techniques et de dialoguer avec des praticiens de bien-\u00eatre. Les ateliers se tiennent dans la salle suivante : Salle LIBERT\u00c9 Vendredi 16 f\u00e9vrier 11:00 G\u00e9rer son stress par la m\u00e9ditation de pleine conscience &#8211; Val\u00e9rie&hellip;","og_url":"https:\/\/www.respirelavie.fr\/rennes\/ateliers-bien-etre-2024\/","og_site_name":"Respire La Vie Rennes","twitter_card":"summary_large_image","twitter_misc":{"Dur\u00e9e de lecture estim\u00e9e":"2 minutes"},"schema":{"@context":"https:\/\/schema.org","@graph":[{"@type":"WebPage","@id":"https:\/\/www.respirelavie.fr\/rennes\/ateliers-bien-etre-2024\/","url":"https:\/\/www.respirelavie.fr\/rennes\/ateliers-bien-etre-2024\/","name":"Ateliers bien-\u00eatre 2024 - Respire La Vie Rennes","isPartOf":{"@id":"https:\/\/www.respirelavie.fr\/rennes\/#website"},"datePublished":"2024-11-12T09:49:40+00:00","breadcrumb":{"@id":"https:\/\/www.respirelavie.fr\/rennes\/ateliers-bien-etre-2024\/#breadcrumb"},"inLanguage":"fr-FR","potentialAction":[{"@type":"ReadAction","target":["https:\/\/www.respirelavie.fr\/rennes\/ateliers-bien-etre-2024\/"]}]},{"@type":"BreadcrumbList","@id":"https:\/\/www.respirelavie.fr\/rennes\/ateliers-bien-etre-2024\/#breadcrumb","itemListElement":[{"@type":"ListItem","position":1,"name":"Accueil","item":"https:\/\/www.respirelavie.fr\/rennes\/"},{"@type":"ListItem","position":2,"name":"Ateliers bien-\u00eatre 2024"}]},{"@type":"WebSite","@id":"https:\/\/www.respirelavie.fr\/rennes\/#website","url":"https:\/\/www.respirelavie.fr\/rennes\/","name":"Respire La Vie Rennes","description":"Respire La Vie Rennes : votre salon \u00e9colo, bio, bien-\u00eatre et habitat sain \u00e0 Rennes","publisher":{"@id":"https:\/\/www.respirelavie.fr\/rennes\/#organization"},"potentialAction":[{"@type":"SearchAction","target":{"@type":"EntryPoint","urlTemplate":"https:\/\/www.respirelavie.fr\/rennes\/?s={search_term_string}"},"query-input":{"@type":"PropertyValueSpecification","valueRequired":true,"valueName":"search_term_string"}}],"inLanguage":"fr-FR"},{"@type":"Organization","@id":"https:\/\/www.respirelavie.fr\/rennes\/#organization","name":"Respire La Vie Rennes","url":"https:\/\/www.respirelavie.fr\/rennes\/","logo":{"@type":"ImageObject","inLanguage":"fr-FR","@id":"https:\/\/www.respirelavie.fr\/rennes\/#\/schema\/logo\/image\/","url":"https:\/\/www.respirelavie.fr\/rennes\/wp-content\/uploads\/sites\/5\/2025\/11\/cropped-Logo-RESPIRE-rennes-2026.png","contentUrl":"https:\/\/www.respirelavie.fr\/rennes\/wp-content\/uploads\/sites\/5\/2025\/11\/cropped-Logo-RESPIRE-rennes-2026.png","width":921,"height":255,"caption":"Respire La Vie Rennes"},"image":{"@id":"https:\/\/www.respirelavie.fr\/rennes\/#\/schema\/logo\/image\/"}}]}},"_links":{"self":[{"href":"https:\/\/www.respirelavie.fr\/rennes\/wp-json\/wp\/v2\/pages\/11053","targetHints":{"allow":["GET"]}}],"collection":[{"href":"https:\/\/www.respirelavie.fr\/rennes\/wp-json\/wp\/v2\/pages"}],"about":[{"href":"https:\/\/www.respirelavie.fr\/rennes\/wp-json\/wp\/v2\/types\/page"}],"author":[{"embeddable":true,"href":"https:\/\/www.respirelavie.fr\/rennes\/wp-json\/wp\/v2\/users\/7"}],"replies":[{"embeddable":true,"href":"https:\/\/www.respirelavie.fr\/rennes\/wp-json\/wp\/v2\/comments?post=11053"}],"version-history":[{"count":1,"href":"https:\/\/www.respirelavie.fr\/rennes\/wp-json\/wp\/v2\/pages\/11053\/revisions"}],"predecessor-version":[{"id":11054,"href":"https:\/\/www.respirelavie.fr\/rennes\/wp-json\/wp\/v2\/pages\/11053\/revisions\/11054"}],"wp:attachment":[{"href":"https:\/\/www.respirelavie.fr\/rennes\/wp-json\/wp\/v2\/media?parent=11053"}],"curies":[{"name":"wp","href":"https:\/\/api.w.org\/{rel}","templated":true}]}}