{"id":11210,"date":"2024-12-19T12:37:49","date_gmt":"2024-12-19T11:37:49","guid":{"rendered":"https:\/\/www.respirelavie.fr\/rennes\/?page_id=11210"},"modified":"2024-12-19T12:37:49","modified_gmt":"2024-12-19T11:37:49","slug":"biocontact","status":"publish","type":"page","link":"https:\/\/www.respirelavie.fr\/rennes\/biocontact\/","title":{"rendered":"Biocontact"},"content":{"rendered":"<p><img decoding=\"async\" class=\"aligncenter\" src=\"https:\/\/www.salon-zenetbio.com\/nantes\/wp-content\/uploads\/sites\/7\/2018\/11\/LOGO-biocontact-petit.jpg\" width=\"334\" height=\"77\" \/><\/p>\n<p class=\"03Dossierforum-Paragraphe\">Le mensuel gratuit Biocontact est distribu\u00e9 dans le r\u00e9seau des magasins de produits biologiques de France et des DOM-TOM.<\/p>\n<p class=\"03Dossierforum-Paragraphe\">Cr\u00e9\u00e9 en 1991, sa vocation n\u2019a pas vari\u00e9 : informer la client\u00e8le de ces magasins sur toutes les alternatives d\u00e9di\u00e9es au mieux-\u00eatre : l\u2019alimentation biologique, les m\u00e9decines naturelles et le respect de l\u2019environnement. En effet, pour Biocontact, ces trois axes majeurs sont indissociables.<\/p>\n<p class=\"03Dossierforum-Paragraphe\">Avec un tirage moyen de 260\u00a0000 exemplaires, cette revue a acquis une forte notori\u00e9t\u00e9 qui en fait un m\u00e9dia incontournable parmi les consommateurs de produits bio.<\/p>\n<p>Visiter le\u00a0<a href=\"https:\/\/www.biocontact.fr\" target=\"_blank\" rel=\"noopener\">site internet<\/a><\/p>\n","protected":false},"excerpt":{"rendered":"<p>Le mensuel gratuit Biocontact est distribu\u00e9 dans le r\u00e9seau des magasins de produits biologiques de France et des DOM-TOM. Cr\u00e9\u00e9 en 1991, sa vocation n\u2019a pas vari\u00e9 : informer la client\u00e8le de ces magasins sur toutes les alternatives d\u00e9di\u00e9es au mieux-\u00eatre : l\u2019alimentation biologique, les m\u00e9decines naturelles et le respect de l\u2019environnement. En effet, pour&hellip; <\/p>\n","protected":false},"author":5,"featured_media":0,"parent":0,"menu_order":0,"comment_status":"closed","ping_status":"closed","template":"","meta":{"_monsterinsights_skip_tracking":false,"_monsterinsights_sitenote_active":false,"_monsterinsights_sitenote_note":"","_monsterinsights_sitenote_category":0,"footnotes":""},"class_list":["post-11210","page","type-page","status-publish","hentry"],"yoast_head":"<!-- This site is optimized with the Yoast SEO plugin v27.3 - https:\/\/yoast.com\/product\/yoast-seo-wordpress\/ -->\n<title>Biocontact - Respire La Vie Rennes<\/title>\n<meta name=\"robots\" content=\"index, follow, max-snippet:-1, max-image-preview:large, max-video-preview:-1\" \/>\n<link rel=\"canonical\" href=\"https:\/\/www.respirelavie.fr\/rennes\/biocontact\/\" \/>\n<meta property=\"og:locale\" content=\"fr_FR\" \/>\n<meta property=\"og:type\" content=\"article\" \/>\n<meta property=\"og:title\" content=\"Biocontact - Respire La Vie Rennes\" \/>\n<meta property=\"og:description\" content=\"Le mensuel gratuit Biocontact est distribu\u00e9 dans le r\u00e9seau des magasins de produits biologiques de France et des DOM-TOM. Cr\u00e9\u00e9 en 1991, sa vocation n\u2019a pas vari\u00e9 : informer la client\u00e8le de ces magasins sur toutes les alternatives d\u00e9di\u00e9es au mieux-\u00eatre : l\u2019alimentation biologique, les m\u00e9decines naturelles et le respect de l\u2019environnement. En effet, pour&hellip;\" \/>\n<meta property=\"og:url\" content=\"https:\/\/www.respirelavie.fr\/rennes\/biocontact\/\" \/>\n<meta property=\"og:site_name\" content=\"Respire La Vie Rennes\" \/>\n<meta property=\"og:image\" content=\"https:\/\/www.salon-zenetbio.com\/nantes\/wp-content\/uploads\/sites\/7\/2018\/11\/LOGO-biocontact-petit.jpg\" \/>\n<meta name=\"twitter:card\" content=\"summary_large_image\" \/>\n<meta name=\"twitter:label1\" content=\"Dur\u00e9e de lecture estim\u00e9e\" \/>\n\t<meta name=\"twitter:data1\" content=\"1 minute\" \/>\n<script type=\"application\/ld+json\" class=\"yoast-schema-graph\">{\"@context\":\"https:\\\/\\\/schema.org\",\"@graph\":[{\"@type\":\"WebPage\",\"@id\":\"https:\\\/\\\/www.respirelavie.fr\\\/rennes\\\/biocontact\\\/\",\"url\":\"https:\\\/\\\/www.respirelavie.fr\\\/rennes\\\/biocontact\\\/\",\"name\":\"Biocontact - Respire La Vie Rennes\",\"isPartOf\":{\"@id\":\"http:\\\/\\\/www.respirelavie.fr\\\/rennes\\\/#website\"},\"primaryImageOfPage\":{\"@id\":\"https:\\\/\\\/www.respirelavie.fr\\\/rennes\\\/biocontact\\\/#primaryimage\"},\"image\":{\"@id\":\"https:\\\/\\\/www.respirelavie.fr\\\/rennes\\\/biocontact\\\/#primaryimage\"},\"thumbnailUrl\":\"https:\\\/\\\/www.salon-zenetbio.com\\\/nantes\\\/wp-content\\\/uploads\\\/sites\\\/7\\\/2018\\\/11\\\/LOGO-biocontact-petit.jpg\",\"datePublished\":\"2024-12-19T11:37:49+00:00\",\"breadcrumb\":{\"@id\":\"https:\\\/\\\/www.respirelavie.fr\\\/rennes\\\/biocontact\\\/#breadcrumb\"},\"inLanguage\":\"fr-FR\",\"potentialAction\":[{\"@type\":\"ReadAction\",\"target\":[\"https:\\\/\\\/www.respirelavie.fr\\\/rennes\\\/biocontact\\\/\"]}]},{\"@type\":\"ImageObject\",\"inLanguage\":\"fr-FR\",\"@id\":\"https:\\\/\\\/www.respirelavie.fr\\\/rennes\\\/biocontact\\\/#primaryimage\",\"url\":\"https:\\\/\\\/www.salon-zenetbio.com\\\/nantes\\\/wp-content\\\/uploads\\\/sites\\\/7\\\/2018\\\/11\\\/LOGO-biocontact-petit.jpg\",\"contentUrl\":\"https:\\\/\\\/www.salon-zenetbio.com\\\/nantes\\\/wp-content\\\/uploads\\\/sites\\\/7\\\/2018\\\/11\\\/LOGO-biocontact-petit.jpg\"},{\"@type\":\"BreadcrumbList\",\"@id\":\"https:\\\/\\\/www.respirelavie.fr\\\/rennes\\\/biocontact\\\/#breadcrumb\",\"itemListElement\":[{\"@type\":\"ListItem\",\"position\":1,\"name\":\"Accueil\",\"item\":\"https:\\\/\\\/www.respirelavie.fr\\\/rennes\\\/\"},{\"@type\":\"ListItem\",\"position\":2,\"name\":\"Biocontact\"}]},{\"@type\":\"WebSite\",\"@id\":\"http:\\\/\\\/www.respirelavie.fr\\\/rennes\\\/#website\",\"url\":\"http:\\\/\\\/www.respirelavie.fr\\\/rennes\\\/\",\"name\":\"Respire La Vie Rennes\",\"description\":\"Respire La Vie Rennes : votre salon \u00e9colo, bio, bien-\u00eatre et habitat sain \u00e0 Rennes\",\"publisher\":{\"@id\":\"http:\\\/\\\/www.respirelavie.fr\\\/rennes\\\/#organization\"},\"potentialAction\":[{\"@type\":\"SearchAction\",\"target\":{\"@type\":\"EntryPoint\",\"urlTemplate\":\"http:\\\/\\\/www.respirelavie.fr\\\/rennes\\\/?s={search_term_string}\"},\"query-input\":{\"@type\":\"PropertyValueSpecification\",\"valueRequired\":true,\"valueName\":\"search_term_string\"}}],\"inLanguage\":\"fr-FR\"},{\"@type\":\"Organization\",\"@id\":\"http:\\\/\\\/www.respirelavie.fr\\\/rennes\\\/#organization\",\"name\":\"Respire La Vie Rennes\",\"url\":\"http:\\\/\\\/www.respirelavie.fr\\\/rennes\\\/\",\"logo\":{\"@type\":\"ImageObject\",\"inLanguage\":\"fr-FR\",\"@id\":\"http:\\\/\\\/www.respirelavie.fr\\\/rennes\\\/#\\\/schema\\\/logo\\\/image\\\/\",\"url\":\"https:\\\/\\\/www.respirelavie.fr\\\/rennes\\\/wp-content\\\/uploads\\\/sites\\\/5\\\/2025\\\/11\\\/cropped-Logo-RESPIRE-rennes-2026.png\",\"contentUrl\":\"https:\\\/\\\/www.respirelavie.fr\\\/rennes\\\/wp-content\\\/uploads\\\/sites\\\/5\\\/2025\\\/11\\\/cropped-Logo-RESPIRE-rennes-2026.png\",\"width\":921,\"height\":255,\"caption\":\"Respire La Vie Rennes\"},\"image\":{\"@id\":\"http:\\\/\\\/www.respirelavie.fr\\\/rennes\\\/#\\\/schema\\\/logo\\\/image\\\/\"}}]}<\/script>\n<!-- \/ Yoast SEO plugin. -->","yoast_head_json":{"title":"Biocontact - Respire La Vie Rennes","robots":{"index":"index","follow":"follow","max-snippet":"max-snippet:-1","max-image-preview":"max-image-preview:large","max-video-preview":"max-video-preview:-1"},"canonical":"https:\/\/www.respirelavie.fr\/rennes\/biocontact\/","og_locale":"fr_FR","og_type":"article","og_title":"Biocontact - Respire La Vie Rennes","og_description":"Le mensuel gratuit Biocontact est distribu\u00e9 dans le r\u00e9seau des magasins de produits biologiques de France et des DOM-TOM. Cr\u00e9\u00e9 en 1991, sa vocation n\u2019a pas vari\u00e9 : informer la client\u00e8le de ces magasins sur toutes les alternatives d\u00e9di\u00e9es au mieux-\u00eatre : l\u2019alimentation biologique, les m\u00e9decines naturelles et le respect de l\u2019environnement. En effet, pour&hellip;","og_url":"https:\/\/www.respirelavie.fr\/rennes\/biocontact\/","og_site_name":"Respire La Vie Rennes","og_image":[{"url":"https:\/\/www.salon-zenetbio.com\/nantes\/wp-content\/uploads\/sites\/7\/2018\/11\/LOGO-biocontact-petit.jpg","type":"","width":"","height":""}],"twitter_card":"summary_large_image","twitter_misc":{"Dur\u00e9e de lecture estim\u00e9e":"1 minute"},"schema":{"@context":"https:\/\/schema.org","@graph":[{"@type":"WebPage","@id":"https:\/\/www.respirelavie.fr\/rennes\/biocontact\/","url":"https:\/\/www.respirelavie.fr\/rennes\/biocontact\/","name":"Biocontact - Respire La Vie Rennes","isPartOf":{"@id":"http:\/\/www.respirelavie.fr\/rennes\/#website"},"primaryImageOfPage":{"@id":"https:\/\/www.respirelavie.fr\/rennes\/biocontact\/#primaryimage"},"image":{"@id":"https:\/\/www.respirelavie.fr\/rennes\/biocontact\/#primaryimage"},"thumbnailUrl":"https:\/\/www.salon-zenetbio.com\/nantes\/wp-content\/uploads\/sites\/7\/2018\/11\/LOGO-biocontact-petit.jpg","datePublished":"2024-12-19T11:37:49+00:00","breadcrumb":{"@id":"https:\/\/www.respirelavie.fr\/rennes\/biocontact\/#breadcrumb"},"inLanguage":"fr-FR","potentialAction":[{"@type":"ReadAction","target":["https:\/\/www.respirelavie.fr\/rennes\/biocontact\/"]}]},{"@type":"ImageObject","inLanguage":"fr-FR","@id":"https:\/\/www.respirelavie.fr\/rennes\/biocontact\/#primaryimage","url":"https:\/\/www.salon-zenetbio.com\/nantes\/wp-content\/uploads\/sites\/7\/2018\/11\/LOGO-biocontact-petit.jpg","contentUrl":"https:\/\/www.salon-zenetbio.com\/nantes\/wp-content\/uploads\/sites\/7\/2018\/11\/LOGO-biocontact-petit.jpg"},{"@type":"BreadcrumbList","@id":"https:\/\/www.respirelavie.fr\/rennes\/biocontact\/#breadcrumb","itemListElement":[{"@type":"ListItem","position":1,"name":"Accueil","item":"https:\/\/www.respirelavie.fr\/rennes\/"},{"@type":"ListItem","position":2,"name":"Biocontact"}]},{"@type":"WebSite","@id":"http:\/\/www.respirelavie.fr\/rennes\/#website","url":"http:\/\/www.respirelavie.fr\/rennes\/","name":"Respire La Vie Rennes","description":"Respire La Vie Rennes : votre salon \u00e9colo, bio, bien-\u00eatre et habitat sain \u00e0 Rennes","publisher":{"@id":"http:\/\/www.respirelavie.fr\/rennes\/#organization"},"potentialAction":[{"@type":"SearchAction","target":{"@type":"EntryPoint","urlTemplate":"http:\/\/www.respirelavie.fr\/rennes\/?s={search_term_string}"},"query-input":{"@type":"PropertyValueSpecification","valueRequired":true,"valueName":"search_term_string"}}],"inLanguage":"fr-FR"},{"@type":"Organization","@id":"http:\/\/www.respirelavie.fr\/rennes\/#organization","name":"Respire La Vie Rennes","url":"http:\/\/www.respirelavie.fr\/rennes\/","logo":{"@type":"ImageObject","inLanguage":"fr-FR","@id":"http:\/\/www.respirelavie.fr\/rennes\/#\/schema\/logo\/image\/","url":"https:\/\/www.respirelavie.fr\/rennes\/wp-content\/uploads\/sites\/5\/2025\/11\/cropped-Logo-RESPIRE-rennes-2026.png","contentUrl":"https:\/\/www.respirelavie.fr\/rennes\/wp-content\/uploads\/sites\/5\/2025\/11\/cropped-Logo-RESPIRE-rennes-2026.png","width":921,"height":255,"caption":"Respire La Vie Rennes"},"image":{"@id":"http:\/\/www.respirelavie.fr\/rennes\/#\/schema\/logo\/image\/"}}]}},"_links":{"self":[{"href":"https:\/\/www.respirelavie.fr\/rennes\/wp-json\/wp\/v2\/pages\/11210","targetHints":{"allow":["GET"]}}],"collection":[{"href":"https:\/\/www.respirelavie.fr\/rennes\/wp-json\/wp\/v2\/pages"}],"about":[{"href":"https:\/\/www.respirelavie.fr\/rennes\/wp-json\/wp\/v2\/types\/page"}],"author":[{"embeddable":true,"href":"https:\/\/www.respirelavie.fr\/rennes\/wp-json\/wp\/v2\/users\/5"}],"replies":[{"embeddable":true,"href":"https:\/\/www.respirelavie.fr\/rennes\/wp-json\/wp\/v2\/comments?post=11210"}],"version-history":[{"count":1,"href":"https:\/\/www.respirelavie.fr\/rennes\/wp-json\/wp\/v2\/pages\/11210\/revisions"}],"predecessor-version":[{"id":11211,"href":"https:\/\/www.respirelavie.fr\/rennes\/wp-json\/wp\/v2\/pages\/11210\/revisions\/11211"}],"wp:attachment":[{"href":"https:\/\/www.respirelavie.fr\/rennes\/wp-json\/wp\/v2\/media?parent=11210"}],"curies":[{"name":"wp","href":"https:\/\/api.w.org\/{rel}","templated":true}]}}