{"id":11214,"date":"2024-12-19T12:39:47","date_gmt":"2024-12-19T11:39:47","guid":{"rendered":"https:\/\/www.respirelavie.fr\/rennes\/?page_id=11214"},"modified":"2025-01-27T15:24:18","modified_gmt":"2025-01-27T14:24:18","slug":"la-cour-des-grands-2","status":"publish","type":"page","link":"https:\/\/www.respirelavie.fr\/rennes\/la-cour-des-grands-2\/","title":{"rendered":"La Cour Des Grands"},"content":{"rendered":"<p><img decoding=\"async\" class=\"size-medium wp-image-11562 aligncenter\" src=\"http:\/\/www.respirelavie.fr\/rennes\/wp-content\/uploads\/sites\/5\/2025\/01\/LOGO_LCDG_COULEUR_ORANGE10-300x108.png\" alt=\"\" width=\"300\" height=\"108\" srcset=\"https:\/\/www.respirelavie.fr\/rennes\/wp-content\/uploads\/sites\/5\/2025\/01\/LOGO_LCDG_COULEUR_ORANGE10-300x108.png 300w, https:\/\/www.respirelavie.fr\/rennes\/wp-content\/uploads\/sites\/5\/2025\/01\/LOGO_LCDG_COULEUR_ORANGE10-1024x367.png 1024w, https:\/\/www.respirelavie.fr\/rennes\/wp-content\/uploads\/sites\/5\/2025\/01\/LOGO_LCDG_COULEUR_ORANGE10-768x275.png 768w, https:\/\/www.respirelavie.fr\/rennes\/wp-content\/uploads\/sites\/5\/2025\/01\/LOGO_LCDG_COULEUR_ORANGE10-150x54.png 150w, https:\/\/www.respirelavie.fr\/rennes\/wp-content\/uploads\/sites\/5\/2025\/01\/LOGO_LCDG_COULEUR_ORANGE10-500x179.png 500w, https:\/\/www.respirelavie.fr\/rennes\/wp-content\/uploads\/sites\/5\/2025\/01\/LOGO_LCDG_COULEUR_ORANGE10.png 1080w\" sizes=\"(max-width: 300px) 100vw, 300px\" \/><\/p>\n<p>La Cour Des Grands, votre partenaire innovant en publicit\u00e9 \u00e0 v\u00e9lo, d\u00e9di\u00e9 \u00e0 transformer les espaces urbains en plateformes dynamiques de communication. Fond\u00e9e \u00e0 Strasbourg, notre entreprise est pionni\u00e8re dans l&#8217;int\u00e9gration de solutions publicitaires \u00e9cologiques avec la cyclo-logistique, offrant une visibilit\u00e9 sans pr\u00e9c\u00e9dent tout en r\u00e9duisant l&#8217;empreinte carbone.<\/p>\n<p>Chez La Cour Des Grands, nous croyons en une approche qui respecte \u00e0 la fois l&#8217;environnement et les besoins de nos clients. Nous proposons des campagnes publicitaires mobiles sur des v\u00e9los et remorques sp\u00e9cialement con\u00e7us, qui captent l&#8217;attention dans des zones \u00e0 forte affluence, telles que les centres-villes. Nos solutions sur mesure garantissent que chaque campagne est non seulement visible, mais \u00e9galement m\u00e9morable.<\/p>\n<p>Notre mission est de soutenir la croissance des entreprises tout en contribuant \u00e0 la cr\u00e9ation de villes plus vertes et plus agr\u00e9ables \u00e0 vivre. Gr\u00e2ce \u00e0 des partenariats strat\u00e9giques, La Cour Des Grands est \u00e0 l&#8217;avant-garde de la publicit\u00e9 ext\u00e9rieure.<\/p>\n<p>Visiter le\u00a0<a href=\"https:\/\/www.lacourdesgrands.eu\/\" target=\"_blank\" rel=\"noopener\">site internet<\/a><\/p>\n","protected":false},"excerpt":{"rendered":"<p>La Cour Des Grands, votre partenaire innovant en publicit\u00e9 \u00e0 v\u00e9lo, d\u00e9di\u00e9 \u00e0 transformer les espaces urbains en plateformes dynamiques de communication. Fond\u00e9e \u00e0 Strasbourg, notre entreprise est pionni\u00e8re dans l&#8217;int\u00e9gration de solutions publicitaires \u00e9cologiques avec la cyclo-logistique, offrant une visibilit\u00e9 sans pr\u00e9c\u00e9dent tout en r\u00e9duisant l&#8217;empreinte carbone. Chez La Cour Des Grands, nous croyons&hellip; <\/p>\n","protected":false},"author":5,"featured_media":0,"parent":0,"menu_order":0,"comment_status":"closed","ping_status":"closed","template":"","meta":{"_monsterinsights_skip_tracking":false,"_monsterinsights_sitenote_active":false,"_monsterinsights_sitenote_note":"","_monsterinsights_sitenote_category":0,"footnotes":""},"class_list":["post-11214","page","type-page","status-publish","hentry"],"yoast_head":"<!-- This site is optimized with the Yoast SEO plugin v27.3 - https:\/\/yoast.com\/product\/yoast-seo-wordpress\/ -->\n<title>La Cour Des Grands - Respire La Vie Rennes<\/title>\n<meta name=\"robots\" content=\"index, follow, max-snippet:-1, max-image-preview:large, max-video-preview:-1\" \/>\n<link rel=\"canonical\" href=\"https:\/\/www.respirelavie.fr\/rennes\/la-cour-des-grands-2\/\" \/>\n<meta property=\"og:locale\" content=\"fr_FR\" \/>\n<meta property=\"og:type\" content=\"article\" \/>\n<meta property=\"og:title\" content=\"La Cour Des Grands - Respire La Vie Rennes\" \/>\n<meta property=\"og:description\" content=\"La Cour Des Grands, votre partenaire innovant en publicit\u00e9 \u00e0 v\u00e9lo, d\u00e9di\u00e9 \u00e0 transformer les espaces urbains en plateformes dynamiques de communication. Fond\u00e9e \u00e0 Strasbourg, notre entreprise est pionni\u00e8re dans l&#8217;int\u00e9gration de solutions publicitaires \u00e9cologiques avec la cyclo-logistique, offrant une visibilit\u00e9 sans pr\u00e9c\u00e9dent tout en r\u00e9duisant l&#8217;empreinte carbone. Chez La Cour Des Grands, nous croyons&hellip;\" \/>\n<meta property=\"og:url\" content=\"https:\/\/www.respirelavie.fr\/rennes\/la-cour-des-grands-2\/\" \/>\n<meta property=\"og:site_name\" content=\"Respire La Vie Rennes\" \/>\n<meta property=\"article:modified_time\" content=\"2025-01-27T14:24:18+00:00\" \/>\n<meta property=\"og:image\" content=\"http:\/\/www.respirelavie.fr\/rennes\/wp-content\/uploads\/sites\/5\/2025\/01\/LOGO_LCDG_COULEUR_ORANGE10-300x108.png\" \/>\n<meta name=\"twitter:card\" content=\"summary_large_image\" \/>\n<meta name=\"twitter:label1\" content=\"Dur\u00e9e de lecture estim\u00e9e\" \/>\n\t<meta name=\"twitter:data1\" content=\"1 minute\" \/>\n<script type=\"application\/ld+json\" class=\"yoast-schema-graph\">{\"@context\":\"https:\\\/\\\/schema.org\",\"@graph\":[{\"@type\":\"WebPage\",\"@id\":\"https:\\\/\\\/www.respirelavie.fr\\\/rennes\\\/la-cour-des-grands-2\\\/\",\"url\":\"https:\\\/\\\/www.respirelavie.fr\\\/rennes\\\/la-cour-des-grands-2\\\/\",\"name\":\"La Cour Des Grands - Respire La Vie Rennes\",\"isPartOf\":{\"@id\":\"http:\\\/\\\/www.respirelavie.fr\\\/rennes\\\/#website\"},\"primaryImageOfPage\":{\"@id\":\"https:\\\/\\\/www.respirelavie.fr\\\/rennes\\\/la-cour-des-grands-2\\\/#primaryimage\"},\"image\":{\"@id\":\"https:\\\/\\\/www.respirelavie.fr\\\/rennes\\\/la-cour-des-grands-2\\\/#primaryimage\"},\"thumbnailUrl\":\"http:\\\/\\\/www.respirelavie.fr\\\/rennes\\\/wp-content\\\/uploads\\\/sites\\\/5\\\/2025\\\/01\\\/LOGO_LCDG_COULEUR_ORANGE10-300x108.png\",\"datePublished\":\"2024-12-19T11:39:47+00:00\",\"dateModified\":\"2025-01-27T14:24:18+00:00\",\"breadcrumb\":{\"@id\":\"https:\\\/\\\/www.respirelavie.fr\\\/rennes\\\/la-cour-des-grands-2\\\/#breadcrumb\"},\"inLanguage\":\"fr-FR\",\"potentialAction\":[{\"@type\":\"ReadAction\",\"target\":[\"https:\\\/\\\/www.respirelavie.fr\\\/rennes\\\/la-cour-des-grands-2\\\/\"]}]},{\"@type\":\"ImageObject\",\"inLanguage\":\"fr-FR\",\"@id\":\"https:\\\/\\\/www.respirelavie.fr\\\/rennes\\\/la-cour-des-grands-2\\\/#primaryimage\",\"url\":\"https:\\\/\\\/www.respirelavie.fr\\\/rennes\\\/wp-content\\\/uploads\\\/sites\\\/5\\\/2025\\\/01\\\/LOGO_LCDG_COULEUR_ORANGE10.png\",\"contentUrl\":\"https:\\\/\\\/www.respirelavie.fr\\\/rennes\\\/wp-content\\\/uploads\\\/sites\\\/5\\\/2025\\\/01\\\/LOGO_LCDG_COULEUR_ORANGE10.png\",\"width\":1080,\"height\":387},{\"@type\":\"BreadcrumbList\",\"@id\":\"https:\\\/\\\/www.respirelavie.fr\\\/rennes\\\/la-cour-des-grands-2\\\/#breadcrumb\",\"itemListElement\":[{\"@type\":\"ListItem\",\"position\":1,\"name\":\"Accueil\",\"item\":\"https:\\\/\\\/www.respirelavie.fr\\\/rennes\\\/\"},{\"@type\":\"ListItem\",\"position\":2,\"name\":\"La Cour Des Grands\"}]},{\"@type\":\"WebSite\",\"@id\":\"http:\\\/\\\/www.respirelavie.fr\\\/rennes\\\/#website\",\"url\":\"http:\\\/\\\/www.respirelavie.fr\\\/rennes\\\/\",\"name\":\"Respire La Vie Rennes\",\"description\":\"Respire La Vie Rennes : votre salon \u00e9colo, bio, bien-\u00eatre et habitat sain \u00e0 Rennes\",\"publisher\":{\"@id\":\"http:\\\/\\\/www.respirelavie.fr\\\/rennes\\\/#organization\"},\"potentialAction\":[{\"@type\":\"SearchAction\",\"target\":{\"@type\":\"EntryPoint\",\"urlTemplate\":\"http:\\\/\\\/www.respirelavie.fr\\\/rennes\\\/?s={search_term_string}\"},\"query-input\":{\"@type\":\"PropertyValueSpecification\",\"valueRequired\":true,\"valueName\":\"search_term_string\"}}],\"inLanguage\":\"fr-FR\"},{\"@type\":\"Organization\",\"@id\":\"http:\\\/\\\/www.respirelavie.fr\\\/rennes\\\/#organization\",\"name\":\"Respire La Vie Rennes\",\"url\":\"http:\\\/\\\/www.respirelavie.fr\\\/rennes\\\/\",\"logo\":{\"@type\":\"ImageObject\",\"inLanguage\":\"fr-FR\",\"@id\":\"http:\\\/\\\/www.respirelavie.fr\\\/rennes\\\/#\\\/schema\\\/logo\\\/image\\\/\",\"url\":\"https:\\\/\\\/www.respirelavie.fr\\\/rennes\\\/wp-content\\\/uploads\\\/sites\\\/5\\\/2025\\\/11\\\/cropped-Logo-RESPIRE-rennes-2026.png\",\"contentUrl\":\"https:\\\/\\\/www.respirelavie.fr\\\/rennes\\\/wp-content\\\/uploads\\\/sites\\\/5\\\/2025\\\/11\\\/cropped-Logo-RESPIRE-rennes-2026.png\",\"width\":921,\"height\":255,\"caption\":\"Respire La Vie Rennes\"},\"image\":{\"@id\":\"http:\\\/\\\/www.respirelavie.fr\\\/rennes\\\/#\\\/schema\\\/logo\\\/image\\\/\"}}]}<\/script>\n<!-- \/ Yoast SEO plugin. -->","yoast_head_json":{"title":"La Cour Des Grands - Respire La Vie Rennes","robots":{"index":"index","follow":"follow","max-snippet":"max-snippet:-1","max-image-preview":"max-image-preview:large","max-video-preview":"max-video-preview:-1"},"canonical":"https:\/\/www.respirelavie.fr\/rennes\/la-cour-des-grands-2\/","og_locale":"fr_FR","og_type":"article","og_title":"La Cour Des Grands - Respire La Vie Rennes","og_description":"La Cour Des Grands, votre partenaire innovant en publicit\u00e9 \u00e0 v\u00e9lo, d\u00e9di\u00e9 \u00e0 transformer les espaces urbains en plateformes dynamiques de communication. Fond\u00e9e \u00e0 Strasbourg, notre entreprise est pionni\u00e8re dans l&#8217;int\u00e9gration de solutions publicitaires \u00e9cologiques avec la cyclo-logistique, offrant une visibilit\u00e9 sans pr\u00e9c\u00e9dent tout en r\u00e9duisant l&#8217;empreinte carbone. Chez La Cour Des Grands, nous croyons&hellip;","og_url":"https:\/\/www.respirelavie.fr\/rennes\/la-cour-des-grands-2\/","og_site_name":"Respire La Vie Rennes","article_modified_time":"2025-01-27T14:24:18+00:00","og_image":[{"url":"http:\/\/www.respirelavie.fr\/rennes\/wp-content\/uploads\/sites\/5\/2025\/01\/LOGO_LCDG_COULEUR_ORANGE10-300x108.png","type":"","width":"","height":""}],"twitter_card":"summary_large_image","twitter_misc":{"Dur\u00e9e de lecture estim\u00e9e":"1 minute"},"schema":{"@context":"https:\/\/schema.org","@graph":[{"@type":"WebPage","@id":"https:\/\/www.respirelavie.fr\/rennes\/la-cour-des-grands-2\/","url":"https:\/\/www.respirelavie.fr\/rennes\/la-cour-des-grands-2\/","name":"La Cour Des Grands - Respire La Vie Rennes","isPartOf":{"@id":"http:\/\/www.respirelavie.fr\/rennes\/#website"},"primaryImageOfPage":{"@id":"https:\/\/www.respirelavie.fr\/rennes\/la-cour-des-grands-2\/#primaryimage"},"image":{"@id":"https:\/\/www.respirelavie.fr\/rennes\/la-cour-des-grands-2\/#primaryimage"},"thumbnailUrl":"http:\/\/www.respirelavie.fr\/rennes\/wp-content\/uploads\/sites\/5\/2025\/01\/LOGO_LCDG_COULEUR_ORANGE10-300x108.png","datePublished":"2024-12-19T11:39:47+00:00","dateModified":"2025-01-27T14:24:18+00:00","breadcrumb":{"@id":"https:\/\/www.respirelavie.fr\/rennes\/la-cour-des-grands-2\/#breadcrumb"},"inLanguage":"fr-FR","potentialAction":[{"@type":"ReadAction","target":["https:\/\/www.respirelavie.fr\/rennes\/la-cour-des-grands-2\/"]}]},{"@type":"ImageObject","inLanguage":"fr-FR","@id":"https:\/\/www.respirelavie.fr\/rennes\/la-cour-des-grands-2\/#primaryimage","url":"https:\/\/www.respirelavie.fr\/rennes\/wp-content\/uploads\/sites\/5\/2025\/01\/LOGO_LCDG_COULEUR_ORANGE10.png","contentUrl":"https:\/\/www.respirelavie.fr\/rennes\/wp-content\/uploads\/sites\/5\/2025\/01\/LOGO_LCDG_COULEUR_ORANGE10.png","width":1080,"height":387},{"@type":"BreadcrumbList","@id":"https:\/\/www.respirelavie.fr\/rennes\/la-cour-des-grands-2\/#breadcrumb","itemListElement":[{"@type":"ListItem","position":1,"name":"Accueil","item":"https:\/\/www.respirelavie.fr\/rennes\/"},{"@type":"ListItem","position":2,"name":"La Cour Des Grands"}]},{"@type":"WebSite","@id":"http:\/\/www.respirelavie.fr\/rennes\/#website","url":"http:\/\/www.respirelavie.fr\/rennes\/","name":"Respire La Vie Rennes","description":"Respire La Vie Rennes : votre salon \u00e9colo, bio, bien-\u00eatre et habitat sain \u00e0 Rennes","publisher":{"@id":"http:\/\/www.respirelavie.fr\/rennes\/#organization"},"potentialAction":[{"@type":"SearchAction","target":{"@type":"EntryPoint","urlTemplate":"http:\/\/www.respirelavie.fr\/rennes\/?s={search_term_string}"},"query-input":{"@type":"PropertyValueSpecification","valueRequired":true,"valueName":"search_term_string"}}],"inLanguage":"fr-FR"},{"@type":"Organization","@id":"http:\/\/www.respirelavie.fr\/rennes\/#organization","name":"Respire La Vie Rennes","url":"http:\/\/www.respirelavie.fr\/rennes\/","logo":{"@type":"ImageObject","inLanguage":"fr-FR","@id":"http:\/\/www.respirelavie.fr\/rennes\/#\/schema\/logo\/image\/","url":"https:\/\/www.respirelavie.fr\/rennes\/wp-content\/uploads\/sites\/5\/2025\/11\/cropped-Logo-RESPIRE-rennes-2026.png","contentUrl":"https:\/\/www.respirelavie.fr\/rennes\/wp-content\/uploads\/sites\/5\/2025\/11\/cropped-Logo-RESPIRE-rennes-2026.png","width":921,"height":255,"caption":"Respire La Vie Rennes"},"image":{"@id":"http:\/\/www.respirelavie.fr\/rennes\/#\/schema\/logo\/image\/"}}]}},"_links":{"self":[{"href":"https:\/\/www.respirelavie.fr\/rennes\/wp-json\/wp\/v2\/pages\/11214","targetHints":{"allow":["GET"]}}],"collection":[{"href":"https:\/\/www.respirelavie.fr\/rennes\/wp-json\/wp\/v2\/pages"}],"about":[{"href":"https:\/\/www.respirelavie.fr\/rennes\/wp-json\/wp\/v2\/types\/page"}],"author":[{"embeddable":true,"href":"https:\/\/www.respirelavie.fr\/rennes\/wp-json\/wp\/v2\/users\/5"}],"replies":[{"embeddable":true,"href":"https:\/\/www.respirelavie.fr\/rennes\/wp-json\/wp\/v2\/comments?post=11214"}],"version-history":[{"count":3,"href":"https:\/\/www.respirelavie.fr\/rennes\/wp-json\/wp\/v2\/pages\/11214\/revisions"}],"predecessor-version":[{"id":11564,"href":"https:\/\/www.respirelavie.fr\/rennes\/wp-json\/wp\/v2\/pages\/11214\/revisions\/11564"}],"wp:attachment":[{"href":"https:\/\/www.respirelavie.fr\/rennes\/wp-json\/wp\/v2\/media?parent=11214"}],"curies":[{"name":"wp","href":"https:\/\/api.w.org\/{rel}","templated":true}]}}