{"id":11220,"date":"2024-12-19T12:43:50","date_gmt":"2024-12-19T11:43:50","guid":{"rendered":"https:\/\/www.respirelavie.fr\/rennes\/?page_id=11220"},"modified":"2024-12-19T12:43:50","modified_gmt":"2024-12-19T11:43:50","slug":"ouest-france-presse-ocean","status":"publish","type":"page","link":"https:\/\/www.respirelavie.fr\/rennes\/ouest-france-presse-ocean\/","title":{"rendered":"Ouest France\/Presse Oc\u00e9an"},"content":{"rendered":"<table style=\"border-collapse: collapse; width: 100%;\">\n<tbody>\n<tr>\n<td style=\"width: 50%; text-align: center; vertical-align: top;\"><img decoding=\"async\" class=\"alignnone wp-image-15362 size-medium\" src=\"https:\/\/www.salon-zenetbio.com\/nantes\/wp-content\/uploads\/sites\/7\/2024\/06\/OUEST-FRANCE-300x106.png\" alt=\"\" width=\"300\" height=\"106\" \/><\/td>\n<td style=\"width: 50%; text-align: center; vertical-align: top;\"><img decoding=\"async\" class=\"aligncenter wp-image-15615\" src=\"https:\/\/www.salon-zenetbio.com\/nantes\/wp-content\/uploads\/sites\/7\/2024\/06\/logo-presse-ocean-300x113.png\" alt=\"\" width=\"245\" height=\"92\" \/><\/td>\n<\/tr>\n<\/tbody>\n<\/table>\n<p style=\"text-align: justify;\">Toute l&#8217;actualit\u00e9 en direct, soyez inform\u00e9 de toute l&#8217;info en continu, en images et en vid\u00e9os, dans votre r\u00e9gion, en <em>France<\/em> et dans le monde.<\/p>\n<p style=\"text-align: justify;\"><a href=\"http:\/\/www.ouest-france.fr\/services\/newsletter-alertes\/\" target=\"_blank\" rel=\"noopener noreferrer\"><img decoding=\"async\" class=\"size-full wp-image-3858 alignleft\" src=\"https:\/\/www.salon-zenetbio.com\/nantes\/wp-content\/uploads\/2017\/04\/2178062_BoutonNLOuest-France_120x80.jpg\" alt=\"\" width=\"120\" height=\"80\" \/><\/a><\/p>\n<p style=\"text-align: justify;\">Abonnez-vous \u00e0 la newsletter de Ouest France<\/p>\n<p>&nbsp;<\/p>\n<p>&nbsp;<\/p>\n<p>Visiter le\u00a0site internet <a href=\"http:\/\/www.ouest-france.fr\/\" target=\"_blank\" rel=\"noopener\">Ouest France<\/a> et <a href=\"https:\/\/www.ouest-france.fr\/presse-ocean\/\" target=\"_blank\" rel=\"noopener\">Presse Oc\u00e9an<\/a><\/p>\n","protected":false},"excerpt":{"rendered":"<p>Toute l&#8217;actualit\u00e9 en direct, soyez inform\u00e9 de toute l&#8217;info en continu, en images et en vid\u00e9os, dans votre r\u00e9gion, en France et dans le monde. Abonnez-vous \u00e0 la newsletter de Ouest France &nbsp; &nbsp; Visiter le\u00a0site internet Ouest France et Presse Oc\u00e9an<\/p>\n","protected":false},"author":5,"featured_media":0,"parent":0,"menu_order":0,"comment_status":"closed","ping_status":"closed","template":"","meta":{"_monsterinsights_skip_tracking":false,"_monsterinsights_sitenote_active":false,"_monsterinsights_sitenote_note":"","_monsterinsights_sitenote_category":0,"footnotes":""},"class_list":["post-11220","page","type-page","status-publish","hentry"],"yoast_head":"<!-- This site is optimized with the Yoast SEO plugin v27.3 - https:\/\/yoast.com\/product\/yoast-seo-wordpress\/ -->\n<title>Ouest France\/Presse Oc\u00e9an - Respire La Vie Rennes<\/title>\n<meta name=\"robots\" content=\"index, follow, max-snippet:-1, max-image-preview:large, max-video-preview:-1\" \/>\n<link rel=\"canonical\" href=\"https:\/\/www.respirelavie.fr\/rennes\/ouest-france-presse-ocean\/\" \/>\n<meta property=\"og:locale\" content=\"fr_FR\" \/>\n<meta property=\"og:type\" content=\"article\" \/>\n<meta property=\"og:title\" content=\"Ouest France\/Presse Oc\u00e9an - Respire La Vie Rennes\" \/>\n<meta property=\"og:description\" content=\"Toute l&#8217;actualit\u00e9 en direct, soyez inform\u00e9 de toute l&#8217;info en continu, en images et en vid\u00e9os, dans votre r\u00e9gion, en France et dans le monde. Abonnez-vous \u00e0 la newsletter de Ouest France &nbsp; &nbsp; Visiter le\u00a0site internet Ouest France et Presse Oc\u00e9an\" \/>\n<meta property=\"og:url\" content=\"https:\/\/www.respirelavie.fr\/rennes\/ouest-france-presse-ocean\/\" \/>\n<meta property=\"og:site_name\" content=\"Respire La Vie Rennes\" \/>\n<meta property=\"og:image\" content=\"https:\/\/www.salon-zenetbio.com\/nantes\/wp-content\/uploads\/sites\/7\/2024\/06\/OUEST-FRANCE-300x106.png\" \/>\n<meta name=\"twitter:card\" content=\"summary_large_image\" \/>\n<meta name=\"twitter:label1\" content=\"Dur\u00e9e de lecture estim\u00e9e\" \/>\n\t<meta name=\"twitter:data1\" content=\"1 minute\" \/>\n<script type=\"application\/ld+json\" class=\"yoast-schema-graph\">{\"@context\":\"https:\\\/\\\/schema.org\",\"@graph\":[{\"@type\":\"WebPage\",\"@id\":\"https:\\\/\\\/www.respirelavie.fr\\\/rennes\\\/ouest-france-presse-ocean\\\/\",\"url\":\"https:\\\/\\\/www.respirelavie.fr\\\/rennes\\\/ouest-france-presse-ocean\\\/\",\"name\":\"Ouest France\\\/Presse Oc\u00e9an - Respire La Vie Rennes\",\"isPartOf\":{\"@id\":\"https:\\\/\\\/www.respirelavie.fr\\\/rennes\\\/#website\"},\"primaryImageOfPage\":{\"@id\":\"https:\\\/\\\/www.respirelavie.fr\\\/rennes\\\/ouest-france-presse-ocean\\\/#primaryimage\"},\"image\":{\"@id\":\"https:\\\/\\\/www.respirelavie.fr\\\/rennes\\\/ouest-france-presse-ocean\\\/#primaryimage\"},\"thumbnailUrl\":\"https:\\\/\\\/www.salon-zenetbio.com\\\/nantes\\\/wp-content\\\/uploads\\\/sites\\\/7\\\/2024\\\/06\\\/OUEST-FRANCE-300x106.png\",\"datePublished\":\"2024-12-19T11:43:50+00:00\",\"breadcrumb\":{\"@id\":\"https:\\\/\\\/www.respirelavie.fr\\\/rennes\\\/ouest-france-presse-ocean\\\/#breadcrumb\"},\"inLanguage\":\"fr-FR\",\"potentialAction\":[{\"@type\":\"ReadAction\",\"target\":[\"https:\\\/\\\/www.respirelavie.fr\\\/rennes\\\/ouest-france-presse-ocean\\\/\"]}]},{\"@type\":\"ImageObject\",\"inLanguage\":\"fr-FR\",\"@id\":\"https:\\\/\\\/www.respirelavie.fr\\\/rennes\\\/ouest-france-presse-ocean\\\/#primaryimage\",\"url\":\"https:\\\/\\\/www.salon-zenetbio.com\\\/nantes\\\/wp-content\\\/uploads\\\/sites\\\/7\\\/2024\\\/06\\\/OUEST-FRANCE-300x106.png\",\"contentUrl\":\"https:\\\/\\\/www.salon-zenetbio.com\\\/nantes\\\/wp-content\\\/uploads\\\/sites\\\/7\\\/2024\\\/06\\\/OUEST-FRANCE-300x106.png\"},{\"@type\":\"BreadcrumbList\",\"@id\":\"https:\\\/\\\/www.respirelavie.fr\\\/rennes\\\/ouest-france-presse-ocean\\\/#breadcrumb\",\"itemListElement\":[{\"@type\":\"ListItem\",\"position\":1,\"name\":\"Accueil\",\"item\":\"https:\\\/\\\/www.respirelavie.fr\\\/rennes\\\/\"},{\"@type\":\"ListItem\",\"position\":2,\"name\":\"Ouest France\\\/Presse Oc\u00e9an\"}]},{\"@type\":\"WebSite\",\"@id\":\"https:\\\/\\\/www.respirelavie.fr\\\/rennes\\\/#website\",\"url\":\"https:\\\/\\\/www.respirelavie.fr\\\/rennes\\\/\",\"name\":\"Respire La Vie Rennes\",\"description\":\"Respire La Vie Rennes : votre salon \u00e9colo, bio, bien-\u00eatre et habitat sain \u00e0 Rennes\",\"publisher\":{\"@id\":\"https:\\\/\\\/www.respirelavie.fr\\\/rennes\\\/#organization\"},\"potentialAction\":[{\"@type\":\"SearchAction\",\"target\":{\"@type\":\"EntryPoint\",\"urlTemplate\":\"https:\\\/\\\/www.respirelavie.fr\\\/rennes\\\/?s={search_term_string}\"},\"query-input\":{\"@type\":\"PropertyValueSpecification\",\"valueRequired\":true,\"valueName\":\"search_term_string\"}}],\"inLanguage\":\"fr-FR\"},{\"@type\":\"Organization\",\"@id\":\"https:\\\/\\\/www.respirelavie.fr\\\/rennes\\\/#organization\",\"name\":\"Respire La Vie Rennes\",\"url\":\"https:\\\/\\\/www.respirelavie.fr\\\/rennes\\\/\",\"logo\":{\"@type\":\"ImageObject\",\"inLanguage\":\"fr-FR\",\"@id\":\"https:\\\/\\\/www.respirelavie.fr\\\/rennes\\\/#\\\/schema\\\/logo\\\/image\\\/\",\"url\":\"https:\\\/\\\/www.respirelavie.fr\\\/rennes\\\/wp-content\\\/uploads\\\/sites\\\/5\\\/2025\\\/11\\\/cropped-Logo-RESPIRE-rennes-2026.png\",\"contentUrl\":\"https:\\\/\\\/www.respirelavie.fr\\\/rennes\\\/wp-content\\\/uploads\\\/sites\\\/5\\\/2025\\\/11\\\/cropped-Logo-RESPIRE-rennes-2026.png\",\"width\":921,\"height\":255,\"caption\":\"Respire La Vie Rennes\"},\"image\":{\"@id\":\"https:\\\/\\\/www.respirelavie.fr\\\/rennes\\\/#\\\/schema\\\/logo\\\/image\\\/\"}}]}<\/script>\n<!-- \/ Yoast SEO plugin. -->","yoast_head_json":{"title":"Ouest France\/Presse Oc\u00e9an - Respire La Vie Rennes","robots":{"index":"index","follow":"follow","max-snippet":"max-snippet:-1","max-image-preview":"max-image-preview:large","max-video-preview":"max-video-preview:-1"},"canonical":"https:\/\/www.respirelavie.fr\/rennes\/ouest-france-presse-ocean\/","og_locale":"fr_FR","og_type":"article","og_title":"Ouest France\/Presse Oc\u00e9an - Respire La Vie Rennes","og_description":"Toute l&#8217;actualit\u00e9 en direct, soyez inform\u00e9 de toute l&#8217;info en continu, en images et en vid\u00e9os, dans votre r\u00e9gion, en France et dans le monde. Abonnez-vous \u00e0 la newsletter de Ouest France &nbsp; &nbsp; Visiter le\u00a0site internet Ouest France et Presse Oc\u00e9an","og_url":"https:\/\/www.respirelavie.fr\/rennes\/ouest-france-presse-ocean\/","og_site_name":"Respire La Vie Rennes","og_image":[{"url":"https:\/\/www.salon-zenetbio.com\/nantes\/wp-content\/uploads\/sites\/7\/2024\/06\/OUEST-FRANCE-300x106.png","type":"","width":"","height":""}],"twitter_card":"summary_large_image","twitter_misc":{"Dur\u00e9e de lecture estim\u00e9e":"1 minute"},"schema":{"@context":"https:\/\/schema.org","@graph":[{"@type":"WebPage","@id":"https:\/\/www.respirelavie.fr\/rennes\/ouest-france-presse-ocean\/","url":"https:\/\/www.respirelavie.fr\/rennes\/ouest-france-presse-ocean\/","name":"Ouest France\/Presse Oc\u00e9an - Respire La Vie Rennes","isPartOf":{"@id":"https:\/\/www.respirelavie.fr\/rennes\/#website"},"primaryImageOfPage":{"@id":"https:\/\/www.respirelavie.fr\/rennes\/ouest-france-presse-ocean\/#primaryimage"},"image":{"@id":"https:\/\/www.respirelavie.fr\/rennes\/ouest-france-presse-ocean\/#primaryimage"},"thumbnailUrl":"https:\/\/www.salon-zenetbio.com\/nantes\/wp-content\/uploads\/sites\/7\/2024\/06\/OUEST-FRANCE-300x106.png","datePublished":"2024-12-19T11:43:50+00:00","breadcrumb":{"@id":"https:\/\/www.respirelavie.fr\/rennes\/ouest-france-presse-ocean\/#breadcrumb"},"inLanguage":"fr-FR","potentialAction":[{"@type":"ReadAction","target":["https:\/\/www.respirelavie.fr\/rennes\/ouest-france-presse-ocean\/"]}]},{"@type":"ImageObject","inLanguage":"fr-FR","@id":"https:\/\/www.respirelavie.fr\/rennes\/ouest-france-presse-ocean\/#primaryimage","url":"https:\/\/www.salon-zenetbio.com\/nantes\/wp-content\/uploads\/sites\/7\/2024\/06\/OUEST-FRANCE-300x106.png","contentUrl":"https:\/\/www.salon-zenetbio.com\/nantes\/wp-content\/uploads\/sites\/7\/2024\/06\/OUEST-FRANCE-300x106.png"},{"@type":"BreadcrumbList","@id":"https:\/\/www.respirelavie.fr\/rennes\/ouest-france-presse-ocean\/#breadcrumb","itemListElement":[{"@type":"ListItem","position":1,"name":"Accueil","item":"https:\/\/www.respirelavie.fr\/rennes\/"},{"@type":"ListItem","position":2,"name":"Ouest France\/Presse Oc\u00e9an"}]},{"@type":"WebSite","@id":"https:\/\/www.respirelavie.fr\/rennes\/#website","url":"https:\/\/www.respirelavie.fr\/rennes\/","name":"Respire La Vie Rennes","description":"Respire La Vie Rennes : votre salon \u00e9colo, bio, bien-\u00eatre et habitat sain \u00e0 Rennes","publisher":{"@id":"https:\/\/www.respirelavie.fr\/rennes\/#organization"},"potentialAction":[{"@type":"SearchAction","target":{"@type":"EntryPoint","urlTemplate":"https:\/\/www.respirelavie.fr\/rennes\/?s={search_term_string}"},"query-input":{"@type":"PropertyValueSpecification","valueRequired":true,"valueName":"search_term_string"}}],"inLanguage":"fr-FR"},{"@type":"Organization","@id":"https:\/\/www.respirelavie.fr\/rennes\/#organization","name":"Respire La Vie Rennes","url":"https:\/\/www.respirelavie.fr\/rennes\/","logo":{"@type":"ImageObject","inLanguage":"fr-FR","@id":"https:\/\/www.respirelavie.fr\/rennes\/#\/schema\/logo\/image\/","url":"https:\/\/www.respirelavie.fr\/rennes\/wp-content\/uploads\/sites\/5\/2025\/11\/cropped-Logo-RESPIRE-rennes-2026.png","contentUrl":"https:\/\/www.respirelavie.fr\/rennes\/wp-content\/uploads\/sites\/5\/2025\/11\/cropped-Logo-RESPIRE-rennes-2026.png","width":921,"height":255,"caption":"Respire La Vie Rennes"},"image":{"@id":"https:\/\/www.respirelavie.fr\/rennes\/#\/schema\/logo\/image\/"}}]}},"_links":{"self":[{"href":"https:\/\/www.respirelavie.fr\/rennes\/wp-json\/wp\/v2\/pages\/11220","targetHints":{"allow":["GET"]}}],"collection":[{"href":"https:\/\/www.respirelavie.fr\/rennes\/wp-json\/wp\/v2\/pages"}],"about":[{"href":"https:\/\/www.respirelavie.fr\/rennes\/wp-json\/wp\/v2\/types\/page"}],"author":[{"embeddable":true,"href":"https:\/\/www.respirelavie.fr\/rennes\/wp-json\/wp\/v2\/users\/5"}],"replies":[{"embeddable":true,"href":"https:\/\/www.respirelavie.fr\/rennes\/wp-json\/wp\/v2\/comments?post=11220"}],"version-history":[{"count":1,"href":"https:\/\/www.respirelavie.fr\/rennes\/wp-json\/wp\/v2\/pages\/11220\/revisions"}],"predecessor-version":[{"id":11221,"href":"https:\/\/www.respirelavie.fr\/rennes\/wp-json\/wp\/v2\/pages\/11220\/revisions\/11221"}],"wp:attachment":[{"href":"https:\/\/www.respirelavie.fr\/rennes\/wp-json\/wp\/v2\/media?parent=11220"}],"curies":[{"name":"wp","href":"https:\/\/api.w.org\/{rel}","templated":true}]}}