{"id":11325,"date":"2025-01-15T12:52:52","date_gmt":"2025-01-15T11:52:52","guid":{"rendered":"https:\/\/www.respirelavie.fr\/rennes\/?page_id=11325"},"modified":"2025-01-15T14:17:02","modified_gmt":"2025-01-15T13:17:02","slug":"la-librairie-le-failler","status":"publish","type":"page","link":"https:\/\/www.respirelavie.fr\/rennes\/la-librairie-le-failler\/","title":{"rendered":"La Librairie Le Failler"},"content":{"rendered":"<p><img decoding=\"async\" class=\"size-full wp-image-11326 aligncenter\" src=\"http:\/\/www.respirelavie.fr\/rennes\/wp-content\/uploads\/sites\/5\/2025\/01\/logo_le_failler.png\" alt=\"\" width=\"250\" height=\"120\" srcset=\"https:\/\/www.respirelavie.fr\/rennes\/wp-content\/uploads\/sites\/5\/2025\/01\/logo_le_failler.png 250w, https:\/\/www.respirelavie.fr\/rennes\/wp-content\/uploads\/sites\/5\/2025\/01\/logo_le_failler-150x72.png 150w\" sizes=\"(max-width: 250px) 100vw, 250px\" \/><\/p>\n<p>La librairie Le Failler a \u00e9t\u00e9 cr\u00e9\u00e9e en 1925. Apr\u00e8s avoir chang\u00e9 plusieurs fois d\u2019emplacement, elle se situe rue Saint-Georges, pr\u00e8s du parlement de Bretagne.<\/p>\n<p>Que vous fl\u00e2niez \u00e0 la recherche d\u2019un coup de c\u0153ur, ou que vous recherchiez un ouvrage particulier, nous avons le d\u00e9sir de vous faire d\u00e9couvrir les livres et les auteurs que nous aimons.<br \/>\nNous participons, ainsi, \u00e0 l\u2019exigence de qualit\u00e9 de l\u2019offre et du service qui a fait de nous la premi\u00e8re librairie g\u00e9n\u00e9raliste ind\u00e9pendante de Rennes.<\/p>\n<p>Visiter le\u00a0<a href=\"https:\/\/www.librairielefailler.fr\/\" target=\"_blank\" rel=\"noopener\">site internet<\/a><\/p>\n","protected":false},"excerpt":{"rendered":"<p>La librairie Le Failler a \u00e9t\u00e9 cr\u00e9\u00e9e en 1925. Apr\u00e8s avoir chang\u00e9 plusieurs fois d\u2019emplacement, elle se situe rue Saint-Georges, pr\u00e8s du parlement de Bretagne. Que vous fl\u00e2niez \u00e0 la recherche d\u2019un coup de c\u0153ur, ou que vous recherchiez un ouvrage particulier, nous avons le d\u00e9sir de vous faire d\u00e9couvrir les livres et les auteurs&hellip; <\/p>\n","protected":false},"author":7,"featured_media":0,"parent":0,"menu_order":0,"comment_status":"closed","ping_status":"closed","template":"","meta":{"_monsterinsights_skip_tracking":false,"_monsterinsights_sitenote_active":false,"_monsterinsights_sitenote_note":"","_monsterinsights_sitenote_category":0,"footnotes":""},"class_list":["post-11325","page","type-page","status-publish","hentry"],"yoast_head":"<!-- This site is optimized with the Yoast SEO plugin v27.3 - https:\/\/yoast.com\/product\/yoast-seo-wordpress\/ -->\n<title>La Librairie Le Failler - Respire La Vie Rennes<\/title>\n<meta name=\"robots\" content=\"index, follow, max-snippet:-1, max-image-preview:large, max-video-preview:-1\" \/>\n<link rel=\"canonical\" href=\"https:\/\/www.respirelavie.fr\/rennes\/la-librairie-le-failler\/\" \/>\n<meta property=\"og:locale\" content=\"fr_FR\" \/>\n<meta property=\"og:type\" content=\"article\" \/>\n<meta property=\"og:title\" content=\"La Librairie Le Failler - Respire La Vie Rennes\" \/>\n<meta property=\"og:description\" content=\"La librairie Le Failler a \u00e9t\u00e9 cr\u00e9\u00e9e en 1925. Apr\u00e8s avoir chang\u00e9 plusieurs fois d\u2019emplacement, elle se situe rue Saint-Georges, pr\u00e8s du parlement de Bretagne. Que vous fl\u00e2niez \u00e0 la recherche d\u2019un coup de c\u0153ur, ou que vous recherchiez un ouvrage particulier, nous avons le d\u00e9sir de vous faire d\u00e9couvrir les livres et les auteurs&hellip;\" \/>\n<meta property=\"og:url\" content=\"https:\/\/www.respirelavie.fr\/rennes\/la-librairie-le-failler\/\" \/>\n<meta property=\"og:site_name\" content=\"Respire La Vie Rennes\" \/>\n<meta property=\"article:modified_time\" content=\"2025-01-15T13:17:02+00:00\" \/>\n<meta property=\"og:image\" content=\"http:\/\/www.respirelavie.fr\/rennes\/wp-content\/uploads\/sites\/5\/2025\/01\/logo_le_failler.png\" \/>\n<meta name=\"twitter:card\" content=\"summary_large_image\" \/>\n<script type=\"application\/ld+json\" class=\"yoast-schema-graph\">{\"@context\":\"https:\\\/\\\/schema.org\",\"@graph\":[{\"@type\":\"WebPage\",\"@id\":\"https:\\\/\\\/www.respirelavie.fr\\\/rennes\\\/la-librairie-le-failler\\\/\",\"url\":\"https:\\\/\\\/www.respirelavie.fr\\\/rennes\\\/la-librairie-le-failler\\\/\",\"name\":\"La Librairie Le Failler - Respire La Vie Rennes\",\"isPartOf\":{\"@id\":\"http:\\\/\\\/www.respirelavie.fr\\\/rennes\\\/#website\"},\"primaryImageOfPage\":{\"@id\":\"https:\\\/\\\/www.respirelavie.fr\\\/rennes\\\/la-librairie-le-failler\\\/#primaryimage\"},\"image\":{\"@id\":\"https:\\\/\\\/www.respirelavie.fr\\\/rennes\\\/la-librairie-le-failler\\\/#primaryimage\"},\"thumbnailUrl\":\"http:\\\/\\\/www.respirelavie.fr\\\/rennes\\\/wp-content\\\/uploads\\\/sites\\\/5\\\/2025\\\/01\\\/logo_le_failler.png\",\"datePublished\":\"2025-01-15T11:52:52+00:00\",\"dateModified\":\"2025-01-15T13:17:02+00:00\",\"breadcrumb\":{\"@id\":\"https:\\\/\\\/www.respirelavie.fr\\\/rennes\\\/la-librairie-le-failler\\\/#breadcrumb\"},\"inLanguage\":\"fr-FR\",\"potentialAction\":[{\"@type\":\"ReadAction\",\"target\":[\"https:\\\/\\\/www.respirelavie.fr\\\/rennes\\\/la-librairie-le-failler\\\/\"]}]},{\"@type\":\"ImageObject\",\"inLanguage\":\"fr-FR\",\"@id\":\"https:\\\/\\\/www.respirelavie.fr\\\/rennes\\\/la-librairie-le-failler\\\/#primaryimage\",\"url\":\"https:\\\/\\\/www.respirelavie.fr\\\/rennes\\\/wp-content\\\/uploads\\\/sites\\\/5\\\/2025\\\/01\\\/logo_le_failler.png\",\"contentUrl\":\"https:\\\/\\\/www.respirelavie.fr\\\/rennes\\\/wp-content\\\/uploads\\\/sites\\\/5\\\/2025\\\/01\\\/logo_le_failler.png\",\"width\":250,\"height\":120},{\"@type\":\"BreadcrumbList\",\"@id\":\"https:\\\/\\\/www.respirelavie.fr\\\/rennes\\\/la-librairie-le-failler\\\/#breadcrumb\",\"itemListElement\":[{\"@type\":\"ListItem\",\"position\":1,\"name\":\"Accueil\",\"item\":\"https:\\\/\\\/www.respirelavie.fr\\\/rennes\\\/\"},{\"@type\":\"ListItem\",\"position\":2,\"name\":\"La Librairie Le Failler\"}]},{\"@type\":\"WebSite\",\"@id\":\"http:\\\/\\\/www.respirelavie.fr\\\/rennes\\\/#website\",\"url\":\"http:\\\/\\\/www.respirelavie.fr\\\/rennes\\\/\",\"name\":\"Respire La Vie Rennes\",\"description\":\"Respire La Vie Rennes : votre salon \u00e9colo, bio, bien-\u00eatre et habitat sain \u00e0 Rennes\",\"publisher\":{\"@id\":\"http:\\\/\\\/www.respirelavie.fr\\\/rennes\\\/#organization\"},\"potentialAction\":[{\"@type\":\"SearchAction\",\"target\":{\"@type\":\"EntryPoint\",\"urlTemplate\":\"http:\\\/\\\/www.respirelavie.fr\\\/rennes\\\/?s={search_term_string}\"},\"query-input\":{\"@type\":\"PropertyValueSpecification\",\"valueRequired\":true,\"valueName\":\"search_term_string\"}}],\"inLanguage\":\"fr-FR\"},{\"@type\":\"Organization\",\"@id\":\"http:\\\/\\\/www.respirelavie.fr\\\/rennes\\\/#organization\",\"name\":\"Respire La Vie Rennes\",\"url\":\"http:\\\/\\\/www.respirelavie.fr\\\/rennes\\\/\",\"logo\":{\"@type\":\"ImageObject\",\"inLanguage\":\"fr-FR\",\"@id\":\"http:\\\/\\\/www.respirelavie.fr\\\/rennes\\\/#\\\/schema\\\/logo\\\/image\\\/\",\"url\":\"https:\\\/\\\/www.respirelavie.fr\\\/rennes\\\/wp-content\\\/uploads\\\/sites\\\/5\\\/2025\\\/11\\\/cropped-Logo-RESPIRE-rennes-2026.png\",\"contentUrl\":\"https:\\\/\\\/www.respirelavie.fr\\\/rennes\\\/wp-content\\\/uploads\\\/sites\\\/5\\\/2025\\\/11\\\/cropped-Logo-RESPIRE-rennes-2026.png\",\"width\":921,\"height\":255,\"caption\":\"Respire La Vie Rennes\"},\"image\":{\"@id\":\"http:\\\/\\\/www.respirelavie.fr\\\/rennes\\\/#\\\/schema\\\/logo\\\/image\\\/\"}}]}<\/script>\n<!-- \/ Yoast SEO plugin. -->","yoast_head_json":{"title":"La Librairie Le Failler - Respire La Vie Rennes","robots":{"index":"index","follow":"follow","max-snippet":"max-snippet:-1","max-image-preview":"max-image-preview:large","max-video-preview":"max-video-preview:-1"},"canonical":"https:\/\/www.respirelavie.fr\/rennes\/la-librairie-le-failler\/","og_locale":"fr_FR","og_type":"article","og_title":"La Librairie Le Failler - Respire La Vie Rennes","og_description":"La librairie Le Failler a \u00e9t\u00e9 cr\u00e9\u00e9e en 1925. Apr\u00e8s avoir chang\u00e9 plusieurs fois d\u2019emplacement, elle se situe rue Saint-Georges, pr\u00e8s du parlement de Bretagne. Que vous fl\u00e2niez \u00e0 la recherche d\u2019un coup de c\u0153ur, ou que vous recherchiez un ouvrage particulier, nous avons le d\u00e9sir de vous faire d\u00e9couvrir les livres et les auteurs&hellip;","og_url":"https:\/\/www.respirelavie.fr\/rennes\/la-librairie-le-failler\/","og_site_name":"Respire La Vie Rennes","article_modified_time":"2025-01-15T13:17:02+00:00","og_image":[{"url":"http:\/\/www.respirelavie.fr\/rennes\/wp-content\/uploads\/sites\/5\/2025\/01\/logo_le_failler.png","type":"","width":"","height":""}],"twitter_card":"summary_large_image","schema":{"@context":"https:\/\/schema.org","@graph":[{"@type":"WebPage","@id":"https:\/\/www.respirelavie.fr\/rennes\/la-librairie-le-failler\/","url":"https:\/\/www.respirelavie.fr\/rennes\/la-librairie-le-failler\/","name":"La Librairie Le Failler - Respire La Vie Rennes","isPartOf":{"@id":"http:\/\/www.respirelavie.fr\/rennes\/#website"},"primaryImageOfPage":{"@id":"https:\/\/www.respirelavie.fr\/rennes\/la-librairie-le-failler\/#primaryimage"},"image":{"@id":"https:\/\/www.respirelavie.fr\/rennes\/la-librairie-le-failler\/#primaryimage"},"thumbnailUrl":"http:\/\/www.respirelavie.fr\/rennes\/wp-content\/uploads\/sites\/5\/2025\/01\/logo_le_failler.png","datePublished":"2025-01-15T11:52:52+00:00","dateModified":"2025-01-15T13:17:02+00:00","breadcrumb":{"@id":"https:\/\/www.respirelavie.fr\/rennes\/la-librairie-le-failler\/#breadcrumb"},"inLanguage":"fr-FR","potentialAction":[{"@type":"ReadAction","target":["https:\/\/www.respirelavie.fr\/rennes\/la-librairie-le-failler\/"]}]},{"@type":"ImageObject","inLanguage":"fr-FR","@id":"https:\/\/www.respirelavie.fr\/rennes\/la-librairie-le-failler\/#primaryimage","url":"https:\/\/www.respirelavie.fr\/rennes\/wp-content\/uploads\/sites\/5\/2025\/01\/logo_le_failler.png","contentUrl":"https:\/\/www.respirelavie.fr\/rennes\/wp-content\/uploads\/sites\/5\/2025\/01\/logo_le_failler.png","width":250,"height":120},{"@type":"BreadcrumbList","@id":"https:\/\/www.respirelavie.fr\/rennes\/la-librairie-le-failler\/#breadcrumb","itemListElement":[{"@type":"ListItem","position":1,"name":"Accueil","item":"https:\/\/www.respirelavie.fr\/rennes\/"},{"@type":"ListItem","position":2,"name":"La Librairie Le Failler"}]},{"@type":"WebSite","@id":"http:\/\/www.respirelavie.fr\/rennes\/#website","url":"http:\/\/www.respirelavie.fr\/rennes\/","name":"Respire La Vie Rennes","description":"Respire La Vie Rennes : votre salon \u00e9colo, bio, bien-\u00eatre et habitat sain \u00e0 Rennes","publisher":{"@id":"http:\/\/www.respirelavie.fr\/rennes\/#organization"},"potentialAction":[{"@type":"SearchAction","target":{"@type":"EntryPoint","urlTemplate":"http:\/\/www.respirelavie.fr\/rennes\/?s={search_term_string}"},"query-input":{"@type":"PropertyValueSpecification","valueRequired":true,"valueName":"search_term_string"}}],"inLanguage":"fr-FR"},{"@type":"Organization","@id":"http:\/\/www.respirelavie.fr\/rennes\/#organization","name":"Respire La Vie Rennes","url":"http:\/\/www.respirelavie.fr\/rennes\/","logo":{"@type":"ImageObject","inLanguage":"fr-FR","@id":"http:\/\/www.respirelavie.fr\/rennes\/#\/schema\/logo\/image\/","url":"https:\/\/www.respirelavie.fr\/rennes\/wp-content\/uploads\/sites\/5\/2025\/11\/cropped-Logo-RESPIRE-rennes-2026.png","contentUrl":"https:\/\/www.respirelavie.fr\/rennes\/wp-content\/uploads\/sites\/5\/2025\/11\/cropped-Logo-RESPIRE-rennes-2026.png","width":921,"height":255,"caption":"Respire La Vie Rennes"},"image":{"@id":"http:\/\/www.respirelavie.fr\/rennes\/#\/schema\/logo\/image\/"}}]}},"_links":{"self":[{"href":"https:\/\/www.respirelavie.fr\/rennes\/wp-json\/wp\/v2\/pages\/11325","targetHints":{"allow":["GET"]}}],"collection":[{"href":"https:\/\/www.respirelavie.fr\/rennes\/wp-json\/wp\/v2\/pages"}],"about":[{"href":"https:\/\/www.respirelavie.fr\/rennes\/wp-json\/wp\/v2\/types\/page"}],"author":[{"embeddable":true,"href":"https:\/\/www.respirelavie.fr\/rennes\/wp-json\/wp\/v2\/users\/7"}],"replies":[{"embeddable":true,"href":"https:\/\/www.respirelavie.fr\/rennes\/wp-json\/wp\/v2\/comments?post=11325"}],"version-history":[{"count":2,"href":"https:\/\/www.respirelavie.fr\/rennes\/wp-json\/wp\/v2\/pages\/11325\/revisions"}],"predecessor-version":[{"id":11328,"href":"https:\/\/www.respirelavie.fr\/rennes\/wp-json\/wp\/v2\/pages\/11325\/revisions\/11328"}],"wp:attachment":[{"href":"https:\/\/www.respirelavie.fr\/rennes\/wp-json\/wp\/v2\/media?parent=11325"}],"curies":[{"name":"wp","href":"https:\/\/api.w.org\/{rel}","templated":true}]}}