{"id":11365,"date":"2025-01-16T14:56:10","date_gmt":"2025-01-16T13:56:10","guid":{"rendered":"https:\/\/www.respirelavie.fr\/rennes\/?page_id=11365"},"modified":"2026-04-17T14:25:41","modified_gmt":"2026-04-17T12:25:41","slug":"le-blog-bio","status":"publish","type":"page","link":"https:\/\/www.respirelavie.fr\/rennes\/le-blog-bio\/","title":{"rendered":"Parenth\u00e8se Maison"},"content":{"rendered":"<p><img decoding=\"async\" class=\" wp-image-13115 aligncenter\" src=\"http:\/\/www.respirelavie.fr\/rennes\/wp-content\/uploads\/sites\/5\/2026\/01\/Logo-Parenthese-Maison-Jessy-300x300.jpeg\" alt=\"\" width=\"188\" height=\"188\" srcset=\"https:\/\/www.respirelavie.fr\/rennes\/wp-content\/uploads\/sites\/5\/2026\/01\/Logo-Parenthese-Maison-Jessy-300x300.jpeg 300w, https:\/\/www.respirelavie.fr\/rennes\/wp-content\/uploads\/sites\/5\/2026\/01\/Logo-Parenthese-Maison-Jessy-1024x1024.jpeg 1024w, https:\/\/www.respirelavie.fr\/rennes\/wp-content\/uploads\/sites\/5\/2026\/01\/Logo-Parenthese-Maison-Jessy-150x150.jpeg 150w, https:\/\/www.respirelavie.fr\/rennes\/wp-content\/uploads\/sites\/5\/2026\/01\/Logo-Parenthese-Maison-Jessy-768x768.jpeg 768w, https:\/\/www.respirelavie.fr\/rennes\/wp-content\/uploads\/sites\/5\/2026\/01\/Logo-Parenthese-Maison-Jessy-500x500.jpeg 500w, https:\/\/www.respirelavie.fr\/rennes\/wp-content\/uploads\/sites\/5\/2026\/01\/Logo-Parenthese-Maison-Jessy-45x45.jpeg 45w, https:\/\/www.respirelavie.fr\/rennes\/wp-content\/uploads\/sites\/5\/2026\/01\/Logo-Parenthese-Maison-Jessy.jpeg 1280w\" sizes=\"(max-width: 188px) 100vw, 188px\" \/><\/p>\n<p style=\"font-weight: 400;\"><span class=\"a_GcMg font-feature-liga-off font-feature-clig-off font-feature-calt-off text-decoration-none text-strikethrough-none\"><img fetchpriority=\"high\" decoding=\"async\" class=\" wp-image-13124 alignleft\" src=\"http:\/\/www.respirelavie.fr\/rennes\/wp-content\/uploads\/sites\/5\/2026\/01\/Logo-Parenthese-Maison-Jessy-1-300x300.jpg\" alt=\"\" width=\"231\" height=\"231\" srcset=\"https:\/\/www.respirelavie.fr\/rennes\/wp-content\/uploads\/sites\/5\/2026\/01\/Logo-Parenthese-Maison-Jessy-1-300x300.jpg 300w, https:\/\/www.respirelavie.fr\/rennes\/wp-content\/uploads\/sites\/5\/2026\/01\/Logo-Parenthese-Maison-Jessy-1-1024x1024.jpg 1024w, https:\/\/www.respirelavie.fr\/rennes\/wp-content\/uploads\/sites\/5\/2026\/01\/Logo-Parenthese-Maison-Jessy-1-150x150.jpg 150w, https:\/\/www.respirelavie.fr\/rennes\/wp-content\/uploads\/sites\/5\/2026\/01\/Logo-Parenthese-Maison-Jessy-1-768x768.jpg 768w, https:\/\/www.respirelavie.fr\/rennes\/wp-content\/uploads\/sites\/5\/2026\/01\/Logo-Parenthese-Maison-Jessy-1-500x500.jpg 500w, https:\/\/www.respirelavie.fr\/rennes\/wp-content\/uploads\/sites\/5\/2026\/01\/Logo-Parenthese-Maison-Jessy-1-45x45.jpg 45w, https:\/\/www.respirelavie.fr\/rennes\/wp-content\/uploads\/sites\/5\/2026\/01\/Logo-Parenthese-Maison-Jessy-1.jpg 1080w\" sizes=\"(max-width: 231px) 100vw, 231px\" \/><\/span><\/p>\n<p>&nbsp;<\/p>\n<p style=\"font-weight: 400;\"><span class=\"a_GcMg font-feature-liga-off font-feature-clig-off font-feature-calt-off text-decoration-none text-strikethrough-none\">L\u2019art de se sentir bien chez soi et dans sa vie.<br \/>\n<\/span><span class=\"a_GcMg font-feature-liga-off font-feature-clig-off font-feature-calt-off text-decoration-none text-strikethrough-none\">D\u00e9co, bien-\u00eatre, mode &amp; organisation du quotidien<\/span>.<\/p>\n<p>&nbsp;<\/p>\n<p>&nbsp;<\/p>\n<p>&nbsp;<\/p>\n<p>&nbsp;<\/p>\n<p>Visiter le\u00a0<a href=\"http:\/\/www.parenthesemaison.fr\" target=\"_blank\" rel=\"noopener\">site internet<\/a><\/p>\n","protected":false},"excerpt":{"rendered":"<p>&nbsp; L\u2019art de se sentir bien chez soi et dans sa vie. D\u00e9co, bien-\u00eatre, mode &amp; organisation du quotidien. &nbsp; &nbsp; &nbsp; &nbsp; Visiter le\u00a0site internet<\/p>\n","protected":false},"author":7,"featured_media":0,"parent":0,"menu_order":0,"comment_status":"closed","ping_status":"closed","template":"","meta":{"_monsterinsights_skip_tracking":false,"_monsterinsights_sitenote_active":false,"_monsterinsights_sitenote_note":"","_monsterinsights_sitenote_category":0,"footnotes":""},"class_list":["post-11365","page","type-page","status-publish","hentry"],"yoast_head":"<!-- This site is optimized with the Yoast SEO plugin v27.3 - https:\/\/yoast.com\/product\/yoast-seo-wordpress\/ -->\n<title>Parenth\u00e8se Maison - Respire La Vie Rennes<\/title>\n<meta name=\"description\" content=\"Bienvenue chez LeBlogBio.fr, anim\u00e9 par moi \u2013 Jessy \u2013 et vous-m\u00eame, contributeurs, commentateurs et lecteurs.\" \/>\n<meta name=\"robots\" content=\"index, follow, max-snippet:-1, max-image-preview:large, max-video-preview:-1\" \/>\n<link rel=\"canonical\" href=\"https:\/\/www.respirelavie.fr\/rennes\/le-blog-bio\/\" \/>\n<meta property=\"og:locale\" content=\"fr_FR\" \/>\n<meta property=\"og:type\" content=\"article\" \/>\n<meta property=\"og:title\" content=\"Parenth\u00e8se Maison - Respire La Vie Rennes\" \/>\n<meta property=\"og:description\" content=\"Bienvenue chez LeBlogBio.fr, anim\u00e9 par moi \u2013 Jessy \u2013 et vous-m\u00eame, contributeurs, commentateurs et lecteurs.\" \/>\n<meta property=\"og:url\" content=\"https:\/\/www.respirelavie.fr\/rennes\/le-blog-bio\/\" \/>\n<meta property=\"og:site_name\" content=\"Respire La Vie Rennes\" \/>\n<meta property=\"article:modified_time\" content=\"2026-04-17T12:25:41+00:00\" \/>\n<meta property=\"og:image\" content=\"http:\/\/www.respirelavie.fr\/rennes\/wp-content\/uploads\/sites\/5\/2026\/01\/Logo-Parenthese-Maison-Jessy-300x300.jpeg\" \/>\n<meta name=\"twitter:card\" content=\"summary_large_image\" \/>\n<meta name=\"twitter:label1\" content=\"Dur\u00e9e de lecture estim\u00e9e\" \/>\n\t<meta name=\"twitter:data1\" content=\"1 minute\" \/>\n<script type=\"application\/ld+json\" class=\"yoast-schema-graph\">{\"@context\":\"https:\\\/\\\/schema.org\",\"@graph\":[{\"@type\":\"WebPage\",\"@id\":\"https:\\\/\\\/www.respirelavie.fr\\\/rennes\\\/le-blog-bio\\\/\",\"url\":\"https:\\\/\\\/www.respirelavie.fr\\\/rennes\\\/le-blog-bio\\\/\",\"name\":\"Parenth\u00e8se Maison - Respire La Vie Rennes\",\"isPartOf\":{\"@id\":\"https:\\\/\\\/www.respirelavie.fr\\\/rennes\\\/#website\"},\"primaryImageOfPage\":{\"@id\":\"https:\\\/\\\/www.respirelavie.fr\\\/rennes\\\/le-blog-bio\\\/#primaryimage\"},\"image\":{\"@id\":\"https:\\\/\\\/www.respirelavie.fr\\\/rennes\\\/le-blog-bio\\\/#primaryimage\"},\"thumbnailUrl\":\"http:\\\/\\\/www.respirelavie.fr\\\/rennes\\\/wp-content\\\/uploads\\\/sites\\\/5\\\/2026\\\/01\\\/Logo-Parenthese-Maison-Jessy-300x300.jpeg\",\"datePublished\":\"2025-01-16T13:56:10+00:00\",\"dateModified\":\"2026-04-17T12:25:41+00:00\",\"description\":\"Bienvenue chez LeBlogBio.fr, anim\u00e9 par moi \u2013 Jessy \u2013 et vous-m\u00eame, contributeurs, commentateurs et lecteurs.\",\"breadcrumb\":{\"@id\":\"https:\\\/\\\/www.respirelavie.fr\\\/rennes\\\/le-blog-bio\\\/#breadcrumb\"},\"inLanguage\":\"fr-FR\",\"potentialAction\":[{\"@type\":\"ReadAction\",\"target\":[\"https:\\\/\\\/www.respirelavie.fr\\\/rennes\\\/le-blog-bio\\\/\"]}]},{\"@type\":\"ImageObject\",\"inLanguage\":\"fr-FR\",\"@id\":\"https:\\\/\\\/www.respirelavie.fr\\\/rennes\\\/le-blog-bio\\\/#primaryimage\",\"url\":\"https:\\\/\\\/www.respirelavie.fr\\\/rennes\\\/wp-content\\\/uploads\\\/sites\\\/5\\\/2026\\\/01\\\/Logo-Parenthese-Maison-Jessy.jpeg\",\"contentUrl\":\"https:\\\/\\\/www.respirelavie.fr\\\/rennes\\\/wp-content\\\/uploads\\\/sites\\\/5\\\/2026\\\/01\\\/Logo-Parenthese-Maison-Jessy.jpeg\",\"width\":1280,\"height\":1280},{\"@type\":\"BreadcrumbList\",\"@id\":\"https:\\\/\\\/www.respirelavie.fr\\\/rennes\\\/le-blog-bio\\\/#breadcrumb\",\"itemListElement\":[{\"@type\":\"ListItem\",\"position\":1,\"name\":\"Accueil\",\"item\":\"https:\\\/\\\/www.respirelavie.fr\\\/rennes\\\/\"},{\"@type\":\"ListItem\",\"position\":2,\"name\":\"Parenth\u00e8se Maison\"}]},{\"@type\":\"WebSite\",\"@id\":\"https:\\\/\\\/www.respirelavie.fr\\\/rennes\\\/#website\",\"url\":\"https:\\\/\\\/www.respirelavie.fr\\\/rennes\\\/\",\"name\":\"Respire La Vie Rennes\",\"description\":\"Respire La Vie Rennes : votre salon \u00e9colo, bio, bien-\u00eatre et habitat sain \u00e0 Rennes\",\"publisher\":{\"@id\":\"https:\\\/\\\/www.respirelavie.fr\\\/rennes\\\/#organization\"},\"potentialAction\":[{\"@type\":\"SearchAction\",\"target\":{\"@type\":\"EntryPoint\",\"urlTemplate\":\"https:\\\/\\\/www.respirelavie.fr\\\/rennes\\\/?s={search_term_string}\"},\"query-input\":{\"@type\":\"PropertyValueSpecification\",\"valueRequired\":true,\"valueName\":\"search_term_string\"}}],\"inLanguage\":\"fr-FR\"},{\"@type\":\"Organization\",\"@id\":\"https:\\\/\\\/www.respirelavie.fr\\\/rennes\\\/#organization\",\"name\":\"Respire La Vie Rennes\",\"url\":\"https:\\\/\\\/www.respirelavie.fr\\\/rennes\\\/\",\"logo\":{\"@type\":\"ImageObject\",\"inLanguage\":\"fr-FR\",\"@id\":\"https:\\\/\\\/www.respirelavie.fr\\\/rennes\\\/#\\\/schema\\\/logo\\\/image\\\/\",\"url\":\"https:\\\/\\\/www.respirelavie.fr\\\/rennes\\\/wp-content\\\/uploads\\\/sites\\\/5\\\/2025\\\/11\\\/cropped-Logo-RESPIRE-rennes-2026.png\",\"contentUrl\":\"https:\\\/\\\/www.respirelavie.fr\\\/rennes\\\/wp-content\\\/uploads\\\/sites\\\/5\\\/2025\\\/11\\\/cropped-Logo-RESPIRE-rennes-2026.png\",\"width\":921,\"height\":255,\"caption\":\"Respire La Vie Rennes\"},\"image\":{\"@id\":\"https:\\\/\\\/www.respirelavie.fr\\\/rennes\\\/#\\\/schema\\\/logo\\\/image\\\/\"}}]}<\/script>\n<!-- \/ Yoast SEO plugin. -->","yoast_head_json":{"title":"Parenth\u00e8se Maison - Respire La Vie Rennes","description":"Bienvenue chez LeBlogBio.fr, anim\u00e9 par moi \u2013 Jessy \u2013 et vous-m\u00eame, contributeurs, commentateurs et lecteurs.","robots":{"index":"index","follow":"follow","max-snippet":"max-snippet:-1","max-image-preview":"max-image-preview:large","max-video-preview":"max-video-preview:-1"},"canonical":"https:\/\/www.respirelavie.fr\/rennes\/le-blog-bio\/","og_locale":"fr_FR","og_type":"article","og_title":"Parenth\u00e8se Maison - Respire La Vie Rennes","og_description":"Bienvenue chez LeBlogBio.fr, anim\u00e9 par moi \u2013 Jessy \u2013 et vous-m\u00eame, contributeurs, commentateurs et lecteurs.","og_url":"https:\/\/www.respirelavie.fr\/rennes\/le-blog-bio\/","og_site_name":"Respire La Vie Rennes","article_modified_time":"2026-04-17T12:25:41+00:00","og_image":[{"url":"http:\/\/www.respirelavie.fr\/rennes\/wp-content\/uploads\/sites\/5\/2026\/01\/Logo-Parenthese-Maison-Jessy-300x300.jpeg","type":"","width":"","height":""}],"twitter_card":"summary_large_image","twitter_misc":{"Dur\u00e9e de lecture estim\u00e9e":"1 minute"},"schema":{"@context":"https:\/\/schema.org","@graph":[{"@type":"WebPage","@id":"https:\/\/www.respirelavie.fr\/rennes\/le-blog-bio\/","url":"https:\/\/www.respirelavie.fr\/rennes\/le-blog-bio\/","name":"Parenth\u00e8se Maison - Respire La Vie Rennes","isPartOf":{"@id":"https:\/\/www.respirelavie.fr\/rennes\/#website"},"primaryImageOfPage":{"@id":"https:\/\/www.respirelavie.fr\/rennes\/le-blog-bio\/#primaryimage"},"image":{"@id":"https:\/\/www.respirelavie.fr\/rennes\/le-blog-bio\/#primaryimage"},"thumbnailUrl":"http:\/\/www.respirelavie.fr\/rennes\/wp-content\/uploads\/sites\/5\/2026\/01\/Logo-Parenthese-Maison-Jessy-300x300.jpeg","datePublished":"2025-01-16T13:56:10+00:00","dateModified":"2026-04-17T12:25:41+00:00","description":"Bienvenue chez LeBlogBio.fr, anim\u00e9 par moi \u2013 Jessy \u2013 et vous-m\u00eame, contributeurs, commentateurs et lecteurs.","breadcrumb":{"@id":"https:\/\/www.respirelavie.fr\/rennes\/le-blog-bio\/#breadcrumb"},"inLanguage":"fr-FR","potentialAction":[{"@type":"ReadAction","target":["https:\/\/www.respirelavie.fr\/rennes\/le-blog-bio\/"]}]},{"@type":"ImageObject","inLanguage":"fr-FR","@id":"https:\/\/www.respirelavie.fr\/rennes\/le-blog-bio\/#primaryimage","url":"https:\/\/www.respirelavie.fr\/rennes\/wp-content\/uploads\/sites\/5\/2026\/01\/Logo-Parenthese-Maison-Jessy.jpeg","contentUrl":"https:\/\/www.respirelavie.fr\/rennes\/wp-content\/uploads\/sites\/5\/2026\/01\/Logo-Parenthese-Maison-Jessy.jpeg","width":1280,"height":1280},{"@type":"BreadcrumbList","@id":"https:\/\/www.respirelavie.fr\/rennes\/le-blog-bio\/#breadcrumb","itemListElement":[{"@type":"ListItem","position":1,"name":"Accueil","item":"https:\/\/www.respirelavie.fr\/rennes\/"},{"@type":"ListItem","position":2,"name":"Parenth\u00e8se Maison"}]},{"@type":"WebSite","@id":"https:\/\/www.respirelavie.fr\/rennes\/#website","url":"https:\/\/www.respirelavie.fr\/rennes\/","name":"Respire La Vie Rennes","description":"Respire La Vie Rennes : votre salon \u00e9colo, bio, bien-\u00eatre et habitat sain \u00e0 Rennes","publisher":{"@id":"https:\/\/www.respirelavie.fr\/rennes\/#organization"},"potentialAction":[{"@type":"SearchAction","target":{"@type":"EntryPoint","urlTemplate":"https:\/\/www.respirelavie.fr\/rennes\/?s={search_term_string}"},"query-input":{"@type":"PropertyValueSpecification","valueRequired":true,"valueName":"search_term_string"}}],"inLanguage":"fr-FR"},{"@type":"Organization","@id":"https:\/\/www.respirelavie.fr\/rennes\/#organization","name":"Respire La Vie Rennes","url":"https:\/\/www.respirelavie.fr\/rennes\/","logo":{"@type":"ImageObject","inLanguage":"fr-FR","@id":"https:\/\/www.respirelavie.fr\/rennes\/#\/schema\/logo\/image\/","url":"https:\/\/www.respirelavie.fr\/rennes\/wp-content\/uploads\/sites\/5\/2025\/11\/cropped-Logo-RESPIRE-rennes-2026.png","contentUrl":"https:\/\/www.respirelavie.fr\/rennes\/wp-content\/uploads\/sites\/5\/2025\/11\/cropped-Logo-RESPIRE-rennes-2026.png","width":921,"height":255,"caption":"Respire La Vie Rennes"},"image":{"@id":"https:\/\/www.respirelavie.fr\/rennes\/#\/schema\/logo\/image\/"}}]}},"_links":{"self":[{"href":"https:\/\/www.respirelavie.fr\/rennes\/wp-json\/wp\/v2\/pages\/11365","targetHints":{"allow":["GET"]}}],"collection":[{"href":"https:\/\/www.respirelavie.fr\/rennes\/wp-json\/wp\/v2\/pages"}],"about":[{"href":"https:\/\/www.respirelavie.fr\/rennes\/wp-json\/wp\/v2\/types\/page"}],"author":[{"embeddable":true,"href":"https:\/\/www.respirelavie.fr\/rennes\/wp-json\/wp\/v2\/users\/7"}],"replies":[{"embeddable":true,"href":"https:\/\/www.respirelavie.fr\/rennes\/wp-json\/wp\/v2\/comments?post=11365"}],"version-history":[{"count":6,"href":"https:\/\/www.respirelavie.fr\/rennes\/wp-json\/wp\/v2\/pages\/11365\/revisions"}],"predecessor-version":[{"id":13125,"href":"https:\/\/www.respirelavie.fr\/rennes\/wp-json\/wp\/v2\/pages\/11365\/revisions\/13125"}],"wp:attachment":[{"href":"https:\/\/www.respirelavie.fr\/rennes\/wp-json\/wp\/v2\/media?parent=11365"}],"curies":[{"name":"wp","href":"https:\/\/api.w.org\/{rel}","templated":true}]}}