{"id":12375,"date":"2025-11-27T14:36:48","date_gmt":"2025-11-27T13:36:48","guid":{"rendered":"https:\/\/www.respirelavie.fr\/rennes\/?page_id=12375"},"modified":"2025-11-27T14:36:48","modified_gmt":"2025-11-27T13:36:48","slug":"europe-2","status":"publish","type":"page","link":"https:\/\/www.respirelavie.fr\/rennes\/europe-2\/","title":{"rendered":"Europe 2"},"content":{"rendered":"<p><img decoding=\"async\" class=\"aligncenter\" src=\"http:\/\/www.respirelavie.fr\/rennes\/wp-content\/uploads\/sites\/5\/2025\/11\/LOGO-E2-POPRADIO-CARTOUCHEBLANC-RVB-scaled-3-300x165.png\" alt=\"\" width=\"300\" height=\"165\" \/><\/p>\n<p>Europe 2 est LA radio pop de r\u00e9f\u00e9rence.\u00a0Tous les jours, retrouvez les plus grands tubes du moment et les classiques des 20 derni\u00e8res ann\u00e9es.<\/p>\n<p>Proche et authentique, elle propose une exp\u00e9rience radio unique, profond\u00e9ment ancr\u00e9e dans la culture pop et toujours connect\u00e9e aux tendances actuelles.<\/p>\n<p>Chaque matin, de 7h \u00e0 11h c\u2019est Cauet et son \u00e9quipe qui vous r\u00e9veillent pour une \u00e9mission pens\u00e9e comme un show\u00a0m\u00ealant bonne humeur, rire et autod\u00e9rision.<\/p>\n<p>Retrouvez toutes les fr\u00e9quences d\u2019EUROPE 2 sur\u00a0<a href=\"http:\/\/www.europe2.fr\/\" target=\"_blank\" rel=\"noopener\">www.europe2.fr<\/a>. Vivez \u00e9galement l\u2019exp\u00e9rience Europe 2 en DAB + et sur l\u2019appli Europe2<\/p>\n<p>Visiter le\u00a0<a href=\"http:\/\/www.europe2.fr\/\" target=\"_blank\" rel=\"noopener\"><u>site internet<\/u><\/a><\/p>\n","protected":false},"excerpt":{"rendered":"<p>Europe 2 est LA radio pop de r\u00e9f\u00e9rence.\u00a0Tous les jours, retrouvez les plus grands tubes du moment et les classiques des 20 derni\u00e8res ann\u00e9es. Proche et authentique, elle propose une exp\u00e9rience radio unique, profond\u00e9ment ancr\u00e9e dans la culture pop et toujours connect\u00e9e aux tendances actuelles. Chaque matin, de 7h \u00e0 11h c\u2019est Cauet et son&hellip; <\/p>\n","protected":false},"author":5,"featured_media":0,"parent":0,"menu_order":0,"comment_status":"closed","ping_status":"closed","template":"","meta":{"_monsterinsights_skip_tracking":false,"_monsterinsights_sitenote_active":false,"_monsterinsights_sitenote_note":"","_monsterinsights_sitenote_category":0,"footnotes":""},"class_list":["post-12375","page","type-page","status-publish","hentry"],"yoast_head":"<!-- This site is optimized with the Yoast SEO plugin v27.3 - https:\/\/yoast.com\/product\/yoast-seo-wordpress\/ -->\n<title>Europe 2 - Respire La Vie Rennes<\/title>\n<meta name=\"robots\" content=\"index, follow, max-snippet:-1, max-image-preview:large, max-video-preview:-1\" \/>\n<link rel=\"canonical\" href=\"https:\/\/www.respirelavie.fr\/rennes\/europe-2\/\" \/>\n<meta property=\"og:locale\" content=\"fr_FR\" \/>\n<meta property=\"og:type\" content=\"article\" \/>\n<meta property=\"og:title\" content=\"Europe 2 - Respire La Vie Rennes\" \/>\n<meta property=\"og:description\" content=\"Europe 2 est LA radio pop de r\u00e9f\u00e9rence.\u00a0Tous les jours, retrouvez les plus grands tubes du moment et les classiques des 20 derni\u00e8res ann\u00e9es. Proche et authentique, elle propose une exp\u00e9rience radio unique, profond\u00e9ment ancr\u00e9e dans la culture pop et toujours connect\u00e9e aux tendances actuelles. Chaque matin, de 7h \u00e0 11h c\u2019est Cauet et son&hellip;\" \/>\n<meta property=\"og:url\" content=\"https:\/\/www.respirelavie.fr\/rennes\/europe-2\/\" \/>\n<meta property=\"og:site_name\" content=\"Respire La Vie Rennes\" \/>\n<meta property=\"og:image\" content=\"http:\/\/www.respirelavie.fr\/rennes\/wp-content\/uploads\/sites\/5\/2025\/11\/LOGO-E2-POPRADIO-CARTOUCHEBLANC-RVB-scaled-3-300x165.png\" \/>\n<meta name=\"twitter:card\" content=\"summary_large_image\" \/>\n<meta name=\"twitter:label1\" content=\"Dur\u00e9e de lecture estim\u00e9e\" \/>\n\t<meta name=\"twitter:data1\" content=\"1 minute\" \/>\n<script type=\"application\/ld+json\" class=\"yoast-schema-graph\">{\"@context\":\"https:\\\/\\\/schema.org\",\"@graph\":[{\"@type\":\"WebPage\",\"@id\":\"https:\\\/\\\/www.respirelavie.fr\\\/rennes\\\/europe-2\\\/\",\"url\":\"https:\\\/\\\/www.respirelavie.fr\\\/rennes\\\/europe-2\\\/\",\"name\":\"Europe 2 - Respire La Vie Rennes\",\"isPartOf\":{\"@id\":\"http:\\\/\\\/www.respirelavie.fr\\\/rennes\\\/#website\"},\"primaryImageOfPage\":{\"@id\":\"https:\\\/\\\/www.respirelavie.fr\\\/rennes\\\/europe-2\\\/#primaryimage\"},\"image\":{\"@id\":\"https:\\\/\\\/www.respirelavie.fr\\\/rennes\\\/europe-2\\\/#primaryimage\"},\"thumbnailUrl\":\"http:\\\/\\\/www.respirelavie.fr\\\/rennes\\\/wp-content\\\/uploads\\\/sites\\\/5\\\/2025\\\/11\\\/LOGO-E2-POPRADIO-CARTOUCHEBLANC-RVB-scaled-3-300x165.png\",\"datePublished\":\"2025-11-27T13:36:48+00:00\",\"breadcrumb\":{\"@id\":\"https:\\\/\\\/www.respirelavie.fr\\\/rennes\\\/europe-2\\\/#breadcrumb\"},\"inLanguage\":\"fr-FR\",\"potentialAction\":[{\"@type\":\"ReadAction\",\"target\":[\"https:\\\/\\\/www.respirelavie.fr\\\/rennes\\\/europe-2\\\/\"]}]},{\"@type\":\"ImageObject\",\"inLanguage\":\"fr-FR\",\"@id\":\"https:\\\/\\\/www.respirelavie.fr\\\/rennes\\\/europe-2\\\/#primaryimage\",\"url\":\"http:\\\/\\\/www.respirelavie.fr\\\/rennes\\\/wp-content\\\/uploads\\\/sites\\\/5\\\/2025\\\/11\\\/LOGO-E2-POPRADIO-CARTOUCHEBLANC-RVB-scaled-3-300x165.png\",\"contentUrl\":\"http:\\\/\\\/www.respirelavie.fr\\\/rennes\\\/wp-content\\\/uploads\\\/sites\\\/5\\\/2025\\\/11\\\/LOGO-E2-POPRADIO-CARTOUCHEBLANC-RVB-scaled-3-300x165.png\"},{\"@type\":\"BreadcrumbList\",\"@id\":\"https:\\\/\\\/www.respirelavie.fr\\\/rennes\\\/europe-2\\\/#breadcrumb\",\"itemListElement\":[{\"@type\":\"ListItem\",\"position\":1,\"name\":\"Accueil\",\"item\":\"https:\\\/\\\/www.respirelavie.fr\\\/rennes\\\/\"},{\"@type\":\"ListItem\",\"position\":2,\"name\":\"Europe 2\"}]},{\"@type\":\"WebSite\",\"@id\":\"http:\\\/\\\/www.respirelavie.fr\\\/rennes\\\/#website\",\"url\":\"http:\\\/\\\/www.respirelavie.fr\\\/rennes\\\/\",\"name\":\"Respire La Vie Rennes\",\"description\":\"Respire La Vie Rennes : votre salon \u00e9colo, bio, bien-\u00eatre et habitat sain \u00e0 Rennes\",\"publisher\":{\"@id\":\"http:\\\/\\\/www.respirelavie.fr\\\/rennes\\\/#organization\"},\"potentialAction\":[{\"@type\":\"SearchAction\",\"target\":{\"@type\":\"EntryPoint\",\"urlTemplate\":\"http:\\\/\\\/www.respirelavie.fr\\\/rennes\\\/?s={search_term_string}\"},\"query-input\":{\"@type\":\"PropertyValueSpecification\",\"valueRequired\":true,\"valueName\":\"search_term_string\"}}],\"inLanguage\":\"fr-FR\"},{\"@type\":\"Organization\",\"@id\":\"http:\\\/\\\/www.respirelavie.fr\\\/rennes\\\/#organization\",\"name\":\"Respire La Vie Rennes\",\"url\":\"http:\\\/\\\/www.respirelavie.fr\\\/rennes\\\/\",\"logo\":{\"@type\":\"ImageObject\",\"inLanguage\":\"fr-FR\",\"@id\":\"http:\\\/\\\/www.respirelavie.fr\\\/rennes\\\/#\\\/schema\\\/logo\\\/image\\\/\",\"url\":\"https:\\\/\\\/www.respirelavie.fr\\\/rennes\\\/wp-content\\\/uploads\\\/sites\\\/5\\\/2025\\\/11\\\/cropped-Logo-RESPIRE-rennes-2026.png\",\"contentUrl\":\"https:\\\/\\\/www.respirelavie.fr\\\/rennes\\\/wp-content\\\/uploads\\\/sites\\\/5\\\/2025\\\/11\\\/cropped-Logo-RESPIRE-rennes-2026.png\",\"width\":921,\"height\":255,\"caption\":\"Respire La Vie Rennes\"},\"image\":{\"@id\":\"http:\\\/\\\/www.respirelavie.fr\\\/rennes\\\/#\\\/schema\\\/logo\\\/image\\\/\"}}]}<\/script>\n<!-- \/ Yoast SEO plugin. -->","yoast_head_json":{"title":"Europe 2 - Respire La Vie Rennes","robots":{"index":"index","follow":"follow","max-snippet":"max-snippet:-1","max-image-preview":"max-image-preview:large","max-video-preview":"max-video-preview:-1"},"canonical":"https:\/\/www.respirelavie.fr\/rennes\/europe-2\/","og_locale":"fr_FR","og_type":"article","og_title":"Europe 2 - Respire La Vie Rennes","og_description":"Europe 2 est LA radio pop de r\u00e9f\u00e9rence.\u00a0Tous les jours, retrouvez les plus grands tubes du moment et les classiques des 20 derni\u00e8res ann\u00e9es. Proche et authentique, elle propose une exp\u00e9rience radio unique, profond\u00e9ment ancr\u00e9e dans la culture pop et toujours connect\u00e9e aux tendances actuelles. Chaque matin, de 7h \u00e0 11h c\u2019est Cauet et son&hellip;","og_url":"https:\/\/www.respirelavie.fr\/rennes\/europe-2\/","og_site_name":"Respire La Vie Rennes","og_image":[{"url":"http:\/\/www.respirelavie.fr\/rennes\/wp-content\/uploads\/sites\/5\/2025\/11\/LOGO-E2-POPRADIO-CARTOUCHEBLANC-RVB-scaled-3-300x165.png","type":"","width":"","height":""}],"twitter_card":"summary_large_image","twitter_misc":{"Dur\u00e9e de lecture estim\u00e9e":"1 minute"},"schema":{"@context":"https:\/\/schema.org","@graph":[{"@type":"WebPage","@id":"https:\/\/www.respirelavie.fr\/rennes\/europe-2\/","url":"https:\/\/www.respirelavie.fr\/rennes\/europe-2\/","name":"Europe 2 - Respire La Vie Rennes","isPartOf":{"@id":"http:\/\/www.respirelavie.fr\/rennes\/#website"},"primaryImageOfPage":{"@id":"https:\/\/www.respirelavie.fr\/rennes\/europe-2\/#primaryimage"},"image":{"@id":"https:\/\/www.respirelavie.fr\/rennes\/europe-2\/#primaryimage"},"thumbnailUrl":"http:\/\/www.respirelavie.fr\/rennes\/wp-content\/uploads\/sites\/5\/2025\/11\/LOGO-E2-POPRADIO-CARTOUCHEBLANC-RVB-scaled-3-300x165.png","datePublished":"2025-11-27T13:36:48+00:00","breadcrumb":{"@id":"https:\/\/www.respirelavie.fr\/rennes\/europe-2\/#breadcrumb"},"inLanguage":"fr-FR","potentialAction":[{"@type":"ReadAction","target":["https:\/\/www.respirelavie.fr\/rennes\/europe-2\/"]}]},{"@type":"ImageObject","inLanguage":"fr-FR","@id":"https:\/\/www.respirelavie.fr\/rennes\/europe-2\/#primaryimage","url":"http:\/\/www.respirelavie.fr\/rennes\/wp-content\/uploads\/sites\/5\/2025\/11\/LOGO-E2-POPRADIO-CARTOUCHEBLANC-RVB-scaled-3-300x165.png","contentUrl":"http:\/\/www.respirelavie.fr\/rennes\/wp-content\/uploads\/sites\/5\/2025\/11\/LOGO-E2-POPRADIO-CARTOUCHEBLANC-RVB-scaled-3-300x165.png"},{"@type":"BreadcrumbList","@id":"https:\/\/www.respirelavie.fr\/rennes\/europe-2\/#breadcrumb","itemListElement":[{"@type":"ListItem","position":1,"name":"Accueil","item":"https:\/\/www.respirelavie.fr\/rennes\/"},{"@type":"ListItem","position":2,"name":"Europe 2"}]},{"@type":"WebSite","@id":"http:\/\/www.respirelavie.fr\/rennes\/#website","url":"http:\/\/www.respirelavie.fr\/rennes\/","name":"Respire La Vie Rennes","description":"Respire La Vie Rennes : votre salon \u00e9colo, bio, bien-\u00eatre et habitat sain \u00e0 Rennes","publisher":{"@id":"http:\/\/www.respirelavie.fr\/rennes\/#organization"},"potentialAction":[{"@type":"SearchAction","target":{"@type":"EntryPoint","urlTemplate":"http:\/\/www.respirelavie.fr\/rennes\/?s={search_term_string}"},"query-input":{"@type":"PropertyValueSpecification","valueRequired":true,"valueName":"search_term_string"}}],"inLanguage":"fr-FR"},{"@type":"Organization","@id":"http:\/\/www.respirelavie.fr\/rennes\/#organization","name":"Respire La Vie Rennes","url":"http:\/\/www.respirelavie.fr\/rennes\/","logo":{"@type":"ImageObject","inLanguage":"fr-FR","@id":"http:\/\/www.respirelavie.fr\/rennes\/#\/schema\/logo\/image\/","url":"https:\/\/www.respirelavie.fr\/rennes\/wp-content\/uploads\/sites\/5\/2025\/11\/cropped-Logo-RESPIRE-rennes-2026.png","contentUrl":"https:\/\/www.respirelavie.fr\/rennes\/wp-content\/uploads\/sites\/5\/2025\/11\/cropped-Logo-RESPIRE-rennes-2026.png","width":921,"height":255,"caption":"Respire La Vie Rennes"},"image":{"@id":"http:\/\/www.respirelavie.fr\/rennes\/#\/schema\/logo\/image\/"}}]}},"_links":{"self":[{"href":"https:\/\/www.respirelavie.fr\/rennes\/wp-json\/wp\/v2\/pages\/12375","targetHints":{"allow":["GET"]}}],"collection":[{"href":"https:\/\/www.respirelavie.fr\/rennes\/wp-json\/wp\/v2\/pages"}],"about":[{"href":"https:\/\/www.respirelavie.fr\/rennes\/wp-json\/wp\/v2\/types\/page"}],"author":[{"embeddable":true,"href":"https:\/\/www.respirelavie.fr\/rennes\/wp-json\/wp\/v2\/users\/5"}],"replies":[{"embeddable":true,"href":"https:\/\/www.respirelavie.fr\/rennes\/wp-json\/wp\/v2\/comments?post=12375"}],"version-history":[{"count":8,"href":"https:\/\/www.respirelavie.fr\/rennes\/wp-json\/wp\/v2\/pages\/12375\/revisions"}],"predecessor-version":[{"id":12384,"href":"https:\/\/www.respirelavie.fr\/rennes\/wp-json\/wp\/v2\/pages\/12375\/revisions\/12384"}],"wp:attachment":[{"href":"https:\/\/www.respirelavie.fr\/rennes\/wp-json\/wp\/v2\/media?parent=12375"}],"curies":[{"name":"wp","href":"https:\/\/api.w.org\/{rel}","templated":true}]}}