{"id":12394,"date":"2025-11-27T15:02:07","date_gmt":"2025-11-27T14:02:07","guid":{"rendered":"https:\/\/www.respirelavie.fr\/rennes\/?page_id=12394"},"modified":"2025-11-27T15:02:07","modified_gmt":"2025-11-27T14:02:07","slug":"seniors-actuels","status":"publish","type":"page","link":"https:\/\/www.respirelavie.fr\/rennes\/seniors-actuels\/","title":{"rendered":"Seniors Actuels"},"content":{"rendered":"<p data-start=\"185\" data-end=\"434\"><img decoding=\"async\" class=\"size-medium wp-image-12368 aligncenter\" src=\"http:\/\/www.respirelavie.fr\/rennes\/wp-content\/uploads\/sites\/5\/2025\/11\/cropped-logo-senior-actuel-1-1024x255-1-1-1-300x75.png\" alt=\"\" width=\"300\" height=\"75\" srcset=\"https:\/\/www.respirelavie.fr\/rennes\/wp-content\/uploads\/sites\/5\/2025\/11\/cropped-logo-senior-actuel-1-1024x255-1-1-1-300x75.png 300w, https:\/\/www.respirelavie.fr\/rennes\/wp-content\/uploads\/sites\/5\/2025\/11\/cropped-logo-senior-actuel-1-1024x255-1-1-1-768x191.png 768w, https:\/\/www.respirelavie.fr\/rennes\/wp-content\/uploads\/sites\/5\/2025\/11\/cropped-logo-senior-actuel-1-1024x255-1-1-1-150x37.png 150w, https:\/\/www.respirelavie.fr\/rennes\/wp-content\/uploads\/sites\/5\/2025\/11\/cropped-logo-senior-actuel-1-1024x255-1-1-1-500x125.png 500w, https:\/\/www.respirelavie.fr\/rennes\/wp-content\/uploads\/sites\/5\/2025\/11\/cropped-logo-senior-actuel-1-1024x255-1-1-1.png 1024w\" sizes=\"(max-width: 300px) 100vw, 300px\" \/><\/p>\n<p data-start=\"185\" data-end=\"434\">Seniors Actuels est un magazine d\u00e9di\u00e9 aux plus de 50 ans, actifs, curieux et bien ancr\u00e9s dans leur \u00e9poque. Il s\u2019adresse \u00e0 une g\u00e9n\u00e9ration de seniors modernes, dynamiques, et en qu\u00eate d\u2019inspiration pour vivre pleinement cette nouvelle \u00e9tape de vie.<\/p>\n<p data-start=\"436\" data-end=\"719\">Chaque num\u00e9ro propose des contenus vari\u00e9s autour du bien-\u00eatre, de la sant\u00e9, des voyages, de la culture, des finances et des nouvelles technologies. Interviews, dossiers pratiques, conseils et t\u00e9moignages donnent la parole \u00e0 ceux qui r\u00e9inventent la retraite avec \u00e9nergie et optimisme.<\/p>\n<p data-start=\"721\" data-end=\"880\">Plus qu\u2019un simple magazine, Seniors Actuels est un compagnon de vie, qui valorise l\u2019exp\u00e9rience, l\u2019autonomie et la libert\u00e9 d\u2019esprit des seniors d\u2019aujourd\u2019hui.<\/p>\n<p data-start=\"721\" data-end=\"880\">Visiter le\u00a0<a href=\"https:\/\/seniorsactuels.com\/\" target=\"_blank\" rel=\"noopener\">site internet<\/a><\/p>\n","protected":false},"excerpt":{"rendered":"<p>Seniors Actuels est un magazine d\u00e9di\u00e9 aux plus de 50 ans, actifs, curieux et bien ancr\u00e9s dans leur \u00e9poque. Il s\u2019adresse \u00e0 une g\u00e9n\u00e9ration de seniors modernes, dynamiques, et en qu\u00eate d\u2019inspiration pour vivre pleinement cette nouvelle \u00e9tape de vie. Chaque num\u00e9ro propose des contenus vari\u00e9s autour du bien-\u00eatre, de la sant\u00e9, des voyages, de&hellip; <\/p>\n","protected":false},"author":5,"featured_media":0,"parent":0,"menu_order":0,"comment_status":"closed","ping_status":"closed","template":"","meta":{"_monsterinsights_skip_tracking":false,"_monsterinsights_sitenote_active":false,"_monsterinsights_sitenote_note":"","_monsterinsights_sitenote_category":0,"footnotes":""},"class_list":["post-12394","page","type-page","status-publish","hentry"],"yoast_head":"<!-- This site is optimized with the Yoast SEO plugin v27.3 - https:\/\/yoast.com\/product\/yoast-seo-wordpress\/ -->\n<title>Seniors Actuels - Respire La Vie Rennes<\/title>\n<meta name=\"robots\" content=\"index, follow, max-snippet:-1, max-image-preview:large, max-video-preview:-1\" \/>\n<link rel=\"canonical\" href=\"https:\/\/www.respirelavie.fr\/rennes\/seniors-actuels\/\" \/>\n<meta property=\"og:locale\" content=\"fr_FR\" \/>\n<meta property=\"og:type\" content=\"article\" \/>\n<meta property=\"og:title\" content=\"Seniors Actuels - Respire La Vie Rennes\" \/>\n<meta property=\"og:description\" content=\"Seniors Actuels est un magazine d\u00e9di\u00e9 aux plus de 50 ans, actifs, curieux et bien ancr\u00e9s dans leur \u00e9poque. Il s\u2019adresse \u00e0 une g\u00e9n\u00e9ration de seniors modernes, dynamiques, et en qu\u00eate d\u2019inspiration pour vivre pleinement cette nouvelle \u00e9tape de vie. Chaque num\u00e9ro propose des contenus vari\u00e9s autour du bien-\u00eatre, de la sant\u00e9, des voyages, de&hellip;\" \/>\n<meta property=\"og:url\" content=\"https:\/\/www.respirelavie.fr\/rennes\/seniors-actuels\/\" \/>\n<meta property=\"og:site_name\" content=\"Respire La Vie Rennes\" \/>\n<meta property=\"og:image\" content=\"http:\/\/www.respirelavie.fr\/rennes\/wp-content\/uploads\/sites\/5\/2025\/11\/cropped-logo-senior-actuel-1-1024x255-1-1-1-300x75.png\" \/>\n<meta name=\"twitter:card\" content=\"summary_large_image\" \/>\n<meta name=\"twitter:label1\" content=\"Dur\u00e9e de lecture estim\u00e9e\" \/>\n\t<meta name=\"twitter:data1\" content=\"1 minute\" \/>\n<script type=\"application\/ld+json\" class=\"yoast-schema-graph\">{\"@context\":\"https:\\\/\\\/schema.org\",\"@graph\":[{\"@type\":\"WebPage\",\"@id\":\"https:\\\/\\\/www.respirelavie.fr\\\/rennes\\\/seniors-actuels\\\/\",\"url\":\"https:\\\/\\\/www.respirelavie.fr\\\/rennes\\\/seniors-actuels\\\/\",\"name\":\"Seniors Actuels - Respire La Vie Rennes\",\"isPartOf\":{\"@id\":\"http:\\\/\\\/www.respirelavie.fr\\\/rennes\\\/#website\"},\"primaryImageOfPage\":{\"@id\":\"https:\\\/\\\/www.respirelavie.fr\\\/rennes\\\/seniors-actuels\\\/#primaryimage\"},\"image\":{\"@id\":\"https:\\\/\\\/www.respirelavie.fr\\\/rennes\\\/seniors-actuels\\\/#primaryimage\"},\"thumbnailUrl\":\"http:\\\/\\\/www.respirelavie.fr\\\/rennes\\\/wp-content\\\/uploads\\\/sites\\\/5\\\/2025\\\/11\\\/cropped-logo-senior-actuel-1-1024x255-1-1-1-300x75.png\",\"datePublished\":\"2025-11-27T14:02:07+00:00\",\"breadcrumb\":{\"@id\":\"https:\\\/\\\/www.respirelavie.fr\\\/rennes\\\/seniors-actuels\\\/#breadcrumb\"},\"inLanguage\":\"fr-FR\",\"potentialAction\":[{\"@type\":\"ReadAction\",\"target\":[\"https:\\\/\\\/www.respirelavie.fr\\\/rennes\\\/seniors-actuels\\\/\"]}]},{\"@type\":\"ImageObject\",\"inLanguage\":\"fr-FR\",\"@id\":\"https:\\\/\\\/www.respirelavie.fr\\\/rennes\\\/seniors-actuels\\\/#primaryimage\",\"url\":\"https:\\\/\\\/www.respirelavie.fr\\\/rennes\\\/wp-content\\\/uploads\\\/sites\\\/5\\\/2025\\\/11\\\/cropped-logo-senior-actuel-1-1024x255-1-1-1.png\",\"contentUrl\":\"https:\\\/\\\/www.respirelavie.fr\\\/rennes\\\/wp-content\\\/uploads\\\/sites\\\/5\\\/2025\\\/11\\\/cropped-logo-senior-actuel-1-1024x255-1-1-1.png\",\"width\":1024,\"height\":255},{\"@type\":\"BreadcrumbList\",\"@id\":\"https:\\\/\\\/www.respirelavie.fr\\\/rennes\\\/seniors-actuels\\\/#breadcrumb\",\"itemListElement\":[{\"@type\":\"ListItem\",\"position\":1,\"name\":\"Accueil\",\"item\":\"https:\\\/\\\/www.respirelavie.fr\\\/rennes\\\/\"},{\"@type\":\"ListItem\",\"position\":2,\"name\":\"Seniors Actuels\"}]},{\"@type\":\"WebSite\",\"@id\":\"http:\\\/\\\/www.respirelavie.fr\\\/rennes\\\/#website\",\"url\":\"http:\\\/\\\/www.respirelavie.fr\\\/rennes\\\/\",\"name\":\"Respire La Vie Rennes\",\"description\":\"Respire La Vie Rennes : votre salon \u00e9colo, bio, bien-\u00eatre et habitat sain \u00e0 Rennes\",\"publisher\":{\"@id\":\"http:\\\/\\\/www.respirelavie.fr\\\/rennes\\\/#organization\"},\"potentialAction\":[{\"@type\":\"SearchAction\",\"target\":{\"@type\":\"EntryPoint\",\"urlTemplate\":\"http:\\\/\\\/www.respirelavie.fr\\\/rennes\\\/?s={search_term_string}\"},\"query-input\":{\"@type\":\"PropertyValueSpecification\",\"valueRequired\":true,\"valueName\":\"search_term_string\"}}],\"inLanguage\":\"fr-FR\"},{\"@type\":\"Organization\",\"@id\":\"http:\\\/\\\/www.respirelavie.fr\\\/rennes\\\/#organization\",\"name\":\"Respire La Vie Rennes\",\"url\":\"http:\\\/\\\/www.respirelavie.fr\\\/rennes\\\/\",\"logo\":{\"@type\":\"ImageObject\",\"inLanguage\":\"fr-FR\",\"@id\":\"http:\\\/\\\/www.respirelavie.fr\\\/rennes\\\/#\\\/schema\\\/logo\\\/image\\\/\",\"url\":\"https:\\\/\\\/www.respirelavie.fr\\\/rennes\\\/wp-content\\\/uploads\\\/sites\\\/5\\\/2025\\\/11\\\/cropped-Logo-RESPIRE-rennes-2026.png\",\"contentUrl\":\"https:\\\/\\\/www.respirelavie.fr\\\/rennes\\\/wp-content\\\/uploads\\\/sites\\\/5\\\/2025\\\/11\\\/cropped-Logo-RESPIRE-rennes-2026.png\",\"width\":921,\"height\":255,\"caption\":\"Respire La Vie Rennes\"},\"image\":{\"@id\":\"http:\\\/\\\/www.respirelavie.fr\\\/rennes\\\/#\\\/schema\\\/logo\\\/image\\\/\"}}]}<\/script>\n<!-- \/ Yoast SEO plugin. -->","yoast_head_json":{"title":"Seniors Actuels - Respire La Vie Rennes","robots":{"index":"index","follow":"follow","max-snippet":"max-snippet:-1","max-image-preview":"max-image-preview:large","max-video-preview":"max-video-preview:-1"},"canonical":"https:\/\/www.respirelavie.fr\/rennes\/seniors-actuels\/","og_locale":"fr_FR","og_type":"article","og_title":"Seniors Actuels - Respire La Vie Rennes","og_description":"Seniors Actuels est un magazine d\u00e9di\u00e9 aux plus de 50 ans, actifs, curieux et bien ancr\u00e9s dans leur \u00e9poque. Il s\u2019adresse \u00e0 une g\u00e9n\u00e9ration de seniors modernes, dynamiques, et en qu\u00eate d\u2019inspiration pour vivre pleinement cette nouvelle \u00e9tape de vie. Chaque num\u00e9ro propose des contenus vari\u00e9s autour du bien-\u00eatre, de la sant\u00e9, des voyages, de&hellip;","og_url":"https:\/\/www.respirelavie.fr\/rennes\/seniors-actuels\/","og_site_name":"Respire La Vie Rennes","og_image":[{"url":"http:\/\/www.respirelavie.fr\/rennes\/wp-content\/uploads\/sites\/5\/2025\/11\/cropped-logo-senior-actuel-1-1024x255-1-1-1-300x75.png","type":"","width":"","height":""}],"twitter_card":"summary_large_image","twitter_misc":{"Dur\u00e9e de lecture estim\u00e9e":"1 minute"},"schema":{"@context":"https:\/\/schema.org","@graph":[{"@type":"WebPage","@id":"https:\/\/www.respirelavie.fr\/rennes\/seniors-actuels\/","url":"https:\/\/www.respirelavie.fr\/rennes\/seniors-actuels\/","name":"Seniors Actuels - Respire La Vie Rennes","isPartOf":{"@id":"http:\/\/www.respirelavie.fr\/rennes\/#website"},"primaryImageOfPage":{"@id":"https:\/\/www.respirelavie.fr\/rennes\/seniors-actuels\/#primaryimage"},"image":{"@id":"https:\/\/www.respirelavie.fr\/rennes\/seniors-actuels\/#primaryimage"},"thumbnailUrl":"http:\/\/www.respirelavie.fr\/rennes\/wp-content\/uploads\/sites\/5\/2025\/11\/cropped-logo-senior-actuel-1-1024x255-1-1-1-300x75.png","datePublished":"2025-11-27T14:02:07+00:00","breadcrumb":{"@id":"https:\/\/www.respirelavie.fr\/rennes\/seniors-actuels\/#breadcrumb"},"inLanguage":"fr-FR","potentialAction":[{"@type":"ReadAction","target":["https:\/\/www.respirelavie.fr\/rennes\/seniors-actuels\/"]}]},{"@type":"ImageObject","inLanguage":"fr-FR","@id":"https:\/\/www.respirelavie.fr\/rennes\/seniors-actuels\/#primaryimage","url":"https:\/\/www.respirelavie.fr\/rennes\/wp-content\/uploads\/sites\/5\/2025\/11\/cropped-logo-senior-actuel-1-1024x255-1-1-1.png","contentUrl":"https:\/\/www.respirelavie.fr\/rennes\/wp-content\/uploads\/sites\/5\/2025\/11\/cropped-logo-senior-actuel-1-1024x255-1-1-1.png","width":1024,"height":255},{"@type":"BreadcrumbList","@id":"https:\/\/www.respirelavie.fr\/rennes\/seniors-actuels\/#breadcrumb","itemListElement":[{"@type":"ListItem","position":1,"name":"Accueil","item":"https:\/\/www.respirelavie.fr\/rennes\/"},{"@type":"ListItem","position":2,"name":"Seniors Actuels"}]},{"@type":"WebSite","@id":"http:\/\/www.respirelavie.fr\/rennes\/#website","url":"http:\/\/www.respirelavie.fr\/rennes\/","name":"Respire La Vie Rennes","description":"Respire La Vie Rennes : votre salon \u00e9colo, bio, bien-\u00eatre et habitat sain \u00e0 Rennes","publisher":{"@id":"http:\/\/www.respirelavie.fr\/rennes\/#organization"},"potentialAction":[{"@type":"SearchAction","target":{"@type":"EntryPoint","urlTemplate":"http:\/\/www.respirelavie.fr\/rennes\/?s={search_term_string}"},"query-input":{"@type":"PropertyValueSpecification","valueRequired":true,"valueName":"search_term_string"}}],"inLanguage":"fr-FR"},{"@type":"Organization","@id":"http:\/\/www.respirelavie.fr\/rennes\/#organization","name":"Respire La Vie Rennes","url":"http:\/\/www.respirelavie.fr\/rennes\/","logo":{"@type":"ImageObject","inLanguage":"fr-FR","@id":"http:\/\/www.respirelavie.fr\/rennes\/#\/schema\/logo\/image\/","url":"https:\/\/www.respirelavie.fr\/rennes\/wp-content\/uploads\/sites\/5\/2025\/11\/cropped-Logo-RESPIRE-rennes-2026.png","contentUrl":"https:\/\/www.respirelavie.fr\/rennes\/wp-content\/uploads\/sites\/5\/2025\/11\/cropped-Logo-RESPIRE-rennes-2026.png","width":921,"height":255,"caption":"Respire La Vie Rennes"},"image":{"@id":"http:\/\/www.respirelavie.fr\/rennes\/#\/schema\/logo\/image\/"}}]}},"_links":{"self":[{"href":"https:\/\/www.respirelavie.fr\/rennes\/wp-json\/wp\/v2\/pages\/12394","targetHints":{"allow":["GET"]}}],"collection":[{"href":"https:\/\/www.respirelavie.fr\/rennes\/wp-json\/wp\/v2\/pages"}],"about":[{"href":"https:\/\/www.respirelavie.fr\/rennes\/wp-json\/wp\/v2\/types\/page"}],"author":[{"embeddable":true,"href":"https:\/\/www.respirelavie.fr\/rennes\/wp-json\/wp\/v2\/users\/5"}],"replies":[{"embeddable":true,"href":"https:\/\/www.respirelavie.fr\/rennes\/wp-json\/wp\/v2\/comments?post=12394"}],"version-history":[{"count":1,"href":"https:\/\/www.respirelavie.fr\/rennes\/wp-json\/wp\/v2\/pages\/12394\/revisions"}],"predecessor-version":[{"id":12395,"href":"https:\/\/www.respirelavie.fr\/rennes\/wp-json\/wp\/v2\/pages\/12394\/revisions\/12395"}],"wp:attachment":[{"href":"https:\/\/www.respirelavie.fr\/rennes\/wp-json\/wp\/v2\/media?parent=12394"}],"curies":[{"name":"wp","href":"https:\/\/api.w.org\/{rel}","templated":true}]}}