{"id":12397,"date":"2025-11-27T15:05:18","date_gmt":"2025-11-27T14:05:18","guid":{"rendered":"https:\/\/www.respirelavie.fr\/rennes\/?page_id=12397"},"modified":"2025-11-27T15:06:22","modified_gmt":"2025-11-27T14:06:22","slug":"top-maman","status":"publish","type":"page","link":"https:\/\/www.respirelavie.fr\/rennes\/top-maman\/","title":{"rendered":"Top Maman"},"content":{"rendered":"<div id=\"primary\">\n<article id=\"post-12387\" class=\"post-12387 post type-post status-publish format-standard hentry category-non-classe\">\n<div class=\"entry-content clearfix\">\n<p><span class=\"outlook-search-highlight\" data-markjs=\"true\"><img fetchpriority=\"high\" decoding=\"async\" class=\"size-medium wp-image-12369 aligncenter\" src=\"http:\/\/www.respirelavie.fr\/rennes\/wp-content\/uploads\/sites\/5\/2025\/11\/Capture-decran-2025-07-17-a-10.44.53-2-300x260.png\" sizes=\"(max-width: 300px) 100vw, 300px\" srcset=\"https:\/\/www.respirelavie.fr\/rennes\/wp-content\/uploads\/sites\/5\/2025\/11\/Capture-decran-2025-07-17-a-10.44.53-2-300x260.png 300w, https:\/\/www.respirelavie.fr\/rennes\/wp-content\/uploads\/sites\/5\/2025\/11\/Capture-decran-2025-07-17-a-10.44.53-2-768x666.png 768w, https:\/\/www.respirelavie.fr\/rennes\/wp-content\/uploads\/sites\/5\/2025\/11\/Capture-decran-2025-07-17-a-10.44.53-2-150x130.png 150w, https:\/\/www.respirelavie.fr\/rennes\/wp-content\/uploads\/sites\/5\/2025\/11\/Capture-decran-2025-07-17-a-10.44.53-2-500x433.png 500w, https:\/\/www.respirelavie.fr\/rennes\/wp-content\/uploads\/sites\/5\/2025\/11\/Capture-decran-2025-07-17-a-10.44.53-2.png 894w\" alt=\"\" width=\"300\" height=\"260\" \/>Top Maman, c\u2019est bien plus qu\u2019un simple magazine : c\u2019est un v\u00e9ritable compagnon du quotidien pour les femmes qui jonglent entre maternit\u00e9, vie personnelle et professionnelle. Chaque num\u00e9ro propose des contenus pens\u00e9s pour r\u00e9pondre aux besoins r\u00e9els des mamans, qu\u2019elles soient en attente de b\u00e9b\u00e9, jeunes parents ou d\u00e9j\u00e0 exp\u00e9riment\u00e9es.<\/span><\/p>\n<p>Visiter le\u00a0<a href=\"https:\/\/topmaman.fr\/\" target=\"_blank\" rel=\"noopener\">site internet<\/a><\/p>\n<\/div>\n<\/article>\n<p>&nbsp;<\/p>\n<\/div>\n","protected":false},"excerpt":{"rendered":"<p>Top Maman, c\u2019est bien plus qu\u2019un simple magazine : c\u2019est un v\u00e9ritable compagnon du quotidien pour les femmes qui jonglent entre maternit\u00e9, vie personnelle et professionnelle. Chaque num\u00e9ro propose des contenus pens\u00e9s pour r\u00e9pondre aux besoins r\u00e9els des mamans, qu\u2019elles soient en attente de b\u00e9b\u00e9, jeunes parents ou d\u00e9j\u00e0 exp\u00e9riment\u00e9es. Visiter le\u00a0site internet &nbsp;<\/p>\n","protected":false},"author":5,"featured_media":0,"parent":0,"menu_order":0,"comment_status":"closed","ping_status":"closed","template":"","meta":{"_monsterinsights_skip_tracking":false,"_monsterinsights_sitenote_active":false,"_monsterinsights_sitenote_note":"","_monsterinsights_sitenote_category":0,"footnotes":""},"class_list":["post-12397","page","type-page","status-publish","hentry"],"yoast_head":"<!-- This site is optimized with the Yoast SEO plugin v27.3 - https:\/\/yoast.com\/product\/yoast-seo-wordpress\/ -->\n<title>Top Maman - Respire La Vie Rennes<\/title>\n<meta name=\"robots\" content=\"index, follow, max-snippet:-1, max-image-preview:large, max-video-preview:-1\" \/>\n<link rel=\"canonical\" href=\"https:\/\/www.respirelavie.fr\/rennes\/top-maman\/\" \/>\n<meta property=\"og:locale\" content=\"fr_FR\" \/>\n<meta property=\"og:type\" content=\"article\" \/>\n<meta property=\"og:title\" content=\"Top Maman - Respire La Vie Rennes\" \/>\n<meta property=\"og:description\" content=\"Top Maman, c\u2019est bien plus qu\u2019un simple magazine : c\u2019est un v\u00e9ritable compagnon du quotidien pour les femmes qui jonglent entre maternit\u00e9, vie personnelle et professionnelle. Chaque num\u00e9ro propose des contenus pens\u00e9s pour r\u00e9pondre aux besoins r\u00e9els des mamans, qu\u2019elles soient en attente de b\u00e9b\u00e9, jeunes parents ou d\u00e9j\u00e0 exp\u00e9riment\u00e9es. Visiter le\u00a0site internet &nbsp;\" \/>\n<meta property=\"og:url\" content=\"https:\/\/www.respirelavie.fr\/rennes\/top-maman\/\" \/>\n<meta property=\"og:site_name\" content=\"Respire La Vie Rennes\" \/>\n<meta property=\"article:modified_time\" content=\"2025-11-27T14:06:22+00:00\" \/>\n<meta property=\"og:image\" content=\"http:\/\/www.respirelavie.fr\/rennes\/wp-content\/uploads\/sites\/5\/2025\/11\/Capture-decran-2025-07-17-a-10.44.53-2-300x260.png\" \/>\n<meta name=\"twitter:card\" content=\"summary_large_image\" \/>\n<meta name=\"twitter:label1\" content=\"Dur\u00e9e de lecture estim\u00e9e\" \/>\n\t<meta name=\"twitter:data1\" content=\"1 minute\" \/>\n<script type=\"application\/ld+json\" class=\"yoast-schema-graph\">{\"@context\":\"https:\\\/\\\/schema.org\",\"@graph\":[{\"@type\":\"WebPage\",\"@id\":\"https:\\\/\\\/www.respirelavie.fr\\\/rennes\\\/top-maman\\\/\",\"url\":\"https:\\\/\\\/www.respirelavie.fr\\\/rennes\\\/top-maman\\\/\",\"name\":\"Top Maman - Respire La Vie Rennes\",\"isPartOf\":{\"@id\":\"http:\\\/\\\/www.respirelavie.fr\\\/rennes\\\/#website\"},\"primaryImageOfPage\":{\"@id\":\"https:\\\/\\\/www.respirelavie.fr\\\/rennes\\\/top-maman\\\/#primaryimage\"},\"image\":{\"@id\":\"https:\\\/\\\/www.respirelavie.fr\\\/rennes\\\/top-maman\\\/#primaryimage\"},\"thumbnailUrl\":\"http:\\\/\\\/www.respirelavie.fr\\\/rennes\\\/wp-content\\\/uploads\\\/sites\\\/5\\\/2025\\\/11\\\/Capture-decran-2025-07-17-a-10.44.53-2-300x260.png\",\"datePublished\":\"2025-11-27T14:05:18+00:00\",\"dateModified\":\"2025-11-27T14:06:22+00:00\",\"breadcrumb\":{\"@id\":\"https:\\\/\\\/www.respirelavie.fr\\\/rennes\\\/top-maman\\\/#breadcrumb\"},\"inLanguage\":\"fr-FR\",\"potentialAction\":[{\"@type\":\"ReadAction\",\"target\":[\"https:\\\/\\\/www.respirelavie.fr\\\/rennes\\\/top-maman\\\/\"]}]},{\"@type\":\"ImageObject\",\"inLanguage\":\"fr-FR\",\"@id\":\"https:\\\/\\\/www.respirelavie.fr\\\/rennes\\\/top-maman\\\/#primaryimage\",\"url\":\"https:\\\/\\\/www.respirelavie.fr\\\/rennes\\\/wp-content\\\/uploads\\\/sites\\\/5\\\/2025\\\/11\\\/Capture-decran-2025-07-17-a-10.44.53-2.png\",\"contentUrl\":\"https:\\\/\\\/www.respirelavie.fr\\\/rennes\\\/wp-content\\\/uploads\\\/sites\\\/5\\\/2025\\\/11\\\/Capture-decran-2025-07-17-a-10.44.53-2.png\",\"width\":894,\"height\":775},{\"@type\":\"BreadcrumbList\",\"@id\":\"https:\\\/\\\/www.respirelavie.fr\\\/rennes\\\/top-maman\\\/#breadcrumb\",\"itemListElement\":[{\"@type\":\"ListItem\",\"position\":1,\"name\":\"Accueil\",\"item\":\"https:\\\/\\\/www.respirelavie.fr\\\/rennes\\\/\"},{\"@type\":\"ListItem\",\"position\":2,\"name\":\"Top Maman\"}]},{\"@type\":\"WebSite\",\"@id\":\"http:\\\/\\\/www.respirelavie.fr\\\/rennes\\\/#website\",\"url\":\"http:\\\/\\\/www.respirelavie.fr\\\/rennes\\\/\",\"name\":\"Respire La Vie Rennes\",\"description\":\"Respire La Vie Rennes : votre salon \u00e9colo, bio, bien-\u00eatre et habitat sain \u00e0 Rennes\",\"publisher\":{\"@id\":\"http:\\\/\\\/www.respirelavie.fr\\\/rennes\\\/#organization\"},\"potentialAction\":[{\"@type\":\"SearchAction\",\"target\":{\"@type\":\"EntryPoint\",\"urlTemplate\":\"http:\\\/\\\/www.respirelavie.fr\\\/rennes\\\/?s={search_term_string}\"},\"query-input\":{\"@type\":\"PropertyValueSpecification\",\"valueRequired\":true,\"valueName\":\"search_term_string\"}}],\"inLanguage\":\"fr-FR\"},{\"@type\":\"Organization\",\"@id\":\"http:\\\/\\\/www.respirelavie.fr\\\/rennes\\\/#organization\",\"name\":\"Respire La Vie Rennes\",\"url\":\"http:\\\/\\\/www.respirelavie.fr\\\/rennes\\\/\",\"logo\":{\"@type\":\"ImageObject\",\"inLanguage\":\"fr-FR\",\"@id\":\"http:\\\/\\\/www.respirelavie.fr\\\/rennes\\\/#\\\/schema\\\/logo\\\/image\\\/\",\"url\":\"https:\\\/\\\/www.respirelavie.fr\\\/rennes\\\/wp-content\\\/uploads\\\/sites\\\/5\\\/2025\\\/11\\\/cropped-Logo-RESPIRE-rennes-2026.png\",\"contentUrl\":\"https:\\\/\\\/www.respirelavie.fr\\\/rennes\\\/wp-content\\\/uploads\\\/sites\\\/5\\\/2025\\\/11\\\/cropped-Logo-RESPIRE-rennes-2026.png\",\"width\":921,\"height\":255,\"caption\":\"Respire La Vie Rennes\"},\"image\":{\"@id\":\"http:\\\/\\\/www.respirelavie.fr\\\/rennes\\\/#\\\/schema\\\/logo\\\/image\\\/\"}}]}<\/script>\n<!-- \/ Yoast SEO plugin. -->","yoast_head_json":{"title":"Top Maman - Respire La Vie Rennes","robots":{"index":"index","follow":"follow","max-snippet":"max-snippet:-1","max-image-preview":"max-image-preview:large","max-video-preview":"max-video-preview:-1"},"canonical":"https:\/\/www.respirelavie.fr\/rennes\/top-maman\/","og_locale":"fr_FR","og_type":"article","og_title":"Top Maman - Respire La Vie Rennes","og_description":"Top Maman, c\u2019est bien plus qu\u2019un simple magazine : c\u2019est un v\u00e9ritable compagnon du quotidien pour les femmes qui jonglent entre maternit\u00e9, vie personnelle et professionnelle. Chaque num\u00e9ro propose des contenus pens\u00e9s pour r\u00e9pondre aux besoins r\u00e9els des mamans, qu\u2019elles soient en attente de b\u00e9b\u00e9, jeunes parents ou d\u00e9j\u00e0 exp\u00e9riment\u00e9es. Visiter le\u00a0site internet &nbsp;","og_url":"https:\/\/www.respirelavie.fr\/rennes\/top-maman\/","og_site_name":"Respire La Vie Rennes","article_modified_time":"2025-11-27T14:06:22+00:00","og_image":[{"url":"http:\/\/www.respirelavie.fr\/rennes\/wp-content\/uploads\/sites\/5\/2025\/11\/Capture-decran-2025-07-17-a-10.44.53-2-300x260.png","type":"","width":"","height":""}],"twitter_card":"summary_large_image","twitter_misc":{"Dur\u00e9e de lecture estim\u00e9e":"1 minute"},"schema":{"@context":"https:\/\/schema.org","@graph":[{"@type":"WebPage","@id":"https:\/\/www.respirelavie.fr\/rennes\/top-maman\/","url":"https:\/\/www.respirelavie.fr\/rennes\/top-maman\/","name":"Top Maman - Respire La Vie Rennes","isPartOf":{"@id":"http:\/\/www.respirelavie.fr\/rennes\/#website"},"primaryImageOfPage":{"@id":"https:\/\/www.respirelavie.fr\/rennes\/top-maman\/#primaryimage"},"image":{"@id":"https:\/\/www.respirelavie.fr\/rennes\/top-maman\/#primaryimage"},"thumbnailUrl":"http:\/\/www.respirelavie.fr\/rennes\/wp-content\/uploads\/sites\/5\/2025\/11\/Capture-decran-2025-07-17-a-10.44.53-2-300x260.png","datePublished":"2025-11-27T14:05:18+00:00","dateModified":"2025-11-27T14:06:22+00:00","breadcrumb":{"@id":"https:\/\/www.respirelavie.fr\/rennes\/top-maman\/#breadcrumb"},"inLanguage":"fr-FR","potentialAction":[{"@type":"ReadAction","target":["https:\/\/www.respirelavie.fr\/rennes\/top-maman\/"]}]},{"@type":"ImageObject","inLanguage":"fr-FR","@id":"https:\/\/www.respirelavie.fr\/rennes\/top-maman\/#primaryimage","url":"https:\/\/www.respirelavie.fr\/rennes\/wp-content\/uploads\/sites\/5\/2025\/11\/Capture-decran-2025-07-17-a-10.44.53-2.png","contentUrl":"https:\/\/www.respirelavie.fr\/rennes\/wp-content\/uploads\/sites\/5\/2025\/11\/Capture-decran-2025-07-17-a-10.44.53-2.png","width":894,"height":775},{"@type":"BreadcrumbList","@id":"https:\/\/www.respirelavie.fr\/rennes\/top-maman\/#breadcrumb","itemListElement":[{"@type":"ListItem","position":1,"name":"Accueil","item":"https:\/\/www.respirelavie.fr\/rennes\/"},{"@type":"ListItem","position":2,"name":"Top Maman"}]},{"@type":"WebSite","@id":"http:\/\/www.respirelavie.fr\/rennes\/#website","url":"http:\/\/www.respirelavie.fr\/rennes\/","name":"Respire La Vie Rennes","description":"Respire La Vie Rennes : votre salon \u00e9colo, bio, bien-\u00eatre et habitat sain \u00e0 Rennes","publisher":{"@id":"http:\/\/www.respirelavie.fr\/rennes\/#organization"},"potentialAction":[{"@type":"SearchAction","target":{"@type":"EntryPoint","urlTemplate":"http:\/\/www.respirelavie.fr\/rennes\/?s={search_term_string}"},"query-input":{"@type":"PropertyValueSpecification","valueRequired":true,"valueName":"search_term_string"}}],"inLanguage":"fr-FR"},{"@type":"Organization","@id":"http:\/\/www.respirelavie.fr\/rennes\/#organization","name":"Respire La Vie Rennes","url":"http:\/\/www.respirelavie.fr\/rennes\/","logo":{"@type":"ImageObject","inLanguage":"fr-FR","@id":"http:\/\/www.respirelavie.fr\/rennes\/#\/schema\/logo\/image\/","url":"https:\/\/www.respirelavie.fr\/rennes\/wp-content\/uploads\/sites\/5\/2025\/11\/cropped-Logo-RESPIRE-rennes-2026.png","contentUrl":"https:\/\/www.respirelavie.fr\/rennes\/wp-content\/uploads\/sites\/5\/2025\/11\/cropped-Logo-RESPIRE-rennes-2026.png","width":921,"height":255,"caption":"Respire La Vie Rennes"},"image":{"@id":"http:\/\/www.respirelavie.fr\/rennes\/#\/schema\/logo\/image\/"}}]}},"_links":{"self":[{"href":"https:\/\/www.respirelavie.fr\/rennes\/wp-json\/wp\/v2\/pages\/12397","targetHints":{"allow":["GET"]}}],"collection":[{"href":"https:\/\/www.respirelavie.fr\/rennes\/wp-json\/wp\/v2\/pages"}],"about":[{"href":"https:\/\/www.respirelavie.fr\/rennes\/wp-json\/wp\/v2\/types\/page"}],"author":[{"embeddable":true,"href":"https:\/\/www.respirelavie.fr\/rennes\/wp-json\/wp\/v2\/users\/5"}],"replies":[{"embeddable":true,"href":"https:\/\/www.respirelavie.fr\/rennes\/wp-json\/wp\/v2\/comments?post=12397"}],"version-history":[{"count":2,"href":"https:\/\/www.respirelavie.fr\/rennes\/wp-json\/wp\/v2\/pages\/12397\/revisions"}],"predecessor-version":[{"id":12403,"href":"https:\/\/www.respirelavie.fr\/rennes\/wp-json\/wp\/v2\/pages\/12397\/revisions\/12403"}],"wp:attachment":[{"href":"https:\/\/www.respirelavie.fr\/rennes\/wp-json\/wp\/v2\/media?parent=12397"}],"curies":[{"name":"wp","href":"https:\/\/api.w.org\/{rel}","templated":true}]}}