{"id":12412,"date":"2025-11-27T15:27:15","date_gmt":"2025-11-27T14:27:15","guid":{"rendered":"https:\/\/www.respirelavie.fr\/rennes\/?page_id=12412"},"modified":"2025-11-27T15:27:15","modified_gmt":"2025-11-27T14:27:15","slug":"le-plan-du-salon-2025","status":"publish","type":"page","link":"https:\/\/www.respirelavie.fr\/rennes\/le-plan-du-salon-2025\/","title":{"rendered":"Le plan du salon 2025"},"content":{"rendered":"<p>Pour pr\u00e9parer au mieux votre visite au salon,\u00a0<a href=\"http:\/\/www.respirelavie.fr\/rennes\/wp-content\/uploads\/sites\/5\/2025\/02\/PLAN-VISITEUR-RESPIRELAVIERENNE-FABv2.pdf\" target=\"_blank\" rel=\"noopener\">t\u00e9l\u00e9chargez<\/a> le plan visiteurs de l\u2019\u00e9dition 2025 ! <img fetchpriority=\"high\" decoding=\"async\" class=\"aligncenter wp-image-11839\" src=\"http:\/\/www.respirelavie.fr\/rennes\/wp-content\/uploads\/sites\/5\/2025\/02\/PLAN-VISITEUR-RESPIRELAVIERENNE-FABv2-1.png\" sizes=\"(max-width: 765px) 100vw, 765px\" srcset=\"https:\/\/www.respirelavie.fr\/rennes\/wp-content\/uploads\/sites\/5\/2025\/02\/PLAN-VISITEUR-RESPIRELAVIERENNE-FABv2-1.png 1844w, https:\/\/www.respirelavie.fr\/rennes\/wp-content\/uploads\/sites\/5\/2025\/02\/PLAN-VISITEUR-RESPIRELAVIERENNE-FABv2-1-300x163.png 300w, https:\/\/www.respirelavie.fr\/rennes\/wp-content\/uploads\/sites\/5\/2025\/02\/PLAN-VISITEUR-RESPIRELAVIERENNE-FABv2-1-1024x558.png 1024w, https:\/\/www.respirelavie.fr\/rennes\/wp-content\/uploads\/sites\/5\/2025\/02\/PLAN-VISITEUR-RESPIRELAVIERENNE-FABv2-1-768x418.png 768w, https:\/\/www.respirelavie.fr\/rennes\/wp-content\/uploads\/sites\/5\/2025\/02\/PLAN-VISITEUR-RESPIRELAVIERENNE-FABv2-1-1536x836.png 1536w, https:\/\/www.respirelavie.fr\/rennes\/wp-content\/uploads\/sites\/5\/2025\/02\/PLAN-VISITEUR-RESPIRELAVIERENNE-FABv2-1-150x82.png 150w, https:\/\/www.respirelavie.fr\/rennes\/wp-content\/uploads\/sites\/5\/2025\/02\/PLAN-VISITEUR-RESPIRELAVIERENNE-FABv2-1-500x272.png 500w\" alt=\"\" width=\"765\" height=\"416\" \/><img decoding=\"async\" class=\"aligncenter wp-image-11840 size-full\" src=\"http:\/\/www.respirelavie.fr\/rennes\/wp-content\/uploads\/sites\/5\/2025\/02\/PLAN-2-VISITEUR-RESPIRELAVIERENNE-FABv2.png\" sizes=\"(max-width: 1844px) 100vw, 1844px\" srcset=\"https:\/\/www.respirelavie.fr\/rennes\/wp-content\/uploads\/sites\/5\/2025\/02\/PLAN-2-VISITEUR-RESPIRELAVIERENNE-FABv2.png 1844w, https:\/\/www.respirelavie.fr\/rennes\/wp-content\/uploads\/sites\/5\/2025\/02\/PLAN-2-VISITEUR-RESPIRELAVIERENNE-FABv2-300x163.png 300w, https:\/\/www.respirelavie.fr\/rennes\/wp-content\/uploads\/sites\/5\/2025\/02\/PLAN-2-VISITEUR-RESPIRELAVIERENNE-FABv2-1024x558.png 1024w, https:\/\/www.respirelavie.fr\/rennes\/wp-content\/uploads\/sites\/5\/2025\/02\/PLAN-2-VISITEUR-RESPIRELAVIERENNE-FABv2-768x418.png 768w, https:\/\/www.respirelavie.fr\/rennes\/wp-content\/uploads\/sites\/5\/2025\/02\/PLAN-2-VISITEUR-RESPIRELAVIERENNE-FABv2-1536x836.png 1536w, https:\/\/www.respirelavie.fr\/rennes\/wp-content\/uploads\/sites\/5\/2025\/02\/PLAN-2-VISITEUR-RESPIRELAVIERENNE-FABv2-150x82.png 150w, https:\/\/www.respirelavie.fr\/rennes\/wp-content\/uploads\/sites\/5\/2025\/02\/PLAN-2-VISITEUR-RESPIRELAVIERENNE-FABv2-500x272.png 500w\" alt=\"\" width=\"1844\" height=\"1004\" \/><\/p>\n","protected":false},"excerpt":{"rendered":"<p>Pour pr\u00e9parer au mieux votre visite au salon,\u00a0t\u00e9l\u00e9chargez le plan visiteurs de l\u2019\u00e9dition 2025 !<\/p>\n","protected":false},"author":5,"featured_media":0,"parent":0,"menu_order":0,"comment_status":"closed","ping_status":"closed","template":"","meta":{"_monsterinsights_skip_tracking":false,"_monsterinsights_sitenote_active":false,"_monsterinsights_sitenote_note":"","_monsterinsights_sitenote_category":0,"footnotes":""},"class_list":["post-12412","page","type-page","status-publish","hentry"],"yoast_head":"<!-- This site is optimized with the Yoast SEO plugin v27.5 - https:\/\/yoast.com\/product\/yoast-seo-wordpress\/ -->\n<title>Le plan du salon 2025 - Respire La Vie Rennes<\/title>\n<meta name=\"robots\" content=\"index, follow, max-snippet:-1, max-image-preview:large, max-video-preview:-1\" \/>\n<link rel=\"canonical\" href=\"https:\/\/www.respirelavie.fr\/rennes\/le-plan-du-salon-2025\/\" \/>\n<meta property=\"og:locale\" content=\"fr_FR\" \/>\n<meta property=\"og:type\" content=\"article\" \/>\n<meta property=\"og:title\" content=\"Le plan du salon 2025 - Respire La Vie Rennes\" \/>\n<meta property=\"og:description\" content=\"Pour pr\u00e9parer au mieux votre visite au salon,\u00a0t\u00e9l\u00e9chargez le plan visiteurs de l\u2019\u00e9dition 2025 !\" \/>\n<meta property=\"og:url\" content=\"https:\/\/www.respirelavie.fr\/rennes\/le-plan-du-salon-2025\/\" \/>\n<meta property=\"og:site_name\" content=\"Respire La Vie Rennes\" \/>\n<meta property=\"og:image\" content=\"http:\/\/www.respirelavie.fr\/rennes\/wp-content\/uploads\/sites\/5\/2025\/02\/PLAN-VISITEUR-RESPIRELAVIERENNE-FABv2-1.png\" \/>\n<meta name=\"twitter:card\" content=\"summary_large_image\" \/>\n<meta name=\"twitter:label1\" content=\"Dur\u00e9e de lecture estim\u00e9e\" \/>\n\t<meta name=\"twitter:data1\" content=\"1 minute\" \/>\n<script type=\"application\/ld+json\" class=\"yoast-schema-graph\">{\"@context\":\"https:\\\/\\\/schema.org\",\"@graph\":[{\"@type\":\"WebPage\",\"@id\":\"https:\\\/\\\/www.respirelavie.fr\\\/rennes\\\/le-plan-du-salon-2025\\\/\",\"url\":\"https:\\\/\\\/www.respirelavie.fr\\\/rennes\\\/le-plan-du-salon-2025\\\/\",\"name\":\"Le plan du salon 2025 - Respire La Vie Rennes\",\"isPartOf\":{\"@id\":\"https:\\\/\\\/www.respirelavie.fr\\\/rennes\\\/#website\"},\"primaryImageOfPage\":{\"@id\":\"https:\\\/\\\/www.respirelavie.fr\\\/rennes\\\/le-plan-du-salon-2025\\\/#primaryimage\"},\"image\":{\"@id\":\"https:\\\/\\\/www.respirelavie.fr\\\/rennes\\\/le-plan-du-salon-2025\\\/#primaryimage\"},\"thumbnailUrl\":\"http:\\\/\\\/www.respirelavie.fr\\\/rennes\\\/wp-content\\\/uploads\\\/sites\\\/5\\\/2025\\\/02\\\/PLAN-VISITEUR-RESPIRELAVIERENNE-FABv2-1.png\",\"datePublished\":\"2025-11-27T14:27:15+00:00\",\"breadcrumb\":{\"@id\":\"https:\\\/\\\/www.respirelavie.fr\\\/rennes\\\/le-plan-du-salon-2025\\\/#breadcrumb\"},\"inLanguage\":\"fr-FR\",\"potentialAction\":[{\"@type\":\"ReadAction\",\"target\":[\"https:\\\/\\\/www.respirelavie.fr\\\/rennes\\\/le-plan-du-salon-2025\\\/\"]}]},{\"@type\":\"ImageObject\",\"inLanguage\":\"fr-FR\",\"@id\":\"https:\\\/\\\/www.respirelavie.fr\\\/rennes\\\/le-plan-du-salon-2025\\\/#primaryimage\",\"url\":\"https:\\\/\\\/www.respirelavie.fr\\\/rennes\\\/wp-content\\\/uploads\\\/sites\\\/5\\\/2025\\\/02\\\/PLAN-VISITEUR-RESPIRELAVIERENNE-FABv2-1.png\",\"contentUrl\":\"https:\\\/\\\/www.respirelavie.fr\\\/rennes\\\/wp-content\\\/uploads\\\/sites\\\/5\\\/2025\\\/02\\\/PLAN-VISITEUR-RESPIRELAVIERENNE-FABv2-1.png\",\"width\":1844,\"height\":1004},{\"@type\":\"BreadcrumbList\",\"@id\":\"https:\\\/\\\/www.respirelavie.fr\\\/rennes\\\/le-plan-du-salon-2025\\\/#breadcrumb\",\"itemListElement\":[{\"@type\":\"ListItem\",\"position\":1,\"name\":\"Accueil\",\"item\":\"https:\\\/\\\/www.respirelavie.fr\\\/rennes\\\/\"},{\"@type\":\"ListItem\",\"position\":2,\"name\":\"Le plan du salon 2025\"}]},{\"@type\":\"WebSite\",\"@id\":\"https:\\\/\\\/www.respirelavie.fr\\\/rennes\\\/#website\",\"url\":\"https:\\\/\\\/www.respirelavie.fr\\\/rennes\\\/\",\"name\":\"Respire La Vie Rennes\",\"description\":\"Respire La Vie Rennes : votre salon \u00e9colo, bio, bien-\u00eatre et habitat sain \u00e0 Rennes\",\"publisher\":{\"@id\":\"https:\\\/\\\/www.respirelavie.fr\\\/rennes\\\/#organization\"},\"potentialAction\":[{\"@type\":\"SearchAction\",\"target\":{\"@type\":\"EntryPoint\",\"urlTemplate\":\"https:\\\/\\\/www.respirelavie.fr\\\/rennes\\\/?s={search_term_string}\"},\"query-input\":{\"@type\":\"PropertyValueSpecification\",\"valueRequired\":true,\"valueName\":\"search_term_string\"}}],\"inLanguage\":\"fr-FR\"},{\"@type\":\"Organization\",\"@id\":\"https:\\\/\\\/www.respirelavie.fr\\\/rennes\\\/#organization\",\"name\":\"Respire La Vie Rennes\",\"url\":\"https:\\\/\\\/www.respirelavie.fr\\\/rennes\\\/\",\"logo\":{\"@type\":\"ImageObject\",\"inLanguage\":\"fr-FR\",\"@id\":\"https:\\\/\\\/www.respirelavie.fr\\\/rennes\\\/#\\\/schema\\\/logo\\\/image\\\/\",\"url\":\"https:\\\/\\\/www.respirelavie.fr\\\/rennes\\\/wp-content\\\/uploads\\\/sites\\\/5\\\/2025\\\/11\\\/cropped-Logo-RESPIRE-rennes-2026.png\",\"contentUrl\":\"https:\\\/\\\/www.respirelavie.fr\\\/rennes\\\/wp-content\\\/uploads\\\/sites\\\/5\\\/2025\\\/11\\\/cropped-Logo-RESPIRE-rennes-2026.png\",\"width\":921,\"height\":255,\"caption\":\"Respire La Vie Rennes\"},\"image\":{\"@id\":\"https:\\\/\\\/www.respirelavie.fr\\\/rennes\\\/#\\\/schema\\\/logo\\\/image\\\/\"}}]}<\/script>\n<!-- \/ Yoast SEO plugin. -->","yoast_head_json":{"title":"Le plan du salon 2025 - Respire La Vie Rennes","robots":{"index":"index","follow":"follow","max-snippet":"max-snippet:-1","max-image-preview":"max-image-preview:large","max-video-preview":"max-video-preview:-1"},"canonical":"https:\/\/www.respirelavie.fr\/rennes\/le-plan-du-salon-2025\/","og_locale":"fr_FR","og_type":"article","og_title":"Le plan du salon 2025 - Respire La Vie Rennes","og_description":"Pour pr\u00e9parer au mieux votre visite au salon,\u00a0t\u00e9l\u00e9chargez le plan visiteurs de l\u2019\u00e9dition 2025 !","og_url":"https:\/\/www.respirelavie.fr\/rennes\/le-plan-du-salon-2025\/","og_site_name":"Respire La Vie Rennes","og_image":[{"url":"http:\/\/www.respirelavie.fr\/rennes\/wp-content\/uploads\/sites\/5\/2025\/02\/PLAN-VISITEUR-RESPIRELAVIERENNE-FABv2-1.png","type":"","width":"","height":""}],"twitter_card":"summary_large_image","twitter_misc":{"Dur\u00e9e de lecture estim\u00e9e":"1 minute"},"schema":{"@context":"https:\/\/schema.org","@graph":[{"@type":"WebPage","@id":"https:\/\/www.respirelavie.fr\/rennes\/le-plan-du-salon-2025\/","url":"https:\/\/www.respirelavie.fr\/rennes\/le-plan-du-salon-2025\/","name":"Le plan du salon 2025 - Respire La Vie Rennes","isPartOf":{"@id":"https:\/\/www.respirelavie.fr\/rennes\/#website"},"primaryImageOfPage":{"@id":"https:\/\/www.respirelavie.fr\/rennes\/le-plan-du-salon-2025\/#primaryimage"},"image":{"@id":"https:\/\/www.respirelavie.fr\/rennes\/le-plan-du-salon-2025\/#primaryimage"},"thumbnailUrl":"http:\/\/www.respirelavie.fr\/rennes\/wp-content\/uploads\/sites\/5\/2025\/02\/PLAN-VISITEUR-RESPIRELAVIERENNE-FABv2-1.png","datePublished":"2025-11-27T14:27:15+00:00","breadcrumb":{"@id":"https:\/\/www.respirelavie.fr\/rennes\/le-plan-du-salon-2025\/#breadcrumb"},"inLanguage":"fr-FR","potentialAction":[{"@type":"ReadAction","target":["https:\/\/www.respirelavie.fr\/rennes\/le-plan-du-salon-2025\/"]}]},{"@type":"ImageObject","inLanguage":"fr-FR","@id":"https:\/\/www.respirelavie.fr\/rennes\/le-plan-du-salon-2025\/#primaryimage","url":"https:\/\/www.respirelavie.fr\/rennes\/wp-content\/uploads\/sites\/5\/2025\/02\/PLAN-VISITEUR-RESPIRELAVIERENNE-FABv2-1.png","contentUrl":"https:\/\/www.respirelavie.fr\/rennes\/wp-content\/uploads\/sites\/5\/2025\/02\/PLAN-VISITEUR-RESPIRELAVIERENNE-FABv2-1.png","width":1844,"height":1004},{"@type":"BreadcrumbList","@id":"https:\/\/www.respirelavie.fr\/rennes\/le-plan-du-salon-2025\/#breadcrumb","itemListElement":[{"@type":"ListItem","position":1,"name":"Accueil","item":"https:\/\/www.respirelavie.fr\/rennes\/"},{"@type":"ListItem","position":2,"name":"Le plan du salon 2025"}]},{"@type":"WebSite","@id":"https:\/\/www.respirelavie.fr\/rennes\/#website","url":"https:\/\/www.respirelavie.fr\/rennes\/","name":"Respire La Vie Rennes","description":"Respire La Vie Rennes : votre salon \u00e9colo, bio, bien-\u00eatre et habitat sain \u00e0 Rennes","publisher":{"@id":"https:\/\/www.respirelavie.fr\/rennes\/#organization"},"potentialAction":[{"@type":"SearchAction","target":{"@type":"EntryPoint","urlTemplate":"https:\/\/www.respirelavie.fr\/rennes\/?s={search_term_string}"},"query-input":{"@type":"PropertyValueSpecification","valueRequired":true,"valueName":"search_term_string"}}],"inLanguage":"fr-FR"},{"@type":"Organization","@id":"https:\/\/www.respirelavie.fr\/rennes\/#organization","name":"Respire La Vie Rennes","url":"https:\/\/www.respirelavie.fr\/rennes\/","logo":{"@type":"ImageObject","inLanguage":"fr-FR","@id":"https:\/\/www.respirelavie.fr\/rennes\/#\/schema\/logo\/image\/","url":"https:\/\/www.respirelavie.fr\/rennes\/wp-content\/uploads\/sites\/5\/2025\/11\/cropped-Logo-RESPIRE-rennes-2026.png","contentUrl":"https:\/\/www.respirelavie.fr\/rennes\/wp-content\/uploads\/sites\/5\/2025\/11\/cropped-Logo-RESPIRE-rennes-2026.png","width":921,"height":255,"caption":"Respire La Vie Rennes"},"image":{"@id":"https:\/\/www.respirelavie.fr\/rennes\/#\/schema\/logo\/image\/"}}]}},"_links":{"self":[{"href":"https:\/\/www.respirelavie.fr\/rennes\/wp-json\/wp\/v2\/pages\/12412","targetHints":{"allow":["GET"]}}],"collection":[{"href":"https:\/\/www.respirelavie.fr\/rennes\/wp-json\/wp\/v2\/pages"}],"about":[{"href":"https:\/\/www.respirelavie.fr\/rennes\/wp-json\/wp\/v2\/types\/page"}],"author":[{"embeddable":true,"href":"https:\/\/www.respirelavie.fr\/rennes\/wp-json\/wp\/v2\/users\/5"}],"replies":[{"embeddable":true,"href":"https:\/\/www.respirelavie.fr\/rennes\/wp-json\/wp\/v2\/comments?post=12412"}],"version-history":[{"count":1,"href":"https:\/\/www.respirelavie.fr\/rennes\/wp-json\/wp\/v2\/pages\/12412\/revisions"}],"predecessor-version":[{"id":12413,"href":"https:\/\/www.respirelavie.fr\/rennes\/wp-json\/wp\/v2\/pages\/12412\/revisions\/12413"}],"wp:attachment":[{"href":"https:\/\/www.respirelavie.fr\/rennes\/wp-json\/wp\/v2\/media?parent=12412"}],"curies":[{"name":"wp","href":"https:\/\/api.w.org\/{rel}","templated":true}]}}