{"id":12435,"date":"2025-11-27T16:43:26","date_gmt":"2025-11-27T15:43:26","guid":{"rendered":"https:\/\/www.respirelavie.fr\/rennes\/?page_id=12435"},"modified":"2025-11-27T16:43:26","modified_gmt":"2025-11-27T15:43:26","slug":"animations-creatives-2025","status":"publish","type":"page","link":"https:\/\/www.respirelavie.fr\/rennes\/animations-creatives-2025\/","title":{"rendered":"Animations cr\u00e9atives 2025"},"content":{"rendered":"<p>Venez profiter des animations cr\u00e9atives avec des d\u00e9monstrations ou de la mise en pratique : cuisine saine, z\u00e9ro d\u00e9chet, cosm\u00e9tiques naturelles, produits d\u2019entretien \u00e9cologiques, trucs et astuces \u00e9colo, ateliers recyclage, jardinage au naturel\u2026<\/p>\n<p><span style=\"color: #eb4691;\"><strong>ESPACE CR\u00c9ATIF<\/strong><\/span><\/p>\n<p>&nbsp;<\/p>\n<h2>Vendredi 21 f\u00e9vrier<\/h2>\n<p><span style=\"color: #eb4691;\"><strong>11:00<\/strong><\/span> Vertus et usages de l\u2019aloe vera, de l&#8217;aloe arborescens et du safran pour votre bien-\u00eatre &#8211; <em><strong>Anne Roche<\/strong><\/em><br \/>\n<span style=\"color: #eb4691;\"><strong>12:30<\/strong><\/span> Escapades bio gourmandes : d\u00e9gustation des produits du salon<br \/>\n<span style=\"color: #eb4691;\"><strong>15:30<\/strong><\/span> Bicarbonate, percarbonate, acide citrique : adieu les produits chimiques ! &#8211; <em><strong>Martine Esnault<br \/>\n<\/strong><\/em><strong><span style=\"color: #eb4691;\">17:00 <\/span><\/strong>Vertus et usages de l\u2019aloe vera, de l&#8217;aloe arborescens et du safran pour votre bien-\u00eatre <em>&#8211; <strong>Anne Roche<\/strong><\/em><em><strong><br \/>\n<\/strong><\/em><\/p>\n<h2>Samedi 22 f\u00e9vrier<\/h2>\n<p><span style=\"color: #eb4691;\"><strong>11:00<\/strong><\/span> Escapades bio gourmandes : d\u00e9gustation des produits du salon<br \/>\n<span style=\"color: #eb4691;\"><strong>12:30<\/strong><\/span> Apprendre \u00e0 faire soi m\u00eame des bocaux de l\u00e9gumes lactoferment\u00e9s <em>&#8211; <strong>Marie Vidrin<\/strong><\/em><br \/>\n<span style=\"color: #eb4691;\"><strong>14:00<\/strong><\/span> Vertus et usages de l\u2019aloe vera, de l&#8217;aloe arborescens et du safran pour votre bien-\u00eatre &#8211; <em><strong>Anne Roche<\/strong><\/em><br \/>\n<span style=\"color: #eb4691;\"><strong>15:30<\/strong><\/span> Bicarbonate, percarbonate, acide citrique : adieu les produits chimiques ! &#8211; <em><strong>Martine Esnault<br \/>\n<\/strong><\/em><strong><span style=\"color: #eb4691;\">17:00<\/span><\/strong> Le furoshiki, l\u2019art d\u2019emballer avec du tissu<em><strong> &#8211; Emmanuelle Lucas et Fr\u00e9d\u00e9ric Lamour<br \/>\n<\/strong><\/em><\/p>\n<h2>Dimanche 23 f\u00e9vrier<\/h2>\n<p><span style=\"color: #eb4691;\"><strong>11:00<\/strong><\/span> Escapades bio gourmandes : d\u00e9gustation des produits du salon<br \/>\n<span style=\"color: #eb4691;\"><strong>12:30<\/strong><\/span> Vertus et usages de l\u2019aloe vera, de l&#8217;aloe arborescens et du safran pour votre bien-\u00eatre &#8211; <em><strong>Anne Roche<\/strong><\/em><br \/>\n<span style=\"color: #eb4691;\"><strong>15:30 <\/strong><\/span>Bicarbonate, percarbonate, acide citrique : adieu les produits chimiques !\u00a0 &#8211;<strong><em>Martine Esnault<br \/>\n<\/em><span style=\"color: #eb4691;\">17:00 <\/span><\/strong>Apprendre \u00e0 faire soi m\u00eame des bocaux de l\u00e9gumes lactoferment\u00e9s <em>&#8211; <strong>Marie Vidrin<\/strong><\/em><strong><em><br \/>\n<\/em><\/strong><\/p>\n<hr \/>\n<p><span style=\"font-size: 10pt;\"><a href=\"https:\/\/www.respirelavie.fr\/rennes\/animations-creatives-2024\/\" target=\"_blank\" rel=\"noopener\"><em>Consultez le programme des animations cr\u00e9atives 2024<\/em><\/a><br \/>\n<a href=\"https:\/\/www.respirelavie.fr\/rennes\/animations-creatives-2023\/\" target=\"_blank\" rel=\"noopener\"><em>Consultez le programme des animations cr\u00e9atives 2023<\/em><\/a><br \/>\n<a href=\"https:\/\/www.respirelavie.fr\/rennes\/animations-creatives-2022\/\" target=\"_blank\" rel=\"noopener noreferrer\"><em>Consultez le programme des animations cr\u00e9atives 2022<\/em><\/a><br \/>\n<\/span><span style=\"font-size: 10pt;\"><a href=\"https:\/\/www.respirelavie.fr\/rennes\/animations-creatives-2020\/\" target=\"_blank\" rel=\"noopener noreferrer\"><em>Consultez le programme des animations cr\u00e9atives 2020<\/em><\/a><\/span><br \/>\n<span style=\"font-size: 10pt;\"><em><a href=\"https:\/\/www.respirelavie.fr\/rennes\/animations-creatives-2019\/\" target=\"_blank\" rel=\"noopener noreferrer\">Consultez le programme des animations cr\u00e9atives 2019<\/a><\/em><\/span><\/p>\n","protected":false},"excerpt":{"rendered":"<p>Venez profiter des animations cr\u00e9atives avec des d\u00e9monstrations ou de la mise en pratique : cuisine saine, z\u00e9ro d\u00e9chet, cosm\u00e9tiques naturelles, produits d\u2019entretien \u00e9cologiques, trucs et astuces \u00e9colo, ateliers recyclage, jardinage au naturel\u2026 ESPACE CR\u00c9ATIF &nbsp; Vendredi 21 f\u00e9vrier 11:00 Vertus et usages de l\u2019aloe vera, de l&#8217;aloe arborescens et du safran pour votre bien-\u00eatre&hellip; <\/p>\n","protected":false},"author":5,"featured_media":0,"parent":0,"menu_order":0,"comment_status":"closed","ping_status":"closed","template":"","meta":{"_monsterinsights_skip_tracking":false,"_monsterinsights_sitenote_active":false,"_monsterinsights_sitenote_note":"","_monsterinsights_sitenote_category":0,"footnotes":""},"class_list":["post-12435","page","type-page","status-publish","hentry"],"yoast_head":"<!-- This site is optimized with the Yoast SEO plugin v27.3 - https:\/\/yoast.com\/product\/yoast-seo-wordpress\/ -->\n<title>Animations cr\u00e9atives 2025 - Respire La Vie Rennes<\/title>\n<meta name=\"robots\" content=\"index, follow, max-snippet:-1, max-image-preview:large, max-video-preview:-1\" \/>\n<link rel=\"canonical\" href=\"https:\/\/www.respirelavie.fr\/rennes\/animations-creatives-2025\/\" \/>\n<meta property=\"og:locale\" content=\"fr_FR\" \/>\n<meta property=\"og:type\" content=\"article\" \/>\n<meta property=\"og:title\" content=\"Animations cr\u00e9atives 2025 - Respire La Vie Rennes\" \/>\n<meta property=\"og:description\" content=\"Venez profiter des animations cr\u00e9atives avec des d\u00e9monstrations ou de la mise en pratique : cuisine saine, z\u00e9ro d\u00e9chet, cosm\u00e9tiques naturelles, produits d\u2019entretien \u00e9cologiques, trucs et astuces \u00e9colo, ateliers recyclage, jardinage au naturel\u2026 ESPACE CR\u00c9ATIF &nbsp; Vendredi 21 f\u00e9vrier 11:00 Vertus et usages de l\u2019aloe vera, de l&#8217;aloe arborescens et du safran pour votre bien-\u00eatre&hellip;\" \/>\n<meta property=\"og:url\" content=\"https:\/\/www.respirelavie.fr\/rennes\/animations-creatives-2025\/\" \/>\n<meta property=\"og:site_name\" content=\"Respire La Vie Rennes\" \/>\n<meta name=\"twitter:card\" content=\"summary_large_image\" \/>\n<meta name=\"twitter:label1\" content=\"Dur\u00e9e de lecture estim\u00e9e\" \/>\n\t<meta name=\"twitter:data1\" content=\"2 minutes\" \/>\n<script type=\"application\/ld+json\" class=\"yoast-schema-graph\">{\"@context\":\"https:\\\/\\\/schema.org\",\"@graph\":[{\"@type\":\"WebPage\",\"@id\":\"https:\\\/\\\/www.respirelavie.fr\\\/rennes\\\/animations-creatives-2025\\\/\",\"url\":\"https:\\\/\\\/www.respirelavie.fr\\\/rennes\\\/animations-creatives-2025\\\/\",\"name\":\"Animations cr\u00e9atives 2025 - Respire La Vie Rennes\",\"isPartOf\":{\"@id\":\"https:\\\/\\\/www.respirelavie.fr\\\/rennes\\\/#website\"},\"datePublished\":\"2025-11-27T15:43:26+00:00\",\"breadcrumb\":{\"@id\":\"https:\\\/\\\/www.respirelavie.fr\\\/rennes\\\/animations-creatives-2025\\\/#breadcrumb\"},\"inLanguage\":\"fr-FR\",\"potentialAction\":[{\"@type\":\"ReadAction\",\"target\":[\"https:\\\/\\\/www.respirelavie.fr\\\/rennes\\\/animations-creatives-2025\\\/\"]}]},{\"@type\":\"BreadcrumbList\",\"@id\":\"https:\\\/\\\/www.respirelavie.fr\\\/rennes\\\/animations-creatives-2025\\\/#breadcrumb\",\"itemListElement\":[{\"@type\":\"ListItem\",\"position\":1,\"name\":\"Accueil\",\"item\":\"https:\\\/\\\/www.respirelavie.fr\\\/rennes\\\/\"},{\"@type\":\"ListItem\",\"position\":2,\"name\":\"Animations cr\u00e9atives 2025\"}]},{\"@type\":\"WebSite\",\"@id\":\"https:\\\/\\\/www.respirelavie.fr\\\/rennes\\\/#website\",\"url\":\"https:\\\/\\\/www.respirelavie.fr\\\/rennes\\\/\",\"name\":\"Respire La Vie Rennes\",\"description\":\"Respire La Vie Rennes : votre salon \u00e9colo, bio, bien-\u00eatre et habitat sain \u00e0 Rennes\",\"publisher\":{\"@id\":\"https:\\\/\\\/www.respirelavie.fr\\\/rennes\\\/#organization\"},\"potentialAction\":[{\"@type\":\"SearchAction\",\"target\":{\"@type\":\"EntryPoint\",\"urlTemplate\":\"https:\\\/\\\/www.respirelavie.fr\\\/rennes\\\/?s={search_term_string}\"},\"query-input\":{\"@type\":\"PropertyValueSpecification\",\"valueRequired\":true,\"valueName\":\"search_term_string\"}}],\"inLanguage\":\"fr-FR\"},{\"@type\":\"Organization\",\"@id\":\"https:\\\/\\\/www.respirelavie.fr\\\/rennes\\\/#organization\",\"name\":\"Respire La Vie Rennes\",\"url\":\"https:\\\/\\\/www.respirelavie.fr\\\/rennes\\\/\",\"logo\":{\"@type\":\"ImageObject\",\"inLanguage\":\"fr-FR\",\"@id\":\"https:\\\/\\\/www.respirelavie.fr\\\/rennes\\\/#\\\/schema\\\/logo\\\/image\\\/\",\"url\":\"https:\\\/\\\/www.respirelavie.fr\\\/rennes\\\/wp-content\\\/uploads\\\/sites\\\/5\\\/2025\\\/11\\\/cropped-Logo-RESPIRE-rennes-2026.png\",\"contentUrl\":\"https:\\\/\\\/www.respirelavie.fr\\\/rennes\\\/wp-content\\\/uploads\\\/sites\\\/5\\\/2025\\\/11\\\/cropped-Logo-RESPIRE-rennes-2026.png\",\"width\":921,\"height\":255,\"caption\":\"Respire La Vie Rennes\"},\"image\":{\"@id\":\"https:\\\/\\\/www.respirelavie.fr\\\/rennes\\\/#\\\/schema\\\/logo\\\/image\\\/\"}}]}<\/script>\n<!-- \/ Yoast SEO plugin. -->","yoast_head_json":{"title":"Animations cr\u00e9atives 2025 - Respire La Vie Rennes","robots":{"index":"index","follow":"follow","max-snippet":"max-snippet:-1","max-image-preview":"max-image-preview:large","max-video-preview":"max-video-preview:-1"},"canonical":"https:\/\/www.respirelavie.fr\/rennes\/animations-creatives-2025\/","og_locale":"fr_FR","og_type":"article","og_title":"Animations cr\u00e9atives 2025 - Respire La Vie Rennes","og_description":"Venez profiter des animations cr\u00e9atives avec des d\u00e9monstrations ou de la mise en pratique : cuisine saine, z\u00e9ro d\u00e9chet, cosm\u00e9tiques naturelles, produits d\u2019entretien \u00e9cologiques, trucs et astuces \u00e9colo, ateliers recyclage, jardinage au naturel\u2026 ESPACE CR\u00c9ATIF &nbsp; Vendredi 21 f\u00e9vrier 11:00 Vertus et usages de l\u2019aloe vera, de l&#8217;aloe arborescens et du safran pour votre bien-\u00eatre&hellip;","og_url":"https:\/\/www.respirelavie.fr\/rennes\/animations-creatives-2025\/","og_site_name":"Respire La Vie Rennes","twitter_card":"summary_large_image","twitter_misc":{"Dur\u00e9e de lecture estim\u00e9e":"2 minutes"},"schema":{"@context":"https:\/\/schema.org","@graph":[{"@type":"WebPage","@id":"https:\/\/www.respirelavie.fr\/rennes\/animations-creatives-2025\/","url":"https:\/\/www.respirelavie.fr\/rennes\/animations-creatives-2025\/","name":"Animations cr\u00e9atives 2025 - Respire La Vie Rennes","isPartOf":{"@id":"https:\/\/www.respirelavie.fr\/rennes\/#website"},"datePublished":"2025-11-27T15:43:26+00:00","breadcrumb":{"@id":"https:\/\/www.respirelavie.fr\/rennes\/animations-creatives-2025\/#breadcrumb"},"inLanguage":"fr-FR","potentialAction":[{"@type":"ReadAction","target":["https:\/\/www.respirelavie.fr\/rennes\/animations-creatives-2025\/"]}]},{"@type":"BreadcrumbList","@id":"https:\/\/www.respirelavie.fr\/rennes\/animations-creatives-2025\/#breadcrumb","itemListElement":[{"@type":"ListItem","position":1,"name":"Accueil","item":"https:\/\/www.respirelavie.fr\/rennes\/"},{"@type":"ListItem","position":2,"name":"Animations cr\u00e9atives 2025"}]},{"@type":"WebSite","@id":"https:\/\/www.respirelavie.fr\/rennes\/#website","url":"https:\/\/www.respirelavie.fr\/rennes\/","name":"Respire La Vie Rennes","description":"Respire La Vie Rennes : votre salon \u00e9colo, bio, bien-\u00eatre et habitat sain \u00e0 Rennes","publisher":{"@id":"https:\/\/www.respirelavie.fr\/rennes\/#organization"},"potentialAction":[{"@type":"SearchAction","target":{"@type":"EntryPoint","urlTemplate":"https:\/\/www.respirelavie.fr\/rennes\/?s={search_term_string}"},"query-input":{"@type":"PropertyValueSpecification","valueRequired":true,"valueName":"search_term_string"}}],"inLanguage":"fr-FR"},{"@type":"Organization","@id":"https:\/\/www.respirelavie.fr\/rennes\/#organization","name":"Respire La Vie Rennes","url":"https:\/\/www.respirelavie.fr\/rennes\/","logo":{"@type":"ImageObject","inLanguage":"fr-FR","@id":"https:\/\/www.respirelavie.fr\/rennes\/#\/schema\/logo\/image\/","url":"https:\/\/www.respirelavie.fr\/rennes\/wp-content\/uploads\/sites\/5\/2025\/11\/cropped-Logo-RESPIRE-rennes-2026.png","contentUrl":"https:\/\/www.respirelavie.fr\/rennes\/wp-content\/uploads\/sites\/5\/2025\/11\/cropped-Logo-RESPIRE-rennes-2026.png","width":921,"height":255,"caption":"Respire La Vie Rennes"},"image":{"@id":"https:\/\/www.respirelavie.fr\/rennes\/#\/schema\/logo\/image\/"}}]}},"_links":{"self":[{"href":"https:\/\/www.respirelavie.fr\/rennes\/wp-json\/wp\/v2\/pages\/12435","targetHints":{"allow":["GET"]}}],"collection":[{"href":"https:\/\/www.respirelavie.fr\/rennes\/wp-json\/wp\/v2\/pages"}],"about":[{"href":"https:\/\/www.respirelavie.fr\/rennes\/wp-json\/wp\/v2\/types\/page"}],"author":[{"embeddable":true,"href":"https:\/\/www.respirelavie.fr\/rennes\/wp-json\/wp\/v2\/users\/5"}],"replies":[{"embeddable":true,"href":"https:\/\/www.respirelavie.fr\/rennes\/wp-json\/wp\/v2\/comments?post=12435"}],"version-history":[{"count":1,"href":"https:\/\/www.respirelavie.fr\/rennes\/wp-json\/wp\/v2\/pages\/12435\/revisions"}],"predecessor-version":[{"id":12437,"href":"https:\/\/www.respirelavie.fr\/rennes\/wp-json\/wp\/v2\/pages\/12435\/revisions\/12437"}],"wp:attachment":[{"href":"https:\/\/www.respirelavie.fr\/rennes\/wp-json\/wp\/v2\/media?parent=12435"}],"curies":[{"name":"wp","href":"https:\/\/api.w.org\/{rel}","templated":true}]}}