{"id":12441,"date":"2025-11-27T16:45:19","date_gmt":"2025-11-27T15:45:19","guid":{"rendered":"https:\/\/www.respirelavie.fr\/rennes\/?page_id=12441"},"modified":"2025-11-27T16:45:19","modified_gmt":"2025-11-27T15:45:19","slug":"espace-danimations-2025","status":"publish","type":"page","link":"https:\/\/www.respirelavie.fr\/rennes\/espace-danimations-2025\/","title":{"rendered":"Espace d\u2019animations 2025"},"content":{"rendered":"<p>Le salon Respire La Vie Rennes met en place des animations sp\u00e9ciales pour \u00e9veiller l\u2019int\u00e9r\u00eat et pour une exp\u00e9rience visiteurs riche et in\u00e9dite.<\/p>\n<p>D\u00e9couvrez le programme d&#8217;animations \u00e0 ne pas manquer cette ann\u00e9e !<\/p>\n<table style=\"border-collapse: collapse; width: 100%;\">\n<tbody>\n<tr>\n<td style=\"width: 70.6061%;\"><span style=\"color: #ffffff;\">a<a id=\"enfants\"><\/a><\/span><\/p>\n<p><img decoding=\"async\" class=\"alignnone wp-image-11541 \" src=\"http:\/\/www.respirelavie.fr\/rennes\/wp-content\/uploads\/sites\/5\/2025\/01\/Capture_decran_2025-01-24_a_14.20.31-5-e1737728559157.png\" alt=\"\" width=\"32\" height=\"31\" srcset=\"https:\/\/www.respirelavie.fr\/rennes\/wp-content\/uploads\/sites\/5\/2025\/01\/Capture_decran_2025-01-24_a_14.20.31-5-e1737728559157.png 149w, https:\/\/www.respirelavie.fr\/rennes\/wp-content\/uploads\/sites\/5\/2025\/01\/Capture_decran_2025-01-24_a_14.20.31-5-e1737728559157-45x45.png 45w\" sizes=\"(max-width: 32px) 100vw, 32px\" \/> Le coin des enfants<\/p>\n<p><span style=\"text-decoration: underline;\">Espace LudoBio\u00a0:<\/span><br \/>\nAnimations cr\u00e9atives et bricolages nature \u00e0 base de mat\u00e9riaux de r\u00e9cup\u00e9ration. Tous les jours, \u00e0 partir de 3 ans.<br \/>\n<em>Organis\u00e9 par La T\u00eate et Les Mains<\/em><\/p>\n<p><span style=\"text-decoration: underline;\">Espace b\u00e9b\u00e9s\u00a0:<\/span><br \/>\nPour une pause biberon, allaitement, change et c\u00e2lins.<\/td>\n<td style=\"width: 29.3939%;\"><span style=\"font-size: 10pt;\"><a href=\"#enfants\">Le coin des enfants<\/a><\/span><br \/>\n<span style=\"font-size: 10pt;\"><a href=\"#mandala\">Recup&#8217;art &amp; mandala<\/a><\/span><br \/>\n<span style=\"font-size: 10pt;\"><a href=\"#chamanique\">Exp\u00e9rience chamanique<\/a><\/span><br \/>\n<span style=\"font-size: 10pt;\"><a href=\"#escapades\">Escapades bio gourmandes<\/a><\/span><br \/>\n<span style=\"font-size: 10pt;\"><a href=\"#energisante\">La pause \u00e9nergisante<\/a><\/span><br \/>\n<span style=\"font-size: 10pt;\"><a href=\"#nouveaux\">Le village les P&#8217;tits Nouveaux<\/a><\/span><br \/>\n<span style=\"font-size: 10pt;\"><a href=\"#habitat\">Le village \u00e9co-habitat<\/a><\/span><br \/>\n<span style=\"font-size: 10pt;\"><a href=\"#ecobiolocal\">Le village \u00e9co, bio &amp; local<\/a><\/span><\/td>\n<\/tr>\n<\/tbody>\n<\/table>\n<p><span style=\"color: #ffffff;\">a<a id=\"mandala\"><\/a><\/span><\/p>\n<h2><img decoding=\"async\" class=\"alignnone wp-image-11542\" src=\"http:\/\/www.respirelavie.fr\/rennes\/wp-content\/uploads\/sites\/5\/2025\/01\/Capture_decran_2025-01-24_a_14.20.31-6-e1737728632794.png\" alt=\"\" width=\"20\" height=\"31\" \/> Recup\u2019art &amp; Mandala<\/h2>\n<p>Avec Luc Legu\u00e9rinel artiste plasticien en art \u00e9ph\u00e9m\u00e8re.<br \/>\n<em>Animations Nature &#8220;Mandalas v\u00e9g\u00e9taux, LandArt, R\u00e9cupArt et nichoirs, h\u00f4tel \u00e0 insectes&#8221;<\/em><\/p>\n<p><span style=\"color: #ffffff;\">a<a id=\"chamanique\"><\/a><\/span><\/p>\n<h2><img decoding=\"async\" class=\"alignnone wp-image-11539\" src=\"http:\/\/www.respirelavie.fr\/rennes\/wp-content\/uploads\/sites\/5\/2025\/01\/Capture_decran_2025-01-24_a_14.20.31-3-e1737728680171.png\" alt=\"\" width=\"24\" height=\"31\" \/> Exp\u00e9rience chamanique<\/h2>\n<p style=\"text-align: right;\">samedi 16h00 \u2013 Espace restauration<\/p>\n<p style=\"text-align: left;\">Nous vous emmenons vers les recettes de la magie ancienne. Celle qui porte en son \u00e2me profonde la simplicit\u00e9 puissante de l&#8217;amour inconditionnel de tout ce qui nous entoure. Que le voyage commence.<br \/>\n<em>Anim\u00e9 par OOWAKE Chamanisme<\/em><\/p>\n<p><span style=\"color: #ffffff;\">a<a id=\"escapades\"><\/a><\/span><\/p>\n<h2 style=\"text-align: left;\"><img loading=\"lazy\" decoding=\"async\" class=\"alignnone wp-image-11544\" src=\"http:\/\/www.respirelavie.fr\/rennes\/wp-content\/uploads\/sites\/5\/2025\/01\/Capture_decran_2025-01-24_a_14.20.31-8-e1737728786287.png\" alt=\"\" width=\"34\" height=\"31\" srcset=\"https:\/\/www.respirelavie.fr\/rennes\/wp-content\/uploads\/sites\/5\/2025\/01\/Capture_decran_2025-01-24_a_14.20.31-8-e1737728786287.png 175w, https:\/\/www.respirelavie.fr\/rennes\/wp-content\/uploads\/sites\/5\/2025\/01\/Capture_decran_2025-01-24_a_14.20.31-8-e1737728786287-150x137.png 150w\" sizes=\"(max-width: 34px) 100vw, 34px\" \/> Escapades bio gourmandes<\/h2>\n<p style=\"text-align: right;\">Vendredi \u00e0 12h30, samedi et dimanche \u00e0 11h \u2013 Espace Cr\u00e9atif<\/p>\n<p style=\"text-align: left;\">Venez \u00e9veiller vos papilles en d\u00e9gustant une s\u00e9lection de produits d\u2019exception, soigneusement s\u00e9lectionn\u00e9s parmi la large proposition du salon. Une occasion unique de savourer des cr\u00e9ations authentiques, d\u2019\u00e9changer directement avec les producteurs et artisans et de plonger au c\u0153ur de leur savoir-faire.<\/p>\n<p><span style=\"color: #ffffff;\">a<\/span><a id=\"energisante\"><\/a><\/p>\n<h2 style=\"text-align: left;\"><img loading=\"lazy\" decoding=\"async\" class=\"alignnone wp-image-11540\" src=\"http:\/\/www.respirelavie.fr\/rennes\/wp-content\/uploads\/sites\/5\/2025\/01\/Capture_decran_2025-01-24_a_14.20.31-4-e1737728881243.png\" alt=\"\" width=\"28\" height=\"31\" \/> La pause \u00e9nergisante<\/h2>\n<p style=\"text-align: left;\">Formez-vous aux bienfaits de la coh\u00e9rence cardiaque et apprenez \u00e0 mieux respirer.<\/p>\n<p><span style=\"color: #ffffff;\">a<\/span><a id=\"nouveaux\"><\/a><\/p>\n<h2 style=\"text-align: left;\"><img loading=\"lazy\" decoding=\"async\" class=\"alignnone wp-image-11545\" src=\"http:\/\/www.respirelavie.fr\/rennes\/wp-content\/uploads\/sites\/5\/2025\/01\/Capture_decran_2025-01-24_a_14.20.31-e1737728923521.png\" alt=\"\" width=\"34\" height=\"31\" srcset=\"https:\/\/www.respirelavie.fr\/rennes\/wp-content\/uploads\/sites\/5\/2025\/01\/Capture_decran_2025-01-24_a_14.20.31-e1737728923521.png 169w, https:\/\/www.respirelavie.fr\/rennes\/wp-content\/uploads\/sites\/5\/2025\/01\/Capture_decran_2025-01-24_a_14.20.31-e1737728923521-150x138.png 150w\" sizes=\"(max-width: 34px) 100vw, 34px\" \/> Le village Les P\u2019tits Nouveaux<\/h2>\n<p style=\"text-align: left;\">Situ\u00e9 en plein c\u0153ur du salon, vous y trouverez des nouveaux produits cr\u00e9\u00e9s par de jeunes marques, toutes plus engag\u00e9es les unes que les autres\u00a0!<\/p>\n<p><span style=\"color: #ffffff;\">a<\/span><a id=\"habitat\"><\/a><\/p>\n<h2 style=\"text-align: left;\"><img loading=\"lazy\" decoding=\"async\" class=\"alignnone wp-image-11538\" src=\"http:\/\/www.respirelavie.fr\/rennes\/wp-content\/uploads\/sites\/5\/2025\/01\/Capture_decran_2025-01-24_a_14.20.31-2-e1737728973141.png\" alt=\"\" width=\"31\" height=\"31\" srcset=\"https:\/\/www.respirelavie.fr\/rennes\/wp-content\/uploads\/sites\/5\/2025\/01\/Capture_decran_2025-01-24_a_14.20.31-2-e1737728973141.png 154w, https:\/\/www.respirelavie.fr\/rennes\/wp-content\/uploads\/sites\/5\/2025\/01\/Capture_decran_2025-01-24_a_14.20.31-2-e1737728973141-150x149.png 150w, https:\/\/www.respirelavie.fr\/rennes\/wp-content\/uploads\/sites\/5\/2025\/01\/Capture_decran_2025-01-24_a_14.20.31-2-e1737728973141-45x45.png 45w\" sizes=\"(max-width: 31px) 100vw, 31px\" \/> Le village \u00e9co-habitat<\/h2>\n<p style=\"text-align: left;\">Un large espace d\u00e9di\u00e9 aux solutions pour des maisons plus saines et \u00e9cologiques\u00a0: isolation naturelle, peintures non toxiques, panneaux solaires\u2026 Un rendez-vous essentiel pour imaginer et construire l\u2019avenir !<\/p>\n<p><span style=\"color: #ffffff;\">a<a id=\"ecobiolocal\"><\/a><\/span><\/p>\n<h2 style=\"text-align: left;\"><img loading=\"lazy\" decoding=\"async\" class=\"alignnone wp-image-11543\" src=\"http:\/\/www.respirelavie.fr\/rennes\/wp-content\/uploads\/sites\/5\/2025\/01\/Capture_decran_2025-01-24_a_14.20.31-7-e1737729018811.png\" alt=\"\" width=\"38\" height=\"31\" srcset=\"https:\/\/www.respirelavie.fr\/rennes\/wp-content\/uploads\/sites\/5\/2025\/01\/Capture_decran_2025-01-24_a_14.20.31-7-e1737729018811.png 182w, https:\/\/www.respirelavie.fr\/rennes\/wp-content\/uploads\/sites\/5\/2025\/01\/Capture_decran_2025-01-24_a_14.20.31-7-e1737729018811-150x123.png 150w\" sizes=\"(max-width: 38px) 100vw, 38px\" \/> Le village \u00e9co, bio &amp; local<\/h2>\n<p style=\"text-align: left;\"><img loading=\"lazy\" decoding=\"async\" class=\"alignright wp-image-11526 \" src=\"http:\/\/www.respirelavie.fr\/rennes\/wp-content\/uploads\/sites\/5\/2025\/01\/Agrobio-35-e1737727076923.png\" alt=\"\" width=\"140\" height=\"125\" srcset=\"https:\/\/www.respirelavie.fr\/rennes\/wp-content\/uploads\/sites\/5\/2025\/01\/Agrobio-35-e1737727076923.png 227w, https:\/\/www.respirelavie.fr\/rennes\/wp-content\/uploads\/sites\/5\/2025\/01\/Agrobio-35-e1737727076923-150x134.png 150w\" sizes=\"(max-width: 140px) 100vw, 140px\" \/>Retrouvez les producteurs de votre r\u00e9gion qui valorisent et proposent des produits locaux. Saveurs et d\u00e9couvertes locales garanties\u00a0!<\/p>\n<p>&nbsp;<\/p>\n<p>&nbsp;<\/p>\n<p>&nbsp;<\/p>\n<hr \/>\n<p><a href=\"https:\/\/www.respirelavie.fr\/rennes\/espace-danimations-en-continu-2024\/\" target=\"_blank\" rel=\"noopener\"><span style=\"font-size: 10pt;\"><em>Consultez les animations de l\u2019\u00e9dition 2024<\/em><\/span><\/a><br \/>\n<a href=\"https:\/\/www.respirelavie.fr\/rennes\/espace-danimations-en-continu-2023\/\" target=\"_blank\" rel=\"noopener\"><span style=\"font-size: 10pt;\"><em>Consultez les animations de l\u2019\u00e9dition 2023<\/em><\/span><\/a><br \/>\n<a href=\"https:\/\/www.respirelavie.fr\/rennes\/animations-speciales-2022\/\"><span style=\"font-size: 10pt;\"><em>Consultez les animations de l\u2019\u00e9dition 2022<\/em><\/span><\/a><br \/>\n<a href=\"https:\/\/www.respirelavie.fr\/rennes\/?p=7791\"><span style=\"font-size: 10pt;\"><em>Consultez les animations de l\u2019\u00e9dition 2020<\/em><\/span><\/a><br \/>\n<span style=\"font-size: 10pt;\"><a href=\"https:\/\/www.respirelavie.fr\/rennes\/animations-2019\/\" target=\"_blank\" rel=\"noopener noreferrer\"><em>Consultez les animations de l&#8217;\u00e9dition 2019<\/em><\/a><\/span><\/p>\n","protected":false},"excerpt":{"rendered":"<p>Le salon Respire La Vie Rennes met en place des animations sp\u00e9ciales pour \u00e9veiller l\u2019int\u00e9r\u00eat et pour une exp\u00e9rience visiteurs riche et in\u00e9dite. D\u00e9couvrez le programme d&#8217;animations \u00e0 ne pas manquer cette ann\u00e9e ! a Le coin des enfants Espace LudoBio\u00a0: Animations cr\u00e9atives et bricolages nature \u00e0 base de mat\u00e9riaux de r\u00e9cup\u00e9ration. Tous les jours,&hellip; <\/p>\n","protected":false},"author":5,"featured_media":0,"parent":0,"menu_order":0,"comment_status":"closed","ping_status":"closed","template":"","meta":{"_monsterinsights_skip_tracking":false,"_monsterinsights_sitenote_active":false,"_monsterinsights_sitenote_note":"","_monsterinsights_sitenote_category":0,"footnotes":""},"class_list":["post-12441","page","type-page","status-publish","hentry"],"yoast_head":"<!-- This site is optimized with the Yoast SEO plugin v27.3 - https:\/\/yoast.com\/product\/yoast-seo-wordpress\/ -->\n<title>Espace d\u2019animations 2025 - Respire La Vie Rennes<\/title>\n<meta name=\"robots\" content=\"index, follow, max-snippet:-1, max-image-preview:large, max-video-preview:-1\" \/>\n<link rel=\"canonical\" href=\"https:\/\/www.respirelavie.fr\/rennes\/espace-danimations-2025\/\" \/>\n<meta property=\"og:locale\" content=\"fr_FR\" \/>\n<meta property=\"og:type\" content=\"article\" \/>\n<meta property=\"og:title\" content=\"Espace d\u2019animations 2025 - Respire La Vie Rennes\" \/>\n<meta property=\"og:description\" content=\"Le salon Respire La Vie Rennes met en place des animations sp\u00e9ciales pour \u00e9veiller l\u2019int\u00e9r\u00eat et pour une exp\u00e9rience visiteurs riche et in\u00e9dite. D\u00e9couvrez le programme d&#8217;animations \u00e0 ne pas manquer cette ann\u00e9e ! a Le coin des enfants Espace LudoBio\u00a0: Animations cr\u00e9atives et bricolages nature \u00e0 base de mat\u00e9riaux de r\u00e9cup\u00e9ration. Tous les jours,&hellip;\" \/>\n<meta property=\"og:url\" content=\"https:\/\/www.respirelavie.fr\/rennes\/espace-danimations-2025\/\" \/>\n<meta property=\"og:site_name\" content=\"Respire La Vie Rennes\" \/>\n<meta property=\"og:image\" content=\"http:\/\/www.respirelavie.fr\/rennes\/wp-content\/uploads\/sites\/5\/2025\/01\/Capture_decran_2025-01-24_a_14.20.31-5-e1737728559157.png\" \/>\n<meta name=\"twitter:card\" content=\"summary_large_image\" \/>\n<meta name=\"twitter:label1\" content=\"Dur\u00e9e de lecture estim\u00e9e\" \/>\n\t<meta name=\"twitter:data1\" content=\"4 minutes\" \/>\n<script type=\"application\/ld+json\" class=\"yoast-schema-graph\">{\"@context\":\"https:\\\/\\\/schema.org\",\"@graph\":[{\"@type\":\"WebPage\",\"@id\":\"https:\\\/\\\/www.respirelavie.fr\\\/rennes\\\/espace-danimations-2025\\\/\",\"url\":\"https:\\\/\\\/www.respirelavie.fr\\\/rennes\\\/espace-danimations-2025\\\/\",\"name\":\"Espace d\u2019animations 2025 - Respire La Vie Rennes\",\"isPartOf\":{\"@id\":\"https:\\\/\\\/www.respirelavie.fr\\\/rennes\\\/#website\"},\"primaryImageOfPage\":{\"@id\":\"https:\\\/\\\/www.respirelavie.fr\\\/rennes\\\/espace-danimations-2025\\\/#primaryimage\"},\"image\":{\"@id\":\"https:\\\/\\\/www.respirelavie.fr\\\/rennes\\\/espace-danimations-2025\\\/#primaryimage\"},\"thumbnailUrl\":\"http:\\\/\\\/www.respirelavie.fr\\\/rennes\\\/wp-content\\\/uploads\\\/sites\\\/5\\\/2025\\\/01\\\/Capture_decran_2025-01-24_a_14.20.31-5-e1737728559157.png\",\"datePublished\":\"2025-11-27T15:45:19+00:00\",\"breadcrumb\":{\"@id\":\"https:\\\/\\\/www.respirelavie.fr\\\/rennes\\\/espace-danimations-2025\\\/#breadcrumb\"},\"inLanguage\":\"fr-FR\",\"potentialAction\":[{\"@type\":\"ReadAction\",\"target\":[\"https:\\\/\\\/www.respirelavie.fr\\\/rennes\\\/espace-danimations-2025\\\/\"]}]},{\"@type\":\"ImageObject\",\"inLanguage\":\"fr-FR\",\"@id\":\"https:\\\/\\\/www.respirelavie.fr\\\/rennes\\\/espace-danimations-2025\\\/#primaryimage\",\"url\":\"https:\\\/\\\/www.respirelavie.fr\\\/rennes\\\/wp-content\\\/uploads\\\/sites\\\/5\\\/2025\\\/01\\\/Capture_decran_2025-01-24_a_14.20.31-5-e1737728559157.png\",\"contentUrl\":\"https:\\\/\\\/www.respirelavie.fr\\\/rennes\\\/wp-content\\\/uploads\\\/sites\\\/5\\\/2025\\\/01\\\/Capture_decran_2025-01-24_a_14.20.31-5-e1737728559157.png\",\"width\":149,\"height\":146},{\"@type\":\"BreadcrumbList\",\"@id\":\"https:\\\/\\\/www.respirelavie.fr\\\/rennes\\\/espace-danimations-2025\\\/#breadcrumb\",\"itemListElement\":[{\"@type\":\"ListItem\",\"position\":1,\"name\":\"Accueil\",\"item\":\"https:\\\/\\\/www.respirelavie.fr\\\/rennes\\\/\"},{\"@type\":\"ListItem\",\"position\":2,\"name\":\"Espace d\u2019animations 2025\"}]},{\"@type\":\"WebSite\",\"@id\":\"https:\\\/\\\/www.respirelavie.fr\\\/rennes\\\/#website\",\"url\":\"https:\\\/\\\/www.respirelavie.fr\\\/rennes\\\/\",\"name\":\"Respire La Vie Rennes\",\"description\":\"Respire La Vie Rennes : votre salon \u00e9colo, bio, bien-\u00eatre et habitat sain \u00e0 Rennes\",\"publisher\":{\"@id\":\"https:\\\/\\\/www.respirelavie.fr\\\/rennes\\\/#organization\"},\"potentialAction\":[{\"@type\":\"SearchAction\",\"target\":{\"@type\":\"EntryPoint\",\"urlTemplate\":\"https:\\\/\\\/www.respirelavie.fr\\\/rennes\\\/?s={search_term_string}\"},\"query-input\":{\"@type\":\"PropertyValueSpecification\",\"valueRequired\":true,\"valueName\":\"search_term_string\"}}],\"inLanguage\":\"fr-FR\"},{\"@type\":\"Organization\",\"@id\":\"https:\\\/\\\/www.respirelavie.fr\\\/rennes\\\/#organization\",\"name\":\"Respire La Vie Rennes\",\"url\":\"https:\\\/\\\/www.respirelavie.fr\\\/rennes\\\/\",\"logo\":{\"@type\":\"ImageObject\",\"inLanguage\":\"fr-FR\",\"@id\":\"https:\\\/\\\/www.respirelavie.fr\\\/rennes\\\/#\\\/schema\\\/logo\\\/image\\\/\",\"url\":\"https:\\\/\\\/www.respirelavie.fr\\\/rennes\\\/wp-content\\\/uploads\\\/sites\\\/5\\\/2025\\\/11\\\/cropped-Logo-RESPIRE-rennes-2026.png\",\"contentUrl\":\"https:\\\/\\\/www.respirelavie.fr\\\/rennes\\\/wp-content\\\/uploads\\\/sites\\\/5\\\/2025\\\/11\\\/cropped-Logo-RESPIRE-rennes-2026.png\",\"width\":921,\"height\":255,\"caption\":\"Respire La Vie Rennes\"},\"image\":{\"@id\":\"https:\\\/\\\/www.respirelavie.fr\\\/rennes\\\/#\\\/schema\\\/logo\\\/image\\\/\"}}]}<\/script>\n<!-- \/ Yoast SEO plugin. -->","yoast_head_json":{"title":"Espace d\u2019animations 2025 - Respire La Vie Rennes","robots":{"index":"index","follow":"follow","max-snippet":"max-snippet:-1","max-image-preview":"max-image-preview:large","max-video-preview":"max-video-preview:-1"},"canonical":"https:\/\/www.respirelavie.fr\/rennes\/espace-danimations-2025\/","og_locale":"fr_FR","og_type":"article","og_title":"Espace d\u2019animations 2025 - Respire La Vie Rennes","og_description":"Le salon Respire La Vie Rennes met en place des animations sp\u00e9ciales pour \u00e9veiller l\u2019int\u00e9r\u00eat et pour une exp\u00e9rience visiteurs riche et in\u00e9dite. D\u00e9couvrez le programme d&#8217;animations \u00e0 ne pas manquer cette ann\u00e9e ! a Le coin des enfants Espace LudoBio\u00a0: Animations cr\u00e9atives et bricolages nature \u00e0 base de mat\u00e9riaux de r\u00e9cup\u00e9ration. Tous les jours,&hellip;","og_url":"https:\/\/www.respirelavie.fr\/rennes\/espace-danimations-2025\/","og_site_name":"Respire La Vie Rennes","og_image":[{"url":"http:\/\/www.respirelavie.fr\/rennes\/wp-content\/uploads\/sites\/5\/2025\/01\/Capture_decran_2025-01-24_a_14.20.31-5-e1737728559157.png","type":"","width":"","height":""}],"twitter_card":"summary_large_image","twitter_misc":{"Dur\u00e9e de lecture estim\u00e9e":"4 minutes"},"schema":{"@context":"https:\/\/schema.org","@graph":[{"@type":"WebPage","@id":"https:\/\/www.respirelavie.fr\/rennes\/espace-danimations-2025\/","url":"https:\/\/www.respirelavie.fr\/rennes\/espace-danimations-2025\/","name":"Espace d\u2019animations 2025 - Respire La Vie Rennes","isPartOf":{"@id":"https:\/\/www.respirelavie.fr\/rennes\/#website"},"primaryImageOfPage":{"@id":"https:\/\/www.respirelavie.fr\/rennes\/espace-danimations-2025\/#primaryimage"},"image":{"@id":"https:\/\/www.respirelavie.fr\/rennes\/espace-danimations-2025\/#primaryimage"},"thumbnailUrl":"http:\/\/www.respirelavie.fr\/rennes\/wp-content\/uploads\/sites\/5\/2025\/01\/Capture_decran_2025-01-24_a_14.20.31-5-e1737728559157.png","datePublished":"2025-11-27T15:45:19+00:00","breadcrumb":{"@id":"https:\/\/www.respirelavie.fr\/rennes\/espace-danimations-2025\/#breadcrumb"},"inLanguage":"fr-FR","potentialAction":[{"@type":"ReadAction","target":["https:\/\/www.respirelavie.fr\/rennes\/espace-danimations-2025\/"]}]},{"@type":"ImageObject","inLanguage":"fr-FR","@id":"https:\/\/www.respirelavie.fr\/rennes\/espace-danimations-2025\/#primaryimage","url":"https:\/\/www.respirelavie.fr\/rennes\/wp-content\/uploads\/sites\/5\/2025\/01\/Capture_decran_2025-01-24_a_14.20.31-5-e1737728559157.png","contentUrl":"https:\/\/www.respirelavie.fr\/rennes\/wp-content\/uploads\/sites\/5\/2025\/01\/Capture_decran_2025-01-24_a_14.20.31-5-e1737728559157.png","width":149,"height":146},{"@type":"BreadcrumbList","@id":"https:\/\/www.respirelavie.fr\/rennes\/espace-danimations-2025\/#breadcrumb","itemListElement":[{"@type":"ListItem","position":1,"name":"Accueil","item":"https:\/\/www.respirelavie.fr\/rennes\/"},{"@type":"ListItem","position":2,"name":"Espace d\u2019animations 2025"}]},{"@type":"WebSite","@id":"https:\/\/www.respirelavie.fr\/rennes\/#website","url":"https:\/\/www.respirelavie.fr\/rennes\/","name":"Respire La Vie Rennes","description":"Respire La Vie Rennes : votre salon \u00e9colo, bio, bien-\u00eatre et habitat sain \u00e0 Rennes","publisher":{"@id":"https:\/\/www.respirelavie.fr\/rennes\/#organization"},"potentialAction":[{"@type":"SearchAction","target":{"@type":"EntryPoint","urlTemplate":"https:\/\/www.respirelavie.fr\/rennes\/?s={search_term_string}"},"query-input":{"@type":"PropertyValueSpecification","valueRequired":true,"valueName":"search_term_string"}}],"inLanguage":"fr-FR"},{"@type":"Organization","@id":"https:\/\/www.respirelavie.fr\/rennes\/#organization","name":"Respire La Vie Rennes","url":"https:\/\/www.respirelavie.fr\/rennes\/","logo":{"@type":"ImageObject","inLanguage":"fr-FR","@id":"https:\/\/www.respirelavie.fr\/rennes\/#\/schema\/logo\/image\/","url":"https:\/\/www.respirelavie.fr\/rennes\/wp-content\/uploads\/sites\/5\/2025\/11\/cropped-Logo-RESPIRE-rennes-2026.png","contentUrl":"https:\/\/www.respirelavie.fr\/rennes\/wp-content\/uploads\/sites\/5\/2025\/11\/cropped-Logo-RESPIRE-rennes-2026.png","width":921,"height":255,"caption":"Respire La Vie Rennes"},"image":{"@id":"https:\/\/www.respirelavie.fr\/rennes\/#\/schema\/logo\/image\/"}}]}},"_links":{"self":[{"href":"https:\/\/www.respirelavie.fr\/rennes\/wp-json\/wp\/v2\/pages\/12441","targetHints":{"allow":["GET"]}}],"collection":[{"href":"https:\/\/www.respirelavie.fr\/rennes\/wp-json\/wp\/v2\/pages"}],"about":[{"href":"https:\/\/www.respirelavie.fr\/rennes\/wp-json\/wp\/v2\/types\/page"}],"author":[{"embeddable":true,"href":"https:\/\/www.respirelavie.fr\/rennes\/wp-json\/wp\/v2\/users\/5"}],"replies":[{"embeddable":true,"href":"https:\/\/www.respirelavie.fr\/rennes\/wp-json\/wp\/v2\/comments?post=12441"}],"version-history":[{"count":1,"href":"https:\/\/www.respirelavie.fr\/rennes\/wp-json\/wp\/v2\/pages\/12441\/revisions"}],"predecessor-version":[{"id":12442,"href":"https:\/\/www.respirelavie.fr\/rennes\/wp-json\/wp\/v2\/pages\/12441\/revisions\/12442"}],"wp:attachment":[{"href":"https:\/\/www.respirelavie.fr\/rennes\/wp-json\/wp\/v2\/media?parent=12441"}],"curies":[{"name":"wp","href":"https:\/\/api.w.org\/{rel}","templated":true}]}}