{"id":12467,"date":"2025-11-28T16:01:36","date_gmt":"2025-11-28T15:01:36","guid":{"rendered":"https:\/\/www.respirelavie.fr\/rennes\/?page_id=12467"},"modified":"2025-11-28T16:08:44","modified_gmt":"2025-11-28T15:08:44","slug":"se-loger","status":"publish","type":"page","link":"https:\/\/www.respirelavie.fr\/rennes\/infos-pratiques\/se-loger\/","title":{"rendered":"Se loger"},"content":{"rendered":"<h2>R\u00e9servez votre h\u00e9bergement pour Respire La Vie Rennes !<\/h2>\n<p><a href=\"https:\/\/platform.revolugo.com\/hotels?wid=respire-la-vie-rennes-2026\" target=\"_blank\" rel=\"noopener\"><strong>Revolugo<\/strong><\/a> est l\u2019agence partenaire officielle pour le salon Respire La Vie Rennes.<\/p>\n<p>Votre r\u00e9servation d\u2019h\u00f4tel, vos donn\u00e9es et informations personnelles sont prot\u00e9g\u00e9es et s\u00e9curis\u00e9es.<\/p>\n<p>Afin de b\u00e9n\u00e9ficier de tarifs exclusifs, nous vous recommandons de r\u00e9server votre s\u00e9jour le plus t\u00f4t possible.<\/p>\n<p>Retrouvez ci-dessous une liste d\u2019h\u00f4tels proposant leurs meilleurs tarifs afin de vous accueillir.<\/p>\n<p>Pour tout renseignement ou assistance pour les\u00a0<strong>groupes<\/strong>,\u00a0n\u2019h\u00e9sitez pas \u00e0 contacter le +33 1 80 06 62 88 ou envoyer un mail \u00e0\u00a0<a href=\"mailto:reservations@revolugo.com\">reservations@revolugo.com<\/a><\/p>\n<p><script id=\"revolugo-widget\" src=\"https:\/\/widget.revolugo.com\/embed\" data-wid=\"respire-la-vie-rennes-2026\"><\/script><\/p>\n","protected":false},"excerpt":{"rendered":"<p>R\u00e9servez votre h\u00e9bergement pour Respire La Vie Rennes ! Revolugo est l\u2019agence partenaire officielle pour le salon Respire La Vie Rennes. Votre r\u00e9servation d\u2019h\u00f4tel, vos donn\u00e9es et informations personnelles sont prot\u00e9g\u00e9es et s\u00e9curis\u00e9es. Afin de b\u00e9n\u00e9ficier de tarifs exclusifs, nous vous recommandons de r\u00e9server votre s\u00e9jour le plus t\u00f4t possible. Retrouvez ci-dessous une liste d\u2019h\u00f4tels&hellip; <\/p>\n","protected":false},"author":7,"featured_media":0,"parent":2094,"menu_order":4,"comment_status":"closed","ping_status":"closed","template":"","meta":{"_monsterinsights_skip_tracking":false,"_monsterinsights_sitenote_active":false,"_monsterinsights_sitenote_note":"","_monsterinsights_sitenote_category":0,"footnotes":""},"class_list":["post-12467","page","type-page","status-publish","hentry"],"yoast_head":"<!-- This site is optimized with the Yoast SEO plugin v27.3 - https:\/\/yoast.com\/product\/yoast-seo-wordpress\/ -->\n<title>Se loger - Respire La Vie Rennes<\/title>\n<meta name=\"robots\" content=\"index, follow, max-snippet:-1, max-image-preview:large, max-video-preview:-1\" \/>\n<link rel=\"canonical\" href=\"https:\/\/www.respirelavie.fr\/rennes\/infos-pratiques\/se-loger\/\" \/>\n<meta property=\"og:locale\" content=\"fr_FR\" \/>\n<meta property=\"og:type\" content=\"article\" \/>\n<meta property=\"og:title\" content=\"Se loger - Respire La Vie Rennes\" \/>\n<meta property=\"og:description\" content=\"R\u00e9servez votre h\u00e9bergement pour Respire La Vie Rennes ! Revolugo est l\u2019agence partenaire officielle pour le salon Respire La Vie Rennes. Votre r\u00e9servation d\u2019h\u00f4tel, vos donn\u00e9es et informations personnelles sont prot\u00e9g\u00e9es et s\u00e9curis\u00e9es. Afin de b\u00e9n\u00e9ficier de tarifs exclusifs, nous vous recommandons de r\u00e9server votre s\u00e9jour le plus t\u00f4t possible. Retrouvez ci-dessous une liste d\u2019h\u00f4tels&hellip;\" \/>\n<meta property=\"og:url\" content=\"https:\/\/www.respirelavie.fr\/rennes\/infos-pratiques\/se-loger\/\" \/>\n<meta property=\"og:site_name\" content=\"Respire La Vie Rennes\" \/>\n<meta property=\"article:modified_time\" content=\"2025-11-28T15:08:44+00:00\" \/>\n<meta name=\"twitter:card\" content=\"summary_large_image\" \/>\n<meta name=\"twitter:label1\" content=\"Dur\u00e9e de lecture estim\u00e9e\" \/>\n\t<meta name=\"twitter:data1\" content=\"1 minute\" \/>\n<script type=\"application\/ld+json\" class=\"yoast-schema-graph\">{\"@context\":\"https:\\\/\\\/schema.org\",\"@graph\":[{\"@type\":\"WebPage\",\"@id\":\"https:\\\/\\\/www.respirelavie.fr\\\/rennes\\\/infos-pratiques\\\/se-loger\\\/\",\"url\":\"https:\\\/\\\/www.respirelavie.fr\\\/rennes\\\/infos-pratiques\\\/se-loger\\\/\",\"name\":\"Se loger - Respire La Vie Rennes\",\"isPartOf\":{\"@id\":\"http:\\\/\\\/www.respirelavie.fr\\\/rennes\\\/#website\"},\"datePublished\":\"2025-11-28T15:01:36+00:00\",\"dateModified\":\"2025-11-28T15:08:44+00:00\",\"breadcrumb\":{\"@id\":\"https:\\\/\\\/www.respirelavie.fr\\\/rennes\\\/infos-pratiques\\\/se-loger\\\/#breadcrumb\"},\"inLanguage\":\"fr-FR\",\"potentialAction\":[{\"@type\":\"ReadAction\",\"target\":[\"https:\\\/\\\/www.respirelavie.fr\\\/rennes\\\/infos-pratiques\\\/se-loger\\\/\"]}]},{\"@type\":\"BreadcrumbList\",\"@id\":\"https:\\\/\\\/www.respirelavie.fr\\\/rennes\\\/infos-pratiques\\\/se-loger\\\/#breadcrumb\",\"itemListElement\":[{\"@type\":\"ListItem\",\"position\":1,\"name\":\"Accueil\",\"item\":\"https:\\\/\\\/www.respirelavie.fr\\\/rennes\\\/\"},{\"@type\":\"ListItem\",\"position\":2,\"name\":\"Infos pratiques\",\"item\":\"https:\\\/\\\/www.respirelavie.fr\\\/rennes\\\/infos-pratiques\\\/\"},{\"@type\":\"ListItem\",\"position\":3,\"name\":\"Se loger\"}]},{\"@type\":\"WebSite\",\"@id\":\"http:\\\/\\\/www.respirelavie.fr\\\/rennes\\\/#website\",\"url\":\"http:\\\/\\\/www.respirelavie.fr\\\/rennes\\\/\",\"name\":\"Respire La Vie Rennes\",\"description\":\"Respire La Vie Rennes : votre salon \u00e9colo, bio, bien-\u00eatre et habitat sain \u00e0 Rennes\",\"publisher\":{\"@id\":\"http:\\\/\\\/www.respirelavie.fr\\\/rennes\\\/#organization\"},\"potentialAction\":[{\"@type\":\"SearchAction\",\"target\":{\"@type\":\"EntryPoint\",\"urlTemplate\":\"http:\\\/\\\/www.respirelavie.fr\\\/rennes\\\/?s={search_term_string}\"},\"query-input\":{\"@type\":\"PropertyValueSpecification\",\"valueRequired\":true,\"valueName\":\"search_term_string\"}}],\"inLanguage\":\"fr-FR\"},{\"@type\":\"Organization\",\"@id\":\"http:\\\/\\\/www.respirelavie.fr\\\/rennes\\\/#organization\",\"name\":\"Respire La Vie Rennes\",\"url\":\"http:\\\/\\\/www.respirelavie.fr\\\/rennes\\\/\",\"logo\":{\"@type\":\"ImageObject\",\"inLanguage\":\"fr-FR\",\"@id\":\"http:\\\/\\\/www.respirelavie.fr\\\/rennes\\\/#\\\/schema\\\/logo\\\/image\\\/\",\"url\":\"https:\\\/\\\/www.respirelavie.fr\\\/rennes\\\/wp-content\\\/uploads\\\/sites\\\/5\\\/2025\\\/11\\\/cropped-Logo-RESPIRE-rennes-2026.png\",\"contentUrl\":\"https:\\\/\\\/www.respirelavie.fr\\\/rennes\\\/wp-content\\\/uploads\\\/sites\\\/5\\\/2025\\\/11\\\/cropped-Logo-RESPIRE-rennes-2026.png\",\"width\":921,\"height\":255,\"caption\":\"Respire La Vie Rennes\"},\"image\":{\"@id\":\"http:\\\/\\\/www.respirelavie.fr\\\/rennes\\\/#\\\/schema\\\/logo\\\/image\\\/\"}}]}<\/script>\n<!-- \/ Yoast SEO plugin. -->","yoast_head_json":{"title":"Se loger - Respire La Vie Rennes","robots":{"index":"index","follow":"follow","max-snippet":"max-snippet:-1","max-image-preview":"max-image-preview:large","max-video-preview":"max-video-preview:-1"},"canonical":"https:\/\/www.respirelavie.fr\/rennes\/infos-pratiques\/se-loger\/","og_locale":"fr_FR","og_type":"article","og_title":"Se loger - Respire La Vie Rennes","og_description":"R\u00e9servez votre h\u00e9bergement pour Respire La Vie Rennes ! Revolugo est l\u2019agence partenaire officielle pour le salon Respire La Vie Rennes. Votre r\u00e9servation d\u2019h\u00f4tel, vos donn\u00e9es et informations personnelles sont prot\u00e9g\u00e9es et s\u00e9curis\u00e9es. Afin de b\u00e9n\u00e9ficier de tarifs exclusifs, nous vous recommandons de r\u00e9server votre s\u00e9jour le plus t\u00f4t possible. Retrouvez ci-dessous une liste d\u2019h\u00f4tels&hellip;","og_url":"https:\/\/www.respirelavie.fr\/rennes\/infos-pratiques\/se-loger\/","og_site_name":"Respire La Vie Rennes","article_modified_time":"2025-11-28T15:08:44+00:00","twitter_card":"summary_large_image","twitter_misc":{"Dur\u00e9e de lecture estim\u00e9e":"1 minute"},"schema":{"@context":"https:\/\/schema.org","@graph":[{"@type":"WebPage","@id":"https:\/\/www.respirelavie.fr\/rennes\/infos-pratiques\/se-loger\/","url":"https:\/\/www.respirelavie.fr\/rennes\/infos-pratiques\/se-loger\/","name":"Se loger - Respire La Vie Rennes","isPartOf":{"@id":"http:\/\/www.respirelavie.fr\/rennes\/#website"},"datePublished":"2025-11-28T15:01:36+00:00","dateModified":"2025-11-28T15:08:44+00:00","breadcrumb":{"@id":"https:\/\/www.respirelavie.fr\/rennes\/infos-pratiques\/se-loger\/#breadcrumb"},"inLanguage":"fr-FR","potentialAction":[{"@type":"ReadAction","target":["https:\/\/www.respirelavie.fr\/rennes\/infos-pratiques\/se-loger\/"]}]},{"@type":"BreadcrumbList","@id":"https:\/\/www.respirelavie.fr\/rennes\/infos-pratiques\/se-loger\/#breadcrumb","itemListElement":[{"@type":"ListItem","position":1,"name":"Accueil","item":"https:\/\/www.respirelavie.fr\/rennes\/"},{"@type":"ListItem","position":2,"name":"Infos pratiques","item":"https:\/\/www.respirelavie.fr\/rennes\/infos-pratiques\/"},{"@type":"ListItem","position":3,"name":"Se loger"}]},{"@type":"WebSite","@id":"http:\/\/www.respirelavie.fr\/rennes\/#website","url":"http:\/\/www.respirelavie.fr\/rennes\/","name":"Respire La Vie Rennes","description":"Respire La Vie Rennes : votre salon \u00e9colo, bio, bien-\u00eatre et habitat sain \u00e0 Rennes","publisher":{"@id":"http:\/\/www.respirelavie.fr\/rennes\/#organization"},"potentialAction":[{"@type":"SearchAction","target":{"@type":"EntryPoint","urlTemplate":"http:\/\/www.respirelavie.fr\/rennes\/?s={search_term_string}"},"query-input":{"@type":"PropertyValueSpecification","valueRequired":true,"valueName":"search_term_string"}}],"inLanguage":"fr-FR"},{"@type":"Organization","@id":"http:\/\/www.respirelavie.fr\/rennes\/#organization","name":"Respire La Vie Rennes","url":"http:\/\/www.respirelavie.fr\/rennes\/","logo":{"@type":"ImageObject","inLanguage":"fr-FR","@id":"http:\/\/www.respirelavie.fr\/rennes\/#\/schema\/logo\/image\/","url":"https:\/\/www.respirelavie.fr\/rennes\/wp-content\/uploads\/sites\/5\/2025\/11\/cropped-Logo-RESPIRE-rennes-2026.png","contentUrl":"https:\/\/www.respirelavie.fr\/rennes\/wp-content\/uploads\/sites\/5\/2025\/11\/cropped-Logo-RESPIRE-rennes-2026.png","width":921,"height":255,"caption":"Respire La Vie Rennes"},"image":{"@id":"http:\/\/www.respirelavie.fr\/rennes\/#\/schema\/logo\/image\/"}}]}},"_links":{"self":[{"href":"https:\/\/www.respirelavie.fr\/rennes\/wp-json\/wp\/v2\/pages\/12467","targetHints":{"allow":["GET"]}}],"collection":[{"href":"https:\/\/www.respirelavie.fr\/rennes\/wp-json\/wp\/v2\/pages"}],"about":[{"href":"https:\/\/www.respirelavie.fr\/rennes\/wp-json\/wp\/v2\/types\/page"}],"author":[{"embeddable":true,"href":"https:\/\/www.respirelavie.fr\/rennes\/wp-json\/wp\/v2\/users\/7"}],"replies":[{"embeddable":true,"href":"https:\/\/www.respirelavie.fr\/rennes\/wp-json\/wp\/v2\/comments?post=12467"}],"version-history":[{"count":3,"href":"https:\/\/www.respirelavie.fr\/rennes\/wp-json\/wp\/v2\/pages\/12467\/revisions"}],"predecessor-version":[{"id":12472,"href":"https:\/\/www.respirelavie.fr\/rennes\/wp-json\/wp\/v2\/pages\/12467\/revisions\/12472"}],"up":[{"embeddable":true,"href":"https:\/\/www.respirelavie.fr\/rennes\/wp-json\/wp\/v2\/pages\/2094"}],"wp:attachment":[{"href":"https:\/\/www.respirelavie.fr\/rennes\/wp-json\/wp\/v2\/media?parent=12467"}],"curies":[{"name":"wp","href":"https:\/\/api.w.org\/{rel}","templated":true}]}}