{"id":12473,"date":"2025-12-03T11:56:46","date_gmt":"2025-12-03T10:56:46","guid":{"rendered":"https:\/\/www.respirelavie.fr\/rennes\/?page_id=12473"},"modified":"2025-12-03T11:56:46","modified_gmt":"2025-12-03T10:56:46","slug":"la-maison-ecologique-2","status":"publish","type":"page","link":"https:\/\/www.respirelavie.fr\/rennes\/la-maison-ecologique-2\/","title":{"rendered":"La Maison \u00c9cologique"},"content":{"rendered":"<div class=\"page-header\">\n<div class=\"breadcrumb home\"><\/div>\n<\/div>\n<div id=\"primary\"><main id=\"main\"><\/p>\n<section id=\"post-10761\" class=\"post-10761 page type-page status-publish hentry\">\n<article>\n<div class=\"entry-content clearfix\">\n<div>\n<p><img decoding=\"async\" class=\"wp-image-10699 size-medium aligncenter\" src=\"https:\/\/www.salon-zenetbio.com\/nantes\/wp-content\/uploads\/sites\/7\/2021\/09\/logo-lme-HD-300x97.jpg\" alt=\"\" width=\"300\" height=\"97\" \/><\/p>\n<p>La Maison \u00e9cologique c\u2019est le premier magazine\u00a0<strong>100% \u00e9coconstruction<\/strong>\u00a0en France,\u00a0<strong>cr\u00e9\u00e9 en 2001 sous forme associative\u00a0<\/strong>(aujourd\u2019hui devenu SCOP), \u00e0 l\u2019heure o\u00f9 ceux qui s\u2019int\u00e9ressaient au sujet \u00e9taient pris pour de doux r\u00eaveurs !<\/p>\n<h6>Un magazine 100% ind\u00e9pendant<\/h6>\n<ul>\n<li>100% des associ\u00e9s sont salari\u00e9s ou anciens salari\u00e9s : aucun groupe de presse aux manettes !<\/li>\n<li><strong>20 ann\u00e9es<\/strong>\u00a0de publication en faveur d\u2019une unique cause :\u00a0<em><strong>faire avancer l\u2019habitat \u00e9cologique et le rendre accessible \u00e0 tous.<\/strong><\/em><\/li>\n<li>Une\u00a0<strong>ligne \u00e9ditoriale unique et pratique<\/strong>\u00a0avec de vraies informations [pas de simples communiqu\u00e9s de presse copi\u00e9s-coll\u00e9s] pour que nos lecteurs puissent passer \u00e0 l\u2019action.<strong>\u00a0Une large palette de reportages et d\u2019articles\u00a0<\/strong>: construction, r\u00e9novation, extension, autoconstruction, r\u00e9alisation par des pros, habitat group\u00e9, petits habitats, \u00e9quipements\u2026Des exigences de qualit\u00e9 sur les projets pr\u00e9sent\u00e9s (mat\u00e9riaux naturels, sains, locaux, pas ou peu \u00e9metteurs de CO2 ; faible consommation \u00e9nerg\u00e9tique ; recherche d\u2019autonomie en eau et en \u00e9nergie ; budget raisonnable). Des\u00a0<strong>enqu\u00eates et des dossiers<\/strong>\u00a0qui font r\u00e9f\u00e9rence, au c\u0153ur des\u00a0<strong>mat\u00e9riaux \u00e9cologiques<\/strong>, des\u00a0<strong>\u00e9quipements \u00e9conomes<\/strong>\u00a0en \u00e9nergie et des\u00a0<strong>\u00e9nergies renouvelables.<\/strong><\/li>\n<\/ul>\n<p>Disponible tous les deux mois en\u00a0<strong>kiosque<\/strong>, sur\u00a0<strong>abonnement<\/strong>, mais aussi en\u00a0<strong>version num\u00e9rique enrichie\u00a0<\/strong>(photos bonus, plans, documents techniques, vid\u00e9os, liens vers les pros\u2026).<\/p>\n<\/div>\n<p>Visiter le\u00a0<a href=\"http:\/\/www.lamaisonecologique.com\/\" target=\"_blank\" rel=\"noopener\">site internet<\/a><\/p>\n<\/div>\n<\/article>\n<\/section>\n<p><\/main><\/div>\n","protected":false},"excerpt":{"rendered":"<p>La Maison \u00e9cologique c\u2019est le premier magazine\u00a0100% \u00e9coconstruction\u00a0en France,\u00a0cr\u00e9\u00e9 en 2001 sous forme associative\u00a0(aujourd\u2019hui devenu SCOP), \u00e0 l\u2019heure o\u00f9 ceux qui s\u2019int\u00e9ressaient au sujet \u00e9taient pris pour de doux r\u00eaveurs ! Un magazine 100% ind\u00e9pendant 100% des associ\u00e9s sont salari\u00e9s ou anciens salari\u00e9s : aucun groupe de presse aux manettes ! 20 ann\u00e9es\u00a0de publication en&hellip; <\/p>\n","protected":false},"author":5,"featured_media":0,"parent":0,"menu_order":0,"comment_status":"closed","ping_status":"closed","template":"","meta":{"_monsterinsights_skip_tracking":false,"_monsterinsights_sitenote_active":false,"_monsterinsights_sitenote_note":"","_monsterinsights_sitenote_category":0,"footnotes":""},"class_list":["post-12473","page","type-page","status-publish","hentry"],"yoast_head":"<!-- This site is optimized with the Yoast SEO plugin v27.3 - https:\/\/yoast.com\/product\/yoast-seo-wordpress\/ -->\n<title>La Maison \u00c9cologique - Respire La Vie Rennes<\/title>\n<meta name=\"robots\" content=\"index, follow, max-snippet:-1, max-image-preview:large, max-video-preview:-1\" \/>\n<link rel=\"canonical\" href=\"https:\/\/www.respirelavie.fr\/rennes\/la-maison-ecologique-2\/\" \/>\n<meta property=\"og:locale\" content=\"fr_FR\" \/>\n<meta property=\"og:type\" content=\"article\" \/>\n<meta property=\"og:title\" content=\"La Maison \u00c9cologique - Respire La Vie Rennes\" \/>\n<meta property=\"og:description\" content=\"La Maison \u00e9cologique c\u2019est le premier magazine\u00a0100% \u00e9coconstruction\u00a0en France,\u00a0cr\u00e9\u00e9 en 2001 sous forme associative\u00a0(aujourd\u2019hui devenu SCOP), \u00e0 l\u2019heure o\u00f9 ceux qui s\u2019int\u00e9ressaient au sujet \u00e9taient pris pour de doux r\u00eaveurs ! Un magazine 100% ind\u00e9pendant 100% des associ\u00e9s sont salari\u00e9s ou anciens salari\u00e9s : aucun groupe de presse aux manettes ! 20 ann\u00e9es\u00a0de publication en&hellip;\" \/>\n<meta property=\"og:url\" content=\"https:\/\/www.respirelavie.fr\/rennes\/la-maison-ecologique-2\/\" \/>\n<meta property=\"og:site_name\" content=\"Respire La Vie Rennes\" \/>\n<meta property=\"og:image\" content=\"https:\/\/www.salon-zenetbio.com\/nantes\/wp-content\/uploads\/sites\/7\/2021\/09\/logo-lme-HD-300x97.jpg\" \/>\n<meta name=\"twitter:card\" content=\"summary_large_image\" \/>\n<meta name=\"twitter:label1\" content=\"Dur\u00e9e de lecture estim\u00e9e\" \/>\n\t<meta name=\"twitter:data1\" content=\"2 minutes\" \/>\n<script type=\"application\/ld+json\" class=\"yoast-schema-graph\">{\"@context\":\"https:\\\/\\\/schema.org\",\"@graph\":[{\"@type\":\"WebPage\",\"@id\":\"https:\\\/\\\/www.respirelavie.fr\\\/rennes\\\/la-maison-ecologique-2\\\/\",\"url\":\"https:\\\/\\\/www.respirelavie.fr\\\/rennes\\\/la-maison-ecologique-2\\\/\",\"name\":\"La Maison \u00c9cologique - Respire La Vie Rennes\",\"isPartOf\":{\"@id\":\"http:\\\/\\\/www.respirelavie.fr\\\/rennes\\\/#website\"},\"primaryImageOfPage\":{\"@id\":\"https:\\\/\\\/www.respirelavie.fr\\\/rennes\\\/la-maison-ecologique-2\\\/#primaryimage\"},\"image\":{\"@id\":\"https:\\\/\\\/www.respirelavie.fr\\\/rennes\\\/la-maison-ecologique-2\\\/#primaryimage\"},\"thumbnailUrl\":\"https:\\\/\\\/www.salon-zenetbio.com\\\/nantes\\\/wp-content\\\/uploads\\\/sites\\\/7\\\/2021\\\/09\\\/logo-lme-HD-300x97.jpg\",\"datePublished\":\"2025-12-03T10:56:46+00:00\",\"breadcrumb\":{\"@id\":\"https:\\\/\\\/www.respirelavie.fr\\\/rennes\\\/la-maison-ecologique-2\\\/#breadcrumb\"},\"inLanguage\":\"fr-FR\",\"potentialAction\":[{\"@type\":\"ReadAction\",\"target\":[\"https:\\\/\\\/www.respirelavie.fr\\\/rennes\\\/la-maison-ecologique-2\\\/\"]}]},{\"@type\":\"ImageObject\",\"inLanguage\":\"fr-FR\",\"@id\":\"https:\\\/\\\/www.respirelavie.fr\\\/rennes\\\/la-maison-ecologique-2\\\/#primaryimage\",\"url\":\"https:\\\/\\\/www.salon-zenetbio.com\\\/nantes\\\/wp-content\\\/uploads\\\/sites\\\/7\\\/2021\\\/09\\\/logo-lme-HD-300x97.jpg\",\"contentUrl\":\"https:\\\/\\\/www.salon-zenetbio.com\\\/nantes\\\/wp-content\\\/uploads\\\/sites\\\/7\\\/2021\\\/09\\\/logo-lme-HD-300x97.jpg\"},{\"@type\":\"BreadcrumbList\",\"@id\":\"https:\\\/\\\/www.respirelavie.fr\\\/rennes\\\/la-maison-ecologique-2\\\/#breadcrumb\",\"itemListElement\":[{\"@type\":\"ListItem\",\"position\":1,\"name\":\"Accueil\",\"item\":\"https:\\\/\\\/www.respirelavie.fr\\\/rennes\\\/\"},{\"@type\":\"ListItem\",\"position\":2,\"name\":\"La Maison \u00c9cologique\"}]},{\"@type\":\"WebSite\",\"@id\":\"http:\\\/\\\/www.respirelavie.fr\\\/rennes\\\/#website\",\"url\":\"http:\\\/\\\/www.respirelavie.fr\\\/rennes\\\/\",\"name\":\"Respire La Vie Rennes\",\"description\":\"Respire La Vie Rennes : votre salon \u00e9colo, bio, bien-\u00eatre et habitat sain \u00e0 Rennes\",\"publisher\":{\"@id\":\"http:\\\/\\\/www.respirelavie.fr\\\/rennes\\\/#organization\"},\"potentialAction\":[{\"@type\":\"SearchAction\",\"target\":{\"@type\":\"EntryPoint\",\"urlTemplate\":\"http:\\\/\\\/www.respirelavie.fr\\\/rennes\\\/?s={search_term_string}\"},\"query-input\":{\"@type\":\"PropertyValueSpecification\",\"valueRequired\":true,\"valueName\":\"search_term_string\"}}],\"inLanguage\":\"fr-FR\"},{\"@type\":\"Organization\",\"@id\":\"http:\\\/\\\/www.respirelavie.fr\\\/rennes\\\/#organization\",\"name\":\"Respire La Vie Rennes\",\"url\":\"http:\\\/\\\/www.respirelavie.fr\\\/rennes\\\/\",\"logo\":{\"@type\":\"ImageObject\",\"inLanguage\":\"fr-FR\",\"@id\":\"http:\\\/\\\/www.respirelavie.fr\\\/rennes\\\/#\\\/schema\\\/logo\\\/image\\\/\",\"url\":\"https:\\\/\\\/www.respirelavie.fr\\\/rennes\\\/wp-content\\\/uploads\\\/sites\\\/5\\\/2025\\\/11\\\/cropped-Logo-RESPIRE-rennes-2026.png\",\"contentUrl\":\"https:\\\/\\\/www.respirelavie.fr\\\/rennes\\\/wp-content\\\/uploads\\\/sites\\\/5\\\/2025\\\/11\\\/cropped-Logo-RESPIRE-rennes-2026.png\",\"width\":921,\"height\":255,\"caption\":\"Respire La Vie Rennes\"},\"image\":{\"@id\":\"http:\\\/\\\/www.respirelavie.fr\\\/rennes\\\/#\\\/schema\\\/logo\\\/image\\\/\"}}]}<\/script>\n<!-- \/ Yoast SEO plugin. -->","yoast_head_json":{"title":"La Maison \u00c9cologique - Respire La Vie Rennes","robots":{"index":"index","follow":"follow","max-snippet":"max-snippet:-1","max-image-preview":"max-image-preview:large","max-video-preview":"max-video-preview:-1"},"canonical":"https:\/\/www.respirelavie.fr\/rennes\/la-maison-ecologique-2\/","og_locale":"fr_FR","og_type":"article","og_title":"La Maison \u00c9cologique - Respire La Vie Rennes","og_description":"La Maison \u00e9cologique c\u2019est le premier magazine\u00a0100% \u00e9coconstruction\u00a0en France,\u00a0cr\u00e9\u00e9 en 2001 sous forme associative\u00a0(aujourd\u2019hui devenu SCOP), \u00e0 l\u2019heure o\u00f9 ceux qui s\u2019int\u00e9ressaient au sujet \u00e9taient pris pour de doux r\u00eaveurs ! Un magazine 100% ind\u00e9pendant 100% des associ\u00e9s sont salari\u00e9s ou anciens salari\u00e9s : aucun groupe de presse aux manettes ! 20 ann\u00e9es\u00a0de publication en&hellip;","og_url":"https:\/\/www.respirelavie.fr\/rennes\/la-maison-ecologique-2\/","og_site_name":"Respire La Vie Rennes","og_image":[{"url":"https:\/\/www.salon-zenetbio.com\/nantes\/wp-content\/uploads\/sites\/7\/2021\/09\/logo-lme-HD-300x97.jpg","type":"","width":"","height":""}],"twitter_card":"summary_large_image","twitter_misc":{"Dur\u00e9e de lecture estim\u00e9e":"2 minutes"},"schema":{"@context":"https:\/\/schema.org","@graph":[{"@type":"WebPage","@id":"https:\/\/www.respirelavie.fr\/rennes\/la-maison-ecologique-2\/","url":"https:\/\/www.respirelavie.fr\/rennes\/la-maison-ecologique-2\/","name":"La Maison \u00c9cologique - Respire La Vie Rennes","isPartOf":{"@id":"http:\/\/www.respirelavie.fr\/rennes\/#website"},"primaryImageOfPage":{"@id":"https:\/\/www.respirelavie.fr\/rennes\/la-maison-ecologique-2\/#primaryimage"},"image":{"@id":"https:\/\/www.respirelavie.fr\/rennes\/la-maison-ecologique-2\/#primaryimage"},"thumbnailUrl":"https:\/\/www.salon-zenetbio.com\/nantes\/wp-content\/uploads\/sites\/7\/2021\/09\/logo-lme-HD-300x97.jpg","datePublished":"2025-12-03T10:56:46+00:00","breadcrumb":{"@id":"https:\/\/www.respirelavie.fr\/rennes\/la-maison-ecologique-2\/#breadcrumb"},"inLanguage":"fr-FR","potentialAction":[{"@type":"ReadAction","target":["https:\/\/www.respirelavie.fr\/rennes\/la-maison-ecologique-2\/"]}]},{"@type":"ImageObject","inLanguage":"fr-FR","@id":"https:\/\/www.respirelavie.fr\/rennes\/la-maison-ecologique-2\/#primaryimage","url":"https:\/\/www.salon-zenetbio.com\/nantes\/wp-content\/uploads\/sites\/7\/2021\/09\/logo-lme-HD-300x97.jpg","contentUrl":"https:\/\/www.salon-zenetbio.com\/nantes\/wp-content\/uploads\/sites\/7\/2021\/09\/logo-lme-HD-300x97.jpg"},{"@type":"BreadcrumbList","@id":"https:\/\/www.respirelavie.fr\/rennes\/la-maison-ecologique-2\/#breadcrumb","itemListElement":[{"@type":"ListItem","position":1,"name":"Accueil","item":"https:\/\/www.respirelavie.fr\/rennes\/"},{"@type":"ListItem","position":2,"name":"La Maison \u00c9cologique"}]},{"@type":"WebSite","@id":"http:\/\/www.respirelavie.fr\/rennes\/#website","url":"http:\/\/www.respirelavie.fr\/rennes\/","name":"Respire La Vie Rennes","description":"Respire La Vie Rennes : votre salon \u00e9colo, bio, bien-\u00eatre et habitat sain \u00e0 Rennes","publisher":{"@id":"http:\/\/www.respirelavie.fr\/rennes\/#organization"},"potentialAction":[{"@type":"SearchAction","target":{"@type":"EntryPoint","urlTemplate":"http:\/\/www.respirelavie.fr\/rennes\/?s={search_term_string}"},"query-input":{"@type":"PropertyValueSpecification","valueRequired":true,"valueName":"search_term_string"}}],"inLanguage":"fr-FR"},{"@type":"Organization","@id":"http:\/\/www.respirelavie.fr\/rennes\/#organization","name":"Respire La Vie Rennes","url":"http:\/\/www.respirelavie.fr\/rennes\/","logo":{"@type":"ImageObject","inLanguage":"fr-FR","@id":"http:\/\/www.respirelavie.fr\/rennes\/#\/schema\/logo\/image\/","url":"https:\/\/www.respirelavie.fr\/rennes\/wp-content\/uploads\/sites\/5\/2025\/11\/cropped-Logo-RESPIRE-rennes-2026.png","contentUrl":"https:\/\/www.respirelavie.fr\/rennes\/wp-content\/uploads\/sites\/5\/2025\/11\/cropped-Logo-RESPIRE-rennes-2026.png","width":921,"height":255,"caption":"Respire La Vie Rennes"},"image":{"@id":"http:\/\/www.respirelavie.fr\/rennes\/#\/schema\/logo\/image\/"}}]}},"_links":{"self":[{"href":"https:\/\/www.respirelavie.fr\/rennes\/wp-json\/wp\/v2\/pages\/12473","targetHints":{"allow":["GET"]}}],"collection":[{"href":"https:\/\/www.respirelavie.fr\/rennes\/wp-json\/wp\/v2\/pages"}],"about":[{"href":"https:\/\/www.respirelavie.fr\/rennes\/wp-json\/wp\/v2\/types\/page"}],"author":[{"embeddable":true,"href":"https:\/\/www.respirelavie.fr\/rennes\/wp-json\/wp\/v2\/users\/5"}],"replies":[{"embeddable":true,"href":"https:\/\/www.respirelavie.fr\/rennes\/wp-json\/wp\/v2\/comments?post=12473"}],"version-history":[{"count":1,"href":"https:\/\/www.respirelavie.fr\/rennes\/wp-json\/wp\/v2\/pages\/12473\/revisions"}],"predecessor-version":[{"id":12474,"href":"https:\/\/www.respirelavie.fr\/rennes\/wp-json\/wp\/v2\/pages\/12473\/revisions\/12474"}],"wp:attachment":[{"href":"https:\/\/www.respirelavie.fr\/rennes\/wp-json\/wp\/v2\/media?parent=12473"}],"curies":[{"name":"wp","href":"https:\/\/api.w.org\/{rel}","templated":true}]}}